{"id":5736,"date":"2019-05-22T17:38:26","date_gmt":"2019-05-22T17:38:26","guid":{"rendered":"https:\/\/fgti-distribution.fr\/?page_id=5736"},"modified":"2024-02-15T12:49:02","modified_gmt":"2024-02-15T12:49:02","slug":"matieres-synthetiques-toilees","status":"publish","type":"page","link":"https:\/\/fgti-distribution.fr\/es\/joints-etancheite-idg\/matieres-synthetiques-toilees\/","title":{"rendered":"Sustancias sint\u00e9ticas de lona"},"content":{"rendered":"<section id=\"bt_bb_section69d0240ced4bd\" class=\"bt_bb_section bt_bb_layout_boxed_1200\"  data-bt-override-class=\"null\"><div class=\"bt_bb_port\"><div class=\"bt_bb_cell\"><div class=\"bt_bb_cell_inner\"><div class=\"bt_bb_row\"  data-bt-override-class=\"{}\"><div class=\"bt_bb_row_holder\" ><div  class=\"bt_bb_column col-xxl-12 col-xl-12 col-xs-12 col-sm-12 col-md-12 col-lg-12 bt_bb_vertical_align_top bt_bb_align_left bt_bb_padding_normal\" style=\"; --column-width:12;\" data-width=\"12\" data-bt-override-class=\"{}\"><div class=\"bt_bb_column_content\"><div class=\"bt_bb_column_content_inner\"><div class=\"bt_bb_raw_content\"><div style=\"color: #bababa; font-size: 12px; margin-bottom: 20px;\">FGTI-Distribution > Joints d'\u00e9tanch\u00e9it\u00e9 > Mati\u00e8res IDG > Mati\u00e8res synth\u00e9tiques toil\u00e9es<\/div>\n<p style=\"padding-bottom: 40px; color: #172983; font-size: 20px;\">Materias IDG<\/p>\n<table>\n<thead>\n<tr class=\"bc-browsers\">\n<th class=\"bc-browser-chrome tableau_matiere\"><span class=\"bc-head-txt-label bc-head-icon-chrome\">CODE IDG<\/span><\/th>\n<th class=\"bc-browser-chrome tableau_matiere\"><span class=\"bc-head-txt-label bc-head-icon-chrome\">DESCRIPTION<\/span><\/th>\n<th class=\"bc-browser-chrome tableau_matiere\"><span class=\"bc-head-txt-label bc-head-icon-chrome\">UTILISATION<\/span><\/th>\n<th class=\"bc-browser-chrome tableau_matiere\"><span class=\"bc-head-txt-label bc-head-icon-chrome\">APPLICATION<\/span><\/th>\n<th class=\"bc-browser-chrome tableau_matiere\"><span class=\"bc-head-txt-label bc-head-icon-chrome\">COULEUR<\/span><\/th>\n<th class=\"bc-browser-chrome tableau_matiere\"><span class=\"bc-head-txt-label bc-head-icon-chrome\">T\u00b0 MINI<\/span><\/th>\n<th class=\"bc-browser-chrome tableau_matiere\"><span class=\"bc-head-txt-label bc-head-icon-chrome\">T\u00b0MAXI<\/span><\/th>\n<th class=\"bc-browser-chrome tableau_matiere\"><span class=\"bc-head-txt-label bc-head-icon-chrome\">BfR<\/span><\/th>\n<th class=\"bc-browser-chrome tableau_matiere\"><span class=\"bc-head-txt-label bc-head-icon-chrome\">LFGB<\/span><\/th>\n<th class=\"bc-browser-chrome tableau_matiere\"><span class=\"bc-head-txt-label bc-head-icon-chrome\">EG-VD<\/span><\/th>\n<th class=\"bc-browser-chrome tableau_matiere\"><span class=\"bc-head-txt-label bc-head-icon-chrome\">FDA<\/span><\/th>\n<th class=\"bc-browser-chrome tableau_matiere\"><span class=\"bc-head-txt-label bc-head-icon-chrome\">3A<\/span><\/th>\n<th class=\"bc-browser-chrome tableau_matiere\"><span class=\"bc-head-txt-label bc-head-icon-chrome\">BAM<\/span><\/th>\n<\/tr>\n<\/thead>\n<tbody>\n<tr>\n<td class=\"bc-supports-yes bc-browser-chrome texte_matiere\">G12<\/td>\n<td class=\"bc-supports-yes bc-browser-chrome texte_matiere\">Composite toil\u00e9 fibre de verre<\/td>\n<td class=\"bc-supports-yes bc-browser-chrome texte_matiere\" style=\"text-align: left; padding: 5px 0 0 5px;\">Fortes contraintes\nSurfaces oppos\u00e9es dures\nHydraulique huile - eau\nEl\u00e9ments de guidage\nTranslation et statique<\/td>\n<td class=\"bc-supports-yes bc-browser-chrome texte_matiere\">Bague de guidage<\/td>\n<td class=\"bc-supports-yes bc-browser-chrome texte_matiere\">gris<\/td>\n<td class=\"bc-supports-yes bc-browser-chrome texte_matiere\">-60<\/td>\n<td class=\"bc-supports-yes bc-browser-chrome texte_matiere\">130<\/td>\n<td class=\"bc-supports-yes bc-browser-chrome texte_matiere point_matiere\"><\/td>\n<td class=\"bc-supports-yes bc-browser-chrome texte_matiere point_matiere\"><\/td>\n<td class=\"bc-supports-yes bc-browser-chrome texte_matiere point_matiere\"><\/td>\n<td class=\"bc-supports-yes bc-browser-chrome texte_matiere point_matiere\"><\/td>\n<td class=\"bc-supports-yes bc-browser-chrome texte_matiere point_matiere\"><\/td>\n<td class=\"bc-supports-yes bc-browser-chrome texte_matiere point_matiere\"><\/td>\n<\/tr>\n<tr>\n<td class=\"bc-supports-yes bc-browser-chrome texte_matiere\">G13<\/td>\n<td class=\"bc-supports-yes bc-browser-chrome texte_matiere\">Composite toil\u00e9 coton et r\u00e9sines ph\u00e9noliques<\/td>\n<td class=\"bc-supports-yes bc-browser-chrome texte_matiere\" style=\"text-align: left; padding: 5px 0 0 5px;\">Fortes contraintes\nSurfaces oppos\u00e9es dures\nHydraulique huile \/ pas eau\nEl\u00e9ments de guidage\nTranslation et statique<\/td>\n<td class=\"bc-supports-yes bc-browser-chrome texte_matiere\">Bague de guidage<\/td>\n<td class=\"bc-supports-yes bc-browser-chrome texte_matiere\">beige<\/td>\n<td class=\"bc-supports-yes bc-browser-chrome texte_matiere\">-60<\/td>\n<td class=\"bc-supports-yes bc-browser-chrome texte_matiere\">120<\/td>\n<td class=\"bc-supports-yes bc-browser-chrome texte_matiere point_matiere\"><\/td>\n<td class=\"bc-supports-yes bc-browser-chrome texte_matiere point_matiere\"><\/td>\n<td class=\"bc-supports-yes bc-browser-chrome texte_matiere point_matiere\"><\/td>\n<td class=\"bc-supports-yes bc-browser-chrome texte_matiere point_matiere\"><\/td>\n<td class=\"bc-supports-yes bc-browser-chrome texte_matiere point_matiere\"><\/td>\n<td class=\"bc-supports-yes bc-browser-chrome texte_matiere point_matiere\"><\/td>\n<\/tr>\n<\/tbody>\n<\/table><\/div><\/div><\/div><\/div><\/div><\/div><\/div><!-- cell_inner --><\/div><!-- cell --><\/div><!-- port --><\/section>","protected":false},"excerpt":{"rendered":"","protected":false},"author":1,"featured_media":0,"parent":5052,"menu_order":0,"comment_status":"closed","ping_status":"closed","template":"","meta":{"footnotes":""},"class_list":["post-5736","page","type-page","status-publish","hentry"],"yoast_head":"<!-- This site is optimized with the Yoast SEO plugin v27.3 - https:\/\/yoast.com\/product\/yoast-seo-wordpress\/ -->\n<title>Joints d&#039;\u00e9tanch\u00e9it\u00e9 - Mati\u00e8res synth\u00e9tiques toil\u00e9es<\/title>\n<meta name=\"description\" content=\"Joints d&#039;\u00e9tanch\u00e9it\u00e9 &gt; Mati\u00e8res IDG &gt; Mati\u00e8res synth\u00e9tiques toil\u00e9es. D\u00e9couvrez toutes les solutions de joints d&#039;\u00e9tanch\u00e9it\u00e9 : www.fgti-distribution.fr\" \/>\n<meta name=\"robots\" content=\"index, follow, max-snippet:-1, max-image-preview:large, max-video-preview:-1\" \/>\n<link rel=\"canonical\" href=\"https:\/\/fgti-distribution.fr\/es\/juntas-estanqueidad-idg\/matieres-synthetiques-toilees\/\" \/>\n<meta property=\"og:locale\" content=\"es_ES\" \/>\n<meta property=\"og:type\" content=\"article\" \/>\n<meta property=\"og:title\" content=\"Joints d&#039;\u00e9tanch\u00e9it\u00e9 - Mati\u00e8res synth\u00e9tiques toil\u00e9es\" \/>\n<meta property=\"og:description\" content=\"Joints d&#039;\u00e9tanch\u00e9it\u00e9 &gt; Mati\u00e8res IDG &gt; Mati\u00e8res synth\u00e9tiques toil\u00e9es. D\u00e9couvrez toutes les solutions de joints d&#039;\u00e9tanch\u00e9it\u00e9 : www.fgti-distribution.fr\" \/>\n<meta property=\"og:url\" content=\"https:\/\/fgti-distribution.fr\/es\/juntas-estanqueidad-idg\/matieres-synthetiques-toilees\/\" \/>\n<meta property=\"og:site_name\" content=\"FGTI Distribution\" \/>\n<meta property=\"article:modified_time\" content=\"2024-02-15T12:49:02+00:00\" \/>\n<meta name=\"twitter:card\" content=\"summary_large_image\" \/>\n<meta name=\"twitter:label1\" content=\"Est. reading time\" \/>\n\t<meta name=\"twitter:data1\" content=\"1 minuto\" \/>\n<script type=\"application\/ld+json\" class=\"yoast-schema-graph\">{\"@context\":\"https:\\\/\\\/schema.org\",\"@graph\":[{\"@type\":\"WebPage\",\"@id\":\"https:\\\/\\\/fgti-distribution.fr\\\/joints-etancheite-idg\\\/matieres-synthetiques-toilees\\\/\",\"url\":\"https:\\\/\\\/fgti-distribution.fr\\\/joints-etancheite-idg\\\/matieres-synthetiques-toilees\\\/\",\"name\":\"Joints d'\u00e9tanch\u00e9it\u00e9 - Mati\u00e8res synth\u00e9tiques toil\u00e9es\",\"isPartOf\":{\"@id\":\"https:\\\/\\\/fgti-distribution.fr\\\/#website\"},\"datePublished\":\"2019-05-22T17:38:26+00:00\",\"dateModified\":\"2024-02-15T12:49:02+00:00\",\"description\":\"Joints d'\u00e9tanch\u00e9it\u00e9 > Mati\u00e8res IDG > Mati\u00e8res synth\u00e9tiques toil\u00e9es. D\u00e9couvrez toutes les solutions de joints d'\u00e9tanch\u00e9it\u00e9 : www.fgti-distribution.fr\",\"breadcrumb\":{\"@id\":\"https:\\\/\\\/fgti-distribution.fr\\\/joints-etancheite-idg\\\/matieres-synthetiques-toilees\\\/#breadcrumb\"},\"inLanguage\":\"es\",\"potentialAction\":[{\"@type\":\"ReadAction\",\"target\":[\"https:\\\/\\\/fgti-distribution.fr\\\/joints-etancheite-idg\\\/matieres-synthetiques-toilees\\\/\"]}]},{\"@type\":\"BreadcrumbList\",\"@id\":\"https:\\\/\\\/fgti-distribution.fr\\\/joints-etancheite-idg\\\/matieres-synthetiques-toilees\\\/#breadcrumb\",\"itemListElement\":[{\"@type\":\"ListItem\",\"position\":1,\"name\":\"Home\",\"item\":\"https:\\\/\\\/fgti-distribution.fr\\\/\"},{\"@type\":\"ListItem\",\"position\":2,\"name\":\"Joints d&rsquo;\u00e9tanch\u00e9it\u00e9 IDG\",\"item\":\"https:\\\/\\\/fgti-distribution.fr\\\/joints-etancheite-idg\\\/\"},{\"@type\":\"ListItem\",\"position\":3,\"name\":\"Mati\u00e8res synth\u00e9tiques toil\u00e9es\"}]},{\"@type\":\"WebSite\",\"@id\":\"https:\\\/\\\/fgti-distribution.fr\\\/#website\",\"url\":\"https:\\\/\\\/fgti-distribution.fr\\\/\",\"name\":\"FGTI Distribution\",\"description\":\"Pi\u00e8ces techniques et services \u00e0 forte valeur ajout\u00e9e\",\"publisher\":{\"@id\":\"https:\\\/\\\/fgti-distribution.fr\\\/#organization\"},\"alternateName\":\"FGTI Distribution\",\"potentialAction\":[{\"@type\":\"SearchAction\",\"target\":{\"@type\":\"EntryPoint\",\"urlTemplate\":\"https:\\\/\\\/fgti-distribution.fr\\\/?s={search_term_string}\"},\"query-input\":{\"@type\":\"PropertyValueSpecification\",\"valueRequired\":true,\"valueName\":\"search_term_string\"}}],\"inLanguage\":\"es\"},{\"@type\":\"Organization\",\"@id\":\"https:\\\/\\\/fgti-distribution.fr\\\/#organization\",\"name\":\"FGTI Distribution\",\"alternateName\":\"FGTI Distribution\",\"url\":\"https:\\\/\\\/fgti-distribution.fr\\\/\",\"logo\":{\"@type\":\"ImageObject\",\"inLanguage\":\"es\",\"@id\":\"https:\\\/\\\/fgti-distribution.fr\\\/#\\\/schema\\\/logo\\\/image\\\/\",\"url\":\"https:\\\/\\\/fgti-distribution.fr\\\/wp-content\\\/uploads\\\/2022\\\/12\\\/logo.png\",\"contentUrl\":\"https:\\\/\\\/fgti-distribution.fr\\\/wp-content\\\/uploads\\\/2022\\\/12\\\/logo.png\",\"width\":500,\"height\":228,\"caption\":\"FGTI Distribution\"},\"image\":{\"@id\":\"https:\\\/\\\/fgti-distribution.fr\\\/#\\\/schema\\\/logo\\\/image\\\/\"},\"sameAs\":[\"https:\\\/\\\/www.linkedin.com\\\/company\\\/fgti-distribution\\\/\"]}]}<\/script>\n<!-- \/ Yoast SEO plugin. -->","yoast_head_json":{"title":"Joints d'\u00e9tanch\u00e9it\u00e9 - Mati\u00e8res synth\u00e9tiques toil\u00e9es","description":"Joints d'\u00e9tanch\u00e9it\u00e9 > Mati\u00e8res IDG > Mati\u00e8res synth\u00e9tiques toil\u00e9es. D\u00e9couvrez toutes les solutions de joints d'\u00e9tanch\u00e9it\u00e9 : www.fgti-distribution.fr","robots":{"index":"index","follow":"follow","max-snippet":"max-snippet:-1","max-image-preview":"max-image-preview:large","max-video-preview":"max-video-preview:-1"},"canonical":"https:\/\/fgti-distribution.fr\/es\/juntas-estanqueidad-idg\/matieres-synthetiques-toilees\/","og_locale":"es_ES","og_type":"article","og_title":"Joints d'\u00e9tanch\u00e9it\u00e9 - Mati\u00e8res synth\u00e9tiques toil\u00e9es","og_description":"Joints d'\u00e9tanch\u00e9it\u00e9 > Mati\u00e8res IDG > Mati\u00e8res synth\u00e9tiques toil\u00e9es. D\u00e9couvrez toutes les solutions de joints d'\u00e9tanch\u00e9it\u00e9 : www.fgti-distribution.fr","og_url":"https:\/\/fgti-distribution.fr\/es\/juntas-estanqueidad-idg\/matieres-synthetiques-toilees\/","og_site_name":"FGTI Distribution","article_modified_time":"2024-02-15T12:49:02+00:00","twitter_card":"summary_large_image","twitter_misc":{"Est. reading time":"1 minuto"},"schema":{"@context":"https:\/\/schema.org","@graph":[{"@type":"WebPage","@id":"https:\/\/fgti-distribution.fr\/joints-etancheite-idg\/matieres-synthetiques-toilees\/","url":"https:\/\/fgti-distribution.fr\/joints-etancheite-idg\/matieres-synthetiques-toilees\/","name":"Joints d'\u00e9tanch\u00e9it\u00e9 - Mati\u00e8res synth\u00e9tiques toil\u00e9es","isPartOf":{"@id":"https:\/\/fgti-distribution.fr\/#website"},"datePublished":"2019-05-22T17:38:26+00:00","dateModified":"2024-02-15T12:49:02+00:00","description":"Joints d'\u00e9tanch\u00e9it\u00e9 > Mati\u00e8res IDG > Mati\u00e8res synth\u00e9tiques toil\u00e9es. D\u00e9couvrez toutes les solutions de joints d'\u00e9tanch\u00e9it\u00e9 : www.fgti-distribution.fr","breadcrumb":{"@id":"https:\/\/fgti-distribution.fr\/joints-etancheite-idg\/matieres-synthetiques-toilees\/#breadcrumb"},"inLanguage":"es","potentialAction":[{"@type":"ReadAction","target":["https:\/\/fgti-distribution.fr\/joints-etancheite-idg\/matieres-synthetiques-toilees\/"]}]},{"@type":"BreadcrumbList","@id":"https:\/\/fgti-distribution.fr\/joints-etancheite-idg\/matieres-synthetiques-toilees\/#breadcrumb","itemListElement":[{"@type":"ListItem","position":1,"name":"Home","item":"https:\/\/fgti-distribution.fr\/"},{"@type":"ListItem","position":2,"name":"Joints d&rsquo;\u00e9tanch\u00e9it\u00e9 IDG","item":"https:\/\/fgti-distribution.fr\/joints-etancheite-idg\/"},{"@type":"ListItem","position":3,"name":"Mati\u00e8res synth\u00e9tiques toil\u00e9es"}]},{"@type":"WebSite","@id":"https:\/\/fgti-distribution.fr\/#website","url":"https:\/\/fgti-distribution.fr\/","name":"Distribuci\u00f3n FGTI","description":"Piezas t\u00e9cnicas y servicios de alto valor a\u00f1adido","publisher":{"@id":"https:\/\/fgti-distribution.fr\/#organization"},"alternateName":"FGTI Distribution","potentialAction":[{"@type":"SearchAction","target":{"@type":"EntryPoint","urlTemplate":"https:\/\/fgti-distribution.fr\/?s={search_term_string}"},"query-input":{"@type":"PropertyValueSpecification","valueRequired":true,"valueName":"search_term_string"}}],"inLanguage":"es"},{"@type":"Organization","@id":"https:\/\/fgti-distribution.fr\/#organization","name":"Distribuci\u00f3n FGTI","alternateName":"FGTI Distribution","url":"https:\/\/fgti-distribution.fr\/","logo":{"@type":"ImageObject","inLanguage":"es","@id":"https:\/\/fgti-distribution.fr\/#\/schema\/logo\/image\/","url":"https:\/\/fgti-distribution.fr\/wp-content\/uploads\/2022\/12\/logo.png","contentUrl":"https:\/\/fgti-distribution.fr\/wp-content\/uploads\/2022\/12\/logo.png","width":500,"height":228,"caption":"FGTI Distribution"},"image":{"@id":"https:\/\/fgti-distribution.fr\/#\/schema\/logo\/image\/"},"sameAs":["https:\/\/www.linkedin.com\/company\/fgti-distribution\/"]}]}},"_links":{"self":[{"href":"https:\/\/fgti-distribution.fr\/es\/wp-json\/wp\/v2\/pages\/5736","targetHints":{"allow":["GET"]}}],"collection":[{"href":"https:\/\/fgti-distribution.fr\/es\/wp-json\/wp\/v2\/pages"}],"about":[{"href":"https:\/\/fgti-distribution.fr\/es\/wp-json\/wp\/v2\/types\/page"}],"author":[{"embeddable":true,"href":"https:\/\/fgti-distribution.fr\/es\/wp-json\/wp\/v2\/users\/1"}],"replies":[{"embeddable":true,"href":"https:\/\/fgti-distribution.fr\/es\/wp-json\/wp\/v2\/comments?post=5736"}],"version-history":[{"count":8,"href":"https:\/\/fgti-distribution.fr\/es\/wp-json\/wp\/v2\/pages\/5736\/revisions"}],"predecessor-version":[{"id":9138,"href":"https:\/\/fgti-distribution.fr\/es\/wp-json\/wp\/v2\/pages\/5736\/revisions\/9138"}],"up":[{"embeddable":true,"href":"https:\/\/fgti-distribution.fr\/es\/wp-json\/wp\/v2\/pages\/5052"}],"wp:attachment":[{"href":"https:\/\/fgti-distribution.fr\/es\/wp-json\/wp\/v2\/media?parent=5736"}],"curies":[{"name":"wp","href":"https:\/\/api.w.org\/{rel}","templated":true}]}}