{"id":5949,"date":"2020-01-02T15:37:01","date_gmt":"2020-01-02T15:37:01","guid":{"rendered":"https:\/\/fgti-distribution.fr\/?page_id=5949"},"modified":"2024-05-15T12:20:28","modified_gmt":"2024-05-15T12:20:28","slug":"fixation-assemblage-plomberie","status":"publish","type":"page","link":"https:\/\/fgti-distribution.fr\/es\/fixation-araymond\/fixation-assemblage-plomberie\/","title":{"rendered":"Fixation et assemblage HVAC (chauffage, ventilation et climatisation)"},"content":{"rendered":"<section id=\"bt_bb_section69d0240e28138\" class=\"bt_bb_section bt_bb_layout_boxed_1200\"  data-bt-override-class=\"null\"><div class=\"bt_bb_port\"><div class=\"bt_bb_cell\"><div class=\"bt_bb_cell_inner\"><div class=\"bt_bb_row\"  data-bt-override-class=\"{}\"><div class=\"bt_bb_row_holder\" ><div  class=\"bt_bb_column col-xxl-12 col-xl-12 col-xs-12 col-sm-12 col-md-12 col-lg-12 bt_bb_vertical_align_top bt_bb_align_left bt_bb_padding_normal\" style=\"; --column-width:12;\" data-width=\"12\" data-bt-override-class=\"{}\"><div class=\"bt_bb_column_content\"><div class=\"bt_bb_column_content_inner\"><div class=\"bt_bb_raw_content\"><h2 style=\"color: #172983; font-size: 22px; text-transform: uppercase; text-align: left;\">SOLUTIONS DE FIXATION HVAC (chauffage, ventilation et climatisation)<\/h2>\n<h3 style=\"color: #172983; font-size: 17px; text-align: left;\">La distribution de fluide<\/h3>\n<p style=\"display: inline; line-height: 18px;\">Quelles que soient vos probl\u00e9matiques de fixation ou d\u2019assemblage, FGTI Distribution vous propose une solution ARaymond pouvant g\u00e9rer la fonction souhait\u00e9e. Ces syst\u00e8mes de fixation rapide, sans outil, peuvent remplacer vos solutions existantes pour un <u>montage plus efficient avec un co\u00fbt de maintenance r\u00e9duit<\/u>.<\/p>\n<p>\u00a0<\/p><\/div><div data-bb-version=\"4.9.1\" class=\"bt_bb_image bt_bb_shape_square bt_bb_target_self bt_bb_align_inherit bt_bb_hover_style_simple bt_bb_content_display_always bt_bb_content_align_middle bt_bb_remove_padding_yes bt_bb_fill_background_color_full\" style=\"display: none;\" data-bt-override-class=\"{&quot;bt_bb_align_&quot;:{&quot;current_class&quot;:&quot;bt_bb_align_inherit&quot;,&quot;def&quot;:&quot;inherit&quot;}}\"><span><img loading=\"lazy\" decoding=\"async\" width=\"2381\" height=\"1197\" src=\"https:\/\/fgti-distribution.fr\/wp-content\/uploads\/2024\/04\/fixations-assemblage-hvac.jpg\" class=\"attachment-full size-full\" alt=\"Fixations et assemblage HVAC\" data-full_image_src=\"https:\/\/fgti-distribution.fr\/wp-content\/uploads\/2024\/04\/fixations-assemblage-hvac.jpg\" srcset=\"https:\/\/fgti-distribution.fr\/wp-content\/uploads\/2024\/04\/fixations-assemblage-hvac.jpg 2381w, https:\/\/fgti-distribution.fr\/wp-content\/uploads\/2024\/04\/fixations-assemblage-hvac-640x322.jpg 640w, https:\/\/fgti-distribution.fr\/wp-content\/uploads\/2024\/04\/fixations-assemblage-hvac-1280x643.jpg 1280w, https:\/\/fgti-distribution.fr\/wp-content\/uploads\/2024\/04\/fixations-assemblage-hvac-768x386.jpg 768w, https:\/\/fgti-distribution.fr\/wp-content\/uploads\/2024\/04\/fixations-assemblage-hvac-1536x772.jpg 1536w, https:\/\/fgti-distribution.fr\/wp-content\/uploads\/2024\/04\/fixations-assemblage-hvac-2048x1030.jpg 2048w, https:\/\/fgti-distribution.fr\/wp-content\/uploads\/2024\/04\/fixations-assemblage-hvac-320x161.jpg 320w\" sizes=\"auto, (max-width: 2381px) 100vw, 2381px\" \/><\/span><\/div><div class=\"bt_bb_raw_content\"><h3 style=\"color: #172983;  \">FGTI Distribution propose de nombreuses solutions au march\u00e9 HVAC : <\/h3><\/div><div data-bb-version=\"4.9.1\" class=\"bt_bb_row_inner\"   data-bt-override-class=\"{}\"><div class=\"bt_bb_row_inner_holder\"  ><div data-bb-version=\"4.9.1\"  class=\"bt_bb_column_inner col-xxl-6 col-xl-6 col-xs-12 col-sm-6 col-md-6 col-lg-6 bt_bb_vertical_align_top bt_bb_align_left bt_bb_padding_normal\"  data-width=\"6\" data-bt-override-class=\"{}\"><div class=\"bt_bb_column_inner_content\"><div class=\"bt_bb_column_inner_content_inner\"><div class=\"bt_bb_raw_content\"><table>\n<tr>\n<td style=\"width: 20%;vertical-align: top;\">\n<img decoding=\"async\" src=\"\/FGTI_images\/supports-tubes-a-monter-bords-de-panneaux.jpg\" style=\"width: 50px;\" alt=\"Supports tubes \u00e0 monter en bords de panneaux\">\n<\/td>\n<td style=\"font-size: 14px;\">\n<b>Supports tubes \u00e0 monter en bords de panneaux. <\/b>\nPour assurer la fixation de c\u00e2bles \u00e9lectriques, de canalisations ou de flexibles ondul\u00e9s \u00e0 une structure ou un panneau m\u00e9tallique. Les serre-c\u00e2bles disponibles ont des fonctionnalit\u00e9s suppl\u00e9mentaires tels que des clips de bordure, une fonction sapin ou pied d'ancrage, des clips en plastique pour le fixer ainsi qu'une fonction de tuyau et\/ou de pivotement.\n<\/td>\n<\/tr>\n<tr>\n<td style=\"width: 20%;vertical-align: top;\">\n<img decoding=\"async\" src=\"\/FGTI_images\/support-tube-plastique.jpg\" style=\"width: 50px;\" alt=\"support tube plastique\">\n<\/td>\n<td style=\"font-size: 14px;\">\n<b>Support tube plastique. <\/b>\nCes pi\u00e8ces sont simples \u00e0 installer et assurent une r\u00e9tention fiable. La gamme de produits est large et pour s'adapter \u00e0  diff\u00e9rents environnements comme dans un trou, sur un bord de panneau, sur un montant, sur des c\u00e2bles\/tubes\/tuyaux et sur des surfaces planes.\n<\/td>\n<\/tr>\n<tr>\n<td style=\"width: 20%;vertical-align: top;\">\n<img decoding=\"async\" src=\"\/FGTI_images\/ecrous-bord-de-panneau.jpg\" style=\"width: 50px;\" alt=\"\u00e9crous bord de panneau.\">\n<\/td>\n<td style=\"font-size: 14px;\">\n<b>Ecrous \u00e0 pincer sur bord de panneau. <\/b>\nLa plupart des appareils HVAC sont fabriqu\u00e9s \u00e0 partir de minces panneaux de t\u00f4le, agissant comme couvercles et fix\u00e9s \u00e0 un cadre m\u00e9tallique interne. Ces solutions \u00e9vitent le remplacement d'un panneau entier en raison de la t\u00f4le et des vis m\u00e9talliques. \n<\/td>\n<\/tr>\n<tr>\n<td style=\"width: 20%;vertical-align: top;\">\n<img decoding=\"async\" src=\"\/FGTI_images\/agrafes-bord-de-panneau.jpg\" style=\"width: 50px;\" alt=\"Agrafes \u00e0 pincer sur bord de panneau.\">\n<\/td>\n<td style=\"font-size: 14px;\">\n<b>Agrafes \u00e0 pincer sur bord de panneau. <\/b>\nLa fonction principale est de fixer deux panneaux entre eux. Cet assemblage peut \u00eatre r\u00e9alis\u00e9 avec deux panneaux d'une seule direction (U-Clips) ou avec deux panneaux provenant de directions oppos\u00e9es (S-Clips). \n<\/td>\n<\/tr>\n<\/table><\/div><\/div><\/div><\/div><div data-bb-version=\"4.9.1\"  class=\"bt_bb_column_inner col-xxl-6 col-xl-6 col-xs-12 col-sm-6 col-md-6 col-lg-6 bt_bb_vertical_align_top bt_bb_align_left bt_bb_padding_normal\"  data-width=\"6\" data-bt-override-class=\"{}\"><div class=\"bt_bb_column_inner_content\"><div class=\"bt_bb_column_inner_content_inner\"><div class=\"bt_bb_raw_content\"><table>\n<tr>\n<td style=\"width: 20%;vertical-align: top;\">\n<img decoding=\"async\" src=\"\/FGTI_images\/arrets-axe.jpg\" style=\"width: 50px;\" alt=\"Arr\u00eats d\u2019axe\">\n<\/td>\n<td style=\"font-size: 14px;\">\n<b>Arr\u00eats d\u2019axe .<\/b>\nTr\u00e8s simple d'utilisation, ils offrent plusieurs avantages par rapport aux outils traditionnels.\nLes arr\u00eats d\u2019axe \u00e9liminent le besoin d'une rondelle et r\u00e9duisent les co\u00fbts. Les dispositifs de retenue d'arbre n\u00e9cessitent moins de couple et l'option d'auto-filetage \u00e9limine le besoin d'une tige filet\u00e9e.\n<\/td>\n<\/tr>\n<tr>\n<td style=\"width: 20%;vertical-align: top;\">\n<img decoding=\"async\" src=\"\/FGTI_images\/support-tube-metal.jpg\" style=\"width: 50px;\" alt=\"Support tube m\u00e9tal\">\n<\/td>\n<td style=\"font-size: 14px;\">\n<b>Support tube m\u00e9tal.<\/b>\nM\u00eame fonction que ceux en plastique, les supports tube en m\u00e9tal permettent de travailler dans des environnements plus difficiles (applications ext\u00e9rieures, temp\u00e9rature \u00e9lev\u00e9e des tuyaux, r\u00e9tention \u00e9lev\u00e9e).\n<\/td>\n<\/tr>\n<tr>\n<td style=\"width: 20%;vertical-align: top;\">\n<img decoding=\"async\" src=\"\/FGTI_images\/raccords-rapides-pour-fluide.jpg\" style=\"width: 50px;\" alt=\"Raccords rapides pour fluide\">\n<\/td>\n<td style=\"font-size: 14px;\">\n<b>Raccords rapides pour fluide. <\/b>\nLes connecteurs rapides ARaymond sont id\u00e9aux pour les applications HVAC. Les connecteurs peuvent r\u00e9duire l'utilisation de cuivre et \u00e9liminer le besoin de brasage, t\u00e2ches d'auto-agrippage et de vissage sur la cha\u00eene de montage.\n<\/td>\n<\/tr>\n<tr>\n<td style=\"width: 20%;vertical-align: top;\">\n<img decoding=\"async\" src=\"\/FGTI_images\/agrafes-de-panneaux-a-clipper.jpg\" style=\"width: 50px;\" alt=\"Agrafes de panneaux \u00e0 clipper\">\n<\/td>\n<td style=\"font-size: 14px;\">\n<b>Agrafes de panneaux \u00e0 clipper. <\/b>\nLes agrafes de panneaux \u00e0 clipper remplacent les solutions traditionnelles telles que les vis ou les rivets. Selon le mod\u00e8le, il s'ins\u00e8re dans un trou de panneau ou dans un trou borgne. Une solution esth\u00e9tique gr\u00e2ce \u00e0 sa petite t\u00eate.\n<\/td>\n<\/tr>\n<\/table><\/div><\/div><\/div><\/div><\/div><\/div><div class=\"bt_bb_raw_content\"><p>\u00a0<\/p>\n<p style=\"text-align: left;\">Pour acc\u00e9der directement aux fiches techniques d\u00e9taill\u00e9es, <a style=\"font-size: 14px; color: white; background: #172983; padding: 5px 10px; border-radius: 5px;\" href=\"https:\/\/fgti-distribution.fr\/es\/fixation-araymond\/fiches-detaillees-araymond\/\">cliquez ici<\/a><\/p><\/div><\/div><\/div><\/div><\/div><\/div><\/div><!-- cell_inner --><\/div><!-- cell --><\/div><!-- port --><\/section>","protected":false},"excerpt":{"rendered":"","protected":false},"author":1,"featured_media":7486,"parent":10,"menu_order":0,"comment_status":"closed","ping_status":"closed","template":"","meta":{"footnotes":""},"class_list":["post-5949","page","type-page","status-publish","has-post-thumbnail","hentry"],"yoast_head":"<!-- This site is optimized with the Yoast SEO plugin v27.3 - https:\/\/yoast.com\/product\/yoast-seo-wordpress\/ -->\n<title>FGTI Distribution - Fixation et assemblage pour la plomberie<\/title>\n<meta name=\"description\" content=\"Quelles que soient vos probl\u00e9matiques de fixation ou d\u2019assemblage pour la plomberie, FGTI Distribution vous propose une solution ARaymond.\" \/>\n<meta name=\"robots\" content=\"index, follow, max-snippet:-1, max-image-preview:large, max-video-preview:-1\" \/>\n<link rel=\"canonical\" href=\"https:\/\/fgti-distribution.fr\/es\/fixation-araymond\/fixation-assemblage-plomberie\/\" \/>\n<meta property=\"og:locale\" content=\"es_ES\" \/>\n<meta property=\"og:type\" content=\"article\" \/>\n<meta property=\"og:title\" content=\"FGTI Distribution - Fixation et assemblage pour la plomberie\" \/>\n<meta property=\"og:description\" content=\"Quelles que soient vos probl\u00e9matiques de fixation ou d\u2019assemblage pour la plomberie, FGTI Distribution vous propose une solution ARaymond.\" \/>\n<meta property=\"og:url\" content=\"https:\/\/fgti-distribution.fr\/es\/fixation-araymond\/fixation-assemblage-plomberie\/\" \/>\n<meta property=\"og:site_name\" content=\"FGTI Distribution\" \/>\n<meta property=\"article:modified_time\" content=\"2024-05-15T12:20:28+00:00\" \/>\n<meta property=\"og:image\" content=\"https:\/\/fgti-distribution.fr\/wp-content\/uploads\/2023\/02\/fixation-assemblage-plomberie.jpg\" \/>\n\t<meta property=\"og:image:width\" content=\"1600\" \/>\n\t<meta property=\"og:image:height\" content=\"430\" \/>\n\t<meta property=\"og:image:type\" content=\"image\/jpeg\" \/>\n<meta name=\"twitter:card\" content=\"summary_large_image\" \/>\n<meta name=\"twitter:label1\" content=\"Est. reading time\" \/>\n\t<meta name=\"twitter:data1\" content=\"1 minuto\" \/>\n<script type=\"application\/ld+json\" class=\"yoast-schema-graph\">{\"@context\":\"https:\\\/\\\/schema.org\",\"@graph\":[{\"@type\":\"WebPage\",\"@id\":\"https:\\\/\\\/fgti-distribution.fr\\\/fixation-araymond\\\/fixation-assemblage-plomberie\\\/\",\"url\":\"https:\\\/\\\/fgti-distribution.fr\\\/fixation-araymond\\\/fixation-assemblage-plomberie\\\/\",\"name\":\"FGTI Distribution - Fixation et assemblage pour la plomberie\",\"isPartOf\":{\"@id\":\"https:\\\/\\\/fgti-distribution.fr\\\/#website\"},\"primaryImageOfPage\":{\"@id\":\"https:\\\/\\\/fgti-distribution.fr\\\/fixation-araymond\\\/fixation-assemblage-plomberie\\\/#primaryimage\"},\"image\":{\"@id\":\"https:\\\/\\\/fgti-distribution.fr\\\/fixation-araymond\\\/fixation-assemblage-plomberie\\\/#primaryimage\"},\"thumbnailUrl\":\"https:\\\/\\\/fgti-distribution.fr\\\/wp-content\\\/uploads\\\/2023\\\/02\\\/fixation-assemblage-plomberie.jpg\",\"datePublished\":\"2020-01-02T15:37:01+00:00\",\"dateModified\":\"2024-05-15T12:20:28+00:00\",\"description\":\"Quelles que soient vos probl\u00e9matiques de fixation ou d\u2019assemblage pour la plomberie, FGTI Distribution vous propose une solution ARaymond.\",\"breadcrumb\":{\"@id\":\"https:\\\/\\\/fgti-distribution.fr\\\/fixation-araymond\\\/fixation-assemblage-plomberie\\\/#breadcrumb\"},\"inLanguage\":\"es\",\"potentialAction\":[{\"@type\":\"ReadAction\",\"target\":[\"https:\\\/\\\/fgti-distribution.fr\\\/fixation-araymond\\\/fixation-assemblage-plomberie\\\/\"]}]},{\"@type\":\"ImageObject\",\"inLanguage\":\"es\",\"@id\":\"https:\\\/\\\/fgti-distribution.fr\\\/fixation-araymond\\\/fixation-assemblage-plomberie\\\/#primaryimage\",\"url\":\"https:\\\/\\\/fgti-distribution.fr\\\/wp-content\\\/uploads\\\/2023\\\/02\\\/fixation-assemblage-plomberie.jpg\",\"contentUrl\":\"https:\\\/\\\/fgti-distribution.fr\\\/wp-content\\\/uploads\\\/2023\\\/02\\\/fixation-assemblage-plomberie.jpg\",\"width\":1600,\"height\":430,\"caption\":\"fixation assemblage plomberie\"},{\"@type\":\"BreadcrumbList\",\"@id\":\"https:\\\/\\\/fgti-distribution.fr\\\/fixation-araymond\\\/fixation-assemblage-plomberie\\\/#breadcrumb\",\"itemListElement\":[{\"@type\":\"ListItem\",\"position\":1,\"name\":\"Home\",\"item\":\"https:\\\/\\\/fgti-distribution.fr\\\/\"},{\"@type\":\"ListItem\",\"position\":2,\"name\":\"Fixations ARaymond\",\"item\":\"https:\\\/\\\/fgti-distribution.fr\\\/fixation-araymond\\\/\"},{\"@type\":\"ListItem\",\"position\":3,\"name\":\"Fixation et assemblage HVAC (chauffage, ventilation et climatisation)\"}]},{\"@type\":\"WebSite\",\"@id\":\"https:\\\/\\\/fgti-distribution.fr\\\/#website\",\"url\":\"https:\\\/\\\/fgti-distribution.fr\\\/\",\"name\":\"FGTI Distribution\",\"description\":\"Pi\u00e8ces techniques et services \u00e0 forte valeur ajout\u00e9e\",\"publisher\":{\"@id\":\"https:\\\/\\\/fgti-distribution.fr\\\/#organization\"},\"alternateName\":\"FGTI Distribution\",\"potentialAction\":[{\"@type\":\"SearchAction\",\"target\":{\"@type\":\"EntryPoint\",\"urlTemplate\":\"https:\\\/\\\/fgti-distribution.fr\\\/?s={search_term_string}\"},\"query-input\":{\"@type\":\"PropertyValueSpecification\",\"valueRequired\":true,\"valueName\":\"search_term_string\"}}],\"inLanguage\":\"es\"},{\"@type\":\"Organization\",\"@id\":\"https:\\\/\\\/fgti-distribution.fr\\\/#organization\",\"name\":\"FGTI Distribution\",\"alternateName\":\"FGTI Distribution\",\"url\":\"https:\\\/\\\/fgti-distribution.fr\\\/\",\"logo\":{\"@type\":\"ImageObject\",\"inLanguage\":\"es\",\"@id\":\"https:\\\/\\\/fgti-distribution.fr\\\/#\\\/schema\\\/logo\\\/image\\\/\",\"url\":\"https:\\\/\\\/fgti-distribution.fr\\\/wp-content\\\/uploads\\\/2022\\\/12\\\/logo.png\",\"contentUrl\":\"https:\\\/\\\/fgti-distribution.fr\\\/wp-content\\\/uploads\\\/2022\\\/12\\\/logo.png\",\"width\":500,\"height\":228,\"caption\":\"FGTI Distribution\"},\"image\":{\"@id\":\"https:\\\/\\\/fgti-distribution.fr\\\/#\\\/schema\\\/logo\\\/image\\\/\"},\"sameAs\":[\"https:\\\/\\\/www.linkedin.com\\\/company\\\/fgti-distribution\\\/\"]}]}<\/script>\n<!-- \/ Yoast SEO plugin. -->","yoast_head_json":{"title":"FGTI Distribution - Fixation et assemblage pour la plomberie","description":"Quelles que soient vos probl\u00e9matiques de fixation ou d\u2019assemblage pour la plomberie, FGTI Distribution vous propose une solution ARaymond.","robots":{"index":"index","follow":"follow","max-snippet":"max-snippet:-1","max-image-preview":"max-image-preview:large","max-video-preview":"max-video-preview:-1"},"canonical":"https:\/\/fgti-distribution.fr\/es\/fixation-araymond\/fixation-assemblage-plomberie\/","og_locale":"es_ES","og_type":"article","og_title":"FGTI Distribution - Fixation et assemblage pour la plomberie","og_description":"Quelles que soient vos probl\u00e9matiques de fixation ou d\u2019assemblage pour la plomberie, FGTI Distribution vous propose une solution ARaymond.","og_url":"https:\/\/fgti-distribution.fr\/es\/fixation-araymond\/fixation-assemblage-plomberie\/","og_site_name":"FGTI Distribution","article_modified_time":"2024-05-15T12:20:28+00:00","og_image":[{"width":1600,"height":430,"url":"https:\/\/fgti-distribution.fr\/wp-content\/uploads\/2023\/02\/fixation-assemblage-plomberie.jpg","type":"image\/jpeg"}],"twitter_card":"summary_large_image","twitter_misc":{"Est. reading time":"1 minuto"},"schema":{"@context":"https:\/\/schema.org","@graph":[{"@type":"WebPage","@id":"https:\/\/fgti-distribution.fr\/fixation-araymond\/fixation-assemblage-plomberie\/","url":"https:\/\/fgti-distribution.fr\/fixation-araymond\/fixation-assemblage-plomberie\/","name":"FGTI Distribution - Fixation et assemblage pour la plomberie","isPartOf":{"@id":"https:\/\/fgti-distribution.fr\/#website"},"primaryImageOfPage":{"@id":"https:\/\/fgti-distribution.fr\/fixation-araymond\/fixation-assemblage-plomberie\/#primaryimage"},"image":{"@id":"https:\/\/fgti-distribution.fr\/fixation-araymond\/fixation-assemblage-plomberie\/#primaryimage"},"thumbnailUrl":"https:\/\/fgti-distribution.fr\/wp-content\/uploads\/2023\/02\/fixation-assemblage-plomberie.jpg","datePublished":"2020-01-02T15:37:01+00:00","dateModified":"2024-05-15T12:20:28+00:00","description":"Quelles que soient vos probl\u00e9matiques de fixation ou d\u2019assemblage pour la plomberie, FGTI Distribution vous propose une solution ARaymond.","breadcrumb":{"@id":"https:\/\/fgti-distribution.fr\/fixation-araymond\/fixation-assemblage-plomberie\/#breadcrumb"},"inLanguage":"es","potentialAction":[{"@type":"ReadAction","target":["https:\/\/fgti-distribution.fr\/fixation-araymond\/fixation-assemblage-plomberie\/"]}]},{"@type":"ImageObject","inLanguage":"es","@id":"https:\/\/fgti-distribution.fr\/fixation-araymond\/fixation-assemblage-plomberie\/#primaryimage","url":"https:\/\/fgti-distribution.fr\/wp-content\/uploads\/2023\/02\/fixation-assemblage-plomberie.jpg","contentUrl":"https:\/\/fgti-distribution.fr\/wp-content\/uploads\/2023\/02\/fixation-assemblage-plomberie.jpg","width":1600,"height":430,"caption":"fixation assemblage plomberie"},{"@type":"BreadcrumbList","@id":"https:\/\/fgti-distribution.fr\/fixation-araymond\/fixation-assemblage-plomberie\/#breadcrumb","itemListElement":[{"@type":"ListItem","position":1,"name":"Home","item":"https:\/\/fgti-distribution.fr\/"},{"@type":"ListItem","position":2,"name":"Fixations ARaymond","item":"https:\/\/fgti-distribution.fr\/fixation-araymond\/"},{"@type":"ListItem","position":3,"name":"Fixation et assemblage HVAC (chauffage, ventilation et climatisation)"}]},{"@type":"WebSite","@id":"https:\/\/fgti-distribution.fr\/#website","url":"https:\/\/fgti-distribution.fr\/","name":"Distribuci\u00f3n FGTI","description":"Piezas t\u00e9cnicas y servicios de alto valor a\u00f1adido","publisher":{"@id":"https:\/\/fgti-distribution.fr\/#organization"},"alternateName":"FGTI Distribution","potentialAction":[{"@type":"SearchAction","target":{"@type":"EntryPoint","urlTemplate":"https:\/\/fgti-distribution.fr\/?s={search_term_string}"},"query-input":{"@type":"PropertyValueSpecification","valueRequired":true,"valueName":"search_term_string"}}],"inLanguage":"es"},{"@type":"Organization","@id":"https:\/\/fgti-distribution.fr\/#organization","name":"Distribuci\u00f3n FGTI","alternateName":"FGTI Distribution","url":"https:\/\/fgti-distribution.fr\/","logo":{"@type":"ImageObject","inLanguage":"es","@id":"https:\/\/fgti-distribution.fr\/#\/schema\/logo\/image\/","url":"https:\/\/fgti-distribution.fr\/wp-content\/uploads\/2022\/12\/logo.png","contentUrl":"https:\/\/fgti-distribution.fr\/wp-content\/uploads\/2022\/12\/logo.png","width":500,"height":228,"caption":"FGTI Distribution"},"image":{"@id":"https:\/\/fgti-distribution.fr\/#\/schema\/logo\/image\/"},"sameAs":["https:\/\/www.linkedin.com\/company\/fgti-distribution\/"]}]}},"_links":{"self":[{"href":"https:\/\/fgti-distribution.fr\/es\/wp-json\/wp\/v2\/pages\/5949","targetHints":{"allow":["GET"]}}],"collection":[{"href":"https:\/\/fgti-distribution.fr\/es\/wp-json\/wp\/v2\/pages"}],"about":[{"href":"https:\/\/fgti-distribution.fr\/es\/wp-json\/wp\/v2\/types\/page"}],"author":[{"embeddable":true,"href":"https:\/\/fgti-distribution.fr\/es\/wp-json\/wp\/v2\/users\/1"}],"replies":[{"embeddable":true,"href":"https:\/\/fgti-distribution.fr\/es\/wp-json\/wp\/v2\/comments?post=5949"}],"version-history":[{"count":38,"href":"https:\/\/fgti-distribution.fr\/es\/wp-json\/wp\/v2\/pages\/5949\/revisions"}],"predecessor-version":[{"id":9684,"href":"https:\/\/fgti-distribution.fr\/es\/wp-json\/wp\/v2\/pages\/5949\/revisions\/9684"}],"up":[{"embeddable":true,"href":"https:\/\/fgti-distribution.fr\/es\/wp-json\/wp\/v2\/pages\/10"}],"wp:featuredmedia":[{"embeddable":true,"href":"https:\/\/fgti-distribution.fr\/es\/wp-json\/wp\/v2\/media\/7486"}],"wp:attachment":[{"href":"https:\/\/fgti-distribution.fr\/es\/wp-json\/wp\/v2\/media?parent=5949"}],"curies":[{"name":"wp","href":"https:\/\/api.w.org\/{rel}","templated":true}]}}