{"id":60,"date":"2012-05-06T11:13:17","date_gmt":"2012-05-06T11:13:17","guid":{"rendered":"https:\/\/fgti-distribution.fr\/?page_id=60"},"modified":"2024-02-05T12:17:43","modified_gmt":"2024-02-05T12:17:43","slug":"mentions-legales","status":"publish","type":"page","link":"https:\/\/fgti-distribution.fr\/es\/mentions-legales\/","title":{"rendered":"Aviso legal"},"content":{"rendered":"<section id=\"bt_bb_section69d023bdab0bc\" class=\"bt_bb_section bt_bb_layout_boxed_1200\"  data-bt-override-class=\"null\"><div class=\"bt_bb_port\"><div class=\"bt_bb_cell\"><div class=\"bt_bb_cell_inner\"><div class=\"bt_bb_row\"  data-bt-override-class=\"{}\"><div class=\"bt_bb_row_holder\" ><div  class=\"bt_bb_column col-xxl-12 col-xl-12 col-xs-12 col-sm-12 col-md-12 col-lg-12 bt_bb_vertical_align_top bt_bb_align_left bt_bb_padding_normal\" style=\"; --column-width:12;\" data-width=\"12\" data-bt-override-class=\"{}\"><div class=\"bt_bb_column_content\"><div class=\"bt_bb_column_content_inner\"><div class=\"bt_bb_raw_content\"><div style=\"color: #bababa; font-size: 12px;\">FGTI-Distribution > Mentions l\u00e9gales<\/div>\n<br \/><br \/>\n<div style=\"padding-right: 20px; float: left; padding-top: 15px;\">Distribuci\u00f3n FGTI <img decoding=\"async\" src=\"https:\/\/fgti-distribution.fr\/wp-content\/themes\/twentyeleven\/images\/petit-blanc.jpg\" \/> 10 rue de la vall\u00e9e<img decoding=\"async\" src=\"https:\/\/fgti-distribution.fr\/wp-content\/themes\/twentyeleven\/images\/petit-blanc.jpg\" \/> ANDARD <img decoding=\"async\" src=\"https:\/\/fgti-distribution.fr\/wp-content\/themes\/twentyeleven\/images\/petit-blanc.jpg\" \/> F\u2013 49800 LOIRE-AUTHION\n<br \/>\nRaison sociale FGT Industrie <img decoding=\"async\" src=\"https:\/\/fgti-distribution.fr\/wp-content\/themes\/twentyeleven\/images\/petit-blanc.jpg\" \/> 17 rue de la Coutardi\u00e8re <img decoding=\"async\" src=\"https:\/\/fgti-distribution.fr\/wp-content\/themes\/twentyeleven\/images\/petit-blanc.jpg\" \/> F \u2013 49800 Brain sur l'Authion\n<br \/>\nSARL au capital de 45 600 euros enregistr\u00e9e au RCS d'Angers :\n<br \/>\nSIREN 950 623 819 | SIRET 950 623 819 00030 | N\u00b0TVA intracommunautaire FR77 950 623 819\n<br \/><br \/>\n<strong>1\/ R\u00e9alisation \u00e9ditoriale<\/strong><br \/>\nDirecteur de la publication : Michelle Steyer\n<br \/><br \/>\n<strong>2\/ H\u00e9bergement<\/strong><br \/>\nCe site est h\u00e9berg\u00e9 par <a style=\"text-decoration: none; font-weight: normal; color: #373737;\" href=\"https:\/\/www.aroconseil.com\/\" target=\"_blank\" rel=\"noopener\">AroConseil<\/a>.\n<br \/><br \/>\n<strong>3\/ Propri\u00e9t\u00e9 intellectuelle<\/strong><br \/>\nL\u2019ensemble du contenu de ce site est la propri\u00e9t\u00e9 de la soci\u00e9t\u00e9 FGT Industrie SARL. Les marques, logos et visuels pr\u00e9sents sur ce site appartiennent \u00e0 leurs propri\u00e9taires respectifs. A ce titre, toute reproduction totale ou partielle, effectu\u00e9e \u00e0 partir des \u00e9l\u00e9ments de ce site, sans l\u2019autorisation expresse du directeur de la publication est donc interdite au sens de l\u2019article L.713-2 du Code de la propri\u00e9t\u00e9 intellectuelle.\n<br \/><br \/>\n<strong>4\/ Liens<\/strong> <br \/>\nLe site propose des liens vers des sites sur lesquels FGT Industrie SARL n\u2019exerce aucun contr\u00f4le. FGT Industrie SARL d\u00e9gage toute responsabilit\u00e9 quant au contenu de ces sites.\n<br \/><br \/>\n<strong>5\/ Informations g\u00e9n\u00e9rales<\/strong><br \/>\n- Charte graphique et r\u00e9alisation <a style=\"text-decoration: none; font-weight: normal; color: #373737;\" href=\"https:\/\/www.aroconseil.com\" target=\"_blank\" rel=\"noopener\">AroConseil<\/a><br \/>\n- Cr\u00e9dits photos : \u00a9 IDG \/ \u00a9 ARaymond \/ \u00a9 Kaiser Waltermann \/ \u00a9 Fotolia.com<br \/>\n<br \/><br \/>\n<strong>6\/ Informations techniques<\/strong><br \/>\nCe site contient des fichiers en format PDF (portable document format). Il faut disposer d\u2019Acrobat Reader pour pouvoir les consulter. Acrobat Reader est disponible sur le site d\u2019Adobe France.\nEn aucun cas, la soci\u00e9t\u00e9 FGT Industrie SARL ne peut \u00eatre tenue pour responsable d\u2019un quelconque dommage direct ou indirect, quelle qu\u2019en soit la nature, d\u00e9coulant de l\u2019utilisation de son site Web. Il est rappel\u00e9 que le secret des correspondances n\u2019\u00e9tant pas garanti de mani\u00e8re infaillible sur le r\u00e9seau Internet et qu\u2019il appartient \u00e0 chaque utilisateur de prendre toutes les mesures appropri\u00e9es dans le but de prot\u00e9ger ses propres donn\u00e9es et\/ou logiciels de la contamination d\u2019\u00e9ventuels virus circulant sur Internet.\nTout litige en relation avec l\u2019utilisation du site www.fgti-distribution.fr est soumis au droit fran\u00e7ais.\n<br \/><br \/>\n<strong>7\/ Cookies<\/strong><br \/>\nLors de la consultation de notre site, des cookies sont d\u00e9pos\u00e9s sur votre ordinateur, votre mobile ou votre tablette.<br \/>\nNotre site est con\u00e7u pour \u00eatre particuli\u00e8rement attentif aux besoins et attentes de nos clients. C'est entre autres pour cela que nous faisons usage de cookies afin de vous garantir une bonne navigation.\n<br \/><br \/>\n<strong>Accepter ou refuser les cookies<\/strong>\n<br \/><br \/>\nVous disposez de diff\u00e9rents moyens pour g\u00e9rer les cookies.<br \/>\nLe param\u00e9trage de votre navigateur internet : <br \/>\nVous pouvez \u00e0 tout moment choisir de d\u00e9sactiver ces cookies. Votre navigateur peut \u00e9galement \u00eatre param\u00e9tr\u00e9 pour vous signaler les cookies qui sont d\u00e9pos\u00e9s dans votre ordinateur et vous demander de les accepter ou non. Vous pouvez accepter ou refuser les cookies au cas par cas ou bien les refuser syst\u00e9matiquement une fois pour toutes.<br \/>\nNous vous rappelons que le param\u00e9trage est susceptible de modifier vos conditions d'acc\u00e8s \u00e0 nos services n\u00e9cessitant l'utilisation de cookies.<br \/>\nSi votre navigateur est configur\u00e9 de mani\u00e8re \u00e0 refuser l'ensemble des cookies, vous ne pourrez pas effectuer d'achats ou profiter de fonctions essentielles de notre site, comme par exemple stocker des articles dans votre panier ou recevoir des recommandations personnalis\u00e9es. Afin de g\u00e9rer les cookies au plus pr\u00e8s de vos attentes nous vous invitons \u00e0 param\u00e9trer votre navigateur en tenant compte de la finalit\u00e9 des cookies telle que mentionn\u00e9e ci-avant.<br \/>\nVoici comment contr\u00f4ler ou emp\u00eacher l'enregistrement des cookies :<br \/>\nLa configuration de chaque navigateur est diff\u00e9rente. Elle est d\u00e9crite dans le menu d'aide de votre navigateur, qui vous permettra de savoir de quelle mani\u00e8re modifier vos souhaits en mati\u00e8re de cookies.\nVous pouvez d\u00e9sactiver les cookies en suivant les instructions comme suit :\n<br \/><br \/>\n1\/ si vous utilisez le navigateur Internet Explorer<br \/>\nDans Internet Explorer, cliquez sur le bouton Outils, puis sur Options Internet.<br \/>\nSous l'onglet G\u00e9n\u00e9ral, sous Historique de navigation, cliquez sur Param\u00e8tres.<br \/>\nCliquez sur le bouton Afficher les fichiers.<br \/>\nCliquez sur l'en-t\u00eate de colonne Nom pour trier tous les fichiers dans l'ordre alphab\u00e9tique, puis parcourez la liste jusqu'\u00e0 ce que vous voyez des fichiers commen\u00e7ant par le pr\u00e9fixe \u00bb Cookie \u00ab. (tous les cookies poss\u00e8dent ce pr\u00e9fixe et contiennent habituellement le nom du site Web qui a cr\u00e9\u00e9 le cookie).<br \/>\nS\u00e9lectionnez le ou les cookies comprenant le nom \u00ab fgti \u00bb et supprimez-les\nFermez la fen\u00eatre qui contient la liste des fichiers, puis cliquez deux fois sur OK pour retourner dans Internet Explorer.\n<br \/><br \/>\n2\/ si vous utilisez le navigateur Firefox<br \/>\nAllez dans l'onglet \u00bb Outils \u00ab du navigateur puis s\u00e9lectionnez le menu \u00bb Options \u00ab\nDans la fen\u00eatre qui s'affiche, choisissez \u00bb Vie priv\u00e9e \u00ab et cliquez sur \u00bb Affichez les cookies\nRep\u00e9rez les fichiers qui contiennent le nom \u00ab fgti \u00bb S\u00e9lectionnez-les et supprimez-les.\n<br \/><br \/>\n3\/ si vous utilisez le navigateur Safari<br \/>\nDans votre navigateur, choisissez le menu \u00c9dition > Pr\u00e9f\u00e9rences.<br \/>\nCliquez sur S\u00e9curit\u00e9.<br \/>\nCliquez sur Afficher les cookies. <br \/>\nS\u00e9lectionnez les cookies qui contiennent le nom \u00ab fgti \u00bb et cliquez sur Effacer ou sur Tout effacer.\nApr\u00e8s avoir supprim\u00e9 les cookies, cliquez sur Termin\u00e9.\n<br \/><br \/>\n4\/ si vous utilisez le navigateur Google Chrome<br \/>\nCliquez sur l'ic\u00f4ne du menu Outils.<br \/>\nS\u00e9lectionnez Options.<br \/>\nCliquez sur l'onglet Options avanc\u00e9es et acc\u00e9dez \u00e0 la section \"Confidentialit\u00e9\".<br \/>\nCliquez sur le bouton Afficher les cookies.<br \/>\nRep\u00e9rez les fichiers qui contiennent le nom \u00ab fgti \u00bb S\u00e9lectionnez-les et supprimez-les.<br \/>\nCliquez sur \u00bb Fermer \u00ab pour revenir \u00e0 votre navigateur.\n<br \/><br \/>\n<\/div><\/div><\/div><\/div><\/div><\/div><\/div><\/div><!-- cell_inner --><\/div><!-- cell --><\/div><!-- port --><\/section>","protected":false},"excerpt":{"rendered":"","protected":false},"author":1,"featured_media":0,"parent":0,"menu_order":0,"comment_status":"closed","ping_status":"closed","template":"","meta":{"footnotes":""},"class_list":["post-60","page","type-page","status-publish","hentry"],"yoast_head":"<!-- This site is optimized with the Yoast SEO plugin v27.3 - https:\/\/yoast.com\/product\/yoast-seo-wordpress\/ -->\n<title>FGTI Distribution - Mentions l\u00e9gales<\/title>\n<meta name=\"description\" content=\"FGTI Distribution - Mentions l\u00e9gales -\" \/>\n<meta name=\"robots\" content=\"noindex, nofollow\" \/>\n<meta property=\"og:locale\" content=\"es_ES\" \/>\n<meta property=\"og:type\" content=\"article\" \/>\n<meta property=\"og:title\" content=\"FGTI Distribution - Mentions l\u00e9gales\" \/>\n<meta property=\"og:description\" content=\"FGTI Distribution - Mentions l\u00e9gales -\" \/>\n<meta property=\"og:url\" content=\"https:\/\/fgti-distribution.fr\/es\/mentions-legales\/\" \/>\n<meta property=\"og:site_name\" content=\"FGTI Distribution\" \/>\n<meta property=\"article:modified_time\" content=\"2024-02-05T12:17:43+00:00\" \/>\n<meta name=\"twitter:card\" content=\"summary_large_image\" \/>\n<meta name=\"twitter:label1\" content=\"Est. reading time\" \/>\n\t<meta name=\"twitter:data1\" content=\"1 minuto\" \/>\n<script type=\"application\/ld+json\" class=\"yoast-schema-graph\">{\"@context\":\"https:\\\/\\\/schema.org\",\"@graph\":[{\"@type\":\"WebPage\",\"@id\":\"https:\\\/\\\/fgti-distribution.fr\\\/mentions-legales\\\/\",\"url\":\"https:\\\/\\\/fgti-distribution.fr\\\/mentions-legales\\\/\",\"name\":\"FGTI Distribution - Mentions l\u00e9gales\",\"isPartOf\":{\"@id\":\"https:\\\/\\\/fgti-distribution.fr\\\/#website\"},\"datePublished\":\"2012-05-06T11:13:17+00:00\",\"dateModified\":\"2024-02-05T12:17:43+00:00\",\"description\":\"FGTI Distribution - Mentions l\u00e9gales -\",\"breadcrumb\":{\"@id\":\"https:\\\/\\\/fgti-distribution.fr\\\/mentions-legales\\\/#breadcrumb\"},\"inLanguage\":\"es\",\"potentialAction\":[{\"@type\":\"ReadAction\",\"target\":[\"https:\\\/\\\/fgti-distribution.fr\\\/mentions-legales\\\/\"]}]},{\"@type\":\"BreadcrumbList\",\"@id\":\"https:\\\/\\\/fgti-distribution.fr\\\/mentions-legales\\\/#breadcrumb\",\"itemListElement\":[{\"@type\":\"ListItem\",\"position\":1,\"name\":\"Home\",\"item\":\"https:\\\/\\\/fgti-distribution.fr\\\/\"},{\"@type\":\"ListItem\",\"position\":2,\"name\":\"Mentions l\u00e9gales\"}]},{\"@type\":\"WebSite\",\"@id\":\"https:\\\/\\\/fgti-distribution.fr\\\/#website\",\"url\":\"https:\\\/\\\/fgti-distribution.fr\\\/\",\"name\":\"FGTI Distribution\",\"description\":\"Pi\u00e8ces techniques et services \u00e0 forte valeur ajout\u00e9e\",\"publisher\":{\"@id\":\"https:\\\/\\\/fgti-distribution.fr\\\/#organization\"},\"alternateName\":\"FGTI Distribution\",\"potentialAction\":[{\"@type\":\"SearchAction\",\"target\":{\"@type\":\"EntryPoint\",\"urlTemplate\":\"https:\\\/\\\/fgti-distribution.fr\\\/?s={search_term_string}\"},\"query-input\":{\"@type\":\"PropertyValueSpecification\",\"valueRequired\":true,\"valueName\":\"search_term_string\"}}],\"inLanguage\":\"es\"},{\"@type\":\"Organization\",\"@id\":\"https:\\\/\\\/fgti-distribution.fr\\\/#organization\",\"name\":\"FGTI Distribution\",\"alternateName\":\"FGTI Distribution\",\"url\":\"https:\\\/\\\/fgti-distribution.fr\\\/\",\"logo\":{\"@type\":\"ImageObject\",\"inLanguage\":\"es\",\"@id\":\"https:\\\/\\\/fgti-distribution.fr\\\/#\\\/schema\\\/logo\\\/image\\\/\",\"url\":\"https:\\\/\\\/fgti-distribution.fr\\\/wp-content\\\/uploads\\\/2022\\\/12\\\/logo.png\",\"contentUrl\":\"https:\\\/\\\/fgti-distribution.fr\\\/wp-content\\\/uploads\\\/2022\\\/12\\\/logo.png\",\"width\":500,\"height\":228,\"caption\":\"FGTI Distribution\"},\"image\":{\"@id\":\"https:\\\/\\\/fgti-distribution.fr\\\/#\\\/schema\\\/logo\\\/image\\\/\"},\"sameAs\":[\"https:\\\/\\\/www.linkedin.com\\\/company\\\/fgti-distribution\\\/\"]}]}<\/script>\n<!-- \/ Yoast SEO plugin. -->","yoast_head_json":{"title":"FGTI Distribution - Mentions l\u00e9gales","description":"FGTI Distribution - Mentions l\u00e9gales -","robots":{"index":"noindex","follow":"nofollow"},"og_locale":"es_ES","og_type":"article","og_title":"FGTI Distribution - Mentions l\u00e9gales","og_description":"FGTI Distribution - Mentions l\u00e9gales -","og_url":"https:\/\/fgti-distribution.fr\/es\/mentions-legales\/","og_site_name":"FGTI Distribution","article_modified_time":"2024-02-05T12:17:43+00:00","twitter_card":"summary_large_image","twitter_misc":{"Est. reading time":"1 minuto"},"schema":{"@context":"https:\/\/schema.org","@graph":[{"@type":"WebPage","@id":"https:\/\/fgti-distribution.fr\/mentions-legales\/","url":"https:\/\/fgti-distribution.fr\/mentions-legales\/","name":"FGTI Distribution - Mentions l\u00e9gales","isPartOf":{"@id":"https:\/\/fgti-distribution.fr\/#website"},"datePublished":"2012-05-06T11:13:17+00:00","dateModified":"2024-02-05T12:17:43+00:00","description":"FGTI Distribution - Mentions l\u00e9gales -","breadcrumb":{"@id":"https:\/\/fgti-distribution.fr\/mentions-legales\/#breadcrumb"},"inLanguage":"es","potentialAction":[{"@type":"ReadAction","target":["https:\/\/fgti-distribution.fr\/mentions-legales\/"]}]},{"@type":"BreadcrumbList","@id":"https:\/\/fgti-distribution.fr\/mentions-legales\/#breadcrumb","itemListElement":[{"@type":"ListItem","position":1,"name":"Home","item":"https:\/\/fgti-distribution.fr\/"},{"@type":"ListItem","position":2,"name":"Mentions l\u00e9gales"}]},{"@type":"WebSite","@id":"https:\/\/fgti-distribution.fr\/#website","url":"https:\/\/fgti-distribution.fr\/","name":"Distribuci\u00f3n FGTI","description":"Piezas t\u00e9cnicas y servicios de alto valor a\u00f1adido","publisher":{"@id":"https:\/\/fgti-distribution.fr\/#organization"},"alternateName":"FGTI Distribution","potentialAction":[{"@type":"SearchAction","target":{"@type":"EntryPoint","urlTemplate":"https:\/\/fgti-distribution.fr\/?s={search_term_string}"},"query-input":{"@type":"PropertyValueSpecification","valueRequired":true,"valueName":"search_term_string"}}],"inLanguage":"es"},{"@type":"Organization","@id":"https:\/\/fgti-distribution.fr\/#organization","name":"Distribuci\u00f3n FGTI","alternateName":"FGTI Distribution","url":"https:\/\/fgti-distribution.fr\/","logo":{"@type":"ImageObject","inLanguage":"es","@id":"https:\/\/fgti-distribution.fr\/#\/schema\/logo\/image\/","url":"https:\/\/fgti-distribution.fr\/wp-content\/uploads\/2022\/12\/logo.png","contentUrl":"https:\/\/fgti-distribution.fr\/wp-content\/uploads\/2022\/12\/logo.png","width":500,"height":228,"caption":"FGTI Distribution"},"image":{"@id":"https:\/\/fgti-distribution.fr\/#\/schema\/logo\/image\/"},"sameAs":["https:\/\/www.linkedin.com\/company\/fgti-distribution\/"]}]}},"_links":{"self":[{"href":"https:\/\/fgti-distribution.fr\/es\/wp-json\/wp\/v2\/pages\/60","targetHints":{"allow":["GET"]}}],"collection":[{"href":"https:\/\/fgti-distribution.fr\/es\/wp-json\/wp\/v2\/pages"}],"about":[{"href":"https:\/\/fgti-distribution.fr\/es\/wp-json\/wp\/v2\/types\/page"}],"author":[{"embeddable":true,"href":"https:\/\/fgti-distribution.fr\/es\/wp-json\/wp\/v2\/users\/1"}],"replies":[{"embeddable":true,"href":"https:\/\/fgti-distribution.fr\/es\/wp-json\/wp\/v2\/comments?post=60"}],"version-history":[{"count":7,"href":"https:\/\/fgti-distribution.fr\/es\/wp-json\/wp\/v2\/pages\/60\/revisions"}],"predecessor-version":[{"id":9084,"href":"https:\/\/fgti-distribution.fr\/es\/wp-json\/wp\/v2\/pages\/60\/revisions\/9084"}],"wp:attachment":[{"href":"https:\/\/fgti-distribution.fr\/es\/wp-json\/wp\/v2\/media?parent=60"}],"curies":[{"name":"wp","href":"https:\/\/api.w.org\/{rel}","templated":true}]}}