{"id":6126,"date":"2020-06-23T12:12:38","date_gmt":"2020-06-23T12:12:38","guid":{"rendered":"https:\/\/fgti-distribution.fr\/?page_id=6126"},"modified":"2023-01-06T13:11:09","modified_gmt":"2023-01-06T13:11:09","slug":"ecrous-bords-de-panneaux","status":"publish","type":"page","link":"https:\/\/fgti-distribution.fr\/es\/fixation-araymond\/ecrous-bords-de-panneaux\/","title":{"rendered":"Ecrous bords de panneaux"},"content":{"rendered":"<p>[vc_row css=\u00a0\u00bb.vc_custom_1592915111852{border-bottom-width: 1px !important;border-bottom-color: #172983 !important;border-bottom-style: solid !important;border-radius: 1px !important;}\u00a0\u00bb][vc_column][vc_column_text]<\/p>\n<h1 style=\"color: #172983; font-size: 22px; text-transform: uppercase;\">Syst\u00e8mes de clipsage<\/h1>\n<h2 style=\"color: #172983; font-size: 22px;\">Une solution de fixation pour toute situation de montage<\/h2>\n<p style=\"display: inline;\">Quels que soient vos probl\u00e8mes d\u2019assemblage, FGTI Distribution peut fournir une solution de fixation ARaymond. Ces<\/p>\n<h3 style=\"display: inline;\">syst\u00e8mes \u00e0 fixation rapide, sans outil<\/h3>\n<p style=\"display: inline;\">, peuvent remplacer vos solutions de fixation existantes pour un <u>montage plus rapide et des co\u00fbts de maintenance r\u00e9duits<\/u>.<\/p>\n<p>[\/vc_column_text][\/vc_column][\/vc_row][vc_row css=\u00a0\u00bb.vc_custom_1592914979664{border-bottom-width: 1px !important;border-bottom-color: #172983 !important;border-bottom-style: solid !important;border-radius: 1px !important;}\u00a0\u00bb][vc_column width=\u00a0\u00bb1\/2&Prime;][vc_column_text]<\/p>\n<div style=\"line-height: 100px; color: #172983 !important; font-size: 22px; float: left; font-weight: bold;\">Ecrous bords de panneaux<\/div>\n<p>[\/vc_column_text][\/vc_column][vc_column width=\u00a0\u00bb1\/2&Prime;][vc_raw_html]JTNDaW1nJTIwc3R5bGUlM0QlMjJmbG9hdCUzQSUyMHJpZ2h0JTNCJTIwbWFyZ2luLXRvcCUzQSUyMC0yMHB4JTNCJTIwbWF4LXdpZHRoJTNBJTIwMjAwcHglM0IlMjIlMjBzcmMlM0QlMjJodHRwcyUzQSUyRiUyRmZndGktZGlzdHJpYnV0aW9uLmZyJTJGd3AtY29udGVudCUyRmltZyUyRkF0dGFjaGVzLWZpbGV0ZWVzLnBuZyUyMiUzRQ==[\/vc_raw_html][\/vc_column][\/vc_row][vc_row][vc_column width=\u00a0\u00bb1\/2&Prime;][vc_column_text]<\/p>\n<p style=\"text-align: left; color: #58616b; line-height: 24px; font-size: 15px;\">Les fixations filet\u00e9es ARaymond, compatibles avec la plupart des environnements d\u2019assemblage, sont aussi fiables que les fixations filet\u00e9es traditionnelles avec la polyvalence accrue de l\u2019acier \u00e0 ressort. Notre catalogue standard comprend des solutions de fixation pour la plupart des tailles, orientations et \u00e9paisseurs de panneaux, ainsi que des solutions pour les vis m\u00e9triques, \u00e0 sertissage automatique et \u00e0 filetage PT.<\/p>\n<p>[\/vc_column_text][\/vc_column][vc_column width=\u00a0\u00bb1\/2&Prime;][vc_single_image image=\u00a0\u00bb4829&Prime; img_size=\u00a0\u00bbfull\u00a0\u00bb][\/vc_column][\/vc_row][vc_row][vc_column width=\u00a0\u00bb1\/2&Prime;][vc_column_text]<\/p>\n<h4 class=\"vc_tta-panel-title vc_tta-controls-icon-position-left araymond_section\">\u00c9crous de bord de panneau<\/h4>\n<p style=\"text-align: left; color: #58616b; line-height: 24px; font-size: 15px;\">Les \u00e9crous de panneau sont une alternative privil\u00e9gi\u00e9e aux vis \u00e0 m\u00e9taux pour un assemblage plus rapide et plus \u00e9conomique. Ils sont faciles \u00e0 assembler sans outils sp\u00e9ciaux et peuvent \u00eatre utilis\u00e9s \u00e0 la place des \u00e9crous \u00e0 sertir et des \u00e9crous \u00e0 souder pour fixer les panneaux de raccord rapidement et facilement. L&rsquo;\u00e9crou coulisse sur le bord du panneau et sur le trou du panneau, se maintient automatiquement en position de r\u00e9ception des vis, ne tourne pas lorsque la vis est enfonc\u00e9e et ne g\u00e8le pas sur le filetage des vis.<\/p>\n<p>[\/vc_column_text][\/vc_column][vc_column width=\u00a0\u00bb1\/2&Prime;][vc_single_image image=\u00a0\u00bb4830&Prime; img_size=\u00a0\u00bbfull\u00a0\u00bb][\/vc_column][\/vc_row][vc_row][vc_column][vc_column_text]<\/p>\n<p style=\"text-align: left; color: #58616b; line-height: 24px; font-size: 15px;\">Les \u00e9crous de panneau ARaymond sont \u00e9galement faciles \u00e0 d\u00e9monter. Un m\u00e9canisme anti-fluage int\u00e9gr\u00e9 permet le montage sur des panneaux en plastique et corrige l&rsquo;alignement avec les trous. Le cylindre est disponible dans les versions \u00e0 couple dominant et \u00e0 rotation libre, et des volets de guidage int\u00e9gr\u00e9s sont disponibles pour une int\u00e9gration dans les processus d&rsquo;assemblage automatis\u00e9s.<\/p>\n<p>[\/vc_column_text][vc_video link=\u00a0\u00bbhttps:\/\/youtu.be\/ApKUAigrNyQ\u00a0\u00bb][vc_single_image image=\u00a0\u00bb4845&Prime; img_size=\u00a0\u00bbfull\u00a0\u00bb][vc_column_text]<\/p>\n<h4 class=\"vc_tta-panel-title vc_tta-controls-icon-position-left araymond_section\">\u00c9crous \u00e0 pressionner en plastique<\/h4>\n<p style=\"text-align: left; color: #58616b; line-height: 24px; font-size: 15px;\">Les \u00e9crous \u00e0 pressionner ARaymond sont parfaits pour les emplacements de stores centraux et centraux o\u00f9 un seul c\u00f4t\u00e9 du panneau est accessible. Aucun outil sp\u00e9cial ou comp\u00e9tences sont n\u00e9cessaires. Les \u00e9crous s&rsquo;enclenchent tout simplement et sont auto-retenus par les pieds \u00e0 ressort. Le mat\u00e9riau plastique aide \u00e0 r\u00e9duire la corrosion et fournit un assemblage \u00e9tanche.<\/p>\n<p>[\/vc_column_text][vc_single_image image=\u00a0\u00bb4831&Prime; img_size=\u00a0\u00bbfull\u00a0\u00bb][vc_video link=\u00a0\u00bbhttps:\/\/youtu.be\/AH-9_tHnjDM\u00a0\u00bb][\/vc_column][\/vc_row][vc_row][vc_column width=\u00a0\u00bb1\/2&Prime;][vc_column_text]<\/p>\n<h4 class=\"vc_tta-panel-title vc_tta-controls-icon-position-left araymond_section\">Supports de boulons<\/h4>\n<p style=\"text-align: left; color: #58616b; line-height: 24px; font-size: 15px;\">Dans certaines situations, il est judicieux de pr\u00e9-assembler le boulon et le panneau. Notre dispositif de retenue de boulon est maintenu en place par un boulon et peut ensuite \u00abs&rsquo;accrocher\u00bb au boulon, laissant les deux mains de l\u2019op\u00e9rateur libres pendant le montage.<\/p>\n<p>[\/vc_column_text][\/vc_column][vc_column width=\u00a0\u00bb1\/2&Prime;][vc_single_image image=\u00a0\u00bb4846&Prime; img_size=\u00a0\u00bbfull\u00a0\u00bb][\/vc_column][\/vc_row][vc_row][vc_column][vc_single_image image=\u00a0\u00bb4847&Prime; img_size=\u00a0\u00bbfull\u00a0\u00bb][\/vc_column][\/vc_row][vc_row css=\u00a0\u00bb.vc_custom_1592914947035{background-image: url(https:\/\/fgti-distribution.fr\/wp-content\/uploads\/2019\/04\/afocus_backgrd_1.jpg?id=4811) !important;background-position: center !important;background-repeat: no-repeat !important;background-size: cover !important;}\u00a0\u00bb][vc_column width=\u00a0\u00bb1\/2&Prime; css=\u00a0\u00bb.vc_custom_1592915075641{padding-left: 40px !important;}\u00a0\u00bb][vc_column_text]<\/p>\n<p class=\"surtitle\" style=\"text-align: left;\">FOCUS PRODUITS<\/p>\n<div class=\"field field--name-field-image field--type-image field--label-hidden field--item\"><\/div>\n<div class=\"field field--name-field-title field--type-string field--label-hidden field--item\">\n<h4 class=\"vc_tta-panel-title vc_tta-controls-icon-position-left araymond_section\">Quand la d\u00e9montabilit\u00e9 et l&rsquo;esth\u00e9tique sont indispensables<\/h4>\n<\/div>\n<p style=\"text-align: left; color: #58616b; line-height: 24px; font-size: 15px;\">Les pieds de retenue \u00e0 \u00e9galisation automatique dans une configuration semblable \u00e0 une fl\u00e9chette garantissent une installation ajust\u00e9e et sans bruit, en quelques secondes \u00e0 peine, sans outil. Les pi\u00e8ces s&rsquo;enclenchent dans le trou du panneau, puis acceptent un goujon. Les pi\u00e8ces sont invisibles apr\u00e8s le montage, donnant aux surfaces des panneaux expos\u00e9s une finition attrayante. Ils sont id\u00e9aux pour la fixation de bandes de garniture, de plaques signal\u00e9tiques ou de toute application de panneau l\u00e9ger dans les cas o\u00f9 la capacit\u00e9 de retrait est un facteur d\u00e9terminant.<\/p>\n<p>[\/vc_column_text][\/vc_column][vc_column width=\u00a0\u00bb1\/2&Prime;][vc_single_image image=\u00a0\u00bb4835&Prime; img_size=\u00a0\u00bbfull\u00a0\u00bb][\/vc_column][\/vc_row]<\/p>\n","protected":false},"excerpt":{"rendered":"<p>[vc_row css=\u00a0\u00bb.vc_custom_1592915111852{border-bottom-width: 1px !important;border-bottom-color: #172983 !important;border-bottom-style: solid !important;border-radius: 1px !important;}\u00a0\u00bb][vc_column][vc_column_text] Syst\u00e8mes de clipsage Une solution de fixation pour toute situation de montage Quels que soient vos probl\u00e8mes d\u2019assemblage, FGTI Distribution peut fournir une solution de fixation ARaymond. Ces syst\u00e8mes \u00e0 fixation rapide, sans outil , peuvent remplacer vos solutions de fixation existantes pour un montage&#8230;<\/p>\n","protected":false},"author":1,"featured_media":0,"parent":10,"menu_order":0,"comment_status":"closed","ping_status":"closed","template":"","meta":{"footnotes":""},"class_list":["post-6126","page","type-page","status-publish","hentry"],"yoast_head":"<!-- This site is optimized with the Yoast SEO plugin v27.3 - https:\/\/yoast.com\/product\/yoast-seo-wordpress\/ -->\n<title>FGTI Distribution - Ecrous bords de panneaux<\/title>\n<meta name=\"description\" content=\"FGTI Distribution - Ecrous bords de panneaux -\" \/>\n<meta name=\"robots\" content=\"noindex, nofollow\" \/>\n<meta property=\"og:locale\" content=\"es_ES\" \/>\n<meta property=\"og:type\" content=\"article\" \/>\n<meta property=\"og:title\" content=\"FGTI Distribution - Ecrous bords de panneaux\" \/>\n<meta property=\"og:description\" content=\"FGTI Distribution - Ecrous bords de panneaux -\" \/>\n<meta property=\"og:url\" content=\"https:\/\/fgti-distribution.fr\/es\/fixation-araymond\/ecrous-bords-de-panneaux\/\" \/>\n<meta property=\"og:site_name\" content=\"FGTI Distribution\" \/>\n<meta property=\"article:modified_time\" content=\"2023-01-06T13:11:09+00:00\" \/>\n<meta name=\"twitter:card\" content=\"summary_large_image\" \/>\n<meta name=\"twitter:label1\" content=\"Est. reading time\" \/>\n\t<meta name=\"twitter:data1\" content=\"3 minutos\" \/>\n<script type=\"application\/ld+json\" class=\"yoast-schema-graph\">{\"@context\":\"https:\\\/\\\/schema.org\",\"@graph\":[{\"@type\":\"WebPage\",\"@id\":\"https:\\\/\\\/fgti-distribution.fr\\\/fixation-araymond\\\/ecrous-bords-de-panneaux\\\/\",\"url\":\"https:\\\/\\\/fgti-distribution.fr\\\/fixation-araymond\\\/ecrous-bords-de-panneaux\\\/\",\"name\":\"FGTI Distribution - Ecrous bords de panneaux\",\"isPartOf\":{\"@id\":\"https:\\\/\\\/fgti-distribution.fr\\\/#website\"},\"datePublished\":\"2020-06-23T12:12:38+00:00\",\"dateModified\":\"2023-01-06T13:11:09+00:00\",\"description\":\"FGTI Distribution - Ecrous bords de panneaux -\",\"breadcrumb\":{\"@id\":\"https:\\\/\\\/fgti-distribution.fr\\\/fixation-araymond\\\/ecrous-bords-de-panneaux\\\/#breadcrumb\"},\"inLanguage\":\"es\",\"potentialAction\":[{\"@type\":\"ReadAction\",\"target\":[\"https:\\\/\\\/fgti-distribution.fr\\\/fixation-araymond\\\/ecrous-bords-de-panneaux\\\/\"]}]},{\"@type\":\"BreadcrumbList\",\"@id\":\"https:\\\/\\\/fgti-distribution.fr\\\/fixation-araymond\\\/ecrous-bords-de-panneaux\\\/#breadcrumb\",\"itemListElement\":[{\"@type\":\"ListItem\",\"position\":1,\"name\":\"Home\",\"item\":\"https:\\\/\\\/fgti-distribution.fr\\\/\"},{\"@type\":\"ListItem\",\"position\":2,\"name\":\"Fixations ARaymond\",\"item\":\"https:\\\/\\\/fgti-distribution.fr\\\/fixation-araymond\\\/\"},{\"@type\":\"ListItem\",\"position\":3,\"name\":\"Ecrous bords de panneaux\"}]},{\"@type\":\"WebSite\",\"@id\":\"https:\\\/\\\/fgti-distribution.fr\\\/#website\",\"url\":\"https:\\\/\\\/fgti-distribution.fr\\\/\",\"name\":\"FGTI Distribution\",\"description\":\"Pi\u00e8ces techniques et services \u00e0 forte valeur ajout\u00e9e\",\"publisher\":{\"@id\":\"https:\\\/\\\/fgti-distribution.fr\\\/#organization\"},\"alternateName\":\"FGTI Distribution\",\"potentialAction\":[{\"@type\":\"SearchAction\",\"target\":{\"@type\":\"EntryPoint\",\"urlTemplate\":\"https:\\\/\\\/fgti-distribution.fr\\\/?s={search_term_string}\"},\"query-input\":{\"@type\":\"PropertyValueSpecification\",\"valueRequired\":true,\"valueName\":\"search_term_string\"}}],\"inLanguage\":\"es\"},{\"@type\":\"Organization\",\"@id\":\"https:\\\/\\\/fgti-distribution.fr\\\/#organization\",\"name\":\"FGTI Distribution\",\"alternateName\":\"FGTI Distribution\",\"url\":\"https:\\\/\\\/fgti-distribution.fr\\\/\",\"logo\":{\"@type\":\"ImageObject\",\"inLanguage\":\"es\",\"@id\":\"https:\\\/\\\/fgti-distribution.fr\\\/#\\\/schema\\\/logo\\\/image\\\/\",\"url\":\"https:\\\/\\\/fgti-distribution.fr\\\/wp-content\\\/uploads\\\/2022\\\/12\\\/logo.png\",\"contentUrl\":\"https:\\\/\\\/fgti-distribution.fr\\\/wp-content\\\/uploads\\\/2022\\\/12\\\/logo.png\",\"width\":500,\"height\":228,\"caption\":\"FGTI Distribution\"},\"image\":{\"@id\":\"https:\\\/\\\/fgti-distribution.fr\\\/#\\\/schema\\\/logo\\\/image\\\/\"},\"sameAs\":[\"https:\\\/\\\/www.linkedin.com\\\/company\\\/fgti-distribution\\\/\"]}]}<\/script>\n<!-- \/ Yoast SEO plugin. -->","yoast_head_json":{"title":"FGTI Distribution - Ecrous bords de panneaux","description":"FGTI Distribution - Ecrous bords de panneaux -","robots":{"index":"noindex","follow":"nofollow"},"og_locale":"es_ES","og_type":"article","og_title":"FGTI Distribution - Ecrous bords de panneaux","og_description":"FGTI Distribution - Ecrous bords de panneaux -","og_url":"https:\/\/fgti-distribution.fr\/es\/fixation-araymond\/ecrous-bords-de-panneaux\/","og_site_name":"FGTI Distribution","article_modified_time":"2023-01-06T13:11:09+00:00","twitter_card":"summary_large_image","twitter_misc":{"Est. reading time":"3 minutos"},"schema":{"@context":"https:\/\/schema.org","@graph":[{"@type":"WebPage","@id":"https:\/\/fgti-distribution.fr\/fixation-araymond\/ecrous-bords-de-panneaux\/","url":"https:\/\/fgti-distribution.fr\/fixation-araymond\/ecrous-bords-de-panneaux\/","name":"FGTI Distribution - Ecrous bords de panneaux","isPartOf":{"@id":"https:\/\/fgti-distribution.fr\/#website"},"datePublished":"2020-06-23T12:12:38+00:00","dateModified":"2023-01-06T13:11:09+00:00","description":"FGTI Distribution - Ecrous bords de panneaux -","breadcrumb":{"@id":"https:\/\/fgti-distribution.fr\/fixation-araymond\/ecrous-bords-de-panneaux\/#breadcrumb"},"inLanguage":"es","potentialAction":[{"@type":"ReadAction","target":["https:\/\/fgti-distribution.fr\/fixation-araymond\/ecrous-bords-de-panneaux\/"]}]},{"@type":"BreadcrumbList","@id":"https:\/\/fgti-distribution.fr\/fixation-araymond\/ecrous-bords-de-panneaux\/#breadcrumb","itemListElement":[{"@type":"ListItem","position":1,"name":"Home","item":"https:\/\/fgti-distribution.fr\/"},{"@type":"ListItem","position":2,"name":"Fixations ARaymond","item":"https:\/\/fgti-distribution.fr\/fixation-araymond\/"},{"@type":"ListItem","position":3,"name":"Ecrous bords de panneaux"}]},{"@type":"WebSite","@id":"https:\/\/fgti-distribution.fr\/#website","url":"https:\/\/fgti-distribution.fr\/","name":"Distribuci\u00f3n FGTI","description":"Piezas t\u00e9cnicas y servicios de alto valor a\u00f1adido","publisher":{"@id":"https:\/\/fgti-distribution.fr\/#organization"},"alternateName":"FGTI Distribution","potentialAction":[{"@type":"SearchAction","target":{"@type":"EntryPoint","urlTemplate":"https:\/\/fgti-distribution.fr\/?s={search_term_string}"},"query-input":{"@type":"PropertyValueSpecification","valueRequired":true,"valueName":"search_term_string"}}],"inLanguage":"es"},{"@type":"Organization","@id":"https:\/\/fgti-distribution.fr\/#organization","name":"Distribuci\u00f3n FGTI","alternateName":"FGTI Distribution","url":"https:\/\/fgti-distribution.fr\/","logo":{"@type":"ImageObject","inLanguage":"es","@id":"https:\/\/fgti-distribution.fr\/#\/schema\/logo\/image\/","url":"https:\/\/fgti-distribution.fr\/wp-content\/uploads\/2022\/12\/logo.png","contentUrl":"https:\/\/fgti-distribution.fr\/wp-content\/uploads\/2022\/12\/logo.png","width":500,"height":228,"caption":"FGTI Distribution"},"image":{"@id":"https:\/\/fgti-distribution.fr\/#\/schema\/logo\/image\/"},"sameAs":["https:\/\/www.linkedin.com\/company\/fgti-distribution\/"]}]}},"_links":{"self":[{"href":"https:\/\/fgti-distribution.fr\/es\/wp-json\/wp\/v2\/pages\/6126","targetHints":{"allow":["GET"]}}],"collection":[{"href":"https:\/\/fgti-distribution.fr\/es\/wp-json\/wp\/v2\/pages"}],"about":[{"href":"https:\/\/fgti-distribution.fr\/es\/wp-json\/wp\/v2\/types\/page"}],"author":[{"embeddable":true,"href":"https:\/\/fgti-distribution.fr\/es\/wp-json\/wp\/v2\/users\/1"}],"replies":[{"embeddable":true,"href":"https:\/\/fgti-distribution.fr\/es\/wp-json\/wp\/v2\/comments?post=6126"}],"version-history":[{"count":7,"href":"https:\/\/fgti-distribution.fr\/es\/wp-json\/wp\/v2\/pages\/6126\/revisions"}],"predecessor-version":[{"id":6970,"href":"https:\/\/fgti-distribution.fr\/es\/wp-json\/wp\/v2\/pages\/6126\/revisions\/6970"}],"up":[{"embeddable":true,"href":"https:\/\/fgti-distribution.fr\/es\/wp-json\/wp\/v2\/pages\/10"}],"wp:attachment":[{"href":"https:\/\/fgti-distribution.fr\/es\/wp-json\/wp\/v2\/media?parent=6126"}],"curies":[{"name":"wp","href":"https:\/\/api.w.org\/{rel}","templated":true}]}}