{"id":7205,"date":"2023-02-09T23:35:40","date_gmt":"2023-02-09T23:35:40","guid":{"rendered":"https:\/\/fgti-distribution.fr\/?page_id=7205"},"modified":"2024-06-19T16:29:13","modified_gmt":"2024-06-19T16:29:13","slug":"membranes-ptfe","status":"publish","type":"page","link":"https:\/\/fgti-distribution.fr\/es\/composites-haute-performance\/membranes-ptfe\/","title":{"rendered":"Membranes \/ diaphragmes en PTFE"},"content":{"rendered":"<section id=\"bt_bb_section69d024046fdab\" class=\"bt_bb_section bt_bb_layout_boxed_1200\"  data-bt-override-class=\"null\"><div class=\"bt_bb_port\"><div class=\"bt_bb_cell\"><div class=\"bt_bb_cell_inner\"><div class=\"bt_bb_row\"  data-bt-override-class=\"{}\"><div class=\"bt_bb_row_holder\" ><div  class=\"bt_bb_column col-xxl-12 col-xl-12 col-xs-12 col-sm-12 col-md-12 col-lg-12 bt_bb_vertical_align_top bt_bb_align_left bt_bb_padding_normal\" style=\"; --column-width:12;\" data-width=\"12\" data-bt-override-class=\"{}\"><div class=\"bt_bb_column_content\"><div class=\"bt_bb_column_content_inner\"><div class=\"bt_bb_raw_content\"><div style=\"color: #bababa; font-size: 12px; margin-bottom: 20px;\">FGTI-Distribution > Composites GTS > Membranes \/ diaphragmes en PTFE<\/div><\/div><\/div><\/div><\/div><\/div><\/div><div class=\"bt_bb_row\"  data-bt-override-class=\"{}\"><div class=\"bt_bb_row_holder\" ><div  class=\"bt_bb_column col-xxl-8 col-xl-8 col-xs-12 col-sm-12 col-md-12 col-lg-8 bt_bb_vertical_align_top bt_bb_align_left bt_bb_padding_normal\" style=\"; --column-width:8;\" data-width=\"8\" data-bt-override-class=\"{}\"><div class=\"bt_bb_column_content\"><div class=\"bt_bb_column_content_inner\"><div class=\"bt_bb_raw_content\">Une\u00a0membrane en PTFE permet l\u2019\u00e9tanch\u00e9it\u00e9 entre deux fluides ou deux zones de pression. L\u2019\u00e9tanch\u00e9it\u00e9 peut \u00eatre parfaite ou poreuse selon le type de PTFE retenu (PTFE vierge, modifi\u00e9 (TFM)\u00a0ou poreux).<br \/>\nLes membranes en PTFE sont utilis\u00e9es dans les dispositifs de dosage\/remplissage dans l'industrie pharmaceutique, cosm\u00e9tique et alimentaire ainsi que sur les pompes \u00e0 membranes de l'industrie chimique. Les membranes destin\u00e9es \u00e0 l\u2019industrie agro-alimentaire sont conformes aux normes alimentaires (EC 2004\/1935, FDA, 3A).<br \/>\n<br \/>\nPour qu\u2019une membrane fonctionne parfaitement, il est indispensable d\u2019adapter son design et sa mati\u00e8re aux contraintes techniques (pression, fluides, temp\u00e9rature, etc.). La course de la membrane d\u00e9termine sa forme, sa conception et son diam\u00e8tre. En fonction du mat\u00e9riau et de l'\u00e9paisseur de la membrane, des joints plats ou profil\u00e9s peuvent assurer l'\u00e9tanch\u00e9it\u00e9. L\u2019\u00e9tanch\u00e9it\u00e9 des membranes en PTFE peut \u00eatre \u00e9galement am\u00e9lior\u00e9e en imbriquant des composants type renfort en inox.\n<br \/><br \/><\/div><\/div><\/div><\/div><div  class=\"bt_bb_column col-xxl-4 col-xl-4 col-xs-12 col-sm-12 col-md-12 col-lg-4 bt_bb_vertical_align_top bt_bb_align_left bt_bb_padding_normal\" style=\"; --column-width:4;\" data-width=\"4\" data-bt-override-class=\"{}\"><div class=\"bt_bb_column_content\"><div class=\"bt_bb_column_content_inner\"><div data-bb-version=\"4.9.1\" class=\"bt_bb_image bt_bb_shape_square bt_bb_target_self bt_bb_align_inherit bt_bb_hover_style_simple bt_bb_content_display_always bt_bb_content_align_middle bt_bb_remove_padding_yes bt_bb_fill_background_color_full\" data-bt-override-class=\"{&quot;bt_bb_align_&quot;:{&quot;current_class&quot;:&quot;bt_bb_align_inherit&quot;,&quot;def&quot;:&quot;inherit&quot;}}\"><span><img loading=\"lazy\" decoding=\"async\" width=\"1920\" height=\"1080\" src=\"https:\/\/fgti-distribution.fr\/wp-content\/uploads\/2024\/06\/membrane-ptfe-1.jpg\" class=\"attachment-full size-full\" alt=\"Membrane PTFE\" data-full_image_src=\"https:\/\/fgti-distribution.fr\/wp-content\/uploads\/2024\/06\/membrane-ptfe-1.jpg\" srcset=\"https:\/\/fgti-distribution.fr\/wp-content\/uploads\/2024\/06\/membrane-ptfe-1.jpg 1920w, https:\/\/fgti-distribution.fr\/wp-content\/uploads\/2024\/06\/membrane-ptfe-1-640x360.jpg 640w, https:\/\/fgti-distribution.fr\/wp-content\/uploads\/2024\/06\/membrane-ptfe-1-1280x720.jpg 1280w, https:\/\/fgti-distribution.fr\/wp-content\/uploads\/2024\/06\/membrane-ptfe-1-768x432.jpg 768w, https:\/\/fgti-distribution.fr\/wp-content\/uploads\/2024\/06\/membrane-ptfe-1-1536x864.jpg 1536w, https:\/\/fgti-distribution.fr\/wp-content\/uploads\/2024\/06\/membrane-ptfe-1-320x180.jpg 320w\" sizes=\"auto, (max-width: 1920px) 100vw, 1920px\" \/><\/span><\/div><div data-bb-version=\"4.9.1\" class=\"bt_bb_image bt_bb_shape_square bt_bb_target_self bt_bb_align_inherit bt_bb_hover_style_simple bt_bb_content_display_always bt_bb_content_align_middle bt_bb_remove_padding_yes bt_bb_fill_background_color_full\" data-bt-override-class=\"{&quot;bt_bb_align_&quot;:{&quot;current_class&quot;:&quot;bt_bb_align_inherit&quot;,&quot;def&quot;:&quot;inherit&quot;}}\"><span><img loading=\"lazy\" decoding=\"async\" width=\"600\" height=\"433\" src=\"https:\/\/fgti-distribution.fr\/wp-content\/uploads\/2024\/06\/membrane-ptfe-7.jpg\" class=\"attachment-full size-full\" alt=\"Membrane PTFE\" data-full_image_src=\"https:\/\/fgti-distribution.fr\/wp-content\/uploads\/2024\/06\/membrane-ptfe-7.jpg\" srcset=\"https:\/\/fgti-distribution.fr\/wp-content\/uploads\/2024\/06\/membrane-ptfe-7.jpg 600w, https:\/\/fgti-distribution.fr\/wp-content\/uploads\/2024\/06\/membrane-ptfe-7-320x231.jpg 320w\" sizes=\"auto, (max-width: 600px) 100vw, 600px\" \/><\/span><\/div><\/div><\/div><\/div><\/div><\/div><div class=\"bt_bb_row\"  data-bt-override-class=\"{}\"><div class=\"bt_bb_row_holder\" ><div  class=\"bt_bb_column col-xxl-4 col-xl-4 col-xs-12 col-sm-12 col-md-12 col-lg-4 bt_bb_vertical_align_top bt_bb_align_left bt_bb_padding_normal\" style=\"; --column-width:4;\" data-width=\"4\" data-bt-override-class=\"{}\"><div class=\"bt_bb_column_content\"><div class=\"bt_bb_column_content_inner\"><div data-bb-version=\"4.9.1\" class=\"bt_bb_image bt_bb_shape_square bt_bb_target_self bt_bb_align_inherit bt_bb_hover_style_simple bt_bb_content_display_always bt_bb_content_align_middle bt_bb_remove_padding_yes bt_bb_fill_background_color_full\" data-bt-override-class=\"{&quot;bt_bb_align_&quot;:{&quot;current_class&quot;:&quot;bt_bb_align_inherit&quot;,&quot;def&quot;:&quot;inherit&quot;}}\"><span><img loading=\"lazy\" decoding=\"async\" width=\"1920\" height=\"1080\" src=\"https:\/\/fgti-distribution.fr\/wp-content\/uploads\/2024\/06\/membrane-ptfe-6.jpg\" class=\"attachment-full size-full\" alt=\"Membrane PTFE\" data-full_image_src=\"https:\/\/fgti-distribution.fr\/wp-content\/uploads\/2024\/06\/membrane-ptfe-6.jpg\" srcset=\"https:\/\/fgti-distribution.fr\/wp-content\/uploads\/2024\/06\/membrane-ptfe-6.jpg 1920w, https:\/\/fgti-distribution.fr\/wp-content\/uploads\/2024\/06\/membrane-ptfe-6-640x360.jpg 640w, https:\/\/fgti-distribution.fr\/wp-content\/uploads\/2024\/06\/membrane-ptfe-6-1280x720.jpg 1280w, https:\/\/fgti-distribution.fr\/wp-content\/uploads\/2024\/06\/membrane-ptfe-6-768x432.jpg 768w, https:\/\/fgti-distribution.fr\/wp-content\/uploads\/2024\/06\/membrane-ptfe-6-1536x864.jpg 1536w, https:\/\/fgti-distribution.fr\/wp-content\/uploads\/2024\/06\/membrane-ptfe-6-320x180.jpg 320w\" sizes=\"auto, (max-width: 1920px) 100vw, 1920px\" \/><\/span><\/div><\/div><\/div><\/div><div  class=\"bt_bb_column col-xxl-8 col-xl-8 col-xs-12 col-sm-12 col-md-12 col-lg-8 bt_bb_vertical_align_top bt_bb_align_left bt_bb_padding_normal\" style=\"; --column-width:8;\" data-width=\"8\" data-bt-override-class=\"{}\"><div class=\"bt_bb_column_content\"><div class=\"bt_bb_column_content_inner\"><div class=\"bt_bb_raw_content\"><b>Exemples d\u2019applications :<\/b><br \/>\n- Machines de remplissage dans l\u2019industrie pharmaceutique ou alimentaire<br \/>\n- Pompes pour l\u2019industrie chimique<br \/>\n- \u00c9l\u00e9ments d'\u00e9tanch\u00e9it\u00e9 pour sceller des ouvertures.<br \/>\n- R\u00e9gulateurs de pression<br \/>\n- Vannes pharmaceutiques<br \/>\n<br \/><\/div><\/div><\/div><\/div><\/div><\/div><div class=\"bt_bb_row\"  data-bt-override-class=\"{}\"><div class=\"bt_bb_row_holder\" ><div  class=\"bt_bb_column col-xxl-8 col-xl-8 col-xs-12 col-sm-12 col-md-12 col-lg-8 bt_bb_vertical_align_top bt_bb_align_left bt_bb_padding_normal\" style=\"; --column-width:8;\" data-width=\"8\" data-bt-override-class=\"{}\"><div class=\"bt_bb_column_content\"><div class=\"bt_bb_column_content_inner\"><div class=\"bt_bb_raw_content\"><b>Points forts :<\/b><br \/>\n- r\u00e9sistance \u00e9lev\u00e9e aux produits chimiques<br \/>\n- large plage de temp\u00e9rature d\u2019utilisation : de -70C \u00e0 +210C. De ce fait, la st\u00e9rilisation de la membrane est possible.<br \/>\n- excellente r\u00e9sistance aux flexions r\u00e9p\u00e9t\u00e9es<br \/>\n- anti-adh\u00e9sif <i class=\"fa fa-arrow-right\" aria-hidden=\"true\"><\/i> nettoyabilit\u00e9 remarquable<br \/>\n- bonne stabilit\u00e9 dimensionnelle<br \/>\n<br \/>\n<br \/><\/div><\/div><\/div><\/div><div  class=\"bt_bb_column col-xxl-4 col-xl-4 col-xs-12 col-sm-12 col-md-12 col-lg-4 bt_bb_vertical_align_top bt_bb_align_left bt_bb_padding_normal\" style=\"; --column-width:4;\" data-width=\"4\" data-bt-override-class=\"{}\"><div class=\"bt_bb_column_content\"><div class=\"bt_bb_column_content_inner\"><div data-bb-version=\"4.9.1\" class=\"bt_bb_image bt_bb_shape_square bt_bb_target_self bt_bb_align_inherit bt_bb_hover_style_simple bt_bb_content_display_always bt_bb_content_align_middle bt_bb_remove_padding_yes bt_bb_fill_background_color_full\" data-bt-override-class=\"{&quot;bt_bb_align_&quot;:{&quot;current_class&quot;:&quot;bt_bb_align_inherit&quot;,&quot;def&quot;:&quot;inherit&quot;}}\"><span><img loading=\"lazy\" decoding=\"async\" width=\"1920\" height=\"1080\" src=\"https:\/\/fgti-distribution.fr\/wp-content\/uploads\/2024\/06\/membrane-ptfe-4.jpg\" class=\"attachment-full size-full\" alt=\"Membrane PTFE\" data-full_image_src=\"https:\/\/fgti-distribution.fr\/wp-content\/uploads\/2024\/06\/membrane-ptfe-4.jpg\" srcset=\"https:\/\/fgti-distribution.fr\/wp-content\/uploads\/2024\/06\/membrane-ptfe-4.jpg 1920w, https:\/\/fgti-distribution.fr\/wp-content\/uploads\/2024\/06\/membrane-ptfe-4-640x360.jpg 640w, https:\/\/fgti-distribution.fr\/wp-content\/uploads\/2024\/06\/membrane-ptfe-4-1280x720.jpg 1280w, https:\/\/fgti-distribution.fr\/wp-content\/uploads\/2024\/06\/membrane-ptfe-4-768x432.jpg 768w, https:\/\/fgti-distribution.fr\/wp-content\/uploads\/2024\/06\/membrane-ptfe-4-1536x864.jpg 1536w, https:\/\/fgti-distribution.fr\/wp-content\/uploads\/2024\/06\/membrane-ptfe-4-320x180.jpg 320w\" sizes=\"auto, (max-width: 1920px) 100vw, 1920px\" \/><\/span><\/div><\/div><\/div><\/div><\/div><\/div><div class=\"bt_bb_row\"  data-bt-override-class=\"{}\"><div class=\"bt_bb_row_holder\" ><div  class=\"bt_bb_column col-xxl-4 col-xl-4 col-xs-12 col-sm-12 col-md-12 col-lg-4 bt_bb_vertical_align_top bt_bb_align_left bt_bb_padding_normal\" style=\"; --column-width:4;\" data-width=\"4\" data-bt-override-class=\"{}\"><div class=\"bt_bb_column_content\"><div class=\"bt_bb_column_content_inner\"><div data-bb-version=\"4.9.1\" class=\"bt_bb_image bt_bb_shape_square bt_bb_target_self bt_bb_align_inherit bt_bb_hover_style_simple bt_bb_content_display_always bt_bb_content_align_middle bt_bb_remove_padding_yes bt_bb_fill_background_color_full\" data-bt-override-class=\"{&quot;bt_bb_align_&quot;:{&quot;current_class&quot;:&quot;bt_bb_align_inherit&quot;,&quot;def&quot;:&quot;inherit&quot;}}\"><span><img loading=\"lazy\" decoding=\"async\" width=\"1920\" height=\"1080\" src=\"https:\/\/fgti-distribution.fr\/wp-content\/uploads\/2024\/06\/membrane-ptfe-5.jpg\" class=\"attachment-full size-full\" alt=\"Membrane PTFE\" data-full_image_src=\"https:\/\/fgti-distribution.fr\/wp-content\/uploads\/2024\/06\/membrane-ptfe-5.jpg\" srcset=\"https:\/\/fgti-distribution.fr\/wp-content\/uploads\/2024\/06\/membrane-ptfe-5.jpg 1920w, https:\/\/fgti-distribution.fr\/wp-content\/uploads\/2024\/06\/membrane-ptfe-5-640x360.jpg 640w, https:\/\/fgti-distribution.fr\/wp-content\/uploads\/2024\/06\/membrane-ptfe-5-1280x720.jpg 1280w, https:\/\/fgti-distribution.fr\/wp-content\/uploads\/2024\/06\/membrane-ptfe-5-768x432.jpg 768w, https:\/\/fgti-distribution.fr\/wp-content\/uploads\/2024\/06\/membrane-ptfe-5-1536x864.jpg 1536w, https:\/\/fgti-distribution.fr\/wp-content\/uploads\/2024\/06\/membrane-ptfe-5-320x180.jpg 320w\" sizes=\"auto, (max-width: 1920px) 100vw, 1920px\" \/><\/span><\/div><\/div><\/div><\/div><div  class=\"bt_bb_column col-xxl-8 col-xl-8 col-xs-12 col-sm-12 col-md-12 col-lg-8 bt_bb_vertical_align_top bt_bb_align_left bt_bb_padding_normal\" style=\"; --column-width:8;\" data-width=\"8\" data-bt-override-class=\"{}\"><div class=\"bt_bb_column_content\"><div class=\"bt_bb_column_content_inner\"><div class=\"bt_bb_raw_content\"><b>Nos diaphragmes sont fabriqu\u00e9s sur-mesure par usinage<\/b><br \/>\n<i class=\"fa fa-arrow-right\" aria-hidden=\"true\"><\/i> Pas de frais d\u2019outillage<br \/>\n<i class=\"fa fa-arrow-right\" aria-hidden=\"true\"><\/i> Faibles quantit\u00e9s possibles<br \/>\n<i class=\"fa fa-arrow-right\" aria-hidden=\"true\"><\/i> Plus de libert\u00e9 dans la conception<br \/>\n<br \/><\/div><\/div><\/div><\/div><\/div><\/div><div class=\"bt_bb_row\"  data-bt-override-class=\"{}\"><div class=\"bt_bb_row_holder\" ><div  class=\"bt_bb_column col-xxl-12 col-xl-12 col-xs-12 col-sm-12 col-md-12 col-lg-12 bt_bb_vertical_align_top bt_bb_align_left bt_bb_padding_normal\" style=\"; --column-width:12;\" data-width=\"12\" data-bt-override-class=\"{}\"><div class=\"bt_bb_column_content\"><div class=\"bt_bb_column_content_inner\"><div data-bb-version=\"4.9.1\" class=\"bt_bb_separator bt_bb_top_spacing_large bt_bb_bottom_spacing_no_spacing bt_bb_border_style_none\" data-bt-override-class=\"{&quot;bt_bb_top_spacing_&quot;:{&quot;current_class&quot;:&quot;bt_bb_top_spacing_large&quot;,&quot;def&quot;:&quot;large&quot;},&quot;bt_bb_bottom_spacing_&quot;:{&quot;current_class&quot;:&quot;bt_bb_bottom_spacing_no_spacing&quot;,&quot;def&quot;:&quot;no_spacing&quot;}}\"><\/div><\/div><\/div><\/div><\/div><\/div><\/div><!-- cell_inner --><\/div><!-- cell --><\/div><!-- port --><\/section>","protected":false},"excerpt":{"rendered":"","protected":false},"author":1,"featured_media":7721,"parent":4313,"menu_order":0,"comment_status":"closed","ping_status":"closed","template":"","meta":{"footnotes":""},"class_list":["post-7205","page","type-page","status-publish","has-post-thumbnail","hentry"],"yoast_head":"<!-- This site is optimized with the Yoast SEO plugin v27.3 - https:\/\/yoast.com\/product\/yoast-seo-wordpress\/ -->\n<title>FGTI Distribution - Membranes \/ diaphragmes en PTFE<\/title>\n<meta name=\"description\" content=\"FGTI Distribution - Membranes \/ diaphragmes en PTFE -\" \/>\n<meta name=\"robots\" content=\"index, follow, max-snippet:-1, max-image-preview:large, max-video-preview:-1\" \/>\n<link rel=\"canonical\" href=\"https:\/\/fgti-distribution.fr\/es\/composites-haute-performance\/membranes-ptfe\/\" \/>\n<meta property=\"og:locale\" content=\"es_ES\" \/>\n<meta property=\"og:type\" content=\"article\" \/>\n<meta property=\"og:title\" content=\"FGTI Distribution - Membranes \/ diaphragmes en PTFE\" \/>\n<meta property=\"og:description\" content=\"FGTI Distribution - Membranes \/ diaphragmes en PTFE -\" \/>\n<meta property=\"og:url\" content=\"https:\/\/fgti-distribution.fr\/es\/composites-haute-performance\/membranes-ptfe\/\" \/>\n<meta property=\"og:site_name\" content=\"FGTI Distribution\" \/>\n<meta property=\"article:modified_time\" content=\"2024-06-19T16:29:13+00:00\" \/>\n<meta property=\"og:image\" content=\"https:\/\/fgti-distribution.fr\/wp-content\/uploads\/2023\/03\/membrane-ptfe.jpg\" \/>\n\t<meta property=\"og:image:width\" content=\"1600\" \/>\n\t<meta property=\"og:image:height\" content=\"430\" \/>\n\t<meta property=\"og:image:type\" content=\"image\/jpeg\" \/>\n<meta name=\"twitter:card\" content=\"summary_large_image\" \/>\n<meta name=\"twitter:label1\" content=\"Est. reading time\" \/>\n\t<meta name=\"twitter:data1\" content=\"2 minutos\" \/>\n<script type=\"application\/ld+json\" class=\"yoast-schema-graph\">{\"@context\":\"https:\\\/\\\/schema.org\",\"@graph\":[{\"@type\":\"WebPage\",\"@id\":\"https:\\\/\\\/fgti-distribution.fr\\\/composites-haute-performance\\\/membranes-ptfe\\\/\",\"url\":\"https:\\\/\\\/fgti-distribution.fr\\\/composites-haute-performance\\\/membranes-ptfe\\\/\",\"name\":\"FGTI Distribution - Membranes \\\/ diaphragmes en PTFE\",\"isPartOf\":{\"@id\":\"https:\\\/\\\/fgti-distribution.fr\\\/#website\"},\"primaryImageOfPage\":{\"@id\":\"https:\\\/\\\/fgti-distribution.fr\\\/composites-haute-performance\\\/membranes-ptfe\\\/#primaryimage\"},\"image\":{\"@id\":\"https:\\\/\\\/fgti-distribution.fr\\\/composites-haute-performance\\\/membranes-ptfe\\\/#primaryimage\"},\"thumbnailUrl\":\"https:\\\/\\\/fgti-distribution.fr\\\/wp-content\\\/uploads\\\/2023\\\/03\\\/membrane-ptfe.jpg\",\"datePublished\":\"2023-02-09T23:35:40+00:00\",\"dateModified\":\"2024-06-19T16:29:13+00:00\",\"description\":\"FGTI Distribution - Membranes \\\/ diaphragmes en PTFE -\",\"breadcrumb\":{\"@id\":\"https:\\\/\\\/fgti-distribution.fr\\\/composites-haute-performance\\\/membranes-ptfe\\\/#breadcrumb\"},\"inLanguage\":\"es\",\"potentialAction\":[{\"@type\":\"ReadAction\",\"target\":[\"https:\\\/\\\/fgti-distribution.fr\\\/composites-haute-performance\\\/membranes-ptfe\\\/\"]}]},{\"@type\":\"ImageObject\",\"inLanguage\":\"es\",\"@id\":\"https:\\\/\\\/fgti-distribution.fr\\\/composites-haute-performance\\\/membranes-ptfe\\\/#primaryimage\",\"url\":\"https:\\\/\\\/fgti-distribution.fr\\\/wp-content\\\/uploads\\\/2023\\\/03\\\/membrane-ptfe.jpg\",\"contentUrl\":\"https:\\\/\\\/fgti-distribution.fr\\\/wp-content\\\/uploads\\\/2023\\\/03\\\/membrane-ptfe.jpg\",\"width\":1600,\"height\":430,\"caption\":\"Membrane PTFE\"},{\"@type\":\"BreadcrumbList\",\"@id\":\"https:\\\/\\\/fgti-distribution.fr\\\/composites-haute-performance\\\/membranes-ptfe\\\/#breadcrumb\",\"itemListElement\":[{\"@type\":\"ListItem\",\"position\":1,\"name\":\"Home\",\"item\":\"https:\\\/\\\/fgti-distribution.fr\\\/\"},{\"@type\":\"ListItem\",\"position\":2,\"name\":\"Composites haute performance\",\"item\":\"https:\\\/\\\/fgti-distribution.fr\\\/composites-haute-performance\\\/\"},{\"@type\":\"ListItem\",\"position\":3,\"name\":\"Membranes \\\/ diaphragmes en PTFE\"}]},{\"@type\":\"WebSite\",\"@id\":\"https:\\\/\\\/fgti-distribution.fr\\\/#website\",\"url\":\"https:\\\/\\\/fgti-distribution.fr\\\/\",\"name\":\"FGTI Distribution\",\"description\":\"Pi\u00e8ces techniques et services \u00e0 forte valeur ajout\u00e9e\",\"publisher\":{\"@id\":\"https:\\\/\\\/fgti-distribution.fr\\\/#organization\"},\"alternateName\":\"FGTI Distribution\",\"potentialAction\":[{\"@type\":\"SearchAction\",\"target\":{\"@type\":\"EntryPoint\",\"urlTemplate\":\"https:\\\/\\\/fgti-distribution.fr\\\/?s={search_term_string}\"},\"query-input\":{\"@type\":\"PropertyValueSpecification\",\"valueRequired\":true,\"valueName\":\"search_term_string\"}}],\"inLanguage\":\"es\"},{\"@type\":\"Organization\",\"@id\":\"https:\\\/\\\/fgti-distribution.fr\\\/#organization\",\"name\":\"FGTI Distribution\",\"alternateName\":\"FGTI Distribution\",\"url\":\"https:\\\/\\\/fgti-distribution.fr\\\/\",\"logo\":{\"@type\":\"ImageObject\",\"inLanguage\":\"es\",\"@id\":\"https:\\\/\\\/fgti-distribution.fr\\\/#\\\/schema\\\/logo\\\/image\\\/\",\"url\":\"https:\\\/\\\/fgti-distribution.fr\\\/wp-content\\\/uploads\\\/2022\\\/12\\\/logo.png\",\"contentUrl\":\"https:\\\/\\\/fgti-distribution.fr\\\/wp-content\\\/uploads\\\/2022\\\/12\\\/logo.png\",\"width\":500,\"height\":228,\"caption\":\"FGTI Distribution\"},\"image\":{\"@id\":\"https:\\\/\\\/fgti-distribution.fr\\\/#\\\/schema\\\/logo\\\/image\\\/\"},\"sameAs\":[\"https:\\\/\\\/www.linkedin.com\\\/company\\\/fgti-distribution\\\/\"]}]}<\/script>\n<!-- \/ Yoast SEO plugin. -->","yoast_head_json":{"title":"FGTI Distribution - Membranes \/ diaphragmes en PTFE","description":"FGTI Distribution - Membranes \/ diaphragmes en PTFE -","robots":{"index":"index","follow":"follow","max-snippet":"max-snippet:-1","max-image-preview":"max-image-preview:large","max-video-preview":"max-video-preview:-1"},"canonical":"https:\/\/fgti-distribution.fr\/es\/composites-haute-performance\/membranes-ptfe\/","og_locale":"es_ES","og_type":"article","og_title":"FGTI Distribution - Membranes \/ diaphragmes en PTFE","og_description":"FGTI Distribution - Membranes \/ diaphragmes en PTFE -","og_url":"https:\/\/fgti-distribution.fr\/es\/composites-haute-performance\/membranes-ptfe\/","og_site_name":"FGTI Distribution","article_modified_time":"2024-06-19T16:29:13+00:00","og_image":[{"width":1600,"height":430,"url":"https:\/\/fgti-distribution.fr\/wp-content\/uploads\/2023\/03\/membrane-ptfe.jpg","type":"image\/jpeg"}],"twitter_card":"summary_large_image","twitter_misc":{"Est. reading time":"2 minutos"},"schema":{"@context":"https:\/\/schema.org","@graph":[{"@type":"WebPage","@id":"https:\/\/fgti-distribution.fr\/composites-haute-performance\/membranes-ptfe\/","url":"https:\/\/fgti-distribution.fr\/composites-haute-performance\/membranes-ptfe\/","name":"FGTI Distribution - Membranes \/ diaphragmes en PTFE","isPartOf":{"@id":"https:\/\/fgti-distribution.fr\/#website"},"primaryImageOfPage":{"@id":"https:\/\/fgti-distribution.fr\/composites-haute-performance\/membranes-ptfe\/#primaryimage"},"image":{"@id":"https:\/\/fgti-distribution.fr\/composites-haute-performance\/membranes-ptfe\/#primaryimage"},"thumbnailUrl":"https:\/\/fgti-distribution.fr\/wp-content\/uploads\/2023\/03\/membrane-ptfe.jpg","datePublished":"2023-02-09T23:35:40+00:00","dateModified":"2024-06-19T16:29:13+00:00","description":"FGTI Distribution - Membranes \/ diaphragmes en PTFE -","breadcrumb":{"@id":"https:\/\/fgti-distribution.fr\/composites-haute-performance\/membranes-ptfe\/#breadcrumb"},"inLanguage":"es","potentialAction":[{"@type":"ReadAction","target":["https:\/\/fgti-distribution.fr\/composites-haute-performance\/membranes-ptfe\/"]}]},{"@type":"ImageObject","inLanguage":"es","@id":"https:\/\/fgti-distribution.fr\/composites-haute-performance\/membranes-ptfe\/#primaryimage","url":"https:\/\/fgti-distribution.fr\/wp-content\/uploads\/2023\/03\/membrane-ptfe.jpg","contentUrl":"https:\/\/fgti-distribution.fr\/wp-content\/uploads\/2023\/03\/membrane-ptfe.jpg","width":1600,"height":430,"caption":"Membrane PTFE"},{"@type":"BreadcrumbList","@id":"https:\/\/fgti-distribution.fr\/composites-haute-performance\/membranes-ptfe\/#breadcrumb","itemListElement":[{"@type":"ListItem","position":1,"name":"Home","item":"https:\/\/fgti-distribution.fr\/"},{"@type":"ListItem","position":2,"name":"Composites haute performance","item":"https:\/\/fgti-distribution.fr\/composites-haute-performance\/"},{"@type":"ListItem","position":3,"name":"Membranes \/ diaphragmes en PTFE"}]},{"@type":"WebSite","@id":"https:\/\/fgti-distribution.fr\/#website","url":"https:\/\/fgti-distribution.fr\/","name":"Distribuci\u00f3n FGTI","description":"Piezas t\u00e9cnicas y servicios de alto valor a\u00f1adido","publisher":{"@id":"https:\/\/fgti-distribution.fr\/#organization"},"alternateName":"FGTI Distribution","potentialAction":[{"@type":"SearchAction","target":{"@type":"EntryPoint","urlTemplate":"https:\/\/fgti-distribution.fr\/?s={search_term_string}"},"query-input":{"@type":"PropertyValueSpecification","valueRequired":true,"valueName":"search_term_string"}}],"inLanguage":"es"},{"@type":"Organization","@id":"https:\/\/fgti-distribution.fr\/#organization","name":"Distribuci\u00f3n FGTI","alternateName":"FGTI Distribution","url":"https:\/\/fgti-distribution.fr\/","logo":{"@type":"ImageObject","inLanguage":"es","@id":"https:\/\/fgti-distribution.fr\/#\/schema\/logo\/image\/","url":"https:\/\/fgti-distribution.fr\/wp-content\/uploads\/2022\/12\/logo.png","contentUrl":"https:\/\/fgti-distribution.fr\/wp-content\/uploads\/2022\/12\/logo.png","width":500,"height":228,"caption":"FGTI Distribution"},"image":{"@id":"https:\/\/fgti-distribution.fr\/#\/schema\/logo\/image\/"},"sameAs":["https:\/\/www.linkedin.com\/company\/fgti-distribution\/"]}]}},"_links":{"self":[{"href":"https:\/\/fgti-distribution.fr\/es\/wp-json\/wp\/v2\/pages\/7205","targetHints":{"allow":["GET"]}}],"collection":[{"href":"https:\/\/fgti-distribution.fr\/es\/wp-json\/wp\/v2\/pages"}],"about":[{"href":"https:\/\/fgti-distribution.fr\/es\/wp-json\/wp\/v2\/types\/page"}],"author":[{"embeddable":true,"href":"https:\/\/fgti-distribution.fr\/es\/wp-json\/wp\/v2\/users\/1"}],"replies":[{"embeddable":true,"href":"https:\/\/fgti-distribution.fr\/es\/wp-json\/wp\/v2\/comments?post=7205"}],"version-history":[{"count":17,"href":"https:\/\/fgti-distribution.fr\/es\/wp-json\/wp\/v2\/pages\/7205\/revisions"}],"predecessor-version":[{"id":9863,"href":"https:\/\/fgti-distribution.fr\/es\/wp-json\/wp\/v2\/pages\/7205\/revisions\/9863"}],"up":[{"embeddable":true,"href":"https:\/\/fgti-distribution.fr\/es\/wp-json\/wp\/v2\/pages\/4313"}],"wp:featuredmedia":[{"embeddable":true,"href":"https:\/\/fgti-distribution.fr\/es\/wp-json\/wp\/v2\/media\/7721"}],"wp:attachment":[{"href":"https:\/\/fgti-distribution.fr\/es\/wp-json\/wp\/v2\/media?parent=7205"}],"curies":[{"name":"wp","href":"https:\/\/api.w.org\/{rel}","templated":true}]}}