{"id":7982,"date":"2023-06-28T14:11:14","date_gmt":"2023-06-28T14:11:14","guid":{"rendered":"https:\/\/fgti-distribution.fr\/?page_id=7982"},"modified":"2024-02-15T12:46:24","modified_gmt":"2024-02-15T12:46:24","slug":"politique-qualite","status":"publish","type":"page","link":"https:\/\/fgti-distribution.fr\/es\/politique-qualite\/","title":{"rendered":"Pol\u00edtica de calidad"},"content":{"rendered":"<section id=\"bt_bb_section69d02403eefc2\" class=\"bt_bb_section bt_bb_layout_boxed_1200\"  data-bt-override-class=\"null\"><div class=\"bt_bb_port\"><div class=\"bt_bb_cell\"><div class=\"bt_bb_cell_inner\"><div class=\"bt_bb_row\"  data-bt-override-class=\"{}\"><div class=\"bt_bb_row_holder\" ><div  class=\"bt_bb_column col-xxl-12 col-xl-12 col-xs-12 col-sm-12 col-md-12 col-lg-12 bt_bb_vertical_align_top bt_bb_align_left bt_bb_padding_normal\" style=\"; --column-width:12;\" data-width=\"12\" data-bt-override-class=\"{}\"><div class=\"bt_bb_column_content\"><div class=\"bt_bb_column_content_inner\"><div  class=\"bt_bb_text\" ><\/p>\n<p><em>La d\u00e9marche mise en place d\u2019un syst\u00e8me de management qualit\u00e9\u00a0ISO 9001, version 2015, a renforc\u00e9 notre conviction d\u2019\u0153uvrer pour une am\u00e9lioration continue dans le but de satisfaire nos clients. Nous souhaitons p\u00e9renniser notre entreprise sur le long-terme par une relation fiable et durable avec toutes les parties int\u00e9ress\u00e9es, nos clients mais aussi nos fournisseurs et nos collaborateurs.<\/em><\/p>\n<p><em>En ma qualit\u00e9 de premi\u00e8re responsable de l\u2019entreprise, je m\u2019engage \u00e0 respecter et \u00e0 faire respecter toutes les dispositions prises dans une perspective d\u2019am\u00e9lioration et de formalisation continue, avec l\u2019implication de tous, en mettant \u00e0 disposition toutes les ressources humaines et mat\u00e9rielles. Il s\u2019agira plus particuli\u00e8rement\u00a0:<\/em><\/p>\n<ul>\n<li><em>De fid\u00e9liser les clients et les fournisseurs pour r\u00e9pondre \u00e0 leurs exigences et \u00e0 leurs attentes<\/em><\/li>\n<li><em>D\u2019assurer la veille et l\u2019am\u00e9lioration du syst\u00e8me de management par l\u2019application de la norme<\/em><\/li>\n<li><em>D\u2019assurer une organisation interne optimale ainsi qu\u2019une qualification permanente de nos collaborateurs<\/em><\/li>\n<\/ul>\n<p><em>J\u2019ai une confiance totale dans la comp\u00e9tence technique et commerciale, ainsi que dans le sens des responsabilit\u00e9s de tous mes collaborateurs pour aboutir \u00e0 un syst\u00e8me de management qualit\u00e9 efficace<\/em><\/p>\n<p><em>La g\u00e9rante<\/em><\/p>\n<p><em>Michelle STEYER<\/em><\/p>\n<p>\n<\/div><\/div><\/div><\/div><\/div><\/div><\/div><!-- cell_inner --><\/div><!-- cell --><\/div><!-- port --><\/section>","protected":false},"excerpt":{"rendered":"","protected":false},"author":4,"featured_media":0,"parent":0,"menu_order":0,"comment_status":"closed","ping_status":"closed","template":"","meta":{"footnotes":""},"class_list":["post-7982","page","type-page","status-publish","hentry"],"yoast_head":"<!-- This site is optimized with the Yoast SEO plugin v27.3 - https:\/\/yoast.com\/product\/yoast-seo-wordpress\/ -->\n<title>FGTI Distribution - Politique qualit\u00e9<\/title>\n<meta name=\"description\" content=\"FGTI Distribution - Politique qualit\u00e9 -\" \/>\n<meta name=\"robots\" content=\"noindex, follow\" \/>\n<meta property=\"og:locale\" content=\"es_ES\" \/>\n<meta property=\"og:type\" content=\"article\" \/>\n<meta property=\"og:title\" content=\"FGTI Distribution - Politique qualit\u00e9\" \/>\n<meta property=\"og:description\" content=\"FGTI Distribution - Politique qualit\u00e9 -\" \/>\n<meta property=\"og:url\" content=\"https:\/\/fgti-distribution.fr\/es\/politique-qualite\/\" \/>\n<meta property=\"og:site_name\" content=\"FGTI Distribution\" \/>\n<meta property=\"article:modified_time\" content=\"2024-02-15T12:46:24+00:00\" \/>\n<meta name=\"twitter:card\" content=\"summary_large_image\" \/>\n<meta name=\"twitter:label1\" content=\"Est. reading time\" \/>\n\t<meta name=\"twitter:data1\" content=\"1 minuto\" \/>\n<script type=\"application\/ld+json\" class=\"yoast-schema-graph\">{\"@context\":\"https:\\\/\\\/schema.org\",\"@graph\":[{\"@type\":\"WebPage\",\"@id\":\"https:\\\/\\\/fgti-distribution.fr\\\/politique-qualite\\\/\",\"url\":\"https:\\\/\\\/fgti-distribution.fr\\\/politique-qualite\\\/\",\"name\":\"FGTI Distribution - Politique qualit\u00e9\",\"isPartOf\":{\"@id\":\"https:\\\/\\\/fgti-distribution.fr\\\/#website\"},\"datePublished\":\"2023-06-28T14:11:14+00:00\",\"dateModified\":\"2024-02-15T12:46:24+00:00\",\"description\":\"FGTI Distribution - Politique qualit\u00e9 -\",\"breadcrumb\":{\"@id\":\"https:\\\/\\\/fgti-distribution.fr\\\/politique-qualite\\\/#breadcrumb\"},\"inLanguage\":\"es\",\"potentialAction\":[{\"@type\":\"ReadAction\",\"target\":[\"https:\\\/\\\/fgti-distribution.fr\\\/politique-qualite\\\/\"]}]},{\"@type\":\"BreadcrumbList\",\"@id\":\"https:\\\/\\\/fgti-distribution.fr\\\/politique-qualite\\\/#breadcrumb\",\"itemListElement\":[{\"@type\":\"ListItem\",\"position\":1,\"name\":\"Home\",\"item\":\"https:\\\/\\\/fgti-distribution.fr\\\/\"},{\"@type\":\"ListItem\",\"position\":2,\"name\":\"Politique qualit\u00e9\"}]},{\"@type\":\"WebSite\",\"@id\":\"https:\\\/\\\/fgti-distribution.fr\\\/#website\",\"url\":\"https:\\\/\\\/fgti-distribution.fr\\\/\",\"name\":\"FGTI Distribution\",\"description\":\"Pi\u00e8ces techniques et services \u00e0 forte valeur ajout\u00e9e\",\"publisher\":{\"@id\":\"https:\\\/\\\/fgti-distribution.fr\\\/#organization\"},\"alternateName\":\"FGTI Distribution\",\"potentialAction\":[{\"@type\":\"SearchAction\",\"target\":{\"@type\":\"EntryPoint\",\"urlTemplate\":\"https:\\\/\\\/fgti-distribution.fr\\\/?s={search_term_string}\"},\"query-input\":{\"@type\":\"PropertyValueSpecification\",\"valueRequired\":true,\"valueName\":\"search_term_string\"}}],\"inLanguage\":\"es\"},{\"@type\":\"Organization\",\"@id\":\"https:\\\/\\\/fgti-distribution.fr\\\/#organization\",\"name\":\"FGTI Distribution\",\"alternateName\":\"FGTI Distribution\",\"url\":\"https:\\\/\\\/fgti-distribution.fr\\\/\",\"logo\":{\"@type\":\"ImageObject\",\"inLanguage\":\"es\",\"@id\":\"https:\\\/\\\/fgti-distribution.fr\\\/#\\\/schema\\\/logo\\\/image\\\/\",\"url\":\"https:\\\/\\\/fgti-distribution.fr\\\/wp-content\\\/uploads\\\/2022\\\/12\\\/logo.png\",\"contentUrl\":\"https:\\\/\\\/fgti-distribution.fr\\\/wp-content\\\/uploads\\\/2022\\\/12\\\/logo.png\",\"width\":500,\"height\":228,\"caption\":\"FGTI Distribution\"},\"image\":{\"@id\":\"https:\\\/\\\/fgti-distribution.fr\\\/#\\\/schema\\\/logo\\\/image\\\/\"},\"sameAs\":[\"https:\\\/\\\/www.linkedin.com\\\/company\\\/fgti-distribution\\\/\"]}]}<\/script>\n<!-- \/ Yoast SEO plugin. -->","yoast_head_json":{"title":"FGTI Distribution - Politique qualit\u00e9","description":"FGTI Distribution - Politique qualit\u00e9 -","robots":{"index":"noindex","follow":"follow"},"og_locale":"es_ES","og_type":"article","og_title":"FGTI Distribution - Politique qualit\u00e9","og_description":"FGTI Distribution - Politique qualit\u00e9 -","og_url":"https:\/\/fgti-distribution.fr\/es\/politique-qualite\/","og_site_name":"FGTI Distribution","article_modified_time":"2024-02-15T12:46:24+00:00","twitter_card":"summary_large_image","twitter_misc":{"Est. reading time":"1 minuto"},"schema":{"@context":"https:\/\/schema.org","@graph":[{"@type":"WebPage","@id":"https:\/\/fgti-distribution.fr\/politique-qualite\/","url":"https:\/\/fgti-distribution.fr\/politique-qualite\/","name":"FGTI Distribution - Politique qualit\u00e9","isPartOf":{"@id":"https:\/\/fgti-distribution.fr\/#website"},"datePublished":"2023-06-28T14:11:14+00:00","dateModified":"2024-02-15T12:46:24+00:00","description":"FGTI Distribution - Politique qualit\u00e9 -","breadcrumb":{"@id":"https:\/\/fgti-distribution.fr\/politique-qualite\/#breadcrumb"},"inLanguage":"es","potentialAction":[{"@type":"ReadAction","target":["https:\/\/fgti-distribution.fr\/politique-qualite\/"]}]},{"@type":"BreadcrumbList","@id":"https:\/\/fgti-distribution.fr\/politique-qualite\/#breadcrumb","itemListElement":[{"@type":"ListItem","position":1,"name":"Home","item":"https:\/\/fgti-distribution.fr\/"},{"@type":"ListItem","position":2,"name":"Politique qualit\u00e9"}]},{"@type":"WebSite","@id":"https:\/\/fgti-distribution.fr\/#website","url":"https:\/\/fgti-distribution.fr\/","name":"Distribuci\u00f3n FGTI","description":"Piezas t\u00e9cnicas y servicios de alto valor a\u00f1adido","publisher":{"@id":"https:\/\/fgti-distribution.fr\/#organization"},"alternateName":"FGTI Distribution","potentialAction":[{"@type":"SearchAction","target":{"@type":"EntryPoint","urlTemplate":"https:\/\/fgti-distribution.fr\/?s={search_term_string}"},"query-input":{"@type":"PropertyValueSpecification","valueRequired":true,"valueName":"search_term_string"}}],"inLanguage":"es"},{"@type":"Organization","@id":"https:\/\/fgti-distribution.fr\/#organization","name":"Distribuci\u00f3n FGTI","alternateName":"FGTI Distribution","url":"https:\/\/fgti-distribution.fr\/","logo":{"@type":"ImageObject","inLanguage":"es","@id":"https:\/\/fgti-distribution.fr\/#\/schema\/logo\/image\/","url":"https:\/\/fgti-distribution.fr\/wp-content\/uploads\/2022\/12\/logo.png","contentUrl":"https:\/\/fgti-distribution.fr\/wp-content\/uploads\/2022\/12\/logo.png","width":500,"height":228,"caption":"FGTI Distribution"},"image":{"@id":"https:\/\/fgti-distribution.fr\/#\/schema\/logo\/image\/"},"sameAs":["https:\/\/www.linkedin.com\/company\/fgti-distribution\/"]}]}},"_links":{"self":[{"href":"https:\/\/fgti-distribution.fr\/es\/wp-json\/wp\/v2\/pages\/7982","targetHints":{"allow":["GET"]}}],"collection":[{"href":"https:\/\/fgti-distribution.fr\/es\/wp-json\/wp\/v2\/pages"}],"about":[{"href":"https:\/\/fgti-distribution.fr\/es\/wp-json\/wp\/v2\/types\/page"}],"author":[{"embeddable":true,"href":"https:\/\/fgti-distribution.fr\/es\/wp-json\/wp\/v2\/users\/4"}],"replies":[{"embeddable":true,"href":"https:\/\/fgti-distribution.fr\/es\/wp-json\/wp\/v2\/comments?post=7982"}],"version-history":[{"count":3,"href":"https:\/\/fgti-distribution.fr\/es\/wp-json\/wp\/v2\/pages\/7982\/revisions"}],"predecessor-version":[{"id":7985,"href":"https:\/\/fgti-distribution.fr\/es\/wp-json\/wp\/v2\/pages\/7982\/revisions\/7985"}],"wp:attachment":[{"href":"https:\/\/fgti-distribution.fr\/es\/wp-json\/wp\/v2\/media?parent=7982"}],"curies":[{"name":"wp","href":"https:\/\/api.w.org\/{rel}","templated":true}]}}