{"id":80,"date":"2012-05-06T12:58:24","date_gmt":"2012-05-06T12:58:24","guid":{"rendered":"https:\/\/fgti-distribution.fr\/?page_id=80"},"modified":"2023-05-16T13:19:15","modified_gmt":"2023-05-16T13:19:15","slug":"conditions-generales-de-vente","status":"publish","type":"page","link":"https:\/\/fgti-distribution.fr\/es\/conditions-generales-de-vente\/","title":{"rendered":"T\u00e9rminos y condiciones de venta"},"content":{"rendered":"<section id=\"bt_bb_section69d023c335f70\" class=\"bt_bb_section bt_bb_layout_boxed_1200\"  data-bt-override-class=\"null\"><div class=\"bt_bb_port\"><div class=\"bt_bb_cell\"><div class=\"bt_bb_cell_inner\"><div class=\"bt_bb_row\"  data-bt-override-class=\"{}\"><div class=\"bt_bb_row_holder\" ><div  class=\"bt_bb_column col-xxl-12 col-xl-12 col-xs-12 col-sm-12 col-md-12 col-lg-12 bt_bb_vertical_align_top bt_bb_align_left bt_bb_padding_normal\" style=\"; --column-width:12;\" data-width=\"12\" data-bt-override-class=\"{}\"><div class=\"bt_bb_column_content\"><div class=\"bt_bb_column_content_inner\"><div class=\"bt_bb_raw_content\"><div style=\"color: #BABABA; font-size: 12px; width: 100%; padding-bottom: 20px;\">FGTI-Distribution > Conditions g\u00e9n\u00e9rales de vente<\/div><\/div><div class=\"bt_bb_row_inner\"   data-bt-override-class=\"{}\"><div class=\"bt_bb_row_inner_holder\"  ><div  class=\"bt_bb_column_inner col-xxl-12 col-xl-12 col-xs-12 col-sm-12 col-md-12 col-lg-12 bt_bb_vertical_align_top bt_bb_align_left bt_bb_padding_normal\"  data-width=\"12\" data-bt-override-class=\"{}\"><div class=\"bt_bb_column_inner_content\"><div class=\"bt_bb_column_inner_content_inner\"><div class=\"bt_bb_raw_content\"><p style=\"padding: 0 50px; font-size: 12px;\"><strong>CONDITIONS G&Eacute;N&Eacute;RALES DE VENTES<\/strong>\n<br \/><br \/>\nNos conditions de vente, de livraison et de paiement sont applicables \u00e0 toutes nos livraisons. Elles font seules foi et ne peuvent \u00eatre infirm\u00e9es ou modifi\u00e9es par d\u2019autres conditions ins\u00e9r\u00e9es ou figurant dans les bons de commande ou dans la correspondance, que par une acceptation expresse de notre part.\nEn aucun cas ces ordres et commandes ne peuvent \u00eatre assortis de clauses conditionnelles \u00e0 la demande de l\u2019acheteur, et tous engagements pris par nos repr\u00e9sentants ou autres d\u00e9l\u00e9gu\u00e9s de notre Soci\u00e9t\u00e9 ne peuvent nous lier que par une confirmation \u00e9crite ou sign\u00e9e \u00e9manant directement de notre Soci\u00e9t\u00e9.\nNos prix s\u2019entendent en \u20ac (euro) et constituent notre tarif de base.\n<br \/><br \/>\nNos exp\u00e9ditions s\u2019entendent d\u00e9part notre site de Andard (49) sauf sp\u00e9cifications contraires. Nos marchandises voyagent toujours aux risques et p\u00e9rils du destinataire m\u00eame en cas d\u2019exp\u00e9dition franco de port. Toute marchandise devra \u00eatre v\u00e9rifi\u00e9e \u00e0 la r\u00e9ception et les r\u00e9clamations, pour \u00eatre valables, devront \u00eatre faites dans les 48 heures \u00e0 la r\u00e9ception desdites marchandises. En cas d\u2019avarie constat\u00e9e \u00e0 la r\u00e9ception, aucune r\u00e9clamation ne sera admise si toutes les r\u00e9serves d\u2019usage n\u2019ont pas \u00e9t\u00e9 faites r\u00e9guli\u00e8rement aupr\u00e8s des transporteurs.\n<br \/><br \/>\nEn cas d\u2019erreur reconnue dans l\u2019ex\u00e9cution d\u2019une commande, nous ne sommes tenus qu\u2019au simple remplacement de la marchandise. La marchandise qui a d\u00e9j\u00e0 \u00e9t\u00e9 utilis\u00e9e ne peut \u00eatre remplac\u00e9e. Les retours ne sont accept\u00e9s qu\u2019apr\u00e8s accord pr\u00e9alable de notre part.\n<br \/><br \/>\nNos d\u00e9lais de livraison ne sont donn\u00e9s qu\u2019\u00e0 titre indicatif. Nous ne pourrions accepter de demande d\u2019annulation pour retard de livraison, hormis en cas de force majeure et apr\u00e8s une mise en demeure par lettre recommand\u00e9e nous accordant un d\u00e9lai de 15 jours pour exp\u00e9dition.\nSont notamment consid\u00e9r\u00e9s comme cas de force majeure pour l\u2019application de la pr\u00e9sente clause, la gr\u00e8ve, l\u2019inondation, l\u2019interruption des services de transports et autres clauses entravant de fa\u00e7on durable ou arr\u00eatant nos livraisons ou celles de nos fournisseurs habituels. En cas de force majeure, nous d\u00e9gageant de toute responsabilit\u00e9 quant aux d\u00e9lais de livraison, nous nous r\u00e9servons la facult\u00e9 soit de suspendre, soit d\u2019annuler les march\u00e9s en cours, le tout sans indemnit\u00e9s.\nTout d\u00e9faut de paiement aux dates fix\u00e9es lib\u00e8re imm\u00e9diatement la Soci\u00e9t\u00e9 de toute obligation, de quelque nature qu\u2019elle soit envers l\u2019acheteur.\nUn litige sur une affaire d\u00e9termin\u00e9e ne peut pas entra\u00eener le refus de paiement des produits exempts de contestation. D\u2019une mani\u00e8re g\u00e9n\u00e9rale, les termes de paiement ne peuvent \u00eatre retard\u00e9s sous quelque pr\u00e9texte que ce soit, m\u00eame litigieux. Nous nous r\u00e9servons tous droits et privil\u00e8ges jusqu\u2019au paiement int\u00e9gral de nos livraisons. En cas de retour des traites ou billets, les frais de retour, prot\u00eats, nouvelles n\u00e9gociations et int\u00e9r\u00eats dont \u00e0 la charge du tir\u00e9. Le retour d\u2019une traite impay\u00e9e entra\u00eene automatiquement l\u2019exigibilit\u00e9 de la totalit\u00e9 de la cr\u00e9ance.\n<br \/><br \/>\nEn cas de contestation sur ou \u00e0 l\u2019occasion d\u2019une livraison ou de son r\u00e8glement, les tribunaux d\u2019Angers sont seuls comp\u00e9tents, quelles que soient les conditions de ventes et le mode de paiement accept\u00e9, et m\u00eame en cas de demande incidente, pluralit\u00e9 de d\u00e9fendeurs ou appel en garantie, nonobstant toutes clauses contraires figurant \u00e9ventuellement dans les conditions g\u00e9n\u00e9rales de nos clients.\n<br \/><br \/>\nL\u2019acceptation d\u2019un r\u00e8glement par mandat, virement, traite, ch\u00e8que ou effets quelconques sur une autre ville qu\u2019Angers ne peut constituer en aucun cas d\u00e9rogation \u00e0 cette clause essentielle attributive de juridiction.\n<br \/><br \/>\nToute convention particuli\u00e8re ou toute d\u00e9rogation \u00e0 l\u2019une des pr\u00e9sentes conditions g\u00e9n\u00e9rales doit faire l\u2019objet de notre part de stipulations sp\u00e9ciales \u00e9crites, toutes les conditions g\u00e9n\u00e9rales d\u00e9finies ci-dessus, qui ne seraient pas express\u00e9ment modifi\u00e9es ou abrog\u00e9es par ces stipulations sp\u00e9ciales, conservant leur plein et entier effet.\n<\/p><\/div><\/div><\/div><\/div><\/div><\/div><\/div><\/div><\/div><\/div><\/div><\/div><!-- cell_inner --><\/div><!-- cell --><\/div><!-- port --><\/section>","protected":false},"excerpt":{"rendered":"","protected":false},"author":1,"featured_media":0,"parent":0,"menu_order":0,"comment_status":"closed","ping_status":"closed","template":"","meta":{"footnotes":""},"class_list":["post-80","page","type-page","status-publish","hentry"],"yoast_head":"<!-- This site is optimized with the Yoast SEO plugin v27.3 - https:\/\/yoast.com\/product\/yoast-seo-wordpress\/ -->\n<title>FGTI Distribution - Conditions g\u00e9n\u00e9rales de vente<\/title>\n<meta name=\"description\" content=\"FGTI Distribution - Conditions g\u00e9n\u00e9rales de vente -\" \/>\n<meta name=\"robots\" content=\"noindex, nofollow\" \/>\n<meta property=\"og:locale\" content=\"es_ES\" \/>\n<meta property=\"og:type\" content=\"article\" \/>\n<meta property=\"og:title\" content=\"FGTI Distribution - Conditions g\u00e9n\u00e9rales de vente\" \/>\n<meta property=\"og:description\" content=\"FGTI Distribution - Conditions g\u00e9n\u00e9rales de vente -\" \/>\n<meta property=\"og:url\" content=\"https:\/\/fgti-distribution.fr\/es\/conditions-generales-de-vente\/\" \/>\n<meta property=\"og:site_name\" content=\"FGTI Distribution\" \/>\n<meta property=\"article:modified_time\" content=\"2023-05-16T13:19:15+00:00\" \/>\n<meta name=\"twitter:card\" content=\"summary_large_image\" \/>\n<meta name=\"twitter:label1\" content=\"Est. reading time\" \/>\n\t<meta name=\"twitter:data1\" content=\"1 minuto\" \/>\n<script type=\"application\/ld+json\" class=\"yoast-schema-graph\">{\"@context\":\"https:\\\/\\\/schema.org\",\"@graph\":[{\"@type\":\"WebPage\",\"@id\":\"https:\\\/\\\/fgti-distribution.fr\\\/conditions-generales-de-vente\\\/\",\"url\":\"https:\\\/\\\/fgti-distribution.fr\\\/conditions-generales-de-vente\\\/\",\"name\":\"FGTI Distribution - Conditions g\u00e9n\u00e9rales de vente\",\"isPartOf\":{\"@id\":\"https:\\\/\\\/fgti-distribution.fr\\\/#website\"},\"datePublished\":\"2012-05-06T12:58:24+00:00\",\"dateModified\":\"2023-05-16T13:19:15+00:00\",\"description\":\"FGTI Distribution - Conditions g\u00e9n\u00e9rales de vente -\",\"breadcrumb\":{\"@id\":\"https:\\\/\\\/fgti-distribution.fr\\\/conditions-generales-de-vente\\\/#breadcrumb\"},\"inLanguage\":\"es\",\"potentialAction\":[{\"@type\":\"ReadAction\",\"target\":[\"https:\\\/\\\/fgti-distribution.fr\\\/conditions-generales-de-vente\\\/\"]}]},{\"@type\":\"BreadcrumbList\",\"@id\":\"https:\\\/\\\/fgti-distribution.fr\\\/conditions-generales-de-vente\\\/#breadcrumb\",\"itemListElement\":[{\"@type\":\"ListItem\",\"position\":1,\"name\":\"Home\",\"item\":\"https:\\\/\\\/fgti-distribution.fr\\\/\"},{\"@type\":\"ListItem\",\"position\":2,\"name\":\"Conditions g\u00e9n\u00e9rales de vente\"}]},{\"@type\":\"WebSite\",\"@id\":\"https:\\\/\\\/fgti-distribution.fr\\\/#website\",\"url\":\"https:\\\/\\\/fgti-distribution.fr\\\/\",\"name\":\"FGTI Distribution\",\"description\":\"Pi\u00e8ces techniques et services \u00e0 forte valeur ajout\u00e9e\",\"publisher\":{\"@id\":\"https:\\\/\\\/fgti-distribution.fr\\\/#organization\"},\"alternateName\":\"FGTI Distribution\",\"potentialAction\":[{\"@type\":\"SearchAction\",\"target\":{\"@type\":\"EntryPoint\",\"urlTemplate\":\"https:\\\/\\\/fgti-distribution.fr\\\/?s={search_term_string}\"},\"query-input\":{\"@type\":\"PropertyValueSpecification\",\"valueRequired\":true,\"valueName\":\"search_term_string\"}}],\"inLanguage\":\"es\"},{\"@type\":\"Organization\",\"@id\":\"https:\\\/\\\/fgti-distribution.fr\\\/#organization\",\"name\":\"FGTI Distribution\",\"alternateName\":\"FGTI Distribution\",\"url\":\"https:\\\/\\\/fgti-distribution.fr\\\/\",\"logo\":{\"@type\":\"ImageObject\",\"inLanguage\":\"es\",\"@id\":\"https:\\\/\\\/fgti-distribution.fr\\\/#\\\/schema\\\/logo\\\/image\\\/\",\"url\":\"https:\\\/\\\/fgti-distribution.fr\\\/wp-content\\\/uploads\\\/2022\\\/12\\\/logo.png\",\"contentUrl\":\"https:\\\/\\\/fgti-distribution.fr\\\/wp-content\\\/uploads\\\/2022\\\/12\\\/logo.png\",\"width\":500,\"height\":228,\"caption\":\"FGTI Distribution\"},\"image\":{\"@id\":\"https:\\\/\\\/fgti-distribution.fr\\\/#\\\/schema\\\/logo\\\/image\\\/\"},\"sameAs\":[\"https:\\\/\\\/www.linkedin.com\\\/company\\\/fgti-distribution\\\/\"]}]}<\/script>\n<!-- \/ Yoast SEO plugin. -->","yoast_head_json":{"title":"FGTI Distribution - Conditions g\u00e9n\u00e9rales de vente","description":"FGTI Distribution - Conditions g\u00e9n\u00e9rales de vente -","robots":{"index":"noindex","follow":"nofollow"},"og_locale":"es_ES","og_type":"article","og_title":"FGTI Distribution - Conditions g\u00e9n\u00e9rales de vente","og_description":"FGTI Distribution - Conditions g\u00e9n\u00e9rales de vente -","og_url":"https:\/\/fgti-distribution.fr\/es\/conditions-generales-de-vente\/","og_site_name":"FGTI Distribution","article_modified_time":"2023-05-16T13:19:15+00:00","twitter_card":"summary_large_image","twitter_misc":{"Est. reading time":"1 minuto"},"schema":{"@context":"https:\/\/schema.org","@graph":[{"@type":"WebPage","@id":"https:\/\/fgti-distribution.fr\/conditions-generales-de-vente\/","url":"https:\/\/fgti-distribution.fr\/conditions-generales-de-vente\/","name":"FGTI Distribution - Conditions g\u00e9n\u00e9rales de vente","isPartOf":{"@id":"https:\/\/fgti-distribution.fr\/#website"},"datePublished":"2012-05-06T12:58:24+00:00","dateModified":"2023-05-16T13:19:15+00:00","description":"FGTI Distribution - Conditions g\u00e9n\u00e9rales de vente -","breadcrumb":{"@id":"https:\/\/fgti-distribution.fr\/conditions-generales-de-vente\/#breadcrumb"},"inLanguage":"es","potentialAction":[{"@type":"ReadAction","target":["https:\/\/fgti-distribution.fr\/conditions-generales-de-vente\/"]}]},{"@type":"BreadcrumbList","@id":"https:\/\/fgti-distribution.fr\/conditions-generales-de-vente\/#breadcrumb","itemListElement":[{"@type":"ListItem","position":1,"name":"Home","item":"https:\/\/fgti-distribution.fr\/"},{"@type":"ListItem","position":2,"name":"Conditions g\u00e9n\u00e9rales de vente"}]},{"@type":"WebSite","@id":"https:\/\/fgti-distribution.fr\/#website","url":"https:\/\/fgti-distribution.fr\/","name":"Distribuci\u00f3n FGTI","description":"Piezas t\u00e9cnicas y servicios de alto valor a\u00f1adido","publisher":{"@id":"https:\/\/fgti-distribution.fr\/#organization"},"alternateName":"FGTI Distribution","potentialAction":[{"@type":"SearchAction","target":{"@type":"EntryPoint","urlTemplate":"https:\/\/fgti-distribution.fr\/?s={search_term_string}"},"query-input":{"@type":"PropertyValueSpecification","valueRequired":true,"valueName":"search_term_string"}}],"inLanguage":"es"},{"@type":"Organization","@id":"https:\/\/fgti-distribution.fr\/#organization","name":"Distribuci\u00f3n FGTI","alternateName":"FGTI Distribution","url":"https:\/\/fgti-distribution.fr\/","logo":{"@type":"ImageObject","inLanguage":"es","@id":"https:\/\/fgti-distribution.fr\/#\/schema\/logo\/image\/","url":"https:\/\/fgti-distribution.fr\/wp-content\/uploads\/2022\/12\/logo.png","contentUrl":"https:\/\/fgti-distribution.fr\/wp-content\/uploads\/2022\/12\/logo.png","width":500,"height":228,"caption":"FGTI Distribution"},"image":{"@id":"https:\/\/fgti-distribution.fr\/#\/schema\/logo\/image\/"},"sameAs":["https:\/\/www.linkedin.com\/company\/fgti-distribution\/"]}]}},"_links":{"self":[{"href":"https:\/\/fgti-distribution.fr\/es\/wp-json\/wp\/v2\/pages\/80","targetHints":{"allow":["GET"]}}],"collection":[{"href":"https:\/\/fgti-distribution.fr\/es\/wp-json\/wp\/v2\/pages"}],"about":[{"href":"https:\/\/fgti-distribution.fr\/es\/wp-json\/wp\/v2\/types\/page"}],"author":[{"embeddable":true,"href":"https:\/\/fgti-distribution.fr\/es\/wp-json\/wp\/v2\/users\/1"}],"replies":[{"embeddable":true,"href":"https:\/\/fgti-distribution.fr\/es\/wp-json\/wp\/v2\/comments?post=80"}],"version-history":[{"count":6,"href":"https:\/\/fgti-distribution.fr\/es\/wp-json\/wp\/v2\/pages\/80\/revisions"}],"predecessor-version":[{"id":7945,"href":"https:\/\/fgti-distribution.fr\/es\/wp-json\/wp\/v2\/pages\/80\/revisions\/7945"}],"wp:attachment":[{"href":"https:\/\/fgti-distribution.fr\/es\/wp-json\/wp\/v2\/media?parent=80"}],"curies":[{"name":"wp","href":"https:\/\/api.w.org\/{rel}","templated":true}]}}