{"id":8028,"date":"2023-08-21T09:42:38","date_gmt":"2023-08-21T09:42:38","guid":{"rendered":"https:\/\/fgti-distribution.fr\/?page_id=8028"},"modified":"2024-02-15T12:56:03","modified_gmt":"2024-02-15T12:56:03","slug":"pieces-sur-mesure-a-partir-de-tubes","status":"publish","type":"page","link":"https:\/\/fgti-distribution.fr\/es\/pieces-tubulaires-metal\/pieces-sur-mesure-a-partir-de-tubes\/","title":{"rendered":"Pieza tubular hecha a medida"},"content":{"rendered":"<section data-bb-version=\"4.6.1\" id=\"bt_bb_section69d02403db1b2\" class=\"bt_bb_section bt_bb_layout_boxed_1200\"  data-bt-override-class=\"null\"><div class=\"bt_bb_port\"><div class=\"bt_bb_cell\"><div class=\"bt_bb_cell_inner\"><div data-bb-version=\"4.6.1\" class=\"bt_bb_row\"  data-bt-override-class=\"{}\"><div class=\"bt_bb_row_holder\" ><div data-bb-version=\"4.6.1\"  class=\"bt_bb_column col-xxl-12 col-xl-12 col-xs-12 col-sm-12 col-md-12 col-lg-12 bt_bb_vertical_align_top bt_bb_align_left bt_bb_padding_normal\" style=\"; --column-width:12;\" data-width=\"12\" data-bt-override-class=\"{}\"><div class=\"bt_bb_column_content\"><div class=\"bt_bb_column_content_inner\"><header data-bb-version=\"4.8.2\" class=\"bt_bb_headline bt_bb_dash_none bt_bb_size_normal bt_bb_align_inherit\" style=\"color: #172983;\" data-bt-override-class=\"{&quot;bt_bb_size_&quot;:{&quot;current_class&quot;:&quot;bt_bb_size_normal&quot;,&quot;def&quot;:&quot;normal&quot;},&quot;bt_bb_align_&quot;:{&quot;current_class&quot;:&quot;bt_bb_align_inherit&quot;,&quot;def&quot;:&quot;inherit&quot;}}\"><h2 class=\"bt_bb_headline_tag\"><span class=\"bt_bb_headline_content\"><span >BESOIN D'UN TUBE UN PEU SPECIAL ?<\/span><\/span><\/h2><\/header><div data-bb-version=\"4.6.1\" class=\"bt_bb_separator bt_bb_top_spacing_small bt_bb_bottom_spacing_no_spacing bt_bb_border_style_none\" data-bt-override-class=\"{&quot;bt_bb_top_spacing_&quot;:{&quot;current_class&quot;:&quot;bt_bb_top_spacing_small&quot;,&quot;def&quot;:&quot;small&quot;},&quot;bt_bb_bottom_spacing_&quot;:{&quot;current_class&quot;:&quot;bt_bb_bottom_spacing_no_spacing&quot;,&quot;def&quot;:&quot;no_spacing&quot;}}\"><\/div><div data-bb-version=\"4.6.1\"  class=\"bt_bb_text\" ><\/p>\n<p>Nous sommes l\u00e0 pour \u00e9tudier votre projet sur la base de vos plans, pr\u00e9conisations et\/ou \u00e9chantillons.<\/p>\n<p>En <b>tubes en m\u00e9tal transform\u00e9s en pi\u00e8ces techniques sur mesure<\/b> offrent de nombreuses possibilit\u00e9s :<\/p>\n<p>\n<\/div><div data-bb-version=\"4.6.1\" class=\"bt_bb_separator bt_bb_top_spacing_small bt_bb_bottom_spacing_no_spacing bt_bb_border_style_none\" data-bt-override-class=\"{&quot;bt_bb_top_spacing_&quot;:{&quot;current_class&quot;:&quot;bt_bb_top_spacing_small&quot;,&quot;def&quot;:&quot;small&quot;},&quot;bt_bb_bottom_spacing_&quot;:{&quot;current_class&quot;:&quot;bt_bb_bottom_spacing_no_spacing&quot;,&quot;def&quot;:&quot;no_spacing&quot;}}\"><\/div><div data-bb-version=\"4.6.1\" class=\"bt_bb_bulleted_list bt_bb_icon_size_large\"><div class=\"bt_bb_bulleted_list_content\"><ul><li><span class=\"bt_bb_bulleted_list_icon\"><span  data-ico-fontawesome=\"&#xf046;\" class=\"bt_bb_icon_holder\"><\/span><\/span> ils sont souvent moins chers que des pi\u00e8ces usin\u00e9es,<\/li><\/ul><\/div><\/div><div data-bb-version=\"4.6.1\" class=\"bt_bb_bulleted_list bt_bb_icon_size_large\"><div class=\"bt_bb_bulleted_list_content\"><ul><li><span class=\"bt_bb_bulleted_list_icon\"><span  data-ico-fontawesome=\"&#xf046;\" class=\"bt_bb_icon_holder\"><\/span><\/span> ils peuvent \u00eatre travaill\u00e9s en combinant diff\u00e9rentes techniques : aplatissement, fente, bordage, \u00e9vasement, poin\u00e7onnage, moletage, galetage, r\u00e9tractation, etc\u2026<\/li><\/ul><\/div><\/div><div data-bb-version=\"4.6.1\" class=\"bt_bb_separator bt_bb_top_spacing_normal bt_bb_bottom_spacing_no_spacing bt_bb_border_style_none\" data-bt-override-class=\"{&quot;bt_bb_top_spacing_&quot;:{&quot;current_class&quot;:&quot;bt_bb_top_spacing_normal&quot;,&quot;def&quot;:&quot;normal&quot;},&quot;bt_bb_bottom_spacing_&quot;:{&quot;current_class&quot;:&quot;bt_bb_bottom_spacing_no_spacing&quot;,&quot;def&quot;:&quot;no_spacing&quot;}}\"><\/div><div data-bb-version=\"4.6.1\"  class=\"bt_bb_text\" ><\/p>\n<p><em><strong>Nous nous appuyons sur le savoir-faire reconnu de nos partenaires pour vous proposer la solution la plus ad\u00e9quate \u00e0 votre application.<\/strong><\/em><\/p>\n<p><em>Bon \u00e0 savoir :<\/em> ils sont en mesure de d\u00e9velopper des outils sp\u00e9cifiques \u00e0 vos besoins et de r\u00e9aliser des \u00e9chantillons.<\/p>\n<p>\n<\/div><div data-bb-version=\"4.6.1\" class=\"bt_bb_separator bt_bb_top_spacing_normal bt_bb_bottom_spacing_no_spacing bt_bb_border_style_none\" data-bt-override-class=\"{&quot;bt_bb_top_spacing_&quot;:{&quot;current_class&quot;:&quot;bt_bb_top_spacing_normal&quot;,&quot;def&quot;:&quot;normal&quot;},&quot;bt_bb_bottom_spacing_&quot;:{&quot;current_class&quot;:&quot;bt_bb_bottom_spacing_no_spacing&quot;,&quot;def&quot;:&quot;no_spacing&quot;}}\"><\/div><\/div><\/div><\/div><\/div><\/div><div data-bb-version=\"4.6.1\" class=\"bt_bb_row\"  data-bt-override-class=\"{}\"><div class=\"bt_bb_row_holder\" ><div data-bb-version=\"4.6.1\"  class=\"bt_bb_column col-xxl-12 col-xl-12 col-xs-12 col-sm-12 col-md-12 col-lg-12 bt_bb_vertical_align_top bt_bb_align_center bt_bb_padding_normal\" style=\"; --column-width:12;\" data-width=\"12\" data-bt-override-class=\"{&quot;bt_bb_align_&quot;:{&quot;current_class&quot;:&quot;bt_bb_align_center&quot;,&quot;def&quot;:&quot;center&quot;},&quot;bt_bb_padding_&quot;:{&quot;current_class&quot;:&quot;bt_bb_padding_normal&quot;,&quot;def&quot;:&quot;normal&quot;}}\"><div class=\"bt_bb_column_content\"><div class=\"bt_bb_column_content_inner\"><div data-bb-version=\"4.7.6\" class=\"bt_bb_image bt_bb_shape_square bt_bb_target_self bt_bb_align_inherit bt_bb_hover_style_simple bt_bb_content_display_always bt_bb_content_align_middle bt_bb_remove_padding_yes bt_bb_fill_background_color_full\" data-bt-override-class=\"{&quot;bt_bb_align_&quot;:{&quot;current_class&quot;:&quot;bt_bb_align_inherit&quot;,&quot;def&quot;:&quot;inherit&quot;}}\"><span><img loading=\"lazy\" decoding=\"async\" width=\"640\" height=\"512\" src=\"https:\/\/fgti-distribution.fr\/wp-content\/uploads\/2023\/12\/tubes-metal-sur-mesure-640x512.jpg\" class=\"attachment-medium size-medium\" alt=\"Tubes m\u00e9tal sur mesure\" data-full_image_src=\"https:\/\/fgti-distribution.fr\/wp-content\/uploads\/2023\/12\/tubes-metal-sur-mesure.jpg\" srcset=\"https:\/\/fgti-distribution.fr\/wp-content\/uploads\/2023\/12\/tubes-metal-sur-mesure-640x512.jpg 640w, https:\/\/fgti-distribution.fr\/wp-content\/uploads\/2023\/12\/tubes-metal-sur-mesure-768x614.jpg 768w, https:\/\/fgti-distribution.fr\/wp-content\/uploads\/2023\/12\/tubes-metal-sur-mesure-320x256.jpg 320w, https:\/\/fgti-distribution.fr\/wp-content\/uploads\/2023\/12\/tubes-metal-sur-mesure.jpg 1280w\" sizes=\"auto, (max-width: 640px) 100vw, 640px\" \/><\/span><\/div><\/div><\/div><\/div><\/div><\/div><div class=\"bt_bb_row\"  data-bt-override-class=\"{}\"><div class=\"bt_bb_row_holder\" ><div data-bb-version=\"4.6.1\"  class=\"bt_bb_column col-xxl-12 col-xl-12 col-xs-12 col-sm-12 col-md-12 col-lg-12 bt_bb_vertical_align_top bt_bb_align_center bt_bb_padding_normal\" style=\"; --column-width:12;\" data-width=\"12\" data-bt-override-class=\"{&quot;bt_bb_align_&quot;:{&quot;current_class&quot;:&quot;bt_bb_align_center&quot;,&quot;def&quot;:&quot;center&quot;},&quot;bt_bb_padding_&quot;:{&quot;current_class&quot;:&quot;bt_bb_padding_normal&quot;,&quot;def&quot;:&quot;normal&quot;}}\"><div class=\"bt_bb_column_content\"><div class=\"bt_bb_column_content_inner\"><div data-bb-version=\"4.6.1\" class=\"bt_bb_separator bt_bb_top_spacing_normal bt_bb_bottom_spacing_no_spacing bt_bb_border_style_none\" data-bt-override-class=\"{&quot;bt_bb_top_spacing_&quot;:{&quot;current_class&quot;:&quot;bt_bb_top_spacing_normal&quot;,&quot;def&quot;:&quot;normal&quot;},&quot;bt_bb_bottom_spacing_&quot;:{&quot;current_class&quot;:&quot;bt_bb_bottom_spacing_no_spacing&quot;,&quot;def&quot;:&quot;no_spacing&quot;}}\"><\/div><div data-bb-version=\"4.6.1\"  class=\"bt_bb_text\" ><\/p>\n<p><strong>Faites-nous part de votre projet !<\/strong><\/p>\n<p>\n<\/div><\/div><\/div><\/div><\/div><\/div><\/div><!-- cell_inner --><\/div><!-- cell --><\/div><!-- port --><\/section>","protected":false},"excerpt":{"rendered":"","protected":false},"author":1,"featured_media":7166,"parent":8022,"menu_order":0,"comment_status":"closed","ping_status":"closed","template":"","meta":{"footnotes":""},"class_list":["post-8028","page","type-page","status-publish","has-post-thumbnail","hentry"],"yoast_head":"<!-- This site is optimized with the Yoast SEO plugin v27.3 - https:\/\/yoast.com\/product\/yoast-seo-wordpress\/ -->\n<title>Pi\u00e8ce tubulaire sur mesure - FGTI Distribution<\/title>\n<meta name=\"description\" content=\"Besoin d&#039;une pi\u00e8ce tubulaire en m\u00e9tal un peu sp\u00e9ciale ? Nous r\u00e9pondons \u00e0 vos besoins sur la base de vos plans, pr\u00e9conisations et\/ou \u00e9chantillons.\" \/>\n<meta name=\"robots\" content=\"index, follow, max-snippet:-1, max-image-preview:large, max-video-preview:-1\" \/>\n<link rel=\"canonical\" href=\"https:\/\/fgti-distribution.fr\/es\/piezas-tubulares-metalicas\/pieces-sur-mesure-a-partir-de-tubes\/\" \/>\n<meta property=\"og:locale\" content=\"es_ES\" \/>\n<meta property=\"og:type\" content=\"article\" \/>\n<meta property=\"og:title\" content=\"Pi\u00e8ce tubulaire sur mesure - FGTI Distribution\" \/>\n<meta property=\"og:description\" content=\"Besoin d&#039;une pi\u00e8ce tubulaire en m\u00e9tal un peu sp\u00e9ciale ? Nous r\u00e9pondons \u00e0 vos besoins sur la base de vos plans, pr\u00e9conisations et\/ou \u00e9chantillons.\" \/>\n<meta property=\"og:url\" content=\"https:\/\/fgti-distribution.fr\/es\/piezas-tubulares-metalicas\/pieces-sur-mesure-a-partir-de-tubes\/\" \/>\n<meta property=\"og:site_name\" content=\"FGTI Distribution\" \/>\n<meta property=\"article:modified_time\" content=\"2024-02-15T12:56:03+00:00\" \/>\n<meta property=\"og:image\" content=\"https:\/\/fgti-distribution.fr\/wp-content\/uploads\/2023\/02\/rivets-offre-fgti-distribution.jpg\" \/>\n\t<meta property=\"og:image:width\" content=\"1600\" \/>\n\t<meta property=\"og:image:height\" content=\"430\" \/>\n\t<meta property=\"og:image:type\" content=\"image\/jpeg\" \/>\n<meta name=\"twitter:card\" content=\"summary_large_image\" \/>\n<meta name=\"twitter:label1\" content=\"Est. reading time\" \/>\n\t<meta name=\"twitter:data1\" content=\"2 minutos\" \/>\n<script type=\"application\/ld+json\" class=\"yoast-schema-graph\">{\"@context\":\"https:\\\/\\\/schema.org\",\"@graph\":[{\"@type\":\"WebPage\",\"@id\":\"https:\\\/\\\/fgti-distribution.fr\\\/pieces-tubulaires-metal\\\/pieces-sur-mesure-a-partir-de-tubes\\\/\",\"url\":\"https:\\\/\\\/fgti-distribution.fr\\\/pieces-tubulaires-metal\\\/pieces-sur-mesure-a-partir-de-tubes\\\/\",\"name\":\"Pi\u00e8ce tubulaire sur mesure - FGTI Distribution\",\"isPartOf\":{\"@id\":\"https:\\\/\\\/fgti-distribution.fr\\\/#website\"},\"primaryImageOfPage\":{\"@id\":\"https:\\\/\\\/fgti-distribution.fr\\\/pieces-tubulaires-metal\\\/pieces-sur-mesure-a-partir-de-tubes\\\/#primaryimage\"},\"image\":{\"@id\":\"https:\\\/\\\/fgti-distribution.fr\\\/pieces-tubulaires-metal\\\/pieces-sur-mesure-a-partir-de-tubes\\\/#primaryimage\"},\"thumbnailUrl\":\"https:\\\/\\\/fgti-distribution.fr\\\/wp-content\\\/uploads\\\/2023\\\/02\\\/rivets-offre-fgti-distribution.jpg\",\"datePublished\":\"2023-08-21T09:42:38+00:00\",\"dateModified\":\"2024-02-15T12:56:03+00:00\",\"description\":\"Besoin d'une pi\u00e8ce tubulaire en m\u00e9tal un peu sp\u00e9ciale ? Nous r\u00e9pondons \u00e0 vos besoins sur la base de vos plans, pr\u00e9conisations et\\\/ou \u00e9chantillons.\",\"breadcrumb\":{\"@id\":\"https:\\\/\\\/fgti-distribution.fr\\\/pieces-tubulaires-metal\\\/pieces-sur-mesure-a-partir-de-tubes\\\/#breadcrumb\"},\"inLanguage\":\"es\",\"potentialAction\":[{\"@type\":\"ReadAction\",\"target\":[\"https:\\\/\\\/fgti-distribution.fr\\\/pieces-tubulaires-metal\\\/pieces-sur-mesure-a-partir-de-tubes\\\/\"]}]},{\"@type\":\"ImageObject\",\"inLanguage\":\"es\",\"@id\":\"https:\\\/\\\/fgti-distribution.fr\\\/pieces-tubulaires-metal\\\/pieces-sur-mesure-a-partir-de-tubes\\\/#primaryimage\",\"url\":\"https:\\\/\\\/fgti-distribution.fr\\\/wp-content\\\/uploads\\\/2023\\\/02\\\/rivets-offre-fgti-distribution.jpg\",\"contentUrl\":\"https:\\\/\\\/fgti-distribution.fr\\\/wp-content\\\/uploads\\\/2023\\\/02\\\/rivets-offre-fgti-distribution.jpg\",\"width\":1600,\"height\":430,\"caption\":\"rivets offre fgti distribution\"},{\"@type\":\"BreadcrumbList\",\"@id\":\"https:\\\/\\\/fgti-distribution.fr\\\/pieces-tubulaires-metal\\\/pieces-sur-mesure-a-partir-de-tubes\\\/#breadcrumb\",\"itemListElement\":[{\"@type\":\"ListItem\",\"position\":1,\"name\":\"Home\",\"item\":\"https:\\\/\\\/fgti-distribution.fr\\\/\"},{\"@type\":\"ListItem\",\"position\":2,\"name\":\"Pi\u00e8ces tubulaires m\u00e9tal\",\"item\":\"https:\\\/\\\/fgti-distribution.fr\\\/pieces-tubulaires-metal\\\/\"},{\"@type\":\"ListItem\",\"position\":3,\"name\":\"Pi\u00e8ce tubulaire sur mesure\"}]},{\"@type\":\"WebSite\",\"@id\":\"https:\\\/\\\/fgti-distribution.fr\\\/#website\",\"url\":\"https:\\\/\\\/fgti-distribution.fr\\\/\",\"name\":\"FGTI Distribution\",\"description\":\"Pi\u00e8ces techniques et services \u00e0 forte valeur ajout\u00e9e\",\"publisher\":{\"@id\":\"https:\\\/\\\/fgti-distribution.fr\\\/#organization\"},\"alternateName\":\"FGTI Distribution\",\"potentialAction\":[{\"@type\":\"SearchAction\",\"target\":{\"@type\":\"EntryPoint\",\"urlTemplate\":\"https:\\\/\\\/fgti-distribution.fr\\\/?s={search_term_string}\"},\"query-input\":{\"@type\":\"PropertyValueSpecification\",\"valueRequired\":true,\"valueName\":\"search_term_string\"}}],\"inLanguage\":\"es\"},{\"@type\":\"Organization\",\"@id\":\"https:\\\/\\\/fgti-distribution.fr\\\/#organization\",\"name\":\"FGTI Distribution\",\"alternateName\":\"FGTI Distribution\",\"url\":\"https:\\\/\\\/fgti-distribution.fr\\\/\",\"logo\":{\"@type\":\"ImageObject\",\"inLanguage\":\"es\",\"@id\":\"https:\\\/\\\/fgti-distribution.fr\\\/#\\\/schema\\\/logo\\\/image\\\/\",\"url\":\"https:\\\/\\\/fgti-distribution.fr\\\/wp-content\\\/uploads\\\/2022\\\/12\\\/logo.png\",\"contentUrl\":\"https:\\\/\\\/fgti-distribution.fr\\\/wp-content\\\/uploads\\\/2022\\\/12\\\/logo.png\",\"width\":500,\"height\":228,\"caption\":\"FGTI Distribution\"},\"image\":{\"@id\":\"https:\\\/\\\/fgti-distribution.fr\\\/#\\\/schema\\\/logo\\\/image\\\/\"},\"sameAs\":[\"https:\\\/\\\/www.linkedin.com\\\/company\\\/fgti-distribution\\\/\"]}]}<\/script>\n<!-- \/ Yoast SEO plugin. -->","yoast_head_json":{"title":"Pi\u00e8ce tubulaire sur mesure - FGTI Distribution","description":"Besoin d'une pi\u00e8ce tubulaire en m\u00e9tal un peu sp\u00e9ciale ? Nous r\u00e9pondons \u00e0 vos besoins sur la base de vos plans, pr\u00e9conisations et\/ou \u00e9chantillons.","robots":{"index":"index","follow":"follow","max-snippet":"max-snippet:-1","max-image-preview":"max-image-preview:large","max-video-preview":"max-video-preview:-1"},"canonical":"https:\/\/fgti-distribution.fr\/es\/piezas-tubulares-metalicas\/pieces-sur-mesure-a-partir-de-tubes\/","og_locale":"es_ES","og_type":"article","og_title":"Pi\u00e8ce tubulaire sur mesure - FGTI Distribution","og_description":"Besoin d'une pi\u00e8ce tubulaire en m\u00e9tal un peu sp\u00e9ciale ? Nous r\u00e9pondons \u00e0 vos besoins sur la base de vos plans, pr\u00e9conisations et\/ou \u00e9chantillons.","og_url":"https:\/\/fgti-distribution.fr\/es\/piezas-tubulares-metalicas\/pieces-sur-mesure-a-partir-de-tubes\/","og_site_name":"FGTI Distribution","article_modified_time":"2024-02-15T12:56:03+00:00","og_image":[{"width":1600,"height":430,"url":"https:\/\/fgti-distribution.fr\/wp-content\/uploads\/2023\/02\/rivets-offre-fgti-distribution.jpg","type":"image\/jpeg"}],"twitter_card":"summary_large_image","twitter_misc":{"Est. reading time":"2 minutos"},"schema":{"@context":"https:\/\/schema.org","@graph":[{"@type":"WebPage","@id":"https:\/\/fgti-distribution.fr\/pieces-tubulaires-metal\/pieces-sur-mesure-a-partir-de-tubes\/","url":"https:\/\/fgti-distribution.fr\/pieces-tubulaires-metal\/pieces-sur-mesure-a-partir-de-tubes\/","name":"Pi\u00e8ce tubulaire sur mesure - FGTI Distribution","isPartOf":{"@id":"https:\/\/fgti-distribution.fr\/#website"},"primaryImageOfPage":{"@id":"https:\/\/fgti-distribution.fr\/pieces-tubulaires-metal\/pieces-sur-mesure-a-partir-de-tubes\/#primaryimage"},"image":{"@id":"https:\/\/fgti-distribution.fr\/pieces-tubulaires-metal\/pieces-sur-mesure-a-partir-de-tubes\/#primaryimage"},"thumbnailUrl":"https:\/\/fgti-distribution.fr\/wp-content\/uploads\/2023\/02\/rivets-offre-fgti-distribution.jpg","datePublished":"2023-08-21T09:42:38+00:00","dateModified":"2024-02-15T12:56:03+00:00","description":"Besoin d'une pi\u00e8ce tubulaire en m\u00e9tal un peu sp\u00e9ciale ? Nous r\u00e9pondons \u00e0 vos besoins sur la base de vos plans, pr\u00e9conisations et\/ou \u00e9chantillons.","breadcrumb":{"@id":"https:\/\/fgti-distribution.fr\/pieces-tubulaires-metal\/pieces-sur-mesure-a-partir-de-tubes\/#breadcrumb"},"inLanguage":"es","potentialAction":[{"@type":"ReadAction","target":["https:\/\/fgti-distribution.fr\/pieces-tubulaires-metal\/pieces-sur-mesure-a-partir-de-tubes\/"]}]},{"@type":"ImageObject","inLanguage":"es","@id":"https:\/\/fgti-distribution.fr\/pieces-tubulaires-metal\/pieces-sur-mesure-a-partir-de-tubes\/#primaryimage","url":"https:\/\/fgti-distribution.fr\/wp-content\/uploads\/2023\/02\/rivets-offre-fgti-distribution.jpg","contentUrl":"https:\/\/fgti-distribution.fr\/wp-content\/uploads\/2023\/02\/rivets-offre-fgti-distribution.jpg","width":1600,"height":430,"caption":"rivets offre fgti distribution"},{"@type":"BreadcrumbList","@id":"https:\/\/fgti-distribution.fr\/pieces-tubulaires-metal\/pieces-sur-mesure-a-partir-de-tubes\/#breadcrumb","itemListElement":[{"@type":"ListItem","position":1,"name":"Home","item":"https:\/\/fgti-distribution.fr\/"},{"@type":"ListItem","position":2,"name":"Pi\u00e8ces tubulaires m\u00e9tal","item":"https:\/\/fgti-distribution.fr\/pieces-tubulaires-metal\/"},{"@type":"ListItem","position":3,"name":"Pi\u00e8ce tubulaire sur mesure"}]},{"@type":"WebSite","@id":"https:\/\/fgti-distribution.fr\/#website","url":"https:\/\/fgti-distribution.fr\/","name":"Distribuci\u00f3n FGTI","description":"Piezas t\u00e9cnicas y servicios de alto valor a\u00f1adido","publisher":{"@id":"https:\/\/fgti-distribution.fr\/#organization"},"alternateName":"FGTI Distribution","potentialAction":[{"@type":"SearchAction","target":{"@type":"EntryPoint","urlTemplate":"https:\/\/fgti-distribution.fr\/?s={search_term_string}"},"query-input":{"@type":"PropertyValueSpecification","valueRequired":true,"valueName":"search_term_string"}}],"inLanguage":"es"},{"@type":"Organization","@id":"https:\/\/fgti-distribution.fr\/#organization","name":"Distribuci\u00f3n FGTI","alternateName":"FGTI Distribution","url":"https:\/\/fgti-distribution.fr\/","logo":{"@type":"ImageObject","inLanguage":"es","@id":"https:\/\/fgti-distribution.fr\/#\/schema\/logo\/image\/","url":"https:\/\/fgti-distribution.fr\/wp-content\/uploads\/2022\/12\/logo.png","contentUrl":"https:\/\/fgti-distribution.fr\/wp-content\/uploads\/2022\/12\/logo.png","width":500,"height":228,"caption":"FGTI Distribution"},"image":{"@id":"https:\/\/fgti-distribution.fr\/#\/schema\/logo\/image\/"},"sameAs":["https:\/\/www.linkedin.com\/company\/fgti-distribution\/"]}]}},"_links":{"self":[{"href":"https:\/\/fgti-distribution.fr\/es\/wp-json\/wp\/v2\/pages\/8028","targetHints":{"allow":["GET"]}}],"collection":[{"href":"https:\/\/fgti-distribution.fr\/es\/wp-json\/wp\/v2\/pages"}],"about":[{"href":"https:\/\/fgti-distribution.fr\/es\/wp-json\/wp\/v2\/types\/page"}],"author":[{"embeddable":true,"href":"https:\/\/fgti-distribution.fr\/es\/wp-json\/wp\/v2\/users\/1"}],"replies":[{"embeddable":true,"href":"https:\/\/fgti-distribution.fr\/es\/wp-json\/wp\/v2\/comments?post=8028"}],"version-history":[{"count":69,"href":"https:\/\/fgti-distribution.fr\/es\/wp-json\/wp\/v2\/pages\/8028\/revisions"}],"predecessor-version":[{"id":9298,"href":"https:\/\/fgti-distribution.fr\/es\/wp-json\/wp\/v2\/pages\/8028\/revisions\/9298"}],"up":[{"embeddable":true,"href":"https:\/\/fgti-distribution.fr\/es\/wp-json\/wp\/v2\/pages\/8022"}],"wp:featuredmedia":[{"embeddable":true,"href":"https:\/\/fgti-distribution.fr\/es\/wp-json\/wp\/v2\/media\/7166"}],"wp:attachment":[{"href":"https:\/\/fgti-distribution.fr\/es\/wp-json\/wp\/v2\/media?parent=8028"}],"curies":[{"name":"wp","href":"https:\/\/api.w.org\/{rel}","templated":true}]}}