{"id":8030,"date":"2023-08-21T09:43:44","date_gmt":"2023-08-21T09:43:44","guid":{"rendered":"https:\/\/fgti-distribution.fr\/?page_id=8030"},"modified":"2024-02-15T13:00:24","modified_gmt":"2024-02-15T13:00:24","slug":"tubes-coupes-droit","status":"publish","type":"page","link":"https:\/\/fgti-distribution.fr\/es\/pieces-tubulaires-metal\/tubes\/tubes-coupes-droit\/","title":{"rendered":"Tubos cortados rectos"},"content":{"rendered":"<section data-bb-version=\"4.6.1\" id=\"bt_bb_section69d038d83738f\" class=\"bt_bb_section bt_bb_layout_boxed_1200\"  data-bt-override-class=\"null\"><div class=\"bt_bb_port\"><div class=\"bt_bb_cell\"><div class=\"bt_bb_cell_inner\"><div class=\"bt_bb_row\"  data-bt-override-class=\"{}\"><div class=\"bt_bb_row_holder\" ><div data-bb-version=\"4.6.1\"  class=\"bt_bb_column col-xxl-12 col-xl-12 col-xs-12 col-sm-12 col-md-12 col-lg-12 bt_bb_vertical_align_top bt_bb_align_left bt_bb_padding_normal\" style=\"; --column-width:12;\" data-width=\"12\" data-bt-override-class=\"{}\"><div class=\"bt_bb_column_content\"><div class=\"bt_bb_column_content_inner\"><header data-bb-version=\"4.8.2\" class=\"bt_bb_headline bt_bb_dash_none bt_bb_size_normal bt_bb_align_inherit\" style=\"color: #172983;\" data-bt-override-class=\"{&quot;bt_bb_size_&quot;:{&quot;current_class&quot;:&quot;bt_bb_size_normal&quot;,&quot;def&quot;:&quot;normal&quot;},&quot;bt_bb_align_&quot;:{&quot;current_class&quot;:&quot;bt_bb_align_inherit&quot;,&quot;def&quot;:&quot;inherit&quot;}}\"><h2 class=\"bt_bb_headline_tag\"><span class=\"bt_bb_headline_content\"><span >TUBES COUP\u00c9S DROIT AUX EXTR\u00c9MIT\u00c9S<\/span><\/span><\/h2><\/header><div data-bb-version=\"4.6.1\" class=\"bt_bb_image bt_bb_shape_square bt_bb_target_self bt_bb_align_inherit bt_bb_hover_style_simple bt_bb_content_display_always bt_bb_content_align_middle bt_bb_remove_padding_yes bt_bb_fill_background_color_full\" data-bt-override-class=\"{&quot;bt_bb_align_&quot;:{&quot;current_class&quot;:&quot;bt_bb_align_inherit&quot;,&quot;def&quot;:&quot;inherit&quot;}}\"><span><img loading=\"lazy\" decoding=\"async\" width=\"600\" height=\"258\" src=\"https:\/\/fgti-distribution.fr\/wp-content\/uploads\/2023\/08\/tube-coupe-droit.jpg\" class=\"attachment-full size-full\" alt=\"Tube coup\u00e9 droit\" data-full_image_src=\"https:\/\/fgti-distribution.fr\/wp-content\/uploads\/2023\/08\/tube-coupe-droit.jpg\" title=\"entretoise ou tube = Z\" srcset=\"https:\/\/fgti-distribution.fr\/wp-content\/uploads\/2023\/08\/tube-coupe-droit.jpg 600w, https:\/\/fgti-distribution.fr\/wp-content\/uploads\/2023\/08\/tube-coupe-droit-320x138.jpg 320w\" sizes=\"auto, (max-width: 600px) 100vw, 600px\" \/><\/span><\/div><div data-bb-version=\"4.6.1\" class=\"bt_bb_separator bt_bb_top_spacing_normal bt_bb_bottom_spacing_no_spacing bt_bb_border_style_none\" data-bt-override-class=\"{&quot;bt_bb_top_spacing_&quot;:{&quot;current_class&quot;:&quot;bt_bb_top_spacing_normal&quot;,&quot;def&quot;:&quot;normal&quot;},&quot;bt_bb_bottom_spacing_&quot;:{&quot;current_class&quot;:&quot;bt_bb_bottom_spacing_no_spacing&quot;,&quot;def&quot;:&quot;no_spacing&quot;}}\"><\/div><div data-bb-version=\"4.6.1\"  class=\"bt_bb_text\" ><\/p>\n<p>C\u2019est notre solution la plus simple : vous d\u00e9terminez la mati\u00e8re, la longueur et \u00e9ventuellement l\u2019\u00e9paisseur de tube et nous nous chargeons du reste !<\/p>\n<p>\n<\/div><div data-bb-version=\"4.6.1\" class=\"bt_bb_separator bt_bb_top_spacing_normal bt_bb_bottom_spacing_no_spacing bt_bb_border_style_none\" data-bt-override-class=\"{&quot;bt_bb_top_spacing_&quot;:{&quot;current_class&quot;:&quot;bt_bb_top_spacing_normal&quot;,&quot;def&quot;:&quot;normal&quot;},&quot;bt_bb_bottom_spacing_&quot;:{&quot;current_class&quot;:&quot;bt_bb_bottom_spacing_no_spacing&quot;,&quot;def&quot;:&quot;no_spacing&quot;}}\"><\/div><\/div><\/div><\/div><\/div><\/div><div data-bb-version=\"4.6.1\" class=\"bt_bb_row\"  data-bt-override-class=\"{}\"><div class=\"bt_bb_row_holder\" ><div data-bb-version=\"4.6.1\"  class=\"bt_bb_column col-xxl-4 col-xl-4 col-xs-12 col-sm-12 col-md-12 col-lg-4 bt_bb_vertical_align_top bt_bb_align_left bt_bb_padding_normal\" style=\"; --column-width:4;\" data-width=\"4\" data-bt-override-class=\"{}\"><div class=\"bt_bb_column_content\"><div class=\"bt_bb_column_content_inner\"><div data-bb-version=\"4.7.6\" class=\"bt_bb_image bt_bb_shape_square bt_bb_target_self bt_bb_align_inherit bt_bb_hover_style_simple bt_bb_content_display_always bt_bb_content_align_middle bt_bb_remove_padding_yes bt_bb_fill_background_color_full\" data-bt-override-class=\"{&quot;bt_bb_align_&quot;:{&quot;current_class&quot;:&quot;bt_bb_align_inherit&quot;,&quot;def&quot;:&quot;inherit&quot;}}\"><span><img loading=\"lazy\" decoding=\"async\" width=\"1080\" height=\"1080\" src=\"https:\/\/fgti-distribution.fr\/wp-content\/uploads\/2023\/12\/entretoises-tubes.jpg\" class=\"attachment-full size-full\" alt=\"Entretoises tubes\" data-full_image_src=\"https:\/\/fgti-distribution.fr\/wp-content\/uploads\/2023\/12\/entretoises-tubes.jpg\" srcset=\"https:\/\/fgti-distribution.fr\/wp-content\/uploads\/2023\/12\/entretoises-tubes.jpg 1080w, https:\/\/fgti-distribution.fr\/wp-content\/uploads\/2023\/12\/entretoises-tubes-640x640.jpg 640w, https:\/\/fgti-distribution.fr\/wp-content\/uploads\/2023\/12\/entretoises-tubes-160x160.jpg 160w, https:\/\/fgti-distribution.fr\/wp-content\/uploads\/2023\/12\/entretoises-tubes-768x768.jpg 768w, https:\/\/fgti-distribution.fr\/wp-content\/uploads\/2023\/12\/entretoises-tubes-320x320.jpg 320w\" sizes=\"auto, (max-width: 1080px) 100vw, 1080px\" \/><\/span><\/div><\/div><\/div><\/div><div data-bb-version=\"4.6.1\"  class=\"bt_bb_column col-xxl-4 col-xl-4 col-xs-12 col-sm-12 col-md-12 col-lg-4 bt_bb_vertical_align_top bt_bb_align_left bt_bb_padding_normal\" style=\"; --column-width:4;\" data-width=\"4\" data-bt-override-class=\"{}\"><div class=\"bt_bb_column_content\"><div class=\"bt_bb_column_content_inner\"><div data-bb-version=\"4.6.1\" class=\"bt_bb_separator bt_bb_top_spacing_normal bt_bb_bottom_spacing_no_spacing bt_bb_border_style_none\" data-bt-override-class=\"{&quot;bt_bb_top_spacing_&quot;:{&quot;current_class&quot;:&quot;bt_bb_top_spacing_normal&quot;,&quot;def&quot;:&quot;normal&quot;},&quot;bt_bb_bottom_spacing_&quot;:{&quot;current_class&quot;:&quot;bt_bb_bottom_spacing_no_spacing&quot;,&quot;def&quot;:&quot;no_spacing&quot;}}\"><\/div><div data-bb-version=\"4.7.6\" class=\"bt_bb_bulleted_list bt_bb_icon_size_normal\"><div class=\"bt_bb_bulleted_list_content\"><ul><li><span class=\"bt_bb_bulleted_list_icon\"><span  data-ico-fontawesome5solid=\"&#xf0a9;\" class=\"bt_bb_icon_holder\"><\/span><\/span> entretoises cylindriques lisses<\/li><\/ul><\/div><\/div><div data-bb-version=\"4.7.6\" class=\"bt_bb_bulleted_list bt_bb_icon_size_normal\"><div class=\"bt_bb_bulleted_list_content\"><ul><li><span class=\"bt_bb_bulleted_list_icon\"><span  data-ico-fontawesome5solid=\"&#xf0a9;\" class=\"bt_bb_icon_holder\"><\/span><\/span> anneaux, manchons en m\u00e9tal<\/li><\/ul><\/div><\/div><div data-bb-version=\"4.6.1\" class=\"bt_bb_bulleted_list bt_bb_icon_size_normal\"><div class=\"bt_bb_bulleted_list_content\"><\/div><\/div><div data-bb-version=\"4.6.1\" class=\"bt_bb_bulleted_list bt_bb_icon_size_normal\"><div class=\"bt_bb_bulleted_list_content\"><ul><li><span class=\"bt_bb_bulleted_list_icon\"><span  data-ico-fontawesome5solid=\"&#xf0a9;\" class=\"bt_bb_icon_holder\"><\/span><\/span> tubes d'\u00e9cartement<\/li><\/ul><\/div><\/div><div data-bb-version=\"4.6.1\" class=\"bt_bb_bulleted_list bt_bb_icon_size_normal\"><div class=\"bt_bb_bulleted_list_content\"><ul><li><span class=\"bt_bb_bulleted_list_icon\"><span  data-ico-fontawesome5solid=\"&#xf0a9;\" class=\"bt_bb_icon_holder\"><\/span><\/span> bagues de renforcement, ferrules<\/li><\/ul><\/div><\/div><div data-bb-version=\"4.6.1\" class=\"bt_bb_bulleted_list bt_bb_icon_size_normal\"><div class=\"bt_bb_bulleted_list_content\"><ul><li><span class=\"bt_bb_bulleted_list_icon\"><span  data-ico-fontawesome5solid=\"&#xf0a9;\" class=\"bt_bb_icon_holder\"><\/span><\/span> douilles de guidage<\/li><\/ul><\/div><\/div><\/div><\/div><\/div><div data-bb-version=\"4.6.1\"  class=\"bt_bb_column col-xxl-4 col-xl-4 col-xs-12 col-sm-12 col-md-12 col-lg-4 bt_bb_vertical_align_top bt_bb_align_left bt_bb_padding_normal\" style=\"; --column-width:4;\" data-width=\"4\" data-bt-override-class=\"{}\"><div class=\"bt_bb_column_content\"><div class=\"bt_bb_column_content_inner\"><\/div><\/div><\/div><\/div><\/div><\/div><!-- cell_inner --><\/div><!-- cell --><\/div><!-- port --><\/section>","protected":false},"excerpt":{"rendered":"","protected":false},"author":1,"featured_media":7166,"parent":8026,"menu_order":0,"comment_status":"closed","ping_status":"closed","template":"","meta":{"footnotes":""},"class_list":["post-8030","page","type-page","status-publish","has-post-thumbnail","hentry"],"yoast_head":"<!-- This site is optimized with the Yoast SEO plugin v27.3 - https:\/\/yoast.com\/product\/yoast-seo-wordpress\/ -->\n<title>Tubes coup\u00e9s droit : entretoises, douilles, manchons, bague<\/title>\n<meta name=\"description\" content=\"Tubes sur-mesure : manchons connecteur, tube d&#039;\u00e9cartement, douille de guidage, bague de renforcement, entretoise, etc.\" \/>\n<meta name=\"robots\" content=\"index, follow, max-snippet:-1, max-image-preview:large, max-video-preview:-1\" \/>\n<link rel=\"canonical\" href=\"https:\/\/fgti-distribution.fr\/es\/piezas-tubulares-metalicas\/tubes\/tubes-coupes-droit\/\" \/>\n<meta property=\"og:locale\" content=\"es_ES\" \/>\n<meta property=\"og:type\" content=\"article\" \/>\n<meta property=\"og:title\" content=\"Tubes coup\u00e9s droit : entretoises, douilles, manchons, bague\" \/>\n<meta property=\"og:description\" content=\"Tubes sur-mesure : manchons connecteur, tube d&#039;\u00e9cartement, douille de guidage, bague de renforcement, entretoise, etc.\" \/>\n<meta property=\"og:url\" content=\"https:\/\/fgti-distribution.fr\/es\/piezas-tubulares-metalicas\/tubes\/tubes-coupes-droit\/\" \/>\n<meta property=\"og:site_name\" content=\"FGTI Distribution\" \/>\n<meta property=\"article:modified_time\" content=\"2024-02-15T13:00:24+00:00\" \/>\n<meta property=\"og:image\" content=\"https:\/\/fgti-distribution.fr\/wp-content\/uploads\/2023\/02\/rivets-offre-fgti-distribution.jpg\" \/>\n\t<meta property=\"og:image:width\" content=\"1600\" \/>\n\t<meta property=\"og:image:height\" content=\"430\" \/>\n\t<meta property=\"og:image:type\" content=\"image\/jpeg\" \/>\n<meta name=\"twitter:card\" content=\"summary_large_image\" \/>\n<meta name=\"twitter:label1\" content=\"Est. reading time\" \/>\n\t<meta name=\"twitter:data1\" content=\"2 minutos\" \/>\n<script type=\"application\/ld+json\" class=\"yoast-schema-graph\">{\"@context\":\"https:\\\/\\\/schema.org\",\"@graph\":[{\"@type\":\"WebPage\",\"@id\":\"https:\\\/\\\/fgti-distribution.fr\\\/pieces-tubulaires-metal\\\/tubes\\\/tubes-coupes-droit\\\/\",\"url\":\"https:\\\/\\\/fgti-distribution.fr\\\/pieces-tubulaires-metal\\\/tubes\\\/tubes-coupes-droit\\\/\",\"name\":\"Tubes coup\u00e9s droit : entretoises, douilles, manchons, bague\",\"isPartOf\":{\"@id\":\"https:\\\/\\\/fgti-distribution.fr\\\/#website\"},\"primaryImageOfPage\":{\"@id\":\"https:\\\/\\\/fgti-distribution.fr\\\/pieces-tubulaires-metal\\\/tubes\\\/tubes-coupes-droit\\\/#primaryimage\"},\"image\":{\"@id\":\"https:\\\/\\\/fgti-distribution.fr\\\/pieces-tubulaires-metal\\\/tubes\\\/tubes-coupes-droit\\\/#primaryimage\"},\"thumbnailUrl\":\"https:\\\/\\\/fgti-distribution.fr\\\/wp-content\\\/uploads\\\/2023\\\/02\\\/rivets-offre-fgti-distribution.jpg\",\"datePublished\":\"2023-08-21T09:43:44+00:00\",\"dateModified\":\"2024-02-15T13:00:24+00:00\",\"description\":\"Tubes sur-mesure : manchons connecteur, tube d'\u00e9cartement, douille de guidage, bague de renforcement, entretoise, etc.\",\"breadcrumb\":{\"@id\":\"https:\\\/\\\/fgti-distribution.fr\\\/pieces-tubulaires-metal\\\/tubes\\\/tubes-coupes-droit\\\/#breadcrumb\"},\"inLanguage\":\"es\",\"potentialAction\":[{\"@type\":\"ReadAction\",\"target\":[\"https:\\\/\\\/fgti-distribution.fr\\\/pieces-tubulaires-metal\\\/tubes\\\/tubes-coupes-droit\\\/\"]}]},{\"@type\":\"ImageObject\",\"inLanguage\":\"es\",\"@id\":\"https:\\\/\\\/fgti-distribution.fr\\\/pieces-tubulaires-metal\\\/tubes\\\/tubes-coupes-droit\\\/#primaryimage\",\"url\":\"https:\\\/\\\/fgti-distribution.fr\\\/wp-content\\\/uploads\\\/2023\\\/02\\\/rivets-offre-fgti-distribution.jpg\",\"contentUrl\":\"https:\\\/\\\/fgti-distribution.fr\\\/wp-content\\\/uploads\\\/2023\\\/02\\\/rivets-offre-fgti-distribution.jpg\",\"width\":1600,\"height\":430,\"caption\":\"rivets offre fgti distribution\"},{\"@type\":\"BreadcrumbList\",\"@id\":\"https:\\\/\\\/fgti-distribution.fr\\\/pieces-tubulaires-metal\\\/tubes\\\/tubes-coupes-droit\\\/#breadcrumb\",\"itemListElement\":[{\"@type\":\"ListItem\",\"position\":1,\"name\":\"Home\",\"item\":\"https:\\\/\\\/fgti-distribution.fr\\\/\"},{\"@type\":\"ListItem\",\"position\":2,\"name\":\"Pi\u00e8ces tubulaires m\u00e9tal\",\"item\":\"https:\\\/\\\/fgti-distribution.fr\\\/pieces-tubulaires-metal\\\/\"},{\"@type\":\"ListItem\",\"position\":3,\"name\":\"Petits tubes creux\",\"item\":\"https:\\\/\\\/fgti-distribution.fr\\\/pieces-tubulaires-metal\\\/tubes\\\/\"},{\"@type\":\"ListItem\",\"position\":4,\"name\":\"Tubes coup\u00e9s droit\"}]},{\"@type\":\"WebSite\",\"@id\":\"https:\\\/\\\/fgti-distribution.fr\\\/#website\",\"url\":\"https:\\\/\\\/fgti-distribution.fr\\\/\",\"name\":\"FGTI Distribution\",\"description\":\"Pi\u00e8ces techniques et services \u00e0 forte valeur ajout\u00e9e\",\"publisher\":{\"@id\":\"https:\\\/\\\/fgti-distribution.fr\\\/#organization\"},\"alternateName\":\"FGTI Distribution\",\"potentialAction\":[{\"@type\":\"SearchAction\",\"target\":{\"@type\":\"EntryPoint\",\"urlTemplate\":\"https:\\\/\\\/fgti-distribution.fr\\\/?s={search_term_string}\"},\"query-input\":{\"@type\":\"PropertyValueSpecification\",\"valueRequired\":true,\"valueName\":\"search_term_string\"}}],\"inLanguage\":\"es\"},{\"@type\":\"Organization\",\"@id\":\"https:\\\/\\\/fgti-distribution.fr\\\/#organization\",\"name\":\"FGTI Distribution\",\"alternateName\":\"FGTI Distribution\",\"url\":\"https:\\\/\\\/fgti-distribution.fr\\\/\",\"logo\":{\"@type\":\"ImageObject\",\"inLanguage\":\"es\",\"@id\":\"https:\\\/\\\/fgti-distribution.fr\\\/#\\\/schema\\\/logo\\\/image\\\/\",\"url\":\"https:\\\/\\\/fgti-distribution.fr\\\/wp-content\\\/uploads\\\/2022\\\/12\\\/logo.png\",\"contentUrl\":\"https:\\\/\\\/fgti-distribution.fr\\\/wp-content\\\/uploads\\\/2022\\\/12\\\/logo.png\",\"width\":500,\"height\":228,\"caption\":\"FGTI Distribution\"},\"image\":{\"@id\":\"https:\\\/\\\/fgti-distribution.fr\\\/#\\\/schema\\\/logo\\\/image\\\/\"},\"sameAs\":[\"https:\\\/\\\/www.linkedin.com\\\/company\\\/fgti-distribution\\\/\"]}]}<\/script>\n<!-- \/ Yoast SEO plugin. -->","yoast_head_json":{"title":"Tubes coup\u00e9s droit : entretoises, douilles, manchons, bague","description":"Tubes sur-mesure : manchons connecteur, tube d'\u00e9cartement, douille de guidage, bague de renforcement, entretoise, etc.","robots":{"index":"index","follow":"follow","max-snippet":"max-snippet:-1","max-image-preview":"max-image-preview:large","max-video-preview":"max-video-preview:-1"},"canonical":"https:\/\/fgti-distribution.fr\/es\/piezas-tubulares-metalicas\/tubes\/tubes-coupes-droit\/","og_locale":"es_ES","og_type":"article","og_title":"Tubes coup\u00e9s droit : entretoises, douilles, manchons, bague","og_description":"Tubes sur-mesure : manchons connecteur, tube d'\u00e9cartement, douille de guidage, bague de renforcement, entretoise, etc.","og_url":"https:\/\/fgti-distribution.fr\/es\/piezas-tubulares-metalicas\/tubes\/tubes-coupes-droit\/","og_site_name":"FGTI Distribution","article_modified_time":"2024-02-15T13:00:24+00:00","og_image":[{"width":1600,"height":430,"url":"https:\/\/fgti-distribution.fr\/wp-content\/uploads\/2023\/02\/rivets-offre-fgti-distribution.jpg","type":"image\/jpeg"}],"twitter_card":"summary_large_image","twitter_misc":{"Est. reading time":"2 minutos"},"schema":{"@context":"https:\/\/schema.org","@graph":[{"@type":"WebPage","@id":"https:\/\/fgti-distribution.fr\/pieces-tubulaires-metal\/tubes\/tubes-coupes-droit\/","url":"https:\/\/fgti-distribution.fr\/pieces-tubulaires-metal\/tubes\/tubes-coupes-droit\/","name":"Tubes coup\u00e9s droit : entretoises, douilles, manchons, bague","isPartOf":{"@id":"https:\/\/fgti-distribution.fr\/#website"},"primaryImageOfPage":{"@id":"https:\/\/fgti-distribution.fr\/pieces-tubulaires-metal\/tubes\/tubes-coupes-droit\/#primaryimage"},"image":{"@id":"https:\/\/fgti-distribution.fr\/pieces-tubulaires-metal\/tubes\/tubes-coupes-droit\/#primaryimage"},"thumbnailUrl":"https:\/\/fgti-distribution.fr\/wp-content\/uploads\/2023\/02\/rivets-offre-fgti-distribution.jpg","datePublished":"2023-08-21T09:43:44+00:00","dateModified":"2024-02-15T13:00:24+00:00","description":"Tubes sur-mesure : manchons connecteur, tube d'\u00e9cartement, douille de guidage, bague de renforcement, entretoise, etc.","breadcrumb":{"@id":"https:\/\/fgti-distribution.fr\/pieces-tubulaires-metal\/tubes\/tubes-coupes-droit\/#breadcrumb"},"inLanguage":"es","potentialAction":[{"@type":"ReadAction","target":["https:\/\/fgti-distribution.fr\/pieces-tubulaires-metal\/tubes\/tubes-coupes-droit\/"]}]},{"@type":"ImageObject","inLanguage":"es","@id":"https:\/\/fgti-distribution.fr\/pieces-tubulaires-metal\/tubes\/tubes-coupes-droit\/#primaryimage","url":"https:\/\/fgti-distribution.fr\/wp-content\/uploads\/2023\/02\/rivets-offre-fgti-distribution.jpg","contentUrl":"https:\/\/fgti-distribution.fr\/wp-content\/uploads\/2023\/02\/rivets-offre-fgti-distribution.jpg","width":1600,"height":430,"caption":"rivets offre fgti distribution"},{"@type":"BreadcrumbList","@id":"https:\/\/fgti-distribution.fr\/pieces-tubulaires-metal\/tubes\/tubes-coupes-droit\/#breadcrumb","itemListElement":[{"@type":"ListItem","position":1,"name":"Home","item":"https:\/\/fgti-distribution.fr\/"},{"@type":"ListItem","position":2,"name":"Pi\u00e8ces tubulaires m\u00e9tal","item":"https:\/\/fgti-distribution.fr\/pieces-tubulaires-metal\/"},{"@type":"ListItem","position":3,"name":"Petits tubes creux","item":"https:\/\/fgti-distribution.fr\/pieces-tubulaires-metal\/tubes\/"},{"@type":"ListItem","position":4,"name":"Tubes coup\u00e9s droit"}]},{"@type":"WebSite","@id":"https:\/\/fgti-distribution.fr\/#website","url":"https:\/\/fgti-distribution.fr\/","name":"Distribuci\u00f3n FGTI","description":"Piezas t\u00e9cnicas y servicios de alto valor a\u00f1adido","publisher":{"@id":"https:\/\/fgti-distribution.fr\/#organization"},"alternateName":"FGTI Distribution","potentialAction":[{"@type":"SearchAction","target":{"@type":"EntryPoint","urlTemplate":"https:\/\/fgti-distribution.fr\/?s={search_term_string}"},"query-input":{"@type":"PropertyValueSpecification","valueRequired":true,"valueName":"search_term_string"}}],"inLanguage":"es"},{"@type":"Organization","@id":"https:\/\/fgti-distribution.fr\/#organization","name":"Distribuci\u00f3n FGTI","alternateName":"FGTI Distribution","url":"https:\/\/fgti-distribution.fr\/","logo":{"@type":"ImageObject","inLanguage":"es","@id":"https:\/\/fgti-distribution.fr\/#\/schema\/logo\/image\/","url":"https:\/\/fgti-distribution.fr\/wp-content\/uploads\/2022\/12\/logo.png","contentUrl":"https:\/\/fgti-distribution.fr\/wp-content\/uploads\/2022\/12\/logo.png","width":500,"height":228,"caption":"FGTI Distribution"},"image":{"@id":"https:\/\/fgti-distribution.fr\/#\/schema\/logo\/image\/"},"sameAs":["https:\/\/www.linkedin.com\/company\/fgti-distribution\/"]}]}},"_links":{"self":[{"href":"https:\/\/fgti-distribution.fr\/es\/wp-json\/wp\/v2\/pages\/8030","targetHints":{"allow":["GET"]}}],"collection":[{"href":"https:\/\/fgti-distribution.fr\/es\/wp-json\/wp\/v2\/pages"}],"about":[{"href":"https:\/\/fgti-distribution.fr\/es\/wp-json\/wp\/v2\/types\/page"}],"author":[{"embeddable":true,"href":"https:\/\/fgti-distribution.fr\/es\/wp-json\/wp\/v2\/users\/1"}],"replies":[{"embeddable":true,"href":"https:\/\/fgti-distribution.fr\/es\/wp-json\/wp\/v2\/comments?post=8030"}],"version-history":[{"count":46,"href":"https:\/\/fgti-distribution.fr\/es\/wp-json\/wp\/v2\/pages\/8030\/revisions"}],"predecessor-version":[{"id":9303,"href":"https:\/\/fgti-distribution.fr\/es\/wp-json\/wp\/v2\/pages\/8030\/revisions\/9303"}],"up":[{"embeddable":true,"href":"https:\/\/fgti-distribution.fr\/es\/wp-json\/wp\/v2\/pages\/8026"}],"wp:featuredmedia":[{"embeddable":true,"href":"https:\/\/fgti-distribution.fr\/es\/wp-json\/wp\/v2\/media\/7166"}],"wp:attachment":[{"href":"https:\/\/fgti-distribution.fr\/es\/wp-json\/wp\/v2\/media?parent=8030"}],"curies":[{"name":"wp","href":"https:\/\/api.w.org\/{rel}","templated":true}]}}