{"id":9589,"date":"2024-04-30T18:26:04","date_gmt":"2024-04-30T18:26:04","guid":{"rendered":"https:\/\/fgti-distribution.fr\/?page_id=9589"},"modified":"2024-09-05T15:42:01","modified_gmt":"2024-09-05T15:42:01","slug":"tubes-tuyaux-en-pe-uhmw","status":"publish","type":"page","link":"https:\/\/fgti-distribution.fr\/es\/pieces-techniques-sans-pfas-bock\/tubes-tuyaux-en-pe-uhmw\/","title":{"rendered":"Tubes \/ tuyaux en PE-UHMW"},"content":{"rendered":"<section data-bb-version=\"4.9.1\" id=\"bt_bb_section69d0a10b3fe8d\" class=\"bt_bb_section bt_bb_layout_boxed_1200\"  data-bt-override-class=\"null\"><div class=\"bt_bb_port\"><div class=\"bt_bb_cell\"><div class=\"bt_bb_cell_inner\"><div class=\"bt_bb_row\"  data-bt-override-class=\"{}\"><div class=\"bt_bb_row_holder\" ><div data-bb-version=\"4.9.1\"  class=\"bt_bb_column col-xxl-12 col-xl-12 col-xs-12 col-sm-12 col-md-12 col-lg-12 bt_bb_vertical_align_top bt_bb_align_left bt_bb_padding_normal\" style=\"; --column-width:12;\" data-width=\"12\" data-bt-override-class=\"{}\"><div class=\"bt_bb_column_content\"><div class=\"bt_bb_column_content_inner\"><div class=\"bt_bb_raw_content\"><h2 style=\"color: #172983;\">Tuyauterie industrielle : tubes, tuyaux, coudes et raccords industriels pour le transfert de fluides<\/h2>\n<br \/>\nNotre partenaire con\u00e7oit et fabrique des conduites sur-mesure en poly\u00e9thyl\u00e8ne modifi\u00e9. Une alternative \u00e9co-responsable aux tuyaux flexibles rev\u00eatus int\u00e9rieurement de PTFE utilis\u00e9s pour le transfert de fluides dans les usines agro-alimentaires (ex.: embouteillage de boissons) ou l\u2018industrie pharmaceutique ou chimique.  \n<br \/><br \/>\nLa d\u00e9tection des fuites est plus facile sur des tuyaux en PE-UHMW \u00e9pais et d\u2018un seul tenant que sur les flexibles rev\u00eatus de PTFE. <\/div><div data-bb-version=\"4.9.1\" class=\"bt_bb_separator bt_bb_top_spacing_normal bt_bb_bottom_spacing_no_spacing bt_bb_border_style_none\" data-bt-override-class=\"{&quot;bt_bb_top_spacing_&quot;:{&quot;current_class&quot;:&quot;bt_bb_top_spacing_normal&quot;,&quot;def&quot;:&quot;normal&quot;},&quot;bt_bb_bottom_spacing_&quot;:{&quot;current_class&quot;:&quot;bt_bb_bottom_spacing_no_spacing&quot;,&quot;def&quot;:&quot;no_spacing&quot;}}\"><\/div><div data-bb-version=\"4.9.1\" class=\"bt_bb_image bt_bb_shape_square bt_bb_target_self bt_bb_align_inherit bt_bb_hover_style_simple bt_bb_content_display_always bt_bb_content_align_middle bt_bb_remove_padding_yes bt_bb_fill_background_color_full\" data-bt-override-class=\"{&quot;bt_bb_align_&quot;:{&quot;current_class&quot;:&quot;bt_bb_align_inherit&quot;,&quot;def&quot;:&quot;inherit&quot;}}\"><span><img loading=\"lazy\" decoding=\"async\" width=\"2560\" height=\"631\" src=\"https:\/\/fgti-distribution.fr\/wp-content\/uploads\/2024\/05\/membranes-PE-UHMW-scaled.jpg\" class=\"attachment-full size-full\" alt=\"Membranes en PE-UHMW\" data-full_image_src=\"https:\/\/fgti-distribution.fr\/wp-content\/uploads\/2024\/05\/membranes-PE-UHMW-scaled.jpg\" srcset=\"https:\/\/fgti-distribution.fr\/wp-content\/uploads\/2024\/05\/membranes-PE-UHMW-scaled.jpg 2560w, https:\/\/fgti-distribution.fr\/wp-content\/uploads\/2024\/05\/membranes-PE-UHMW-640x158.jpg 640w, https:\/\/fgti-distribution.fr\/wp-content\/uploads\/2024\/05\/membranes-PE-UHMW-1280x316.jpg 1280w, https:\/\/fgti-distribution.fr\/wp-content\/uploads\/2024\/05\/membranes-PE-UHMW-768x189.jpg 768w, https:\/\/fgti-distribution.fr\/wp-content\/uploads\/2024\/05\/membranes-PE-UHMW-1536x379.jpg 1536w, https:\/\/fgti-distribution.fr\/wp-content\/uploads\/2024\/05\/membranes-PE-UHMW-2048x505.jpg 2048w, https:\/\/fgti-distribution.fr\/wp-content\/uploads\/2024\/05\/membranes-PE-UHMW-320x79.jpg 320w\" sizes=\"auto, (max-width: 2560px) 100vw, 2560px\" \/><\/span><\/div><div data-bb-version=\"4.9.1\" class=\"bt_bb_separator bt_bb_top_spacing_no_spacing bt_bb_bottom_spacing_normal bt_bb_border_style_none\" data-bt-override-class=\"{&quot;bt_bb_top_spacing_&quot;:{&quot;current_class&quot;:&quot;bt_bb_top_spacing_no_spacing&quot;,&quot;def&quot;:&quot;no_spacing&quot;},&quot;bt_bb_bottom_spacing_&quot;:{&quot;current_class&quot;:&quot;bt_bb_bottom_spacing_normal&quot;,&quot;def&quot;:&quot;normal&quot;}}\"><\/div><div class=\"bt_bb_raw_content\">Il a d\u00e9velopp\u00e9 un savoir-faire qui lui permet de couder ces tubes et d\u2018usiner les extr\u00e9mit\u00e9s pour former des brides ou autres selon vos souhaits. Plusieurs cintrages sont possibles sur un m\u00eame tube, \u00e9galement \u00e0 diff\u00e9rents niveaux. <br \/>\nD\u2018une mani\u00e8re g\u00e9n\u00e9rale les tubes sont disponibles en diam\u00e8tres nominaux allant de 6 \u00e0 50 mm, mais n\u2018h\u00e9sitez pas \u00e0 nous faire part de votre besoin s\u2018il est diff\u00e9rent. \n<br \/><br \/>\nLa pression de rupture de nos tuyaux en PE-UHMW est \u00e9lev\u00e9e, m\u00eame \u00e0 haute temp\u00e9rature. \nCeux-ci ont une bonne r\u00e9sistance chimique \u00e0 presque tous les fluides. \n<br \/><br \/>\nNotre partenaire est \u00e9galement en mesure de livrer des raccords avec les tubes.\n<\/div><div data-bb-version=\"4.9.1\" class=\"bt_bb_separator bt_bb_top_spacing_medium bt_bb_bottom_spacing_no_spacing bt_bb_border_style_none\" data-bt-override-class=\"{&quot;bt_bb_top_spacing_&quot;:{&quot;current_class&quot;:&quot;bt_bb_top_spacing_medium&quot;,&quot;def&quot;:&quot;medium&quot;},&quot;bt_bb_bottom_spacing_&quot;:{&quot;current_class&quot;:&quot;bt_bb_bottom_spacing_no_spacing&quot;,&quot;def&quot;:&quot;no_spacing&quot;}}\"><\/div><\/div><\/div><\/div><\/div><\/div><\/div><!-- cell_inner --><\/div><!-- cell --><\/div><!-- port --><\/section>","protected":false},"excerpt":{"rendered":"","protected":false},"author":1,"featured_media":0,"parent":9575,"menu_order":0,"comment_status":"closed","ping_status":"closed","template":"","meta":{"footnotes":""},"class_list":["post-9589","page","type-page","status-publish","hentry"],"yoast_head":"<!-- This site is optimized with the Yoast SEO plugin v27.3 - https:\/\/yoast.com\/product\/yoast-seo-wordpress\/ -->\n<title>FGTI Distribution - Tubes \/ tuyaux en PE-UHMW<\/title>\n<meta name=\"description\" content=\"FGTI Distribution - Tubes \/ tuyaux en PE-UHMW -\" \/>\n<meta name=\"robots\" content=\"index, follow, max-snippet:-1, max-image-preview:large, max-video-preview:-1\" \/>\n<link rel=\"canonical\" href=\"https:\/\/fgti-distribution.fr\/es\/pieces-techniques-sans-pfas-bock\/tubes-tuyaux-en-pe-uhmw\/\" \/>\n<meta property=\"og:locale\" content=\"es_ES\" \/>\n<meta property=\"og:type\" content=\"article\" \/>\n<meta property=\"og:title\" content=\"FGTI Distribution - Tubes \/ tuyaux en PE-UHMW\" \/>\n<meta property=\"og:description\" content=\"FGTI Distribution - Tubes \/ tuyaux en PE-UHMW -\" \/>\n<meta property=\"og:url\" content=\"https:\/\/fgti-distribution.fr\/es\/pieces-techniques-sans-pfas-bock\/tubes-tuyaux-en-pe-uhmw\/\" \/>\n<meta property=\"og:site_name\" content=\"FGTI Distribution\" \/>\n<meta property=\"article:modified_time\" content=\"2024-09-05T15:42:01+00:00\" \/>\n<meta name=\"twitter:card\" content=\"summary_large_image\" \/>\n<meta name=\"twitter:label1\" content=\"Est. reading time\" \/>\n\t<meta name=\"twitter:data1\" content=\"1 minuto\" \/>\n<script type=\"application\/ld+json\" class=\"yoast-schema-graph\">{\"@context\":\"https:\\\/\\\/schema.org\",\"@graph\":[{\"@type\":\"WebPage\",\"@id\":\"https:\\\/\\\/fgti-distribution.fr\\\/pieces-techniques-sans-pfas-bock\\\/tubes-tuyaux-en-pe-uhmw\\\/\",\"url\":\"https:\\\/\\\/fgti-distribution.fr\\\/pieces-techniques-sans-pfas-bock\\\/tubes-tuyaux-en-pe-uhmw\\\/\",\"name\":\"FGTI Distribution - Tubes \\\/ tuyaux en PE-UHMW\",\"isPartOf\":{\"@id\":\"https:\\\/\\\/fgti-distribution.fr\\\/#website\"},\"datePublished\":\"2024-04-30T18:26:04+00:00\",\"dateModified\":\"2024-09-05T15:42:01+00:00\",\"description\":\"FGTI Distribution - Tubes \\\/ tuyaux en PE-UHMW -\",\"breadcrumb\":{\"@id\":\"https:\\\/\\\/fgti-distribution.fr\\\/pieces-techniques-sans-pfas-bock\\\/tubes-tuyaux-en-pe-uhmw\\\/#breadcrumb\"},\"inLanguage\":\"es\",\"potentialAction\":[{\"@type\":\"ReadAction\",\"target\":[\"https:\\\/\\\/fgti-distribution.fr\\\/pieces-techniques-sans-pfas-bock\\\/tubes-tuyaux-en-pe-uhmw\\\/\"]}]},{\"@type\":\"BreadcrumbList\",\"@id\":\"https:\\\/\\\/fgti-distribution.fr\\\/pieces-techniques-sans-pfas-bock\\\/tubes-tuyaux-en-pe-uhmw\\\/#breadcrumb\",\"itemListElement\":[{\"@type\":\"ListItem\",\"position\":1,\"name\":\"Home\",\"item\":\"https:\\\/\\\/fgti-distribution.fr\\\/\"},{\"@type\":\"ListItem\",\"position\":2,\"name\":\"Pi\u00e8ces techniques sans PFAS BOCK\",\"item\":\"https:\\\/\\\/fgti-distribution.fr\\\/pieces-techniques-sans-pfas-bock\\\/\"},{\"@type\":\"ListItem\",\"position\":3,\"name\":\"Tubes \\\/ tuyaux en PE-UHMW\"}]},{\"@type\":\"WebSite\",\"@id\":\"https:\\\/\\\/fgti-distribution.fr\\\/#website\",\"url\":\"https:\\\/\\\/fgti-distribution.fr\\\/\",\"name\":\"FGTI Distribution\",\"description\":\"Pi\u00e8ces techniques et services \u00e0 forte valeur ajout\u00e9e\",\"publisher\":{\"@id\":\"https:\\\/\\\/fgti-distribution.fr\\\/#organization\"},\"alternateName\":\"FGTI Distribution\",\"potentialAction\":[{\"@type\":\"SearchAction\",\"target\":{\"@type\":\"EntryPoint\",\"urlTemplate\":\"https:\\\/\\\/fgti-distribution.fr\\\/?s={search_term_string}\"},\"query-input\":{\"@type\":\"PropertyValueSpecification\",\"valueRequired\":true,\"valueName\":\"search_term_string\"}}],\"inLanguage\":\"es\"},{\"@type\":\"Organization\",\"@id\":\"https:\\\/\\\/fgti-distribution.fr\\\/#organization\",\"name\":\"FGTI Distribution\",\"alternateName\":\"FGTI Distribution\",\"url\":\"https:\\\/\\\/fgti-distribution.fr\\\/\",\"logo\":{\"@type\":\"ImageObject\",\"inLanguage\":\"es\",\"@id\":\"https:\\\/\\\/fgti-distribution.fr\\\/#\\\/schema\\\/logo\\\/image\\\/\",\"url\":\"https:\\\/\\\/fgti-distribution.fr\\\/wp-content\\\/uploads\\\/2022\\\/12\\\/logo.png\",\"contentUrl\":\"https:\\\/\\\/fgti-distribution.fr\\\/wp-content\\\/uploads\\\/2022\\\/12\\\/logo.png\",\"width\":500,\"height\":228,\"caption\":\"FGTI Distribution\"},\"image\":{\"@id\":\"https:\\\/\\\/fgti-distribution.fr\\\/#\\\/schema\\\/logo\\\/image\\\/\"},\"sameAs\":[\"https:\\\/\\\/www.linkedin.com\\\/company\\\/fgti-distribution\\\/\"]}]}<\/script>\n<!-- \/ Yoast SEO plugin. -->","yoast_head_json":{"title":"FGTI Distribution - Tubes \/ tuyaux en PE-UHMW","description":"FGTI Distribution - Tubes \/ tuyaux en PE-UHMW -","robots":{"index":"index","follow":"follow","max-snippet":"max-snippet:-1","max-image-preview":"max-image-preview:large","max-video-preview":"max-video-preview:-1"},"canonical":"https:\/\/fgti-distribution.fr\/es\/pieces-techniques-sans-pfas-bock\/tubes-tuyaux-en-pe-uhmw\/","og_locale":"es_ES","og_type":"article","og_title":"FGTI Distribution - Tubes \/ tuyaux en PE-UHMW","og_description":"FGTI Distribution - Tubes \/ tuyaux en PE-UHMW -","og_url":"https:\/\/fgti-distribution.fr\/es\/pieces-techniques-sans-pfas-bock\/tubes-tuyaux-en-pe-uhmw\/","og_site_name":"FGTI Distribution","article_modified_time":"2024-09-05T15:42:01+00:00","twitter_card":"summary_large_image","twitter_misc":{"Est. reading time":"1 minuto"},"schema":{"@context":"https:\/\/schema.org","@graph":[{"@type":"WebPage","@id":"https:\/\/fgti-distribution.fr\/pieces-techniques-sans-pfas-bock\/tubes-tuyaux-en-pe-uhmw\/","url":"https:\/\/fgti-distribution.fr\/pieces-techniques-sans-pfas-bock\/tubes-tuyaux-en-pe-uhmw\/","name":"FGTI Distribution - Tubes \/ tuyaux en PE-UHMW","isPartOf":{"@id":"https:\/\/fgti-distribution.fr\/#website"},"datePublished":"2024-04-30T18:26:04+00:00","dateModified":"2024-09-05T15:42:01+00:00","description":"FGTI Distribution - Tubes \/ tuyaux en PE-UHMW -","breadcrumb":{"@id":"https:\/\/fgti-distribution.fr\/pieces-techniques-sans-pfas-bock\/tubes-tuyaux-en-pe-uhmw\/#breadcrumb"},"inLanguage":"es","potentialAction":[{"@type":"ReadAction","target":["https:\/\/fgti-distribution.fr\/pieces-techniques-sans-pfas-bock\/tubes-tuyaux-en-pe-uhmw\/"]}]},{"@type":"BreadcrumbList","@id":"https:\/\/fgti-distribution.fr\/pieces-techniques-sans-pfas-bock\/tubes-tuyaux-en-pe-uhmw\/#breadcrumb","itemListElement":[{"@type":"ListItem","position":1,"name":"Home","item":"https:\/\/fgti-distribution.fr\/"},{"@type":"ListItem","position":2,"name":"Pi\u00e8ces techniques sans PFAS BOCK","item":"https:\/\/fgti-distribution.fr\/pieces-techniques-sans-pfas-bock\/"},{"@type":"ListItem","position":3,"name":"Tubes \/ tuyaux en PE-UHMW"}]},{"@type":"WebSite","@id":"https:\/\/fgti-distribution.fr\/#website","url":"https:\/\/fgti-distribution.fr\/","name":"Distribuci\u00f3n FGTI","description":"Piezas t\u00e9cnicas y servicios de alto valor a\u00f1adido","publisher":{"@id":"https:\/\/fgti-distribution.fr\/#organization"},"alternateName":"FGTI Distribution","potentialAction":[{"@type":"SearchAction","target":{"@type":"EntryPoint","urlTemplate":"https:\/\/fgti-distribution.fr\/?s={search_term_string}"},"query-input":{"@type":"PropertyValueSpecification","valueRequired":true,"valueName":"search_term_string"}}],"inLanguage":"es"},{"@type":"Organization","@id":"https:\/\/fgti-distribution.fr\/#organization","name":"Distribuci\u00f3n FGTI","alternateName":"FGTI Distribution","url":"https:\/\/fgti-distribution.fr\/","logo":{"@type":"ImageObject","inLanguage":"es","@id":"https:\/\/fgti-distribution.fr\/#\/schema\/logo\/image\/","url":"https:\/\/fgti-distribution.fr\/wp-content\/uploads\/2022\/12\/logo.png","contentUrl":"https:\/\/fgti-distribution.fr\/wp-content\/uploads\/2022\/12\/logo.png","width":500,"height":228,"caption":"FGTI Distribution"},"image":{"@id":"https:\/\/fgti-distribution.fr\/#\/schema\/logo\/image\/"},"sameAs":["https:\/\/www.linkedin.com\/company\/fgti-distribution\/"]}]}},"_links":{"self":[{"href":"https:\/\/fgti-distribution.fr\/es\/wp-json\/wp\/v2\/pages\/9589","targetHints":{"allow":["GET"]}}],"collection":[{"href":"https:\/\/fgti-distribution.fr\/es\/wp-json\/wp\/v2\/pages"}],"about":[{"href":"https:\/\/fgti-distribution.fr\/es\/wp-json\/wp\/v2\/types\/page"}],"author":[{"embeddable":true,"href":"https:\/\/fgti-distribution.fr\/es\/wp-json\/wp\/v2\/users\/1"}],"replies":[{"embeddable":true,"href":"https:\/\/fgti-distribution.fr\/es\/wp-json\/wp\/v2\/comments?post=9589"}],"version-history":[{"count":10,"href":"https:\/\/fgti-distribution.fr\/es\/wp-json\/wp\/v2\/pages\/9589\/revisions"}],"predecessor-version":[{"id":9922,"href":"https:\/\/fgti-distribution.fr\/es\/wp-json\/wp\/v2\/pages\/9589\/revisions\/9922"}],"up":[{"embeddable":true,"href":"https:\/\/fgti-distribution.fr\/es\/wp-json\/wp\/v2\/pages\/9575"}],"wp:attachment":[{"href":"https:\/\/fgti-distribution.fr\/es\/wp-json\/wp\/v2\/media?parent=9589"}],"curies":[{"name":"wp","href":"https:\/\/api.w.org\/{rel}","templated":true}]}}