{"id":9692,"date":"2024-05-15T15:10:22","date_gmt":"2024-05-15T15:10:22","guid":{"rendered":"https:\/\/fgti-distribution.fr\/?page_id=9692"},"modified":"2024-09-05T15:50:23","modified_gmt":"2024-09-05T15:50:23","slug":"pieces-sans-pfas","status":"publish","type":"page","link":"https:\/\/fgti-distribution.fr\/es\/pieces-techniques-sans-pfas-bock\/pieces-sans-pfas\/","title":{"rendered":"Pi\u00e8ces techniques sans PFAS"},"content":{"rendered":"<section data-bb-version=\"4.9.1\" id=\"bt_bb_section69d0a28941838\" class=\"bt_bb_section bt_bb_layout_boxed_1200\"  data-bt-override-class=\"null\"><div class=\"bt_bb_port\"><div class=\"bt_bb_cell\"><div class=\"bt_bb_cell_inner\"><div class=\"bt_bb_row\"  data-bt-override-class=\"{}\"><div class=\"bt_bb_row_holder\" ><div data-bb-version=\"4.9.1\"  class=\"bt_bb_column col-xxl-12 col-xl-12 col-xs-12 col-sm-12 col-md-12 col-lg-12 bt_bb_vertical_align_top bt_bb_align_left bt_bb_padding_normal\" style=\"; --column-width:12;\" data-width=\"12\" data-bt-override-class=\"{}\"><div class=\"bt_bb_column_content\"><div class=\"bt_bb_column_content_inner\"><div class=\"bt_bb_raw_content\">Avec les controverses environnementales autour des fluoropolym\u00e8res, le poly\u00e9thyl\u00e8ne \u00e0 masse mol\u00e9culaire ultra-\u00e9lev\u00e9e est de plus en plus pl\u00e9biscit\u00e9 pour la fabrication de soufflets. En effet, le PE-1000 pr\u00e9sente une exceptionnelle r\u00e9sistance aux flexions r\u00e9p\u00e9t\u00e9es et est inoffensif sur le plan physiologique. Par ailleurs, il est conforme aux normes FDA, 3A et CE 10\/2011.\n<br \/><br \/><\/div><div data-bb-version=\"4.9.1\" class=\"bt_bb_row_inner\"   data-bt-override-class=\"{}\"><div class=\"bt_bb_row_inner_holder\"  ><div data-bb-version=\"4.9.1\"  class=\"bt_bb_column_inner col-xxl-6 col-xl-6 col-xs-12 col-sm-6 col-md-6 col-lg-6 bt_bb_vertical_align_top bt_bb_align_left bt_bb_padding_normal\"  data-width=\"6\" data-bt-override-class=\"{}\"><div class=\"bt_bb_column_inner_content\"><div class=\"bt_bb_column_inner_content_inner\"><div class=\"bt_bb_raw_content\">On privil\u00e9giera des plis arrondis pour les applications n\u00e9cessitant une bonne nettoyabilit\u00e9 du soufflet. \nQuand la course du soufflet est tr\u00e8s grande, on pr\u00e9conise l\u2018usinage de plis pointus.\n<br \/><br \/>\nContrairement aux soufflets en PTFE couramment renforc\u00e9s avec des bases PTFE ou du PEEK au niveau des zones sollicit\u00e9es (filetages, surfaces de guidage, etc.), les soufflets sans PFAS n\u2019ont pas besoin d\u2019\u00eatre renforc\u00e9s car ils peuvent \u00eatre r\u00e9alis\u00e9s dans des mat\u00e9riaux tr\u00e8s r\u00e9sistants en une seule pi\u00e8ce : Enduflon P1 et P16.\n<br \/><br \/>\n<\/div><\/div><\/div><\/div><div data-bb-version=\"4.9.1\"  class=\"bt_bb_column_inner col-xxl-6 col-xl-6 col-xs-12 col-sm-6 col-md-6 col-lg-6 bt_bb_vertical_align_top bt_bb_align_left bt_bb_padding_normal\"  data-width=\"6\" data-bt-override-class=\"{}\"><div class=\"bt_bb_column_inner_content\"><div class=\"bt_bb_column_inner_content_inner\"><div data-bb-version=\"4.9.1\" class=\"bt_bb_image bt_bb_shape_square bt_bb_target_self bt_bb_align_inherit bt_bb_hover_style_simple bt_bb_content_display_always bt_bb_content_align_middle bt_bb_remove_padding_yes bt_bb_fill_background_color_full\" data-bt-override-class=\"{&quot;bt_bb_align_&quot;:{&quot;current_class&quot;:&quot;bt_bb_align_inherit&quot;,&quot;def&quot;:&quot;inherit&quot;}}\"><span><img loading=\"lazy\" decoding=\"async\" width=\"1235\" height=\"695\" src=\"https:\/\/fgti-distribution.fr\/wp-content\/uploads\/2024\/09\/fgti-distribution-soufflet-sans-PFAS1.jpg\" class=\"attachment-full size-full\" alt=\"FGTI Distribution soufflet sans PFAS\" data-full_image_src=\"https:\/\/fgti-distribution.fr\/wp-content\/uploads\/2024\/09\/fgti-distribution-soufflet-sans-PFAS1.jpg\" srcset=\"https:\/\/fgti-distribution.fr\/wp-content\/uploads\/2024\/09\/fgti-distribution-soufflet-sans-PFAS1.jpg 1235w, https:\/\/fgti-distribution.fr\/wp-content\/uploads\/2024\/09\/fgti-distribution-soufflet-sans-PFAS1-640x360.jpg 640w, https:\/\/fgti-distribution.fr\/wp-content\/uploads\/2024\/09\/fgti-distribution-soufflet-sans-PFAS1-768x432.jpg 768w, https:\/\/fgti-distribution.fr\/wp-content\/uploads\/2024\/09\/fgti-distribution-soufflet-sans-PFAS1-320x180.jpg 320w\" sizes=\"auto, (max-width: 1235px) 100vw, 1235px\" \/><\/span><\/div><div data-bb-version=\"4.9.1\" class=\"bt_bb_separator bt_bb_top_spacing_medium bt_bb_bottom_spacing_medium bt_bb_border_style_none\" data-bt-override-class=\"{&quot;bt_bb_top_spacing_&quot;:{&quot;current_class&quot;:&quot;bt_bb_top_spacing_medium&quot;,&quot;def&quot;:&quot;medium&quot;},&quot;bt_bb_bottom_spacing_&quot;:{&quot;current_class&quot;:&quot;bt_bb_bottom_spacing_medium&quot;,&quot;def&quot;:&quot;medium&quot;}}\"><\/div><\/div><\/div><\/div><\/div><\/div><div data-bb-version=\"4.9.1\" class=\"bt_bb_row_inner\"   data-bt-override-class=\"{}\"><div class=\"bt_bb_row_inner_holder\"  ><div data-bb-version=\"4.9.1\"  class=\"bt_bb_column_inner col-xxl-6 col-xl-6 col-xs-12 col-sm-6 col-md-6 col-lg-6 bt_bb_vertical_align_top bt_bb_align_left bt_bb_padding_normal\"  data-width=\"6\" data-bt-override-class=\"{}\"><div class=\"bt_bb_column_inner_content\"><div class=\"bt_bb_column_inner_content_inner\"><div class=\"bt_bb_raw_content\">Pour une utilisation dans des zones \u00e0 risque d'explosion, on peut rendre un soufflet conducteur d\u2019\u00e9lectricit\u00e9 au moyen d'un pigment conducteur. Ce composant en Enduflon P10 - de couleur noire en raison du carbone - est conforme ATEX. La r\u00e9sistance aux flexions r\u00e9p\u00e9t\u00e9es s'en trouve toutefois r\u00e9duite mais reste suffisante pour la plupart des applications.<\/div><\/div><\/div><\/div><div data-bb-version=\"4.9.1\"  class=\"bt_bb_column_inner col-xxl-6 col-xl-6 col-xs-12 col-sm-6 col-md-6 col-lg-6 bt_bb_vertical_align_top bt_bb_align_left bt_bb_padding_normal\"  data-width=\"6\" data-bt-override-class=\"{}\"><div class=\"bt_bb_column_inner_content\"><div class=\"bt_bb_column_inner_content_inner\"><div data-bb-version=\"4.9.1\" class=\"bt_bb_image bt_bb_shape_square bt_bb_target_self bt_bb_align_inherit bt_bb_hover_style_simple bt_bb_content_display_always bt_bb_content_align_middle bt_bb_remove_padding_yes bt_bb_fill_background_color_full\" data-bt-override-class=\"{&quot;bt_bb_align_&quot;:{&quot;current_class&quot;:&quot;bt_bb_align_inherit&quot;,&quot;def&quot;:&quot;inherit&quot;}}\"><span><img loading=\"lazy\" decoding=\"async\" width=\"1235\" height=\"695\" src=\"https:\/\/fgti-distribution.fr\/wp-content\/uploads\/2024\/09\/fgti-distribution-soufflet-sans-PFAS2.jpg\" class=\"attachment-full size-full\" alt=\"FGTI Distribution soufflet sans PFAS\" data-full_image_src=\"https:\/\/fgti-distribution.fr\/wp-content\/uploads\/2024\/09\/fgti-distribution-soufflet-sans-PFAS2.jpg\" srcset=\"https:\/\/fgti-distribution.fr\/wp-content\/uploads\/2024\/09\/fgti-distribution-soufflet-sans-PFAS2.jpg 1235w, https:\/\/fgti-distribution.fr\/wp-content\/uploads\/2024\/09\/fgti-distribution-soufflet-sans-PFAS2-640x360.jpg 640w, https:\/\/fgti-distribution.fr\/wp-content\/uploads\/2024\/09\/fgti-distribution-soufflet-sans-PFAS2-768x432.jpg 768w, https:\/\/fgti-distribution.fr\/wp-content\/uploads\/2024\/09\/fgti-distribution-soufflet-sans-PFAS2-320x180.jpg 320w\" sizes=\"auto, (max-width: 1235px) 100vw, 1235px\" \/><\/span><\/div><\/div><\/div><\/div><\/div><\/div><div class=\"bt_bb_raw_content\"><br \/><br \/><i> \nNous vous accompagnons dans toutes les \u00e9tapes du d\u00e9veloppement de votre soufflet : de la premi\u00e8re esquisse \u00e0 la construction, de l\u2019\u00e9chantillonnage avec plusieurs variantes \u00e0 la production en s\u00e9rie. Des tests sur bancs d'essai sont \u00e9galement possibles. Faites-nous part de vos besoins !<\/i><\/div><\/div><\/div><\/div><\/div><\/div><\/div><!-- cell_inner --><\/div><!-- cell --><\/div><!-- port --><\/section>","protected":false},"excerpt":{"rendered":"","protected":false},"author":1,"featured_media":0,"parent":9575,"menu_order":0,"comment_status":"closed","ping_status":"closed","template":"","meta":{"footnotes":""},"class_list":["post-9692","page","type-page","status-publish","hentry"],"yoast_head":"<!-- This site is optimized with the Yoast SEO plugin v27.3 - https:\/\/yoast.com\/product\/yoast-seo-wordpress\/ -->\n<title>FGTI Distribution - Pi\u00e8ces techniques sans PFAS<\/title>\n<meta name=\"description\" content=\"Nous vous accompagnons dans toutes les \u00e9tapes du d\u00e9veloppement de votre soufflet sans PFAS. Faites-nous part de vos besoins!\" \/>\n<meta name=\"robots\" content=\"index, follow, max-snippet:-1, max-image-preview:large, max-video-preview:-1\" \/>\n<link rel=\"canonical\" href=\"https:\/\/fgti-distribution.fr\/es\/pieces-techniques-sans-pfas-bock\/pieces-sans-pfas\/\" \/>\n<meta property=\"og:locale\" content=\"es_ES\" \/>\n<meta property=\"og:type\" content=\"article\" \/>\n<meta property=\"og:title\" content=\"FGTI Distribution - Pi\u00e8ces techniques sans PFAS\" \/>\n<meta property=\"og:description\" content=\"Nous vous accompagnons dans toutes les \u00e9tapes du d\u00e9veloppement de votre soufflet sans PFAS. Faites-nous part de vos besoins!\" \/>\n<meta property=\"og:url\" content=\"https:\/\/fgti-distribution.fr\/es\/pieces-techniques-sans-pfas-bock\/pieces-sans-pfas\/\" \/>\n<meta property=\"og:site_name\" content=\"FGTI Distribution\" \/>\n<meta property=\"article:modified_time\" content=\"2024-09-05T15:50:23+00:00\" \/>\n<meta name=\"twitter:card\" content=\"summary_large_image\" \/>\n<meta name=\"twitter:label1\" content=\"Est. reading time\" \/>\n\t<meta name=\"twitter:data1\" content=\"1 minuto\" \/>\n<script type=\"application\/ld+json\" class=\"yoast-schema-graph\">{\"@context\":\"https:\\\/\\\/schema.org\",\"@graph\":[{\"@type\":\"WebPage\",\"@id\":\"https:\\\/\\\/fgti-distribution.fr\\\/pieces-techniques-sans-pfas-bock\\\/pieces-sans-pfas\\\/\",\"url\":\"https:\\\/\\\/fgti-distribution.fr\\\/pieces-techniques-sans-pfas-bock\\\/pieces-sans-pfas\\\/\",\"name\":\"FGTI Distribution - Pi\u00e8ces techniques sans PFAS\",\"isPartOf\":{\"@id\":\"https:\\\/\\\/fgti-distribution.fr\\\/#website\"},\"datePublished\":\"2024-05-15T15:10:22+00:00\",\"dateModified\":\"2024-09-05T15:50:23+00:00\",\"description\":\"Nous vous accompagnons dans toutes les \u00e9tapes du d\u00e9veloppement de votre soufflet sans PFAS. Faites-nous part de vos besoins!\",\"breadcrumb\":{\"@id\":\"https:\\\/\\\/fgti-distribution.fr\\\/pieces-techniques-sans-pfas-bock\\\/pieces-sans-pfas\\\/#breadcrumb\"},\"inLanguage\":\"es\",\"potentialAction\":[{\"@type\":\"ReadAction\",\"target\":[\"https:\\\/\\\/fgti-distribution.fr\\\/pieces-techniques-sans-pfas-bock\\\/pieces-sans-pfas\\\/\"]}]},{\"@type\":\"BreadcrumbList\",\"@id\":\"https:\\\/\\\/fgti-distribution.fr\\\/pieces-techniques-sans-pfas-bock\\\/pieces-sans-pfas\\\/#breadcrumb\",\"itemListElement\":[{\"@type\":\"ListItem\",\"position\":1,\"name\":\"Home\",\"item\":\"https:\\\/\\\/fgti-distribution.fr\\\/\"},{\"@type\":\"ListItem\",\"position\":2,\"name\":\"Pi\u00e8ces techniques sans PFAS BOCK\",\"item\":\"https:\\\/\\\/fgti-distribution.fr\\\/pieces-techniques-sans-pfas-bock\\\/\"},{\"@type\":\"ListItem\",\"position\":3,\"name\":\"Pi\u00e8ces techniques sans PFAS\"}]},{\"@type\":\"WebSite\",\"@id\":\"https:\\\/\\\/fgti-distribution.fr\\\/#website\",\"url\":\"https:\\\/\\\/fgti-distribution.fr\\\/\",\"name\":\"FGTI Distribution\",\"description\":\"Pi\u00e8ces techniques et services \u00e0 forte valeur ajout\u00e9e\",\"publisher\":{\"@id\":\"https:\\\/\\\/fgti-distribution.fr\\\/#organization\"},\"alternateName\":\"FGTI Distribution\",\"potentialAction\":[{\"@type\":\"SearchAction\",\"target\":{\"@type\":\"EntryPoint\",\"urlTemplate\":\"https:\\\/\\\/fgti-distribution.fr\\\/?s={search_term_string}\"},\"query-input\":{\"@type\":\"PropertyValueSpecification\",\"valueRequired\":true,\"valueName\":\"search_term_string\"}}],\"inLanguage\":\"es\"},{\"@type\":\"Organization\",\"@id\":\"https:\\\/\\\/fgti-distribution.fr\\\/#organization\",\"name\":\"FGTI Distribution\",\"alternateName\":\"FGTI Distribution\",\"url\":\"https:\\\/\\\/fgti-distribution.fr\\\/\",\"logo\":{\"@type\":\"ImageObject\",\"inLanguage\":\"es\",\"@id\":\"https:\\\/\\\/fgti-distribution.fr\\\/#\\\/schema\\\/logo\\\/image\\\/\",\"url\":\"https:\\\/\\\/fgti-distribution.fr\\\/wp-content\\\/uploads\\\/2022\\\/12\\\/logo.png\",\"contentUrl\":\"https:\\\/\\\/fgti-distribution.fr\\\/wp-content\\\/uploads\\\/2022\\\/12\\\/logo.png\",\"width\":500,\"height\":228,\"caption\":\"FGTI Distribution\"},\"image\":{\"@id\":\"https:\\\/\\\/fgti-distribution.fr\\\/#\\\/schema\\\/logo\\\/image\\\/\"},\"sameAs\":[\"https:\\\/\\\/www.linkedin.com\\\/company\\\/fgti-distribution\\\/\"]}]}<\/script>\n<!-- \/ Yoast SEO plugin. -->","yoast_head_json":{"title":"FGTI Distribution - Pi\u00e8ces techniques sans PFAS","description":"Nous vous accompagnons dans toutes les \u00e9tapes du d\u00e9veloppement de votre soufflet sans PFAS. Faites-nous part de vos besoins!","robots":{"index":"index","follow":"follow","max-snippet":"max-snippet:-1","max-image-preview":"max-image-preview:large","max-video-preview":"max-video-preview:-1"},"canonical":"https:\/\/fgti-distribution.fr\/es\/pieces-techniques-sans-pfas-bock\/pieces-sans-pfas\/","og_locale":"es_ES","og_type":"article","og_title":"FGTI Distribution - Pi\u00e8ces techniques sans PFAS","og_description":"Nous vous accompagnons dans toutes les \u00e9tapes du d\u00e9veloppement de votre soufflet sans PFAS. Faites-nous part de vos besoins!","og_url":"https:\/\/fgti-distribution.fr\/es\/pieces-techniques-sans-pfas-bock\/pieces-sans-pfas\/","og_site_name":"FGTI Distribution","article_modified_time":"2024-09-05T15:50:23+00:00","twitter_card":"summary_large_image","twitter_misc":{"Est. reading time":"1 minuto"},"schema":{"@context":"https:\/\/schema.org","@graph":[{"@type":"WebPage","@id":"https:\/\/fgti-distribution.fr\/pieces-techniques-sans-pfas-bock\/pieces-sans-pfas\/","url":"https:\/\/fgti-distribution.fr\/pieces-techniques-sans-pfas-bock\/pieces-sans-pfas\/","name":"FGTI Distribution - Pi\u00e8ces techniques sans PFAS","isPartOf":{"@id":"https:\/\/fgti-distribution.fr\/#website"},"datePublished":"2024-05-15T15:10:22+00:00","dateModified":"2024-09-05T15:50:23+00:00","description":"Nous vous accompagnons dans toutes les \u00e9tapes du d\u00e9veloppement de votre soufflet sans PFAS. Faites-nous part de vos besoins!","breadcrumb":{"@id":"https:\/\/fgti-distribution.fr\/pieces-techniques-sans-pfas-bock\/pieces-sans-pfas\/#breadcrumb"},"inLanguage":"es","potentialAction":[{"@type":"ReadAction","target":["https:\/\/fgti-distribution.fr\/pieces-techniques-sans-pfas-bock\/pieces-sans-pfas\/"]}]},{"@type":"BreadcrumbList","@id":"https:\/\/fgti-distribution.fr\/pieces-techniques-sans-pfas-bock\/pieces-sans-pfas\/#breadcrumb","itemListElement":[{"@type":"ListItem","position":1,"name":"Home","item":"https:\/\/fgti-distribution.fr\/"},{"@type":"ListItem","position":2,"name":"Pi\u00e8ces techniques sans PFAS BOCK","item":"https:\/\/fgti-distribution.fr\/pieces-techniques-sans-pfas-bock\/"},{"@type":"ListItem","position":3,"name":"Pi\u00e8ces techniques sans PFAS"}]},{"@type":"WebSite","@id":"https:\/\/fgti-distribution.fr\/#website","url":"https:\/\/fgti-distribution.fr\/","name":"Distribuci\u00f3n FGTI","description":"Piezas t\u00e9cnicas y servicios de alto valor a\u00f1adido","publisher":{"@id":"https:\/\/fgti-distribution.fr\/#organization"},"alternateName":"FGTI Distribution","potentialAction":[{"@type":"SearchAction","target":{"@type":"EntryPoint","urlTemplate":"https:\/\/fgti-distribution.fr\/?s={search_term_string}"},"query-input":{"@type":"PropertyValueSpecification","valueRequired":true,"valueName":"search_term_string"}}],"inLanguage":"es"},{"@type":"Organization","@id":"https:\/\/fgti-distribution.fr\/#organization","name":"Distribuci\u00f3n FGTI","alternateName":"FGTI Distribution","url":"https:\/\/fgti-distribution.fr\/","logo":{"@type":"ImageObject","inLanguage":"es","@id":"https:\/\/fgti-distribution.fr\/#\/schema\/logo\/image\/","url":"https:\/\/fgti-distribution.fr\/wp-content\/uploads\/2022\/12\/logo.png","contentUrl":"https:\/\/fgti-distribution.fr\/wp-content\/uploads\/2022\/12\/logo.png","width":500,"height":228,"caption":"FGTI Distribution"},"image":{"@id":"https:\/\/fgti-distribution.fr\/#\/schema\/logo\/image\/"},"sameAs":["https:\/\/www.linkedin.com\/company\/fgti-distribution\/"]}]}},"_links":{"self":[{"href":"https:\/\/fgti-distribution.fr\/es\/wp-json\/wp\/v2\/pages\/9692","targetHints":{"allow":["GET"]}}],"collection":[{"href":"https:\/\/fgti-distribution.fr\/es\/wp-json\/wp\/v2\/pages"}],"about":[{"href":"https:\/\/fgti-distribution.fr\/es\/wp-json\/wp\/v2\/types\/page"}],"author":[{"embeddable":true,"href":"https:\/\/fgti-distribution.fr\/es\/wp-json\/wp\/v2\/users\/1"}],"replies":[{"embeddable":true,"href":"https:\/\/fgti-distribution.fr\/es\/wp-json\/wp\/v2\/comments?post=9692"}],"version-history":[{"count":12,"href":"https:\/\/fgti-distribution.fr\/es\/wp-json\/wp\/v2\/pages\/9692\/revisions"}],"predecessor-version":[{"id":9929,"href":"https:\/\/fgti-distribution.fr\/es\/wp-json\/wp\/v2\/pages\/9692\/revisions\/9929"}],"up":[{"embeddable":true,"href":"https:\/\/fgti-distribution.fr\/es\/wp-json\/wp\/v2\/pages\/9575"}],"wp:attachment":[{"href":"https:\/\/fgti-distribution.fr\/es\/wp-json\/wp\/v2\/media?parent=9692"}],"curies":[{"name":"wp","href":"https:\/\/api.w.org\/{rel}","templated":true}]}}