{"id":1299,"date":"2012-12-07T11:56:59","date_gmt":"2012-12-07T11:56:59","guid":{"rendered":"https:\/\/fgti-distribution.fr\/?page_id=1299"},"modified":"2023-07-05T12:11:56","modified_gmt":"2023-07-05T12:11:56","slug":"generalita","status":"publish","type":"page","link":"https:\/\/fgti-distribution.fr\/it\/joints-detancheite\/generalites\/","title":{"rendered":"Funzione di una guarnizione composita"},"content":{"rendered":"<section id=\"bt_bb_section69f2a64e250f6\" class=\"bt_bb_section bt_bb_layout_boxed_1200\"  data-bt-override-class=\"null\"><div class=\"bt_bb_port\"><div class=\"bt_bb_cell\"><div class=\"bt_bb_cell_inner\"><div class=\"bt_bb_row\"  data-bt-override-class=\"{}\"><div class=\"bt_bb_row_holder\" ><div  class=\"bt_bb_column col-xxl-12 col-xl-12 col-xs-12 col-sm-12 col-md-12 col-lg-12 bt_bb_vertical_align_top bt_bb_align_left bt_bb_padding_normal\" style=\"; --column-width:12;\" data-width=\"12\" data-bt-override-class=\"{}\"><div class=\"bt_bb_column_content\"><div class=\"bt_bb_column_content_inner\"><div class=\"bt_bb_raw_content\"><div class=\"bt_bb_wrapper\"><div id=\"pl-1299\" class=\"panel-layout\">\n<div id=\"pg-1299-0\" class=\"panel-grid panel-no-style\">\n<div id=\"pgc-1299-0-0\" class=\"panel-grid-cell\" data-weight=\"1\">\n<div id=\"panel-1299-0-0-0\" class=\"so-panel widget widget_custom_html panel-first-child panel-last-child\" data-index=\"0\" data-style=\"{\"background_image_attachment\":false,\"background_display\":\"tile\"}\"><div class=\"textwidget custom-html-widget\"><div style=\"color: #BABABA; font-size: 12px;\">FGTI-Distribution &gt; Guarnizioni di tenuta &gt; Funzione di una guarnizione composita<\/div>\n<br><br>\n<table style=\"font-size: 12px; border: none; width: 100%;\">\n<tbody><tr>\n<td colspan=\"2\" style=\"font-size: 22px; vertical-align: top; font-weight: bold; border-bottom: 1px solid #58B6FE; border-top-color: white;\">\nFunzione di una guarnizione composita\n<\/td><td style=\"text-align: right; border-bottom: 1px solid #58B6FE; border-top-color: white;\">\n<a target=\"_blank\" href=\"https:\/\/fgti-distribution.fr\/it\/wp-content\/themes\/twentyeleven\/images\/FGTI-Distribution_IDG-Fonction-joint-composite-2019.pdf\/\" rel=\"noopener\"><img decoding=\"async\" src=\"https:\/\/fgti-distribution.fr\/wp-content\/themes\/twentyeleven\/images\/pdficon_large.png\"><\/a>\n<\/td>\n<\/tr>\n\n<tr>\n<td style=\"width: 200px; vertical-align: top; font-weight: bold; border-color: #FFFFFF;padding-top: 20px;\">\nPrincipio di costruzione\n<\/td>\n<td style=\"padding-bottom: 20px; width: 280px; vertical-align: top; text-align: justify; border-bottom: 1px solid #58B6FE; border-top-color: white; padding-top: 20px; padding-right: 25px;\">\nLe guarnizioni composite sono solitamente costituite da due elementi.<br>\nL'anello di tenuta \u00e8 lavorato da un PTFE caricato, particolarmente resistente all'usura. Grazie alle qualit\u00e0 di questo materiale, le tenute possono sopportare pressione, velocit\u00e0 e resistere a variazioni di temperatura importanti.<br>\n<img decoding=\"async\" style=\"text-align: left;\" src=\"https:\/\/fgti-distribution.fr\/wp-content\/themes\/twentyeleven\/images\/joint-etancheite-composite1.jpg\">\n<\/td>\n<td style=\"padding-bottom: 20px; width: 280px; vertical-align: top; text-align: justify; border-bottom: 1px solid #58B6FE; border-top-color: white; padding-top: 20px; padding-left: 20px;\">\nNella misura in cui i valori massimi sono raggiunti solo dall'addizione di diversi parametri, in alcune applicazioni estreme sono necessari test preliminari.<br>\nUn elemento di precarico elastico fornisce la pressione necessaria a garantire la tenuta tra la superficie di scorrimento e la superficie opposta, assicurando cos\u00ec la longevit\u00e0 della tenuta. Il precarico \u00e8 applicato da un O-ring in elastomero o da una molla sagomata in acciaio. Gli O-ring assicurano anche la tenuta statica sul fondo della scanalatura.<br>\nPer la scelta dei materiali dell'anello di tenuta e dell'elemento di precarico, \u00e8 necessario tenere conto delle condizioni d'uso.\n<\/td>\n<\/tr>\n\n<tr>\n<td style=\"width: 200px; vertical-align: top; font-weight: bold; border-color: #FFFFFF;\">\nImpermeabilizzazione interna\no esterna\n<\/td>\n<td style=\"padding-bottom: 20px; width: 280px; vertical-align: top; text-align: justify; border-bottom: 1px solid #58B6FE; border-top-color: white; padding-right: 25px;\">\nTutte le guarnizioni che garantiscono la tenuta radiale possono essere progettate per garantire una tenuta interna o esterna.<br>\n<img decoding=\"async\" style=\"text-align: left;\" src=\"https:\/\/fgti-distribution.fr\/wp-content\/themes\/twentyeleven\/images\/joint-etancheite-composite2.jpg\">Tenuta esterna, ad esempio guarnizione a pistone MANOY\u00ae profilo 112\n<\/td>\n<td style=\"padding-bottom: 20px; width: 280px; vertical-align: top; text-align: justify; border-bottom: 1px solid #58B6FE; border-top-color: white; padding-left: 20px;\">\n<img decoding=\"async\" style=\"text-align: left; padding-top: 72px;\" src=\"https:\/\/fgti-distribution.fr\/wp-content\/themes\/twentyeleven\/images\/joint-etancheite-composite3.jpg\">\nImpermeabilizzazione interna, ad esempio guarnizione per stelo MANOY\u00ae profilo 120\n<\/td>\n<\/tr>\n\n<tr>\n<td style=\"width: 200px; vertical-align: top; font-weight: bold; border-color: #FFFFFF;\">\nFunzionamento della tenuta<\/td>\n<td style=\"padding-bottom: 20px; width: 280px; vertical-align: top; text-align: justify; border-bottom: 1px solid #58B6FE; border-top-color: white; padding-right: 25px;\">\n<img decoding=\"async\" style=\"text-align: left; max-width: none;\" src=\"https:\/\/fgti-distribution.fr\/wp-content\/themes\/twentyeleven\/images\/joint-etancheite-composite4.jpg\">I giunti compositi e i giunti a labbro MANOY si attivano grazie alla pressione del fluido. L'anello di tenuta garantisce la tenuta statica in gola grazie all'elasticit\u00e0 della sua sezione e spinge il giunto dinamico sulla superficie opposta.\n<\/td>\n<td style=\"padding-bottom: 20px; width: 280px; vertical-align: top; text-align: justify; border-bottom: 1px solid #58B6FE; border-top-color: white; padding-bottom: 20px; padding-left: 20px;\">\n<img decoding=\"async\" style=\"text-align: left; max-width: none;\" src=\"https:\/\/fgti-distribution.fr\/wp-content\/themes\/twentyeleven\/images\/joint-etancheite-composite5.jpg\">\nLa pressione del fluido esercita una precarica supplementare sulla guarnizione dello stantuffo.\nPertanto la pressione necessaria per garantire la tenuta \u00e8 bilanciata dalla pressione fornita dal fluido.\nFino a circa 2 MPa, la forza di tenuta \u00e8 ottenuta quasi esclusivamente grazie alla spinta dell'elemento di precarica. \n<\/td>\n<\/tr>\n\n<tr>\n<td style=\"width: 200px; vertical-align: top; font-weight: bold; border-color: #FFFFFF;\">\nScelta del profilo<\/td>\n<td style=\"padding-bottom: 20px; width: 280px; vertical-align: top; text-align: justify; border-bottom: 1px solid #58B6FE; border-top-color: white; padding-right: 25px;\">\n<img decoding=\"async\" style=\"text-align: left; max-width: none;\" src=\"https:\/\/fgti-distribution.fr\/wp-content\/themes\/twentyeleven\/images\/joint-etancheite-composite6.jpg\">\n<\/td>\n<td style=\"padding-bottom: 20px; width: 280px; vertical-align: top; text-align: justify; border-bottom: 1px solid #58B6FE; border-top-color: white; padding-left: 20px;\">\nLa scelta del profilo dell'anello di tenuta dipende essenzialmente dal movimento, dalla direzione e dal valore della pressione, nonch\u00e9 dalla qualit\u00e0 del fluido.\n<\/td>\n<\/tr>\n\n<tr>\n<td style=\"width: 200px; vertical-align: top; font-weight: bold; border-color: #FFFFFF;\">\nPrecarico dell'O-ring<\/td>\n<td style=\"padding-bottom: 20px; width: 280px; vertical-align: top; text-align: justify; border-bottom: 1px solid #58B6FE; border-top-color: white; padding-right: 25px;\">\nAl fine di garantire una buona tenuta, gli alloggiamenti sono posizionati in modo che venga esercitata una precompressione media dalla guarnizione toroidale o dalla molla.<br>\nUna gola di profondit\u00e0 minore assicura una maggiore precarico e migliora quindi la tenuta in caso di pressioni basse (fino a circa 2 MPa) o inesistenti.\nUna gola di profondit\u00e0 maggiore consente una certa flessibilit\u00e0 operativa che andr\u00e0 tuttavia a scapito della tenuta.\n<\/td>\n<td style=\"padding-bottom: 20px; width: 280px; vertical-align: top; text-align: justify; border-bottom: 1px solid #58B6FE; border-top-color: white; padding-left: 20px;\">\n<img decoding=\"async\" style=\"text-align: left; max-width: none;\" src=\"https:\/\/fgti-distribution.fr\/wp-content\/themes\/twentyeleven\/images\/joint-etancheite-composite7.jpg\">\n<\/td>\n<\/tr>\n\n\n<tr>\n<td style=\"width: 200px; vertical-align: top; font-weight: bold; border-color: #FFFFFF;\">\nValore del gioco di funzionamento<\/td>\n<td style=\"padding-bottom: 20px; width: 280px; vertical-align: top; text-align: justify; border-bottom: 1px solid #58B6FE; border-top-color: white; padding-right: 25px;\">\nIl gioco minimo richiesto dipende dalla precisione della guida e dagli altri parametri di montaggio; pertanto, occorre considerare possibili aumenti di pressione e dilatazioni termiche.<br>\nSul lato opposto alla pressione, \u00e8 necessario favorire un gioco ridotto, mentre sul lato della pressione, un gioco elevato permette di evitare l'accumulo di particelle.<br>\nPer pressioni superiori a 40 MPa, il rispetto dei valori di tolleranza H8\/f8 per i diametri di alesaggio\/pistone e camicia\/stelo \u00e8 imperativo.\n<\/td>\n<td style=\"padding-bottom: 20px; width: 280px; vertical-align: top; text-align: justify; border-bottom: 1px solid #58B6FE; border-top-color: white; padding-left: 20px;\">\n<img decoding=\"async\" style=\"text-align: left; max-width: none;\" src=\"https:\/\/fgti-distribution.fr\/wp-content\/themes\/twentyeleven\/images\/joint-etancheite-composite8.jpg\">\n<\/td>\n<\/tr>\n\n<tr>\n<td style=\"width: 200px; vertical-align: top; font-weight: bold; border-color: #FFFFFF;\">\nImpermeabilizzazione<\/td>\n<td style=\"padding-bottom: 20px; width: 280px; vertical-align: top; text-align: justify;border-top-color: white; padding-right: 25px;\">\nUna guarnizione pu\u00f2 essere perfettamente a tenuta solo se \u00e8 statica. In movimento, la tenuta \u00e8 pi\u00f9 difficile. Un funzionamento completamente a secco porterebbe all'usura di tutti gli elementi di tenuta. Nella tenuta dinamica, una leggera lubrificazione del fluido sulla superficie opposta garantir\u00e0 il buon funzionamento della guarnizione.\n<\/td>\n<td style=\"padding-bottom: 20px; width: 280px; vertical-align: top; text-align: justify; border-top-color: white; padding-left: 20px;\">\n \n<\/td>\n<\/tr>\n\n<\/tbody><\/table>\n\n<div style=\"text-align: right; font-size: 12px;\">\n<a href=\"#haut\" style=\"text-decoration: none; color: #AAAAAA;\">Inizio pagina<\/a>\n<\/div>\n<\/div><\/div>\n<\/div>\n<\/div>\n<\/div>\n<\/div><\/div><\/div><\/div><\/div><\/div><\/div><\/div><!-- cell_inner --><\/div><!-- cell --><\/div><!-- port --><\/section>","protected":false},"excerpt":{"rendered":"","protected":false},"author":1,"featured_media":0,"parent":8,"menu_order":0,"comment_status":"closed","ping_status":"closed","template":"","meta":{"footnotes":""},"class_list":["post-1299","page","type-page","status-publish","hentry"],"yoast_head":"<!-- This site is optimized with the Yoast SEO plugin v27.3 - https:\/\/yoast.com\/product\/yoast-seo-wordpress\/ -->\n<title>FGTI Distribution - Fonction d&#039;un joint d&#039;\u00e9tanch\u00e9it\u00e9 composite<\/title>\n<meta name=\"description\" content=\"Fiche produit IDG par FGTI distribution : fonction d&#039;un joint d&#039;\u00e9tanch\u00e9it\u00e9 composite\" \/>\n<meta name=\"robots\" content=\"index, follow, max-snippet:-1, max-image-preview:large, max-video-preview:-1\" \/>\n<link rel=\"canonical\" href=\"https:\/\/fgti-distribution.fr\/it\/giunti-di-tenuta\/generalita\/\" \/>\n<meta property=\"og:locale\" content=\"it_IT\" \/>\n<meta property=\"og:type\" content=\"article\" \/>\n<meta property=\"og:title\" content=\"FGTI Distribution - Fonction d&#039;un joint d&#039;\u00e9tanch\u00e9it\u00e9 composite\" \/>\n<meta property=\"og:description\" content=\"Fiche produit IDG par FGTI distribution : fonction d&#039;un joint d&#039;\u00e9tanch\u00e9it\u00e9 composite\" \/>\n<meta property=\"og:url\" content=\"https:\/\/fgti-distribution.fr\/it\/giunti-di-tenuta\/generalita\/\" \/>\n<meta property=\"og:site_name\" content=\"FGTI Distribution\" \/>\n<meta property=\"article:modified_time\" content=\"2023-07-05T12:11:56+00:00\" \/>\n<meta name=\"twitter:card\" content=\"summary_large_image\" \/>\n<meta name=\"twitter:label1\" content=\"Est. reading time\" \/>\n\t<meta name=\"twitter:data1\" content=\"1 minuto\" \/>\n<script type=\"application\/ld+json\" class=\"yoast-schema-graph\">{\"@context\":\"https:\\\/\\\/schema.org\",\"@graph\":[{\"@type\":\"WebPage\",\"@id\":\"https:\\\/\\\/fgti-distribution.fr\\\/joints-detancheite\\\/generalites\\\/\",\"url\":\"https:\\\/\\\/fgti-distribution.fr\\\/joints-detancheite\\\/generalites\\\/\",\"name\":\"FGTI Distribution - Fonction d'un joint d'\u00e9tanch\u00e9it\u00e9 composite\",\"isPartOf\":{\"@id\":\"https:\\\/\\\/fgti-distribution.fr\\\/#website\"},\"datePublished\":\"2012-12-07T11:56:59+00:00\",\"dateModified\":\"2023-07-05T12:11:56+00:00\",\"description\":\"Fiche produit IDG par FGTI distribution : fonction d'un joint d'\u00e9tanch\u00e9it\u00e9 composite\",\"breadcrumb\":{\"@id\":\"https:\\\/\\\/fgti-distribution.fr\\\/joints-detancheite\\\/generalites\\\/#breadcrumb\"},\"inLanguage\":\"it-IT\",\"potentialAction\":[{\"@type\":\"ReadAction\",\"target\":[\"https:\\\/\\\/fgti-distribution.fr\\\/joints-detancheite\\\/generalites\\\/\"]}]},{\"@type\":\"BreadcrumbList\",\"@id\":\"https:\\\/\\\/fgti-distribution.fr\\\/joints-detancheite\\\/generalites\\\/#breadcrumb\",\"itemListElement\":[{\"@type\":\"ListItem\",\"position\":1,\"name\":\"Home\",\"item\":\"https:\\\/\\\/fgti-distribution.fr\\\/\"},{\"@type\":\"ListItem\",\"position\":2,\"name\":\"Joints d&rsquo;\u00e9tanch\u00e9it\u00e9\",\"item\":\"https:\\\/\\\/fgti-distribution.fr\\\/joints-detancheite\\\/\"},{\"@type\":\"ListItem\",\"position\":3,\"name\":\"Fonction d&rsquo;un joint composite\"}]},{\"@type\":\"WebSite\",\"@id\":\"https:\\\/\\\/fgti-distribution.fr\\\/#website\",\"url\":\"https:\\\/\\\/fgti-distribution.fr\\\/\",\"name\":\"FGTI Distribution\",\"description\":\"Pi\u00e8ces techniques et services \u00e0 forte valeur ajout\u00e9e\",\"publisher\":{\"@id\":\"https:\\\/\\\/fgti-distribution.fr\\\/#organization\"},\"alternateName\":\"FGTI Distribution\",\"potentialAction\":[{\"@type\":\"SearchAction\",\"target\":{\"@type\":\"EntryPoint\",\"urlTemplate\":\"https:\\\/\\\/fgti-distribution.fr\\\/?s={search_term_string}\"},\"query-input\":{\"@type\":\"PropertyValueSpecification\",\"valueRequired\":true,\"valueName\":\"search_term_string\"}}],\"inLanguage\":\"it-IT\"},{\"@type\":\"Organization\",\"@id\":\"https:\\\/\\\/fgti-distribution.fr\\\/#organization\",\"name\":\"FGTI Distribution\",\"alternateName\":\"FGTI Distribution\",\"url\":\"https:\\\/\\\/fgti-distribution.fr\\\/\",\"logo\":{\"@type\":\"ImageObject\",\"inLanguage\":\"it-IT\",\"@id\":\"https:\\\/\\\/fgti-distribution.fr\\\/#\\\/schema\\\/logo\\\/image\\\/\",\"url\":\"https:\\\/\\\/fgti-distribution.fr\\\/wp-content\\\/uploads\\\/2022\\\/12\\\/logo.png\",\"contentUrl\":\"https:\\\/\\\/fgti-distribution.fr\\\/wp-content\\\/uploads\\\/2022\\\/12\\\/logo.png\",\"width\":500,\"height\":228,\"caption\":\"FGTI Distribution\"},\"image\":{\"@id\":\"https:\\\/\\\/fgti-distribution.fr\\\/#\\\/schema\\\/logo\\\/image\\\/\"},\"sameAs\":[\"https:\\\/\\\/www.linkedin.com\\\/company\\\/fgti-distribution\\\/\"]}]}<\/script>\n<!-- \/ Yoast SEO plugin. -->","yoast_head_json":{"title":"FGTI Distribution - Funzione di un giunto di tenuta composito","description":"Scheda prodotto IDG di FGTI distribution: funzione di una guarnizione composita","robots":{"index":"index","follow":"follow","max-snippet":"max-snippet:-1","max-image-preview":"max-image-preview:large","max-video-preview":"max-video-preview:-1"},"canonical":"https:\/\/fgti-distribution.fr\/it\/giunti-di-tenuta\/generalita\/","og_locale":"it_IT","og_type":"article","og_title":"FGTI Distribution - Fonction d'un joint d'\u00e9tanch\u00e9it\u00e9 composite","og_description":"Fiche produit IDG par FGTI distribution : fonction d'un joint d'\u00e9tanch\u00e9it\u00e9 composite","og_url":"https:\/\/fgti-distribution.fr\/it\/giunti-di-tenuta\/generalita\/","og_site_name":"FGTI Distribution","article_modified_time":"2023-07-05T12:11:56+00:00","twitter_card":"summary_large_image","twitter_misc":{"Est. reading time":"1 minuto"},"schema":{"@context":"https:\/\/schema.org","@graph":[{"@type":"WebPage","@id":"https:\/\/fgti-distribution.fr\/joints-detancheite\/generalites\/","url":"https:\/\/fgti-distribution.fr\/joints-detancheite\/generalites\/","name":"FGTI Distribution - Funzione di un giunto di tenuta composito","isPartOf":{"@id":"https:\/\/fgti-distribution.fr\/#website"},"datePublished":"2012-12-07T11:56:59+00:00","dateModified":"2023-07-05T12:11:56+00:00","description":"Scheda prodotto IDG di FGTI distribution: funzione di una guarnizione composita","breadcrumb":{"@id":"https:\/\/fgti-distribution.fr\/joints-detancheite\/generalites\/#breadcrumb"},"inLanguage":"it-IT","potentialAction":[{"@type":"ReadAction","target":["https:\/\/fgti-distribution.fr\/joints-detancheite\/generalites\/"]}]},{"@type":"BreadcrumbList","@id":"https:\/\/fgti-distribution.fr\/joints-detancheite\/generalites\/#breadcrumb","itemListElement":[{"@type":"ListItem","position":1,"name":"Home","item":"https:\/\/fgti-distribution.fr\/"},{"@type":"ListItem","position":2,"name":"Joints d&rsquo;\u00e9tanch\u00e9it\u00e9","item":"https:\/\/fgti-distribution.fr\/joints-detancheite\/"},{"@type":"ListItem","position":3,"name":"Fonction d&rsquo;un joint composite"}]},{"@type":"WebSite","@id":"https:\/\/fgti-distribution.fr\/#website","url":"https:\/\/fgti-distribution.fr\/","name":"Distribuzione FGTI","description":"Parti tecniche e servizi ad alto valore aggiunto","publisher":{"@id":"https:\/\/fgti-distribution.fr\/#organization"},"alternateName":"FGTI Distribution","potentialAction":[{"@type":"SearchAction","target":{"@type":"EntryPoint","urlTemplate":"https:\/\/fgti-distribution.fr\/?s={search_term_string}"},"query-input":{"@type":"PropertyValueSpecification","valueRequired":true,"valueName":"search_term_string"}}],"inLanguage":"it-IT"},{"@type":"Organization","@id":"https:\/\/fgti-distribution.fr\/#organization","name":"Distribuzione FGTI","alternateName":"FGTI Distribution","url":"https:\/\/fgti-distribution.fr\/","logo":{"@type":"ImageObject","inLanguage":"it-IT","@id":"https:\/\/fgti-distribution.fr\/#\/schema\/logo\/image\/","url":"https:\/\/fgti-distribution.fr\/wp-content\/uploads\/2022\/12\/logo.png","contentUrl":"https:\/\/fgti-distribution.fr\/wp-content\/uploads\/2022\/12\/logo.png","width":500,"height":228,"caption":"FGTI Distribution"},"image":{"@id":"https:\/\/fgti-distribution.fr\/#\/schema\/logo\/image\/"},"sameAs":["https:\/\/www.linkedin.com\/company\/fgti-distribution\/"]}]}},"_links":{"self":[{"href":"https:\/\/fgti-distribution.fr\/it\/wp-json\/wp\/v2\/pages\/1299","targetHints":{"allow":["GET"]}}],"collection":[{"href":"https:\/\/fgti-distribution.fr\/it\/wp-json\/wp\/v2\/pages"}],"about":[{"href":"https:\/\/fgti-distribution.fr\/it\/wp-json\/wp\/v2\/types\/page"}],"author":[{"embeddable":true,"href":"https:\/\/fgti-distribution.fr\/it\/wp-json\/wp\/v2\/users\/1"}],"replies":[{"embeddable":true,"href":"https:\/\/fgti-distribution.fr\/it\/wp-json\/wp\/v2\/comments?post=1299"}],"version-history":[{"count":9,"href":"https:\/\/fgti-distribution.fr\/it\/wp-json\/wp\/v2\/pages\/1299\/revisions"}],"predecessor-version":[{"id":7993,"href":"https:\/\/fgti-distribution.fr\/it\/wp-json\/wp\/v2\/pages\/1299\/revisions\/7993"}],"up":[{"embeddable":true,"href":"https:\/\/fgti-distribution.fr\/it\/wp-json\/wp\/v2\/pages\/8"}],"wp:attachment":[{"href":"https:\/\/fgti-distribution.fr\/it\/wp-json\/wp\/v2\/media?parent=1299"}],"curies":[{"name":"wp","href":"https:\/\/api.w.org\/{rel}","templated":true}]}}