{"id":1398,"date":"2012-12-07T17:10:29","date_gmt":"2012-12-07T17:10:29","guid":{"rendered":"https:\/\/fgti-distribution.fr\/?page_id=1398"},"modified":"2023-07-05T12:12:45","modified_gmt":"2023-07-05T12:12:45","slug":"montage-joints-etancheite","status":"publish","type":"page","link":"https:\/\/fgti-distribution.fr\/it\/joints-detancheite\/montage-joints-etancheite\/","title":{"rendered":"Condizioni generali di montaggio"},"content":{"rendered":"<section id=\"bt_bb_section69d025d7bcf47\" class=\"bt_bb_section bt_bb_layout_boxed_1200\"  data-bt-override-class=\"null\"><div class=\"bt_bb_port\"><div class=\"bt_bb_cell\"><div class=\"bt_bb_cell_inner\"><div class=\"bt_bb_row\"  data-bt-override-class=\"{}\"><div class=\"bt_bb_row_holder\" ><div  class=\"bt_bb_column col-xxl-12 col-xl-12 col-xs-12 col-sm-12 col-md-12 col-lg-12 bt_bb_vertical_align_top bt_bb_align_left bt_bb_padding_normal\" style=\"; --column-width:12;\" data-width=\"12\" data-bt-override-class=\"{}\"><div class=\"bt_bb_column_content\"><div class=\"bt_bb_column_content_inner\"><div class=\"bt_bb_raw_content\"><div class=\"bt_bb_wrapper\"><div id=\"pl-1398\" class=\"panel-layout\">\n<div id=\"pg-1398-0\" class=\"panel-grid panel-no-style\">\n<div id=\"pgc-1398-0-0\" class=\"panel-grid-cell\" data-weight=\"1\">\n<div id=\"panel-1398-0-0-0\" class=\"so-panel widget widget_custom_html panel-first-child panel-last-child\" data-index=\"0\" data-style=\"{\"background_image_attachment\":false,\"background_display\":\"tile\"}\"><div class=\"textwidget custom-html-widget\"><div style=\"color: #BABABA; font-size: 12px;\">FGTI-Distribution > Joints d'\u00e9tanch\u00e9it\u00e9 > Conditions g\u00e9n\u00e9rales de montage<\/div>\n<br><br>\n<table style=\"font-size: 12px; border: none; width: 100%;\">\n<tbody><tr>\n<td colspan=\"2\" style=\"font-size: 22px; vertical-align: top; font-weight: bold; border-bottom: 1px solid #58B6FE; border-top-color: white;\">\nCondizioni generali di montaggio\n<\/td><td style=\"text-align: right; border-bottom: 1px solid #58B6FE; border-top-color: white;\">\n<a target=\"_blank\" href=\"https:\/\/fgti-distribution.fr\/it\/wp-content\/themes\/twentyeleven\/images\/FGTI-Distribution_IDG-Conditions-generales-montage-2019.pdf\/\" rel=\"noopener\"><img decoding=\"async\" src=\"https:\/\/fgti-distribution.fr\/wp-content\/themes\/twentyeleven\/images\/pdficon_large.png\"><\/a>\n<\/td>\n<\/tr>\n<tr>\n<td style=\"width: 200px; vertical-align: top; font-weight: bold; border-color: #FFFFFF;padding-top: 20px;\">\nFrottement\n<\/td>\n<td style=\"padding-bottom: 20px; width: 280px; vertical-align: top; text-align: justify; border-bottom: 1px solid #58B6FE; border-top-color: white; padding-top: 20px; padding-right: 25px;\">\nIDG utilise des mati\u00e8res \u00e0 base de PTFE, privil\u00e9giant ainsi une tr\u00e8s faible adh\u00e9rence et un tr\u00e8s faible frottement au d\u00e9marrage.<br>\nEn effet, les PTFE purs ont un faible coefficient de frottement modulable selon les charges.\n<\/td>\n<td style=\"padding-bottom: 20px; width: 280px; vertical-align: top; text-align: justify; border-bottom: 1px solid #58B6FE; border-top-color: white; padding-top: 20px; padding-left: 20px;\">\nD\u2019autres facteurs influencent le coefficient de frottement, entre autres la mati\u00e8re de la surface oppos\u00e9e, sa rugosit\u00e9 et sa duret\u00e9, la vitesse de frottement ainsi que la temp\u00e9rature et la lubrification.<br>\nLes mati\u00e8res IDG \u00e0 base PTFE se distinguent par un glissement sans \u00e0-coups.\n<\/td>\n<\/tr>\n\n<tr>\n<td style=\"width: 200px; vertical-align: top; font-weight: bold; border-color: #FFFFFF;padding-top: 20px;\">\nImpact de la surface\noppos\u00e9e\n<\/td>\n<td style=\"padding-bottom: 20px; width: 280px; vertical-align: top; text-align: justify; border-bottom: 1px solid #58B6FE; border-top-color: white; padding-top: 20px; padding-right: 25px;\">\nLa rugosit\u00e9 et la conformit\u00e9 de la surface oppos\u00e9e ont un fort impact sur le risque de fuite et la dur\u00e9e de vie. La zone portante de la surface oppos\u00e9e doit \u00eatre de bonne qualit\u00e9. Ce r\u00e9sultat est obtenu gr\u00e2ce au meulage, \u00e0 l\u2019aiguisage et au rodage. Les stries d\u2019usinage et ar\u00eates vives sont ainsi adoucies. Ce dernier point est particuli\u00e8rement important dans le cas de surfaces oppos\u00e9es tr\u00e8s dures.\n<\/td>\n<td style=\"padding-bottom: 20px; width: 280px; vertical-align: top; text-align: justify; border-bottom: 1px solid #58B6FE; border-top-color: white; padding-top: 20px; padding-left: 20px;\">\nUn lissage de surface obtenu par \u00e9crouissage ou laminage peut se r\u00e9v\u00e9ler irr\u00e9gulier et sera particuli\u00e8rement d\u00e9favorable au fonctionnement des joints composites.<br>\nSur des mouvements tournants ou oscillants, la surface oppos\u00e9e doit \u00eatre la plus lisse possible, tout en \u00e9vitant les stries d\u2019usinage lors de la rectification.\n<\/td>\n<\/tr>\n\n<tr>\n<td style=\"width: 200px; vertical-align: top; font-weight: bold; border-color: #FFFFFF;padding-top: 20px;\">\nRugosit\u00e9 maximale pour\nles \u00e9tats de surface,\npart mati\u00e8re\n<\/td>\n<td style=\"padding-bottom: 20px; width: 280px; vertical-align: top; text-align: justify; border-bottom: none; border-top-color: white; padding-top: 20px; padding-right: 25px;\">\n<strong>Rugosit\u00e9 de la surface oppos\u00e9e selon la norme DIN EN ISO 4287<\/strong>\nIl faut toujours consid\u00e9rer le joint et la surface oppos\u00e9e comme un ensemble. En effet, le bon fonctionnement et la dur\u00e9e de vie d\u2019un joint d\u00e9pendent pour l\u2019essentiel de la qualit\u00e9 de l\u2019\u00e9tat de surface.<br>\nLes stries et irr\u00e9gularit\u00e9s d\u2019usinage concentrique ou h\u00e9lico\u00efdal, les rayures ou rainurages ou irr\u00e9gularit\u00e9s ne sont pas acceptables.\n<\/td>\n<td style=\"padding-bottom: 0px; width: 280px; vertical-align: top; text-align: justify; border-bottom: none; border-top-color: white; padding-top: 20px; padding-left: 20px;\">\nDe mani\u00e8re g\u00e9n\u00e9rale, la qualit\u00e9 des \u00e9tats de surface est plus importante pour les applications dynamiques que pour les statiques.<br>\nLa norme DIN EN ISO 4287 d\u00e9finit les valeurs usuelles pour les \u00e9tats de surface (Rz, Rt, Ra). Ces valeurs n\u2019\u00e9tant pas suffisantes dans certains cas, on d\u00e9finit \u00e9galement une part mati\u00e8re (Rmr).<br>\nLa part mati\u00e8re (Rmr) est d\u00e9terminante pour d\u00e9finir le profil d\u2019un \u00e9tat de surface. Elle d\u00e9pend \u00e9galement des conditions de production et d\u2019usinage.\n<\/td>\n<\/tr>\n\n<tr>\n<td style=\"width: 200px; vertical-align: top; font-weight: bold; border-color: #FFFFFF;padding-top: 20px;\">\n\u00a0\n<\/td>\n<td colspan=\"2\" style=\"width: 560px; vertical-align: top; text-align: justify; border-top-color: white; padding-top: 0px; border-bottom: 1px solid #58B6FE;\">\n<img decoding=\"async\" style=\"text-align: left; max-width: 100%;\" src=\"https:\/\/fgti-distribution.fr\/wp-content\/themes\/twentyeleven\/images\/joint-etancheite-composite9.jpg\">\n<\/td>\n<\/tr>\n\n<tr>\n<td style=\"width: 200px; vertical-align: top; font-weight: bold; border-color: #FFFFFF;padding-top: 20px;\">\nProtection contre la\npression d\u2019entra\u00eenement\nhydrodynamique\n<\/td>\n<td style=\"padding-bottom: 20px; width: 280px; vertical-align: top; text-align: justify; border-bottom: 1px solid #58B6FE; border-top-color: white; padding-top: 20px; padding-right: 25px;\">\nLors de guidages lin\u00e9aires avec un faible jeu entre une chemise statique au repos et une surface de frottement en mouvement, un courant d\u2019entra\u00eenement hydrodynamique du fluide se cr\u00e9e.<br>\nSi ce flux est interrompu par un joint, la pression s\u2019accroit et augmente la pression du syst\u00e8me en corr\u00e9lation et plus particuli\u00e8rement dans les cas de mouvements \u00ab longs \u00bb.\n<\/td>\n<td style=\"padding-bottom: 20px; width: 280px; vertical-align: top; text-align: justify; border-bottom: 1px solid #58B6FE; border-top-color: white; padding-top: 20px; padding-left: 20px;\">\nC\u2019est pourquoi il faut que le logement du joint soit le plus grand possible.<br>\nSi cela ne suffit pas, on peut utiliser une rainure de reflux ou des bagues de guidage MANOY \u00e0 encoches ou des bandes de guidage. \nL\u2019augmentation critique de la pression au niveau du joint est ainsi \u00e9vit\u00e9e.\n<\/td>\n<\/tr>\n\n<tr>\n<td style=\"width: 200px; vertical-align: top; font-weight: bold; border-color: #FFFFFF;padding-top: 20px;\">\nPolissage, rodage\n<\/td>\n<td style=\"padding-bottom: 20px; width: 280px; vertical-align: top; text-align: justify; border-bottom: 1px solid #58B6FE; border-top-color: white; padding-top: 20px; padding-right: 25px;\">\nLors du rodage, la surface oppos\u00e9e est polie par les joints et les \u00e9l\u00e9ments de guidage.<br>\nToutefois, des mouvements rapides \u00e0 faibles courses ou des mouvements oscillants peuvent favoriser l\u2019apparition de sillons d\u2019usure ind\u00e9sirables.\n<\/td>\n<td style=\"padding-bottom: 20px; width: 280px; vertical-align: top; text-align: justify; border-bottom: 1px solid #58B6FE; border-top-color: white; padding-top: 20px; padding-left: 20px;\">\nDes vibrations externes peuvent produire le m\u00eame effet.<br>\nPour emp\u00eacher au maximum cette usure pr\u00e9matur\u00e9e, il faut que la surface oppos\u00e9e soit dure.\n<\/td>\n<\/tr>\n\n<tr>\n<td style=\"width: 200px; vertical-align: top; font-weight: bold; border-color: #FFFFFF;padding-top: 20px;\">\nDuret\u00e9 de la surface\noppos\u00e9e\n<\/td>\n<td style=\"padding-bottom: 20px; width: 280px; vertical-align: top; text-align: justify; border-bottom: 1px solid #58B6FE; border-top-color: white; padding-top: 20px; padding-right: 25px;\">\nEn g\u00e9n\u00e9ral, l\u2019usure des joints est plus faible sur des surfaces oppos\u00e9es dures que molles.<br>\nLe risque d\u2019usure par l\u2019apparition de rainures de contact est particuli\u00e8rement important en mouvement rotatif.\n<\/td>\n<td style=\"padding-bottom: 20px; width: 280px; vertical-align: top; text-align: justify; border-bottom: 1px solid #58B6FE; border-top-color: white; padding-top: 20px; padding-left: 20px;\">\nSi les surfaces oppos\u00e9es ne sont pas suffisamment dures, les particules arrach\u00e9es par le joint accentueront les dommages sur la surface de frottement. Le risque de fuite est in\u00e9vitable.<br>\nLa duret\u00e9 minimum doit se situer au dessus de 58HRC pour un mouvement lin\u00e9aire, au dessus de 62HRC pour une utilisation en rotation.\n<\/td>\n<\/tr>\n\n<tr>\n<td style=\"width: 200px; vertical-align: top; font-weight: bold; border-color: #FFFFFF;padding-top: 20px;\">\nGuider, centrer\n<\/td>\n<td style=\"padding-bottom: 20px; width: 280px; vertical-align: top; text-align: justify; border-bottom: 1px solid #58B6FE; border-top-color: white; padding-top: 20px; padding-right: 25px;\">\nIl faut \u00e9viter tout contact m\u00e9tallique entre le piston, la tige et le chemise. En fonctionnement, des rainures existantes s\u2019agrandissent et endommagent le joint, le guidage et le racleur. La fuite apparait \u00e0 plus ou moins long terme.<br>\nNi le joint ni le racleur ne peuvent remplir les fonctions de guidage.<br>\nIl faut donc pr\u00e9voir des \u00e9l\u00e9ments de guidage distincts avec une port\u00e9e suffisante.\n<\/td>\n<td style=\"padding-bottom: 20px; width: 280px; vertical-align: top; text-align: justify; border-bottom: 1px solid #58B6FE; border-top-color: white; padding-top: 20px; padding-left: 20px;\">\n<img decoding=\"async\" style=\"text-align: left; max-width: 100%;\" src=\"https:\/\/fgti-distribution.fr\/wp-content\/themes\/twentyeleven\/images\/joint-etancheite-composite10.jpg\">\n<\/td>\n<\/tr>\n\n<tr>\n<td style=\"width: 200px; vertical-align: top; font-weight: bold; border-color: #FFFFFF;padding-top: 20px;\">\nLubrification,\nfonctionnement \u00e0 sec\n<\/td>\n<td style=\"padding-bottom: 20px; width: 280px; vertical-align: top; text-align: justify; border-bottom: 1px solid #58B6FE; border-top-color: white; padding-top: 20px; padding-right: 25px;\">\nPresque tous les mat\u00e9riaux IDG \u00e0 base PTFE peuvent fonctionner \u00e0 sec.<br>\nLe fonctionnement \u00e0 sec r\u00e9duit cependant la dur\u00e9e de vie du syst\u00e8me joint\/surface oppos\u00e9e.<br>\nEn utilisant un film de lubrification en circuit ferm\u00e9 dans l\u2019espace cr\u00e9\u00e9 pour le jeu, on diminue le frottement. Le plus faible frottement s\u2019obtient avec une huile lubrifiante ou hydraulique.\n<\/td>\n<td style=\"padding-bottom: 20px; width: 280px; vertical-align: top; text-align: justify; border-bottom: 1px solid #58B6FE; border-top-color: white; padding-top: 20px; padding-left: 20px;\">\nL\u2019utilisation d\u2019un film de lubrification r\u00e9duit la mont\u00e9e en temp\u00e9rature et augmente la dur\u00e9e de vie du joint.<br>\nPour des applications sur des cylindres pneumatiques ou des tiges de guidage, une lubrification au montage est suffisante. \n<\/td>\n<\/tr>\n\n<tr>\n<td style=\"width: 200px; vertical-align: top; font-weight: bold; border-color: #FFFFFF;padding-top: 20px;\">\nParticules abrasives\ndans le fluide\n<\/td>\n<td style=\"padding-bottom: 20px; width: 280px; vertical-align: top; text-align: justify; border-bottom: 1px solid #58B6FE; border-top-color: white; padding-top: 20px; padding-right: 25px;\">\nLes particules ne sont g\u00e9n\u00e9ralement pas la cause principale d\u2019une fuite, mais elles causent une v\u00e9ritable usure du syst\u00e8me joint\/surface oppos\u00e9e et conduisent \u00e0 une d\u00e9faillance pr\u00e9matur\u00e9e de l\u2019\u00e9tanch\u00e9it\u00e9. Les facteurs d\u00e9terminants de l\u2019usure d\u2019un syst\u00e8me d\u2019\u00e9tanch\u00e9it\u00e9 sont la taille, mais aussi le nombre de particules en suspension.<br>\nAvec un film de lubrification d\u2019une \u00e9paisseur de 0,5 \u03bcm, seules les petites particules s\u2019\u00e9liminent, les plus grosses conduiront \u00e0 l\u2019usure du joint et de la surface oppos\u00e9e.\n<\/td>\n<td style=\"padding-bottom: 20px; width: 280px; vertical-align: top; text-align: justify; border-bottom: 1px solid #58B6FE; border-top-color: white; padding-top: 20px; padding-left: 20px;\">\nGr\u00e2ce \u00e0 des modifications en amont (par exemple une technique de filtrage), on peut r\u00e9duire le nombre de particules.<br>\nLes normes ISO 4406 et NAS 1638 sont utilis\u00e9es pour qualifier et quantifier la puret\u00e9 des fluides. \n<\/td>\n<\/tr>\n\n<\/tbody><\/table>\n\n<div style=\"text-align: right; font-size: 12px;\">\n<a href=\"#haut\" style=\"text-decoration: none; color: #AAAAAA;\">Haut de page<\/a>\n<\/div>\n<\/div><\/div>\n<\/div>\n<\/div>\n<\/div>\n<\/div><\/div><\/div><\/div><\/div><\/div><\/div><\/div><!-- cell_inner --><\/div><!-- cell --><\/div><!-- port --><\/section>","protected":false},"excerpt":{"rendered":"","protected":false},"author":1,"featured_media":0,"parent":8,"menu_order":0,"comment_status":"closed","ping_status":"closed","template":"","meta":{"footnotes":""},"class_list":["post-1398","page","type-page","status-publish","hentry"],"yoast_head":"<!-- This site is optimized with the Yoast SEO plugin v27.3 - https:\/\/yoast.com\/product\/yoast-seo-wordpress\/ -->\n<title>FGTI Distribution - Montage des joints d&#039;\u00e9tanch\u00e9it\u00e9<\/title>\n<meta name=\"description\" content=\"Fiche produit IDG par FGTI distribution : les conditions g\u00e9n\u00e9rales de montage des joints d&#039;\u00e9tanch\u00e9it\u00e9 IDG\" \/>\n<meta name=\"robots\" content=\"index, follow, max-snippet:-1, max-image-preview:large, max-video-preview:-1\" \/>\n<link rel=\"canonical\" href=\"https:\/\/fgti-distribution.fr\/it\/giunti-di-tenuta\/montage-joints-etancheite\/\" \/>\n<meta property=\"og:locale\" content=\"it_IT\" \/>\n<meta property=\"og:type\" content=\"article\" \/>\n<meta property=\"og:title\" content=\"FGTI Distribution - Montage des joints d&#039;\u00e9tanch\u00e9it\u00e9\" \/>\n<meta property=\"og:description\" content=\"Fiche produit IDG par FGTI distribution : les conditions g\u00e9n\u00e9rales de montage des joints d&#039;\u00e9tanch\u00e9it\u00e9 IDG\" \/>\n<meta property=\"og:url\" content=\"https:\/\/fgti-distribution.fr\/it\/giunti-di-tenuta\/montage-joints-etancheite\/\" \/>\n<meta property=\"og:site_name\" content=\"FGTI Distribution\" \/>\n<meta property=\"article:modified_time\" content=\"2023-07-05T12:12:45+00:00\" \/>\n<meta name=\"twitter:card\" content=\"summary_large_image\" \/>\n<meta name=\"twitter:label1\" content=\"Est. reading time\" \/>\n\t<meta name=\"twitter:data1\" content=\"1 minuto\" \/>\n<script type=\"application\/ld+json\" class=\"yoast-schema-graph\">{\"@context\":\"https:\\\/\\\/schema.org\",\"@graph\":[{\"@type\":\"WebPage\",\"@id\":\"https:\\\/\\\/fgti-distribution.fr\\\/joints-detancheite\\\/montage-joints-etancheite\\\/\",\"url\":\"https:\\\/\\\/fgti-distribution.fr\\\/joints-detancheite\\\/montage-joints-etancheite\\\/\",\"name\":\"FGTI Distribution - Montage des joints d'\u00e9tanch\u00e9it\u00e9\",\"isPartOf\":{\"@id\":\"https:\\\/\\\/fgti-distribution.fr\\\/#website\"},\"datePublished\":\"2012-12-07T17:10:29+00:00\",\"dateModified\":\"2023-07-05T12:12:45+00:00\",\"description\":\"Fiche produit IDG par FGTI distribution : les conditions g\u00e9n\u00e9rales de montage des joints d'\u00e9tanch\u00e9it\u00e9 IDG\",\"breadcrumb\":{\"@id\":\"https:\\\/\\\/fgti-distribution.fr\\\/joints-detancheite\\\/montage-joints-etancheite\\\/#breadcrumb\"},\"inLanguage\":\"it-IT\",\"potentialAction\":[{\"@type\":\"ReadAction\",\"target\":[\"https:\\\/\\\/fgti-distribution.fr\\\/joints-detancheite\\\/montage-joints-etancheite\\\/\"]}]},{\"@type\":\"BreadcrumbList\",\"@id\":\"https:\\\/\\\/fgti-distribution.fr\\\/joints-detancheite\\\/montage-joints-etancheite\\\/#breadcrumb\",\"itemListElement\":[{\"@type\":\"ListItem\",\"position\":1,\"name\":\"Home\",\"item\":\"https:\\\/\\\/fgti-distribution.fr\\\/\"},{\"@type\":\"ListItem\",\"position\":2,\"name\":\"Joints d&rsquo;\u00e9tanch\u00e9it\u00e9\",\"item\":\"https:\\\/\\\/fgti-distribution.fr\\\/joints-detancheite\\\/\"},{\"@type\":\"ListItem\",\"position\":3,\"name\":\"Conditions g\u00e9n\u00e9rales de montage\"}]},{\"@type\":\"WebSite\",\"@id\":\"https:\\\/\\\/fgti-distribution.fr\\\/#website\",\"url\":\"https:\\\/\\\/fgti-distribution.fr\\\/\",\"name\":\"FGTI Distribution\",\"description\":\"Pi\u00e8ces techniques et services \u00e0 forte valeur ajout\u00e9e\",\"publisher\":{\"@id\":\"https:\\\/\\\/fgti-distribution.fr\\\/#organization\"},\"alternateName\":\"FGTI Distribution\",\"potentialAction\":[{\"@type\":\"SearchAction\",\"target\":{\"@type\":\"EntryPoint\",\"urlTemplate\":\"https:\\\/\\\/fgti-distribution.fr\\\/?s={search_term_string}\"},\"query-input\":{\"@type\":\"PropertyValueSpecification\",\"valueRequired\":true,\"valueName\":\"search_term_string\"}}],\"inLanguage\":\"it-IT\"},{\"@type\":\"Organization\",\"@id\":\"https:\\\/\\\/fgti-distribution.fr\\\/#organization\",\"name\":\"FGTI Distribution\",\"alternateName\":\"FGTI Distribution\",\"url\":\"https:\\\/\\\/fgti-distribution.fr\\\/\",\"logo\":{\"@type\":\"ImageObject\",\"inLanguage\":\"it-IT\",\"@id\":\"https:\\\/\\\/fgti-distribution.fr\\\/#\\\/schema\\\/logo\\\/image\\\/\",\"url\":\"https:\\\/\\\/fgti-distribution.fr\\\/wp-content\\\/uploads\\\/2022\\\/12\\\/logo.png\",\"contentUrl\":\"https:\\\/\\\/fgti-distribution.fr\\\/wp-content\\\/uploads\\\/2022\\\/12\\\/logo.png\",\"width\":500,\"height\":228,\"caption\":\"FGTI Distribution\"},\"image\":{\"@id\":\"https:\\\/\\\/fgti-distribution.fr\\\/#\\\/schema\\\/logo\\\/image\\\/\"},\"sameAs\":[\"https:\\\/\\\/www.linkedin.com\\\/company\\\/fgti-distribution\\\/\"]}]}<\/script>\n<!-- \/ Yoast SEO plugin. -->","yoast_head_json":{"title":"FGTI Distribution - Montage des joints d'\u00e9tanch\u00e9it\u00e9","description":"Fiche produit IDG par FGTI distribution : les conditions g\u00e9n\u00e9rales de montage des joints d'\u00e9tanch\u00e9it\u00e9 IDG","robots":{"index":"index","follow":"follow","max-snippet":"max-snippet:-1","max-image-preview":"max-image-preview:large","max-video-preview":"max-video-preview:-1"},"canonical":"https:\/\/fgti-distribution.fr\/it\/giunti-di-tenuta\/montage-joints-etancheite\/","og_locale":"it_IT","og_type":"article","og_title":"FGTI Distribution - Montage des joints d'\u00e9tanch\u00e9it\u00e9","og_description":"Fiche produit IDG par FGTI distribution : les conditions g\u00e9n\u00e9rales de montage des joints d'\u00e9tanch\u00e9it\u00e9 IDG","og_url":"https:\/\/fgti-distribution.fr\/it\/giunti-di-tenuta\/montage-joints-etancheite\/","og_site_name":"FGTI Distribution","article_modified_time":"2023-07-05T12:12:45+00:00","twitter_card":"summary_large_image","twitter_misc":{"Est. reading time":"1 minuto"},"schema":{"@context":"https:\/\/schema.org","@graph":[{"@type":"WebPage","@id":"https:\/\/fgti-distribution.fr\/joints-detancheite\/montage-joints-etancheite\/","url":"https:\/\/fgti-distribution.fr\/joints-detancheite\/montage-joints-etancheite\/","name":"FGTI Distribution - Montage des joints d'\u00e9tanch\u00e9it\u00e9","isPartOf":{"@id":"https:\/\/fgti-distribution.fr\/#website"},"datePublished":"2012-12-07T17:10:29+00:00","dateModified":"2023-07-05T12:12:45+00:00","description":"Fiche produit IDG par FGTI distribution : les conditions g\u00e9n\u00e9rales de montage des joints d'\u00e9tanch\u00e9it\u00e9 IDG","breadcrumb":{"@id":"https:\/\/fgti-distribution.fr\/joints-detancheite\/montage-joints-etancheite\/#breadcrumb"},"inLanguage":"it-IT","potentialAction":[{"@type":"ReadAction","target":["https:\/\/fgti-distribution.fr\/joints-detancheite\/montage-joints-etancheite\/"]}]},{"@type":"BreadcrumbList","@id":"https:\/\/fgti-distribution.fr\/joints-detancheite\/montage-joints-etancheite\/#breadcrumb","itemListElement":[{"@type":"ListItem","position":1,"name":"Home","item":"https:\/\/fgti-distribution.fr\/"},{"@type":"ListItem","position":2,"name":"Joints d&rsquo;\u00e9tanch\u00e9it\u00e9","item":"https:\/\/fgti-distribution.fr\/joints-detancheite\/"},{"@type":"ListItem","position":3,"name":"Conditions g\u00e9n\u00e9rales de montage"}]},{"@type":"WebSite","@id":"https:\/\/fgti-distribution.fr\/#website","url":"https:\/\/fgti-distribution.fr\/","name":"Distribuzione FGTI","description":"Parti tecniche e servizi ad alto valore aggiunto","publisher":{"@id":"https:\/\/fgti-distribution.fr\/#organization"},"alternateName":"FGTI Distribution","potentialAction":[{"@type":"SearchAction","target":{"@type":"EntryPoint","urlTemplate":"https:\/\/fgti-distribution.fr\/?s={search_term_string}"},"query-input":{"@type":"PropertyValueSpecification","valueRequired":true,"valueName":"search_term_string"}}],"inLanguage":"it-IT"},{"@type":"Organization","@id":"https:\/\/fgti-distribution.fr\/#organization","name":"Distribuzione FGTI","alternateName":"FGTI Distribution","url":"https:\/\/fgti-distribution.fr\/","logo":{"@type":"ImageObject","inLanguage":"it-IT","@id":"https:\/\/fgti-distribution.fr\/#\/schema\/logo\/image\/","url":"https:\/\/fgti-distribution.fr\/wp-content\/uploads\/2022\/12\/logo.png","contentUrl":"https:\/\/fgti-distribution.fr\/wp-content\/uploads\/2022\/12\/logo.png","width":500,"height":228,"caption":"FGTI Distribution"},"image":{"@id":"https:\/\/fgti-distribution.fr\/#\/schema\/logo\/image\/"},"sameAs":["https:\/\/www.linkedin.com\/company\/fgti-distribution\/"]}]}},"_links":{"self":[{"href":"https:\/\/fgti-distribution.fr\/it\/wp-json\/wp\/v2\/pages\/1398","targetHints":{"allow":["GET"]}}],"collection":[{"href":"https:\/\/fgti-distribution.fr\/it\/wp-json\/wp\/v2\/pages"}],"about":[{"href":"https:\/\/fgti-distribution.fr\/it\/wp-json\/wp\/v2\/types\/page"}],"author":[{"embeddable":true,"href":"https:\/\/fgti-distribution.fr\/it\/wp-json\/wp\/v2\/users\/1"}],"replies":[{"embeddable":true,"href":"https:\/\/fgti-distribution.fr\/it\/wp-json\/wp\/v2\/comments?post=1398"}],"version-history":[{"count":8,"href":"https:\/\/fgti-distribution.fr\/it\/wp-json\/wp\/v2\/pages\/1398\/revisions"}],"predecessor-version":[{"id":7994,"href":"https:\/\/fgti-distribution.fr\/it\/wp-json\/wp\/v2\/pages\/1398\/revisions\/7994"}],"up":[{"embeddable":true,"href":"https:\/\/fgti-distribution.fr\/it\/wp-json\/wp\/v2\/pages\/8"}],"wp:attachment":[{"href":"https:\/\/fgti-distribution.fr\/it\/wp-json\/wp\/v2\/media?parent=1398"}],"curies":[{"name":"wp","href":"https:\/\/api.w.org\/{rel}","templated":true}]}}