{"id":1503,"date":"2012-12-13T17:47:08","date_gmt":"2012-12-13T17:47:08","guid":{"rendered":"https:\/\/fgti-distribution.fr\/?page_id=1503"},"modified":"2023-07-05T12:14:09","modified_gmt":"2023-07-05T12:14:09","slug":"joints-etancheite-groupes-de-matieres","status":"publish","type":"page","link":"https:\/\/fgti-distribution.fr\/it\/joints-detancheite\/joints-etancheite-groupes-de-matieres\/","title":{"rendered":"I gruppi e le scelte di materia"},"content":{"rendered":"<section id=\"bt_bb_section69d023b16f856\" class=\"bt_bb_section bt_bb_layout_boxed_1200\"  data-bt-override-class=\"null\"><div class=\"bt_bb_port\"><div class=\"bt_bb_cell\"><div class=\"bt_bb_cell_inner\"><div class=\"bt_bb_row\"  data-bt-override-class=\"{}\"><div class=\"bt_bb_row_holder\" ><div  class=\"bt_bb_column col-xxl-12 col-xl-12 col-xs-12 col-sm-12 col-md-12 col-lg-12 bt_bb_vertical_align_top bt_bb_align_left bt_bb_padding_normal\" style=\"; --column-width:12;\" data-width=\"12\" data-bt-override-class=\"{}\"><div class=\"bt_bb_column_content\"><div class=\"bt_bb_column_content_inner\"><div class=\"bt_bb_raw_content\"><div class=\"bt_bb_wrapper\"><div id=\"pl-1503\" class=\"panel-layout\">\n<div id=\"pg-1503-0\" class=\"panel-grid panel-no-style\">\n<div id=\"pgc-1503-0-0\" class=\"panel-grid-cell\" data-weight=\"1\">\n<div id=\"panel-1503-0-0-0\" class=\"so-panel widget widget_custom_html panel-first-child panel-last-child\" data-index=\"0\" data-style=\"{\"background_image_attachment\":false,\"background_display\":\"tile\"}\"><div class=\"textwidget custom-html-widget\"><div style=\"color: #BABABA; font-size: 12px;\">FGTI-Distribution > Joints d'\u00e9tanch\u00e9it\u00e9 > Groupes de mati\u00e8res<\/div>\n<br><br>\n<table style=\"font-size: 12px; border: none; width: 100%;\">\n<tbody><tr>\n<td colspan=\"2\" style=\"font-size: 22px; vertical-align: top; font-weight: bold; border-bottom: 1px solid #58B6FE; border-top-color: white;\">\nGroupes de mati\u00e8res\n<\/td>\n<td style=\"text-align: right; border-bottom: 1px solid #58B6FE; border-top-color: white;\">\n<a target=\"_blank\" href=\"https:\/\/fgti-distribution.fr\/it\/wp-content\/themes\/twentyeleven\/images\/FGTI-Distribution_IDG-Groupes-et-choix-matieres-2019.pdf\/\" rel=\"noopener\"><img decoding=\"async\" src=\"https:\/\/fgti-distribution.fr\/wp-content\/themes\/twentyeleven\/images\/pdficon_large.png\"><\/a>\n<\/td>\n<\/tr>\n\n<tr>\n<td style=\"width: 200px; vertical-align: top; font-weight: bold; border-color: #FFFFFF;padding-top: 20px;\">\nLes mati\u00e8res IDG\n<\/td>\n<td style=\"padding-bottom: 20px; width: 280px; vertical-align: top; text-align: justify; border-bottom: 1px solid #58B6FE; border-top-color: white; padding-top: 20px; padding-right: 25px;\">\nLes mati\u00e8res IDG pour les joints, les \u00e9l\u00e9ments de guidage et les racleurs sont essentiellement des bases poly-t\u00e9tra-fluor-\u00e9thyl\u00e8ne (PTFE). Nombre d\u2019autres mati\u00e8res composites \u00e0 haute performance compl\u00e8tent la gamme des bases PTFE.<br>\nLes mati\u00e8res d\u00e9velopp\u00e9es par IDG sont particuli\u00e8rement adapt\u00e9es \u00e0 la r\u00e9alisation d\u2019\u00e9l\u00e9ments d\u2019\u00e9tanch\u00e9it\u00e9 performants.<br>\nLes caract\u00e9ristiques des composites \u00e0 base PTFE sont reconnues et valid\u00e9es par des compositions pr\u00e9cises et recherch\u00e9es.\n<\/td>\n<td style=\"padding-bottom: 20px; width: 280px; vertical-align: top; text-align: justify; border-bottom: 1px solid #58B6FE; border-top-color: white; padding-top: 20px; padding-left: 20px;\">\nPour des applications dans le domaine de l\u2019industrie alimentaire, de l\u2019eau potable, pour les industries chimiques et pour des applications dans des plages de temp\u00e9rature extr\u00eames, IDG a d\u00e9velopp\u00e9 des m\u00e9langes sp\u00e9cifiques.<br>\nLes mati\u00e8res MANOY\u00ae sont en constante \u00e9volution pour r\u00e9pondre aux avanc\u00e9es techniques.\n<\/td>\n<\/tr>\n\n<tr>\n<td style=\"width: 200px; vertical-align: top; font-weight: bold; border-color: #FFFFFF;padding-top: 20px;\">\nRev\u00eatement anti- frottement \nMANOY COAT\u00ae\n<\/td>\n<td style=\"padding-bottom: 20px; width: 280px; vertical-align: top; text-align: justify; border-bottom: 1px solid #58B6FE; border-top-color: white; padding-top: 20px; padding-right: 25px;\">\nManoyCoat\u00ae propose des rev\u00eatements anti-frottement innovants, qui, gr\u00e2ce \u00e0 la r\u00e9duction du frottement et de l\u2019adh\u00e9rence, facilitent le montage manuel et surtout le montage automatis\u00e9.<br>\nL\u2019utilisation de joints toriques rev\u00eatus pour des applications dynamiques \u00e0 faibles contraintes limite l\u2019usure pr\u00e9matur\u00e9e par une r\u00e9duction du frottement. L\u2019effet stick-clip est minimis\u00e9.\n<\/td>\n<td style=\"padding-bottom: 20px; width: 280px; vertical-align: top; text-align: justify; border-bottom: 1px solid #58B6FE; border-top-color: white; padding-top: 20px; padding-left: 20px;\">\nLes rev\u00eatements ManoyCoat\u00ae peuvent \u00eatre adapt\u00e9s aux applications de l\u2019industrie alimentaire ou exemptes de substance g\u00eanant l\u2019adh\u00e9rence de colles ou de vernis.<br>\nD\u2019autres applications peuvent faire l\u2019objet d\u2019\u00e9tudes sp\u00e9cifiques.\n<\/td>\n<\/tr>\n\n<tr>\n<td style=\"width: 200px; vertical-align: top; font-weight: bold; border-color: #FFFFFF;padding-top: 20px;\">\nElastom\u00e8res\n<\/td>\n<td style=\"padding-bottom: 20px; width: 280px; vertical-align: top; text-align: justify; border-bottom: 1px solid #58B6FE; border-top-color: white; padding-top: 20px; padding-right: 25px;\">\nCes mati\u00e8res sont utilis\u00e9es principalement pour la r\u00e9alisation de joints toriques ou de pi\u00e8ces moul\u00e9es.<br>\nEn fonction de l\u2019usage (\u00e9l\u00e9ment de pr\u00e9contrainte ou \u00e9tanch\u00e9it\u00e9) et des conditions sp\u00e9cifiques de fonctionnement, la production des joints \u00e9lastom\u00e8res d\u2019IDG se fait suivant la norme DIN ISO 1629.\n<\/td>\n<td style=\"padding-bottom: 20px; width: 280px; vertical-align: top; text-align: justify; border-bottom: 1px solid #58B6FE; border-top-color: white; padding-top: 20px; padding-left: 20px;\">\n\u00a0\n<\/td>\n<\/tr>\n\n\n\n\n<\/tbody><\/table>\n\n\n\n<div style=\"margin-top: 20px; text-align: right; font-size: 12px;\">\n<a href=\"#haut\" style=\"text-decoration: none; color: #AAAAAA;\">Haut de page<\/a>\n<\/div>\n<\/div><\/div>\n<\/div>\n<\/div>\n<\/div>\n<\/div><\/div><\/div><\/div><\/div><\/div><\/div><\/div><!-- cell_inner --><\/div><!-- cell --><\/div><!-- port --><\/section>","protected":false},"excerpt":{"rendered":"","protected":false},"author":1,"featured_media":0,"parent":8,"menu_order":0,"comment_status":"closed","ping_status":"closed","template":"","meta":{"footnotes":""},"class_list":["post-1503","page","type-page","status-publish","hentry"],"yoast_head":"<!-- This site is optimized with the Yoast SEO plugin v27.3 - https:\/\/yoast.com\/product\/yoast-seo-wordpress\/ -->\n<title>FGTI Distribution - Etanch\u00e9it\u00e9 : les groupes et choix de mati\u00e8res<\/title>\n<meta name=\"description\" content=\"Fiche produit IDG par FGTI distribution : \u00e9tanch\u00e9it\u00e9, les groupes et choix de mati\u00e8res\" \/>\n<meta name=\"robots\" content=\"index, follow, max-snippet:-1, max-image-preview:large, max-video-preview:-1\" \/>\n<link rel=\"canonical\" href=\"https:\/\/fgti-distribution.fr\/it\/giunti-di-tenuta\/joints-etancheite-groupes-de-matieres\/\" \/>\n<meta property=\"og:locale\" content=\"it_IT\" \/>\n<meta property=\"og:type\" content=\"article\" \/>\n<meta property=\"og:title\" content=\"FGTI Distribution - Etanch\u00e9it\u00e9 : les groupes et choix de mati\u00e8res\" \/>\n<meta property=\"og:description\" content=\"Fiche produit IDG par FGTI distribution : \u00e9tanch\u00e9it\u00e9, les groupes et choix de mati\u00e8res\" \/>\n<meta property=\"og:url\" content=\"https:\/\/fgti-distribution.fr\/it\/giunti-di-tenuta\/joints-etancheite-groupes-de-matieres\/\" \/>\n<meta property=\"og:site_name\" content=\"FGTI Distribution\" \/>\n<meta property=\"article:modified_time\" content=\"2023-07-05T12:14:09+00:00\" \/>\n<meta name=\"twitter:card\" content=\"summary_large_image\" \/>\n<meta name=\"twitter:label1\" content=\"Est. reading time\" \/>\n\t<meta name=\"twitter:data1\" content=\"1 minuto\" \/>\n<script type=\"application\/ld+json\" class=\"yoast-schema-graph\">{\"@context\":\"https:\\\/\\\/schema.org\",\"@graph\":[{\"@type\":\"WebPage\",\"@id\":\"https:\\\/\\\/fgti-distribution.fr\\\/joints-detancheite\\\/joints-etancheite-groupes-de-matieres\\\/\",\"url\":\"https:\\\/\\\/fgti-distribution.fr\\\/joints-detancheite\\\/joints-etancheite-groupes-de-matieres\\\/\",\"name\":\"FGTI Distribution - Etanch\u00e9it\u00e9 : les groupes et choix de mati\u00e8res\",\"isPartOf\":{\"@id\":\"https:\\\/\\\/fgti-distribution.fr\\\/#website\"},\"datePublished\":\"2012-12-13T17:47:08+00:00\",\"dateModified\":\"2023-07-05T12:14:09+00:00\",\"description\":\"Fiche produit IDG par FGTI distribution : \u00e9tanch\u00e9it\u00e9, les groupes et choix de mati\u00e8res\",\"breadcrumb\":{\"@id\":\"https:\\\/\\\/fgti-distribution.fr\\\/joints-detancheite\\\/joints-etancheite-groupes-de-matieres\\\/#breadcrumb\"},\"inLanguage\":\"it-IT\",\"potentialAction\":[{\"@type\":\"ReadAction\",\"target\":[\"https:\\\/\\\/fgti-distribution.fr\\\/joints-detancheite\\\/joints-etancheite-groupes-de-matieres\\\/\"]}]},{\"@type\":\"BreadcrumbList\",\"@id\":\"https:\\\/\\\/fgti-distribution.fr\\\/joints-detancheite\\\/joints-etancheite-groupes-de-matieres\\\/#breadcrumb\",\"itemListElement\":[{\"@type\":\"ListItem\",\"position\":1,\"name\":\"Home\",\"item\":\"https:\\\/\\\/fgti-distribution.fr\\\/\"},{\"@type\":\"ListItem\",\"position\":2,\"name\":\"Joints d&rsquo;\u00e9tanch\u00e9it\u00e9\",\"item\":\"https:\\\/\\\/fgti-distribution.fr\\\/joints-detancheite\\\/\"},{\"@type\":\"ListItem\",\"position\":3,\"name\":\"Les groupes et choix de mati\u00e8res\"}]},{\"@type\":\"WebSite\",\"@id\":\"https:\\\/\\\/fgti-distribution.fr\\\/#website\",\"url\":\"https:\\\/\\\/fgti-distribution.fr\\\/\",\"name\":\"FGTI Distribution\",\"description\":\"Pi\u00e8ces techniques et services \u00e0 forte valeur ajout\u00e9e\",\"publisher\":{\"@id\":\"https:\\\/\\\/fgti-distribution.fr\\\/#organization\"},\"alternateName\":\"FGTI Distribution\",\"potentialAction\":[{\"@type\":\"SearchAction\",\"target\":{\"@type\":\"EntryPoint\",\"urlTemplate\":\"https:\\\/\\\/fgti-distribution.fr\\\/?s={search_term_string}\"},\"query-input\":{\"@type\":\"PropertyValueSpecification\",\"valueRequired\":true,\"valueName\":\"search_term_string\"}}],\"inLanguage\":\"it-IT\"},{\"@type\":\"Organization\",\"@id\":\"https:\\\/\\\/fgti-distribution.fr\\\/#organization\",\"name\":\"FGTI Distribution\",\"alternateName\":\"FGTI Distribution\",\"url\":\"https:\\\/\\\/fgti-distribution.fr\\\/\",\"logo\":{\"@type\":\"ImageObject\",\"inLanguage\":\"it-IT\",\"@id\":\"https:\\\/\\\/fgti-distribution.fr\\\/#\\\/schema\\\/logo\\\/image\\\/\",\"url\":\"https:\\\/\\\/fgti-distribution.fr\\\/wp-content\\\/uploads\\\/2022\\\/12\\\/logo.png\",\"contentUrl\":\"https:\\\/\\\/fgti-distribution.fr\\\/wp-content\\\/uploads\\\/2022\\\/12\\\/logo.png\",\"width\":500,\"height\":228,\"caption\":\"FGTI Distribution\"},\"image\":{\"@id\":\"https:\\\/\\\/fgti-distribution.fr\\\/#\\\/schema\\\/logo\\\/image\\\/\"},\"sameAs\":[\"https:\\\/\\\/www.linkedin.com\\\/company\\\/fgti-distribution\\\/\"]}]}<\/script>\n<!-- \/ Yoast SEO plugin. -->","yoast_head_json":{"title":"FGTI Distribution - Etanch\u00e9it\u00e9 : les groupes et choix de mati\u00e8res","description":"Fiche produit IDG par FGTI distribution : \u00e9tanch\u00e9it\u00e9, les groupes et choix de mati\u00e8res","robots":{"index":"index","follow":"follow","max-snippet":"max-snippet:-1","max-image-preview":"max-image-preview:large","max-video-preview":"max-video-preview:-1"},"canonical":"https:\/\/fgti-distribution.fr\/it\/giunti-di-tenuta\/joints-etancheite-groupes-de-matieres\/","og_locale":"it_IT","og_type":"article","og_title":"FGTI Distribution - Etanch\u00e9it\u00e9 : les groupes et choix de mati\u00e8res","og_description":"Fiche produit IDG par FGTI distribution : \u00e9tanch\u00e9it\u00e9, les groupes et choix de mati\u00e8res","og_url":"https:\/\/fgti-distribution.fr\/it\/giunti-di-tenuta\/joints-etancheite-groupes-de-matieres\/","og_site_name":"FGTI Distribution","article_modified_time":"2023-07-05T12:14:09+00:00","twitter_card":"summary_large_image","twitter_misc":{"Est. reading time":"1 minuto"},"schema":{"@context":"https:\/\/schema.org","@graph":[{"@type":"WebPage","@id":"https:\/\/fgti-distribution.fr\/joints-detancheite\/joints-etancheite-groupes-de-matieres\/","url":"https:\/\/fgti-distribution.fr\/joints-detancheite\/joints-etancheite-groupes-de-matieres\/","name":"FGTI Distribution - Etanch\u00e9it\u00e9 : les groupes et choix de mati\u00e8res","isPartOf":{"@id":"https:\/\/fgti-distribution.fr\/#website"},"datePublished":"2012-12-13T17:47:08+00:00","dateModified":"2023-07-05T12:14:09+00:00","description":"Fiche produit IDG par FGTI distribution : \u00e9tanch\u00e9it\u00e9, les groupes et choix de mati\u00e8res","breadcrumb":{"@id":"https:\/\/fgti-distribution.fr\/joints-detancheite\/joints-etancheite-groupes-de-matieres\/#breadcrumb"},"inLanguage":"it-IT","potentialAction":[{"@type":"ReadAction","target":["https:\/\/fgti-distribution.fr\/joints-detancheite\/joints-etancheite-groupes-de-matieres\/"]}]},{"@type":"BreadcrumbList","@id":"https:\/\/fgti-distribution.fr\/joints-detancheite\/joints-etancheite-groupes-de-matieres\/#breadcrumb","itemListElement":[{"@type":"ListItem","position":1,"name":"Home","item":"https:\/\/fgti-distribution.fr\/"},{"@type":"ListItem","position":2,"name":"Joints d&rsquo;\u00e9tanch\u00e9it\u00e9","item":"https:\/\/fgti-distribution.fr\/joints-detancheite\/"},{"@type":"ListItem","position":3,"name":"Les groupes et choix de mati\u00e8res"}]},{"@type":"WebSite","@id":"https:\/\/fgti-distribution.fr\/#website","url":"https:\/\/fgti-distribution.fr\/","name":"Distribuzione FGTI","description":"Parti tecniche e servizi ad alto valore aggiunto","publisher":{"@id":"https:\/\/fgti-distribution.fr\/#organization"},"alternateName":"FGTI Distribution","potentialAction":[{"@type":"SearchAction","target":{"@type":"EntryPoint","urlTemplate":"https:\/\/fgti-distribution.fr\/?s={search_term_string}"},"query-input":{"@type":"PropertyValueSpecification","valueRequired":true,"valueName":"search_term_string"}}],"inLanguage":"it-IT"},{"@type":"Organization","@id":"https:\/\/fgti-distribution.fr\/#organization","name":"Distribuzione FGTI","alternateName":"FGTI Distribution","url":"https:\/\/fgti-distribution.fr\/","logo":{"@type":"ImageObject","inLanguage":"it-IT","@id":"https:\/\/fgti-distribution.fr\/#\/schema\/logo\/image\/","url":"https:\/\/fgti-distribution.fr\/wp-content\/uploads\/2022\/12\/logo.png","contentUrl":"https:\/\/fgti-distribution.fr\/wp-content\/uploads\/2022\/12\/logo.png","width":500,"height":228,"caption":"FGTI Distribution"},"image":{"@id":"https:\/\/fgti-distribution.fr\/#\/schema\/logo\/image\/"},"sameAs":["https:\/\/www.linkedin.com\/company\/fgti-distribution\/"]}]}},"_links":{"self":[{"href":"https:\/\/fgti-distribution.fr\/it\/wp-json\/wp\/v2\/pages\/1503","targetHints":{"allow":["GET"]}}],"collection":[{"href":"https:\/\/fgti-distribution.fr\/it\/wp-json\/wp\/v2\/pages"}],"about":[{"href":"https:\/\/fgti-distribution.fr\/it\/wp-json\/wp\/v2\/types\/page"}],"author":[{"embeddable":true,"href":"https:\/\/fgti-distribution.fr\/it\/wp-json\/wp\/v2\/users\/1"}],"replies":[{"embeddable":true,"href":"https:\/\/fgti-distribution.fr\/it\/wp-json\/wp\/v2\/comments?post=1503"}],"version-history":[{"count":7,"href":"https:\/\/fgti-distribution.fr\/it\/wp-json\/wp\/v2\/pages\/1503\/revisions"}],"predecessor-version":[{"id":7996,"href":"https:\/\/fgti-distribution.fr\/it\/wp-json\/wp\/v2\/pages\/1503\/revisions\/7996"}],"up":[{"embeddable":true,"href":"https:\/\/fgti-distribution.fr\/it\/wp-json\/wp\/v2\/pages\/8"}],"wp:attachment":[{"href":"https:\/\/fgti-distribution.fr\/it\/wp-json\/wp\/v2\/media?parent=1503"}],"curies":[{"name":"wp","href":"https:\/\/api.w.org\/{rel}","templated":true}]}}