{"id":1706,"date":"2012-12-18T17:07:13","date_gmt":"2012-12-18T17:07:13","guid":{"rendered":"https:\/\/fgti-distribution.fr\/?page_id=1706"},"modified":"2023-11-15T13:39:18","modified_gmt":"2023-11-15T13:39:18","slug":"rivets-tubulaires-norme-din","status":"publish","type":"page","link":"https:\/\/fgti-distribution.fr\/it\/rivets-tubulaires\/rivets-tubulaires-norme-din\/","title":{"rendered":"Norme DIN 7340"},"content":{"rendered":"<section id=\"bt_bb_section69d0369524a47\" class=\"bt_bb_section bt_bb_layout_boxed_1200\"  data-bt-override-class=\"null\"><div class=\"bt_bb_port\"><div class=\"bt_bb_cell\"><div class=\"bt_bb_cell_inner\"><div class=\"bt_bb_row\"  data-bt-override-class=\"{}\"><div class=\"bt_bb_row_holder\" ><div  class=\"bt_bb_column col-xxl-12 col-xl-12 col-xs-12 col-sm-12 col-md-12 col-lg-12 bt_bb_vertical_align_top bt_bb_align_left bt_bb_padding_normal\" style=\"; --column-width:12;\" data-width=\"12\" data-bt-override-class=\"{}\"><div class=\"bt_bb_column_content\"><div class=\"bt_bb_column_content_inner\"><div class=\"bt_bb_raw_content\"><div id=\"pl-1706\" class=\"panel-layout\">\n<div id=\"pg-1706-0\" class=\"panel-grid panel-no-style\">\n<div id=\"pgc-1706-0-0\" class=\"panel-grid-cell\" data-weight=\"1\">\n<div id=\"panel-1706-0-0-0\" class=\"so-panel widget widget_text panel-first-child panel-last-child\" data-index=\"0\" data-style=\"{\"background_image_attachment\":false,\"background_display\":\"tile\"}\">\n<div class=\"textwidget\">\n<div style=\"color: #bababa; font-size: 12px; padding-bottom: 20px;\">FGTI-Distribution > Rivets tubulaires > Norme DIN<\/div>\n<table style=\"font-size: 12px; border: none;\">\n<tbody>\n<tr>\n<td style=\"font-size: 22px; vertical-align: top; font-weight: bold; border-bottom: 1px solid #58B6FE; border-top-color: white;\" colspan=\"2\">Norme DIN 7340 - rivets creux<\/td>\n<td style=\"text-align: right; border-bottom: 1px solid #58B6FE; border-top-color: white;\"><a href=\"https:\/\/fgti-distribution.fr\/it\/wp-content\/themes\/twentyeleven\/images\/FGTI-Distribution-rivets-tubulaires-normeDIN7340.pdf\/\" target=\"_blank\" rel=\"noopener\"><img decoding=\"async\" src=\"https:\/\/fgti-distribution.fr\/wp-content\/themes\/twentyeleven\/images\/pdficon_large.png\" \/><\/a><\/td>\n<\/tr>\n<tr>\n<td style=\"padding-bottom: 20px; vertical-align: top; text-align: center; border-bottom: 1px solid #58B6FE; border-top-color: white; padding-top: 20px; padding-left: 15px;\" colspan=\"3\"><img decoding=\"async\" style=\"max-width: 100%; padding-bottom: 25px;\" src=\"https:\/\/fgti-distribution.fr\/wp-content\/themes\/twentyeleven\/images\/FGTI-Distribution-normesDIN-rivets-tubulaires.jpg\" \/>\n<img decoding=\"async\" style=\"max-width: 100%; padding-bottom: 25px;\" src=\"https:\/\/fgti-distribution.fr\/wp-content\/themes\/twentyeleven\/images\/FGTI-Distribution-normesDIN-rivets-tubulaires1.jpg\" \/>\n<img decoding=\"async\" style=\"max-width: 100%; padding-bottom: 25px;\" src=\"https:\/\/fgti-distribution.fr\/wp-content\/themes\/twentyeleven\/images\/FGTI-Distribution-normesDIN-rivets-tubulaires5.jpg\" \/>\nD\u00e9signation suivant norme DIN 7340 - Mati\u00e8re - Forme de t\u00eate \u00d8 de tube <span style=\"color: red;\">x<\/span> \u00e9paisseur de paroi <span style=\"color: red;\">x<\/span> longueur<\/td>\n<\/tr>\n<\/tbody>\n<\/table>\n<\/div>\n<\/div>\n<\/div>\n<\/div>\n<\/div><\/div><\/div><\/div><\/div><\/div><\/div><\/div><!-- cell_inner --><\/div><!-- cell --><\/div><!-- port --><\/section>","protected":false},"excerpt":{"rendered":"","protected":false},"author":1,"featured_media":7172,"parent":12,"menu_order":0,"comment_status":"closed","ping_status":"closed","template":"","meta":{"footnotes":""},"class_list":["post-1706","page","type-page","status-publish","has-post-thumbnail","hentry"],"yoast_head":"<!-- This site is optimized with the Yoast SEO plugin v27.3 - https:\/\/yoast.com\/product\/yoast-seo-wordpress\/ -->\n<title>FGTI Distribution - Normes DIN des rivets tubulaires<\/title>\n<meta name=\"description\" content=\"Distributeur Kaiser &amp; Waltermann, FGTI Distribution vous pr\u00e9sente les rivets tubulaires et de pi\u00e8ces de pr\u00e9cision tubulaires selon la norme DIN 7340.\" \/>\n<meta name=\"robots\" content=\"index, follow, max-snippet:-1, max-image-preview:large, max-video-preview:-1\" \/>\n<link rel=\"canonical\" href=\"https:\/\/fgti-distribution.fr\/it\/rivets-tubulaires\/rivets-tubulaires-norme-din\/\" \/>\n<meta property=\"og:locale\" content=\"it_IT\" \/>\n<meta property=\"og:type\" content=\"article\" \/>\n<meta property=\"og:title\" content=\"FGTI Distribution - Normes DIN des rivets tubulaires\" \/>\n<meta property=\"og:description\" content=\"Distributeur Kaiser &amp; Waltermann, FGTI Distribution vous pr\u00e9sente les rivets tubulaires et de pi\u00e8ces de pr\u00e9cision tubulaires selon la norme DIN 7340.\" \/>\n<meta property=\"og:url\" content=\"https:\/\/fgti-distribution.fr\/it\/rivets-tubulaires\/rivets-tubulaires-norme-din\/\" \/>\n<meta property=\"og:site_name\" content=\"FGTI Distribution\" \/>\n<meta property=\"article:modified_time\" content=\"2023-11-15T13:39:18+00:00\" \/>\n<meta property=\"og:image\" content=\"https:\/\/fgti-distribution.fr\/wp-content\/uploads\/2023\/02\/rivets-tubulaires-fgti-distribution.jpg\" \/>\n\t<meta property=\"og:image:width\" content=\"1600\" \/>\n\t<meta property=\"og:image:height\" content=\"430\" \/>\n\t<meta property=\"og:image:type\" content=\"image\/jpeg\" \/>\n<meta name=\"twitter:card\" content=\"summary_large_image\" \/>\n<meta name=\"twitter:label1\" content=\"Est. reading time\" \/>\n\t<meta name=\"twitter:data1\" content=\"1 minuto\" \/>\n<script type=\"application\/ld+json\" class=\"yoast-schema-graph\">{\"@context\":\"https:\\\/\\\/schema.org\",\"@graph\":[{\"@type\":\"WebPage\",\"@id\":\"https:\\\/\\\/fgti-distribution.fr\\\/rivets-tubulaires\\\/rivets-tubulaires-norme-din\\\/\",\"url\":\"https:\\\/\\\/fgti-distribution.fr\\\/rivets-tubulaires\\\/rivets-tubulaires-norme-din\\\/\",\"name\":\"FGTI Distribution - Normes DIN des rivets tubulaires\",\"isPartOf\":{\"@id\":\"https:\\\/\\\/fgti-distribution.fr\\\/#website\"},\"primaryImageOfPage\":{\"@id\":\"https:\\\/\\\/fgti-distribution.fr\\\/rivets-tubulaires\\\/rivets-tubulaires-norme-din\\\/#primaryimage\"},\"image\":{\"@id\":\"https:\\\/\\\/fgti-distribution.fr\\\/rivets-tubulaires\\\/rivets-tubulaires-norme-din\\\/#primaryimage\"},\"thumbnailUrl\":\"https:\\\/\\\/fgti-distribution.fr\\\/wp-content\\\/uploads\\\/2023\\\/02\\\/rivets-tubulaires-fgti-distribution.jpg\",\"datePublished\":\"2012-12-18T17:07:13+00:00\",\"dateModified\":\"2023-11-15T13:39:18+00:00\",\"description\":\"Distributeur Kaiser & Waltermann, FGTI Distribution vous pr\u00e9sente les rivets tubulaires et de pi\u00e8ces de pr\u00e9cision tubulaires selon la norme DIN 7340.\",\"breadcrumb\":{\"@id\":\"https:\\\/\\\/fgti-distribution.fr\\\/rivets-tubulaires\\\/rivets-tubulaires-norme-din\\\/#breadcrumb\"},\"inLanguage\":\"it-IT\",\"potentialAction\":[{\"@type\":\"ReadAction\",\"target\":[\"https:\\\/\\\/fgti-distribution.fr\\\/rivets-tubulaires\\\/rivets-tubulaires-norme-din\\\/\"]}]},{\"@type\":\"ImageObject\",\"inLanguage\":\"it-IT\",\"@id\":\"https:\\\/\\\/fgti-distribution.fr\\\/rivets-tubulaires\\\/rivets-tubulaires-norme-din\\\/#primaryimage\",\"url\":\"https:\\\/\\\/fgti-distribution.fr\\\/wp-content\\\/uploads\\\/2023\\\/02\\\/rivets-tubulaires-fgti-distribution.jpg\",\"contentUrl\":\"https:\\\/\\\/fgti-distribution.fr\\\/wp-content\\\/uploads\\\/2023\\\/02\\\/rivets-tubulaires-fgti-distribution.jpg\",\"width\":1600,\"height\":430,\"caption\":\"rivets tubulaires fgti distribution\"},{\"@type\":\"BreadcrumbList\",\"@id\":\"https:\\\/\\\/fgti-distribution.fr\\\/rivets-tubulaires\\\/rivets-tubulaires-norme-din\\\/#breadcrumb\",\"itemListElement\":[{\"@type\":\"ListItem\",\"position\":1,\"name\":\"Home\",\"item\":\"https:\\\/\\\/fgti-distribution.fr\\\/\"},{\"@type\":\"ListItem\",\"position\":2,\"name\":\"Rivets tubulaires\",\"item\":\"https:\\\/\\\/fgti-distribution.fr\\\/rivets-tubulaires\\\/\"},{\"@type\":\"ListItem\",\"position\":3,\"name\":\"Norme DIN 7340\"}]},{\"@type\":\"WebSite\",\"@id\":\"https:\\\/\\\/fgti-distribution.fr\\\/#website\",\"url\":\"https:\\\/\\\/fgti-distribution.fr\\\/\",\"name\":\"FGTI Distribution\",\"description\":\"Pi\u00e8ces techniques et services \u00e0 forte valeur ajout\u00e9e\",\"publisher\":{\"@id\":\"https:\\\/\\\/fgti-distribution.fr\\\/#organization\"},\"alternateName\":\"FGTI Distribution\",\"potentialAction\":[{\"@type\":\"SearchAction\",\"target\":{\"@type\":\"EntryPoint\",\"urlTemplate\":\"https:\\\/\\\/fgti-distribution.fr\\\/?s={search_term_string}\"},\"query-input\":{\"@type\":\"PropertyValueSpecification\",\"valueRequired\":true,\"valueName\":\"search_term_string\"}}],\"inLanguage\":\"it-IT\"},{\"@type\":\"Organization\",\"@id\":\"https:\\\/\\\/fgti-distribution.fr\\\/#organization\",\"name\":\"FGTI Distribution\",\"alternateName\":\"FGTI Distribution\",\"url\":\"https:\\\/\\\/fgti-distribution.fr\\\/\",\"logo\":{\"@type\":\"ImageObject\",\"inLanguage\":\"it-IT\",\"@id\":\"https:\\\/\\\/fgti-distribution.fr\\\/#\\\/schema\\\/logo\\\/image\\\/\",\"url\":\"https:\\\/\\\/fgti-distribution.fr\\\/wp-content\\\/uploads\\\/2022\\\/12\\\/logo.png\",\"contentUrl\":\"https:\\\/\\\/fgti-distribution.fr\\\/wp-content\\\/uploads\\\/2022\\\/12\\\/logo.png\",\"width\":500,\"height\":228,\"caption\":\"FGTI Distribution\"},\"image\":{\"@id\":\"https:\\\/\\\/fgti-distribution.fr\\\/#\\\/schema\\\/logo\\\/image\\\/\"},\"sameAs\":[\"https:\\\/\\\/www.linkedin.com\\\/company\\\/fgti-distribution\\\/\"]}]}<\/script>\n<!-- \/ Yoast SEO plugin. -->","yoast_head_json":{"title":"FGTI Distribution - Normes DIN des rivets tubulaires","description":"Distributeur Kaiser & Waltermann, FGTI Distribution vous pr\u00e9sente les rivets tubulaires et de pi\u00e8ces de pr\u00e9cision tubulaires selon la norme DIN 7340.","robots":{"index":"index","follow":"follow","max-snippet":"max-snippet:-1","max-image-preview":"max-image-preview:large","max-video-preview":"max-video-preview:-1"},"canonical":"https:\/\/fgti-distribution.fr\/it\/rivets-tubulaires\/rivets-tubulaires-norme-din\/","og_locale":"it_IT","og_type":"article","og_title":"FGTI Distribution - Normes DIN des rivets tubulaires","og_description":"Distributeur Kaiser & Waltermann, FGTI Distribution vous pr\u00e9sente les rivets tubulaires et de pi\u00e8ces de pr\u00e9cision tubulaires selon la norme DIN 7340.","og_url":"https:\/\/fgti-distribution.fr\/it\/rivets-tubulaires\/rivets-tubulaires-norme-din\/","og_site_name":"FGTI Distribution","article_modified_time":"2023-11-15T13:39:18+00:00","og_image":[{"width":1600,"height":430,"url":"https:\/\/fgti-distribution.fr\/wp-content\/uploads\/2023\/02\/rivets-tubulaires-fgti-distribution.jpg","type":"image\/jpeg"}],"twitter_card":"summary_large_image","twitter_misc":{"Est. reading time":"1 minuto"},"schema":{"@context":"https:\/\/schema.org","@graph":[{"@type":"WebPage","@id":"https:\/\/fgti-distribution.fr\/rivets-tubulaires\/rivets-tubulaires-norme-din\/","url":"https:\/\/fgti-distribution.fr\/rivets-tubulaires\/rivets-tubulaires-norme-din\/","name":"FGTI Distribution - Normes DIN des rivets tubulaires","isPartOf":{"@id":"https:\/\/fgti-distribution.fr\/#website"},"primaryImageOfPage":{"@id":"https:\/\/fgti-distribution.fr\/rivets-tubulaires\/rivets-tubulaires-norme-din\/#primaryimage"},"image":{"@id":"https:\/\/fgti-distribution.fr\/rivets-tubulaires\/rivets-tubulaires-norme-din\/#primaryimage"},"thumbnailUrl":"https:\/\/fgti-distribution.fr\/wp-content\/uploads\/2023\/02\/rivets-tubulaires-fgti-distribution.jpg","datePublished":"2012-12-18T17:07:13+00:00","dateModified":"2023-11-15T13:39:18+00:00","description":"Distributeur Kaiser & Waltermann, FGTI Distribution vous pr\u00e9sente les rivets tubulaires et de pi\u00e8ces de pr\u00e9cision tubulaires selon la norme DIN 7340.","breadcrumb":{"@id":"https:\/\/fgti-distribution.fr\/rivets-tubulaires\/rivets-tubulaires-norme-din\/#breadcrumb"},"inLanguage":"it-IT","potentialAction":[{"@type":"ReadAction","target":["https:\/\/fgti-distribution.fr\/rivets-tubulaires\/rivets-tubulaires-norme-din\/"]}]},{"@type":"ImageObject","inLanguage":"it-IT","@id":"https:\/\/fgti-distribution.fr\/rivets-tubulaires\/rivets-tubulaires-norme-din\/#primaryimage","url":"https:\/\/fgti-distribution.fr\/wp-content\/uploads\/2023\/02\/rivets-tubulaires-fgti-distribution.jpg","contentUrl":"https:\/\/fgti-distribution.fr\/wp-content\/uploads\/2023\/02\/rivets-tubulaires-fgti-distribution.jpg","width":1600,"height":430,"caption":"rivets tubulaires fgti distribution"},{"@type":"BreadcrumbList","@id":"https:\/\/fgti-distribution.fr\/rivets-tubulaires\/rivets-tubulaires-norme-din\/#breadcrumb","itemListElement":[{"@type":"ListItem","position":1,"name":"Home","item":"https:\/\/fgti-distribution.fr\/"},{"@type":"ListItem","position":2,"name":"Rivets tubulaires","item":"https:\/\/fgti-distribution.fr\/rivets-tubulaires\/"},{"@type":"ListItem","position":3,"name":"Norme DIN 7340"}]},{"@type":"WebSite","@id":"https:\/\/fgti-distribution.fr\/#website","url":"https:\/\/fgti-distribution.fr\/","name":"Distribuzione FGTI","description":"Parti tecniche e servizi ad alto valore aggiunto","publisher":{"@id":"https:\/\/fgti-distribution.fr\/#organization"},"alternateName":"FGTI Distribution","potentialAction":[{"@type":"SearchAction","target":{"@type":"EntryPoint","urlTemplate":"https:\/\/fgti-distribution.fr\/?s={search_term_string}"},"query-input":{"@type":"PropertyValueSpecification","valueRequired":true,"valueName":"search_term_string"}}],"inLanguage":"it-IT"},{"@type":"Organization","@id":"https:\/\/fgti-distribution.fr\/#organization","name":"Distribuzione FGTI","alternateName":"FGTI Distribution","url":"https:\/\/fgti-distribution.fr\/","logo":{"@type":"ImageObject","inLanguage":"it-IT","@id":"https:\/\/fgti-distribution.fr\/#\/schema\/logo\/image\/","url":"https:\/\/fgti-distribution.fr\/wp-content\/uploads\/2022\/12\/logo.png","contentUrl":"https:\/\/fgti-distribution.fr\/wp-content\/uploads\/2022\/12\/logo.png","width":500,"height":228,"caption":"FGTI Distribution"},"image":{"@id":"https:\/\/fgti-distribution.fr\/#\/schema\/logo\/image\/"},"sameAs":["https:\/\/www.linkedin.com\/company\/fgti-distribution\/"]}]}},"_links":{"self":[{"href":"https:\/\/fgti-distribution.fr\/it\/wp-json\/wp\/v2\/pages\/1706","targetHints":{"allow":["GET"]}}],"collection":[{"href":"https:\/\/fgti-distribution.fr\/it\/wp-json\/wp\/v2\/pages"}],"about":[{"href":"https:\/\/fgti-distribution.fr\/it\/wp-json\/wp\/v2\/types\/page"}],"author":[{"embeddable":true,"href":"https:\/\/fgti-distribution.fr\/it\/wp-json\/wp\/v2\/users\/1"}],"replies":[{"embeddable":true,"href":"https:\/\/fgti-distribution.fr\/it\/wp-json\/wp\/v2\/comments?post=1706"}],"version-history":[{"count":5,"href":"https:\/\/fgti-distribution.fr\/it\/wp-json\/wp\/v2\/pages\/1706\/revisions"}],"predecessor-version":[{"id":8599,"href":"https:\/\/fgti-distribution.fr\/it\/wp-json\/wp\/v2\/pages\/1706\/revisions\/8599"}],"up":[{"embeddable":true,"href":"https:\/\/fgti-distribution.fr\/it\/wp-json\/wp\/v2\/pages\/12"}],"wp:featuredmedia":[{"embeddable":true,"href":"https:\/\/fgti-distribution.fr\/it\/wp-json\/wp\/v2\/media\/7172"}],"wp:attachment":[{"href":"https:\/\/fgti-distribution.fr\/it\/wp-json\/wp\/v2\/media?parent=1706"}],"curies":[{"name":"wp","href":"https:\/\/api.w.org\/{rel}","templated":true}]}}