{"id":1984,"date":"2014-01-12T17:00:08","date_gmt":"2014-01-12T17:00:08","guid":{"rendered":"https:\/\/fgti-distribution.fr\/?page_id=1984"},"modified":"2024-02-05T13:55:33","modified_gmt":"2024-02-05T13:55:33","slug":"lanieres-support-tube-pivotant-a-raymond","status":"publish","type":"page","link":"https:\/\/fgti-distribution.fr\/it\/fixation-araymond\/lanieres-support-tube-pivotant-a-raymond\/","title":{"rendered":"Cinghie con tubo di supporto girevole"},"content":{"rendered":"<section id=\"bt_bb_section69d03c2874982\" class=\"bt_bb_section bt_bb_layout_boxed_1200\"  data-bt-override-class=\"null\"><div class=\"bt_bb_port\"><div class=\"bt_bb_cell\"><div class=\"bt_bb_cell_inner\"><div class=\"bt_bb_row\"  data-bt-override-class=\"{}\"><div class=\"bt_bb_row_holder\" ><div  class=\"bt_bb_column col-xxl-12 col-xl-12 col-xs-12 col-sm-12 col-md-12 col-lg-12 bt_bb_vertical_align_top bt_bb_align_left bt_bb_padding_normal\" style=\"; --column-width:12;\" data-width=\"12\" data-bt-override-class=\"{}\"><div class=\"bt_bb_column_content\"><div class=\"bt_bb_column_content_inner\"><div class=\"bt_bb_raw_content\"><div style=\"color: #BABABA; font-size: 12px; margin-bottom: 20px;\">FGTI-Distribution > Fixations ARaymond > Fiches techniques d\u00e9taill\u00e9es > Lani\u00e8res avec support tube pivotant<\/div>\n<a style=\"border: 0 none;\" href=\"https:\/\/fgti-distribution.fr\/it\/wp-content\/themes\/twentyeleven\/fiches-techniques-raymond\/lanieres-avec-support-tube-pivotant.pdf\/\" target=\"_blank\"><img decoding=\"async\" src=\"https:\/\/fgti-distribution.fr\/wp-content\/themes\/twentyeleven\/images\/pdficon_large.png\" alt=\"\"><\/a>\n<br>\n<p style=\"text-transform: none;\"><span style=\"color: #e82c2e; font-weight: bold; font-size: 20px;\">Lani\u00e8res<\/span> avec support tube pivotant<\/p>\n\n<div style=\"text-align: right; font-size: 10px; padding: 0;\">\n<img decoding=\"async\" src=\"https:\/\/fgti-distribution.fr\/wp-content\/themes\/twentyeleven\/images\/cables-ou-tubes.jpg\" alt=\"lani\u00e8res avec support tube pivotant sur c\u00e2bles ou tubes\"><br>\n<h2 style=\"font-size: 12px;\">Sur c\u00e2bles ou tubes<\/h2>\n<\/div>\n\n\n<img decoding=\"async\" src=\"https:\/\/fgti-distribution.fr\/wp-content\/themes\/twentyeleven\/fiches-techniques-raymond\/lanieres-avec-support-tube-pivotant-FGTI-photo.jpg\" alt=\"photo lani\u00e8res support tube pivotant Raymond\">\n\n<img decoding=\"async\" src=\"https:\/\/fgti-distribution.fr\/wp-content\/themes\/twentyeleven\/fiches-techniques-raymond\/lanieres-avec-support-tube-pivotant-FGTI-schema.jpg\" alt=\"sch\u00e9ma lani\u00e8res avec support tube pivotant Raymond\">\n\n<div style=\"vertical-align: top; text-align: center; font-size: 10px;\">\nToutes les dimensions sont en mm et angles en \u00b0 \/ Autres dimensions et variantes sur demande\n<br>\n<img decoding=\"async\" src=\"https:\/\/fgti-distribution.fr\/wp-content\/themes\/twentyeleven\/fiches-techniques-raymond\/lanieres-avec-support-tube-pivotant-FGTI-tableau.jpg\" alt=\"dimensions lani\u00e8res avec support tube pivotant Raymond\">\n<br><br><br>\n<\/div>\n\n<div style=\"vertical-align: top; text-align: left; font-size: 10px;\">\n<img decoding=\"async\" src=\"https:\/\/fgti-distribution.fr\/wp-content\/themes\/twentyeleven\/fiches-techniques-raymond\/lanieres-avec-support-tube-pivotant-FGTI-info.jpg\" alt=\"info lani\u00e8res avec support tube pivotant Raymond\"><br>\nPour assembler des c\u00e2bles ou tubes dans de multiples directions<br>\nAvec syst\u00e8me pivotant<br>\nAvec syst\u00e8me de r\u00e9-ouverture\n<\/div>\n\n<div style=\"vertical-align: top; font-size: 10px;\">\n<img decoding=\"async\" src=\"https:\/\/fgti-distribution.fr\/wp-content\/themes\/twentyeleven\/fiches-techniques-raymond\/lanieres-avec-support-tube-pivotant-FGTI-complement.jpg\" alt=\"produits compl\u00e9mentaires lani\u00e8res avec support tube pivotant Raymond\">\n<br>\n<a href=\"https:\/\/fgti-distribution.fr\/it\/fissaggio-araymond\/supports-pivotant-a-raymond\/\"><h3 class=\"complement\">Supports tubes 2 voies pivotant<\/h3><\/a>\n<div style=\"width: 80px; display: inline-block; text-align: center; line-height: 15px;\">\u00a0<\/div>\n<div style=\"width: 80px; display: inline-block; text-align: center; line-height: 15px;\">\u00a0<\/div>\n<\/div>\n\n<\/div><\/div><\/div><\/div><\/div><\/div><\/div><!-- cell_inner --><\/div><!-- cell --><\/div><!-- port --><\/section>","protected":false},"excerpt":{"rendered":"","protected":false},"author":1,"featured_media":0,"parent":10,"menu_order":0,"comment_status":"closed","ping_status":"closed","template":"","meta":{"footnotes":""},"class_list":["post-1984","page","type-page","status-publish","hentry"],"yoast_head":"<!-- This site is optimized with the Yoast SEO plugin v27.3 - https:\/\/yoast.com\/product\/yoast-seo-wordpress\/ -->\n<title>Lani\u00e8res avec support tube pivotant FGTI Distribution<\/title>\n<meta name=\"description\" content=\"FGTI Distribution, sp\u00e9cialiste en solutions de fixation et d&#039;assemblage, vous propose la fiche technique d\u00e9taill\u00e9e des lani\u00e8res avec support tube pivotant\" \/>\n<meta name=\"robots\" content=\"index, follow, max-snippet:-1, max-image-preview:large, max-video-preview:-1\" \/>\n<link rel=\"canonical\" href=\"https:\/\/fgti-distribution.fr\/it\/fissaggio-araymond\/lanieres-support-tube-pivotant-a-raymond\/\" \/>\n<meta property=\"og:locale\" content=\"it_IT\" \/>\n<meta property=\"og:type\" content=\"article\" \/>\n<meta property=\"og:title\" content=\"Lani\u00e8res avec support tube pivotant FGTI Distribution\" \/>\n<meta property=\"og:description\" content=\"FGTI Distribution, sp\u00e9cialiste en solutions de fixation et d&#039;assemblage, vous propose la fiche technique d\u00e9taill\u00e9e des lani\u00e8res avec support tube pivotant\" \/>\n<meta property=\"og:url\" content=\"https:\/\/fgti-distribution.fr\/it\/fissaggio-araymond\/lanieres-support-tube-pivotant-a-raymond\/\" \/>\n<meta property=\"og:site_name\" content=\"FGTI Distribution\" \/>\n<meta property=\"article:modified_time\" content=\"2024-02-05T13:55:33+00:00\" \/>\n<meta name=\"twitter:card\" content=\"summary_large_image\" \/>\n<meta name=\"twitter:label1\" content=\"Est. reading time\" \/>\n\t<meta name=\"twitter:data1\" content=\"1 minuto\" \/>\n<script type=\"application\/ld+json\" class=\"yoast-schema-graph\">{\"@context\":\"https:\\\/\\\/schema.org\",\"@graph\":[{\"@type\":\"WebPage\",\"@id\":\"https:\\\/\\\/fgti-distribution.fr\\\/fixation-araymond\\\/lanieres-support-tube-pivotant-a-raymond\\\/\",\"url\":\"https:\\\/\\\/fgti-distribution.fr\\\/fixation-araymond\\\/lanieres-support-tube-pivotant-a-raymond\\\/\",\"name\":\"Lani\u00e8res avec support tube pivotant FGTI Distribution\",\"isPartOf\":{\"@id\":\"https:\\\/\\\/fgti-distribution.fr\\\/#website\"},\"datePublished\":\"2014-01-12T17:00:08+00:00\",\"dateModified\":\"2024-02-05T13:55:33+00:00\",\"description\":\"FGTI Distribution, sp\u00e9cialiste en solutions de fixation et d'assemblage, vous propose la fiche technique d\u00e9taill\u00e9e des lani\u00e8res avec support tube pivotant\",\"breadcrumb\":{\"@id\":\"https:\\\/\\\/fgti-distribution.fr\\\/fixation-araymond\\\/lanieres-support-tube-pivotant-a-raymond\\\/#breadcrumb\"},\"inLanguage\":\"it-IT\",\"potentialAction\":[{\"@type\":\"ReadAction\",\"target\":[\"https:\\\/\\\/fgti-distribution.fr\\\/fixation-araymond\\\/lanieres-support-tube-pivotant-a-raymond\\\/\"]}]},{\"@type\":\"BreadcrumbList\",\"@id\":\"https:\\\/\\\/fgti-distribution.fr\\\/fixation-araymond\\\/lanieres-support-tube-pivotant-a-raymond\\\/#breadcrumb\",\"itemListElement\":[{\"@type\":\"ListItem\",\"position\":1,\"name\":\"Home\",\"item\":\"https:\\\/\\\/fgti-distribution.fr\\\/\"},{\"@type\":\"ListItem\",\"position\":2,\"name\":\"Fixations ARaymond\",\"item\":\"https:\\\/\\\/fgti-distribution.fr\\\/fixation-araymond\\\/\"},{\"@type\":\"ListItem\",\"position\":3,\"name\":\"Lani\u00e8res avec support tube pivotant\"}]},{\"@type\":\"WebSite\",\"@id\":\"https:\\\/\\\/fgti-distribution.fr\\\/#website\",\"url\":\"https:\\\/\\\/fgti-distribution.fr\\\/\",\"name\":\"FGTI Distribution\",\"description\":\"Pi\u00e8ces techniques et services \u00e0 forte valeur ajout\u00e9e\",\"publisher\":{\"@id\":\"https:\\\/\\\/fgti-distribution.fr\\\/#organization\"},\"alternateName\":\"FGTI Distribution\",\"potentialAction\":[{\"@type\":\"SearchAction\",\"target\":{\"@type\":\"EntryPoint\",\"urlTemplate\":\"https:\\\/\\\/fgti-distribution.fr\\\/?s={search_term_string}\"},\"query-input\":{\"@type\":\"PropertyValueSpecification\",\"valueRequired\":true,\"valueName\":\"search_term_string\"}}],\"inLanguage\":\"it-IT\"},{\"@type\":\"Organization\",\"@id\":\"https:\\\/\\\/fgti-distribution.fr\\\/#organization\",\"name\":\"FGTI Distribution\",\"alternateName\":\"FGTI Distribution\",\"url\":\"https:\\\/\\\/fgti-distribution.fr\\\/\",\"logo\":{\"@type\":\"ImageObject\",\"inLanguage\":\"it-IT\",\"@id\":\"https:\\\/\\\/fgti-distribution.fr\\\/#\\\/schema\\\/logo\\\/image\\\/\",\"url\":\"https:\\\/\\\/fgti-distribution.fr\\\/wp-content\\\/uploads\\\/2022\\\/12\\\/logo.png\",\"contentUrl\":\"https:\\\/\\\/fgti-distribution.fr\\\/wp-content\\\/uploads\\\/2022\\\/12\\\/logo.png\",\"width\":500,\"height\":228,\"caption\":\"FGTI Distribution\"},\"image\":{\"@id\":\"https:\\\/\\\/fgti-distribution.fr\\\/#\\\/schema\\\/logo\\\/image\\\/\"},\"sameAs\":[\"https:\\\/\\\/www.linkedin.com\\\/company\\\/fgti-distribution\\\/\"]}]}<\/script>\n<!-- \/ Yoast SEO plugin. -->","yoast_head_json":{"title":"Lani\u00e8res avec support tube pivotant FGTI Distribution","description":"FGTI Distribution, sp\u00e9cialiste en solutions de fixation et d'assemblage, vous propose la fiche technique d\u00e9taill\u00e9e des lani\u00e8res avec support tube pivotant","robots":{"index":"index","follow":"follow","max-snippet":"max-snippet:-1","max-image-preview":"max-image-preview:large","max-video-preview":"max-video-preview:-1"},"canonical":"https:\/\/fgti-distribution.fr\/it\/fissaggio-araymond\/lanieres-support-tube-pivotant-a-raymond\/","og_locale":"it_IT","og_type":"article","og_title":"Lani\u00e8res avec support tube pivotant FGTI Distribution","og_description":"FGTI Distribution, sp\u00e9cialiste en solutions de fixation et d'assemblage, vous propose la fiche technique d\u00e9taill\u00e9e des lani\u00e8res avec support tube pivotant","og_url":"https:\/\/fgti-distribution.fr\/it\/fissaggio-araymond\/lanieres-support-tube-pivotant-a-raymond\/","og_site_name":"FGTI Distribution","article_modified_time":"2024-02-05T13:55:33+00:00","twitter_card":"summary_large_image","twitter_misc":{"Est. reading time":"1 minuto"},"schema":{"@context":"https:\/\/schema.org","@graph":[{"@type":"WebPage","@id":"https:\/\/fgti-distribution.fr\/fixation-araymond\/lanieres-support-tube-pivotant-a-raymond\/","url":"https:\/\/fgti-distribution.fr\/fixation-araymond\/lanieres-support-tube-pivotant-a-raymond\/","name":"Lani\u00e8res avec support tube pivotant FGTI Distribution","isPartOf":{"@id":"https:\/\/fgti-distribution.fr\/#website"},"datePublished":"2014-01-12T17:00:08+00:00","dateModified":"2024-02-05T13:55:33+00:00","description":"FGTI Distribution, sp\u00e9cialiste en solutions de fixation et d'assemblage, vous propose la fiche technique d\u00e9taill\u00e9e des lani\u00e8res avec support tube pivotant","breadcrumb":{"@id":"https:\/\/fgti-distribution.fr\/fixation-araymond\/lanieres-support-tube-pivotant-a-raymond\/#breadcrumb"},"inLanguage":"it-IT","potentialAction":[{"@type":"ReadAction","target":["https:\/\/fgti-distribution.fr\/fixation-araymond\/lanieres-support-tube-pivotant-a-raymond\/"]}]},{"@type":"BreadcrumbList","@id":"https:\/\/fgti-distribution.fr\/fixation-araymond\/lanieres-support-tube-pivotant-a-raymond\/#breadcrumb","itemListElement":[{"@type":"ListItem","position":1,"name":"Home","item":"https:\/\/fgti-distribution.fr\/"},{"@type":"ListItem","position":2,"name":"Fixations ARaymond","item":"https:\/\/fgti-distribution.fr\/fixation-araymond\/"},{"@type":"ListItem","position":3,"name":"Lani\u00e8res avec support tube pivotant"}]},{"@type":"WebSite","@id":"https:\/\/fgti-distribution.fr\/#website","url":"https:\/\/fgti-distribution.fr\/","name":"Distribuzione FGTI","description":"Parti tecniche e servizi ad alto valore aggiunto","publisher":{"@id":"https:\/\/fgti-distribution.fr\/#organization"},"alternateName":"FGTI Distribution","potentialAction":[{"@type":"SearchAction","target":{"@type":"EntryPoint","urlTemplate":"https:\/\/fgti-distribution.fr\/?s={search_term_string}"},"query-input":{"@type":"PropertyValueSpecification","valueRequired":true,"valueName":"search_term_string"}}],"inLanguage":"it-IT"},{"@type":"Organization","@id":"https:\/\/fgti-distribution.fr\/#organization","name":"Distribuzione FGTI","alternateName":"FGTI Distribution","url":"https:\/\/fgti-distribution.fr\/","logo":{"@type":"ImageObject","inLanguage":"it-IT","@id":"https:\/\/fgti-distribution.fr\/#\/schema\/logo\/image\/","url":"https:\/\/fgti-distribution.fr\/wp-content\/uploads\/2022\/12\/logo.png","contentUrl":"https:\/\/fgti-distribution.fr\/wp-content\/uploads\/2022\/12\/logo.png","width":500,"height":228,"caption":"FGTI Distribution"},"image":{"@id":"https:\/\/fgti-distribution.fr\/#\/schema\/logo\/image\/"},"sameAs":["https:\/\/www.linkedin.com\/company\/fgti-distribution\/"]}]}},"_links":{"self":[{"href":"https:\/\/fgti-distribution.fr\/it\/wp-json\/wp\/v2\/pages\/1984","targetHints":{"allow":["GET"]}}],"collection":[{"href":"https:\/\/fgti-distribution.fr\/it\/wp-json\/wp\/v2\/pages"}],"about":[{"href":"https:\/\/fgti-distribution.fr\/it\/wp-json\/wp\/v2\/types\/page"}],"author":[{"embeddable":true,"href":"https:\/\/fgti-distribution.fr\/it\/wp-json\/wp\/v2\/users\/1"}],"replies":[{"embeddable":true,"href":"https:\/\/fgti-distribution.fr\/it\/wp-json\/wp\/v2\/comments?post=1984"}],"version-history":[{"count":4,"href":"https:\/\/fgti-distribution.fr\/it\/wp-json\/wp\/v2\/pages\/1984\/revisions"}],"predecessor-version":[{"id":9098,"href":"https:\/\/fgti-distribution.fr\/it\/wp-json\/wp\/v2\/pages\/1984\/revisions\/9098"}],"up":[{"embeddable":true,"href":"https:\/\/fgti-distribution.fr\/it\/wp-json\/wp\/v2\/pages\/10"}],"wp:attachment":[{"href":"https:\/\/fgti-distribution.fr\/it\/wp-json\/wp\/v2\/media?parent=1984"}],"curies":[{"name":"wp","href":"https:\/\/api.w.org\/{rel}","templated":true}]}}