{"id":2059,"date":"2014-01-12T19:11:36","date_gmt":"2014-01-12T19:11:36","guid":{"rendered":"https:\/\/fgti-distribution.fr\/?page_id=2059"},"modified":"2024-02-02T17:17:44","modified_gmt":"2024-02-02T17:17:44","slug":"supports-tubes-trou-simple-pivotant-a-raymond","status":"publish","type":"page","link":"https:\/\/fgti-distribution.fr\/it\/fixation-araymond\/supports-tubes-trou-simple-pivotant-a-raymond\/","title":{"rendered":"Tubo di supporto a clip in un foro girevole singolo"},"content":{"rendered":"<section data-bb-version=\"4.7.6\" id=\"bt_bb_section69d036f262b62\" class=\"bt_bb_section bt_bb_layout_boxed_1200\"  data-bt-override-class=\"null\"><div class=\"bt_bb_port\"><div class=\"bt_bb_cell\"><div class=\"bt_bb_cell_inner\"><div class=\"bt_bb_row\"  data-bt-override-class=\"{}\"><div class=\"bt_bb_row_holder\" ><div data-bb-version=\"4.7.6\"  class=\"bt_bb_column col-xxl-12 col-xl-12 col-xs-12 col-sm-12 col-md-12 col-lg-12 bt_bb_vertical_align_top bt_bb_align_left bt_bb_padding_normal\" style=\"; --column-width:12;\" data-width=\"12\" data-bt-override-class=\"{}\"><div class=\"bt_bb_column_content\"><div class=\"bt_bb_column_content_inner\"><div class=\"bt_bb_raw_content\"><div style=\"color: #bababa; font-size: 12px; margin-bottom: 20px;\">FGTI-Distribution &gt; Fixations ARaymond &gt; Fiches techniques d\u00e9taill\u00e9es &gt; Supports tubes plastique &gt; Supports tubes \u00e0 clipper dans un trou simple pivotant<\/div>\n<table style=\"border: 0 none;\">\n<tbody>\n<tr>\n<td style=\"vertical-align: top;\"><a style=\"border: 0 none;\" href=\"https:\/\/fgti-distribution.fr\/it\/wp-content\/themes\/twentyeleven\/fiches-techniques-raymond\/supports-tubes-trou-simple-pivotant.pdf\/\" target=\"_blank\" rel=\"noopener\"><img decoding=\"async\" src=\"https:\/\/fgti-distribution.fr\/wp-content\/themes\/twentyeleven\/images\/pdficon_large.png\" \/><\/a><\/td>\n<td style=\"text-align: left; vertical-align: top;\">\n<h1 style=\"text-transform: none;\"><span style=\"color: #e82c2e; font-weight: bold; font-size: 20px;\">Supports tubes<\/span>\nSupport tube \u00e0 clipper dans un trou simple \/ pivotant<\/h1>\n<\/td>\n<td style=\"text-align: right; font-size: 10px; padding: 0 40px;\"><img decoding=\"async\" src=\"https:\/\/fgti-distribution.fr\/wp-content\/themes\/twentyeleven\/images\/dans-trou.jpg\" alt=\"support tube \u00e0 clipper dans un trou\" \/>\n<h2 style=\"font-size: 10px;\">Dans un trou<\/h2>\n<\/td>\n<\/tr>\n<tr>\n<td style=\"vertical-align: top;\" colspan=\"2\"><img decoding=\"async\" src=\"https:\/\/fgti-distribution.fr\/wp-content\/themes\/twentyeleven\/fiches-techniques-raymond\/supports-tubes-trou-simple-pivotant-FGTI-photo.jpg\" alt=\"photo support tube \u00e0 clipper dans un trou simple pivotant Raymond\" \/><\/td>\n<td style=\"vertical-align: top;\"><img decoding=\"async\" src=\"https:\/\/fgti-distribution.fr\/wp-content\/themes\/twentyeleven\/fiches-techniques-raymond\/supports-tubes-trou-simple-pivotant-FGTI-schema.jpg\" alt=\"sch\u00e9ma support tube \u00e0 clipper dans un trou simple pivotant Raymond\" \/><\/td>\n<\/tr>\n<tr>\n<td style=\"vertical-align: top; text-align: center; font-size: 10px;\" colspan=\"3\">\n<h3>Dimensions - Support tube \u00e0 clipper dans un trou simple pivotant<\/h3>\nToutes les dimensions sont en mm et angles en \u00b0 \/ Autres dimensions et variantes sur demande\n<img decoding=\"async\" src=\"https:\/\/fgti-distribution.fr\/wp-content\/themes\/twentyeleven\/fiches-techniques-raymond\/supports-tubes-trou-simple-pivotant-FGTI-tableau.jpg\" alt=\"dimensions support tube \u00e0 clipper dans un trou simple pivotant Raymond\" \/><\/td>\n<\/tr>\n<tr>\n<td style=\"vertical-align: top; text-align: left; font-size: 10px;\" colspan=\"3\"><img decoding=\"async\" src=\"https:\/\/fgti-distribution.fr\/wp-content\/themes\/twentyeleven\/fiches-techniques-raymond\/supports-tubes-trou-simple-pivotant-FGTI-info.jpg\" alt=\"info supports tubes \u00e0 clipper dans un trou simple pivotant Raymond\" \/>\n- Pour fixer un c\u00e2ble\/tube sur un panneau perc\u00e9\n- Avec diff\u00e9rents syst\u00e8mes d\u2019ancrage adaptables \u00e0 diff\u00e9rentes \u00e9paisseurs de panneaux\n- Fonction pivotante<\/td>\n<\/tr>\n<\/tbody>\n<\/table><\/div><\/div><\/div><\/div><\/div><\/div><\/div><!-- cell_inner --><\/div><!-- cell --><\/div><!-- port --><\/section>","protected":false},"excerpt":{"rendered":"","protected":false},"author":1,"featured_media":0,"parent":10,"menu_order":0,"comment_status":"closed","ping_status":"closed","template":"","meta":{"footnotes":""},"class_list":["post-2059","page","type-page","status-publish","hentry"],"yoast_head":"<!-- This site is optimized with the Yoast SEO plugin v27.3 - https:\/\/yoast.com\/product\/yoast-seo-wordpress\/ -->\n<title>Support tube \u00e0 clipper dans un trou simple pivotant A Raymond<\/title>\n<meta name=\"description\" content=\"FGTI Distribution vous propose la fiche technique du support tube \u00e0 clipper dans un trou simple pivotant A Raymond. N&#039;h\u00e9sitez pas \u00e0 nous contacter.\" \/>\n<meta name=\"robots\" content=\"index, follow, max-snippet:-1, max-image-preview:large, max-video-preview:-1\" \/>\n<link rel=\"canonical\" href=\"https:\/\/fgti-distribution.fr\/it\/fissaggio-araymond\/supports-tubes-trou-simple-pivotant-a-raymond\/\" \/>\n<meta property=\"og:locale\" content=\"it_IT\" \/>\n<meta property=\"og:type\" content=\"article\" \/>\n<meta property=\"og:title\" content=\"Support tube \u00e0 clipper dans un trou simple pivotant A Raymond\" \/>\n<meta property=\"og:description\" content=\"FGTI Distribution vous propose la fiche technique du support tube \u00e0 clipper dans un trou simple pivotant A Raymond. N&#039;h\u00e9sitez pas \u00e0 nous contacter.\" \/>\n<meta property=\"og:url\" content=\"https:\/\/fgti-distribution.fr\/it\/fissaggio-araymond\/supports-tubes-trou-simple-pivotant-a-raymond\/\" \/>\n<meta property=\"og:site_name\" content=\"FGTI Distribution\" \/>\n<meta property=\"article:modified_time\" content=\"2024-02-02T17:17:44+00:00\" \/>\n<meta name=\"twitter:card\" content=\"summary_large_image\" \/>\n<meta name=\"twitter:label1\" content=\"Est. reading time\" \/>\n\t<meta name=\"twitter:data1\" content=\"2 minuti\" \/>\n<script type=\"application\/ld+json\" class=\"yoast-schema-graph\">{\"@context\":\"https:\\\/\\\/schema.org\",\"@graph\":[{\"@type\":\"WebPage\",\"@id\":\"https:\\\/\\\/fgti-distribution.fr\\\/fixation-araymond\\\/supports-tubes-trou-simple-pivotant-a-raymond\\\/\",\"url\":\"https:\\\/\\\/fgti-distribution.fr\\\/fixation-araymond\\\/supports-tubes-trou-simple-pivotant-a-raymond\\\/\",\"name\":\"Support tube \u00e0 clipper dans un trou simple pivotant A Raymond\",\"isPartOf\":{\"@id\":\"https:\\\/\\\/fgti-distribution.fr\\\/#website\"},\"datePublished\":\"2014-01-12T19:11:36+00:00\",\"dateModified\":\"2024-02-02T17:17:44+00:00\",\"description\":\"FGTI Distribution vous propose la fiche technique du support tube \u00e0 clipper dans un trou simple pivotant A Raymond. N'h\u00e9sitez pas \u00e0 nous contacter.\",\"breadcrumb\":{\"@id\":\"https:\\\/\\\/fgti-distribution.fr\\\/fixation-araymond\\\/supports-tubes-trou-simple-pivotant-a-raymond\\\/#breadcrumb\"},\"inLanguage\":\"it-IT\",\"potentialAction\":[{\"@type\":\"ReadAction\",\"target\":[\"https:\\\/\\\/fgti-distribution.fr\\\/fixation-araymond\\\/supports-tubes-trou-simple-pivotant-a-raymond\\\/\"]}]},{\"@type\":\"BreadcrumbList\",\"@id\":\"https:\\\/\\\/fgti-distribution.fr\\\/fixation-araymond\\\/supports-tubes-trou-simple-pivotant-a-raymond\\\/#breadcrumb\",\"itemListElement\":[{\"@type\":\"ListItem\",\"position\":1,\"name\":\"Home\",\"item\":\"https:\\\/\\\/fgti-distribution.fr\\\/\"},{\"@type\":\"ListItem\",\"position\":2,\"name\":\"Fixations ARaymond\",\"item\":\"https:\\\/\\\/fgti-distribution.fr\\\/fixation-araymond\\\/\"},{\"@type\":\"ListItem\",\"position\":3,\"name\":\"Support tube \u00e0 clipper dans un trou simple pivotant\"}]},{\"@type\":\"WebSite\",\"@id\":\"https:\\\/\\\/fgti-distribution.fr\\\/#website\",\"url\":\"https:\\\/\\\/fgti-distribution.fr\\\/\",\"name\":\"FGTI Distribution\",\"description\":\"Pi\u00e8ces techniques et services \u00e0 forte valeur ajout\u00e9e\",\"publisher\":{\"@id\":\"https:\\\/\\\/fgti-distribution.fr\\\/#organization\"},\"alternateName\":\"FGTI Distribution\",\"potentialAction\":[{\"@type\":\"SearchAction\",\"target\":{\"@type\":\"EntryPoint\",\"urlTemplate\":\"https:\\\/\\\/fgti-distribution.fr\\\/?s={search_term_string}\"},\"query-input\":{\"@type\":\"PropertyValueSpecification\",\"valueRequired\":true,\"valueName\":\"search_term_string\"}}],\"inLanguage\":\"it-IT\"},{\"@type\":\"Organization\",\"@id\":\"https:\\\/\\\/fgti-distribution.fr\\\/#organization\",\"name\":\"FGTI Distribution\",\"alternateName\":\"FGTI Distribution\",\"url\":\"https:\\\/\\\/fgti-distribution.fr\\\/\",\"logo\":{\"@type\":\"ImageObject\",\"inLanguage\":\"it-IT\",\"@id\":\"https:\\\/\\\/fgti-distribution.fr\\\/#\\\/schema\\\/logo\\\/image\\\/\",\"url\":\"https:\\\/\\\/fgti-distribution.fr\\\/wp-content\\\/uploads\\\/2022\\\/12\\\/logo.png\",\"contentUrl\":\"https:\\\/\\\/fgti-distribution.fr\\\/wp-content\\\/uploads\\\/2022\\\/12\\\/logo.png\",\"width\":500,\"height\":228,\"caption\":\"FGTI Distribution\"},\"image\":{\"@id\":\"https:\\\/\\\/fgti-distribution.fr\\\/#\\\/schema\\\/logo\\\/image\\\/\"},\"sameAs\":[\"https:\\\/\\\/www.linkedin.com\\\/company\\\/fgti-distribution\\\/\"]}]}<\/script>\n<!-- \/ Yoast SEO plugin. -->","yoast_head_json":{"title":"Support tube \u00e0 clipper dans un trou simple pivotant A Raymond","description":"FGTI Distribution vous propose la fiche technique du support tube \u00e0 clipper dans un trou simple pivotant A Raymond. N'h\u00e9sitez pas \u00e0 nous contacter.","robots":{"index":"index","follow":"follow","max-snippet":"max-snippet:-1","max-image-preview":"max-image-preview:large","max-video-preview":"max-video-preview:-1"},"canonical":"https:\/\/fgti-distribution.fr\/it\/fissaggio-araymond\/supports-tubes-trou-simple-pivotant-a-raymond\/","og_locale":"it_IT","og_type":"article","og_title":"Support tube \u00e0 clipper dans un trou simple pivotant A Raymond","og_description":"FGTI Distribution vous propose la fiche technique du support tube \u00e0 clipper dans un trou simple pivotant A Raymond. N'h\u00e9sitez pas \u00e0 nous contacter.","og_url":"https:\/\/fgti-distribution.fr\/it\/fissaggio-araymond\/supports-tubes-trou-simple-pivotant-a-raymond\/","og_site_name":"FGTI Distribution","article_modified_time":"2024-02-02T17:17:44+00:00","twitter_card":"summary_large_image","twitter_misc":{"Est. reading time":"2 minuti"},"schema":{"@context":"https:\/\/schema.org","@graph":[{"@type":"WebPage","@id":"https:\/\/fgti-distribution.fr\/fixation-araymond\/supports-tubes-trou-simple-pivotant-a-raymond\/","url":"https:\/\/fgti-distribution.fr\/fixation-araymond\/supports-tubes-trou-simple-pivotant-a-raymond\/","name":"Support tube \u00e0 clipper dans un trou simple pivotant A Raymond","isPartOf":{"@id":"https:\/\/fgti-distribution.fr\/#website"},"datePublished":"2014-01-12T19:11:36+00:00","dateModified":"2024-02-02T17:17:44+00:00","description":"FGTI Distribution vous propose la fiche technique du support tube \u00e0 clipper dans un trou simple pivotant A Raymond. N'h\u00e9sitez pas \u00e0 nous contacter.","breadcrumb":{"@id":"https:\/\/fgti-distribution.fr\/fixation-araymond\/supports-tubes-trou-simple-pivotant-a-raymond\/#breadcrumb"},"inLanguage":"it-IT","potentialAction":[{"@type":"ReadAction","target":["https:\/\/fgti-distribution.fr\/fixation-araymond\/supports-tubes-trou-simple-pivotant-a-raymond\/"]}]},{"@type":"BreadcrumbList","@id":"https:\/\/fgti-distribution.fr\/fixation-araymond\/supports-tubes-trou-simple-pivotant-a-raymond\/#breadcrumb","itemListElement":[{"@type":"ListItem","position":1,"name":"Home","item":"https:\/\/fgti-distribution.fr\/"},{"@type":"ListItem","position":2,"name":"Fixations ARaymond","item":"https:\/\/fgti-distribution.fr\/fixation-araymond\/"},{"@type":"ListItem","position":3,"name":"Support tube \u00e0 clipper dans un trou simple pivotant"}]},{"@type":"WebSite","@id":"https:\/\/fgti-distribution.fr\/#website","url":"https:\/\/fgti-distribution.fr\/","name":"Distribuzione FGTI","description":"Parti tecniche e servizi ad alto valore aggiunto","publisher":{"@id":"https:\/\/fgti-distribution.fr\/#organization"},"alternateName":"FGTI Distribution","potentialAction":[{"@type":"SearchAction","target":{"@type":"EntryPoint","urlTemplate":"https:\/\/fgti-distribution.fr\/?s={search_term_string}"},"query-input":{"@type":"PropertyValueSpecification","valueRequired":true,"valueName":"search_term_string"}}],"inLanguage":"it-IT"},{"@type":"Organization","@id":"https:\/\/fgti-distribution.fr\/#organization","name":"Distribuzione FGTI","alternateName":"FGTI Distribution","url":"https:\/\/fgti-distribution.fr\/","logo":{"@type":"ImageObject","inLanguage":"it-IT","@id":"https:\/\/fgti-distribution.fr\/#\/schema\/logo\/image\/","url":"https:\/\/fgti-distribution.fr\/wp-content\/uploads\/2022\/12\/logo.png","contentUrl":"https:\/\/fgti-distribution.fr\/wp-content\/uploads\/2022\/12\/logo.png","width":500,"height":228,"caption":"FGTI Distribution"},"image":{"@id":"https:\/\/fgti-distribution.fr\/#\/schema\/logo\/image\/"},"sameAs":["https:\/\/www.linkedin.com\/company\/fgti-distribution\/"]}]}},"_links":{"self":[{"href":"https:\/\/fgti-distribution.fr\/it\/wp-json\/wp\/v2\/pages\/2059","targetHints":{"allow":["GET"]}}],"collection":[{"href":"https:\/\/fgti-distribution.fr\/it\/wp-json\/wp\/v2\/pages"}],"about":[{"href":"https:\/\/fgti-distribution.fr\/it\/wp-json\/wp\/v2\/types\/page"}],"author":[{"embeddable":true,"href":"https:\/\/fgti-distribution.fr\/it\/wp-json\/wp\/v2\/users\/1"}],"replies":[{"embeddable":true,"href":"https:\/\/fgti-distribution.fr\/it\/wp-json\/wp\/v2\/comments?post=2059"}],"version-history":[{"count":2,"href":"https:\/\/fgti-distribution.fr\/it\/wp-json\/wp\/v2\/pages\/2059\/revisions"}],"predecessor-version":[{"id":9077,"href":"https:\/\/fgti-distribution.fr\/it\/wp-json\/wp\/v2\/pages\/2059\/revisions\/9077"}],"up":[{"embeddable":true,"href":"https:\/\/fgti-distribution.fr\/it\/wp-json\/wp\/v2\/pages\/10"}],"wp:attachment":[{"href":"https:\/\/fgti-distribution.fr\/it\/wp-json\/wp\/v2\/media?parent=2059"}],"curies":[{"name":"wp","href":"https:\/\/api.w.org\/{rel}","templated":true}]}}