{"id":2127,"date":"2014-01-13T11:21:45","date_gmt":"2014-01-13T11:21:45","guid":{"rendered":"https:\/\/fgti-distribution.fr\/?page_id=2127"},"modified":"2023-02-15T17:41:00","modified_gmt":"2023-02-15T17:41:00","slug":"adaptateurs-lanieres-supports-tubes-raymond","status":"publish","type":"page","link":"https:\/\/fgti-distribution.fr\/it\/fixation-araymond\/adaptateurs-lanieres-supports-tubes-raymond\/","title":{"rendered":"Adaptateur pour lani\u00e8re ou support tube A Raymond"},"content":{"rendered":"<section id=\"bt_bb_section69d0368cad0ec\" class=\"bt_bb_section bt_bb_layout_boxed_1200\"  data-bt-override-class=\"null\"><div class=\"bt_bb_port\"><div class=\"bt_bb_cell\"><div class=\"bt_bb_cell_inner\"><div class=\"bt_bb_row\"  data-bt-override-class=\"{}\"><div class=\"bt_bb_row_holder\" ><div  class=\"bt_bb_column col-xxl-12 col-xl-12 col-xs-12 col-sm-12 col-md-12 col-lg-12 bt_bb_vertical_align_top bt_bb_align_left bt_bb_padding_normal\" style=\"; --column-width:12;\" data-width=\"12\" data-bt-override-class=\"{}\"><div class=\"bt_bb_column_content\"><div class=\"bt_bb_column_content_inner\"><div class=\"bt_bb_raw_content\"><div class=\"textwidget\">\n<div style=\"color: #bababa; font-size: 12px; margin-bottom: 20px;\">FGTI-Distribution &gt; Fixations ARaymond &gt; Fiches techniques d\u00e9taill\u00e9es &gt; Adaptateurs pour lani\u00e8res et supports tubes<\/div>\n<p>FGTI Distribution, sp\u00e9cialiste en solutions de fixation et assemblage et distributeur officiel de la marque ARaymond : nous vous proposons ci-dessous les fiches techniques d\u00e9taill\u00e9es des adaptateurs pour lani\u00e8res et supports tubes A Raymond<\/p>\n<p>&nbsp;<\/p>\n<div style=\"text-align: center; text-transform: uppercase; border: 0 none; color: white; background-color: #888888; padding: 5px; width: 100%;\">Adaptateur pour lani\u00e8re ou support tube<p><\/p>\n<h2 style=\"text-transform: none;\">Adaptateur pour lani\u00e8re bords de panneaux ou \u00e0 pressionner dans un trou.<\/h2>\n<h3 style=\"color: #172983; text-transform: none; font-size: 16px; font-weight: bold; line-height: 10px;\">Adaptateur pour support tube bords de panneaux ou \u00e0 pressionner dans un trou.<\/h3>\n<\/div>\n<p>&nbsp;<\/p>\n<\/div><\/div><\/div><\/div><\/div><\/div><\/div><div class=\"bt_bb_row\"  data-bt-override-class=\"{}\"><div class=\"bt_bb_row_holder\" ><div  class=\"bt_bb_column col-xxl-4 col-xl-4 col-xs-12 col-sm-12 col-md-12 col-lg-4 bt_bb_vertical_align_top bt_bb_align_left bt_bb_padding_normal\" style=\"; --column-width:4;\" data-width=\"4\" data-bt-override-class=\"{}\"><div class=\"bt_bb_column_content\"><div class=\"bt_bb_column_content_inner\"><div class=\"bt_bb_raw_content\"><a href=\"\/it\/fissaggio-araymond\/adaptateur-laniere-a-pressionner-trou\/\">\n<img decoding=\"async\" src=\"\/wp-content\/img\/adaptateurs-raymond-lanieres-a-pressionner-trou.jpg\" alt=\"Adaptateur \u00e0 pressionner dans un trou pour lani\u00e8re\" style=\"padding: 0 40px; width: 100%;\">\n<\/a>\n<p style=\"text-align: center;\"><strong>Adaptateur \u00e0 pressionner dans un trou pour lani\u00e8re<\/strong><\/p>\n<\/div><div class=\"bt_bb_separator bt_bb_top_spacing_normal bt_bb_bottom_spacing_no_spacing bt_bb_border_style_none\" data-bt-override-class=\"{&quot;bt_bb_top_spacing_&quot;:{&quot;current_class&quot;:&quot;bt_bb_top_spacing_normal&quot;,&quot;def&quot;:&quot;normal&quot;,&quot;xl&quot;:&quot;normal&quot;},&quot;bt_bb_bottom_spacing_&quot;:{&quot;current_class&quot;:&quot;bt_bb_bottom_spacing_no_spacing&quot;,&quot;def&quot;:&quot;no_spacing&quot;,&quot;xl&quot;:&quot;no_spacing&quot;}}\"><\/div><div class=\"bt_bb_raw_content\"><a href=\"\/it\/fissaggio-araymond\/adaptateurs-a-monter-bords-panneaux-tubes-paralleles\/\">\n<img decoding=\"async\" src=\"\/wp-content\/img\/adaptateurs-a-monter-bords-panneaux-tubes-paralleles.jpg\" alt=\"Adaptateur \u00e0 monter en bords de panneaux pour support tube \/ Avec tube parall\u00e8le au panneau\" style=\"padding: 0 40px; width: 100%;\">\n<\/a>\n<p style=\"text-align: center;\"><strong>Adaptateur \u00e0 monter en bords de panneaux pour support tube \/ Avec tube parall\u00e8le au panneau<\/strong><\/p>\n<\/div><\/div><\/div><\/div><div  class=\"bt_bb_column col-xxl-4 col-xl-4 col-xs-12 col-sm-12 col-md-12 col-lg-4 bt_bb_vertical_align_top bt_bb_align_left bt_bb_padding_normal\" style=\"; --column-width:4;\" data-width=\"4\" data-bt-override-class=\"{}\"><div class=\"bt_bb_column_content\"><div class=\"bt_bb_column_content_inner\"><div class=\"bt_bb_raw_content\"><a href=\"\/it\/fissaggio-araymond\/adaptateurs-raymond-lanieres-a-monter-bords-panneaux\/\">\n<img decoding=\"async\" src=\"\/wp-content\/img\/adaptateurs-raymond-lanieres-a-monter-bords-panneaux.jpg\" alt=\"Adaptateur \u00e0 monter en bords de panneaux pour lani\u00e8re\" style=\"padding: 0 40px; width: 100%;\">\n<\/a>\n<p style=\"text-align: center;\"><strong>Adaptateur \u00e0 monter en bords de panneaux pour lani\u00e8re<\/strong><\/p>\n<\/div><div class=\"bt_bb_separator bt_bb_top_spacing_normal bt_bb_bottom_spacing_no_spacing bt_bb_border_style_none\" data-bt-override-class=\"{&quot;bt_bb_top_spacing_&quot;:{&quot;current_class&quot;:&quot;bt_bb_top_spacing_normal&quot;,&quot;def&quot;:&quot;normal&quot;,&quot;xl&quot;:&quot;normal&quot;},&quot;bt_bb_bottom_spacing_&quot;:{&quot;current_class&quot;:&quot;bt_bb_bottom_spacing_no_spacing&quot;,&quot;def&quot;:&quot;no_spacing&quot;,&quot;xl&quot;:&quot;no_spacing&quot;}}\"><\/div><div class=\"bt_bb_raw_content\"><a href=\"\/it\/fissaggio-araymond\/adaptateurs-a-monter-bords-panneaux-tubes-perpendiculaires\/\">\n<img decoding=\"async\" src=\"\/wp-content\/img\/adaptateurs-a-monter-bords-panneaux-tubes-perpendiculaires.jpg\" alt=\"Adaptateur \u00e0 monter en bords de panneaux pour support tube \/ Avec tube perpendiculaire au panneau\" style=\"padding: 0 40px; width: 100%;\">\n<\/a>\n<p style=\"text-align: center;\"><strong>Adaptateur \u00e0 monter en bords de panneaux pour support tube \/ Avec tube perpendiculaire au panneau<\/strong><\/p>\n<\/div><\/div><\/div><\/div><div  class=\"bt_bb_column col-xxl-4 col-xl-4 col-xs-12 col-sm-12 col-md-12 col-lg-4 bt_bb_vertical_align_top bt_bb_align_left bt_bb_padding_normal\" style=\"; --column-width:4;\" data-width=\"4\" data-bt-override-class=\"{}\"><div class=\"bt_bb_column_content\"><div class=\"bt_bb_column_content_inner\"><div class=\"bt_bb_raw_content\"><a href=\"\/it\/fissaggio-araymond\/adaptateurs-lanieres-ou-tubes-a-monter-bords-panneaux\/\">\n<img decoding=\"async\" src=\"\/wp-content\/img\/adaptateurs-lanieres-ou-tubes-a-monter-bords-panneaux.jpg\" alt=\"Adaptateur \u00e0 monter en bords de panneaux pour lani\u00e8re et\/ou support tube\" style=\"padding: 0 40px; width: 100%;\">\n<\/a>\n<p style=\"text-align: center;\"><strong>Adaptateur \u00e0 monter en bords de panneaux pour lani\u00e8re et\/ou support tube<\/strong><\/p>\n<\/div><div class=\"bt_bb_separator bt_bb_top_spacing_normal bt_bb_bottom_spacing_no_spacing bt_bb_border_style_none\" data-bt-override-class=\"{&quot;bt_bb_top_spacing_&quot;:{&quot;current_class&quot;:&quot;bt_bb_top_spacing_normal&quot;,&quot;def&quot;:&quot;normal&quot;,&quot;xl&quot;:&quot;normal&quot;},&quot;bt_bb_bottom_spacing_&quot;:{&quot;current_class&quot;:&quot;bt_bb_bottom_spacing_no_spacing&quot;,&quot;def&quot;:&quot;no_spacing&quot;,&quot;xl&quot;:&quot;no_spacing&quot;}}\"><\/div><\/div><\/div><\/div><\/div><\/div><\/div><!-- cell_inner --><\/div><!-- cell --><\/div><!-- port --><\/section>","protected":false},"excerpt":{"rendered":"","protected":false},"author":1,"featured_media":7587,"parent":10,"menu_order":0,"comment_status":"closed","ping_status":"closed","template":"","meta":{"footnotes":""},"class_list":["post-2127","page","type-page","status-publish","has-post-thumbnail","hentry"],"yoast_head":"<!-- This site is optimized with the Yoast SEO plugin v27.3 - https:\/\/yoast.com\/product\/yoast-seo-wordpress\/ -->\n<title>Adaptateur pour lani\u00e8re ou support tube A Raymond<\/title>\n<meta name=\"description\" content=\"FGTI, sp\u00e9cialiste en solutions de fixation et assemblage vous pr\u00e9sente les mod\u00e8les d&#039;adaptateur pour lani\u00e8re ou support tube.\" \/>\n<meta name=\"robots\" content=\"index, follow, max-snippet:-1, max-image-preview:large, max-video-preview:-1\" \/>\n<link rel=\"canonical\" href=\"https:\/\/fgti-distribution.fr\/it\/fissaggio-araymond\/adaptateurs-lanieres-supports-tubes-raymond\/\" \/>\n<meta property=\"og:locale\" content=\"it_IT\" \/>\n<meta property=\"og:type\" content=\"article\" \/>\n<meta property=\"og:title\" content=\"Adaptateur pour lani\u00e8re ou support tube A Raymond\" \/>\n<meta property=\"og:description\" content=\"FGTI, sp\u00e9cialiste en solutions de fixation et assemblage vous pr\u00e9sente les mod\u00e8les d&#039;adaptateur pour lani\u00e8re ou support tube.\" \/>\n<meta property=\"og:url\" content=\"https:\/\/fgti-distribution.fr\/it\/fissaggio-araymond\/adaptateurs-lanieres-supports-tubes-raymond\/\" \/>\n<meta property=\"og:site_name\" content=\"FGTI Distribution\" \/>\n<meta property=\"article:modified_time\" content=\"2023-02-15T17:41:00+00:00\" \/>\n<meta property=\"og:image\" content=\"https:\/\/fgti-distribution.fr\/wp-content\/uploads\/2023\/02\/fixations-bords-de-panneaux-adaptateurs.jpg\" \/>\n\t<meta property=\"og:image:width\" content=\"1600\" \/>\n\t<meta property=\"og:image:height\" content=\"430\" \/>\n\t<meta property=\"og:image:type\" content=\"image\/jpeg\" \/>\n<meta name=\"twitter:card\" content=\"summary_large_image\" \/>\n<meta name=\"twitter:label1\" content=\"Est. reading time\" \/>\n\t<meta name=\"twitter:data1\" content=\"1 minuto\" \/>\n<script type=\"application\/ld+json\" class=\"yoast-schema-graph\">{\"@context\":\"https:\\\/\\\/schema.org\",\"@graph\":[{\"@type\":\"WebPage\",\"@id\":\"https:\\\/\\\/fgti-distribution.fr\\\/fixation-araymond\\\/adaptateurs-lanieres-supports-tubes-raymond\\\/\",\"url\":\"https:\\\/\\\/fgti-distribution.fr\\\/fixation-araymond\\\/adaptateurs-lanieres-supports-tubes-raymond\\\/\",\"name\":\"Adaptateur pour lani\u00e8re ou support tube A Raymond\",\"isPartOf\":{\"@id\":\"https:\\\/\\\/fgti-distribution.fr\\\/#website\"},\"primaryImageOfPage\":{\"@id\":\"https:\\\/\\\/fgti-distribution.fr\\\/fixation-araymond\\\/adaptateurs-lanieres-supports-tubes-raymond\\\/#primaryimage\"},\"image\":{\"@id\":\"https:\\\/\\\/fgti-distribution.fr\\\/fixation-araymond\\\/adaptateurs-lanieres-supports-tubes-raymond\\\/#primaryimage\"},\"thumbnailUrl\":\"https:\\\/\\\/fgti-distribution.fr\\\/wp-content\\\/uploads\\\/2023\\\/02\\\/fixations-bords-de-panneaux-adaptateurs.jpg\",\"datePublished\":\"2014-01-13T11:21:45+00:00\",\"dateModified\":\"2023-02-15T17:41:00+00:00\",\"description\":\"FGTI, sp\u00e9cialiste en solutions de fixation et assemblage vous pr\u00e9sente les mod\u00e8les d'adaptateur pour lani\u00e8re ou support tube.\",\"breadcrumb\":{\"@id\":\"https:\\\/\\\/fgti-distribution.fr\\\/fixation-araymond\\\/adaptateurs-lanieres-supports-tubes-raymond\\\/#breadcrumb\"},\"inLanguage\":\"it-IT\",\"potentialAction\":[{\"@type\":\"ReadAction\",\"target\":[\"https:\\\/\\\/fgti-distribution.fr\\\/fixation-araymond\\\/adaptateurs-lanieres-supports-tubes-raymond\\\/\"]}]},{\"@type\":\"ImageObject\",\"inLanguage\":\"it-IT\",\"@id\":\"https:\\\/\\\/fgti-distribution.fr\\\/fixation-araymond\\\/adaptateurs-lanieres-supports-tubes-raymond\\\/#primaryimage\",\"url\":\"https:\\\/\\\/fgti-distribution.fr\\\/wp-content\\\/uploads\\\/2023\\\/02\\\/fixations-bords-de-panneaux-adaptateurs.jpg\",\"contentUrl\":\"https:\\\/\\\/fgti-distribution.fr\\\/wp-content\\\/uploads\\\/2023\\\/02\\\/fixations-bords-de-panneaux-adaptateurs.jpg\",\"width\":1600,\"height\":430,\"caption\":\"fixations bords de panneaux adaptateurs\"},{\"@type\":\"BreadcrumbList\",\"@id\":\"https:\\\/\\\/fgti-distribution.fr\\\/fixation-araymond\\\/adaptateurs-lanieres-supports-tubes-raymond\\\/#breadcrumb\",\"itemListElement\":[{\"@type\":\"ListItem\",\"position\":1,\"name\":\"Home\",\"item\":\"https:\\\/\\\/fgti-distribution.fr\\\/\"},{\"@type\":\"ListItem\",\"position\":2,\"name\":\"Fixations ARaymond\",\"item\":\"https:\\\/\\\/fgti-distribution.fr\\\/fixation-araymond\\\/\"},{\"@type\":\"ListItem\",\"position\":3,\"name\":\"Adaptateur pour lani\u00e8re ou support tube A Raymond\"}]},{\"@type\":\"WebSite\",\"@id\":\"https:\\\/\\\/fgti-distribution.fr\\\/#website\",\"url\":\"https:\\\/\\\/fgti-distribution.fr\\\/\",\"name\":\"FGTI Distribution\",\"description\":\"Pi\u00e8ces techniques et services \u00e0 forte valeur ajout\u00e9e\",\"publisher\":{\"@id\":\"https:\\\/\\\/fgti-distribution.fr\\\/#organization\"},\"alternateName\":\"FGTI Distribution\",\"potentialAction\":[{\"@type\":\"SearchAction\",\"target\":{\"@type\":\"EntryPoint\",\"urlTemplate\":\"https:\\\/\\\/fgti-distribution.fr\\\/?s={search_term_string}\"},\"query-input\":{\"@type\":\"PropertyValueSpecification\",\"valueRequired\":true,\"valueName\":\"search_term_string\"}}],\"inLanguage\":\"it-IT\"},{\"@type\":\"Organization\",\"@id\":\"https:\\\/\\\/fgti-distribution.fr\\\/#organization\",\"name\":\"FGTI Distribution\",\"alternateName\":\"FGTI Distribution\",\"url\":\"https:\\\/\\\/fgti-distribution.fr\\\/\",\"logo\":{\"@type\":\"ImageObject\",\"inLanguage\":\"it-IT\",\"@id\":\"https:\\\/\\\/fgti-distribution.fr\\\/#\\\/schema\\\/logo\\\/image\\\/\",\"url\":\"https:\\\/\\\/fgti-distribution.fr\\\/wp-content\\\/uploads\\\/2022\\\/12\\\/logo.png\",\"contentUrl\":\"https:\\\/\\\/fgti-distribution.fr\\\/wp-content\\\/uploads\\\/2022\\\/12\\\/logo.png\",\"width\":500,\"height\":228,\"caption\":\"FGTI Distribution\"},\"image\":{\"@id\":\"https:\\\/\\\/fgti-distribution.fr\\\/#\\\/schema\\\/logo\\\/image\\\/\"},\"sameAs\":[\"https:\\\/\\\/www.linkedin.com\\\/company\\\/fgti-distribution\\\/\"]}]}<\/script>\n<!-- \/ Yoast SEO plugin. -->","yoast_head_json":{"title":"Adaptateur pour lani\u00e8re ou support tube A Raymond","description":"FGTI, sp\u00e9cialiste en solutions de fixation et assemblage vous pr\u00e9sente les mod\u00e8les d'adaptateur pour lani\u00e8re ou support tube.","robots":{"index":"index","follow":"follow","max-snippet":"max-snippet:-1","max-image-preview":"max-image-preview:large","max-video-preview":"max-video-preview:-1"},"canonical":"https:\/\/fgti-distribution.fr\/it\/fissaggio-araymond\/adaptateurs-lanieres-supports-tubes-raymond\/","og_locale":"it_IT","og_type":"article","og_title":"Adaptateur pour lani\u00e8re ou support tube A Raymond","og_description":"FGTI, sp\u00e9cialiste en solutions de fixation et assemblage vous pr\u00e9sente les mod\u00e8les d'adaptateur pour lani\u00e8re ou support tube.","og_url":"https:\/\/fgti-distribution.fr\/it\/fissaggio-araymond\/adaptateurs-lanieres-supports-tubes-raymond\/","og_site_name":"FGTI Distribution","article_modified_time":"2023-02-15T17:41:00+00:00","og_image":[{"width":1600,"height":430,"url":"https:\/\/fgti-distribution.fr\/wp-content\/uploads\/2023\/02\/fixations-bords-de-panneaux-adaptateurs.jpg","type":"image\/jpeg"}],"twitter_card":"summary_large_image","twitter_misc":{"Est. reading time":"1 minuto"},"schema":{"@context":"https:\/\/schema.org","@graph":[{"@type":"WebPage","@id":"https:\/\/fgti-distribution.fr\/fixation-araymond\/adaptateurs-lanieres-supports-tubes-raymond\/","url":"https:\/\/fgti-distribution.fr\/fixation-araymond\/adaptateurs-lanieres-supports-tubes-raymond\/","name":"Adaptateur pour lani\u00e8re ou support tube A Raymond","isPartOf":{"@id":"https:\/\/fgti-distribution.fr\/#website"},"primaryImageOfPage":{"@id":"https:\/\/fgti-distribution.fr\/fixation-araymond\/adaptateurs-lanieres-supports-tubes-raymond\/#primaryimage"},"image":{"@id":"https:\/\/fgti-distribution.fr\/fixation-araymond\/adaptateurs-lanieres-supports-tubes-raymond\/#primaryimage"},"thumbnailUrl":"https:\/\/fgti-distribution.fr\/wp-content\/uploads\/2023\/02\/fixations-bords-de-panneaux-adaptateurs.jpg","datePublished":"2014-01-13T11:21:45+00:00","dateModified":"2023-02-15T17:41:00+00:00","description":"FGTI, sp\u00e9cialiste en solutions de fixation et assemblage vous pr\u00e9sente les mod\u00e8les d'adaptateur pour lani\u00e8re ou support tube.","breadcrumb":{"@id":"https:\/\/fgti-distribution.fr\/fixation-araymond\/adaptateurs-lanieres-supports-tubes-raymond\/#breadcrumb"},"inLanguage":"it-IT","potentialAction":[{"@type":"ReadAction","target":["https:\/\/fgti-distribution.fr\/fixation-araymond\/adaptateurs-lanieres-supports-tubes-raymond\/"]}]},{"@type":"ImageObject","inLanguage":"it-IT","@id":"https:\/\/fgti-distribution.fr\/fixation-araymond\/adaptateurs-lanieres-supports-tubes-raymond\/#primaryimage","url":"https:\/\/fgti-distribution.fr\/wp-content\/uploads\/2023\/02\/fixations-bords-de-panneaux-adaptateurs.jpg","contentUrl":"https:\/\/fgti-distribution.fr\/wp-content\/uploads\/2023\/02\/fixations-bords-de-panneaux-adaptateurs.jpg","width":1600,"height":430,"caption":"fixations bords de panneaux adaptateurs"},{"@type":"BreadcrumbList","@id":"https:\/\/fgti-distribution.fr\/fixation-araymond\/adaptateurs-lanieres-supports-tubes-raymond\/#breadcrumb","itemListElement":[{"@type":"ListItem","position":1,"name":"Home","item":"https:\/\/fgti-distribution.fr\/"},{"@type":"ListItem","position":2,"name":"Fixations ARaymond","item":"https:\/\/fgti-distribution.fr\/fixation-araymond\/"},{"@type":"ListItem","position":3,"name":"Adaptateur pour lani\u00e8re ou support tube A Raymond"}]},{"@type":"WebSite","@id":"https:\/\/fgti-distribution.fr\/#website","url":"https:\/\/fgti-distribution.fr\/","name":"Distribuzione FGTI","description":"Parti tecniche e servizi ad alto valore aggiunto","publisher":{"@id":"https:\/\/fgti-distribution.fr\/#organization"},"alternateName":"FGTI Distribution","potentialAction":[{"@type":"SearchAction","target":{"@type":"EntryPoint","urlTemplate":"https:\/\/fgti-distribution.fr\/?s={search_term_string}"},"query-input":{"@type":"PropertyValueSpecification","valueRequired":true,"valueName":"search_term_string"}}],"inLanguage":"it-IT"},{"@type":"Organization","@id":"https:\/\/fgti-distribution.fr\/#organization","name":"Distribuzione FGTI","alternateName":"FGTI Distribution","url":"https:\/\/fgti-distribution.fr\/","logo":{"@type":"ImageObject","inLanguage":"it-IT","@id":"https:\/\/fgti-distribution.fr\/#\/schema\/logo\/image\/","url":"https:\/\/fgti-distribution.fr\/wp-content\/uploads\/2022\/12\/logo.png","contentUrl":"https:\/\/fgti-distribution.fr\/wp-content\/uploads\/2022\/12\/logo.png","width":500,"height":228,"caption":"FGTI Distribution"},"image":{"@id":"https:\/\/fgti-distribution.fr\/#\/schema\/logo\/image\/"},"sameAs":["https:\/\/www.linkedin.com\/company\/fgti-distribution\/"]}]}},"_links":{"self":[{"href":"https:\/\/fgti-distribution.fr\/it\/wp-json\/wp\/v2\/pages\/2127","targetHints":{"allow":["GET"]}}],"collection":[{"href":"https:\/\/fgti-distribution.fr\/it\/wp-json\/wp\/v2\/pages"}],"about":[{"href":"https:\/\/fgti-distribution.fr\/it\/wp-json\/wp\/v2\/types\/page"}],"author":[{"embeddable":true,"href":"https:\/\/fgti-distribution.fr\/it\/wp-json\/wp\/v2\/users\/1"}],"replies":[{"embeddable":true,"href":"https:\/\/fgti-distribution.fr\/it\/wp-json\/wp\/v2\/comments?post=2127"}],"version-history":[{"count":6,"href":"https:\/\/fgti-distribution.fr\/it\/wp-json\/wp\/v2\/pages\/2127\/revisions"}],"predecessor-version":[{"id":7542,"href":"https:\/\/fgti-distribution.fr\/it\/wp-json\/wp\/v2\/pages\/2127\/revisions\/7542"}],"up":[{"embeddable":true,"href":"https:\/\/fgti-distribution.fr\/it\/wp-json\/wp\/v2\/pages\/10"}],"wp:featuredmedia":[{"embeddable":true,"href":"https:\/\/fgti-distribution.fr\/it\/wp-json\/wp\/v2\/media\/7587"}],"wp:attachment":[{"href":"https:\/\/fgti-distribution.fr\/it\/wp-json\/wp\/v2\/media?parent=2127"}],"curies":[{"name":"wp","href":"https:\/\/api.w.org\/{rel}","templated":true}]}}