{"id":2194,"date":"2014-01-17T16:00:37","date_gmt":"2014-01-17T16:00:37","guid":{"rendered":"https:\/\/fgti-distribution.fr\/?page_id=2194"},"modified":"2023-02-10T17:18:30","modified_gmt":"2023-02-10T17:18:30","slug":"agrafes-raymond-boutons-sapins-perfores-pressionner","status":"publish","type":"page","link":"https:\/\/fgti-distribution.fr\/it\/fixation-araymond\/agrafes-raymond-boutons-sapins-perfores-pressionner\/","title":{"rendered":"Bouton sapin perfor\u00e9 \u00e0 pressionner \/ Agrafes de panneaux \u00e0 clipper A Raymond"},"content":{"rendered":"<div style=\"color: #bababa; font-size: 12px; margin-bottom: 20px;\">FGTI-Distribution &gt; Fixations ARaymond &gt; Fiches techniques d\u00e9taill\u00e9es &gt; Agrafes panneaux plastique &gt; Agrafes de panneaux \u00e0 clipper<\/div>\n<table style=\"border: 0 none;\">\n<tbody>\n<tr>\n<td style=\"vertical-align: top;\"><a style=\"border: 0 none;\" href=\"https:\/\/fgti-distribution.fr\/it\/wp-content\/themes\/twentyeleven\/fiches-techniques-raymond\/agrafes-raymond-boutons-sapins-perfores-pressionner.pdf\/\" target=\"_blank\" rel=\"noopener\"><img decoding=\"async\" src=\"https:\/\/fgti-distribution.fr\/FGTI_images\/pdficon_large.png\" \/><\/a><\/td>\n<td style=\"text-align: left; vertical-align: top;\">\n<h1 style=\"text-transform: none;\"><span style=\"color: #e82c2e; font-weight: bold; font-size: 20px;\">Agrafes de panneaux \u00e0 clipper<\/span><br \/>\nBouton sapin perfor\u00e9 \u00e0 pressionner<\/h1>\n<\/td>\n<td style=\"text-align: right; font-size: 10px; padding: 0 40px;\"><img decoding=\"async\" src=\"https:\/\/fgti-distribution.fr\/FGTI_images\/dans-trou.jpg\" alt=\"fixations raymond dans un trou\" \/><\/p>\n<h2 style=\"font-size: 10px;\">Dans un trou<\/h2>\n<\/td>\n<\/tr>\n<tr>\n<td style=\"vertical-align: top;\" colspan=\"2\"><img decoding=\"async\" src=\"https:\/\/fgti-distribution.fr\/wp-content\/themes\/twentyeleven\/fiches-techniques-raymond\/agrafes-raymond-boutons-sapins-perfores-pressionner-FGTI-photo.jpg\" alt=\"photo bouton sapin perfor\u00e9 \u00e0 pressionner A Raymond\" \/><\/td>\n<td style=\"vertical-align: top;\"><img decoding=\"async\" src=\"https:\/\/fgti-distribution.fr\/wp-content\/themes\/twentyeleven\/fiches-techniques-raymond\/agrafes-raymond-boutons-sapins-perfores-pressionner-FGTI-schema.jpg\" alt=\"sch\u00e9ma Agrafes de panneaux bouton sapin perfor\u00e9 \u00e0 pressionner A Raymond\" \/><\/td>\n<\/tr>\n<tr>\n<td style=\"vertical-align: top; text-align: center; font-size: 10px;\" colspan=\"3\">\n<h3>Dimensions &#8211; Bouton sapin perfor\u00e9<\/h3>\n<p>Toutes les dimensions sont en mm et angles en \u00b0 \/ Autres dimensions et variantes sur demande<br \/>\n<img decoding=\"async\" src=\"https:\/\/fgti-distribution.fr\/wp-content\/themes\/twentyeleven\/fiches-techniques-raymond\/agrafes-raymond-boutons-sapins-perfores-pressionner-FGTI-tableau.jpg\" alt=\"dimensions bouton sapin perfor\u00e9 \u00e0 pressionner\" \/><\/td>\n<\/tr>\n<tr>\n<td style=\"vertical-align: top; text-align: left; font-size: 10px;\" colspan=\"2\"><img decoding=\"async\" src=\"https:\/\/fgti-distribution.fr\/wp-content\/themes\/twentyeleven\/fiches-techniques-raymond\/agrafes-raymond-boutons-sapins-perfores-pressionner-FGTI-info.jpg\" alt=\"info Agrafes de panneaux bouton sapin perfor\u00e9s \u00e0 pressionner A Raymond\" \/><br \/>\n&#8211; Pour assembler deux panneaux ou une garniture et un panneau<br \/>\n&#8211; Non d\u00e9montable<br \/>\n&#8211; Possibilit\u00e9 d\u2019utilisation en tant qu\u2019obturateur<\/td>\n<td style=\"vertical-align: top; font-size: 10px;\"><img decoding=\"async\" src=\"https:\/\/fgti-distribution.fr\/wp-content\/themes\/twentyeleven\/fiches-techniques-raymond\/agrafes-raymond-boutons-sapins-perfores-pressionner-FGTI-complement.jpg\" alt=\"produits alternatifs Agrafes de panneaux bouton sapin perfor\u00e9s \u00e0 pressionner A Raymond\" \/><\/p>\n<div style=\"width: 80px; display: inline-block; text-align: center; line-height: 15px;\">\n<p>&nbsp;<\/p>\n<h3 class=\"complement\">Plasti rivet \u00e0 enfoncer<\/h3>\n<p>&nbsp;<\/p>\n<\/div>\n<div style=\"width: 80px; display: inline-block; text-align: center; line-height: 15px;\">\n<p>&nbsp;<\/p>\n<h3 class=\"complement\">Plasti rivet d\u00e9montable \u00e0 encliqueter et \u00e0 pressionner<\/h3>\n<p>&nbsp;<\/p>\n<\/div>\n<div style=\"width: 80px; display: inline-block; text-align: center; line-height: 15px;\"><\/div>\n<\/td>\n<\/tr>\n<\/tbody>\n<\/table>","protected":false},"excerpt":{"rendered":"<p>FGTI-Distribution &gt; Fixations ARaymond &gt; Fiches techniques d\u00e9taill\u00e9es &gt; Agrafes panneaux plastique &gt; Agrafes de panneaux \u00e0 clipper Agrafes de panneaux \u00e0 clipper Bouton sapin perfor\u00e9 \u00e0 pressionner Dans un trou Dimensions &#8211; Bouton sapin perfor\u00e9 Toutes les dimensions sont en mm et angles en \u00b0 \/ Autres dimensions et variantes sur demande &#8211; Pour&#8230;<\/p>","protected":false},"author":1,"featured_media":0,"parent":10,"menu_order":0,"comment_status":"closed","ping_status":"closed","template":"","meta":{"footnotes":""},"class_list":["post-2194","page","type-page","status-publish","hentry"],"yoast_head":"<!-- This site is optimized with the Yoast SEO plugin v27.3 - https:\/\/yoast.com\/product\/yoast-seo-wordpress\/ -->\n<title>Bouton sapin perfor\u00e9 \u00e0 pressionner \/ Agrafes de panneaux \u00e0 clipper<\/title>\n<meta name=\"description\" content=\"FGTI Distribution vous propose la fiche technique d\u00e9taill\u00e9e du bouton sapin perfor\u00e9 \u00e0 pressionner A Raymond. N&#039;h\u00e9sitez pas \u00e0 nous contacter.\" \/>\n<meta name=\"robots\" content=\"index, follow, max-snippet:-1, max-image-preview:large, max-video-preview:-1\" \/>\n<link rel=\"canonical\" href=\"https:\/\/fgti-distribution.fr\/it\/fissaggio-araymond\/agrafes-raymond-boutons-sapins-perfores-pressionner\/\" \/>\n<meta property=\"og:locale\" content=\"it_IT\" \/>\n<meta property=\"og:type\" content=\"article\" \/>\n<meta property=\"og:title\" content=\"Bouton sapin perfor\u00e9 \u00e0 pressionner \/ Agrafes de panneaux \u00e0 clipper\" \/>\n<meta property=\"og:description\" content=\"FGTI Distribution vous propose la fiche technique d\u00e9taill\u00e9e du bouton sapin perfor\u00e9 \u00e0 pressionner A Raymond. N&#039;h\u00e9sitez pas \u00e0 nous contacter.\" \/>\n<meta property=\"og:url\" content=\"https:\/\/fgti-distribution.fr\/it\/fissaggio-araymond\/agrafes-raymond-boutons-sapins-perfores-pressionner\/\" \/>\n<meta property=\"og:site_name\" content=\"FGTI Distribution\" \/>\n<meta property=\"article:modified_time\" content=\"2023-02-10T17:18:30+00:00\" \/>\n<meta property=\"og:image\" content=\"https:\/\/fgti-distribution.fr\/FGTI_images\/pdficon_large.png\" \/>\n<meta name=\"twitter:card\" content=\"summary_large_image\" \/>\n<meta name=\"twitter:label1\" content=\"Est. reading time\" \/>\n\t<meta name=\"twitter:data1\" content=\"2 minuti\" \/>\n<script type=\"application\/ld+json\" class=\"yoast-schema-graph\">{\"@context\":\"https:\\\/\\\/schema.org\",\"@graph\":[{\"@type\":\"WebPage\",\"@id\":\"https:\\\/\\\/fgti-distribution.fr\\\/fixation-araymond\\\/agrafes-raymond-boutons-sapins-perfores-pressionner\\\/\",\"url\":\"https:\\\/\\\/fgti-distribution.fr\\\/fixation-araymond\\\/agrafes-raymond-boutons-sapins-perfores-pressionner\\\/\",\"name\":\"Bouton sapin perfor\u00e9 \u00e0 pressionner \\\/ Agrafes de panneaux \u00e0 clipper\",\"isPartOf\":{\"@id\":\"https:\\\/\\\/fgti-distribution.fr\\\/#website\"},\"primaryImageOfPage\":{\"@id\":\"https:\\\/\\\/fgti-distribution.fr\\\/fixation-araymond\\\/agrafes-raymond-boutons-sapins-perfores-pressionner\\\/#primaryimage\"},\"image\":{\"@id\":\"https:\\\/\\\/fgti-distribution.fr\\\/fixation-araymond\\\/agrafes-raymond-boutons-sapins-perfores-pressionner\\\/#primaryimage\"},\"thumbnailUrl\":\"https:\\\/\\\/fgti-distribution.fr\\\/FGTI_images\\\/pdficon_large.png\",\"datePublished\":\"2014-01-17T16:00:37+00:00\",\"dateModified\":\"2023-02-10T17:18:30+00:00\",\"description\":\"FGTI Distribution vous propose la fiche technique d\u00e9taill\u00e9e du bouton sapin perfor\u00e9 \u00e0 pressionner A Raymond. N'h\u00e9sitez pas \u00e0 nous contacter.\",\"breadcrumb\":{\"@id\":\"https:\\\/\\\/fgti-distribution.fr\\\/fixation-araymond\\\/agrafes-raymond-boutons-sapins-perfores-pressionner\\\/#breadcrumb\"},\"inLanguage\":\"it-IT\",\"potentialAction\":[{\"@type\":\"ReadAction\",\"target\":[\"https:\\\/\\\/fgti-distribution.fr\\\/fixation-araymond\\\/agrafes-raymond-boutons-sapins-perfores-pressionner\\\/\"]}]},{\"@type\":\"ImageObject\",\"inLanguage\":\"it-IT\",\"@id\":\"https:\\\/\\\/fgti-distribution.fr\\\/fixation-araymond\\\/agrafes-raymond-boutons-sapins-perfores-pressionner\\\/#primaryimage\",\"url\":\"https:\\\/\\\/fgti-distribution.fr\\\/FGTI_images\\\/pdficon_large.png\",\"contentUrl\":\"https:\\\/\\\/fgti-distribution.fr\\\/FGTI_images\\\/pdficon_large.png\"},{\"@type\":\"BreadcrumbList\",\"@id\":\"https:\\\/\\\/fgti-distribution.fr\\\/fixation-araymond\\\/agrafes-raymond-boutons-sapins-perfores-pressionner\\\/#breadcrumb\",\"itemListElement\":[{\"@type\":\"ListItem\",\"position\":1,\"name\":\"Home\",\"item\":\"https:\\\/\\\/fgti-distribution.fr\\\/\"},{\"@type\":\"ListItem\",\"position\":2,\"name\":\"Fixations ARaymond\",\"item\":\"https:\\\/\\\/fgti-distribution.fr\\\/fixation-araymond\\\/\"},{\"@type\":\"ListItem\",\"position\":3,\"name\":\"Bouton sapin perfor\u00e9 \u00e0 pressionner \\\/ Agrafes de panneaux \u00e0 clipper A Raymond\"}]},{\"@type\":\"WebSite\",\"@id\":\"https:\\\/\\\/fgti-distribution.fr\\\/#website\",\"url\":\"https:\\\/\\\/fgti-distribution.fr\\\/\",\"name\":\"FGTI Distribution\",\"description\":\"Pi\u00e8ces techniques et services \u00e0 forte valeur ajout\u00e9e\",\"publisher\":{\"@id\":\"https:\\\/\\\/fgti-distribution.fr\\\/#organization\"},\"alternateName\":\"FGTI Distribution\",\"potentialAction\":[{\"@type\":\"SearchAction\",\"target\":{\"@type\":\"EntryPoint\",\"urlTemplate\":\"https:\\\/\\\/fgti-distribution.fr\\\/?s={search_term_string}\"},\"query-input\":{\"@type\":\"PropertyValueSpecification\",\"valueRequired\":true,\"valueName\":\"search_term_string\"}}],\"inLanguage\":\"it-IT\"},{\"@type\":\"Organization\",\"@id\":\"https:\\\/\\\/fgti-distribution.fr\\\/#organization\",\"name\":\"FGTI Distribution\",\"alternateName\":\"FGTI Distribution\",\"url\":\"https:\\\/\\\/fgti-distribution.fr\\\/\",\"logo\":{\"@type\":\"ImageObject\",\"inLanguage\":\"it-IT\",\"@id\":\"https:\\\/\\\/fgti-distribution.fr\\\/#\\\/schema\\\/logo\\\/image\\\/\",\"url\":\"https:\\\/\\\/fgti-distribution.fr\\\/wp-content\\\/uploads\\\/2022\\\/12\\\/logo.png\",\"contentUrl\":\"https:\\\/\\\/fgti-distribution.fr\\\/wp-content\\\/uploads\\\/2022\\\/12\\\/logo.png\",\"width\":500,\"height\":228,\"caption\":\"FGTI Distribution\"},\"image\":{\"@id\":\"https:\\\/\\\/fgti-distribution.fr\\\/#\\\/schema\\\/logo\\\/image\\\/\"},\"sameAs\":[\"https:\\\/\\\/www.linkedin.com\\\/company\\\/fgti-distribution\\\/\"]}]}<\/script>\n<!-- \/ Yoast SEO plugin. -->","yoast_head_json":{"title":"Bouton sapin perfor\u00e9 \u00e0 pressionner \/ Agrafes de panneaux \u00e0 clipper","description":"FGTI Distribution vous propose la fiche technique d\u00e9taill\u00e9e du bouton sapin perfor\u00e9 \u00e0 pressionner A Raymond. N'h\u00e9sitez pas \u00e0 nous contacter.","robots":{"index":"index","follow":"follow","max-snippet":"max-snippet:-1","max-image-preview":"max-image-preview:large","max-video-preview":"max-video-preview:-1"},"canonical":"https:\/\/fgti-distribution.fr\/it\/fissaggio-araymond\/agrafes-raymond-boutons-sapins-perfores-pressionner\/","og_locale":"it_IT","og_type":"article","og_title":"Bouton sapin perfor\u00e9 \u00e0 pressionner \/ Agrafes de panneaux \u00e0 clipper","og_description":"FGTI Distribution vous propose la fiche technique d\u00e9taill\u00e9e du bouton sapin perfor\u00e9 \u00e0 pressionner A Raymond. N'h\u00e9sitez pas \u00e0 nous contacter.","og_url":"https:\/\/fgti-distribution.fr\/it\/fissaggio-araymond\/agrafes-raymond-boutons-sapins-perfores-pressionner\/","og_site_name":"FGTI Distribution","article_modified_time":"2023-02-10T17:18:30+00:00","og_image":[{"url":"https:\/\/fgti-distribution.fr\/FGTI_images\/pdficon_large.png","type":"","width":"","height":""}],"twitter_card":"summary_large_image","twitter_misc":{"Est. reading time":"2 minuti"},"schema":{"@context":"https:\/\/schema.org","@graph":[{"@type":"WebPage","@id":"https:\/\/fgti-distribution.fr\/fixation-araymond\/agrafes-raymond-boutons-sapins-perfores-pressionner\/","url":"https:\/\/fgti-distribution.fr\/fixation-araymond\/agrafes-raymond-boutons-sapins-perfores-pressionner\/","name":"Bouton sapin perfor\u00e9 \u00e0 pressionner \/ Agrafes de panneaux \u00e0 clipper","isPartOf":{"@id":"https:\/\/fgti-distribution.fr\/#website"},"primaryImageOfPage":{"@id":"https:\/\/fgti-distribution.fr\/fixation-araymond\/agrafes-raymond-boutons-sapins-perfores-pressionner\/#primaryimage"},"image":{"@id":"https:\/\/fgti-distribution.fr\/fixation-araymond\/agrafes-raymond-boutons-sapins-perfores-pressionner\/#primaryimage"},"thumbnailUrl":"https:\/\/fgti-distribution.fr\/FGTI_images\/pdficon_large.png","datePublished":"2014-01-17T16:00:37+00:00","dateModified":"2023-02-10T17:18:30+00:00","description":"FGTI Distribution vous propose la fiche technique d\u00e9taill\u00e9e du bouton sapin perfor\u00e9 \u00e0 pressionner A Raymond. N'h\u00e9sitez pas \u00e0 nous contacter.","breadcrumb":{"@id":"https:\/\/fgti-distribution.fr\/fixation-araymond\/agrafes-raymond-boutons-sapins-perfores-pressionner\/#breadcrumb"},"inLanguage":"it-IT","potentialAction":[{"@type":"ReadAction","target":["https:\/\/fgti-distribution.fr\/fixation-araymond\/agrafes-raymond-boutons-sapins-perfores-pressionner\/"]}]},{"@type":"ImageObject","inLanguage":"it-IT","@id":"https:\/\/fgti-distribution.fr\/fixation-araymond\/agrafes-raymond-boutons-sapins-perfores-pressionner\/#primaryimage","url":"https:\/\/fgti-distribution.fr\/FGTI_images\/pdficon_large.png","contentUrl":"https:\/\/fgti-distribution.fr\/FGTI_images\/pdficon_large.png"},{"@type":"BreadcrumbList","@id":"https:\/\/fgti-distribution.fr\/fixation-araymond\/agrafes-raymond-boutons-sapins-perfores-pressionner\/#breadcrumb","itemListElement":[{"@type":"ListItem","position":1,"name":"Home","item":"https:\/\/fgti-distribution.fr\/"},{"@type":"ListItem","position":2,"name":"Fixations ARaymond","item":"https:\/\/fgti-distribution.fr\/fixation-araymond\/"},{"@type":"ListItem","position":3,"name":"Bouton sapin perfor\u00e9 \u00e0 pressionner \/ Agrafes de panneaux \u00e0 clipper A Raymond"}]},{"@type":"WebSite","@id":"https:\/\/fgti-distribution.fr\/#website","url":"https:\/\/fgti-distribution.fr\/","name":"Distribuzione FGTI","description":"Parti tecniche e servizi ad alto valore aggiunto","publisher":{"@id":"https:\/\/fgti-distribution.fr\/#organization"},"alternateName":"FGTI Distribution","potentialAction":[{"@type":"SearchAction","target":{"@type":"EntryPoint","urlTemplate":"https:\/\/fgti-distribution.fr\/?s={search_term_string}"},"query-input":{"@type":"PropertyValueSpecification","valueRequired":true,"valueName":"search_term_string"}}],"inLanguage":"it-IT"},{"@type":"Organization","@id":"https:\/\/fgti-distribution.fr\/#organization","name":"Distribuzione FGTI","alternateName":"FGTI Distribution","url":"https:\/\/fgti-distribution.fr\/","logo":{"@type":"ImageObject","inLanguage":"it-IT","@id":"https:\/\/fgti-distribution.fr\/#\/schema\/logo\/image\/","url":"https:\/\/fgti-distribution.fr\/wp-content\/uploads\/2022\/12\/logo.png","contentUrl":"https:\/\/fgti-distribution.fr\/wp-content\/uploads\/2022\/12\/logo.png","width":500,"height":228,"caption":"FGTI Distribution"},"image":{"@id":"https:\/\/fgti-distribution.fr\/#\/schema\/logo\/image\/"},"sameAs":["https:\/\/www.linkedin.com\/company\/fgti-distribution\/"]}]}},"_links":{"self":[{"href":"https:\/\/fgti-distribution.fr\/it\/wp-json\/wp\/v2\/pages\/2194","targetHints":{"allow":["GET"]}}],"collection":[{"href":"https:\/\/fgti-distribution.fr\/it\/wp-json\/wp\/v2\/pages"}],"about":[{"href":"https:\/\/fgti-distribution.fr\/it\/wp-json\/wp\/v2\/types\/page"}],"author":[{"embeddable":true,"href":"https:\/\/fgti-distribution.fr\/it\/wp-json\/wp\/v2\/users\/1"}],"replies":[{"embeddable":true,"href":"https:\/\/fgti-distribution.fr\/it\/wp-json\/wp\/v2\/comments?post=2194"}],"version-history":[{"count":1,"href":"https:\/\/fgti-distribution.fr\/it\/wp-json\/wp\/v2\/pages\/2194\/revisions"}],"predecessor-version":[{"id":7351,"href":"https:\/\/fgti-distribution.fr\/it\/wp-json\/wp\/v2\/pages\/2194\/revisions\/7351"}],"up":[{"embeddable":true,"href":"https:\/\/fgti-distribution.fr\/it\/wp-json\/wp\/v2\/pages\/10"}],"wp:attachment":[{"href":"https:\/\/fgti-distribution.fr\/it\/wp-json\/wp\/v2\/media?parent=2194"}],"curies":[{"name":"wp","href":"https:\/\/api.w.org\/{rel}","templated":true}]}}