{"id":2207,"date":"2014-01-17T16:52:10","date_gmt":"2014-01-17T16:52:10","guid":{"rendered":"https:\/\/fgti-distribution.fr\/?page_id=2207"},"modified":"2025-01-28T15:39:04","modified_gmt":"2025-01-28T15:39:04","slug":"raccords-rapides-raymond","status":"publish","type":"page","link":"https:\/\/fgti-distribution.fr\/it\/fixation-araymond\/raccords-rapides-raymond\/","title":{"rendered":"Raccord rapide A Raymond"},"content":{"rendered":"<section id=\"bt_bb_section69d036ad02fd3\" class=\"bt_bb_section bt_bb_layout_boxed_1200\"  data-bt-override-class=\"null\"><div class=\"bt_bb_port\"><div class=\"bt_bb_cell\"><div class=\"bt_bb_cell_inner\"><div class=\"bt_bb_row\"  data-bt-override-class=\"{}\"><div class=\"bt_bb_row_holder\" ><div  class=\"bt_bb_column col-xxl-12 col-xl-12 col-xs-12 col-sm-12 col-md-12 col-lg-12 bt_bb_vertical_align_top bt_bb_align_left bt_bb_padding_normal\" style=\"; --column-width:12;\" data-width=\"12\" data-bt-override-class=\"{}\"><div class=\"bt_bb_column_content\"><div class=\"bt_bb_column_content_inner\"><div class=\"bt_bb_raw_content\"><div class=\"textwidget\">\n<div style=\"color: #bababa; font-size: 12px; margin-bottom: 20px;\">FGTI-Distribution > Fixations ARaymond > Fiches techniques d\u00e9taill\u00e9es > Raccords rapides<\/div>\n<p>FGTI Distribution, sp\u00e9cialiste en solutions de fixation et assemblage et distributeur officiel de la marque ARaymond : nous vous proposons ci-dessous les fiches techniques d\u00e9taill\u00e9es des raccords rapides A Raymond<\/p>\n<p>\u00a0<\/p>\n<div style=\"text-align: center; border: 0 none; color: white; background-color: #888888; padding: 5px; width: 100%;\">RACCORDS RAPIDES POUR FLUIDES<p><\/p>\n<h2>Raccord rapide en queue oliv\u00e9e \/ tuyaux caoutchou<\/h2>\n<h2>Raccord rapide en queue sapin \/ tuyaux polyamides<\/h2>\n<\/div>\n<p>\u00a0<\/p>\n<\/div><\/div><\/div><\/div><\/div><\/div><\/div><div class=\"bt_bb_row\"  data-bt-override-class=\"{}\"><div class=\"bt_bb_row_holder\" ><div  class=\"bt_bb_column col-xxl-4 col-xl-4 col-xs-12 col-sm-12 col-md-12 col-lg-4 bt_bb_vertical_align_top bt_bb_align_left bt_bb_padding_normal\" style=\"; --column-width:4;\" data-width=\"4\" data-bt-override-class=\"{}\"><div class=\"bt_bb_column_content\"><div class=\"bt_bb_column_content_inner\"><div class=\"bt_bb_raw_content\"><a href=\"https:\/\/fgti-distribution.fr\/it\/fissaggio-araymond\/raccords-rapides-raymond-pour-tuyaux-caoutchoucs\/\" target=\"_blank\">\n<img decoding=\"async\" src=\"\/wp-content\/img\/raccords-rapides-queues-olivees-tuyaux-caoutchoucs.jpg\" alt=\"Raccord rapide en queue oliv\u00e9e pour tuyaux caoutchouc\" style=\"padding: 0 40px; width: 100%;\">\n<\/a>\n<p style=\"text-align: center;\"><strong>Raccord rapide en queue oliv\u00e9e pour tuyaux caoutchouc<\/strong><\/p>\n<\/div><div class=\"bt_bb_separator bt_bb_top_spacing_large bt_bb_bottom_spacing_no_spacing bt_bb_border_style_none\" data-bt-override-class=\"{&quot;bt_bb_top_spacing_&quot;:{&quot;current_class&quot;:&quot;bt_bb_top_spacing_large&quot;,&quot;def&quot;:&quot;large&quot;,&quot;xl&quot;:&quot;large&quot;},&quot;bt_bb_bottom_spacing_&quot;:{&quot;current_class&quot;:&quot;bt_bb_bottom_spacing_no_spacing&quot;,&quot;def&quot;:&quot;no_spacing&quot;,&quot;xl&quot;:&quot;no_spacing&quot;}}\"><\/div><\/div><\/div><\/div><div  class=\"bt_bb_column col-xxl-4 col-xl-4 col-xs-12 col-sm-12 col-md-12 col-lg-4 bt_bb_vertical_align_top bt_bb_align_left bt_bb_padding_normal\" style=\"; --column-width:4;\" data-width=\"4\" data-bt-override-class=\"{}\"><div class=\"bt_bb_column_content\"><div class=\"bt_bb_column_content_inner\"><div class=\"bt_bb_raw_content\"><a href=\"https:\/\/fgti-distribution.fr\/it\/fissaggio-araymond\/raccords-rapides-raymond-pour-tuyaux-polyamides\/\" target=\"_blank\">\n<img decoding=\"async\" src=\"https:\/\/fgti-distribution.fr\/wp-content\/img\/raccords-rapides-queues-sapins-tuyaux-polyamides.jpg\" alt=\"Raccord rapide en queue oliv\u00e9e pour tuyaux caoutchoucs\" style=\"padding: 0 40px; width: 100%;\">\n<\/a>\n<p style=\"text-align: center;\"><strong>Raccord rapide en queue sapin pour tuyaux polyamides<\/strong><\/p>\n<\/div><\/div><\/div><\/div><div  class=\"bt_bb_column col-xxl-4 col-xl-4 col-xs-12 col-sm-12 col-md-12 col-lg-4 bt_bb_vertical_align_top bt_bb_align_left bt_bb_padding_normal\" style=\"; --column-width:4;\" data-width=\"4\" data-bt-override-class=\"{}\"><div class=\"bt_bb_column_content\"><div class=\"bt_bb_column_content_inner\"><\/div><\/div><\/div><\/div><\/div><div class=\"bt_bb_row\"  data-bt-override-class=\"{}\"><div class=\"bt_bb_row_holder\" ><div  class=\"bt_bb_column col-xxl-12 col-xl-12 col-xs-12 col-sm-12 col-md-12 col-lg-12 bt_bb_vertical_align_top bt_bb_align_left bt_bb_padding_normal\" style=\"; --column-width:12;\" data-width=\"12\" data-bt-override-class=\"{}\"><div class=\"bt_bb_column_content\"><div class=\"bt_bb_column_content_inner\"><div class=\"bt_bb_raw_content\"><div class=\"textwidget\"><br><br>DESCRIPTION :<br>\n<img decoding=\"async\" src=\"https:\/\/fgti-distribution.fr\/wp-content\/themes\/twentyeleven\/fiches-techniques-raymond\/description-raccords-rapides-fluides-raymond.jpg\" alt=\"description raccords rapides A Raymond\"><br>\nAVANTAGES:<br>\n<ul>\n\t<li>Raccords 100% plastique pour un gain de poids et une r\u00e9sistance \u00e0 la corrosion.<\/li>\n\t<li>Compatible avec les exigences environnementales (r\u00e9duction d\u2019\u00e9mission).<\/li>\n\t<li>Tr\u00e8s compact et facile \u00e0 utiliser.<\/li>\n\t<li>Il am\u00e9liore la productivit\u00e9 gr\u00e2ce \u00e0 la r\u00e9duction des temps de montage: aucun outil n\u00e9cessaire en apr\u00e8s vente.<\/li>\n\t<li>Vari\u00e9t\u00e9 d\u2019angles (0\u00b0 - 30\u00b0 - 35\u00b0 - 45\u00b0 - 55\u00b0 - 65\u00b0 - 90\u00b0 - 3 voies), diam\u00e8tres (from 6,3 to 56mm), fluides (carburant, eau, huile, air & vapeur...).<\/li>\n\t<li>Vari\u00e9t\u00e9 de performances qui d\u00e9pendent du type de fluide, du diam\u00e8tre, de la temp\u00e9rature (de -40 \u00e0 +125\u00b0) et pression (de -1 \u00e0 +10 bars).<\/li>\n\t<li>Polyvalence de nos raccords: fonctions int\u00e9gr\u00e9es telles que clapet auto-obturant, valve calibr\u00e9e, clapet anti-retour, valve avec r\u00e9gulateur de pression.<\/li>\n\t<li>Disponible avec accessoires de v\u00e9rification de bonne connexion.<\/li>\n<\/ul>\n> Notre gamme de produits apporte une solution technique pour toutes les connectiques de fluides\n<br><\/div><\/div><\/div><\/div><\/div><\/div><\/div><\/div><!-- cell_inner --><\/div><!-- cell --><\/div><!-- port --><\/section>","protected":false},"excerpt":{"rendered":"","protected":false},"author":1,"featured_media":7592,"parent":10,"menu_order":0,"comment_status":"closed","ping_status":"closed","template":"","meta":{"footnotes":""},"class_list":["post-2207","page","type-page","status-publish","has-post-thumbnail","hentry"],"yoast_head":"<!-- This site is optimized with the Yoast SEO plugin v27.3 - https:\/\/yoast.com\/product\/yoast-seo-wordpress\/ -->\n<title>Raccords rapides pour fluides A Raymond<\/title>\n<meta name=\"description\" content=\"FGTI Distribution, sp\u00e9cialiste en solutions de fixation et assemblage et distributeur officiel A Raymond vous pr\u00e9sente les raccords rapides pour fluides A Raymond\" \/>\n<meta name=\"robots\" content=\"index, follow, max-snippet:-1, max-image-preview:large, max-video-preview:-1\" \/>\n<link rel=\"canonical\" href=\"https:\/\/fgti-distribution.fr\/it\/fissaggio-araymond\/raccords-rapides-raymond\/\" \/>\n<meta property=\"og:locale\" content=\"it_IT\" \/>\n<meta property=\"og:type\" content=\"article\" \/>\n<meta property=\"og:title\" content=\"Raccords rapides pour fluides A Raymond\" \/>\n<meta property=\"og:description\" content=\"FGTI Distribution, sp\u00e9cialiste en solutions de fixation et assemblage et distributeur officiel A Raymond vous pr\u00e9sente les raccords rapides pour fluides A Raymond\" \/>\n<meta property=\"og:url\" content=\"https:\/\/fgti-distribution.fr\/it\/fissaggio-araymond\/raccords-rapides-raymond\/\" \/>\n<meta property=\"og:site_name\" content=\"FGTI Distribution\" \/>\n<meta property=\"article:modified_time\" content=\"2025-01-28T15:39:04+00:00\" \/>\n<meta property=\"og:image\" content=\"https:\/\/fgti-distribution.fr\/wp-content\/uploads\/2023\/02\/fixation-raccords-rapides.jpg\" \/>\n\t<meta property=\"og:image:width\" content=\"1600\" \/>\n\t<meta property=\"og:image:height\" content=\"430\" \/>\n\t<meta property=\"og:image:type\" content=\"image\/jpeg\" \/>\n<meta name=\"twitter:card\" content=\"summary_large_image\" \/>\n<meta name=\"twitter:label1\" content=\"Est. reading time\" \/>\n\t<meta name=\"twitter:data1\" content=\"1 minuto\" \/>\n<script type=\"application\/ld+json\" class=\"yoast-schema-graph\">{\"@context\":\"https:\\\/\\\/schema.org\",\"@graph\":[{\"@type\":\"WebPage\",\"@id\":\"https:\\\/\\\/fgti-distribution.fr\\\/fixation-araymond\\\/raccords-rapides-raymond\\\/\",\"url\":\"https:\\\/\\\/fgti-distribution.fr\\\/fixation-araymond\\\/raccords-rapides-raymond\\\/\",\"name\":\"Raccords rapides pour fluides A Raymond\",\"isPartOf\":{\"@id\":\"https:\\\/\\\/fgti-distribution.fr\\\/#website\"},\"primaryImageOfPage\":{\"@id\":\"https:\\\/\\\/fgti-distribution.fr\\\/fixation-araymond\\\/raccords-rapides-raymond\\\/#primaryimage\"},\"image\":{\"@id\":\"https:\\\/\\\/fgti-distribution.fr\\\/fixation-araymond\\\/raccords-rapides-raymond\\\/#primaryimage\"},\"thumbnailUrl\":\"https:\\\/\\\/fgti-distribution.fr\\\/wp-content\\\/uploads\\\/2023\\\/02\\\/fixation-raccords-rapides.jpg\",\"datePublished\":\"2014-01-17T16:52:10+00:00\",\"dateModified\":\"2025-01-28T15:39:04+00:00\",\"description\":\"FGTI Distribution, sp\u00e9cialiste en solutions de fixation et assemblage et distributeur officiel A Raymond vous pr\u00e9sente les raccords rapides pour fluides A Raymond\",\"breadcrumb\":{\"@id\":\"https:\\\/\\\/fgti-distribution.fr\\\/fixation-araymond\\\/raccords-rapides-raymond\\\/#breadcrumb\"},\"inLanguage\":\"it-IT\",\"potentialAction\":[{\"@type\":\"ReadAction\",\"target\":[\"https:\\\/\\\/fgti-distribution.fr\\\/fixation-araymond\\\/raccords-rapides-raymond\\\/\"]}]},{\"@type\":\"ImageObject\",\"inLanguage\":\"it-IT\",\"@id\":\"https:\\\/\\\/fgti-distribution.fr\\\/fixation-araymond\\\/raccords-rapides-raymond\\\/#primaryimage\",\"url\":\"https:\\\/\\\/fgti-distribution.fr\\\/wp-content\\\/uploads\\\/2023\\\/02\\\/fixation-raccords-rapides.jpg\",\"contentUrl\":\"https:\\\/\\\/fgti-distribution.fr\\\/wp-content\\\/uploads\\\/2023\\\/02\\\/fixation-raccords-rapides.jpg\",\"width\":1600,\"height\":430,\"caption\":\"fixation raccords rapides\"},{\"@type\":\"BreadcrumbList\",\"@id\":\"https:\\\/\\\/fgti-distribution.fr\\\/fixation-araymond\\\/raccords-rapides-raymond\\\/#breadcrumb\",\"itemListElement\":[{\"@type\":\"ListItem\",\"position\":1,\"name\":\"Home\",\"item\":\"https:\\\/\\\/fgti-distribution.fr\\\/\"},{\"@type\":\"ListItem\",\"position\":2,\"name\":\"Fixations ARaymond\",\"item\":\"https:\\\/\\\/fgti-distribution.fr\\\/fixation-araymond\\\/\"},{\"@type\":\"ListItem\",\"position\":3,\"name\":\"Raccord rapide A Raymond\"}]},{\"@type\":\"WebSite\",\"@id\":\"https:\\\/\\\/fgti-distribution.fr\\\/#website\",\"url\":\"https:\\\/\\\/fgti-distribution.fr\\\/\",\"name\":\"FGTI Distribution\",\"description\":\"Pi\u00e8ces techniques et services \u00e0 forte valeur ajout\u00e9e\",\"publisher\":{\"@id\":\"https:\\\/\\\/fgti-distribution.fr\\\/#organization\"},\"alternateName\":\"FGTI Distribution\",\"potentialAction\":[{\"@type\":\"SearchAction\",\"target\":{\"@type\":\"EntryPoint\",\"urlTemplate\":\"https:\\\/\\\/fgti-distribution.fr\\\/?s={search_term_string}\"},\"query-input\":{\"@type\":\"PropertyValueSpecification\",\"valueRequired\":true,\"valueName\":\"search_term_string\"}}],\"inLanguage\":\"it-IT\"},{\"@type\":\"Organization\",\"@id\":\"https:\\\/\\\/fgti-distribution.fr\\\/#organization\",\"name\":\"FGTI Distribution\",\"alternateName\":\"FGTI Distribution\",\"url\":\"https:\\\/\\\/fgti-distribution.fr\\\/\",\"logo\":{\"@type\":\"ImageObject\",\"inLanguage\":\"it-IT\",\"@id\":\"https:\\\/\\\/fgti-distribution.fr\\\/#\\\/schema\\\/logo\\\/image\\\/\",\"url\":\"https:\\\/\\\/fgti-distribution.fr\\\/wp-content\\\/uploads\\\/2022\\\/12\\\/logo.png\",\"contentUrl\":\"https:\\\/\\\/fgti-distribution.fr\\\/wp-content\\\/uploads\\\/2022\\\/12\\\/logo.png\",\"width\":500,\"height\":228,\"caption\":\"FGTI Distribution\"},\"image\":{\"@id\":\"https:\\\/\\\/fgti-distribution.fr\\\/#\\\/schema\\\/logo\\\/image\\\/\"},\"sameAs\":[\"https:\\\/\\\/www.linkedin.com\\\/company\\\/fgti-distribution\\\/\"]}]}<\/script>\n<!-- \/ Yoast SEO plugin. -->","yoast_head_json":{"title":"Raccords rapides pour fluides A Raymond","description":"FGTI Distribution, sp\u00e9cialiste en solutions de fixation et assemblage et distributeur officiel A Raymond vous pr\u00e9sente les raccords rapides pour fluides A Raymond","robots":{"index":"index","follow":"follow","max-snippet":"max-snippet:-1","max-image-preview":"max-image-preview:large","max-video-preview":"max-video-preview:-1"},"canonical":"https:\/\/fgti-distribution.fr\/it\/fissaggio-araymond\/raccords-rapides-raymond\/","og_locale":"it_IT","og_type":"article","og_title":"Raccords rapides pour fluides A Raymond","og_description":"FGTI Distribution, sp\u00e9cialiste en solutions de fixation et assemblage et distributeur officiel A Raymond vous pr\u00e9sente les raccords rapides pour fluides A Raymond","og_url":"https:\/\/fgti-distribution.fr\/it\/fissaggio-araymond\/raccords-rapides-raymond\/","og_site_name":"FGTI Distribution","article_modified_time":"2025-01-28T15:39:04+00:00","og_image":[{"width":1600,"height":430,"url":"https:\/\/fgti-distribution.fr\/wp-content\/uploads\/2023\/02\/fixation-raccords-rapides.jpg","type":"image\/jpeg"}],"twitter_card":"summary_large_image","twitter_misc":{"Est. reading time":"1 minuto"},"schema":{"@context":"https:\/\/schema.org","@graph":[{"@type":"WebPage","@id":"https:\/\/fgti-distribution.fr\/fixation-araymond\/raccords-rapides-raymond\/","url":"https:\/\/fgti-distribution.fr\/fixation-araymond\/raccords-rapides-raymond\/","name":"Raccords rapides pour fluides A Raymond","isPartOf":{"@id":"https:\/\/fgti-distribution.fr\/#website"},"primaryImageOfPage":{"@id":"https:\/\/fgti-distribution.fr\/fixation-araymond\/raccords-rapides-raymond\/#primaryimage"},"image":{"@id":"https:\/\/fgti-distribution.fr\/fixation-araymond\/raccords-rapides-raymond\/#primaryimage"},"thumbnailUrl":"https:\/\/fgti-distribution.fr\/wp-content\/uploads\/2023\/02\/fixation-raccords-rapides.jpg","datePublished":"2014-01-17T16:52:10+00:00","dateModified":"2025-01-28T15:39:04+00:00","description":"FGTI Distribution, sp\u00e9cialiste en solutions de fixation et assemblage et distributeur officiel A Raymond vous pr\u00e9sente les raccords rapides pour fluides A Raymond","breadcrumb":{"@id":"https:\/\/fgti-distribution.fr\/fixation-araymond\/raccords-rapides-raymond\/#breadcrumb"},"inLanguage":"it-IT","potentialAction":[{"@type":"ReadAction","target":["https:\/\/fgti-distribution.fr\/fixation-araymond\/raccords-rapides-raymond\/"]}]},{"@type":"ImageObject","inLanguage":"it-IT","@id":"https:\/\/fgti-distribution.fr\/fixation-araymond\/raccords-rapides-raymond\/#primaryimage","url":"https:\/\/fgti-distribution.fr\/wp-content\/uploads\/2023\/02\/fixation-raccords-rapides.jpg","contentUrl":"https:\/\/fgti-distribution.fr\/wp-content\/uploads\/2023\/02\/fixation-raccords-rapides.jpg","width":1600,"height":430,"caption":"fixation raccords rapides"},{"@type":"BreadcrumbList","@id":"https:\/\/fgti-distribution.fr\/fixation-araymond\/raccords-rapides-raymond\/#breadcrumb","itemListElement":[{"@type":"ListItem","position":1,"name":"Home","item":"https:\/\/fgti-distribution.fr\/"},{"@type":"ListItem","position":2,"name":"Fixations ARaymond","item":"https:\/\/fgti-distribution.fr\/fixation-araymond\/"},{"@type":"ListItem","position":3,"name":"Raccord rapide A Raymond"}]},{"@type":"WebSite","@id":"https:\/\/fgti-distribution.fr\/#website","url":"https:\/\/fgti-distribution.fr\/","name":"Distribuzione FGTI","description":"Parti tecniche e servizi ad alto valore aggiunto","publisher":{"@id":"https:\/\/fgti-distribution.fr\/#organization"},"alternateName":"FGTI Distribution","potentialAction":[{"@type":"SearchAction","target":{"@type":"EntryPoint","urlTemplate":"https:\/\/fgti-distribution.fr\/?s={search_term_string}"},"query-input":{"@type":"PropertyValueSpecification","valueRequired":true,"valueName":"search_term_string"}}],"inLanguage":"it-IT"},{"@type":"Organization","@id":"https:\/\/fgti-distribution.fr\/#organization","name":"Distribuzione FGTI","alternateName":"FGTI Distribution","url":"https:\/\/fgti-distribution.fr\/","logo":{"@type":"ImageObject","inLanguage":"it-IT","@id":"https:\/\/fgti-distribution.fr\/#\/schema\/logo\/image\/","url":"https:\/\/fgti-distribution.fr\/wp-content\/uploads\/2022\/12\/logo.png","contentUrl":"https:\/\/fgti-distribution.fr\/wp-content\/uploads\/2022\/12\/logo.png","width":500,"height":228,"caption":"FGTI Distribution"},"image":{"@id":"https:\/\/fgti-distribution.fr\/#\/schema\/logo\/image\/"},"sameAs":["https:\/\/www.linkedin.com\/company\/fgti-distribution\/"]}]}},"_links":{"self":[{"href":"https:\/\/fgti-distribution.fr\/it\/wp-json\/wp\/v2\/pages\/2207","targetHints":{"allow":["GET"]}}],"collection":[{"href":"https:\/\/fgti-distribution.fr\/it\/wp-json\/wp\/v2\/pages"}],"about":[{"href":"https:\/\/fgti-distribution.fr\/it\/wp-json\/wp\/v2\/types\/page"}],"author":[{"embeddable":true,"href":"https:\/\/fgti-distribution.fr\/it\/wp-json\/wp\/v2\/users\/1"}],"replies":[{"embeddable":true,"href":"https:\/\/fgti-distribution.fr\/it\/wp-json\/wp\/v2\/comments?post=2207"}],"version-history":[{"count":5,"href":"https:\/\/fgti-distribution.fr\/it\/wp-json\/wp\/v2\/pages\/2207\/revisions"}],"predecessor-version":[{"id":9951,"href":"https:\/\/fgti-distribution.fr\/it\/wp-json\/wp\/v2\/pages\/2207\/revisions\/9951"}],"up":[{"embeddable":true,"href":"https:\/\/fgti-distribution.fr\/it\/wp-json\/wp\/v2\/pages\/10"}],"wp:featuredmedia":[{"embeddable":true,"href":"https:\/\/fgti-distribution.fr\/it\/wp-json\/wp\/v2\/media\/7592"}],"wp:attachment":[{"href":"https:\/\/fgti-distribution.fr\/it\/wp-json\/wp\/v2\/media?parent=2207"}],"curies":[{"name":"wp","href":"https:\/\/api.w.org\/{rel}","templated":true}]}}