{"id":2297,"date":"2014-01-18T13:34:27","date_gmt":"2014-01-18T13:34:27","guid":{"rendered":"https:\/\/fgti-distribution.fr\/?page_id=2297"},"modified":"2024-02-27T12:17:57","modified_gmt":"2024-02-27T12:17:57","slug":"ecrou-bord-de-tole-raymond-epaisseurs-variables","status":"publish","type":"page","link":"https:\/\/fgti-distribution.fr\/it\/fixation-araymond\/ecrou-bord-de-tole-raymond-epaisseurs-variables\/","title":{"rendered":"Ecrou bord de t\u00f4le A Raymond \/ Support tube bord de t\u00f4le"},"content":{"rendered":"<section data-bb-version=\"4.8.2\" id=\"bt_bb_section69d03d2f2b78d\" class=\"bt_bb_section bt_bb_layout_boxed_1200\"  data-bt-override-class=\"null\"><div class=\"bt_bb_port\"><div class=\"bt_bb_cell\"><div class=\"bt_bb_cell_inner\"><div class=\"bt_bb_row\"  data-bt-override-class=\"{}\"><div class=\"bt_bb_row_holder\" ><div data-bb-version=\"4.8.2\"  class=\"bt_bb_column col-xxl-12 col-xl-12 col-xs-12 col-sm-12 col-md-12 col-lg-12 bt_bb_vertical_align_top bt_bb_align_left bt_bb_padding_normal\" style=\"; --column-width:12;\" data-width=\"12\" data-bt-override-class=\"{}\"><div class=\"bt_bb_column_content\"><div class=\"bt_bb_column_content_inner\"><div class=\"bt_bb_raw_content\"><div style=\"color: #bababa; font-size: 12px; margin-bottom: 20px;\">FGTI-Distribution &gt; Fixations ARaymond &gt; Fiches techniques d\u00e9taill\u00e9es &gt; Clips d\u2019arr\u00eats et Ecrous &gt; Ecrous<\/div>\n<table style=\"border: 0 none;\">\n<tbody>\n<tr>\n<td style=\"vertical-align: top; width: 60px;\"><a style=\"border: 0 none;\" href=\"https:\/\/fgti-distribution.fr\/it\/wp-content\/themes\/twentyeleven\/fiches-techniques-raymond\/ecrou-bord-de-tole-raymond-epaisseurs-variables.pdf\/\" target=\"_blank\" rel=\"noopener\"><img decoding=\"async\" src=\"https:\/\/fgti-distribution.fr\/FGTI_images\/pdficon_large.png\" \/><\/a><\/td>\n<td style=\"text-align: left; vertical-align: top;\">\n<h2 style=\"text-transform: none;\"><span style=\"color: #e82c2e; font-weight: bold; font-size: 20px;\">Ecrous bord de t\u00f4le<\/span>\nEcrou bord de t\u00f4le \/ M\u00e9triques pour \u00e9paisseurs variables<\/h2>\n<\/td>\n<td style=\"text-align: right; font-size: 10px; padding: 0 20px;\"><img decoding=\"async\" src=\"https:\/\/fgti-distribution.fr\/FGTI_images\/bords-de-panneaux.jpg\" alt=\"\u00e9crous bord de t\u00f4le raymond sur bord de panneaux\" \/>\n<h3 style=\"font-size: 10px;\">Ecrou bord de t\u00f4le<\/h3>\n<\/td>\n<\/tr>\n<tr>\n<td style=\"vertical-align: top;\" colspan=\"2\"><img decoding=\"async\" src=\"https:\/\/fgti-distribution.fr\/wp-content\/themes\/twentyeleven\/fiches-techniques-raymond\/ecrou-bord-de-tole-raymond-epaisseurs-variables-FGTI-photo.jpg\" alt=\"photo Ecrous A Raymond \u00e0 pincer sur bords de panneaux \/ M\u00e9triques pour \u00e9paisseurs variables\" \/><\/td>\n<td style=\"vertical-align: top;\"><img decoding=\"async\" src=\"https:\/\/fgti-distribution.fr\/wp-content\/themes\/twentyeleven\/fiches-techniques-raymond\/ecrou-bord-de-tole-raymond-epaisseurs-variables-FGTI-schema.jpg\" alt=\"sch\u00e9ma Ecrou bord de t\u00f4le A Raymond\" \/><\/td>\n<\/tr>\n<tr>\n<td style=\"vertical-align: top; text-align: center; font-size: 10px;\" colspan=\"3\">\n<h3>Dimensions - Ecrou bord de t\u00f4le<\/h3>\nToutes les dimensions sont en mm et angles en \u00b0 \/ Autres dimensions et variantes sur demande\n<img decoding=\"async\" src=\"https:\/\/fgti-distribution.fr\/wp-content\/themes\/twentyeleven\/fiches-techniques-raymond\/ecrou-bord-de-tole-raymond-epaisseurs-variables-FGTI-tableau.jpg\" alt=\"dimensions Ecrou bord de t\u00f4le A Raymond\" \/><\/td>\n<\/tr>\n<tr>\n<td style=\"vertical-align: top; text-align: left; font-size: 10px;\" colspan=\"2\"><img decoding=\"async\" src=\"https:\/\/fgti-distribution.fr\/wp-content\/themes\/twentyeleven\/fiches-techniques-raymond\/ecrou-bord-de-tole-raymond-epaisseurs-variables-FGTI-info.jpg\" alt=\"info Ecrou bord de t\u00f4le A Raymond\" \/>\n- Pour fixer un \u00e9l\u00e9ment sur un panneau \u00e0 l\u2019aide d\u2019une vis \u00e0 pas m\u00e9trique\n- Ces clips se montent aussi bien sur des bords de panneaux qu\u2019en milieu de panneaux\n- Gr\u00e2ce \u00e0 leurs bretelles, ils plaquent totalement sur les deux faces des supports, assurant un excellent positionnement pour le montage de la vis\n- Ces clips renforcent les t\u00f4les d\u2019appui et restent en place en cas de d\u00e9vissage\n- Le design permet d\u2019absorber diff\u00e9rentes \u00e9paisseurs de panneaux, et optimise le positionnement du f\u00fbt taraud\u00e9 sur son support\n- Pour un pr\u00e9-maintien sur panneaux avant vissage (exemple pour le transport), privil\u00e9gier les versions avec languettes de retenue<\/td>\n<td style=\"vertical-align: top; font-size: 10px;\"><\/td>\n<\/tr>\n<\/tbody>\n<\/table><\/div><\/div><\/div><\/div><\/div><\/div><\/div><!-- cell_inner --><\/div><!-- cell --><\/div><!-- port --><\/section>","protected":false},"excerpt":{"rendered":"","protected":false},"author":1,"featured_media":0,"parent":10,"menu_order":0,"comment_status":"closed","ping_status":"closed","template":"","meta":{"footnotes":""},"class_list":["post-2297","page","type-page","status-publish","hentry"],"yoast_head":"<!-- This site is optimized with the Yoast SEO plugin v27.3 - https:\/\/yoast.com\/product\/yoast-seo-wordpress\/ -->\n<title>Ecrou bord de t\u00f4le \/ M\u00e9triques pour \u00e9paisseurs variables<\/title>\n<meta name=\"description\" content=\"A consulter : la fiche technique d\u00e9taill\u00e9e de l&#039;\u00e9crou bord de t\u00f4le A Raymond. N&#039;h\u00e9sitez pas \u00e0 nous contacter. \u2705 Accompagnement technique.\" \/>\n<meta name=\"robots\" content=\"index, follow, max-snippet:-1, max-image-preview:large, max-video-preview:-1\" \/>\n<link rel=\"canonical\" href=\"https:\/\/fgti-distribution.fr\/it\/fissaggio-araymond\/ecrou-bord-de-tole-raymond-epaisseurs-variables\/\" \/>\n<meta property=\"og:locale\" content=\"it_IT\" \/>\n<meta property=\"og:type\" content=\"article\" \/>\n<meta property=\"og:title\" content=\"Ecrou bord de t\u00f4le \/ M\u00e9triques pour \u00e9paisseurs variables\" \/>\n<meta property=\"og:description\" content=\"A consulter : la fiche technique d\u00e9taill\u00e9e de l&#039;\u00e9crou bord de t\u00f4le A Raymond. N&#039;h\u00e9sitez pas \u00e0 nous contacter. \u2705 Accompagnement technique.\" \/>\n<meta property=\"og:url\" content=\"https:\/\/fgti-distribution.fr\/it\/fissaggio-araymond\/ecrou-bord-de-tole-raymond-epaisseurs-variables\/\" \/>\n<meta property=\"og:site_name\" content=\"FGTI Distribution\" \/>\n<meta property=\"article:modified_time\" content=\"2024-02-27T12:17:57+00:00\" \/>\n<meta name=\"twitter:card\" content=\"summary_large_image\" \/>\n<meta name=\"twitter:label1\" content=\"Est. reading time\" \/>\n\t<meta name=\"twitter:data1\" content=\"1 minuto\" \/>\n<script type=\"application\/ld+json\" class=\"yoast-schema-graph\">{\"@context\":\"https:\\\/\\\/schema.org\",\"@graph\":[{\"@type\":\"WebPage\",\"@id\":\"https:\\\/\\\/fgti-distribution.fr\\\/fixation-araymond\\\/ecrou-bord-de-tole-raymond-epaisseurs-variables\\\/\",\"url\":\"https:\\\/\\\/fgti-distribution.fr\\\/fixation-araymond\\\/ecrou-bord-de-tole-raymond-epaisseurs-variables\\\/\",\"name\":\"Ecrou bord de t\u00f4le \\\/ M\u00e9triques pour \u00e9paisseurs variables\",\"isPartOf\":{\"@id\":\"https:\\\/\\\/fgti-distribution.fr\\\/#website\"},\"datePublished\":\"2014-01-18T13:34:27+00:00\",\"dateModified\":\"2024-02-27T12:17:57+00:00\",\"description\":\"A consulter : la fiche technique d\u00e9taill\u00e9e de l'\u00e9crou bord de t\u00f4le A Raymond. N'h\u00e9sitez pas \u00e0 nous contacter. \u2705 Accompagnement technique.\",\"breadcrumb\":{\"@id\":\"https:\\\/\\\/fgti-distribution.fr\\\/fixation-araymond\\\/ecrou-bord-de-tole-raymond-epaisseurs-variables\\\/#breadcrumb\"},\"inLanguage\":\"it-IT\",\"potentialAction\":[{\"@type\":\"ReadAction\",\"target\":[\"https:\\\/\\\/fgti-distribution.fr\\\/fixation-araymond\\\/ecrou-bord-de-tole-raymond-epaisseurs-variables\\\/\"]}]},{\"@type\":\"BreadcrumbList\",\"@id\":\"https:\\\/\\\/fgti-distribution.fr\\\/fixation-araymond\\\/ecrou-bord-de-tole-raymond-epaisseurs-variables\\\/#breadcrumb\",\"itemListElement\":[{\"@type\":\"ListItem\",\"position\":1,\"name\":\"Home\",\"item\":\"https:\\\/\\\/fgti-distribution.fr\\\/\"},{\"@type\":\"ListItem\",\"position\":2,\"name\":\"Fixations ARaymond\",\"item\":\"https:\\\/\\\/fgti-distribution.fr\\\/fixation-araymond\\\/\"},{\"@type\":\"ListItem\",\"position\":3,\"name\":\"Ecrou bord de t\u00f4le A Raymond \\\/ Support tube bord de t\u00f4le\"}]},{\"@type\":\"WebSite\",\"@id\":\"https:\\\/\\\/fgti-distribution.fr\\\/#website\",\"url\":\"https:\\\/\\\/fgti-distribution.fr\\\/\",\"name\":\"FGTI Distribution\",\"description\":\"Pi\u00e8ces techniques et services \u00e0 forte valeur ajout\u00e9e\",\"publisher\":{\"@id\":\"https:\\\/\\\/fgti-distribution.fr\\\/#organization\"},\"alternateName\":\"FGTI Distribution\",\"potentialAction\":[{\"@type\":\"SearchAction\",\"target\":{\"@type\":\"EntryPoint\",\"urlTemplate\":\"https:\\\/\\\/fgti-distribution.fr\\\/?s={search_term_string}\"},\"query-input\":{\"@type\":\"PropertyValueSpecification\",\"valueRequired\":true,\"valueName\":\"search_term_string\"}}],\"inLanguage\":\"it-IT\"},{\"@type\":\"Organization\",\"@id\":\"https:\\\/\\\/fgti-distribution.fr\\\/#organization\",\"name\":\"FGTI Distribution\",\"alternateName\":\"FGTI Distribution\",\"url\":\"https:\\\/\\\/fgti-distribution.fr\\\/\",\"logo\":{\"@type\":\"ImageObject\",\"inLanguage\":\"it-IT\",\"@id\":\"https:\\\/\\\/fgti-distribution.fr\\\/#\\\/schema\\\/logo\\\/image\\\/\",\"url\":\"https:\\\/\\\/fgti-distribution.fr\\\/wp-content\\\/uploads\\\/2022\\\/12\\\/logo.png\",\"contentUrl\":\"https:\\\/\\\/fgti-distribution.fr\\\/wp-content\\\/uploads\\\/2022\\\/12\\\/logo.png\",\"width\":500,\"height\":228,\"caption\":\"FGTI Distribution\"},\"image\":{\"@id\":\"https:\\\/\\\/fgti-distribution.fr\\\/#\\\/schema\\\/logo\\\/image\\\/\"},\"sameAs\":[\"https:\\\/\\\/www.linkedin.com\\\/company\\\/fgti-distribution\\\/\"]}]}<\/script>\n<!-- \/ Yoast SEO plugin. -->","yoast_head_json":{"title":"Ecrou bord de t\u00f4le \/ M\u00e9triques pour \u00e9paisseurs variables","description":"A consulter : la fiche technique d\u00e9taill\u00e9e de l'\u00e9crou bord de t\u00f4le A Raymond. N'h\u00e9sitez pas \u00e0 nous contacter. \u2705 Accompagnement technique.","robots":{"index":"index","follow":"follow","max-snippet":"max-snippet:-1","max-image-preview":"max-image-preview:large","max-video-preview":"max-video-preview:-1"},"canonical":"https:\/\/fgti-distribution.fr\/it\/fissaggio-araymond\/ecrou-bord-de-tole-raymond-epaisseurs-variables\/","og_locale":"it_IT","og_type":"article","og_title":"Ecrou bord de t\u00f4le \/ M\u00e9triques pour \u00e9paisseurs variables","og_description":"A consulter : la fiche technique d\u00e9taill\u00e9e de l'\u00e9crou bord de t\u00f4le A Raymond. N'h\u00e9sitez pas \u00e0 nous contacter. \u2705 Accompagnement technique.","og_url":"https:\/\/fgti-distribution.fr\/it\/fissaggio-araymond\/ecrou-bord-de-tole-raymond-epaisseurs-variables\/","og_site_name":"FGTI Distribution","article_modified_time":"2024-02-27T12:17:57+00:00","twitter_card":"summary_large_image","twitter_misc":{"Est. reading time":"1 minuto"},"schema":{"@context":"https:\/\/schema.org","@graph":[{"@type":"WebPage","@id":"https:\/\/fgti-distribution.fr\/fixation-araymond\/ecrou-bord-de-tole-raymond-epaisseurs-variables\/","url":"https:\/\/fgti-distribution.fr\/fixation-araymond\/ecrou-bord-de-tole-raymond-epaisseurs-variables\/","name":"Ecrou bord de t\u00f4le \/ M\u00e9triques pour \u00e9paisseurs variables","isPartOf":{"@id":"https:\/\/fgti-distribution.fr\/#website"},"datePublished":"2014-01-18T13:34:27+00:00","dateModified":"2024-02-27T12:17:57+00:00","description":"A consulter : la fiche technique d\u00e9taill\u00e9e de l'\u00e9crou bord de t\u00f4le A Raymond. N'h\u00e9sitez pas \u00e0 nous contacter. \u2705 Accompagnement technique.","breadcrumb":{"@id":"https:\/\/fgti-distribution.fr\/fixation-araymond\/ecrou-bord-de-tole-raymond-epaisseurs-variables\/#breadcrumb"},"inLanguage":"it-IT","potentialAction":[{"@type":"ReadAction","target":["https:\/\/fgti-distribution.fr\/fixation-araymond\/ecrou-bord-de-tole-raymond-epaisseurs-variables\/"]}]},{"@type":"BreadcrumbList","@id":"https:\/\/fgti-distribution.fr\/fixation-araymond\/ecrou-bord-de-tole-raymond-epaisseurs-variables\/#breadcrumb","itemListElement":[{"@type":"ListItem","position":1,"name":"Home","item":"https:\/\/fgti-distribution.fr\/"},{"@type":"ListItem","position":2,"name":"Fixations ARaymond","item":"https:\/\/fgti-distribution.fr\/fixation-araymond\/"},{"@type":"ListItem","position":3,"name":"Ecrou bord de t\u00f4le A Raymond \/ Support tube bord de t\u00f4le"}]},{"@type":"WebSite","@id":"https:\/\/fgti-distribution.fr\/#website","url":"https:\/\/fgti-distribution.fr\/","name":"Distribuzione FGTI","description":"Parti tecniche e servizi ad alto valore aggiunto","publisher":{"@id":"https:\/\/fgti-distribution.fr\/#organization"},"alternateName":"FGTI Distribution","potentialAction":[{"@type":"SearchAction","target":{"@type":"EntryPoint","urlTemplate":"https:\/\/fgti-distribution.fr\/?s={search_term_string}"},"query-input":{"@type":"PropertyValueSpecification","valueRequired":true,"valueName":"search_term_string"}}],"inLanguage":"it-IT"},{"@type":"Organization","@id":"https:\/\/fgti-distribution.fr\/#organization","name":"Distribuzione FGTI","alternateName":"FGTI Distribution","url":"https:\/\/fgti-distribution.fr\/","logo":{"@type":"ImageObject","inLanguage":"it-IT","@id":"https:\/\/fgti-distribution.fr\/#\/schema\/logo\/image\/","url":"https:\/\/fgti-distribution.fr\/wp-content\/uploads\/2022\/12\/logo.png","contentUrl":"https:\/\/fgti-distribution.fr\/wp-content\/uploads\/2022\/12\/logo.png","width":500,"height":228,"caption":"FGTI Distribution"},"image":{"@id":"https:\/\/fgti-distribution.fr\/#\/schema\/logo\/image\/"},"sameAs":["https:\/\/www.linkedin.com\/company\/fgti-distribution\/"]}]}},"_links":{"self":[{"href":"https:\/\/fgti-distribution.fr\/it\/wp-json\/wp\/v2\/pages\/2297","targetHints":{"allow":["GET"]}}],"collection":[{"href":"https:\/\/fgti-distribution.fr\/it\/wp-json\/wp\/v2\/pages"}],"about":[{"href":"https:\/\/fgti-distribution.fr\/it\/wp-json\/wp\/v2\/types\/page"}],"author":[{"embeddable":true,"href":"https:\/\/fgti-distribution.fr\/it\/wp-json\/wp\/v2\/users\/1"}],"replies":[{"embeddable":true,"href":"https:\/\/fgti-distribution.fr\/it\/wp-json\/wp\/v2\/comments?post=2297"}],"version-history":[{"count":3,"href":"https:\/\/fgti-distribution.fr\/it\/wp-json\/wp\/v2\/pages\/2297\/revisions"}],"predecessor-version":[{"id":9402,"href":"https:\/\/fgti-distribution.fr\/it\/wp-json\/wp\/v2\/pages\/2297\/revisions\/9402"}],"up":[{"embeddable":true,"href":"https:\/\/fgti-distribution.fr\/it\/wp-json\/wp\/v2\/pages\/10"}],"wp:attachment":[{"href":"https:\/\/fgti-distribution.fr\/it\/wp-json\/wp\/v2\/media?parent=2297"}],"curies":[{"name":"wp","href":"https:\/\/api.w.org\/{rel}","templated":true}]}}