{"id":2677,"date":"2015-03-13T15:20:28","date_gmt":"2015-03-13T15:20:28","guid":{"rendered":"https:\/\/fgti-distribution.fr\/?page_id=2677"},"modified":"2023-05-15T16:17:13","modified_gmt":"2023-05-15T16:17:13","slug":"rivets-creux-acier","status":"publish","type":"page","link":"https:\/\/fgti-distribution.fr\/it\/rivets-tubulaires\/rivets-creux-acier\/","title":{"rendered":"Rivets creux acier"},"content":{"rendered":"<section id=\"bt_bb_section69f2b74a8ecb6\" class=\"bt_bb_section bt_bb_layout_boxed_1200\"  data-bt-override-class=\"null\"><div class=\"bt_bb_port\"><div class=\"bt_bb_cell\"><div class=\"bt_bb_cell_inner\"><div class=\"bt_bb_row\"  data-bt-override-class=\"{}\"><div class=\"bt_bb_row_holder\" ><div  class=\"bt_bb_column col-xxl-12 col-xl-12 col-xs-12 col-sm-12 col-md-12 col-lg-12 bt_bb_vertical_align_top bt_bb_align_left bt_bb_padding_normal\" style=\"; --column-width:12;\" data-width=\"12\" data-bt-override-class=\"{}\"><div class=\"bt_bb_column_content\"><div class=\"bt_bb_column_content_inner\"><div class=\"bt_bb_raw_content\"><div id=\"pl-2677\" class=\"panel-layout\">\n<div id=\"pg-2677-0\" class=\"panel-grid panel-no-style\">\n<div id=\"pgc-2677-0-0\" class=\"panel-grid-cell\" data-weight=\"1\">\n<div id=\"panel-2677-0-0-0\" class=\"so-panel widget widget_text panel-first-child panel-last-child\" data-index=\"0\" data-style=\"{\"background_image_attachment\":false,\"background_display\":\"tile\"}\">\n<div class=\"textwidget\">\n<div style=\"color: #bababa; font-size: 12px; padding-bottom: 20px;\">FGTI-Distribution > Rivets creux (rivets tubes ou tubulaires) > Rivets creux acier<\/div>\n<h1>FGTI Distribution, distributeur de rivets creux, d'entretoises tubulaires et de pi\u00e8ces de pr\u00e9cision tubulaires selon la norme DIN 7340 :<\/h1>\n<\/div>\n<\/div>\n<\/div>\n<\/div>\n<div id=\"pg-2677-1\" class=\"panel-grid panel-no-style\">\n<div id=\"pgc-2677-1-0\" class=\"panel-grid-cell\" data-weight=\"0.55\">\n<div id=\"panel-2677-1-0-0\" class=\"so-panel widget widget_text panel-first-child panel-last-child\" data-index=\"1\" data-style=\"{\"background_image_attachment\":false,\"background_display\":\"tile\"}\">\n<div class=\"textwidget\">\n\nLes rivets creux pr\u00e9sentent des avantages \u00e0 prendre en compte en fonction du besoin d'assemblage :\n<ul>\n \t<li class=\"tiret\">Alternative particuli\u00e8rement performante aux rivets pleins ou rivets aveugles : passage de c\u00e2ble<\/li>\n \t<li class=\"tiret\">Alternative \u00e0 la soudure : mise en \u0153uvre plus pratique et plus \u00e9conomique<\/li>\n \t<li class=\"tiret\">Sertissage de plusieurs \u00e9l\u00e9ments en une seule op\u00e9ration<\/li>\n<\/ul>\n<strong>Traitement : <\/strong>tonnelage, d\u00e9capage, \u00e9bavurage chimique (laiton, cuivre et acier)\n<br \/><br \/>\nLe rivet creux est tr\u00e8s utile dans de nombreuses applications : la m\u00e9canique, la domotique, l'\u00e9lectrom\u00e9nager, la papeterie, la nautisme, l'aviation, l'assemblage m\u00e9tallique et l'industrie globalement.\n<br \/><br \/>\nPour vos besoins en rivets creux, le m\u00e9tal \u00e0 choisir d\u00e9pend de la r\u00e9sistance exig\u00e9e et de la natures des mat\u00e9riaux \u00e0 assembler.\n<br \/><br \/>\nL'acier est un alliage m\u00e9tallique constitu\u00e9 principalement de fer et de carbone, composition chimique \u00e0 l\u2019\u00e9preuve de la r\u00e9sistance qui joue un r\u00f4le important en mati\u00e8re de soudabilit\u00e9 et dans le comportement \u00e0 la corrosion des ouvrages m\u00e9talliques.<br \/>\nC\u2019est essentiellement la teneur en carbone qui conf\u00e8re \u00e0 l\u2019alliage les propri\u00e9t\u00e9s du m\u00e9tal qu\u2019on appelle \u00ab acier \u00bb, il est \u00e9labor\u00e9 pour r\u00e9sister \u00e0 des sollicitations m\u00e9caniques ou chimiques.\n<br \/><br \/>\n<\/div>\n<\/div>\n<\/div>\n<div id=\"pgc-2677-1-1\" class=\"panel-grid-cell\" data-weight=\"0.45\">\n<div id=\"panel-2677-1-1-0\" class=\"so-panel widget widget_text panel-first-child panel-last-child\" data-index=\"2\" data-style=\"{\"background_image_attachment\":false,\"background_display\":\"tile\"}\">\n<div class=\"textwidget\">\n\n<img decoding=\"async\" src=\"https:\/\/fgti-distribution.fr\/wp-content\/themes\/twentyeleven\/images\/rivets-tubes-acier.jpg\" alt=\"rivets tubes acier\" \/>\n\n<\/div>\n<\/div>\n<\/div>\n<\/div>\n<\/div><\/div><\/div><\/div><\/div><\/div><\/div><\/div><!-- cell_inner --><\/div><!-- cell --><\/div><!-- port --><\/section>","protected":false},"excerpt":{"rendered":"","protected":false},"author":1,"featured_media":7169,"parent":12,"menu_order":0,"comment_status":"closed","ping_status":"closed","template":"","meta":{"footnotes":""},"class_list":["post-2677","page","type-page","status-publish","has-post-thumbnail","hentry"],"yoast_head":"<!-- This site is optimized with the Yoast SEO plugin v27.3 - https:\/\/yoast.com\/product\/yoast-seo-wordpress\/ -->\n<title>Rivets creux acier \/ rivets tubulaires acier<\/title>\n<meta name=\"description\" content=\"Gr\u00e2ce \u00e0 son expertise technique des rivets creux (rivets tubulaires), FGTI Distribution vous propose des solutions pour vos besoins en rivets creux acier\" \/>\n<meta name=\"robots\" content=\"index, follow, max-snippet:-1, max-image-preview:large, max-video-preview:-1\" \/>\n<link rel=\"canonical\" href=\"https:\/\/fgti-distribution.fr\/it\/rivetti-tubolari\/rivets-creux-acier\/\" \/>\n<meta property=\"og:locale\" content=\"it_IT\" \/>\n<meta property=\"og:type\" content=\"article\" \/>\n<meta property=\"og:title\" content=\"Rivets creux acier \/ rivets tubulaires acier\" \/>\n<meta property=\"og:description\" content=\"Gr\u00e2ce \u00e0 son expertise technique des rivets creux (rivets tubulaires), FGTI Distribution vous propose des solutions pour vos besoins en rivets creux acier\" \/>\n<meta property=\"og:url\" content=\"https:\/\/fgti-distribution.fr\/it\/rivetti-tubolari\/rivets-creux-acier\/\" \/>\n<meta property=\"og:site_name\" content=\"FGTI Distribution\" \/>\n<meta property=\"article:modified_time\" content=\"2023-05-15T16:17:13+00:00\" \/>\n<meta property=\"og:image\" content=\"https:\/\/fgti-distribution.fr\/wp-content\/uploads\/2023\/02\/rivets-creux-acier.jpg\" \/>\n\t<meta property=\"og:image:width\" content=\"1600\" \/>\n\t<meta property=\"og:image:height\" content=\"430\" \/>\n\t<meta property=\"og:image:type\" content=\"image\/jpeg\" \/>\n<meta name=\"twitter:card\" content=\"summary_large_image\" \/>\n<meta name=\"twitter:label1\" content=\"Est. reading time\" \/>\n\t<meta name=\"twitter:data1\" content=\"1 minuto\" \/>\n<script type=\"application\/ld+json\" class=\"yoast-schema-graph\">{\"@context\":\"https:\\\/\\\/schema.org\",\"@graph\":[{\"@type\":\"WebPage\",\"@id\":\"https:\\\/\\\/fgti-distribution.fr\\\/rivets-tubulaires\\\/rivets-creux-acier\\\/\",\"url\":\"https:\\\/\\\/fgti-distribution.fr\\\/rivets-tubulaires\\\/rivets-creux-acier\\\/\",\"name\":\"Rivets creux acier \\\/ rivets tubulaires acier\",\"isPartOf\":{\"@id\":\"https:\\\/\\\/fgti-distribution.fr\\\/#website\"},\"primaryImageOfPage\":{\"@id\":\"https:\\\/\\\/fgti-distribution.fr\\\/rivets-tubulaires\\\/rivets-creux-acier\\\/#primaryimage\"},\"image\":{\"@id\":\"https:\\\/\\\/fgti-distribution.fr\\\/rivets-tubulaires\\\/rivets-creux-acier\\\/#primaryimage\"},\"thumbnailUrl\":\"https:\\\/\\\/fgti-distribution.fr\\\/wp-content\\\/uploads\\\/2023\\\/02\\\/rivets-creux-acier.jpg\",\"datePublished\":\"2015-03-13T15:20:28+00:00\",\"dateModified\":\"2023-05-15T16:17:13+00:00\",\"description\":\"Gr\u00e2ce \u00e0 son expertise technique des rivets creux (rivets tubulaires), FGTI Distribution vous propose des solutions pour vos besoins en rivets creux acier\",\"breadcrumb\":{\"@id\":\"https:\\\/\\\/fgti-distribution.fr\\\/rivets-tubulaires\\\/rivets-creux-acier\\\/#breadcrumb\"},\"inLanguage\":\"it-IT\",\"potentialAction\":[{\"@type\":\"ReadAction\",\"target\":[\"https:\\\/\\\/fgti-distribution.fr\\\/rivets-tubulaires\\\/rivets-creux-acier\\\/\"]}]},{\"@type\":\"ImageObject\",\"inLanguage\":\"it-IT\",\"@id\":\"https:\\\/\\\/fgti-distribution.fr\\\/rivets-tubulaires\\\/rivets-creux-acier\\\/#primaryimage\",\"url\":\"https:\\\/\\\/fgti-distribution.fr\\\/wp-content\\\/uploads\\\/2023\\\/02\\\/rivets-creux-acier.jpg\",\"contentUrl\":\"https:\\\/\\\/fgti-distribution.fr\\\/wp-content\\\/uploads\\\/2023\\\/02\\\/rivets-creux-acier.jpg\",\"width\":1600,\"height\":430,\"caption\":\"rivets creux acier\"},{\"@type\":\"BreadcrumbList\",\"@id\":\"https:\\\/\\\/fgti-distribution.fr\\\/rivets-tubulaires\\\/rivets-creux-acier\\\/#breadcrumb\",\"itemListElement\":[{\"@type\":\"ListItem\",\"position\":1,\"name\":\"Home\",\"item\":\"https:\\\/\\\/fgti-distribution.fr\\\/\"},{\"@type\":\"ListItem\",\"position\":2,\"name\":\"Rivets tubulaires\",\"item\":\"https:\\\/\\\/fgti-distribution.fr\\\/rivets-tubulaires\\\/\"},{\"@type\":\"ListItem\",\"position\":3,\"name\":\"Rivets creux acier\"}]},{\"@type\":\"WebSite\",\"@id\":\"https:\\\/\\\/fgti-distribution.fr\\\/#website\",\"url\":\"https:\\\/\\\/fgti-distribution.fr\\\/\",\"name\":\"FGTI Distribution\",\"description\":\"Pi\u00e8ces techniques et services \u00e0 forte valeur ajout\u00e9e\",\"publisher\":{\"@id\":\"https:\\\/\\\/fgti-distribution.fr\\\/#organization\"},\"alternateName\":\"FGTI Distribution\",\"potentialAction\":[{\"@type\":\"SearchAction\",\"target\":{\"@type\":\"EntryPoint\",\"urlTemplate\":\"https:\\\/\\\/fgti-distribution.fr\\\/?s={search_term_string}\"},\"query-input\":{\"@type\":\"PropertyValueSpecification\",\"valueRequired\":true,\"valueName\":\"search_term_string\"}}],\"inLanguage\":\"it-IT\"},{\"@type\":\"Organization\",\"@id\":\"https:\\\/\\\/fgti-distribution.fr\\\/#organization\",\"name\":\"FGTI Distribution\",\"alternateName\":\"FGTI Distribution\",\"url\":\"https:\\\/\\\/fgti-distribution.fr\\\/\",\"logo\":{\"@type\":\"ImageObject\",\"inLanguage\":\"it-IT\",\"@id\":\"https:\\\/\\\/fgti-distribution.fr\\\/#\\\/schema\\\/logo\\\/image\\\/\",\"url\":\"https:\\\/\\\/fgti-distribution.fr\\\/wp-content\\\/uploads\\\/2022\\\/12\\\/logo.png\",\"contentUrl\":\"https:\\\/\\\/fgti-distribution.fr\\\/wp-content\\\/uploads\\\/2022\\\/12\\\/logo.png\",\"width\":500,\"height\":228,\"caption\":\"FGTI Distribution\"},\"image\":{\"@id\":\"https:\\\/\\\/fgti-distribution.fr\\\/#\\\/schema\\\/logo\\\/image\\\/\"},\"sameAs\":[\"https:\\\/\\\/www.linkedin.com\\\/company\\\/fgti-distribution\\\/\"]}]}<\/script>\n<!-- \/ Yoast SEO plugin. -->","yoast_head_json":{"title":"Rivets creux acier \/ rivets tubulaires acier","description":"Gr\u00e2ce \u00e0 son expertise technique des rivets creux (rivets tubulaires), FGTI Distribution vous propose des solutions pour vos besoins en rivets creux acier","robots":{"index":"index","follow":"follow","max-snippet":"max-snippet:-1","max-image-preview":"max-image-preview:large","max-video-preview":"max-video-preview:-1"},"canonical":"https:\/\/fgti-distribution.fr\/it\/rivetti-tubolari\/rivets-creux-acier\/","og_locale":"it_IT","og_type":"article","og_title":"Rivets creux acier \/ rivets tubulaires acier","og_description":"Gr\u00e2ce \u00e0 son expertise technique des rivets creux (rivets tubulaires), FGTI Distribution vous propose des solutions pour vos besoins en rivets creux acier","og_url":"https:\/\/fgti-distribution.fr\/it\/rivetti-tubolari\/rivets-creux-acier\/","og_site_name":"FGTI Distribution","article_modified_time":"2023-05-15T16:17:13+00:00","og_image":[{"width":1600,"height":430,"url":"https:\/\/fgti-distribution.fr\/wp-content\/uploads\/2023\/02\/rivets-creux-acier.jpg","type":"image\/jpeg"}],"twitter_card":"summary_large_image","twitter_misc":{"Est. reading time":"1 minuto"},"schema":{"@context":"https:\/\/schema.org","@graph":[{"@type":"WebPage","@id":"https:\/\/fgti-distribution.fr\/rivets-tubulaires\/rivets-creux-acier\/","url":"https:\/\/fgti-distribution.fr\/rivets-tubulaires\/rivets-creux-acier\/","name":"Rivets creux acier \/ rivets tubulaires acier","isPartOf":{"@id":"https:\/\/fgti-distribution.fr\/#website"},"primaryImageOfPage":{"@id":"https:\/\/fgti-distribution.fr\/rivets-tubulaires\/rivets-creux-acier\/#primaryimage"},"image":{"@id":"https:\/\/fgti-distribution.fr\/rivets-tubulaires\/rivets-creux-acier\/#primaryimage"},"thumbnailUrl":"https:\/\/fgti-distribution.fr\/wp-content\/uploads\/2023\/02\/rivets-creux-acier.jpg","datePublished":"2015-03-13T15:20:28+00:00","dateModified":"2023-05-15T16:17:13+00:00","description":"Gr\u00e2ce \u00e0 son expertise technique des rivets creux (rivets tubulaires), FGTI Distribution vous propose des solutions pour vos besoins en rivets creux acier","breadcrumb":{"@id":"https:\/\/fgti-distribution.fr\/rivets-tubulaires\/rivets-creux-acier\/#breadcrumb"},"inLanguage":"it-IT","potentialAction":[{"@type":"ReadAction","target":["https:\/\/fgti-distribution.fr\/rivets-tubulaires\/rivets-creux-acier\/"]}]},{"@type":"ImageObject","inLanguage":"it-IT","@id":"https:\/\/fgti-distribution.fr\/rivets-tubulaires\/rivets-creux-acier\/#primaryimage","url":"https:\/\/fgti-distribution.fr\/wp-content\/uploads\/2023\/02\/rivets-creux-acier.jpg","contentUrl":"https:\/\/fgti-distribution.fr\/wp-content\/uploads\/2023\/02\/rivets-creux-acier.jpg","width":1600,"height":430,"caption":"rivets creux acier"},{"@type":"BreadcrumbList","@id":"https:\/\/fgti-distribution.fr\/rivets-tubulaires\/rivets-creux-acier\/#breadcrumb","itemListElement":[{"@type":"ListItem","position":1,"name":"Home","item":"https:\/\/fgti-distribution.fr\/"},{"@type":"ListItem","position":2,"name":"Rivets tubulaires","item":"https:\/\/fgti-distribution.fr\/rivets-tubulaires\/"},{"@type":"ListItem","position":3,"name":"Rivets creux acier"}]},{"@type":"WebSite","@id":"https:\/\/fgti-distribution.fr\/#website","url":"https:\/\/fgti-distribution.fr\/","name":"Distribuzione FGTI","description":"Parti tecniche e servizi ad alto valore aggiunto","publisher":{"@id":"https:\/\/fgti-distribution.fr\/#organization"},"alternateName":"FGTI Distribution","potentialAction":[{"@type":"SearchAction","target":{"@type":"EntryPoint","urlTemplate":"https:\/\/fgti-distribution.fr\/?s={search_term_string}"},"query-input":{"@type":"PropertyValueSpecification","valueRequired":true,"valueName":"search_term_string"}}],"inLanguage":"it-IT"},{"@type":"Organization","@id":"https:\/\/fgti-distribution.fr\/#organization","name":"Distribuzione FGTI","alternateName":"FGTI Distribution","url":"https:\/\/fgti-distribution.fr\/","logo":{"@type":"ImageObject","inLanguage":"it-IT","@id":"https:\/\/fgti-distribution.fr\/#\/schema\/logo\/image\/","url":"https:\/\/fgti-distribution.fr\/wp-content\/uploads\/2022\/12\/logo.png","contentUrl":"https:\/\/fgti-distribution.fr\/wp-content\/uploads\/2022\/12\/logo.png","width":500,"height":228,"caption":"FGTI Distribution"},"image":{"@id":"https:\/\/fgti-distribution.fr\/#\/schema\/logo\/image\/"},"sameAs":["https:\/\/www.linkedin.com\/company\/fgti-distribution\/"]}]}},"_links":{"self":[{"href":"https:\/\/fgti-distribution.fr\/it\/wp-json\/wp\/v2\/pages\/2677","targetHints":{"allow":["GET"]}}],"collection":[{"href":"https:\/\/fgti-distribution.fr\/it\/wp-json\/wp\/v2\/pages"}],"about":[{"href":"https:\/\/fgti-distribution.fr\/it\/wp-json\/wp\/v2\/types\/page"}],"author":[{"embeddable":true,"href":"https:\/\/fgti-distribution.fr\/it\/wp-json\/wp\/v2\/users\/1"}],"replies":[{"embeddable":true,"href":"https:\/\/fgti-distribution.fr\/it\/wp-json\/wp\/v2\/comments?post=2677"}],"version-history":[{"count":4,"href":"https:\/\/fgti-distribution.fr\/it\/wp-json\/wp\/v2\/pages\/2677\/revisions"}],"predecessor-version":[{"id":7912,"href":"https:\/\/fgti-distribution.fr\/it\/wp-json\/wp\/v2\/pages\/2677\/revisions\/7912"}],"up":[{"embeddable":true,"href":"https:\/\/fgti-distribution.fr\/it\/wp-json\/wp\/v2\/pages\/12"}],"wp:featuredmedia":[{"embeddable":true,"href":"https:\/\/fgti-distribution.fr\/it\/wp-json\/wp\/v2\/media\/7169"}],"wp:attachment":[{"href":"https:\/\/fgti-distribution.fr\/it\/wp-json\/wp\/v2\/media?parent=2677"}],"curies":[{"name":"wp","href":"https:\/\/api.w.org\/{rel}","templated":true}]}}