{"id":3595,"date":"2015-12-16T11:04:50","date_gmt":"2015-12-16T11:04:50","guid":{"rendered":"https:\/\/fgti-distribution.fr\/?page_id=3595"},"modified":"2024-02-07T14:06:36","modified_gmt":"2024-02-07T14:06:36","slug":"assembler-des-cables-ou-des-tubes-sur-bords-de-panneaux","status":"publish","type":"page","link":"https:\/\/fgti-distribution.fr\/it\/fixation-araymond\/araymond-recherche-par-fonction\/assembler-des-cables-ou-des-tubes-sur-bords-de-panneaux\/","title":{"rendered":"Assembler des c\u00e2bles ou des tubes sur bords de panneaux"},"content":{"rendered":"<section data-bb-version=\"4.7.6\" id=\"bt_bb_section69d03879bdb98\" class=\"bt_bb_section bt_bb_layout_boxed_1200\"  data-bt-override-class=\"null\"><div class=\"bt_bb_port\"><div class=\"bt_bb_cell\"><div class=\"bt_bb_cell_inner\"><div class=\"bt_bb_row\"  data-bt-override-class=\"{}\"><div class=\"bt_bb_row_holder\" ><div data-bb-version=\"4.7.6\"  class=\"bt_bb_column col-xxl-12 col-xl-12 col-xs-12 col-sm-12 col-md-12 col-lg-12 bt_bb_vertical_align_top bt_bb_align_left bt_bb_padding_normal\" style=\"; --column-width:12;\" data-width=\"12\" data-bt-override-class=\"{}\"><div class=\"bt_bb_column_content\"><div class=\"bt_bb_column_content_inner\"><div class=\"bt_bb_raw_content\"><div style=\"color: #bababa; font-size: 12px; margin-bottom: 20px;\">FGTI-Distribution > Fixations ARaymond > Recherche par fonction > Assembler des c\u00e2bles ou tubes sur bords de panneaux<\/div>\n\n<a href=\"https:\/\/fgti-distribution.fr\/it\/fissaggio-araymond\/adaptateurs-raymond-lanieres-a-monter-bords-panneaux\/\"><img decoding=\"async\" src=\"https:\/\/fgti-distribution.fr\/wp-content\/themes\/fgti\/images\/Adaptateurs-bords-panneaux-lanieres.jpg\" alt=\"Adaptateurs-bords-panneaux-lanieres\" \/><\/a>\n<h2>Adaptateurs \u00e0 monter en bords de panneaux : <\/h2>\n\u00a0\n<h3>Adaptateurs bords de panneaux pour lani\u00e8res<\/h3>\n<a href=\"https:\/\/fgti-distribution.fr\/it\/fissaggio-araymond\/adaptateurs-raymond-lanieres-a-monter-bords-panneaux\/\">>> Voir la fiche produit<\/a>\n<a href=\"https:\/\/fgti-distribution.fr\/it\/fissaggio-araymond\/adaptateurs-lanieres-ou-tubes-a-monter-bords-panneaux\/\"><img decoding=\"async\" src=\"https:\/\/fgti-distribution.fr\/wp-content\/themes\/fgti\/images\/Adaptateurs-bords-panneaux-lanieres-supports-tubes.jpg\" alt=\"Adaptateurs-bords-panneaux-lanieres-supports-tubes\" \/><\/a>\n\u00a0\n<h3>Adaptateurs bords de panneaux pour lani\u00e8res et\/ou supports tube<\/h3>\n<a href=\"https:\/\/fgti-distribution.fr\/it\/fissaggio-araymond\/adaptateurs-lanieres-ou-tubes-a-monter-bords-panneaux\/\">>> Voir la fiche produit<\/a>\n<a href=\"https:\/\/fgti-distribution.fr\/it\/fissaggio-araymond\/adaptateurs-a-monter-bords-panneaux-tubes-paralleles\/\"><img decoding=\"async\" src=\"https:\/\/fgti-distribution.fr\/wp-content\/themes\/fgti\/images\/Adaptateurs-bords-panneaux-supports-tubes-paralleles.jpg\" alt=\"Adaptateurs-bords-panneaux-supports-tubes-paralleles\" \/><\/a>\n\u00a0\n<h3>Adaptateurs bords de panneaux pour supports tubes\/ Avec tubes parall\u00e8les au panneau<\/h3>\n<a href=\"https:\/\/fgti-distribution.fr\/it\/fissaggio-araymond\/adaptateurs-a-monter-bords-panneaux-tubes-paralleles\/\">>> Voir la fiche produit<\/a>\n<a href=\"https:\/\/fgti-distribution.fr\/it\/fissaggio-araymond\/adaptateurs-a-monter-bords-panneaux-tubes-perpendiculaires\/\"><img decoding=\"async\" src=\"https:\/\/fgti-distribution.fr\/wp-content\/themes\/fgti\/images\/Adaptateurs-bords-panneaux-supports-tubes-perpendiculaires.jpg\" alt=\"Adaptateurs-bords-panneaux-supports-tubes-perpendiculaires\" \/><\/a>\n\u00a0\n<h3>Adaptateurs bords de panneaux pour supports tubes\/ Avec tubes perpendiculaires au panneau<\/h3>\n<a href=\"https:\/\/fgti-distribution.fr\/it\/fissaggio-araymond\/adaptateurs-a-monter-bords-panneaux-tubes-perpendiculaires\/\">>> Voir la fiche produit<\/a>\n<a href=\"https:\/\/fgti-distribution.fr\/it\/fissaggio-araymond\/lanieres-bord-de-panneaux-a-raymond\/\"><img decoding=\"async\" src=\"https:\/\/fgti-distribution.fr\/wp-content\/themes\/fgti\/images\/Lanieres-bords-de-panneaux-agrafe-metal.jpg\" alt=\"Lanieres-bords-de-panneaux-agrafe-metal\" \/><\/a>\n\u00a0\n<h3>Adaptateurs bords de panneaux diam\u00e8tre variable<\/h3>\n<a href=\"https:\/\/fgti-distribution.fr\/it\/fissaggio-araymond\/lanieres-bord-de-panneaux-a-raymond\/\">>> Voir la fiche produit<\/a>\n<a href=\"https:\/\/fgti-distribution.fr\/it\/fissaggio-araymond\/supports-tubes-a-griffer-bords-panneaux-double-variables\/\"><img decoding=\"async\" src=\"https:\/\/fgti-distribution.fr\/wp-content\/themes\/fgti\/images\/supports-tubes-bord-de-panneau-diametre-variable.jpg\" alt=\"supports-tubes-bord-de-panneau-diametre-variable\" \/><\/a>\n\u00a0\n<h3>Adaptateurs bords de panneaux \u00e0 griffer<\/h3>\n<a href=\"https:\/\/fgti-distribution.fr\/it\/fissaggio-araymond\/supports-tubes-a-griffer-bords-panneaux-double-variables\/\">>> Voir la fiche produit<\/a>\n<a href=\"https:\/\/fgti-distribution.fr\/it\/fissaggio-araymond\/supports-tubes-a-griffer-bords-panneaux-double-releves\/\"><img decoding=\"async\" src=\"https:\/\/fgti-distribution.fr\/wp-content\/themes\/fgti\/images\/supports-tubes-bord-de-panneau-bords-releves.jpg\" alt=\"supports-tubes-bord-de-panneau-bords-releves\" \/><\/a>\n\u00a0\n<h3>Adaptateurs bords de panneaux \u00e0 double \u00e0 bords relev\u00e9s<\/h3>\n<a href=\"https:\/\/fgti-distribution.fr\/it\/fissaggio-araymond\/supports-tubes-a-griffer-bords-panneaux-double-releves\/\">>> Voir la fiche produit<\/a>\n<a href=\"https:\/\/fgti-distribution.fr\/it\/fissaggio-araymond\/supports-tubes-a-griffer-bords-panneaux-simple\/\"><img decoding=\"async\" src=\"https:\/\/fgti-distribution.fr\/wp-content\/themes\/fgti\/images\/supports-tubes-bord-de-panneau-simple.jpg\" alt=\"supports-tubes-bord-de-panneau-simple\" \/><\/a>\n\u00a0\n<h3>Adaptateurs bords de panneaux simples<\/h3>\n<a href=\"https:\/\/fgti-distribution.fr\/it\/fissaggio-araymond\/supports-tubes-a-griffer-bords-panneaux-simple\/\">>> Voir la fiche produit<\/a>\n<a href=\"https:\/\/fgti-distribution.fr\/it\/fissaggio-araymond\/supports-tubes-a-griffer-bords-panneaux-simple-releves\/\"><img decoding=\"async\" src=\"https:\/\/fgti-distribution.fr\/wp-content\/themes\/fgti\/images\/supports-tubes-bord-de-panneau-simple-bords-releves.jpg\" alt=\"supports-tubes-bord-de-panneau-simple-bords-releves\" \/><\/a>\n\u00a0\n<h3>Adaptateurs bords de panneaux simples \u00e0 bords relev\u00e9s<\/h3>\n<a href=\"https:\/\/fgti-distribution.fr\/it\/fissaggio-araymond\/supports-tubes-a-griffer-bords-panneaux-simple-releves\/\">>> Voir la fiche produit<\/a>\n<a href=\"https:\/\/fgti-distribution.fr\/it\/fissaggio-araymond\/supports-tubes-bords-panneaux-a-raymond\/\"><img decoding=\"async\" src=\"https:\/\/fgti-distribution.fr\/wp-content\/themes\/fgti\/images\/supports-tubes-bord-de-panneau-agrafe-metal.jpg\" alt=\"supports-tubes-bord-de-panneau-agrafe-metal\" \/><\/a>\n\n\u00a0\n<h3>Adaptateurs bords de panneaux avec agrafe m\u00e9tallique<\/h3>\n<a href=\"https:\/\/fgti-distribution.fr\/it\/fissaggio-araymond\/supports-tubes-bords-panneaux-a-raymond\/\">>> Voir la fiche produit<\/a><\/div><\/div><\/div><\/div><\/div><\/div><\/div><!-- cell_inner --><\/div><!-- cell --><\/div><!-- port --><\/section>","protected":false},"excerpt":{"rendered":"","protected":false},"author":1,"featured_media":0,"parent":3519,"menu_order":0,"comment_status":"closed","ping_status":"closed","template":"","meta":{"footnotes":""},"class_list":["post-3595","page","type-page","status-publish","hentry"],"yoast_head":"<!-- This site is optimized with the Yoast SEO plugin v27.3 - https:\/\/yoast.com\/product\/yoast-seo-wordpress\/ -->\n<title>FGTI Distribution - Assembler des c\u00e2bles ou des tubes sur bords de panneaux<\/title>\n<meta name=\"description\" content=\"FGTI Distribution - Assembler des c\u00e2bles ou des tubes sur bords de panneaux -\" \/>\n<meta name=\"robots\" content=\"index, follow, max-snippet:-1, max-image-preview:large, max-video-preview:-1\" \/>\n<link rel=\"canonical\" href=\"https:\/\/fgti-distribution.fr\/it\/fissaggio-araymond\/araymond-recherche-par-fonction\/assembler-des-cables-ou-des-tubes-sur-bords-de-panneaux\/\" \/>\n<meta property=\"og:locale\" content=\"it_IT\" \/>\n<meta property=\"og:type\" content=\"article\" \/>\n<meta property=\"og:title\" content=\"FGTI Distribution - Assembler des c\u00e2bles ou des tubes sur bords de panneaux\" \/>\n<meta property=\"og:description\" content=\"FGTI Distribution - Assembler des c\u00e2bles ou des tubes sur bords de panneaux -\" \/>\n<meta property=\"og:url\" content=\"https:\/\/fgti-distribution.fr\/it\/fissaggio-araymond\/araymond-recherche-par-fonction\/assembler-des-cables-ou-des-tubes-sur-bords-de-panneaux\/\" \/>\n<meta property=\"og:site_name\" content=\"FGTI Distribution\" \/>\n<meta property=\"article:modified_time\" content=\"2024-02-07T14:06:36+00:00\" \/>\n<meta name=\"twitter:card\" content=\"summary_large_image\" \/>\n<meta name=\"twitter:label1\" content=\"Est. reading time\" \/>\n\t<meta name=\"twitter:data1\" content=\"1 minuto\" \/>\n<script type=\"application\/ld+json\" class=\"yoast-schema-graph\">{\"@context\":\"https:\\\/\\\/schema.org\",\"@graph\":[{\"@type\":\"WebPage\",\"@id\":\"https:\\\/\\\/fgti-distribution.fr\\\/fixation-araymond\\\/araymond-recherche-par-fonction\\\/assembler-des-cables-ou-des-tubes-sur-bords-de-panneaux\\\/\",\"url\":\"https:\\\/\\\/fgti-distribution.fr\\\/fixation-araymond\\\/araymond-recherche-par-fonction\\\/assembler-des-cables-ou-des-tubes-sur-bords-de-panneaux\\\/\",\"name\":\"FGTI Distribution - Assembler des c\u00e2bles ou des tubes sur bords de panneaux\",\"isPartOf\":{\"@id\":\"https:\\\/\\\/fgti-distribution.fr\\\/#website\"},\"datePublished\":\"2015-12-16T11:04:50+00:00\",\"dateModified\":\"2024-02-07T14:06:36+00:00\",\"description\":\"FGTI Distribution - Assembler des c\u00e2bles ou des tubes sur bords de panneaux -\",\"breadcrumb\":{\"@id\":\"https:\\\/\\\/fgti-distribution.fr\\\/fixation-araymond\\\/araymond-recherche-par-fonction\\\/assembler-des-cables-ou-des-tubes-sur-bords-de-panneaux\\\/#breadcrumb\"},\"inLanguage\":\"it-IT\",\"potentialAction\":[{\"@type\":\"ReadAction\",\"target\":[\"https:\\\/\\\/fgti-distribution.fr\\\/fixation-araymond\\\/araymond-recherche-par-fonction\\\/assembler-des-cables-ou-des-tubes-sur-bords-de-panneaux\\\/\"]}]},{\"@type\":\"BreadcrumbList\",\"@id\":\"https:\\\/\\\/fgti-distribution.fr\\\/fixation-araymond\\\/araymond-recherche-par-fonction\\\/assembler-des-cables-ou-des-tubes-sur-bords-de-panneaux\\\/#breadcrumb\",\"itemListElement\":[{\"@type\":\"ListItem\",\"position\":1,\"name\":\"Home\",\"item\":\"https:\\\/\\\/fgti-distribution.fr\\\/\"},{\"@type\":\"ListItem\",\"position\":2,\"name\":\"Fixations ARaymond\",\"item\":\"https:\\\/\\\/fgti-distribution.fr\\\/fixation-araymond\\\/\"},{\"@type\":\"ListItem\",\"position\":3,\"name\":\"ARaymond Recherche par fonction\",\"item\":\"https:\\\/\\\/fgti-distribution.fr\\\/fixation-araymond\\\/araymond-recherche-par-fonction\\\/\"},{\"@type\":\"ListItem\",\"position\":4,\"name\":\"Assembler des c\u00e2bles ou des tubes sur bords de panneaux\"}]},{\"@type\":\"WebSite\",\"@id\":\"https:\\\/\\\/fgti-distribution.fr\\\/#website\",\"url\":\"https:\\\/\\\/fgti-distribution.fr\\\/\",\"name\":\"FGTI Distribution\",\"description\":\"Pi\u00e8ces techniques et services \u00e0 forte valeur ajout\u00e9e\",\"publisher\":{\"@id\":\"https:\\\/\\\/fgti-distribution.fr\\\/#organization\"},\"alternateName\":\"FGTI Distribution\",\"potentialAction\":[{\"@type\":\"SearchAction\",\"target\":{\"@type\":\"EntryPoint\",\"urlTemplate\":\"https:\\\/\\\/fgti-distribution.fr\\\/?s={search_term_string}\"},\"query-input\":{\"@type\":\"PropertyValueSpecification\",\"valueRequired\":true,\"valueName\":\"search_term_string\"}}],\"inLanguage\":\"it-IT\"},{\"@type\":\"Organization\",\"@id\":\"https:\\\/\\\/fgti-distribution.fr\\\/#organization\",\"name\":\"FGTI Distribution\",\"alternateName\":\"FGTI Distribution\",\"url\":\"https:\\\/\\\/fgti-distribution.fr\\\/\",\"logo\":{\"@type\":\"ImageObject\",\"inLanguage\":\"it-IT\",\"@id\":\"https:\\\/\\\/fgti-distribution.fr\\\/#\\\/schema\\\/logo\\\/image\\\/\",\"url\":\"https:\\\/\\\/fgti-distribution.fr\\\/wp-content\\\/uploads\\\/2022\\\/12\\\/logo.png\",\"contentUrl\":\"https:\\\/\\\/fgti-distribution.fr\\\/wp-content\\\/uploads\\\/2022\\\/12\\\/logo.png\",\"width\":500,\"height\":228,\"caption\":\"FGTI Distribution\"},\"image\":{\"@id\":\"https:\\\/\\\/fgti-distribution.fr\\\/#\\\/schema\\\/logo\\\/image\\\/\"},\"sameAs\":[\"https:\\\/\\\/www.linkedin.com\\\/company\\\/fgti-distribution\\\/\"]}]}<\/script>\n<!-- \/ Yoast SEO plugin. -->","yoast_head_json":{"title":"FGTI Distribution - Assembler des c\u00e2bles ou des tubes sur bords de panneaux","description":"FGTI Distribution - Assembler des c\u00e2bles ou des tubes sur bords de panneaux -","robots":{"index":"index","follow":"follow","max-snippet":"max-snippet:-1","max-image-preview":"max-image-preview:large","max-video-preview":"max-video-preview:-1"},"canonical":"https:\/\/fgti-distribution.fr\/it\/fissaggio-araymond\/araymond-recherche-par-fonction\/assembler-des-cables-ou-des-tubes-sur-bords-de-panneaux\/","og_locale":"it_IT","og_type":"article","og_title":"FGTI Distribution - Assembler des c\u00e2bles ou des tubes sur bords de panneaux","og_description":"FGTI Distribution - Assembler des c\u00e2bles ou des tubes sur bords de panneaux -","og_url":"https:\/\/fgti-distribution.fr\/it\/fissaggio-araymond\/araymond-recherche-par-fonction\/assembler-des-cables-ou-des-tubes-sur-bords-de-panneaux\/","og_site_name":"FGTI Distribution","article_modified_time":"2024-02-07T14:06:36+00:00","twitter_card":"summary_large_image","twitter_misc":{"Est. reading time":"1 minuto"},"schema":{"@context":"https:\/\/schema.org","@graph":[{"@type":"WebPage","@id":"https:\/\/fgti-distribution.fr\/fixation-araymond\/araymond-recherche-par-fonction\/assembler-des-cables-ou-des-tubes-sur-bords-de-panneaux\/","url":"https:\/\/fgti-distribution.fr\/fixation-araymond\/araymond-recherche-par-fonction\/assembler-des-cables-ou-des-tubes-sur-bords-de-panneaux\/","name":"FGTI Distribution - Assembler des c\u00e2bles ou des tubes sur bords de panneaux","isPartOf":{"@id":"https:\/\/fgti-distribution.fr\/#website"},"datePublished":"2015-12-16T11:04:50+00:00","dateModified":"2024-02-07T14:06:36+00:00","description":"FGTI Distribution - Assembler des c\u00e2bles ou des tubes sur bords de panneaux -","breadcrumb":{"@id":"https:\/\/fgti-distribution.fr\/fixation-araymond\/araymond-recherche-par-fonction\/assembler-des-cables-ou-des-tubes-sur-bords-de-panneaux\/#breadcrumb"},"inLanguage":"it-IT","potentialAction":[{"@type":"ReadAction","target":["https:\/\/fgti-distribution.fr\/fixation-araymond\/araymond-recherche-par-fonction\/assembler-des-cables-ou-des-tubes-sur-bords-de-panneaux\/"]}]},{"@type":"BreadcrumbList","@id":"https:\/\/fgti-distribution.fr\/fixation-araymond\/araymond-recherche-par-fonction\/assembler-des-cables-ou-des-tubes-sur-bords-de-panneaux\/#breadcrumb","itemListElement":[{"@type":"ListItem","position":1,"name":"Home","item":"https:\/\/fgti-distribution.fr\/"},{"@type":"ListItem","position":2,"name":"Fixations ARaymond","item":"https:\/\/fgti-distribution.fr\/fixation-araymond\/"},{"@type":"ListItem","position":3,"name":"ARaymond Recherche par fonction","item":"https:\/\/fgti-distribution.fr\/fixation-araymond\/araymond-recherche-par-fonction\/"},{"@type":"ListItem","position":4,"name":"Assembler des c\u00e2bles ou des tubes sur bords de panneaux"}]},{"@type":"WebSite","@id":"https:\/\/fgti-distribution.fr\/#website","url":"https:\/\/fgti-distribution.fr\/","name":"Distribuzione FGTI","description":"Parti tecniche e servizi ad alto valore aggiunto","publisher":{"@id":"https:\/\/fgti-distribution.fr\/#organization"},"alternateName":"FGTI Distribution","potentialAction":[{"@type":"SearchAction","target":{"@type":"EntryPoint","urlTemplate":"https:\/\/fgti-distribution.fr\/?s={search_term_string}"},"query-input":{"@type":"PropertyValueSpecification","valueRequired":true,"valueName":"search_term_string"}}],"inLanguage":"it-IT"},{"@type":"Organization","@id":"https:\/\/fgti-distribution.fr\/#organization","name":"Distribuzione FGTI","alternateName":"FGTI Distribution","url":"https:\/\/fgti-distribution.fr\/","logo":{"@type":"ImageObject","inLanguage":"it-IT","@id":"https:\/\/fgti-distribution.fr\/#\/schema\/logo\/image\/","url":"https:\/\/fgti-distribution.fr\/wp-content\/uploads\/2022\/12\/logo.png","contentUrl":"https:\/\/fgti-distribution.fr\/wp-content\/uploads\/2022\/12\/logo.png","width":500,"height":228,"caption":"FGTI Distribution"},"image":{"@id":"https:\/\/fgti-distribution.fr\/#\/schema\/logo\/image\/"},"sameAs":["https:\/\/www.linkedin.com\/company\/fgti-distribution\/"]}]}},"_links":{"self":[{"href":"https:\/\/fgti-distribution.fr\/it\/wp-json\/wp\/v2\/pages\/3595","targetHints":{"allow":["GET"]}}],"collection":[{"href":"https:\/\/fgti-distribution.fr\/it\/wp-json\/wp\/v2\/pages"}],"about":[{"href":"https:\/\/fgti-distribution.fr\/it\/wp-json\/wp\/v2\/types\/page"}],"author":[{"embeddable":true,"href":"https:\/\/fgti-distribution.fr\/it\/wp-json\/wp\/v2\/users\/1"}],"replies":[{"embeddable":true,"href":"https:\/\/fgti-distribution.fr\/it\/wp-json\/wp\/v2\/comments?post=3595"}],"version-history":[{"count":8,"href":"https:\/\/fgti-distribution.fr\/it\/wp-json\/wp\/v2\/pages\/3595\/revisions"}],"predecessor-version":[{"id":9167,"href":"https:\/\/fgti-distribution.fr\/it\/wp-json\/wp\/v2\/pages\/3595\/revisions\/9167"}],"up":[{"embeddable":true,"href":"https:\/\/fgti-distribution.fr\/it\/wp-json\/wp\/v2\/pages\/3519"}],"wp:attachment":[{"href":"https:\/\/fgti-distribution.fr\/it\/wp-json\/wp\/v2\/media?parent=3595"}],"curies":[{"name":"wp","href":"https:\/\/api.w.org\/{rel}","templated":true}]}}