{"id":3618,"date":"2015-12-16T12:14:04","date_gmt":"2015-12-16T12:14:04","guid":{"rendered":"https:\/\/fgti-distribution.fr\/?page_id=3618"},"modified":"2016-12-29T22:34:18","modified_gmt":"2016-12-29T22:34:18","slug":"agrafes-bords-de-toles-forme-u-retenues","status":"publish","type":"page","link":"https:\/\/fgti-distribution.fr\/it\/fixation-araymond\/agrafes-panneaux-metal-raymond\/agrafes-bords-de-toles-forme-u-retenues\/","title":{"rendered":"Agrafe m\u00e9tal bords de panneaux &#8211; Forme U\/ Griffes de retenues ext\u00e9rieures"},"content":{"rendered":"<p>\t\t\tFGTI-Distribution &gt; Fixations ARaymond &gt; Fiches techniques d\u00e9taill\u00e9es &gt; Agrafes \u00e0 griffer sur bords de panneaux &#8211; Forme U\/ Griffes de retenues ext\u00e9rieures  <\/p>\n<p>\t\t\t\t\t<a style=\"border: 0 none;\" href=\"https:\/\/fgti-distribution.fr\/FGTI_images\/FGTI-Distribution-agrafes-a-griffer-sur-bords-de-panneaux-forme-u-griffes-de-retenues-exterieures.pdf\" target=\"_blank\"><img decoding=\"async\" src=\"https:\/\/fgti-distribution.fr\/FGTI_images\/pdficon_large.png\" alt=\"\"><\/a><\/p>\n<h1 style=\"text-transform: none;\"><span style=\"color: #e82c2e; font-weight: bold; font-size: 20px;\">Agrafe bords de panneaux<\/span> Agrafe m\u00e9tal Forme U\/ Griffes de retenues ext\u00e9rieures <\/h1>\n<p>\t\t\t\t\t<img decoding=\"async\" src=\"https:\/\/fgti-distribution.fr\/FGTI_images\/bords-de-panneaux.jpg\" alt=\"lani\u00e8res \u00e0 monter en bord de panneaux\"><\/p>\n<h2 style=\"font-size: 10px;\">Sur bords de panneaux<\/h2>\n<p>\t\t\t\t\t<img decoding=\"async\" src=\"https:\/\/fgti-distribution.fr\/FGTI_images\/agrafes-panneaux-metal-retenues-exterieures.jpg\" alt=\"agrafes-panneaux-metal-retenues-exterieures Raymond\"><br \/>\n\t\t\t\t\t<img decoding=\"async\" src=\"https:\/\/fgti-distribution.fr\/FGTI_images\/agrafes-panneaux-metal-retenues-exterieures-schema.jpg\" alt=\"schema agrafes-panneaux-metal-retenues-exterieures Raymond\"><br \/>\n\t\t\t\t\t<br \/>     Pour assemblage de deux panneaux ou d&rsquo;une garniture sur un panneau<br \/>\n    Mise en place en bord de support et retenues par quatre griffes pour une excellente tenue de l&rsquo;assemblage<\/p>\n<h3>Dimensions &#8211; Agrafe m\u00e9tal bords de panneaux<\/h3>\n<p><img decoding=\"async\" src=\"https:\/\/fgti-distribution.fr\/FGTI_images\/agrafes-panneaux-metal-retenues-exterieures-dimensions.jpg\" alt=\"dimensions agrafes-panneaux-metal-retenues-exterieures Raymond\"><br \/>\nToutes les dimensions sont en mm, angles ou degr\u00e9s. Les autres dimensions \/ variantes sont disponibles sur demande.<\/p>","protected":false},"excerpt":{"rendered":"<p>FGTI-Distribution &gt; Fixations ARaymond &gt; Fiches techniques d\u00e9taill\u00e9es &gt; Agrafes \u00e0 griffer sur bords de panneaux &#8211; Forme U\/ Griffes de retenues ext\u00e9rieures Agrafe bords de panneaux Agrafe m\u00e9tal Forme U\/ Griffes de retenues ext\u00e9rieures Sur bords de panneaux Pour assemblage de deux panneaux ou d&rsquo;une garniture sur un panneau Mise en place en bord&#8230;<\/p>","protected":false},"author":1,"featured_media":0,"parent":2149,"menu_order":0,"comment_status":"closed","ping_status":"closed","template":"","meta":{"footnotes":""},"class_list":["post-3618","page","type-page","status-publish","hentry"],"yoast_head":"<!-- This site is optimized with the Yoast SEO plugin v27.3 - https:\/\/yoast.com\/product\/yoast-seo-wordpress\/ -->\n<title>Agrafes bords de panneaux - Forme U\/ Griffes de retenues ext\u00e9rieures<\/title>\n<meta name=\"description\" content=\"FGTI Distribution vous propose la fiche technique des agrafes bords de panneaux - Forme U\/ Griffes de retenues ext\u00e9rieures. \u2705 Accompagnement technique.\" \/>\n<meta name=\"robots\" content=\"index, follow, max-snippet:-1, max-image-preview:large, max-video-preview:-1\" \/>\n<link rel=\"canonical\" href=\"https:\/\/fgti-distribution.fr\/it\/fissaggio-araymond\/agrafes-panneaux-metal-raymond\/agrafes-bords-de-toles-forme-u-retenues\/\" \/>\n<meta property=\"og:locale\" content=\"it_IT\" \/>\n<meta property=\"og:type\" content=\"article\" \/>\n<meta property=\"og:title\" content=\"Agrafes bords de panneaux - Forme U\/ Griffes de retenues ext\u00e9rieures\" \/>\n<meta property=\"og:description\" content=\"FGTI Distribution vous propose la fiche technique des agrafes bords de panneaux - Forme U\/ Griffes de retenues ext\u00e9rieures. \u2705 Accompagnement technique.\" \/>\n<meta property=\"og:url\" content=\"https:\/\/fgti-distribution.fr\/it\/fissaggio-araymond\/agrafes-panneaux-metal-raymond\/agrafes-bords-de-toles-forme-u-retenues\/\" \/>\n<meta property=\"og:site_name\" content=\"FGTI Distribution\" \/>\n<meta property=\"article:modified_time\" content=\"2016-12-29T22:34:18+00:00\" \/>\n<meta property=\"og:image\" content=\"https:\/\/fgti-distribution.fr\/FGTI_images\/pdficon_large.png\" \/>\n<meta name=\"twitter:card\" content=\"summary_large_image\" \/>\n<script type=\"application\/ld+json\" class=\"yoast-schema-graph\">{\"@context\":\"https:\\\/\\\/schema.org\",\"@graph\":[{\"@type\":\"WebPage\",\"@id\":\"https:\\\/\\\/fgti-distribution.fr\\\/fixation-araymond\\\/agrafes-panneaux-metal-raymond\\\/agrafes-bords-de-toles-forme-u-retenues\\\/\",\"url\":\"https:\\\/\\\/fgti-distribution.fr\\\/fixation-araymond\\\/agrafes-panneaux-metal-raymond\\\/agrafes-bords-de-toles-forme-u-retenues\\\/\",\"name\":\"Agrafes bords de panneaux - Forme U\\\/ Griffes de retenues ext\u00e9rieures\",\"isPartOf\":{\"@id\":\"https:\\\/\\\/fgti-distribution.fr\\\/#website\"},\"primaryImageOfPage\":{\"@id\":\"https:\\\/\\\/fgti-distribution.fr\\\/fixation-araymond\\\/agrafes-panneaux-metal-raymond\\\/agrafes-bords-de-toles-forme-u-retenues\\\/#primaryimage\"},\"image\":{\"@id\":\"https:\\\/\\\/fgti-distribution.fr\\\/fixation-araymond\\\/agrafes-panneaux-metal-raymond\\\/agrafes-bords-de-toles-forme-u-retenues\\\/#primaryimage\"},\"thumbnailUrl\":\"https:\\\/\\\/fgti-distribution.fr\\\/FGTI_images\\\/pdficon_large.png\",\"datePublished\":\"2015-12-16T12:14:04+00:00\",\"dateModified\":\"2016-12-29T22:34:18+00:00\",\"description\":\"FGTI Distribution vous propose la fiche technique des agrafes bords de panneaux - Forme U\\\/ Griffes de retenues ext\u00e9rieures. \u2705 Accompagnement technique.\",\"breadcrumb\":{\"@id\":\"https:\\\/\\\/fgti-distribution.fr\\\/fixation-araymond\\\/agrafes-panneaux-metal-raymond\\\/agrafes-bords-de-toles-forme-u-retenues\\\/#breadcrumb\"},\"inLanguage\":\"it-IT\",\"potentialAction\":[{\"@type\":\"ReadAction\",\"target\":[\"https:\\\/\\\/fgti-distribution.fr\\\/fixation-araymond\\\/agrafes-panneaux-metal-raymond\\\/agrafes-bords-de-toles-forme-u-retenues\\\/\"]}]},{\"@type\":\"ImageObject\",\"inLanguage\":\"it-IT\",\"@id\":\"https:\\\/\\\/fgti-distribution.fr\\\/fixation-araymond\\\/agrafes-panneaux-metal-raymond\\\/agrafes-bords-de-toles-forme-u-retenues\\\/#primaryimage\",\"url\":\"https:\\\/\\\/fgti-distribution.fr\\\/FGTI_images\\\/pdficon_large.png\",\"contentUrl\":\"https:\\\/\\\/fgti-distribution.fr\\\/FGTI_images\\\/pdficon_large.png\"},{\"@type\":\"BreadcrumbList\",\"@id\":\"https:\\\/\\\/fgti-distribution.fr\\\/fixation-araymond\\\/agrafes-panneaux-metal-raymond\\\/agrafes-bords-de-toles-forme-u-retenues\\\/#breadcrumb\",\"itemListElement\":[{\"@type\":\"ListItem\",\"position\":1,\"name\":\"Home\",\"item\":\"https:\\\/\\\/fgti-distribution.fr\\\/\"},{\"@type\":\"ListItem\",\"position\":2,\"name\":\"Fixations ARaymond\",\"item\":\"https:\\\/\\\/fgti-distribution.fr\\\/fixation-araymond\\\/\"},{\"@type\":\"ListItem\",\"position\":3,\"name\":\"Agrafe panneau m\u00e9tal A Raymond\",\"item\":\"https:\\\/\\\/fgti-distribution.fr\\\/fixation-araymond\\\/agrafes-panneaux-metal-raymond\\\/\"},{\"@type\":\"ListItem\",\"position\":4,\"name\":\"Agrafe m\u00e9tal bords de panneaux &#8211; Forme U\\\/ Griffes de retenues ext\u00e9rieures\"}]},{\"@type\":\"WebSite\",\"@id\":\"https:\\\/\\\/fgti-distribution.fr\\\/#website\",\"url\":\"https:\\\/\\\/fgti-distribution.fr\\\/\",\"name\":\"FGTI Distribution\",\"description\":\"Pi\u00e8ces techniques et services \u00e0 forte valeur ajout\u00e9e\",\"publisher\":{\"@id\":\"https:\\\/\\\/fgti-distribution.fr\\\/#organization\"},\"alternateName\":\"FGTI Distribution\",\"potentialAction\":[{\"@type\":\"SearchAction\",\"target\":{\"@type\":\"EntryPoint\",\"urlTemplate\":\"https:\\\/\\\/fgti-distribution.fr\\\/?s={search_term_string}\"},\"query-input\":{\"@type\":\"PropertyValueSpecification\",\"valueRequired\":true,\"valueName\":\"search_term_string\"}}],\"inLanguage\":\"it-IT\"},{\"@type\":\"Organization\",\"@id\":\"https:\\\/\\\/fgti-distribution.fr\\\/#organization\",\"name\":\"FGTI Distribution\",\"alternateName\":\"FGTI Distribution\",\"url\":\"https:\\\/\\\/fgti-distribution.fr\\\/\",\"logo\":{\"@type\":\"ImageObject\",\"inLanguage\":\"it-IT\",\"@id\":\"https:\\\/\\\/fgti-distribution.fr\\\/#\\\/schema\\\/logo\\\/image\\\/\",\"url\":\"https:\\\/\\\/fgti-distribution.fr\\\/wp-content\\\/uploads\\\/2022\\\/12\\\/logo.png\",\"contentUrl\":\"https:\\\/\\\/fgti-distribution.fr\\\/wp-content\\\/uploads\\\/2022\\\/12\\\/logo.png\",\"width\":500,\"height\":228,\"caption\":\"FGTI Distribution\"},\"image\":{\"@id\":\"https:\\\/\\\/fgti-distribution.fr\\\/#\\\/schema\\\/logo\\\/image\\\/\"},\"sameAs\":[\"https:\\\/\\\/www.linkedin.com\\\/company\\\/fgti-distribution\\\/\"]}]}<\/script>\n<!-- \/ Yoast SEO plugin. -->","yoast_head_json":{"title":"Agrafes bords de panneaux - Forme U\/ Griffes de retenues ext\u00e9rieures","description":"FGTI Distribution vous propose la fiche technique des agrafes bords de panneaux - Forme U\/ Griffes de retenues ext\u00e9rieures. \u2705 Accompagnement technique.","robots":{"index":"index","follow":"follow","max-snippet":"max-snippet:-1","max-image-preview":"max-image-preview:large","max-video-preview":"max-video-preview:-1"},"canonical":"https:\/\/fgti-distribution.fr\/it\/fissaggio-araymond\/agrafes-panneaux-metal-raymond\/agrafes-bords-de-toles-forme-u-retenues\/","og_locale":"it_IT","og_type":"article","og_title":"Agrafes bords de panneaux - Forme U\/ Griffes de retenues ext\u00e9rieures","og_description":"FGTI Distribution vous propose la fiche technique des agrafes bords de panneaux - Forme U\/ Griffes de retenues ext\u00e9rieures. \u2705 Accompagnement technique.","og_url":"https:\/\/fgti-distribution.fr\/it\/fissaggio-araymond\/agrafes-panneaux-metal-raymond\/agrafes-bords-de-toles-forme-u-retenues\/","og_site_name":"FGTI Distribution","article_modified_time":"2016-12-29T22:34:18+00:00","og_image":[{"url":"https:\/\/fgti-distribution.fr\/FGTI_images\/pdficon_large.png","type":"","width":"","height":""}],"twitter_card":"summary_large_image","schema":{"@context":"https:\/\/schema.org","@graph":[{"@type":"WebPage","@id":"https:\/\/fgti-distribution.fr\/fixation-araymond\/agrafes-panneaux-metal-raymond\/agrafes-bords-de-toles-forme-u-retenues\/","url":"https:\/\/fgti-distribution.fr\/fixation-araymond\/agrafes-panneaux-metal-raymond\/agrafes-bords-de-toles-forme-u-retenues\/","name":"Agrafes bords de panneaux - Forme U\/ Griffes de retenues ext\u00e9rieures","isPartOf":{"@id":"https:\/\/fgti-distribution.fr\/#website"},"primaryImageOfPage":{"@id":"https:\/\/fgti-distribution.fr\/fixation-araymond\/agrafes-panneaux-metal-raymond\/agrafes-bords-de-toles-forme-u-retenues\/#primaryimage"},"image":{"@id":"https:\/\/fgti-distribution.fr\/fixation-araymond\/agrafes-panneaux-metal-raymond\/agrafes-bords-de-toles-forme-u-retenues\/#primaryimage"},"thumbnailUrl":"https:\/\/fgti-distribution.fr\/FGTI_images\/pdficon_large.png","datePublished":"2015-12-16T12:14:04+00:00","dateModified":"2016-12-29T22:34:18+00:00","description":"FGTI Distribution vous propose la fiche technique des agrafes bords de panneaux - Forme U\/ Griffes de retenues ext\u00e9rieures. \u2705 Accompagnement technique.","breadcrumb":{"@id":"https:\/\/fgti-distribution.fr\/fixation-araymond\/agrafes-panneaux-metal-raymond\/agrafes-bords-de-toles-forme-u-retenues\/#breadcrumb"},"inLanguage":"it-IT","potentialAction":[{"@type":"ReadAction","target":["https:\/\/fgti-distribution.fr\/fixation-araymond\/agrafes-panneaux-metal-raymond\/agrafes-bords-de-toles-forme-u-retenues\/"]}]},{"@type":"ImageObject","inLanguage":"it-IT","@id":"https:\/\/fgti-distribution.fr\/fixation-araymond\/agrafes-panneaux-metal-raymond\/agrafes-bords-de-toles-forme-u-retenues\/#primaryimage","url":"https:\/\/fgti-distribution.fr\/FGTI_images\/pdficon_large.png","contentUrl":"https:\/\/fgti-distribution.fr\/FGTI_images\/pdficon_large.png"},{"@type":"BreadcrumbList","@id":"https:\/\/fgti-distribution.fr\/fixation-araymond\/agrafes-panneaux-metal-raymond\/agrafes-bords-de-toles-forme-u-retenues\/#breadcrumb","itemListElement":[{"@type":"ListItem","position":1,"name":"Home","item":"https:\/\/fgti-distribution.fr\/"},{"@type":"ListItem","position":2,"name":"Fixations ARaymond","item":"https:\/\/fgti-distribution.fr\/fixation-araymond\/"},{"@type":"ListItem","position":3,"name":"Agrafe panneau m\u00e9tal A Raymond","item":"https:\/\/fgti-distribution.fr\/fixation-araymond\/agrafes-panneaux-metal-raymond\/"},{"@type":"ListItem","position":4,"name":"Agrafe m\u00e9tal bords de panneaux &#8211; Forme U\/ Griffes de retenues ext\u00e9rieures"}]},{"@type":"WebSite","@id":"https:\/\/fgti-distribution.fr\/#website","url":"https:\/\/fgti-distribution.fr\/","name":"Distribuzione FGTI","description":"Parti tecniche e servizi ad alto valore aggiunto","publisher":{"@id":"https:\/\/fgti-distribution.fr\/#organization"},"alternateName":"FGTI Distribution","potentialAction":[{"@type":"SearchAction","target":{"@type":"EntryPoint","urlTemplate":"https:\/\/fgti-distribution.fr\/?s={search_term_string}"},"query-input":{"@type":"PropertyValueSpecification","valueRequired":true,"valueName":"search_term_string"}}],"inLanguage":"it-IT"},{"@type":"Organization","@id":"https:\/\/fgti-distribution.fr\/#organization","name":"Distribuzione FGTI","alternateName":"FGTI Distribution","url":"https:\/\/fgti-distribution.fr\/","logo":{"@type":"ImageObject","inLanguage":"it-IT","@id":"https:\/\/fgti-distribution.fr\/#\/schema\/logo\/image\/","url":"https:\/\/fgti-distribution.fr\/wp-content\/uploads\/2022\/12\/logo.png","contentUrl":"https:\/\/fgti-distribution.fr\/wp-content\/uploads\/2022\/12\/logo.png","width":500,"height":228,"caption":"FGTI Distribution"},"image":{"@id":"https:\/\/fgti-distribution.fr\/#\/schema\/logo\/image\/"},"sameAs":["https:\/\/www.linkedin.com\/company\/fgti-distribution\/"]}]}},"_links":{"self":[{"href":"https:\/\/fgti-distribution.fr\/it\/wp-json\/wp\/v2\/pages\/3618","targetHints":{"allow":["GET"]}}],"collection":[{"href":"https:\/\/fgti-distribution.fr\/it\/wp-json\/wp\/v2\/pages"}],"about":[{"href":"https:\/\/fgti-distribution.fr\/it\/wp-json\/wp\/v2\/types\/page"}],"author":[{"embeddable":true,"href":"https:\/\/fgti-distribution.fr\/it\/wp-json\/wp\/v2\/users\/1"}],"replies":[{"embeddable":true,"href":"https:\/\/fgti-distribution.fr\/it\/wp-json\/wp\/v2\/comments?post=3618"}],"version-history":[{"count":0,"href":"https:\/\/fgti-distribution.fr\/it\/wp-json\/wp\/v2\/pages\/3618\/revisions"}],"up":[{"embeddable":true,"href":"https:\/\/fgti-distribution.fr\/it\/wp-json\/wp\/v2\/pages\/2149"}],"wp:attachment":[{"href":"https:\/\/fgti-distribution.fr\/it\/wp-json\/wp\/v2\/media?parent=3618"}],"curies":[{"name":"wp","href":"https:\/\/api.w.org\/{rel}","templated":true}]}}