{"id":3634,"date":"2015-12-16T13:36:58","date_gmt":"2015-12-16T13:36:58","guid":{"rendered":"https:\/\/fgti-distribution.fr\/?page_id=3634"},"modified":"2023-02-10T17:40:53","modified_gmt":"2023-02-10T17:40:53","slug":"assembler-panneaux-garnitures-sur-vis-goujons","status":"publish","type":"page","link":"https:\/\/fgti-distribution.fr\/it\/fixation-araymond\/araymond-recherche-par-fonction\/assembler-panneaux-garnitures-sur-vis-goujons\/","title":{"rendered":"Assembler panneaux et garnitures sur vis ou goujons"},"content":{"rendered":"<p>FGTI-Distribution &gt; Fixations ARaymond &gt; Recherche par fonction &gt; AAssembler panneaux et garnitures sur vis ou goujons<\/p>\n<p>Assembler panneaux et garnitures sur vis ou goujons<\/p>\n<p><a href=\"https:\/\/fgti-distribution.fr\/it\/fissaggio-araymond\/agrafes-raymond-goujons-filetes\/\"><img decoding=\"async\" src=\"https:\/\/fgti-distribution.fr\/FGTI_images\/Agrafes-goujons-filetes-panneaux-isolation.jpg\" alt=\"Agrafes de panneaux sur goujons filet\u00e9s - Pour panneaux d'isolation\" \/><\/a><\/p>\n<h2>Agrafes de panneaux sur goujons filet\u00e9s<\/h2>\n<p>&nbsp;<\/p>\n<h3>Pour panneaux d&rsquo;isolation<\/h3>\n<p><a href=\"https:\/\/fgti-distribution.fr\/it\/fissaggio-araymond\/agrafes-raymond-goujons-filetes\/\">&gt;&gt; Voir la fiche produit<\/a><\/p>","protected":false},"excerpt":{"rendered":"<p>FGTI-Distribution &gt; Fixations ARaymond &gt; Recherche par fonction &gt; AAssembler panneaux et garnitures sur vis ou goujons Assembler panneaux et garnitures sur vis ou goujons Agrafes de panneaux sur goujons filet\u00e9s &nbsp; Pour panneaux d&rsquo;isolation &gt;&gt; Voir la fiche produit<\/p>","protected":false},"author":1,"featured_media":0,"parent":3519,"menu_order":0,"comment_status":"closed","ping_status":"closed","template":"","meta":{"footnotes":""},"class_list":["post-3634","page","type-page","status-publish","hentry"],"yoast_head":"<!-- This site is optimized with the Yoast SEO plugin v27.3 - https:\/\/yoast.com\/product\/yoast-seo-wordpress\/ -->\n<title>FGTI Distribution - Assembler panneaux et garnitures sur vis ou goujons<\/title>\n<meta name=\"description\" content=\"FGTI Distribution - Assembler panneaux et garnitures sur vis ou goujons -\" \/>\n<meta name=\"robots\" content=\"index, follow, max-snippet:-1, max-image-preview:large, max-video-preview:-1\" \/>\n<link rel=\"canonical\" href=\"https:\/\/fgti-distribution.fr\/it\/fissaggio-araymond\/araymond-recherche-par-fonction\/assembler-panneaux-garnitures-sur-vis-goujons\/\" \/>\n<meta property=\"og:locale\" content=\"it_IT\" \/>\n<meta property=\"og:type\" content=\"article\" \/>\n<meta property=\"og:title\" content=\"FGTI Distribution - Assembler panneaux et garnitures sur vis ou goujons\" \/>\n<meta property=\"og:description\" content=\"FGTI Distribution - Assembler panneaux et garnitures sur vis ou goujons -\" \/>\n<meta property=\"og:url\" content=\"https:\/\/fgti-distribution.fr\/it\/fissaggio-araymond\/araymond-recherche-par-fonction\/assembler-panneaux-garnitures-sur-vis-goujons\/\" \/>\n<meta property=\"og:site_name\" content=\"FGTI Distribution\" \/>\n<meta property=\"article:modified_time\" content=\"2023-02-10T17:40:53+00:00\" \/>\n<meta property=\"og:image\" content=\"https:\/\/fgti-distribution.fr\/FGTI_images\/Agrafes-goujons-filetes-panneaux-isolation.jpg\" \/>\n<meta name=\"twitter:card\" content=\"summary_large_image\" \/>\n<meta name=\"twitter:label1\" content=\"Est. reading time\" \/>\n\t<meta name=\"twitter:data1\" content=\"1 minuto\" \/>\n<script type=\"application\/ld+json\" class=\"yoast-schema-graph\">{\"@context\":\"https:\\\/\\\/schema.org\",\"@graph\":[{\"@type\":\"WebPage\",\"@id\":\"https:\\\/\\\/fgti-distribution.fr\\\/fixation-araymond\\\/araymond-recherche-par-fonction\\\/assembler-panneaux-garnitures-sur-vis-goujons\\\/\",\"url\":\"https:\\\/\\\/fgti-distribution.fr\\\/fixation-araymond\\\/araymond-recherche-par-fonction\\\/assembler-panneaux-garnitures-sur-vis-goujons\\\/\",\"name\":\"FGTI Distribution - Assembler panneaux et garnitures sur vis ou goujons\",\"isPartOf\":{\"@id\":\"https:\\\/\\\/fgti-distribution.fr\\\/#website\"},\"primaryImageOfPage\":{\"@id\":\"https:\\\/\\\/fgti-distribution.fr\\\/fixation-araymond\\\/araymond-recherche-par-fonction\\\/assembler-panneaux-garnitures-sur-vis-goujons\\\/#primaryimage\"},\"image\":{\"@id\":\"https:\\\/\\\/fgti-distribution.fr\\\/fixation-araymond\\\/araymond-recherche-par-fonction\\\/assembler-panneaux-garnitures-sur-vis-goujons\\\/#primaryimage\"},\"thumbnailUrl\":\"https:\\\/\\\/fgti-distribution.fr\\\/FGTI_images\\\/Agrafes-goujons-filetes-panneaux-isolation.jpg\",\"datePublished\":\"2015-12-16T13:36:58+00:00\",\"dateModified\":\"2023-02-10T17:40:53+00:00\",\"description\":\"FGTI Distribution - Assembler panneaux et garnitures sur vis ou goujons -\",\"breadcrumb\":{\"@id\":\"https:\\\/\\\/fgti-distribution.fr\\\/fixation-araymond\\\/araymond-recherche-par-fonction\\\/assembler-panneaux-garnitures-sur-vis-goujons\\\/#breadcrumb\"},\"inLanguage\":\"it-IT\",\"potentialAction\":[{\"@type\":\"ReadAction\",\"target\":[\"https:\\\/\\\/fgti-distribution.fr\\\/fixation-araymond\\\/araymond-recherche-par-fonction\\\/assembler-panneaux-garnitures-sur-vis-goujons\\\/\"]}]},{\"@type\":\"ImageObject\",\"inLanguage\":\"it-IT\",\"@id\":\"https:\\\/\\\/fgti-distribution.fr\\\/fixation-araymond\\\/araymond-recherche-par-fonction\\\/assembler-panneaux-garnitures-sur-vis-goujons\\\/#primaryimage\",\"url\":\"https:\\\/\\\/fgti-distribution.fr\\\/FGTI_images\\\/Agrafes-goujons-filetes-panneaux-isolation.jpg\",\"contentUrl\":\"https:\\\/\\\/fgti-distribution.fr\\\/FGTI_images\\\/Agrafes-goujons-filetes-panneaux-isolation.jpg\"},{\"@type\":\"BreadcrumbList\",\"@id\":\"https:\\\/\\\/fgti-distribution.fr\\\/fixation-araymond\\\/araymond-recherche-par-fonction\\\/assembler-panneaux-garnitures-sur-vis-goujons\\\/#breadcrumb\",\"itemListElement\":[{\"@type\":\"ListItem\",\"position\":1,\"name\":\"Home\",\"item\":\"https:\\\/\\\/fgti-distribution.fr\\\/\"},{\"@type\":\"ListItem\",\"position\":2,\"name\":\"Fixations ARaymond\",\"item\":\"https:\\\/\\\/fgti-distribution.fr\\\/fixation-araymond\\\/\"},{\"@type\":\"ListItem\",\"position\":3,\"name\":\"ARaymond Recherche par fonction\",\"item\":\"https:\\\/\\\/fgti-distribution.fr\\\/fixation-araymond\\\/araymond-recherche-par-fonction\\\/\"},{\"@type\":\"ListItem\",\"position\":4,\"name\":\"Assembler panneaux et garnitures sur vis ou goujons\"}]},{\"@type\":\"WebSite\",\"@id\":\"https:\\\/\\\/fgti-distribution.fr\\\/#website\",\"url\":\"https:\\\/\\\/fgti-distribution.fr\\\/\",\"name\":\"FGTI Distribution\",\"description\":\"Pi\u00e8ces techniques et services \u00e0 forte valeur ajout\u00e9e\",\"publisher\":{\"@id\":\"https:\\\/\\\/fgti-distribution.fr\\\/#organization\"},\"alternateName\":\"FGTI Distribution\",\"potentialAction\":[{\"@type\":\"SearchAction\",\"target\":{\"@type\":\"EntryPoint\",\"urlTemplate\":\"https:\\\/\\\/fgti-distribution.fr\\\/?s={search_term_string}\"},\"query-input\":{\"@type\":\"PropertyValueSpecification\",\"valueRequired\":true,\"valueName\":\"search_term_string\"}}],\"inLanguage\":\"it-IT\"},{\"@type\":\"Organization\",\"@id\":\"https:\\\/\\\/fgti-distribution.fr\\\/#organization\",\"name\":\"FGTI Distribution\",\"alternateName\":\"FGTI Distribution\",\"url\":\"https:\\\/\\\/fgti-distribution.fr\\\/\",\"logo\":{\"@type\":\"ImageObject\",\"inLanguage\":\"it-IT\",\"@id\":\"https:\\\/\\\/fgti-distribution.fr\\\/#\\\/schema\\\/logo\\\/image\\\/\",\"url\":\"https:\\\/\\\/fgti-distribution.fr\\\/wp-content\\\/uploads\\\/2022\\\/12\\\/logo.png\",\"contentUrl\":\"https:\\\/\\\/fgti-distribution.fr\\\/wp-content\\\/uploads\\\/2022\\\/12\\\/logo.png\",\"width\":500,\"height\":228,\"caption\":\"FGTI Distribution\"},\"image\":{\"@id\":\"https:\\\/\\\/fgti-distribution.fr\\\/#\\\/schema\\\/logo\\\/image\\\/\"},\"sameAs\":[\"https:\\\/\\\/www.linkedin.com\\\/company\\\/fgti-distribution\\\/\"]}]}<\/script>\n<!-- \/ Yoast SEO plugin. -->","yoast_head_json":{"title":"FGTI Distribution - Assembler panneaux et garnitures sur vis ou goujons","description":"FGTI Distribution - Assembler panneaux et garnitures sur vis ou goujons -","robots":{"index":"index","follow":"follow","max-snippet":"max-snippet:-1","max-image-preview":"max-image-preview:large","max-video-preview":"max-video-preview:-1"},"canonical":"https:\/\/fgti-distribution.fr\/it\/fissaggio-araymond\/araymond-recherche-par-fonction\/assembler-panneaux-garnitures-sur-vis-goujons\/","og_locale":"it_IT","og_type":"article","og_title":"FGTI Distribution - Assembler panneaux et garnitures sur vis ou goujons","og_description":"FGTI Distribution - Assembler panneaux et garnitures sur vis ou goujons -","og_url":"https:\/\/fgti-distribution.fr\/it\/fissaggio-araymond\/araymond-recherche-par-fonction\/assembler-panneaux-garnitures-sur-vis-goujons\/","og_site_name":"FGTI Distribution","article_modified_time":"2023-02-10T17:40:53+00:00","og_image":[{"url":"https:\/\/fgti-distribution.fr\/FGTI_images\/Agrafes-goujons-filetes-panneaux-isolation.jpg","type":"","width":"","height":""}],"twitter_card":"summary_large_image","twitter_misc":{"Est. reading time":"1 minuto"},"schema":{"@context":"https:\/\/schema.org","@graph":[{"@type":"WebPage","@id":"https:\/\/fgti-distribution.fr\/fixation-araymond\/araymond-recherche-par-fonction\/assembler-panneaux-garnitures-sur-vis-goujons\/","url":"https:\/\/fgti-distribution.fr\/fixation-araymond\/araymond-recherche-par-fonction\/assembler-panneaux-garnitures-sur-vis-goujons\/","name":"FGTI Distribution - Assembler panneaux et garnitures sur vis ou goujons","isPartOf":{"@id":"https:\/\/fgti-distribution.fr\/#website"},"primaryImageOfPage":{"@id":"https:\/\/fgti-distribution.fr\/fixation-araymond\/araymond-recherche-par-fonction\/assembler-panneaux-garnitures-sur-vis-goujons\/#primaryimage"},"image":{"@id":"https:\/\/fgti-distribution.fr\/fixation-araymond\/araymond-recherche-par-fonction\/assembler-panneaux-garnitures-sur-vis-goujons\/#primaryimage"},"thumbnailUrl":"https:\/\/fgti-distribution.fr\/FGTI_images\/Agrafes-goujons-filetes-panneaux-isolation.jpg","datePublished":"2015-12-16T13:36:58+00:00","dateModified":"2023-02-10T17:40:53+00:00","description":"FGTI Distribution - Assembler panneaux et garnitures sur vis ou goujons -","breadcrumb":{"@id":"https:\/\/fgti-distribution.fr\/fixation-araymond\/araymond-recherche-par-fonction\/assembler-panneaux-garnitures-sur-vis-goujons\/#breadcrumb"},"inLanguage":"it-IT","potentialAction":[{"@type":"ReadAction","target":["https:\/\/fgti-distribution.fr\/fixation-araymond\/araymond-recherche-par-fonction\/assembler-panneaux-garnitures-sur-vis-goujons\/"]}]},{"@type":"ImageObject","inLanguage":"it-IT","@id":"https:\/\/fgti-distribution.fr\/fixation-araymond\/araymond-recherche-par-fonction\/assembler-panneaux-garnitures-sur-vis-goujons\/#primaryimage","url":"https:\/\/fgti-distribution.fr\/FGTI_images\/Agrafes-goujons-filetes-panneaux-isolation.jpg","contentUrl":"https:\/\/fgti-distribution.fr\/FGTI_images\/Agrafes-goujons-filetes-panneaux-isolation.jpg"},{"@type":"BreadcrumbList","@id":"https:\/\/fgti-distribution.fr\/fixation-araymond\/araymond-recherche-par-fonction\/assembler-panneaux-garnitures-sur-vis-goujons\/#breadcrumb","itemListElement":[{"@type":"ListItem","position":1,"name":"Home","item":"https:\/\/fgti-distribution.fr\/"},{"@type":"ListItem","position":2,"name":"Fixations ARaymond","item":"https:\/\/fgti-distribution.fr\/fixation-araymond\/"},{"@type":"ListItem","position":3,"name":"ARaymond Recherche par fonction","item":"https:\/\/fgti-distribution.fr\/fixation-araymond\/araymond-recherche-par-fonction\/"},{"@type":"ListItem","position":4,"name":"Assembler panneaux et garnitures sur vis ou goujons"}]},{"@type":"WebSite","@id":"https:\/\/fgti-distribution.fr\/#website","url":"https:\/\/fgti-distribution.fr\/","name":"Distribuzione FGTI","description":"Parti tecniche e servizi ad alto valore aggiunto","publisher":{"@id":"https:\/\/fgti-distribution.fr\/#organization"},"alternateName":"FGTI Distribution","potentialAction":[{"@type":"SearchAction","target":{"@type":"EntryPoint","urlTemplate":"https:\/\/fgti-distribution.fr\/?s={search_term_string}"},"query-input":{"@type":"PropertyValueSpecification","valueRequired":true,"valueName":"search_term_string"}}],"inLanguage":"it-IT"},{"@type":"Organization","@id":"https:\/\/fgti-distribution.fr\/#organization","name":"Distribuzione FGTI","alternateName":"FGTI Distribution","url":"https:\/\/fgti-distribution.fr\/","logo":{"@type":"ImageObject","inLanguage":"it-IT","@id":"https:\/\/fgti-distribution.fr\/#\/schema\/logo\/image\/","url":"https:\/\/fgti-distribution.fr\/wp-content\/uploads\/2022\/12\/logo.png","contentUrl":"https:\/\/fgti-distribution.fr\/wp-content\/uploads\/2022\/12\/logo.png","width":500,"height":228,"caption":"FGTI Distribution"},"image":{"@id":"https:\/\/fgti-distribution.fr\/#\/schema\/logo\/image\/"},"sameAs":["https:\/\/www.linkedin.com\/company\/fgti-distribution\/"]}]}},"_links":{"self":[{"href":"https:\/\/fgti-distribution.fr\/it\/wp-json\/wp\/v2\/pages\/3634","targetHints":{"allow":["GET"]}}],"collection":[{"href":"https:\/\/fgti-distribution.fr\/it\/wp-json\/wp\/v2\/pages"}],"about":[{"href":"https:\/\/fgti-distribution.fr\/it\/wp-json\/wp\/v2\/types\/page"}],"author":[{"embeddable":true,"href":"https:\/\/fgti-distribution.fr\/it\/wp-json\/wp\/v2\/users\/1"}],"replies":[{"embeddable":true,"href":"https:\/\/fgti-distribution.fr\/it\/wp-json\/wp\/v2\/comments?post=3634"}],"version-history":[{"count":1,"href":"https:\/\/fgti-distribution.fr\/it\/wp-json\/wp\/v2\/pages\/3634\/revisions"}],"predecessor-version":[{"id":7392,"href":"https:\/\/fgti-distribution.fr\/it\/wp-json\/wp\/v2\/pages\/3634\/revisions\/7392"}],"up":[{"embeddable":true,"href":"https:\/\/fgti-distribution.fr\/it\/wp-json\/wp\/v2\/pages\/3519"}],"wp:attachment":[{"href":"https:\/\/fgti-distribution.fr\/it\/wp-json\/wp\/v2\/media?parent=3634"}],"curies":[{"name":"wp","href":"https:\/\/api.w.org\/{rel}","templated":true}]}}