{"id":3650,"date":"2015-12-16T14:03:15","date_gmt":"2015-12-16T14:03:15","guid":{"rendered":"https:\/\/fgti-distribution.fr\/?page_id=3650"},"modified":"2024-02-05T14:17:42","modified_gmt":"2024-02-05T14:17:42","slug":"assembler-tiges-lisses-vis-goujons-dans-trou","status":"publish","type":"page","link":"https:\/\/fgti-distribution.fr\/it\/fixation-araymond\/araymond-recherche-par-fonction\/assembler-tiges-lisses-vis-goujons-dans-trou\/","title":{"rendered":"Assembler clips d&rsquo;arr\u00eat d&rsquo;axe sur tiges lisses ou goujons dans un trou"},"content":{"rendered":"<section data-bb-version=\"4.7.6\" id=\"bt_bb_section69d0388e4b9af\" class=\"bt_bb_section bt_bb_layout_boxed_1200\"  data-bt-override-class=\"null\"><div class=\"bt_bb_port\"><div class=\"bt_bb_cell\"><div class=\"bt_bb_cell_inner\"><div class=\"bt_bb_row\"  data-bt-override-class=\"{}\"><div class=\"bt_bb_row_holder\" ><div data-bb-version=\"4.7.6\"  class=\"bt_bb_column col-xxl-12 col-xl-12 col-xs-12 col-sm-12 col-md-12 col-lg-12 bt_bb_vertical_align_top bt_bb_align_left bt_bb_padding_normal\" style=\"; --column-width:12;\" data-width=\"12\" data-bt-override-class=\"{}\"><div class=\"bt_bb_column_content\"><div class=\"bt_bb_column_content_inner\"><div class=\"bt_bb_raw_content\"><div style=\"color: #bababa; font-size: 12px; margin-bottom: 20px;\">FGTI-Distribution &gt; Fixations ARaymond &gt; Recherche par fonction &gt; Assembler clips d'arr\u00eat d'axe sur tiges lisses ou goujons dans un trou<\/div>\n<div style=\"background-color: #888888; color: white; padding: 5px; text-align: center; width: 100%; text-transform: uppercase;\">Assembler clips d'arr\u00eat d'axe sur tiges lisses ou goujons dans un trou<\/div>\n\n<div class=\"textwidget\"><a href=\"https:\/\/fgti-distribution.fr\/it\/fissaggio-araymond\/arret-d-axe-raymond-dans-gorge\/\"><img decoding=\"async\" src=\"https:\/\/fgti-distribution.fr\/wp-content\/themes\/fgti\/images\/arrets-axe-gorge.jpg\" alt=\"arrets-axe-gorge\" \/><\/a><\/div>\n\n<div class=\"textwidget\">\n<h2>Arr\u00eats d'axe<\/h2>\n<h3>Dans une gorge<\/h3>\n<a href=\"https:\/\/fgti-distribution.fr\/it\/fissaggio-araymond\/arret-d-axe-raymond-dans-gorge\/\">&gt;&gt; Voir la fiche produit<\/a>\n<\/div>\n\n<div class=\"textwidget\"><a href=\"https:\/\/fgti-distribution.fr\/it\/fissaggio-araymond\/arret-d-axe-rectangulaire-raymond-tiges-lisses\/\"><img decoding=\"async\" src=\"https:\/\/fgti-distribution.fr\/wp-content\/themes\/fgti\/images\/arrets-axe-rectangulaire.jpg\" alt=\"arrets-axe rectangulaire\" \/><\/a><\/div>\n\n<div class=\"textwidget\">\n<h3>Rectangulaire\/ A pousser sur tiges lisses<\/h3>\n<a href=\"https:\/\/fgti-distribution.fr\/it\/fissaggio-araymond\/arret-d-axe-rectangulaire-raymond-tiges-lisses\/\">&gt;&gt; Voir la fiche produit<\/a>\n<\/div>\n\n<div class=\"textwidget\"><a href=\"https:\/\/fgti-distribution.fr\/it\/fissaggio-araymond\/arret-d-axe-raymond-goujons-filetes\/\"><img decoding=\"async\" src=\"https:\/\/fgti-distribution.fr\/wp-content\/themes\/fgti\/images\/arrets-axe-rondelles-goujons-filetes.jpg\" alt=\"arrets-axe rondelles goujons filet\u00e9s\" \/><\/a><\/div>\n\n<div class=\"textwidget\">\n<h3>Rondelles \u00e0 pousser sur goujons filet\u00e9s<\/h3>\n<a href=\"https:\/\/fgti-distribution.fr\/it\/fissaggio-araymond\/arret-d-axe-raymond-goujons-filetes\/\">&gt;&gt; Voir la fiche produit<\/a>\n<\/div>\n\n<div class=\"textwidget\"><a href=\"https:\/\/fgti-distribution.fr\/it\/fissaggio-araymond\/arret-d-axe-raymond-rondelles-tiges-lisses\/\"><img decoding=\"async\" src=\"https:\/\/fgti-distribution.fr\/wp-content\/themes\/fgti\/images\/arrets-axe-rondelles-charges-legeres.jpg\" alt=\"arrets-axe rondelles charges l\u00e9g\u00e8res\" \/><\/a><\/div>\n\n<div class=\"textwidget\">\n<h3>Rondelles \u00e0 pousser sur tiges lisses\/ Charges L\u00e9g\u00e8res<\/h3>\n<a href=\"https:\/\/fgti-distribution.fr\/it\/fissaggio-araymond\/arret-d-axe-raymond-rondelles-tiges-lisses\/\">&gt;&gt; Voir la fiche produit<\/a>\n<\/div>\n\n<div class=\"textwidget\"><a href=\"https:\/\/fgti-distribution.fr\/it\/fissaggio-araymond\/arret-d-axe-raymond-rondelles-tiges-lisses-renforcees\/\"><img decoding=\"async\" src=\"https:\/\/fgti-distribution.fr\/wp-content\/themes\/fgti\/images\/arrets-axe-rondelles-renforcees.jpg\" alt=\"arrets-axe rondelles renforc\u00e9es\" \/><\/a><\/div>\n\n<div class=\"textwidget\">\n<h3>Rondelles \u00e0 pousser sur tiges lisses\/ Renforc\u00e9es<\/h3>\n<a href=\"https:\/\/fgti-distribution.fr\/it\/fissaggio-araymond\/arret-d-axe-raymond-rondelles-tiges-lisses-renforcees\/\">&gt;&gt; Voir la fiche produit<\/a>\n<\/div>\n\n<div class=\"textwidget\"><a href=\"https:\/\/fgti-distribution.fr\/it\/fissaggio-araymond\/ecrou-goujons-filetes-raymond\/\"><img decoding=\"async\" src=\"https:\/\/fgti-distribution.fr\/wp-content\/themes\/fgti\/images\/Ecrous-goujons-filetes.jpg\" alt=\"\u00e9crous goujons filet\u00e9s\" \/><\/a><\/div>\n\n<div class=\"textwidget\">\n<h2>Ecrous<\/h2>\n<h3>Pour goujons filet\u00e9s<\/h3>\n<a href=\"https:\/\/fgti-distribution.fr\/it\/fissaggio-araymond\/ecrou-goujons-filetes-raymond\/\">&gt;&gt; Voir la fiche produit<\/a>\n<\/div>\n\n<div class=\"textwidget\"><a href=\"https:\/\/fgti-distribution.fr\/it\/fissaggio-araymond\/ecrou-tiges-lisses-raymond\/\"><img decoding=\"async\" src=\"https:\/\/fgti-distribution.fr\/wp-content\/themes\/fgti\/images\/Ecrous-tiges-lisses.jpg\" alt=\"\u00e9crous tiges lisses\" \/><\/a><\/div>\n\n<div class=\"textwidget\">\n<h3>Pour tiges lisses<\/h3>\n<a href=\"https:\/\/fgti-distribution.fr\/it\/fissaggio-araymond\/ecrou-tiges-lisses-raymond\/\">&gt;&gt; Voir la fiche produit<\/a>\n<\/div>\n\n<div class=\"textwidget\"><a href=\"https:\/\/fgti-distribution.fr\/it\/fissaggio-araymond\/ecrou-metal-ecrous-cage-raymond\/\"><img decoding=\"async\" src=\"https:\/\/fgti-distribution.fr\/wp-content\/themes\/fgti\/images\/Ecrous-metal-cages.jpg\" alt=\"\u00e9crous m\u00e9tal cages\" \/><\/a><\/div>\n\n<div class=\"textwidget\">\n<h2>Ecrous m\u00e9tal \u00e0 pressionner<\/h2>\n<h3>Ecrous cages<\/h3>\n<a href=\"https:\/\/fgti-distribution.fr\/it\/fissaggio-araymond\/ecrou-metal-ecrous-cage-raymond\/\">&gt;&gt; Voir la fiche produit<\/a>\n<\/div>\n\n<div class=\"textwidget\"><a href=\"https:\/\/fgti-distribution.fr\/it\/fissaggio-araymond\/ecrou-metal-vis-metriques-raymond\/\"><img decoding=\"async\" src=\"https:\/\/fgti-distribution.fr\/wp-content\/themes\/fgti\/images\/Ecrous-metal-vis-metriques.jpg\" alt=\"\u00e9crous m\u00e9tal vis m\u00e9triques\" \/><\/a><\/div>\n\n<div class=\"textwidget\">\n<h3>Pour vis m\u00e9triques<\/h3>\n<a href=\"https:\/\/fgti-distribution.fr\/it\/fissaggio-araymond\/ecrou-metal-vis-metriques-raymond\/\">&gt;&gt; Voir la fiche produit<\/a>\n<\/div>\n\n\n<div class=\"textwidget\"><a href=\"https:\/\/fgti-distribution.fr\/it\/fissaggio-araymond\/ecrou-plastique-raymond-trous-carres\/\"><img decoding=\"async\" src=\"https:\/\/fgti-distribution.fr\/wp-content\/themes\/fgti\/images\/Ecrous-plastique-trous-carres.jpg\" alt=\"\u00e9crous plastique trous carr\u00e9s\" \/><\/a><\/div>\n\n<div class=\"textwidget\">\n<h2>Ecrous plastique \u00e0 pressionner<\/h2>\n<h3>Pour trous carr\u00e9s<\/h3>\n<a href=\"https:\/\/fgti-distribution.fr\/it\/fissaggio-araymond\/ecrou-plastique-raymond-trous-carres\/\">&gt;&gt; Voir la fiche produit<\/a>\n<\/div>\n\n<div class=\"textwidget\"><a href=\"https:\/\/fgti-distribution.fr\/it\/fissaggio-araymond\/ecrou-plastique-raymond-trous-oblongs\/\"><img decoding=\"async\" src=\"https:\/\/fgti-distribution.fr\/wp-content\/themes\/fgti\/images\/Ecrous-plastique-trous-oblongs.jpg\" alt=\"\u00e9crous plastique trous oblongs\" \/><\/a><\/div>\n\n<div class=\"textwidget\">\n<h3>Pour trous oblongs<\/h3>\n<a href=\"https:\/\/fgti-distribution.fr\/it\/fissaggio-araymond\/ecrou-plastique-raymond-trous-oblongs\/\">&gt;&gt; Voir la fiche produit<\/a>\n<\/div<\/div><\/div><\/div><\/div><\/div><\/div><\/div><!-- cell_inner --><\/div><!-- cell --><\/div><!-- port --><\/section>","protected":false},"excerpt":{"rendered":"","protected":false},"author":1,"featured_media":0,"parent":3519,"menu_order":0,"comment_status":"closed","ping_status":"closed","template":"","meta":{"footnotes":""},"class_list":["post-3650","page","type-page","status-publish","hentry"],"yoast_head":"<!-- This site is optimized with the Yoast SEO plugin v27.3 - https:\/\/yoast.com\/product\/yoast-seo-wordpress\/ -->\n<title>FGTI Distribution - Assembler clips d&#039;arr\u00eat d&#039;axe sur tiges lisses ou goujons dans un trou<\/title>\n<meta name=\"description\" content=\"FGTI Distribution - Assembler clips d&#039;arr\u00eat d&#039;axe sur tiges lisses ou goujons dans un trou -\" \/>\n<meta name=\"robots\" content=\"index, follow, max-snippet:-1, max-image-preview:large, max-video-preview:-1\" \/>\n<link rel=\"canonical\" href=\"https:\/\/fgti-distribution.fr\/it\/fissaggio-araymond\/araymond-recherche-par-fonction\/assembler-tiges-lisses-vis-goujons-dans-trou\/\" \/>\n<meta property=\"og:locale\" content=\"it_IT\" \/>\n<meta property=\"og:type\" content=\"article\" \/>\n<meta property=\"og:title\" content=\"FGTI Distribution - Assembler clips d&#039;arr\u00eat d&#039;axe sur tiges lisses ou goujons dans un trou\" \/>\n<meta property=\"og:description\" content=\"FGTI Distribution - Assembler clips d&#039;arr\u00eat d&#039;axe sur tiges lisses ou goujons dans un trou -\" \/>\n<meta property=\"og:url\" content=\"https:\/\/fgti-distribution.fr\/it\/fissaggio-araymond\/araymond-recherche-par-fonction\/assembler-tiges-lisses-vis-goujons-dans-trou\/\" \/>\n<meta property=\"og:site_name\" content=\"FGTI Distribution\" \/>\n<meta property=\"article:modified_time\" content=\"2024-02-05T14:17:42+00:00\" \/>\n<meta name=\"twitter:card\" content=\"summary_large_image\" \/>\n<meta name=\"twitter:label1\" content=\"Est. reading time\" \/>\n\t<meta name=\"twitter:data1\" content=\"4 minuti\" \/>\n<script type=\"application\/ld+json\" class=\"yoast-schema-graph\">{\"@context\":\"https:\\\/\\\/schema.org\",\"@graph\":[{\"@type\":\"WebPage\",\"@id\":\"https:\\\/\\\/fgti-distribution.fr\\\/fixation-araymond\\\/araymond-recherche-par-fonction\\\/assembler-tiges-lisses-vis-goujons-dans-trou\\\/\",\"url\":\"https:\\\/\\\/fgti-distribution.fr\\\/fixation-araymond\\\/araymond-recherche-par-fonction\\\/assembler-tiges-lisses-vis-goujons-dans-trou\\\/\",\"name\":\"FGTI Distribution - Assembler clips d'arr\u00eat d'axe sur tiges lisses ou goujons dans un trou\",\"isPartOf\":{\"@id\":\"https:\\\/\\\/fgti-distribution.fr\\\/#website\"},\"datePublished\":\"2015-12-16T14:03:15+00:00\",\"dateModified\":\"2024-02-05T14:17:42+00:00\",\"description\":\"FGTI Distribution - Assembler clips d'arr\u00eat d'axe sur tiges lisses ou goujons dans un trou -\",\"breadcrumb\":{\"@id\":\"https:\\\/\\\/fgti-distribution.fr\\\/fixation-araymond\\\/araymond-recherche-par-fonction\\\/assembler-tiges-lisses-vis-goujons-dans-trou\\\/#breadcrumb\"},\"inLanguage\":\"it-IT\",\"potentialAction\":[{\"@type\":\"ReadAction\",\"target\":[\"https:\\\/\\\/fgti-distribution.fr\\\/fixation-araymond\\\/araymond-recherche-par-fonction\\\/assembler-tiges-lisses-vis-goujons-dans-trou\\\/\"]}]},{\"@type\":\"BreadcrumbList\",\"@id\":\"https:\\\/\\\/fgti-distribution.fr\\\/fixation-araymond\\\/araymond-recherche-par-fonction\\\/assembler-tiges-lisses-vis-goujons-dans-trou\\\/#breadcrumb\",\"itemListElement\":[{\"@type\":\"ListItem\",\"position\":1,\"name\":\"Home\",\"item\":\"https:\\\/\\\/fgti-distribution.fr\\\/\"},{\"@type\":\"ListItem\",\"position\":2,\"name\":\"Fixations ARaymond\",\"item\":\"https:\\\/\\\/fgti-distribution.fr\\\/fixation-araymond\\\/\"},{\"@type\":\"ListItem\",\"position\":3,\"name\":\"ARaymond Recherche par fonction\",\"item\":\"https:\\\/\\\/fgti-distribution.fr\\\/fixation-araymond\\\/araymond-recherche-par-fonction\\\/\"},{\"@type\":\"ListItem\",\"position\":4,\"name\":\"Assembler clips d&rsquo;arr\u00eat d&rsquo;axe sur tiges lisses ou goujons dans un trou\"}]},{\"@type\":\"WebSite\",\"@id\":\"https:\\\/\\\/fgti-distribution.fr\\\/#website\",\"url\":\"https:\\\/\\\/fgti-distribution.fr\\\/\",\"name\":\"FGTI Distribution\",\"description\":\"Pi\u00e8ces techniques et services \u00e0 forte valeur ajout\u00e9e\",\"publisher\":{\"@id\":\"https:\\\/\\\/fgti-distribution.fr\\\/#organization\"},\"alternateName\":\"FGTI Distribution\",\"potentialAction\":[{\"@type\":\"SearchAction\",\"target\":{\"@type\":\"EntryPoint\",\"urlTemplate\":\"https:\\\/\\\/fgti-distribution.fr\\\/?s={search_term_string}\"},\"query-input\":{\"@type\":\"PropertyValueSpecification\",\"valueRequired\":true,\"valueName\":\"search_term_string\"}}],\"inLanguage\":\"it-IT\"},{\"@type\":\"Organization\",\"@id\":\"https:\\\/\\\/fgti-distribution.fr\\\/#organization\",\"name\":\"FGTI Distribution\",\"alternateName\":\"FGTI Distribution\",\"url\":\"https:\\\/\\\/fgti-distribution.fr\\\/\",\"logo\":{\"@type\":\"ImageObject\",\"inLanguage\":\"it-IT\",\"@id\":\"https:\\\/\\\/fgti-distribution.fr\\\/#\\\/schema\\\/logo\\\/image\\\/\",\"url\":\"https:\\\/\\\/fgti-distribution.fr\\\/wp-content\\\/uploads\\\/2022\\\/12\\\/logo.png\",\"contentUrl\":\"https:\\\/\\\/fgti-distribution.fr\\\/wp-content\\\/uploads\\\/2022\\\/12\\\/logo.png\",\"width\":500,\"height\":228,\"caption\":\"FGTI Distribution\"},\"image\":{\"@id\":\"https:\\\/\\\/fgti-distribution.fr\\\/#\\\/schema\\\/logo\\\/image\\\/\"},\"sameAs\":[\"https:\\\/\\\/www.linkedin.com\\\/company\\\/fgti-distribution\\\/\"]}]}<\/script>\n<!-- \/ Yoast SEO plugin. -->","yoast_head_json":{"title":"FGTI Distribution - Assembler clips d'arr\u00eat d'axe sur tiges lisses ou goujons dans un trou","description":"FGTI Distribution - Assembler clips d'arr\u00eat d'axe sur tiges lisses ou goujons dans un trou -","robots":{"index":"index","follow":"follow","max-snippet":"max-snippet:-1","max-image-preview":"max-image-preview:large","max-video-preview":"max-video-preview:-1"},"canonical":"https:\/\/fgti-distribution.fr\/it\/fissaggio-araymond\/araymond-recherche-par-fonction\/assembler-tiges-lisses-vis-goujons-dans-trou\/","og_locale":"it_IT","og_type":"article","og_title":"FGTI Distribution - Assembler clips d'arr\u00eat d'axe sur tiges lisses ou goujons dans un trou","og_description":"FGTI Distribution - Assembler clips d'arr\u00eat d'axe sur tiges lisses ou goujons dans un trou -","og_url":"https:\/\/fgti-distribution.fr\/it\/fissaggio-araymond\/araymond-recherche-par-fonction\/assembler-tiges-lisses-vis-goujons-dans-trou\/","og_site_name":"FGTI Distribution","article_modified_time":"2024-02-05T14:17:42+00:00","twitter_card":"summary_large_image","twitter_misc":{"Est. reading time":"4 minuti"},"schema":{"@context":"https:\/\/schema.org","@graph":[{"@type":"WebPage","@id":"https:\/\/fgti-distribution.fr\/fixation-araymond\/araymond-recherche-par-fonction\/assembler-tiges-lisses-vis-goujons-dans-trou\/","url":"https:\/\/fgti-distribution.fr\/fixation-araymond\/araymond-recherche-par-fonction\/assembler-tiges-lisses-vis-goujons-dans-trou\/","name":"FGTI Distribution - Assembler clips d'arr\u00eat d'axe sur tiges lisses ou goujons dans un trou","isPartOf":{"@id":"https:\/\/fgti-distribution.fr\/#website"},"datePublished":"2015-12-16T14:03:15+00:00","dateModified":"2024-02-05T14:17:42+00:00","description":"FGTI Distribution - Assembler clips d'arr\u00eat d'axe sur tiges lisses ou goujons dans un trou -","breadcrumb":{"@id":"https:\/\/fgti-distribution.fr\/fixation-araymond\/araymond-recherche-par-fonction\/assembler-tiges-lisses-vis-goujons-dans-trou\/#breadcrumb"},"inLanguage":"it-IT","potentialAction":[{"@type":"ReadAction","target":["https:\/\/fgti-distribution.fr\/fixation-araymond\/araymond-recherche-par-fonction\/assembler-tiges-lisses-vis-goujons-dans-trou\/"]}]},{"@type":"BreadcrumbList","@id":"https:\/\/fgti-distribution.fr\/fixation-araymond\/araymond-recherche-par-fonction\/assembler-tiges-lisses-vis-goujons-dans-trou\/#breadcrumb","itemListElement":[{"@type":"ListItem","position":1,"name":"Home","item":"https:\/\/fgti-distribution.fr\/"},{"@type":"ListItem","position":2,"name":"Fixations ARaymond","item":"https:\/\/fgti-distribution.fr\/fixation-araymond\/"},{"@type":"ListItem","position":3,"name":"ARaymond Recherche par fonction","item":"https:\/\/fgti-distribution.fr\/fixation-araymond\/araymond-recherche-par-fonction\/"},{"@type":"ListItem","position":4,"name":"Assembler clips d&rsquo;arr\u00eat d&rsquo;axe sur tiges lisses ou goujons dans un trou"}]},{"@type":"WebSite","@id":"https:\/\/fgti-distribution.fr\/#website","url":"https:\/\/fgti-distribution.fr\/","name":"Distribuzione FGTI","description":"Parti tecniche e servizi ad alto valore aggiunto","publisher":{"@id":"https:\/\/fgti-distribution.fr\/#organization"},"alternateName":"FGTI Distribution","potentialAction":[{"@type":"SearchAction","target":{"@type":"EntryPoint","urlTemplate":"https:\/\/fgti-distribution.fr\/?s={search_term_string}"},"query-input":{"@type":"PropertyValueSpecification","valueRequired":true,"valueName":"search_term_string"}}],"inLanguage":"it-IT"},{"@type":"Organization","@id":"https:\/\/fgti-distribution.fr\/#organization","name":"Distribuzione FGTI","alternateName":"FGTI Distribution","url":"https:\/\/fgti-distribution.fr\/","logo":{"@type":"ImageObject","inLanguage":"it-IT","@id":"https:\/\/fgti-distribution.fr\/#\/schema\/logo\/image\/","url":"https:\/\/fgti-distribution.fr\/wp-content\/uploads\/2022\/12\/logo.png","contentUrl":"https:\/\/fgti-distribution.fr\/wp-content\/uploads\/2022\/12\/logo.png","width":500,"height":228,"caption":"FGTI Distribution"},"image":{"@id":"https:\/\/fgti-distribution.fr\/#\/schema\/logo\/image\/"},"sameAs":["https:\/\/www.linkedin.com\/company\/fgti-distribution\/"]}]}},"_links":{"self":[{"href":"https:\/\/fgti-distribution.fr\/it\/wp-json\/wp\/v2\/pages\/3650","targetHints":{"allow":["GET"]}}],"collection":[{"href":"https:\/\/fgti-distribution.fr\/it\/wp-json\/wp\/v2\/pages"}],"about":[{"href":"https:\/\/fgti-distribution.fr\/it\/wp-json\/wp\/v2\/types\/page"}],"author":[{"embeddable":true,"href":"https:\/\/fgti-distribution.fr\/it\/wp-json\/wp\/v2\/users\/1"}],"replies":[{"embeddable":true,"href":"https:\/\/fgti-distribution.fr\/it\/wp-json\/wp\/v2\/comments?post=3650"}],"version-history":[{"count":5,"href":"https:\/\/fgti-distribution.fr\/it\/wp-json\/wp\/v2\/pages\/3650\/revisions"}],"predecessor-version":[{"id":9116,"href":"https:\/\/fgti-distribution.fr\/it\/wp-json\/wp\/v2\/pages\/3650\/revisions\/9116"}],"up":[{"embeddable":true,"href":"https:\/\/fgti-distribution.fr\/it\/wp-json\/wp\/v2\/pages\/3519"}],"wp:attachment":[{"href":"https:\/\/fgti-distribution.fr\/it\/wp-json\/wp\/v2\/media?parent=3650"}],"curies":[{"name":"wp","href":"https:\/\/api.w.org\/{rel}","templated":true}]}}