{"id":3666,"date":"2015-12-16T15:10:35","date_gmt":"2015-12-16T15:10:35","guid":{"rendered":"https:\/\/fgti-distribution.fr\/?page_id=3666"},"modified":"2024-02-05T14:55:55","modified_gmt":"2024-02-05T14:55:55","slug":"protection-et-finition-de-panneaux-dans-un-trou","status":"publish","type":"page","link":"https:\/\/fgti-distribution.fr\/it\/fixation-araymond\/araymond-recherche-par-fonction\/protection-et-finition-de-panneaux-dans-un-trou\/","title":{"rendered":"Protection et Finition de panneaux dans un trou"},"content":{"rendered":"<section data-bb-version=\"4.7.6\" id=\"bt_bb_section69d0388d78996\" class=\"bt_bb_section bt_bb_layout_boxed_1200\"  data-bt-override-class=\"null\"><div class=\"bt_bb_port\"><div class=\"bt_bb_cell\"><div class=\"bt_bb_cell_inner\"><div class=\"bt_bb_row\"  data-bt-override-class=\"{}\"><div class=\"bt_bb_row_holder\" ><div data-bb-version=\"4.7.6\"  class=\"bt_bb_column col-xxl-12 col-xl-12 col-xs-12 col-sm-12 col-md-12 col-lg-12 bt_bb_vertical_align_top bt_bb_align_left bt_bb_padding_normal\" style=\"; --column-width:12;\" data-width=\"12\" data-bt-override-class=\"{}\"><div class=\"bt_bb_column_content\"><div class=\"bt_bb_column_content_inner\"><div class=\"bt_bb_raw_content\"><div style=\"color: #bababa; font-size: 12px; margin-bottom: 20px;\">FGTI-Distribution > Fixations ARaymond > Recherche par fonction > Protection et Finition de panneaux dans un trou<\/div>\n\n<p>Protection et Finition de panneaux dans un trou<\/p>\n\n<a href=\"https:\/\/fgti-distribution.fr\/it\/fissaggio-araymond\/bagues-anti-fluage-raymond-pour-trous-oblongs\/\"><img decoding=\"async\" src=\"https:\/\/fgti-distribution.fr\/wp-content\/themes\/fgti\/images\/Bagues-anti-fluage-trous-oblongs.jpg\" alt=\"Bagues-anti-fluage-trous-oblongs\" \/><\/a>\n<h2>Bagues anti-fluage<\/h2>\n\u00a0\n<h3>Anelli anti-fluage per fori asolati<\/h3>\n<a href=\"https:\/\/fgti-distribution.fr\/it\/fissaggio-araymond\/bagues-anti-fluage-raymond-pour-trous-oblongs\/\">>> Voir la fiche produit<\/a>\n<a href=\"https:\/\/fgti-distribution.fr\/it\/fissaggio-araymond\/bagues-anti-fluage-raymond-pour-trous-ronds\/\"><img decoding=\"async\" src=\"https:\/\/fgti-distribution.fr\/wp-content\/themes\/fgti\/images\/Bagues-anti-fluage-trous-ronds.jpg\" alt=\"Bagues-anti-fluage-trous-ronds\" \/><\/a>\n\n\u00a0\n<h3>Anelli antiflusso per fori rotondi<\/h3>\n<a href=\"https:\/\/fgti-distribution.fr\/it\/fissaggio-araymond\/bagues-anti-fluage-raymond-pour-trous-ronds\/\">>> Voir la fiche produit<\/a>\n<a href=\"https:\/\/fgti-distribution.fr\/it\/fissaggio-araymond\/obturateurs-raymond-pour-trous-oblongs\/\"><img decoding=\"async\" src=\"https:\/\/fgti-distribution.fr\/wp-content\/themes\/fgti\/images\/Obturateurs-trous-oblongs.jpg\" alt=\"Obturateurs-trous-oblongs\" \/><\/a>\n\n<h2>Obturateurs<\/h2>\u00a0\n<h3>Tappi per fori oblunghi<\/h3>\n<a href=\"https:\/\/fgti-distribution.fr\/it\/fissaggio-araymond\/obturateurs-raymond-pour-trous-oblongs\/\">>> Voir la fiche produit<\/a>\n<a href=\"https:\/\/fgti-distribution.fr\/it\/fissaggio-araymond\/obturateurs-raymond-pour-trous-ronds\/\"><img decoding=\"async\" src=\"https:\/\/fgti-distribution.fr\/wp-content\/themes\/fgti\/images\/Obturateurs-trous-ronds.jpg\" alt=\"Obturateurs-trous-ronds\" \/><\/a>\n<h3>Otturatori per fori rotondi<\/h3>\n<a href=\"https:\/\/fgti-distribution.fr\/it\/fissaggio-araymond\/obturateurs-raymond-pour-trous-ronds\/\">>> Voir la fiche produit<\/a>\n<a href=\"https:\/\/fgti-distribution.fr\/it\/fissaggio-araymond\/passe-fil-raymond-pour-trous-ronds\/\"><img decoding=\"async\" src=\"https:\/\/fgti-distribution.fr\/wp-content\/themes\/fgti\/images\/Passe-fils-trous-ronds.jpg\" alt=\"Passe-fils-trous-ronds\" \/><\/a>\n\n<h2>Passe-fils<\/h2>\n<h3>Passefiori per fori rotondi<\/h3>\n<a href=\"https:\/\/fgti-distribution.fr\/it\/fissaggio-araymond\/passe-fil-raymond-pour-trous-ronds\/\">>> Voir la fiche produit<\/a><\/div><\/div><\/div><\/div><\/div><\/div><\/div><!-- cell_inner --><\/div><!-- cell --><\/div><!-- port --><\/section>","protected":false},"excerpt":{"rendered":"","protected":false},"author":1,"featured_media":0,"parent":3519,"menu_order":0,"comment_status":"closed","ping_status":"closed","template":"","meta":{"footnotes":""},"class_list":["post-3666","page","type-page","status-publish","hentry"],"yoast_head":"<!-- This site is optimized with the Yoast SEO plugin v27.3 - https:\/\/yoast.com\/product\/yoast-seo-wordpress\/ -->\n<title>FGTI Distribution - Protection et Finition de panneaux dans un trou<\/title>\n<meta name=\"description\" content=\"FGTI Distribution - Protection et Finition de panneaux dans un trou -\" \/>\n<meta name=\"robots\" content=\"index, follow, max-snippet:-1, max-image-preview:large, max-video-preview:-1\" \/>\n<link rel=\"canonical\" href=\"https:\/\/fgti-distribution.fr\/it\/fissaggio-araymond\/araymond-recherche-par-fonction\/protection-et-finition-de-panneaux-dans-un-trou\/\" \/>\n<meta property=\"og:locale\" content=\"it_IT\" \/>\n<meta property=\"og:type\" content=\"article\" \/>\n<meta property=\"og:title\" content=\"FGTI Distribution - Protection et Finition de panneaux dans un trou\" \/>\n<meta property=\"og:description\" content=\"FGTI Distribution - Protection et Finition de panneaux dans un trou -\" \/>\n<meta property=\"og:url\" content=\"https:\/\/fgti-distribution.fr\/it\/fissaggio-araymond\/araymond-recherche-par-fonction\/protection-et-finition-de-panneaux-dans-un-trou\/\" \/>\n<meta property=\"og:site_name\" content=\"FGTI Distribution\" \/>\n<meta property=\"article:modified_time\" content=\"2024-02-05T14:55:55+00:00\" \/>\n<meta name=\"twitter:card\" content=\"summary_large_image\" \/>\n<meta name=\"twitter:label1\" content=\"Est. reading time\" \/>\n\t<meta name=\"twitter:data1\" content=\"1 minuto\" \/>\n<script type=\"application\/ld+json\" class=\"yoast-schema-graph\">{\"@context\":\"https:\\\/\\\/schema.org\",\"@graph\":[{\"@type\":\"WebPage\",\"@id\":\"https:\\\/\\\/fgti-distribution.fr\\\/fixation-araymond\\\/araymond-recherche-par-fonction\\\/protection-et-finition-de-panneaux-dans-un-trou\\\/\",\"url\":\"https:\\\/\\\/fgti-distribution.fr\\\/fixation-araymond\\\/araymond-recherche-par-fonction\\\/protection-et-finition-de-panneaux-dans-un-trou\\\/\",\"name\":\"FGTI Distribution - Protection et Finition de panneaux dans un trou\",\"isPartOf\":{\"@id\":\"https:\\\/\\\/fgti-distribution.fr\\\/#website\"},\"datePublished\":\"2015-12-16T15:10:35+00:00\",\"dateModified\":\"2024-02-05T14:55:55+00:00\",\"description\":\"FGTI Distribution - Protection et Finition de panneaux dans un trou -\",\"breadcrumb\":{\"@id\":\"https:\\\/\\\/fgti-distribution.fr\\\/fixation-araymond\\\/araymond-recherche-par-fonction\\\/protection-et-finition-de-panneaux-dans-un-trou\\\/#breadcrumb\"},\"inLanguage\":\"it-IT\",\"potentialAction\":[{\"@type\":\"ReadAction\",\"target\":[\"https:\\\/\\\/fgti-distribution.fr\\\/fixation-araymond\\\/araymond-recherche-par-fonction\\\/protection-et-finition-de-panneaux-dans-un-trou\\\/\"]}]},{\"@type\":\"BreadcrumbList\",\"@id\":\"https:\\\/\\\/fgti-distribution.fr\\\/fixation-araymond\\\/araymond-recherche-par-fonction\\\/protection-et-finition-de-panneaux-dans-un-trou\\\/#breadcrumb\",\"itemListElement\":[{\"@type\":\"ListItem\",\"position\":1,\"name\":\"Home\",\"item\":\"https:\\\/\\\/fgti-distribution.fr\\\/\"},{\"@type\":\"ListItem\",\"position\":2,\"name\":\"Fixations ARaymond\",\"item\":\"https:\\\/\\\/fgti-distribution.fr\\\/fixation-araymond\\\/\"},{\"@type\":\"ListItem\",\"position\":3,\"name\":\"ARaymond Recherche par fonction\",\"item\":\"https:\\\/\\\/fgti-distribution.fr\\\/fixation-araymond\\\/araymond-recherche-par-fonction\\\/\"},{\"@type\":\"ListItem\",\"position\":4,\"name\":\"Protection et Finition de panneaux dans un trou\"}]},{\"@type\":\"WebSite\",\"@id\":\"https:\\\/\\\/fgti-distribution.fr\\\/#website\",\"url\":\"https:\\\/\\\/fgti-distribution.fr\\\/\",\"name\":\"FGTI Distribution\",\"description\":\"Pi\u00e8ces techniques et services \u00e0 forte valeur ajout\u00e9e\",\"publisher\":{\"@id\":\"https:\\\/\\\/fgti-distribution.fr\\\/#organization\"},\"alternateName\":\"FGTI Distribution\",\"potentialAction\":[{\"@type\":\"SearchAction\",\"target\":{\"@type\":\"EntryPoint\",\"urlTemplate\":\"https:\\\/\\\/fgti-distribution.fr\\\/?s={search_term_string}\"},\"query-input\":{\"@type\":\"PropertyValueSpecification\",\"valueRequired\":true,\"valueName\":\"search_term_string\"}}],\"inLanguage\":\"it-IT\"},{\"@type\":\"Organization\",\"@id\":\"https:\\\/\\\/fgti-distribution.fr\\\/#organization\",\"name\":\"FGTI Distribution\",\"alternateName\":\"FGTI Distribution\",\"url\":\"https:\\\/\\\/fgti-distribution.fr\\\/\",\"logo\":{\"@type\":\"ImageObject\",\"inLanguage\":\"it-IT\",\"@id\":\"https:\\\/\\\/fgti-distribution.fr\\\/#\\\/schema\\\/logo\\\/image\\\/\",\"url\":\"https:\\\/\\\/fgti-distribution.fr\\\/wp-content\\\/uploads\\\/2022\\\/12\\\/logo.png\",\"contentUrl\":\"https:\\\/\\\/fgti-distribution.fr\\\/wp-content\\\/uploads\\\/2022\\\/12\\\/logo.png\",\"width\":500,\"height\":228,\"caption\":\"FGTI Distribution\"},\"image\":{\"@id\":\"https:\\\/\\\/fgti-distribution.fr\\\/#\\\/schema\\\/logo\\\/image\\\/\"},\"sameAs\":[\"https:\\\/\\\/www.linkedin.com\\\/company\\\/fgti-distribution\\\/\"]}]}<\/script>\n<!-- \/ Yoast SEO plugin. -->","yoast_head_json":{"title":"FGTI Distribution - Protection et Finition de panneaux dans un trou","description":"FGTI Distribution - Protection et Finition de panneaux dans un trou -","robots":{"index":"index","follow":"follow","max-snippet":"max-snippet:-1","max-image-preview":"max-image-preview:large","max-video-preview":"max-video-preview:-1"},"canonical":"https:\/\/fgti-distribution.fr\/it\/fissaggio-araymond\/araymond-recherche-par-fonction\/protection-et-finition-de-panneaux-dans-un-trou\/","og_locale":"it_IT","og_type":"article","og_title":"FGTI Distribution - Protection et Finition de panneaux dans un trou","og_description":"FGTI Distribution - Protection et Finition de panneaux dans un trou -","og_url":"https:\/\/fgti-distribution.fr\/it\/fissaggio-araymond\/araymond-recherche-par-fonction\/protection-et-finition-de-panneaux-dans-un-trou\/","og_site_name":"FGTI Distribution","article_modified_time":"2024-02-05T14:55:55+00:00","twitter_card":"summary_large_image","twitter_misc":{"Est. reading time":"1 minuto"},"schema":{"@context":"https:\/\/schema.org","@graph":[{"@type":"WebPage","@id":"https:\/\/fgti-distribution.fr\/fixation-araymond\/araymond-recherche-par-fonction\/protection-et-finition-de-panneaux-dans-un-trou\/","url":"https:\/\/fgti-distribution.fr\/fixation-araymond\/araymond-recherche-par-fonction\/protection-et-finition-de-panneaux-dans-un-trou\/","name":"FGTI Distribution - Protection et Finition de panneaux dans un trou","isPartOf":{"@id":"https:\/\/fgti-distribution.fr\/#website"},"datePublished":"2015-12-16T15:10:35+00:00","dateModified":"2024-02-05T14:55:55+00:00","description":"FGTI Distribution - Protection et Finition de panneaux dans un trou -","breadcrumb":{"@id":"https:\/\/fgti-distribution.fr\/fixation-araymond\/araymond-recherche-par-fonction\/protection-et-finition-de-panneaux-dans-un-trou\/#breadcrumb"},"inLanguage":"it-IT","potentialAction":[{"@type":"ReadAction","target":["https:\/\/fgti-distribution.fr\/fixation-araymond\/araymond-recherche-par-fonction\/protection-et-finition-de-panneaux-dans-un-trou\/"]}]},{"@type":"BreadcrumbList","@id":"https:\/\/fgti-distribution.fr\/fixation-araymond\/araymond-recherche-par-fonction\/protection-et-finition-de-panneaux-dans-un-trou\/#breadcrumb","itemListElement":[{"@type":"ListItem","position":1,"name":"Home","item":"https:\/\/fgti-distribution.fr\/"},{"@type":"ListItem","position":2,"name":"Fixations ARaymond","item":"https:\/\/fgti-distribution.fr\/fixation-araymond\/"},{"@type":"ListItem","position":3,"name":"ARaymond Recherche par fonction","item":"https:\/\/fgti-distribution.fr\/fixation-araymond\/araymond-recherche-par-fonction\/"},{"@type":"ListItem","position":4,"name":"Protection et Finition de panneaux dans un trou"}]},{"@type":"WebSite","@id":"https:\/\/fgti-distribution.fr\/#website","url":"https:\/\/fgti-distribution.fr\/","name":"Distribuzione FGTI","description":"Parti tecniche e servizi ad alto valore aggiunto","publisher":{"@id":"https:\/\/fgti-distribution.fr\/#organization"},"alternateName":"FGTI Distribution","potentialAction":[{"@type":"SearchAction","target":{"@type":"EntryPoint","urlTemplate":"https:\/\/fgti-distribution.fr\/?s={search_term_string}"},"query-input":{"@type":"PropertyValueSpecification","valueRequired":true,"valueName":"search_term_string"}}],"inLanguage":"it-IT"},{"@type":"Organization","@id":"https:\/\/fgti-distribution.fr\/#organization","name":"Distribuzione FGTI","alternateName":"FGTI Distribution","url":"https:\/\/fgti-distribution.fr\/","logo":{"@type":"ImageObject","inLanguage":"it-IT","@id":"https:\/\/fgti-distribution.fr\/#\/schema\/logo\/image\/","url":"https:\/\/fgti-distribution.fr\/wp-content\/uploads\/2022\/12\/logo.png","contentUrl":"https:\/\/fgti-distribution.fr\/wp-content\/uploads\/2022\/12\/logo.png","width":500,"height":228,"caption":"FGTI Distribution"},"image":{"@id":"https:\/\/fgti-distribution.fr\/#\/schema\/logo\/image\/"},"sameAs":["https:\/\/www.linkedin.com\/company\/fgti-distribution\/"]}]}},"_links":{"self":[{"href":"https:\/\/fgti-distribution.fr\/it\/wp-json\/wp\/v2\/pages\/3666","targetHints":{"allow":["GET"]}}],"collection":[{"href":"https:\/\/fgti-distribution.fr\/it\/wp-json\/wp\/v2\/pages"}],"about":[{"href":"https:\/\/fgti-distribution.fr\/it\/wp-json\/wp\/v2\/types\/page"}],"author":[{"embeddable":true,"href":"https:\/\/fgti-distribution.fr\/it\/wp-json\/wp\/v2\/users\/1"}],"replies":[{"embeddable":true,"href":"https:\/\/fgti-distribution.fr\/it\/wp-json\/wp\/v2\/comments?post=3666"}],"version-history":[{"count":4,"href":"https:\/\/fgti-distribution.fr\/it\/wp-json\/wp\/v2\/pages\/3666\/revisions"}],"predecessor-version":[{"id":9133,"href":"https:\/\/fgti-distribution.fr\/it\/wp-json\/wp\/v2\/pages\/3666\/revisions\/9133"}],"up":[{"embeddable":true,"href":"https:\/\/fgti-distribution.fr\/it\/wp-json\/wp\/v2\/pages\/3519"}],"wp:attachment":[{"href":"https:\/\/fgti-distribution.fr\/it\/wp-json\/wp\/v2\/media?parent=3666"}],"curies":[{"name":"wp","href":"https:\/\/api.w.org\/{rel}","templated":true}]}}