{"id":3704,"date":"2015-12-17T19:56:38","date_gmt":"2015-12-17T19:56:38","guid":{"rendered":"https:\/\/fgti-distribution.fr\/?page_id=3704"},"modified":"2026-04-10T11:55:30","modified_gmt":"2026-04-10T11:55:30","slug":"freni-decorativi-metalloplastici","status":"publish","type":"page","link":"https:\/\/fgti-distribution.fr\/it\/fixation-araymond\/arrets-daxe-decoratifs-metalloplastique\/","title":{"rendered":"Arresto in metalloplastica decorativo \/ Palnuts\u00ae"},"content":{"rendered":"<section data-bb-version=\"4.8.1\" id=\"bt_bb_section69f27bfc4fb53\" class=\"bt_bb_section bt_bb_layout_boxed_1200\"  data-bt-override-class=\"null\"><div class=\"bt_bb_port\"><div class=\"bt_bb_cell\"><div class=\"bt_bb_cell_inner\"><div class=\"bt_bb_row\"  data-bt-override-class=\"{}\"><div class=\"bt_bb_row_holder\" ><div data-bb-version=\"4.8.1\"  class=\"bt_bb_column col-xxl-12 col-xl-12 col-xs-12 col-sm-12 col-md-12 col-lg-12 bt_bb_vertical_align_top bt_bb_align_left bt_bb_padding_normal\" style=\"; --column-width:12;\" data-width=\"12\" data-bt-override-class=\"{}\"><div class=\"bt_bb_column_content\"><div class=\"bt_bb_column_content_inner\"><div class=\"bt_bb_raw_content\"><div id=\"pl-3704\" class=\"panel-layout\">\n<div id=\"pg-3704-0\" class=\"panel-grid panel-no-style\">\n<div id=\"pgc-3704-0-0\" class=\"panel-grid-cell\" data-weight=\"1\">\n<div id=\"panel-3704-0-0-0\" class=\"so-panel widget widget_text panel-first-child panel-last-child\" data-index=\"0\" data-style=\"{\"background_display\":\"tile\"}\">\n<div class=\"textwidget\">\n<div style=\"color: #bababa; font-size: 12px; margin-bottom: 20px;\">FGTI-Distribution &gt; Fissaggi ARaymond &gt; Schede tecniche dettagliate &gt; Palnuts\u00ae - Fermagli decorativi per assi \/ Metallo-plastica<\/div>\n<\/div>\n<\/div>\n<\/div>\n<\/div>\n<div id=\"pg-3704-1\" class=\"panel-grid panel-has-style\" data-style=\"{\"row_css\":\"border-top: 1px solid #ddd;\",\"background_display\":\"tile\"}\">\n<div class=\"panel-row-style panel-row-style-for-3704-1\">\n<div id=\"pgc-3704-1-0\" class=\"panel-grid-cell\" data-weight=\"0.7\">\n<div id=\"panel-3704-1-0-0\" class=\"so-panel widget widget_text panel-first-child panel-last-child\" data-index=\"1\" data-style=\"{\"background_image_attachment\":false,\"background_display\":\"tile\"}\">\n<div class=\"textwidget\">\n\n<a style=\"border: 0 none;\" href=\"https:\/\/fgti-distribution.fr\/FGTI_images\/FGTI-Distribution-palnuts-arrets-d-axe-decoratifs-metalloplastique-ARaymond.pdf\" target=\"_blank\" rel=\"noopener\"><img decoding=\"async\" src=\"https:\/\/fgti-distribution.fr\/FGTI_images\/pdficon_large.png\" \/><\/a>\n<h1 style=\"text-transform: none;\"><span style=\"color: #e82c2e; font-weight: bold; font-size: 20px;\">Palnuts\u00ae - Fermacorda decorativo<\/span> Arresto di asse metalloplastico decorativo<\/h1>\n<\/div>\n<\/div>\n<\/div>\n<div id=\"pgc-3704-1-1\" class=\"panel-grid-cell\" data-weight=\"0.3\">\n<div id=\"panel-3704-1-1-0\" class=\"so-panel widget widget_text panel-first-child panel-last-child\" data-index=\"2\" data-style=\"{\"background_image_attachment\":false,\"background_display\":\"tile\"}\">\n<div class=\"textwidget\">\n<div style=\"text-align: right; font-size: 10px; padding: 0;\">\n\n<img decoding=\"async\" src=\"https:\/\/fgti-distribution.fr\/FGTI_images\/sur-vis.jpg\" alt=\"Arresto di asse metalloplastico decorativo\" \/>\n<h2 style=\"font-size: 10px;\">Su vite o perno<\/h2>\n<\/div>\n<\/div>\n<\/div>\n<\/div>\n<\/div>\n<\/div>\n<div id=\"pg-3704-2\" class=\"panel-grid panel-has-style\" data-style=\"{\"row_css\":\"border-top: 1px solid #ddd;\",\"background_display\":\"tile\"}\">\n<div class=\"panel-row-style panel-row-style-for-3704-2\">\n<div id=\"pgc-3704-2-0\" class=\"panel-grid-cell\" data-weight=\"0.5\">\n<div id=\"panel-3704-2-0-0\" class=\"so-panel widget widget_text panel-first-child panel-last-child\" data-index=\"3\" data-style=\"{\"background_image_attachment\":false,\"background_display\":\"tile\"}\">\n<div class=\"textwidget\"><img decoding=\"async\" src=\"https:\/\/fgti-distribution.fr\/FGTI_images\/fixations-Palnuts-metalloplastique.jpg\" alt=\"Arresto in metallo-plastica decorativa Raymond\" \/><\/div>\n<\/div>\n<\/div>\n<div id=\"pgc-3704-2-1\" class=\"panel-grid-cell\" data-weight=\"0.5\">\n<div id=\"panel-3704-2-1-0\" class=\"so-panel widget widget_text panel-first-child panel-last-child\" data-index=\"4\" data-style=\"{\"background_image_attachment\":false,\"background_display\":\"tile\"}\">\n<div class=\"textwidget\"><img decoding=\"async\" src=\"https:\/\/fgti-distribution.fr\/FGTI_images\/fixations-Palnuts-metalloplastique-schema.jpg\" alt=\"Arresto in metallo-plastica decorativa Raymond\" \/><\/div>\n<\/div>\n<\/div>\n<\/div>\n<\/div>\n<div id=\"pg-3704-3\" class=\"panel-grid panel-has-style\" data-style=\"{\"row_css\":\"border-top: 1px solid #ddd;\",\"background_display\":\"tile\"}\">\n<div class=\"panel-row-style panel-row-style-for-3704-3\">\n<div id=\"pgc-3704-3-0\" class=\"panel-grid-cell\" data-weight=\"1\">\n<div id=\"panel-3704-3-0-0\" class=\"so-panel widget widget_text panel-first-child panel-last-child\" data-index=\"5\" data-style=\"{\"background_image_attachment\":false,\"background_display\":\"tile\"}\">\n<div class=\"textwidget\">\n\nLa famiglia Palnuts\u00ae unisce affidabilit\u00e0 ed estetica grazie all'assemblaggio di una rondella in acciaio al carbonio e del suo tappo in plastica per una migliore finitura.\nI Palnuts\u00ae possono essere utilizzati su alberi, prigionieri o aste lisce, per garantire un assemblaggio robusto e una migliore finitura dei vostri prodotti.\nQuesti prodotti sono disponibili nei colori rosso, bianco e nero, proponiamo anche colori personalizzati su richiesta.\n<h3>Dimensioni - Arresto asse metallo-plastico decorativo<\/h3>\n<img decoding=\"async\" src=\"https:\/\/fgti-distribution.fr\/FGTI_images\/fixations-Palnuts-metalloplastique-dimensions.jpg\" alt=\"Dimensioni fissaggi piani metalloplastici Raymond\" \/>\n<div style=\"vertical-align: top; text-align: center; font-size: 10px;\">Tutte le dimensioni sono in mm, angoli o gradi. Altre dimensioni \/ varianti sono disponibili su richiesta.<\/div>\n<\/div>\n<\/div>\n<\/div>\n<\/div>\n<\/div>\n<div id=\"pg-3704-4\" class=\"panel-grid panel-has-style\" data-style=\"{\"row_css\":\"border-top: 1px solid #ddd;\",\"background_display\":\"tile\"}\">\n<div class=\"panel-row-style panel-row-style-for-3704-4\">\n<div id=\"pgc-3704-4-0\" class=\"panel-grid-cell\" data-weight=\"1\">\n<div id=\"panel-3704-4-0-0\" class=\"so-panel widget widget_text panel-first-child panel-last-child\" data-index=\"6\" data-style=\"{\"background_display\":\"tile\"}\">\n<div class=\"textwidget\">\n\n<a href=\"https:\/\/vimeo.com\/114264003\">Gli arresti di asse spiegati da ARaymond Industrial<\/a> da <a href=\"https:\/\/vimeo.com\/araymond\">Rete ARaymond<\/a> su <a href=\"https:\/\/vimeo.com\">Vimeo<\/a>.\n\n<\/div>\n<\/div>\n<\/div>\n<\/div>\n<\/div>\n<div id=\"pg-3704-5\" class=\"panel-grid panel-has-style\" data-style=\"{\"row_css\":\"border-top: 1px solid #ddd;\",\"background_display\":\"tile\"}\">\n<div class=\"panel-row-style panel-row-style-for-3704-5\">\n<div id=\"pgc-3704-5-0\" class=\"panel-grid-cell\" data-weight=\"1\">\n<div id=\"panel-3704-5-0-0\" class=\"so-panel widget widget_text panel-first-child panel-last-child\" data-index=\"7\" data-style=\"{\"background_display\":\"tile\"}\">\n<div class=\"textwidget\">\n\n<span style=\"color: #e82c2e; font-size: 20px;\">Prodotti alternativi:<\/span>\n\n<\/div>\n<\/div>\n<\/div>\n<\/div>\n<\/div>\n<div id=\"pg-3704-6\" class=\"panel-grid panel-no-style\">\n<div id=\"pgc-3704-6-0\" class=\"panel-grid-cell\" data-weight=\"0.33333333333333\">\n<div id=\"panel-3704-6-0-0\" class=\"so-panel widget widget_text panel-first-child panel-last-child\" data-index=\"8\" data-style=\"{\"background_display\":\"tile\"}\">\n<div class=\"textwidget\"><a href=\"https:\/\/fgti-distribution.fr\/it\/fissaggio-araymond\/arret-d-axe-raymond-rondelles-lisses-renforcees\/\"><img decoding=\"async\" src=\"https:\/\/fgti-distribution.fr\/wp-content\/img\/fiches-techniques-raymond\/arret-d-axe-raymond-rondelles-tiges-lisses-renforcees-FGTI-photo.jpg\" alt=\"photo Fermacorsetti A Raymond \/ Rondelle spinta su aste lisce \/ Rinforzate\" \/><\/a>\nArresti d'asse \/ Rondelle di spinta su aste lisce\/ Rinforzate<\/div>\n<\/div>\n<\/div>\n<div id=\"pgc-3704-6-1\" class=\"panel-grid-cell\" data-weight=\"0.33333333333333\">\n<div id=\"panel-3704-6-1-0\" class=\"so-panel widget widget_text panel-first-child panel-last-child\" data-index=\"9\" data-style=\"{\"background_display\":\"tile\"}\">\n<div class=\"textwidget\"><a href=\"https:\/\/fgti-distribution.fr\/it\/fissaggio-araymond\/arret-d-axe-raymond-rondelles-tiges-lisses\/\"><img decoding=\"async\" src=\"https:\/\/fgti-distribution.fr\/wp-content\/img\/fiches-techniques-raymond\/arret-d-axe-raymond-rondelles-tiges-lisses-FGTI-photo.jpg\" alt=\"Foto fermo asse A Raymond \/ Anelli di spinta su alberi lisci per carichi leggeri\" \/><\/a>\u00a0\n\nRondelle a pressione su aste lisce \/ carichi leggeri<\/div>\n<\/div>\n<\/div>\n<div id=\"pgc-3704-6-2\" class=\"panel-grid-cell\" data-weight=\"0.33333333333333\">\n<div id=\"panel-3704-6-2-0\" class=\"so-panel widget widget_text panel-first-child panel-last-child\" data-index=\"10\" data-style=\"{\"background_display\":\"tile\"}\">\n<div class=\"textwidget\"><a href=\"https:\/\/fgti-distribution.fr\/it\/fissaggio-araymond\/retiene-il-perno-filettato-raymond\/\"><img decoding=\"async\" src=\"https:\/\/fgti-distribution.fr\/wp-content\/img\/fiches-techniques-raymond\/arret-d-axe-raymond-goujons-filetes-FGTI-photo.jpg\" alt=\"foto Banconi assiali A Raymond \/ Rondelle a spinta su prigionieri filettati\" \/><\/a>\nRondelle a pressione su prigionieri filettati<\/div>\n<\/div>\n<\/div>\n<\/div>\n<\/div><\/div><\/div><\/div><\/div><\/div><\/div><\/div><!-- cell_inner --><\/div><!-- cell --><\/div><!-- port --><\/section>","protected":false},"excerpt":{"rendered":"","protected":false},"author":1,"featured_media":0,"parent":10,"menu_order":0,"comment_status":"closed","ping_status":"closed","template":"","meta":{"footnotes":""},"class_list":["post-3704","page","type-page","status-publish","hentry"],"yoast_head":"<!-- This site is optimized with the Yoast SEO plugin v27.3 - https:\/\/yoast.com\/product\/yoast-seo-wordpress\/ -->\n<title>Arr\u00eat d&#039;axe m\u00e9talloplastique d\u00e9coratif \/ Palnuts\u00ae - FGTI Distribution<\/title>\n<meta name=\"description\" content=\"FGTI Distribution vous propose la fiche technique de l&#039;arr\u00eat d&#039;axe m\u00e9talloplastique d\u00e9coratif A Raymond \/ Palnuts\u00ae. N&#039;h\u00e9sitez pas \u00e0 nous contacter.\" \/>\n<meta name=\"robots\" content=\"index, follow, max-snippet:-1, max-image-preview:large, max-video-preview:-1\" \/>\n<link rel=\"canonical\" href=\"https:\/\/fgti-distribution.fr\/it\/fissaggio-araymond\/freni-decorativi-metalloplastici\/\" \/>\n<meta property=\"og:locale\" content=\"it_IT\" \/>\n<meta property=\"og:type\" content=\"article\" \/>\n<meta property=\"og:title\" content=\"Arr\u00eat d&#039;axe m\u00e9talloplastique d\u00e9coratif \/ Palnuts\u00ae - FGTI Distribution\" \/>\n<meta property=\"og:description\" content=\"FGTI Distribution vous propose la fiche technique de l&#039;arr\u00eat d&#039;axe m\u00e9talloplastique d\u00e9coratif A Raymond \/ Palnuts\u00ae. N&#039;h\u00e9sitez pas \u00e0 nous contacter.\" \/>\n<meta property=\"og:url\" content=\"https:\/\/fgti-distribution.fr\/it\/fissaggio-araymond\/freni-decorativi-metalloplastici\/\" \/>\n<meta property=\"og:site_name\" content=\"FGTI Distribution\" \/>\n<meta property=\"article:modified_time\" content=\"2026-04-10T11:55:30+00:00\" \/>\n<meta name=\"twitter:card\" content=\"summary_large_image\" \/>\n<meta name=\"twitter:label1\" content=\"Est. reading time\" \/>\n\t<meta name=\"twitter:data1\" content=\"3 minuti\" \/>\n<script type=\"application\/ld+json\" class=\"yoast-schema-graph\">{\"@context\":\"https:\\\/\\\/schema.org\",\"@graph\":[{\"@type\":\"WebPage\",\"@id\":\"https:\\\/\\\/fgti-distribution.fr\\\/fixation-araymond\\\/arrets-daxe-decoratifs-metalloplastique\\\/\",\"url\":\"https:\\\/\\\/fgti-distribution.fr\\\/fixation-araymond\\\/arrets-daxe-decoratifs-metalloplastique\\\/\",\"name\":\"Arr\u00eat d'axe m\u00e9talloplastique d\u00e9coratif \\\/ Palnuts\u00ae - FGTI Distribution\",\"isPartOf\":{\"@id\":\"https:\\\/\\\/fgti-distribution.fr\\\/#website\"},\"datePublished\":\"2015-12-17T19:56:38+00:00\",\"dateModified\":\"2026-04-10T11:55:30+00:00\",\"description\":\"FGTI Distribution vous propose la fiche technique de l'arr\u00eat d'axe m\u00e9talloplastique d\u00e9coratif A Raymond \\\/ Palnuts\u00ae. N'h\u00e9sitez pas \u00e0 nous contacter.\",\"breadcrumb\":{\"@id\":\"https:\\\/\\\/fgti-distribution.fr\\\/fixation-araymond\\\/arrets-daxe-decoratifs-metalloplastique\\\/#breadcrumb\"},\"inLanguage\":\"it-IT\",\"potentialAction\":[{\"@type\":\"ReadAction\",\"target\":[\"https:\\\/\\\/fgti-distribution.fr\\\/fixation-araymond\\\/arrets-daxe-decoratifs-metalloplastique\\\/\"]}]},{\"@type\":\"BreadcrumbList\",\"@id\":\"https:\\\/\\\/fgti-distribution.fr\\\/fixation-araymond\\\/arrets-daxe-decoratifs-metalloplastique\\\/#breadcrumb\",\"itemListElement\":[{\"@type\":\"ListItem\",\"position\":1,\"name\":\"Home\",\"item\":\"https:\\\/\\\/fgti-distribution.fr\\\/\"},{\"@type\":\"ListItem\",\"position\":2,\"name\":\"Fixations ARaymond\",\"item\":\"https:\\\/\\\/fgti-distribution.fr\\\/fixation-araymond\\\/\"},{\"@type\":\"ListItem\",\"position\":3,\"name\":\"Arr\u00eat d&rsquo;axe m\u00e9talloplastique d\u00e9coratif \\\/ Palnuts\u00ae\"}]},{\"@type\":\"WebSite\",\"@id\":\"https:\\\/\\\/fgti-distribution.fr\\\/#website\",\"url\":\"https:\\\/\\\/fgti-distribution.fr\\\/\",\"name\":\"FGTI Distribution\",\"description\":\"Pi\u00e8ces techniques et services \u00e0 forte valeur ajout\u00e9e\",\"publisher\":{\"@id\":\"https:\\\/\\\/fgti-distribution.fr\\\/#organization\"},\"alternateName\":\"FGTI Distribution\",\"potentialAction\":[{\"@type\":\"SearchAction\",\"target\":{\"@type\":\"EntryPoint\",\"urlTemplate\":\"https:\\\/\\\/fgti-distribution.fr\\\/?s={search_term_string}\"},\"query-input\":{\"@type\":\"PropertyValueSpecification\",\"valueRequired\":true,\"valueName\":\"search_term_string\"}}],\"inLanguage\":\"it-IT\"},{\"@type\":\"Organization\",\"@id\":\"https:\\\/\\\/fgti-distribution.fr\\\/#organization\",\"name\":\"FGTI Distribution\",\"alternateName\":\"FGTI Distribution\",\"url\":\"https:\\\/\\\/fgti-distribution.fr\\\/\",\"logo\":{\"@type\":\"ImageObject\",\"inLanguage\":\"it-IT\",\"@id\":\"https:\\\/\\\/fgti-distribution.fr\\\/#\\\/schema\\\/logo\\\/image\\\/\",\"url\":\"https:\\\/\\\/fgti-distribution.fr\\\/wp-content\\\/uploads\\\/2022\\\/12\\\/logo.png\",\"contentUrl\":\"https:\\\/\\\/fgti-distribution.fr\\\/wp-content\\\/uploads\\\/2022\\\/12\\\/logo.png\",\"width\":500,\"height\":228,\"caption\":\"FGTI Distribution\"},\"image\":{\"@id\":\"https:\\\/\\\/fgti-distribution.fr\\\/#\\\/schema\\\/logo\\\/image\\\/\"},\"sameAs\":[\"https:\\\/\\\/www.linkedin.com\\\/company\\\/fgti-distribution\\\/\"]}]}<\/script>\n<!-- \/ Yoast SEO plugin. -->","yoast_head_json":{"title":"Fermacavo metalloplastico decorativo \/ Palnuts\u00ae - FGTI Distribution","description":"FGTI Distribution vi propone la scheda tecnica dell'arresto d'asse metalloplastico decorativo A Raymond \/ Palnuts\u00ae. Non esitate a contattarci.","robots":{"index":"index","follow":"follow","max-snippet":"max-snippet:-1","max-image-preview":"max-image-preview:large","max-video-preview":"max-video-preview:-1"},"canonical":"https:\/\/fgti-distribution.fr\/it\/fissaggio-araymond\/freni-decorativi-metalloplastici\/","og_locale":"it_IT","og_type":"article","og_title":"Arr\u00eat d'axe m\u00e9talloplastique d\u00e9coratif \/ Palnuts\u00ae - FGTI Distribution","og_description":"FGTI Distribution vous propose la fiche technique de l'arr\u00eat d'axe m\u00e9talloplastique d\u00e9coratif A Raymond \/ Palnuts\u00ae. N'h\u00e9sitez pas \u00e0 nous contacter.","og_url":"https:\/\/fgti-distribution.fr\/it\/fissaggio-araymond\/freni-decorativi-metalloplastici\/","og_site_name":"FGTI Distribution","article_modified_time":"2026-04-10T11:55:30+00:00","twitter_card":"summary_large_image","twitter_misc":{"Est. reading time":"3 minuti"},"schema":{"@context":"https:\/\/schema.org","@graph":[{"@type":"WebPage","@id":"https:\/\/fgti-distribution.fr\/fixation-araymond\/arrets-daxe-decoratifs-metalloplastique\/","url":"https:\/\/fgti-distribution.fr\/fixation-araymond\/arrets-daxe-decoratifs-metalloplastique\/","name":"Fermacavo metalloplastico decorativo \/ Palnuts\u00ae - FGTI Distribution","isPartOf":{"@id":"https:\/\/fgti-distribution.fr\/#website"},"datePublished":"2015-12-17T19:56:38+00:00","dateModified":"2026-04-10T11:55:30+00:00","description":"FGTI Distribution vi propone la scheda tecnica dell'arresto d'asse metalloplastico decorativo A Raymond \/ Palnuts\u00ae. Non esitate a contattarci.","breadcrumb":{"@id":"https:\/\/fgti-distribution.fr\/fixation-araymond\/arrets-daxe-decoratifs-metalloplastique\/#breadcrumb"},"inLanguage":"it-IT","potentialAction":[{"@type":"ReadAction","target":["https:\/\/fgti-distribution.fr\/fixation-araymond\/arrets-daxe-decoratifs-metalloplastique\/"]}]},{"@type":"BreadcrumbList","@id":"https:\/\/fgti-distribution.fr\/fixation-araymond\/arrets-daxe-decoratifs-metalloplastique\/#breadcrumb","itemListElement":[{"@type":"ListItem","position":1,"name":"Home","item":"https:\/\/fgti-distribution.fr\/"},{"@type":"ListItem","position":2,"name":"Fixations ARaymond","item":"https:\/\/fgti-distribution.fr\/fixation-araymond\/"},{"@type":"ListItem","position":3,"name":"Arr\u00eat d&rsquo;axe m\u00e9talloplastique d\u00e9coratif \/ Palnuts\u00ae"}]},{"@type":"WebSite","@id":"https:\/\/fgti-distribution.fr\/#website","url":"https:\/\/fgti-distribution.fr\/","name":"Distribuzione FGTI","description":"Parti tecniche e servizi ad alto valore aggiunto","publisher":{"@id":"https:\/\/fgti-distribution.fr\/#organization"},"alternateName":"FGTI Distribution","potentialAction":[{"@type":"SearchAction","target":{"@type":"EntryPoint","urlTemplate":"https:\/\/fgti-distribution.fr\/?s={search_term_string}"},"query-input":{"@type":"PropertyValueSpecification","valueRequired":true,"valueName":"search_term_string"}}],"inLanguage":"it-IT"},{"@type":"Organization","@id":"https:\/\/fgti-distribution.fr\/#organization","name":"Distribuzione FGTI","alternateName":"FGTI Distribution","url":"https:\/\/fgti-distribution.fr\/","logo":{"@type":"ImageObject","inLanguage":"it-IT","@id":"https:\/\/fgti-distribution.fr\/#\/schema\/logo\/image\/","url":"https:\/\/fgti-distribution.fr\/wp-content\/uploads\/2022\/12\/logo.png","contentUrl":"https:\/\/fgti-distribution.fr\/wp-content\/uploads\/2022\/12\/logo.png","width":500,"height":228,"caption":"FGTI Distribution"},"image":{"@id":"https:\/\/fgti-distribution.fr\/#\/schema\/logo\/image\/"},"sameAs":["https:\/\/www.linkedin.com\/company\/fgti-distribution\/"]}]}},"_links":{"self":[{"href":"https:\/\/fgti-distribution.fr\/it\/wp-json\/wp\/v2\/pages\/3704","targetHints":{"allow":["GET"]}}],"collection":[{"href":"https:\/\/fgti-distribution.fr\/it\/wp-json\/wp\/v2\/pages"}],"about":[{"href":"https:\/\/fgti-distribution.fr\/it\/wp-json\/wp\/v2\/types\/page"}],"author":[{"embeddable":true,"href":"https:\/\/fgti-distribution.fr\/it\/wp-json\/wp\/v2\/users\/1"}],"replies":[{"embeddable":true,"href":"https:\/\/fgti-distribution.fr\/it\/wp-json\/wp\/v2\/comments?post=3704"}],"version-history":[{"count":4,"href":"https:\/\/fgti-distribution.fr\/it\/wp-json\/wp\/v2\/pages\/3704\/revisions"}],"predecessor-version":[{"id":10136,"href":"https:\/\/fgti-distribution.fr\/it\/wp-json\/wp\/v2\/pages\/3704\/revisions\/10136"}],"up":[{"embeddable":true,"href":"https:\/\/fgti-distribution.fr\/it\/wp-json\/wp\/v2\/pages\/10"}],"wp:attachment":[{"href":"https:\/\/fgti-distribution.fr\/it\/wp-json\/wp\/v2\/media?parent=3704"}],"curies":[{"name":"wp","href":"https:\/\/api.w.org\/{rel}","templated":true}]}}