{"id":39,"date":"2021-10-12T08:28:40","date_gmt":"2021-10-12T08:28:40","guid":{"rendered":"https:\/\/korsel.bold-themes.com\/main-demo\/?page_id=39"},"modified":"2024-02-07T13:59:34","modified_gmt":"2024-02-07T13:59:34","slug":"atto","status":"publish","type":"page","link":"https:\/\/fgti-distribution.fr\/it\/actus\/","title":{"rendered":"Notizie"},"content":{"rendered":"<section id=\"bt_bb_section6a048c895d099\" class=\"bt_bb_section bt_bb_layout_boxed_1400 bt_bb_vertical_align_top bt_bb_top_spacing_large bt_bb_bottom_spacing_large\"  data-bt-override-class=\"{&quot;bt_bb_top_spacing_&quot;:{&quot;current_class&quot;:&quot;bt_bb_top_spacing_large&quot;,&quot;def&quot;:&quot;large&quot;,&quot;xl&quot;:&quot;large&quot;},&quot;bt_bb_bottom_spacing_&quot;:{&quot;current_class&quot;:&quot;bt_bb_bottom_spacing_large&quot;,&quot;def&quot;:&quot;large&quot;,&quot;xl&quot;:&quot;large&quot;}}\"><div class=\"bt_bb_port\"><div class=\"bt_bb_cell\"><div class=\"bt_bb_cell_inner\"><div data-bb-version=\"4.7.6\" class=\"bt_bb_row\"  data-bt-override-class=\"{}\"><div class=\"bt_bb_row_holder\" ><div  class=\"bt_bb_column col-xxl-12 col-xl-12 col-xs-12 col-sm-12 col-md-12 col-lg-12 bt_bb_vertical_align_top bt_bb_align_left bt_bb_padding_normal\" style=\"; --column-width:12;\" data-width=\"12\" data-bt-override-class=\"{}\"><div class=\"bt_bb_column_content\"><div class=\"bt_bb_column_content_inner\"><div class=\"bt_bb_latest_posts bt_bb_columns_4 bt_bb_gap_normal bt_bb_image_shape_square\" style=\"margin: 0 30px;\"><div class=\"bt_bb_latest_posts_item\"><div class=\"bt_bb_latest_posts_item_image\"><a href=\"https:\/\/fgti-distribution.fr\/it\/systemes-detancheite-pour-centrales-hydroelectriques\/\" target=\"_self\"><img decoding=\"async\" src=\"https:\/\/fgti-distribution.fr\/wp-content\/uploads\/2024\/06\/Capture-decran-2024-06-12-100545-640x360.png\" alt=\"Sistemi di impermeabilizzazione per centrali idroelettriche\" title=\"Sistemi di impermeabilizzazione per centrali idroelettriche\" \"><\/a><\/div><div class=\"bt_bb_latest_posts_item_content\"><h5 class=\"bt_bb_latest_posts_item_title\"><a href=\"https:\/\/fgti-distribution.fr\/it\/systemes-detancheite-pour-centrales-hydroelectriques\/\" target=\"_self\">Sistemi di impermeabilizzazione per centrali idroelettriche<\/a><\/h5><div class=\"bt_bb_latest_posts_item_excerpt\">Venite a scoprire i nostri sistemi di impermeabilizzazione su misura per centrali idroelettriche al prossimo salone France Hydro il 18 e 19 giugno ad Agen. Nel frattempo, ecco una presentazione di una soluzione di impermeabilizzazione per pale di turbine Kaplan. &gt;&gt;&gt; Trovate altre informazioni sul nostro sito: Gamma specifica per centrali idrauliche<\/div><\/div><\/div><div class=\"bt_bb_latest_posts_item\"><div class=\"bt_bb_latest_posts_item_image\"><a href=\"https:\/\/fgti-distribution.fr\/it\/clips-et-rondelles-darret-daxe-araymond-un-maintien-securise-sans-outil-de-montage\/\" target=\"_self\"><img decoding=\"async\" src=\"https:\/\/fgti-distribution.fr\/wp-content\/uploads\/2024\/05\/Image-article-FGTI-640x512.jpg\" alt=\"Fermagli e rondelle di arresto per assi ARaymond: una tenuta sicura senza attrezzi di montaggio\" title=\"Fermagli e rondelle di arresto per assi ARaymond: una tenuta sicura senza attrezzi di montaggio\" \"><\/a><\/div><div class=\"bt_bb_latest_posts_item_content\"><h5 class=\"bt_bb_latest_posts_item_title\"><a href=\"https:\/\/fgti-distribution.fr\/it\/clips-et-rondelles-darret-daxe-araymond-un-maintien-securise-sans-outil-de-montage\/\" target=\"_self\">Fermo e rondelle di arresto per asse ARaymond: fissaggio sicuro senza utensili di montaggio<\/a><\/h5><div class=\"bt_bb_latest_posts_item_excerpt\">Gli anelli elastici e le rondelle di arresto sono piccoli componenti metallici piuttosto piatti che garantiscono che i pezzi montati su un perno liscio o filettato rimangano al loro posto, anche in caso di vibrazioni o urti. Possono anche consentire, ad esempio, di mantenere un vite o un bullone in posizione prima che il dado venga...<\/div><\/div><\/div><div class=\"bt_bb_latest_posts_item\"><div class=\"bt_bb_latest_posts_item_image\"><a href=\"https:\/\/fgti-distribution.fr\/it\/certifie-iso-9001\/\" target=\"_self\"><img decoding=\"async\" src=\"https:\/\/fgti-distribution.fr\/wp-content\/uploads\/2024\/03\/Afaq_9001-640x591.jpg\" alt=\"\ud83c\udfc6 FGTI certificato ISO 9001!\" title=\"\ud83c\udfc6 FGTI certificato ISO 9001!\" \"><\/a><\/div><div class=\"bt_bb_latest_posts_item_content\"><h5 class=\"bt_bb_latest_posts_item_title\"><a href=\"https:\/\/fgti-distribution.fr\/it\/certifie-iso-9001\/\" target=\"_self\">\ud83c\udfc6 FGTI certificato ISO 9001!<\/a><\/h5><div class=\"bt_bb_latest_posts_item_excerpt\">Siamo orgogliosi di annunciarvi che abbiamo ottenuto la certificazione ISO 9001 per il nostro sistema di gestione della qualit\u00e0 nella commercializzazione di prodotti industriali. Questa certificazione consolida e premia l'approccio alla qualit\u00e0 implementato da FGTI da anni. \u00c8 il culmine di diversi mesi di formalizzazione dei nostri processi...<\/div><\/div><\/div><div class=\"bt_bb_latest_posts_item\"><div class=\"bt_bb_latest_posts_item_image\"><a href=\"https:\/\/fgti-distribution.fr\/it\/distributeur-historique-des-raccords-rapides-araymond-%f0%9f%8f%85\/\" target=\"_self\"><img decoding=\"async\" src=\"https:\/\/fgti-distribution.fr\/wp-content\/uploads\/2024\/02\/raccords-ARaymond.jpg\" alt=\"FGTI: distributore storico di raccordi rapidi ARAYMOND \ud83c\udfc5\" title=\"FGTI: distributore storico di raccordi rapidi ARAYMOND \ud83c\udfc5\" \"><\/a><\/div><div class=\"bt_bb_latest_posts_item_content\"><h5 class=\"bt_bb_latest_posts_item_title\"><a href=\"https:\/\/fgti-distribution.fr\/it\/distributeur-historique-des-raccords-rapides-araymond-%f0%9f%8f%85\/\" target=\"_self\">FGTI: distributore storico dei raccordi rapidi ARAYMOND \ud83c\udfc5<\/a><\/h5><div class=\"bt_bb_latest_posts_item_excerpt\"><\/div><\/div><\/div><div class=\"bt_bb_latest_posts_item\"><div class=\"bt_bb_latest_posts_item_image\"><a href=\"https:\/\/fgti-distribution.fr\/it\/les-serre-cables-pivotants-araymond-une-modularite-a-toute-epreuve\/\" target=\"_self\"><img decoding=\"async\" src=\"https:\/\/fgti-distribution.fr\/wp-content\/uploads\/2024\/01\/clip-pivotant-640x640.jpg\" alt=\"Fascette girevoli Araymond: modularit\u00e0 a prova di tutto!\" title=\"Fascette girevoli Araymond: modularit\u00e0 a prova di tutto!\" \"><\/a><\/div><div class=\"bt_bb_latest_posts_item_content\"><h5 class=\"bt_bb_latest_posts_item_title\"><a href=\"https:\/\/fgti-distribution.fr\/it\/les-serre-cables-pivotants-araymond-une-modularite-a-toute-epreuve\/\" target=\"_self\">Fascette girevoli Araymond: modularit\u00e0 a prova di tutto!<\/a><\/h5><div class=\"bt_bb_latest_posts_item_excerpt\">&nbsp; La gamma di clip girevoli ARaymond\u2122 \u00e8 composta da parti maschio e femmina che possono essere accoppiate per creare fissaggi su misura. Una flessibilit\u00e0 apprezzabile nel fissaggio di tubi, cavi e cablaggi elettrici. Altri vantaggi: \u2714 ampia gamma di diametri e configurazioni di progettazione. \u2714 compatibili con supporti multidirezionali,...<\/div><\/div><\/div><div class=\"bt_bb_latest_posts_item\"><div class=\"bt_bb_latest_posts_item_image\"><a href=\"https:\/\/fgti-distribution.fr\/it\/notre-partenaire-idg-demenage\/\" target=\"_self\"><img decoding=\"async\" src=\"https:\/\/fgti-distribution.fr\/wp-content\/uploads\/2023\/12\/Nouveau-batiment-IDG-640x427.jpg\" alt=\"Il nostro partner IDG si trasferisce!\" title=\"Il nostro partner IDG si trasferisce!\" \"><\/a><\/div><div class=\"bt_bb_latest_posts_item_content\"><h5 class=\"bt_bb_latest_posts_item_title\"><a href=\"https:\/\/fgti-distribution.fr\/it\/notre-partenaire-idg-demenage\/\" target=\"_self\">Il nostro partner IDG si trasferisce!<\/a><\/h5><div class=\"bt_bb_latest_posts_item_excerpt\">Per accompagnare la sua crescita continua, il nostro partner IDG si trasferir\u00e0 in un edificio nuovo di zecca alla fine del 2023.<\/div><\/div><\/div><div class=\"bt_bb_latest_posts_item\"><div class=\"bt_bb_latest_posts_item_image\"><a href=\"https:\/\/fgti-distribution.fr\/it\/clip-bord-de-tole\/\" target=\"_self\"><img decoding=\"async\" src=\"https:\/\/fgti-distribution.fr\/wp-content\/uploads\/2023\/02\/support-tube-clip-bord-tole.jpg\" alt=\"Clip porta lamiere\" title=\"Clip porta lamiere\" \"><\/a><\/div><div class=\"bt_bb_latest_posts_item_content\"><h5 class=\"bt_bb_latest_posts_item_title\"><a href=\"https:\/\/fgti-distribution.fr\/it\/clip-bord-de-tole\/\" target=\"_self\">Clip porta lamiere<\/a><\/h5><div class=\"bt_bb_latest_posts_item_excerpt\">Trova tutte le schede tecniche dettagliate dei modelli di supporto per tubi e clip per bordi di lamiere metalliche o plastiche A Raymond.<\/div><\/div><\/div><div class=\"bt_bb_latest_posts_item\"><div class=\"bt_bb_latest_posts_item_image\"><a href=\"https:\/\/fgti-distribution.fr\/it\/solutions-detancheite-innovantes-lindustrie-alimentaire\/\" target=\"_self\"><img decoding=\"async\" src=\"https:\/\/fgti-distribution.fr\/wp-content\/uploads\/2019\/07\/joints-etancheite-alimentaire-640x427.jpg\" alt=\"Soluzioni di impermeabilizzazione innovative per l&#039;industria alimentare\" title=\"Soluzioni di impermeabilizzazione innovative per l&#039;industria alimentare\" \"><\/a><\/div><div class=\"bt_bb_latest_posts_item_content\"><h5 class=\"bt_bb_latest_posts_item_title\"><a href=\"https:\/\/fgti-distribution.fr\/it\/solutions-detancheite-innovantes-lindustrie-alimentaire\/\" target=\"_self\">Soluzioni di impermeabilizzazione innovative per l'industria alimentare<\/a><\/h5><div class=\"bt_bb_latest_posts_item_excerpt\">La salute dei consumatori \u00e8 una priorit\u00e0 nell'industria alimentare. Per questo motivo, i sistemi di tenuta nella produzione alimentare devono soddisfare requisiti molto specifici...<\/div><\/div><\/div><div class=\"bt_bb_latest_posts_item\"><div class=\"bt_bb_latest_posts_item_image\"><a href=\"https:\/\/fgti-distribution.fr\/it\/assembler-panneaux\/\" target=\"_self\"><img decoding=\"async\" src=\"https:\/\/fgti-distribution.fr\/wp-content\/uploads\/2017\/02\/ecrous-bord-de-tole.jpg\" alt=\"Con i dadi a U da serrare sui bordi delle lamiere, assemblare i vostri pannelli diventa un gioco da ragazzi!\" title=\"Con i dadi a U da serrare sui bordi delle lamiere, assemblare i vostri pannelli diventa un gioco da ragazzi!\" \"><\/a><\/div><div class=\"bt_bb_latest_posts_item_content\"><h5 class=\"bt_bb_latest_posts_item_title\"><a href=\"https:\/\/fgti-distribution.fr\/it\/assembler-panneaux\/\" target=\"_self\">Con i dadi a U da stringere sui bordi delle lamiere, assemblare i vostri pannelli diventer\u00e0 un gioco da ragazzi!<\/a><\/h5><div class=\"bt_bb_latest_posts_item_excerpt\">I dadi a U a pressione sui bordi delle lamiere ARaymond\u2122, chiamati anche Speed Nuts\u00ae, sono autobloccanti e pronti per accogliere le viti, per garantire un assemblaggio semplice e rapido dei vostri pannelli...<\/div><\/div><\/div><div class=\"bt_bb_latest_posts_item\"><div class=\"bt_bb_latest_posts_item_image\"><a href=\"https:\/\/fgti-distribution.fr\/it\/agrafes-de-mise-a-la-masse\/\" target=\"_self\"><img decoding=\"async\" src=\"https:\/\/fgti-distribution.fr\/wp-content\/uploads\/2018\/05\/agrafes-mise-a-la-masse.jpg\" alt=\"Graffe di messa a terra ARaymond\" title=\"Graffe di messa a terra ARaymond\" \"><\/a><\/div><div class=\"bt_bb_latest_posts_item_content\"><h5 class=\"bt_bb_latest_posts_item_title\"><a href=\"https:\/\/fgti-distribution.fr\/it\/agrafes-de-mise-a-la-masse\/\" target=\"_self\">Graffe di messa a terra ARaymond<\/a><\/h5><div class=\"bt_bb_latest_posts_item_excerpt\">Con i fermagli di messa a terra ARaymond, semplifica il processo di messa a terra degli apparecchi elettrici!<\/div><\/div><\/div><div class=\"bt_bb_latest_posts_item\"><div class=\"bt_bb_latest_posts_item_image\"><a href=\"https:\/\/fgti-distribution.fr\/it\/solutions-vos-composants-de-production-pharmaceutique\/\" target=\"_self\"><img decoding=\"async\" src=\"https:\/\/fgti-distribution.fr\/wp-content\/uploads\/2019\/03\/joints-etancheite-industrie-pharmacie-640x427.jpg\" alt=\"Pour l&rsquo;industrie pharmaceutique\" title=\"Pour l&rsquo;industrie pharmaceutique\" \"><\/a><\/div><div class=\"bt_bb_latest_posts_item_content\"><h5 class=\"bt_bb_latest_posts_item_title\"><a href=\"https:\/\/fgti-distribution.fr\/it\/solutions-vos-composants-de-production-pharmaceutique\/\" target=\"_self\">Per l'industria farmaceutica<\/a><\/h5><div class=\"bt_bb_latest_posts_item_excerpt\">Soluzioni per diversi componenti di produzione farmaceutica!<\/div><\/div><\/div><div class=\"bt_bb_latest_posts_item\"><div class=\"bt_bb_latest_posts_item_image\"><a href=\"https:\/\/fgti-distribution.fr\/it\/distributeur-composites-gts\/\" target=\"_self\"><img decoding=\"async\" src=\"https:\/\/fgti-distribution.fr\/wp-content\/uploads\/2018\/06\/composites-ptfe.jpg\" alt=\"Compositi per professionisti\" title=\"Compositi per professionisti\" \"><\/a><\/div><div class=\"bt_bb_latest_posts_item_content\"><h5 class=\"bt_bb_latest_posts_item_title\"><a href=\"https:\/\/fgti-distribution.fr\/it\/distributeur-composites-gts\/\" target=\"_self\">Compositi per professionisti<\/a><\/h5><div class=\"bt_bb_latest_posts_item_excerpt\">FGTI Distribution \u00e8 ora il distributore ufficiale delle soluzioni GTS.<br \/><\/div><\/div><\/div><\/div><\/div><\/div><\/div><\/div><\/div><\/div><!-- cell_inner --><\/div><!-- cell --><\/div><!-- port --><\/section>","protected":false},"excerpt":{"rendered":"<p>Ritrovate qui le nostre date di partecipazione alle fiere e i nostri articoli tematici.<\/p>","protected":false},"author":1,"featured_media":6426,"parent":0,"menu_order":0,"comment_status":"closed","ping_status":"closed","template":"","meta":{"footnotes":""},"class_list":["post-39","page","type-page","status-publish","has-post-thumbnail","hentry"],"yoast_head":"<!-- This site is optimized with the Yoast SEO plugin v27.3 - https:\/\/yoast.com\/product\/yoast-seo-wordpress\/ -->\n<title>FGTI Distribution - Actualit\u00e9s<\/title>\n<meta name=\"description\" content=\"FGTI Distribution - Pi\u00e8ces techniques et services \u00e0 forte valeur ajout\u00e9e - D\u00e9couvrez nos dates de participation aux salons et nos articles th\u00e9matiques.\" \/>\n<meta name=\"robots\" content=\"index, follow, max-snippet:-1, max-image-preview:large, max-video-preview:-1\" \/>\n<link rel=\"canonical\" href=\"https:\/\/fgti-distribution.fr\/it\/atto\/\" \/>\n<meta property=\"og:locale\" content=\"it_IT\" \/>\n<meta property=\"og:type\" content=\"article\" \/>\n<meta property=\"og:title\" content=\"FGTI Distribution - Actualit\u00e9s\" \/>\n<meta property=\"og:description\" content=\"FGTI Distribution - Pi\u00e8ces techniques et services \u00e0 forte valeur ajout\u00e9e - D\u00e9couvrez nos dates de participation aux salons et nos articles th\u00e9matiques.\" \/>\n<meta property=\"og:url\" content=\"https:\/\/fgti-distribution.fr\/it\/atto\/\" \/>\n<meta property=\"og:site_name\" content=\"FGTI Distribution\" \/>\n<meta property=\"article:modified_time\" content=\"2024-02-07T13:59:34+00:00\" \/>\n<meta property=\"og:image\" content=\"https:\/\/fgti-distribution.fr\/wp-content\/uploads\/2022\/12\/araymond1.jpg\" \/>\n\t<meta property=\"og:image:width\" content=\"1600\" \/>\n\t<meta property=\"og:image:height\" content=\"1477\" \/>\n\t<meta property=\"og:image:type\" content=\"image\/jpeg\" \/>\n<meta name=\"twitter:card\" content=\"summary_large_image\" \/>\n<meta name=\"twitter:label1\" content=\"Est. reading time\" \/>\n\t<meta name=\"twitter:data1\" content=\"1 minuto\" \/>\n<script type=\"application\/ld+json\" class=\"yoast-schema-graph\">{\"@context\":\"https:\\\/\\\/schema.org\",\"@graph\":[{\"@type\":\"WebPage\",\"@id\":\"https:\\\/\\\/fgti-distribution.fr\\\/actus\\\/\",\"url\":\"https:\\\/\\\/fgti-distribution.fr\\\/actus\\\/\",\"name\":\"FGTI Distribution - Actualit\u00e9s\",\"isPartOf\":{\"@id\":\"https:\\\/\\\/fgti-distribution.fr\\\/#website\"},\"primaryImageOfPage\":{\"@id\":\"https:\\\/\\\/fgti-distribution.fr\\\/actus\\\/#primaryimage\"},\"image\":{\"@id\":\"https:\\\/\\\/fgti-distribution.fr\\\/actus\\\/#primaryimage\"},\"thumbnailUrl\":\"https:\\\/\\\/fgti-distribution.fr\\\/wp-content\\\/uploads\\\/2022\\\/12\\\/araymond1.jpg\",\"datePublished\":\"2021-10-12T08:28:40+00:00\",\"dateModified\":\"2024-02-07T13:59:34+00:00\",\"description\":\"FGTI Distribution - Pi\u00e8ces techniques et services \u00e0 forte valeur ajout\u00e9e - D\u00e9couvrez nos dates de participation aux salons et nos articles th\u00e9matiques.\",\"breadcrumb\":{\"@id\":\"https:\\\/\\\/fgti-distribution.fr\\\/actus\\\/#breadcrumb\"},\"inLanguage\":\"it-IT\",\"potentialAction\":[{\"@type\":\"ReadAction\",\"target\":[\"https:\\\/\\\/fgti-distribution.fr\\\/actus\\\/\"]}]},{\"@type\":\"ImageObject\",\"inLanguage\":\"it-IT\",\"@id\":\"https:\\\/\\\/fgti-distribution.fr\\\/actus\\\/#primaryimage\",\"url\":\"https:\\\/\\\/fgti-distribution.fr\\\/wp-content\\\/uploads\\\/2022\\\/12\\\/araymond1.jpg\",\"contentUrl\":\"https:\\\/\\\/fgti-distribution.fr\\\/wp-content\\\/uploads\\\/2022\\\/12\\\/araymond1.jpg\",\"width\":1600,\"height\":1477,\"caption\":\"Fixation Araymond\"},{\"@type\":\"BreadcrumbList\",\"@id\":\"https:\\\/\\\/fgti-distribution.fr\\\/actus\\\/#breadcrumb\",\"itemListElement\":[{\"@type\":\"ListItem\",\"position\":1,\"name\":\"Home\",\"item\":\"https:\\\/\\\/fgti-distribution.fr\\\/\"},{\"@type\":\"ListItem\",\"position\":2,\"name\":\"Actualit\u00e9s\"}]},{\"@type\":\"WebSite\",\"@id\":\"https:\\\/\\\/fgti-distribution.fr\\\/#website\",\"url\":\"https:\\\/\\\/fgti-distribution.fr\\\/\",\"name\":\"FGTI Distribution\",\"description\":\"Pi\u00e8ces techniques et services \u00e0 forte valeur ajout\u00e9e\",\"publisher\":{\"@id\":\"https:\\\/\\\/fgti-distribution.fr\\\/#organization\"},\"alternateName\":\"FGTI Distribution\",\"potentialAction\":[{\"@type\":\"SearchAction\",\"target\":{\"@type\":\"EntryPoint\",\"urlTemplate\":\"https:\\\/\\\/fgti-distribution.fr\\\/?s={search_term_string}\"},\"query-input\":{\"@type\":\"PropertyValueSpecification\",\"valueRequired\":true,\"valueName\":\"search_term_string\"}}],\"inLanguage\":\"it-IT\"},{\"@type\":\"Organization\",\"@id\":\"https:\\\/\\\/fgti-distribution.fr\\\/#organization\",\"name\":\"FGTI Distribution\",\"alternateName\":\"FGTI Distribution\",\"url\":\"https:\\\/\\\/fgti-distribution.fr\\\/\",\"logo\":{\"@type\":\"ImageObject\",\"inLanguage\":\"it-IT\",\"@id\":\"https:\\\/\\\/fgti-distribution.fr\\\/#\\\/schema\\\/logo\\\/image\\\/\",\"url\":\"https:\\\/\\\/fgti-distribution.fr\\\/wp-content\\\/uploads\\\/2022\\\/12\\\/logo.png\",\"contentUrl\":\"https:\\\/\\\/fgti-distribution.fr\\\/wp-content\\\/uploads\\\/2022\\\/12\\\/logo.png\",\"width\":500,\"height\":228,\"caption\":\"FGTI Distribution\"},\"image\":{\"@id\":\"https:\\\/\\\/fgti-distribution.fr\\\/#\\\/schema\\\/logo\\\/image\\\/\"},\"sameAs\":[\"https:\\\/\\\/www.linkedin.com\\\/company\\\/fgti-distribution\\\/\"]}]}<\/script>\n<!-- \/ Yoast SEO plugin. -->","yoast_head_json":{"title":"FGTI Distribuzione - Notizie","description":"FGTI Distribution - Pezzi tecnici e servizi ad alto valore aggiunto - Scopri le nostre date di partecipazione alle fiere e i nostri articoli tematici.","robots":{"index":"index","follow":"follow","max-snippet":"max-snippet:-1","max-image-preview":"max-image-preview:large","max-video-preview":"max-video-preview:-1"},"canonical":"https:\/\/fgti-distribution.fr\/it\/atto\/","og_locale":"it_IT","og_type":"article","og_title":"FGTI Distribution - Actualit\u00e9s","og_description":"FGTI Distribution - Pi\u00e8ces techniques et services \u00e0 forte valeur ajout\u00e9e - D\u00e9couvrez nos dates de participation aux salons et nos articles th\u00e9matiques.","og_url":"https:\/\/fgti-distribution.fr\/it\/atto\/","og_site_name":"FGTI Distribution","article_modified_time":"2024-02-07T13:59:34+00:00","og_image":[{"width":1600,"height":1477,"url":"https:\/\/fgti-distribution.fr\/wp-content\/uploads\/2022\/12\/araymond1.jpg","type":"image\/jpeg"}],"twitter_card":"summary_large_image","twitter_misc":{"Est. reading time":"1 minuto"},"schema":{"@context":"https:\/\/schema.org","@graph":[{"@type":"WebPage","@id":"https:\/\/fgti-distribution.fr\/actus\/","url":"https:\/\/fgti-distribution.fr\/actus\/","name":"FGTI Distribuzione - Notizie","isPartOf":{"@id":"https:\/\/fgti-distribution.fr\/#website"},"primaryImageOfPage":{"@id":"https:\/\/fgti-distribution.fr\/actus\/#primaryimage"},"image":{"@id":"https:\/\/fgti-distribution.fr\/actus\/#primaryimage"},"thumbnailUrl":"https:\/\/fgti-distribution.fr\/wp-content\/uploads\/2022\/12\/araymond1.jpg","datePublished":"2021-10-12T08:28:40+00:00","dateModified":"2024-02-07T13:59:34+00:00","description":"FGTI Distribution - Pezzi tecnici e servizi ad alto valore aggiunto - Scopri le nostre date di partecipazione alle fiere e i nostri articoli tematici.","breadcrumb":{"@id":"https:\/\/fgti-distribution.fr\/actus\/#breadcrumb"},"inLanguage":"it-IT","potentialAction":[{"@type":"ReadAction","target":["https:\/\/fgti-distribution.fr\/actus\/"]}]},{"@type":"ImageObject","inLanguage":"it-IT","@id":"https:\/\/fgti-distribution.fr\/actus\/#primaryimage","url":"https:\/\/fgti-distribution.fr\/wp-content\/uploads\/2022\/12\/araymond1.jpg","contentUrl":"https:\/\/fgti-distribution.fr\/wp-content\/uploads\/2022\/12\/araymond1.jpg","width":1600,"height":1477,"caption":"Fixation Araymond"},{"@type":"BreadcrumbList","@id":"https:\/\/fgti-distribution.fr\/actus\/#breadcrumb","itemListElement":[{"@type":"ListItem","position":1,"name":"Home","item":"https:\/\/fgti-distribution.fr\/"},{"@type":"ListItem","position":2,"name":"Actualit\u00e9s"}]},{"@type":"WebSite","@id":"https:\/\/fgti-distribution.fr\/#website","url":"https:\/\/fgti-distribution.fr\/","name":"Distribuzione FGTI","description":"Parti tecniche e servizi ad alto valore aggiunto","publisher":{"@id":"https:\/\/fgti-distribution.fr\/#organization"},"alternateName":"FGTI Distribution","potentialAction":[{"@type":"SearchAction","target":{"@type":"EntryPoint","urlTemplate":"https:\/\/fgti-distribution.fr\/?s={search_term_string}"},"query-input":{"@type":"PropertyValueSpecification","valueRequired":true,"valueName":"search_term_string"}}],"inLanguage":"it-IT"},{"@type":"Organization","@id":"https:\/\/fgti-distribution.fr\/#organization","name":"Distribuzione FGTI","alternateName":"FGTI Distribution","url":"https:\/\/fgti-distribution.fr\/","logo":{"@type":"ImageObject","inLanguage":"it-IT","@id":"https:\/\/fgti-distribution.fr\/#\/schema\/logo\/image\/","url":"https:\/\/fgti-distribution.fr\/wp-content\/uploads\/2022\/12\/logo.png","contentUrl":"https:\/\/fgti-distribution.fr\/wp-content\/uploads\/2022\/12\/logo.png","width":500,"height":228,"caption":"FGTI Distribution"},"image":{"@id":"https:\/\/fgti-distribution.fr\/#\/schema\/logo\/image\/"},"sameAs":["https:\/\/www.linkedin.com\/company\/fgti-distribution\/"]}]}},"_links":{"self":[{"href":"https:\/\/fgti-distribution.fr\/it\/wp-json\/wp\/v2\/pages\/39","targetHints":{"allow":["GET"]}}],"collection":[{"href":"https:\/\/fgti-distribution.fr\/it\/wp-json\/wp\/v2\/pages"}],"about":[{"href":"https:\/\/fgti-distribution.fr\/it\/wp-json\/wp\/v2\/types\/page"}],"author":[{"embeddable":true,"href":"https:\/\/fgti-distribution.fr\/it\/wp-json\/wp\/v2\/users\/1"}],"replies":[{"embeddable":true,"href":"https:\/\/fgti-distribution.fr\/it\/wp-json\/wp\/v2\/comments?post=39"}],"version-history":[{"count":22,"href":"https:\/\/fgti-distribution.fr\/it\/wp-json\/wp\/v2\/pages\/39\/revisions"}],"predecessor-version":[{"id":9164,"href":"https:\/\/fgti-distribution.fr\/it\/wp-json\/wp\/v2\/pages\/39\/revisions\/9164"}],"wp:featuredmedia":[{"embeddable":true,"href":"https:\/\/fgti-distribution.fr\/it\/wp-json\/wp\/v2\/media\/6426"}],"wp:attachment":[{"href":"https:\/\/fgti-distribution.fr\/it\/wp-json\/wp\/v2\/media?parent=39"}],"curies":[{"name":"wp","href":"https:\/\/api.w.org\/{rel}","templated":true}]}}