{"id":4329,"date":"2018-02-23T10:29:05","date_gmt":"2018-02-23T10:29:05","guid":{"rendered":"https:\/\/fgti-distribution.fr\/?page_id=4329"},"modified":"2024-02-15T14:41:20","modified_gmt":"2024-02-15T14:41:20","slug":"composites-ptfe","status":"publish","type":"page","link":"https:\/\/fgti-distribution.fr\/it\/composites-haute-performance\/composites-ptfe\/","title":{"rendered":"PTFE e compositi GTS"},"content":{"rendered":"<section id=\"bt_bb_section69d023ff1304d\" class=\"bt_bb_section bt_bb_layout_boxed_1200\"  data-bt-override-class=\"null\"><div class=\"bt_bb_port\"><div class=\"bt_bb_cell\"><div class=\"bt_bb_cell_inner\"><div class=\"bt_bb_row\"  data-bt-override-class=\"{}\"><div class=\"bt_bb_row_holder\" ><div  class=\"bt_bb_column col-xxl-12 col-xl-12 col-xs-12 col-sm-12 col-md-12 col-lg-12 bt_bb_vertical_align_top bt_bb_align_left bt_bb_padding_normal\" style=\"; --column-width:12;\" data-width=\"12\" data-bt-override-class=\"{}\"><div class=\"bt_bb_column_content\"><div class=\"bt_bb_column_content_inner\"><div class=\"bt_bb_raw_content\"><div style=\"color: #BABABA; font-size: 12px; margin-bottom: 20px;\">FGTI-Distribution &gt; COMPOSITES GTS &gt; Produits<\/div>\n\n<div style=\"background-color: #172983; color: white; padding: 15px 5px 5px; text-align: center; width: 100%; margin-bottom: 10px;font-size: 12px;\">\n<h1 class=\"titre1\" style=\"text-transform: uppercase; color: white;\">Des mat\u00e9riaux \u00e0 haute performance et des composites sp\u00e9cialement d\u00e9velopp\u00e9s<\/h1>\n<\/div><\/div><\/div><\/div><\/div><\/div><\/div><div class=\"bt_bb_row\"  data-bt-override-class=\"{}\"><div class=\"bt_bb_row_holder\" ><div  class=\"bt_bb_column col-xxl-4 col-xl-4 col-xs-12 col-sm-12 col-md-12 col-lg-4 bt_bb_vertical_align_top bt_bb_align_left bt_bb_padding_normal\" style=\"; --column-width:4;\" data-width=\"4\" data-bt-override-class=\"{}\"><div class=\"bt_bb_column_content\"><div class=\"bt_bb_column_content_inner\"><div class=\"bt_bb_raw_content\">\t\t\t<a href=\"\/it\/composites-haute-performance\/soufflet-ptfe\/\">\n\t\t\t<img decoding=\"async\" src=\"\/wp-content\/uploads\/2018\/02\/soufflets-ptfe.jpg\" alt=\"FGTI Distribution soufflets\" style=\"padding: 20px;\">\n\t<\/a>\n\n<p style=\"text-align: center;\"><strong>Soufflets<\/strong><\/p>\n\n<\/div><div class=\"bt_bb_separator bt_bb_top_spacing_normal bt_bb_bottom_spacing_small bt_bb_border_style_none\" data-bt-override-class=\"{&quot;bt_bb_top_spacing_&quot;:{&quot;current_class&quot;:&quot;bt_bb_top_spacing_normal&quot;,&quot;def&quot;:&quot;normal&quot;,&quot;xl&quot;:&quot;normal&quot;},&quot;bt_bb_bottom_spacing_&quot;:{&quot;current_class&quot;:&quot;bt_bb_bottom_spacing_small&quot;,&quot;def&quot;:&quot;small&quot;,&quot;xl&quot;:&quot;small&quot;}}\"><\/div><div class=\"bt_bb_raw_content\">\t\t\t<a href=\"\/it\/composites-haute-performance\/solutions-sur-mesure\/\">\n\t\t\t<img decoding=\"async\" src=\"\/wp-content\/uploads\/2018\/02\/composite-sur-mesure-ptfe.jpg\" alt=\" Solutions PTFE sur mesure  \" style=\"padding: 20px;\">\n\t<\/a>\n\n<p style=\"text-align: center;\"><strong>  Solutions PTFE sur mesure  <\/strong><\/p>\n\n<\/div><div class=\"bt_bb_separator bt_bb_top_spacing_normal bt_bb_bottom_spacing_small bt_bb_border_style_none\" data-bt-override-class=\"{&quot;bt_bb_top_spacing_&quot;:{&quot;current_class&quot;:&quot;bt_bb_top_spacing_normal&quot;,&quot;def&quot;:&quot;normal&quot;,&quot;xl&quot;:&quot;normal&quot;},&quot;bt_bb_bottom_spacing_&quot;:{&quot;current_class&quot;:&quot;bt_bb_bottom_spacing_small&quot;,&quot;def&quot;:&quot;small&quot;,&quot;xl&quot;:&quot;small&quot;}}\"><\/div><\/div><\/div><\/div><div  class=\"bt_bb_column col-xxl-4 col-xl-4 col-xs-12 col-sm-12 col-md-12 col-lg-4 bt_bb_vertical_align_top bt_bb_align_left bt_bb_padding_normal\" style=\"; --column-width:4;\" data-width=\"4\" data-bt-override-class=\"{}\"><div class=\"bt_bb_column_content\"><div class=\"bt_bb_column_content_inner\"><div class=\"bt_bb_raw_content\">\t\t\t<a href=\"\/it\/composites-haute-performance\/membranes-ptfe\/\">\n\t\t\t<img decoding=\"async\" src=\"\/wp-content\/uploads\/2018\/02\/membranes-ptfe.jpg\" alt=\"FGTI Distribution  Membranes \" style=\"padding: 20px;\">\n\t<\/a>\n\n<p style=\"text-align: center;\"><strong> Membranes <\/strong><\/p>\n\n<\/div><div class=\"bt_bb_separator bt_bb_top_spacing_normal bt_bb_bottom_spacing_small bt_bb_border_style_none\" data-bt-override-class=\"{&quot;bt_bb_top_spacing_&quot;:{&quot;current_class&quot;:&quot;bt_bb_top_spacing_normal&quot;,&quot;def&quot;:&quot;normal&quot;,&quot;xl&quot;:&quot;normal&quot;},&quot;bt_bb_bottom_spacing_&quot;:{&quot;current_class&quot;:&quot;bt_bb_bottom_spacing_small&quot;,&quot;def&quot;:&quot;small&quot;,&quot;xl&quot;:&quot;small&quot;}}\"><\/div><div class=\"bt_bb_raw_content\">\t\t\t<a href=\"\/it\/composites-haute-performance\/ptfe-poreux\/\">\n\t\t\t<img decoding=\"async\" src=\"\/wp-content\/uploads\/2018\/02\/ptfe-poreux.jpg\" alt=\"PTFE poroso\" style=\"padding: 20px;\">\n\t<\/a>\n\n<p style=\"text-align: center;\"><strong> PTFE poroso  <\/strong><\/p>\n\n<\/div><\/div><\/div><\/div><div  class=\"bt_bb_column col-xxl-4 col-xl-4 col-xs-12 col-sm-12 col-md-12 col-lg-4 bt_bb_vertical_align_top bt_bb_align_left bt_bb_padding_normal\" style=\"; --column-width:4;\" data-width=\"4\" data-bt-override-class=\"{}\"><div class=\"bt_bb_column_content\"><div class=\"bt_bb_column_content_inner\"><div class=\"bt_bb_raw_content\">\t\t\t<a href=\"\/it\/composites-haute-performance\/composites-ptfe-haute-performance\/\">\n\t\t\t<img decoding=\"async\" src=\"\/wp-content\/uploads\/2018\/02\/menu-composite.jpg\" alt=\"FGTI Distribution  Composites  \" style=\"padding: 20px;\">\n\t<\/a>\n\n<p style=\"text-align: center;\"><strong> Composites  <\/strong><\/p>\n\n<\/div><\/div><\/div><\/div><\/div><\/div><div class=\"bt_bb_row\"  data-bt-override-class=\"{}\"><div class=\"bt_bb_row_holder\" ><div  class=\"bt_bb_column col-xxl-12 col-xl-12 col-xs-12 col-sm-12 col-md-12 col-lg-12 bt_bb_vertical_align_top bt_bb_align_left bt_bb_padding_normal\" style=\"; --column-width:12;\" data-width=\"12\" data-bt-override-class=\"{}\"><div class=\"bt_bb_column_content\"><div class=\"bt_bb_column_content_inner\"><div class=\"bt_bb_raw_content\"><div style=\"text-align: center;margin: 50px;\"><iframe loading=\"lazy\" src=\"https:\/\/www.youtube.com\/embed\/-g9BO-l4hl0\" allow=\"accelerometer; autoplay; encrypted-media; gyroscope; picture-in-picture\" allowfullscreen=\"\" width=\"560\" height=\"315\" frameborder=\"0\"><\/iframe><\/div><\/div><\/div><\/div><\/div><\/div><\/div><\/div><!-- cell_inner --><\/div><!-- cell --><\/div><!-- port --><\/section>","protected":false},"excerpt":{"rendered":"","protected":false},"author":1,"featured_media":7202,"parent":4313,"menu_order":0,"comment_status":"closed","ping_status":"closed","template":"","meta":{"footnotes":""},"class_list":["post-4329","page","type-page","status-publish","has-post-thumbnail","hentry"],"yoast_head":"<!-- This site is optimized with the Yoast SEO plugin v27.3 - https:\/\/yoast.com\/product\/yoast-seo-wordpress\/ -->\n<title>FGTI Distribution - Composites PTFE<\/title>\n<meta name=\"description\" content=\"Composites PTFE GTS : des mat\u00e9riaux \u00e0 haute performance et des composites sp\u00e9cialement d\u00e9velopp\u00e9s. N&#039;h\u00e9sitez pas \u00e0 nous contacter.\" \/>\n<meta name=\"robots\" content=\"index, follow, max-snippet:-1, max-image-preview:large, max-video-preview:-1\" \/>\n<link rel=\"canonical\" href=\"https:\/\/fgti-distribution.fr\/it\/composites-haute-performance\/composites-ptfe\/\" \/>\n<meta property=\"og:locale\" content=\"it_IT\" \/>\n<meta property=\"og:type\" content=\"article\" \/>\n<meta property=\"og:title\" content=\"FGTI Distribution - Composites PTFE\" \/>\n<meta property=\"og:description\" content=\"Composites PTFE GTS : des mat\u00e9riaux \u00e0 haute performance et des composites sp\u00e9cialement d\u00e9velopp\u00e9s. N&#039;h\u00e9sitez pas \u00e0 nous contacter.\" \/>\n<meta property=\"og:url\" content=\"https:\/\/fgti-distribution.fr\/it\/composites-haute-performance\/composites-ptfe\/\" \/>\n<meta property=\"og:site_name\" content=\"FGTI Distribution\" \/>\n<meta property=\"article:modified_time\" content=\"2024-02-15T14:41:20+00:00\" \/>\n<meta property=\"og:image\" content=\"https:\/\/fgti-distribution.fr\/wp-content\/uploads\/2023\/02\/soufflet-composite.jpg\" \/>\n\t<meta property=\"og:image:width\" content=\"1600\" \/>\n\t<meta property=\"og:image:height\" content=\"430\" \/>\n\t<meta property=\"og:image:type\" content=\"image\/jpeg\" \/>\n<meta name=\"twitter:card\" content=\"summary_large_image\" \/>\n<meta name=\"twitter:label1\" content=\"Est. reading time\" \/>\n\t<meta name=\"twitter:data1\" content=\"1 minuto\" \/>\n<script type=\"application\/ld+json\" class=\"yoast-schema-graph\">{\"@context\":\"https:\\\/\\\/schema.org\",\"@graph\":[{\"@type\":\"WebPage\",\"@id\":\"https:\\\/\\\/fgti-distribution.fr\\\/composites-haute-performance\\\/composites-ptfe\\\/\",\"url\":\"https:\\\/\\\/fgti-distribution.fr\\\/composites-haute-performance\\\/composites-ptfe\\\/\",\"name\":\"FGTI Distribution - Composites PTFE\",\"isPartOf\":{\"@id\":\"https:\\\/\\\/fgti-distribution.fr\\\/#website\"},\"primaryImageOfPage\":{\"@id\":\"https:\\\/\\\/fgti-distribution.fr\\\/composites-haute-performance\\\/composites-ptfe\\\/#primaryimage\"},\"image\":{\"@id\":\"https:\\\/\\\/fgti-distribution.fr\\\/composites-haute-performance\\\/composites-ptfe\\\/#primaryimage\"},\"thumbnailUrl\":\"https:\\\/\\\/fgti-distribution.fr\\\/wp-content\\\/uploads\\\/2023\\\/02\\\/soufflet-composite.jpg\",\"datePublished\":\"2018-02-23T10:29:05+00:00\",\"dateModified\":\"2024-02-15T14:41:20+00:00\",\"description\":\"Composites PTFE GTS : des mat\u00e9riaux \u00e0 haute performance et des composites sp\u00e9cialement d\u00e9velopp\u00e9s. N'h\u00e9sitez pas \u00e0 nous contacter.\",\"breadcrumb\":{\"@id\":\"https:\\\/\\\/fgti-distribution.fr\\\/composites-haute-performance\\\/composites-ptfe\\\/#breadcrumb\"},\"inLanguage\":\"it-IT\",\"potentialAction\":[{\"@type\":\"ReadAction\",\"target\":[\"https:\\\/\\\/fgti-distribution.fr\\\/composites-haute-performance\\\/composites-ptfe\\\/\"]}]},{\"@type\":\"ImageObject\",\"inLanguage\":\"it-IT\",\"@id\":\"https:\\\/\\\/fgti-distribution.fr\\\/composites-haute-performance\\\/composites-ptfe\\\/#primaryimage\",\"url\":\"https:\\\/\\\/fgti-distribution.fr\\\/wp-content\\\/uploads\\\/2023\\\/02\\\/soufflet-composite.jpg\",\"contentUrl\":\"https:\\\/\\\/fgti-distribution.fr\\\/wp-content\\\/uploads\\\/2023\\\/02\\\/soufflet-composite.jpg\",\"width\":1600,\"height\":430,\"caption\":\"soufflet composite\"},{\"@type\":\"BreadcrumbList\",\"@id\":\"https:\\\/\\\/fgti-distribution.fr\\\/composites-haute-performance\\\/composites-ptfe\\\/#breadcrumb\",\"itemListElement\":[{\"@type\":\"ListItem\",\"position\":1,\"name\":\"Home\",\"item\":\"https:\\\/\\\/fgti-distribution.fr\\\/\"},{\"@type\":\"ListItem\",\"position\":2,\"name\":\"Composites haute performance\",\"item\":\"https:\\\/\\\/fgti-distribution.fr\\\/composites-haute-performance\\\/\"},{\"@type\":\"ListItem\",\"position\":3,\"name\":\"PTFE et composites GTS\"}]},{\"@type\":\"WebSite\",\"@id\":\"https:\\\/\\\/fgti-distribution.fr\\\/#website\",\"url\":\"https:\\\/\\\/fgti-distribution.fr\\\/\",\"name\":\"FGTI Distribution\",\"description\":\"Pi\u00e8ces techniques et services \u00e0 forte valeur ajout\u00e9e\",\"publisher\":{\"@id\":\"https:\\\/\\\/fgti-distribution.fr\\\/#organization\"},\"alternateName\":\"FGTI Distribution\",\"potentialAction\":[{\"@type\":\"SearchAction\",\"target\":{\"@type\":\"EntryPoint\",\"urlTemplate\":\"https:\\\/\\\/fgti-distribution.fr\\\/?s={search_term_string}\"},\"query-input\":{\"@type\":\"PropertyValueSpecification\",\"valueRequired\":true,\"valueName\":\"search_term_string\"}}],\"inLanguage\":\"it-IT\"},{\"@type\":\"Organization\",\"@id\":\"https:\\\/\\\/fgti-distribution.fr\\\/#organization\",\"name\":\"FGTI Distribution\",\"alternateName\":\"FGTI Distribution\",\"url\":\"https:\\\/\\\/fgti-distribution.fr\\\/\",\"logo\":{\"@type\":\"ImageObject\",\"inLanguage\":\"it-IT\",\"@id\":\"https:\\\/\\\/fgti-distribution.fr\\\/#\\\/schema\\\/logo\\\/image\\\/\",\"url\":\"https:\\\/\\\/fgti-distribution.fr\\\/wp-content\\\/uploads\\\/2022\\\/12\\\/logo.png\",\"contentUrl\":\"https:\\\/\\\/fgti-distribution.fr\\\/wp-content\\\/uploads\\\/2022\\\/12\\\/logo.png\",\"width\":500,\"height\":228,\"caption\":\"FGTI Distribution\"},\"image\":{\"@id\":\"https:\\\/\\\/fgti-distribution.fr\\\/#\\\/schema\\\/logo\\\/image\\\/\"},\"sameAs\":[\"https:\\\/\\\/www.linkedin.com\\\/company\\\/fgti-distribution\\\/\"]}]}<\/script>\n<!-- \/ Yoast SEO plugin. -->","yoast_head_json":{"title":"FGTI Distribution - Composites PTFE","description":"Composites PTFE GTS : des mat\u00e9riaux \u00e0 haute performance et des composites sp\u00e9cialement d\u00e9velopp\u00e9s. N'h\u00e9sitez pas \u00e0 nous contacter.","robots":{"index":"index","follow":"follow","max-snippet":"max-snippet:-1","max-image-preview":"max-image-preview:large","max-video-preview":"max-video-preview:-1"},"canonical":"https:\/\/fgti-distribution.fr\/it\/composites-haute-performance\/composites-ptfe\/","og_locale":"it_IT","og_type":"article","og_title":"FGTI Distribution - Composites PTFE","og_description":"Composites PTFE GTS : des mat\u00e9riaux \u00e0 haute performance et des composites sp\u00e9cialement d\u00e9velopp\u00e9s. N'h\u00e9sitez pas \u00e0 nous contacter.","og_url":"https:\/\/fgti-distribution.fr\/it\/composites-haute-performance\/composites-ptfe\/","og_site_name":"FGTI Distribution","article_modified_time":"2024-02-15T14:41:20+00:00","og_image":[{"width":1600,"height":430,"url":"https:\/\/fgti-distribution.fr\/wp-content\/uploads\/2023\/02\/soufflet-composite.jpg","type":"image\/jpeg"}],"twitter_card":"summary_large_image","twitter_misc":{"Est. reading time":"1 minuto"},"schema":{"@context":"https:\/\/schema.org","@graph":[{"@type":"WebPage","@id":"https:\/\/fgti-distribution.fr\/composites-haute-performance\/composites-ptfe\/","url":"https:\/\/fgti-distribution.fr\/composites-haute-performance\/composites-ptfe\/","name":"FGTI Distribution - Composites PTFE","isPartOf":{"@id":"https:\/\/fgti-distribution.fr\/#website"},"primaryImageOfPage":{"@id":"https:\/\/fgti-distribution.fr\/composites-haute-performance\/composites-ptfe\/#primaryimage"},"image":{"@id":"https:\/\/fgti-distribution.fr\/composites-haute-performance\/composites-ptfe\/#primaryimage"},"thumbnailUrl":"https:\/\/fgti-distribution.fr\/wp-content\/uploads\/2023\/02\/soufflet-composite.jpg","datePublished":"2018-02-23T10:29:05+00:00","dateModified":"2024-02-15T14:41:20+00:00","description":"Composites PTFE GTS : des mat\u00e9riaux \u00e0 haute performance et des composites sp\u00e9cialement d\u00e9velopp\u00e9s. N'h\u00e9sitez pas \u00e0 nous contacter.","breadcrumb":{"@id":"https:\/\/fgti-distribution.fr\/composites-haute-performance\/composites-ptfe\/#breadcrumb"},"inLanguage":"it-IT","potentialAction":[{"@type":"ReadAction","target":["https:\/\/fgti-distribution.fr\/composites-haute-performance\/composites-ptfe\/"]}]},{"@type":"ImageObject","inLanguage":"it-IT","@id":"https:\/\/fgti-distribution.fr\/composites-haute-performance\/composites-ptfe\/#primaryimage","url":"https:\/\/fgti-distribution.fr\/wp-content\/uploads\/2023\/02\/soufflet-composite.jpg","contentUrl":"https:\/\/fgti-distribution.fr\/wp-content\/uploads\/2023\/02\/soufflet-composite.jpg","width":1600,"height":430,"caption":"soufflet composite"},{"@type":"BreadcrumbList","@id":"https:\/\/fgti-distribution.fr\/composites-haute-performance\/composites-ptfe\/#breadcrumb","itemListElement":[{"@type":"ListItem","position":1,"name":"Home","item":"https:\/\/fgti-distribution.fr\/"},{"@type":"ListItem","position":2,"name":"Composites haute performance","item":"https:\/\/fgti-distribution.fr\/composites-haute-performance\/"},{"@type":"ListItem","position":3,"name":"PTFE et composites GTS"}]},{"@type":"WebSite","@id":"https:\/\/fgti-distribution.fr\/#website","url":"https:\/\/fgti-distribution.fr\/","name":"Distribuzione FGTI","description":"Parti tecniche e servizi ad alto valore aggiunto","publisher":{"@id":"https:\/\/fgti-distribution.fr\/#organization"},"alternateName":"FGTI Distribution","potentialAction":[{"@type":"SearchAction","target":{"@type":"EntryPoint","urlTemplate":"https:\/\/fgti-distribution.fr\/?s={search_term_string}"},"query-input":{"@type":"PropertyValueSpecification","valueRequired":true,"valueName":"search_term_string"}}],"inLanguage":"it-IT"},{"@type":"Organization","@id":"https:\/\/fgti-distribution.fr\/#organization","name":"Distribuzione FGTI","alternateName":"FGTI Distribution","url":"https:\/\/fgti-distribution.fr\/","logo":{"@type":"ImageObject","inLanguage":"it-IT","@id":"https:\/\/fgti-distribution.fr\/#\/schema\/logo\/image\/","url":"https:\/\/fgti-distribution.fr\/wp-content\/uploads\/2022\/12\/logo.png","contentUrl":"https:\/\/fgti-distribution.fr\/wp-content\/uploads\/2022\/12\/logo.png","width":500,"height":228,"caption":"FGTI Distribution"},"image":{"@id":"https:\/\/fgti-distribution.fr\/#\/schema\/logo\/image\/"},"sameAs":["https:\/\/www.linkedin.com\/company\/fgti-distribution\/"]}]}},"_links":{"self":[{"href":"https:\/\/fgti-distribution.fr\/it\/wp-json\/wp\/v2\/pages\/4329","targetHints":{"allow":["GET"]}}],"collection":[{"href":"https:\/\/fgti-distribution.fr\/it\/wp-json\/wp\/v2\/pages"}],"about":[{"href":"https:\/\/fgti-distribution.fr\/it\/wp-json\/wp\/v2\/types\/page"}],"author":[{"embeddable":true,"href":"https:\/\/fgti-distribution.fr\/it\/wp-json\/wp\/v2\/users\/1"}],"replies":[{"embeddable":true,"href":"https:\/\/fgti-distribution.fr\/it\/wp-json\/wp\/v2\/comments?post=4329"}],"version-history":[{"count":33,"href":"https:\/\/fgti-distribution.fr\/it\/wp-json\/wp\/v2\/pages\/4329\/revisions"}],"predecessor-version":[{"id":9318,"href":"https:\/\/fgti-distribution.fr\/it\/wp-json\/wp\/v2\/pages\/4329\/revisions\/9318"}],"up":[{"embeddable":true,"href":"https:\/\/fgti-distribution.fr\/it\/wp-json\/wp\/v2\/pages\/4313"}],"wp:featuredmedia":[{"embeddable":true,"href":"https:\/\/fgti-distribution.fr\/it\/wp-json\/wp\/v2\/media\/7202"}],"wp:attachment":[{"href":"https:\/\/fgti-distribution.fr\/it\/wp-json\/wp\/v2\/media?parent=4329"}],"curies":[{"name":"wp","href":"https:\/\/api.w.org\/{rel}","templated":true}]}}