{"id":5186,"date":"2019-04-24T08:40:46","date_gmt":"2019-04-24T08:40:46","guid":{"rendered":"https:\/\/fgti-distribution.fr\/?page_id=5186"},"modified":"2024-04-30T07:53:16","modified_gmt":"2024-04-30T07:53:16","slug":"offre-fgti-distribution-idg","status":"publish","type":"page","link":"https:\/\/fgti-distribution.fr\/it\/joints-etancheite-idg\/offre-fgti-distribution-idg\/","title":{"rendered":"L&rsquo;offre FGTI Distribution"},"content":{"rendered":"<section id=\"bt_bb_section69d023c1de3a6\" class=\"bt_bb_section bt_bb_layout_boxed_1200\"  data-bt-override-class=\"null\"><div class=\"bt_bb_port\"><div class=\"bt_bb_cell\"><div class=\"bt_bb_cell_inner\"><div class=\"bt_bb_row\"  data-bt-override-class=\"{}\"><div class=\"bt_bb_row_holder\" ><div  class=\"bt_bb_column col-xxl-12 col-xl-12 col-xs-12 col-sm-12 col-md-12 col-lg-12 bt_bb_vertical_align_top bt_bb_align_left bt_bb_padding_normal\" style=\"; --column-width:12;\" data-width=\"12\" data-bt-override-class=\"{}\"><div class=\"bt_bb_column_content\"><div class=\"bt_bb_column_content_inner\"><div class=\"bt_bb_raw_content\"><div style=\"color: #BABABA; font-size: 12px; margin-bottom: 20px;\">FGTI-Distribution >  Joints d\u2019\u00e9tanch\u00e9it\u00e9 > L'offre FGTI Distribution  <\/div>\n<h2 style=\"font-size: 22px; vertical-align: top; font-weight: bold; border-bottom: 1px solid #58B6FE; border-top-color: white; padding-bottom: 10px; margin-bottom: 20px;\">Joints d\u2019\u00e9tanch\u00e9it\u00e9 : l'offre FGTI Distribution<\/h2>\n<span style=\"font-size: 20px; text-transform: uppercase;\">Domaines d\u2019applications<\/span>\n<div style=\"margin: 15px 15px 15px;\">\n<h3 style=\"text-transform: none; font-weight: bold; font-size: 16px;\"><i class=\"far fa-hand-point-right\" style=\"font-size: 20px; vertical-align: text-top;\"><\/i> Syst\u00e8mes d\u2019\u00e9tanch\u00e9it\u00e9 pour l\u2019industrie, m\u00e9canique et automatisme (par ex. machine-outil, v\u00e9rin, hydraulique, pneumatique)<\/h3>\nIDG-Dichtungstechnik propose une large gamme d\u2019\u00e9l\u00e9ments de joints et syst\u00e8mes d\u2019\u00e9tanch\u00e9it\u00e9 statique ou dynamique (rotation ou translation) de haute qualit\u00e9. Pour r\u00e9pondre aux exigences des constructeur de machines, tous les produits IDG sont en \u00e9volution constante. Des adaptations des profils et des mati\u00e8res permettent de relever les d\u00e9fis.\n<\/div>\n<img loading=\"lazy\" decoding=\"async\" src=\"https:\/\/fgti-distribution.fr\/wp-content\/uploads\/2019\/04\/fgti-distribution-joints-etancheite-idg.jpg\" width=\"880\" height=\"200\" srcset=\"https:\/\/fgti-distribution.fr\/wp-content\/uploads\/2019\/04\/fgti-distribution-joints-etancheite-idg.jpg 880w, https:\/\/fgti-distribution.fr\/wp-content\/uploads\/2019\/04\/fgti-distribution-joints-etancheite-idg-300x68.jpg 300w, https:\/\/fgti-distribution.fr\/wp-content\/uploads\/2019\/04\/fgti-distribution-joints-etancheite-idg-768x175.jpg 768w\" sizes=\"auto, (max-width: 880px) 100vw, 880px\" alt=\"FGTI Distribution joints \u00e9tanch\u00e9it\u00e9 IDG\" class=\"so-widget-image\">\n<div style=\"margin: 15px 15px 0;\">\n<h3 style=\"text-transform: none; font-weight: bold; font-size: 16px;\"><i class=\"far fa-hand-point-right\" style=\"font-size: 20px; vertical-align: text-top;\"><\/i> Syst\u00e8mes d\u2019\u00e9tanch\u00e9it\u00e9 pour l\u2019industrie alimentaire (par ex. douille de guidage, piston de dosage monobloc aseptique (invent\u00e9 par IDG))<\/h3>\nDans l\u2019industrie alimentaire, les joints sont soumis au respect de normes d\u2019hygi\u00e8ne de plus en plus s\u00e9v\u00e8res. Gr\u00e2ce au partenariat avec les fabricants de machines de dosage, IDG d\u00e9veloppe des solutions d\u2019\u00e9tanch\u00e9it\u00e9 innovantes, assurant ainsi les conditions id\u00e9ales de nettoyage dans le respect des r\u00e9glementations et normes en vigueur.\n<\/div>\n<img decoding=\"async\" src=\"https:\/\/fgti-distribution.fr\/wp-content\/uploads\/2019\/04\/fgti-distribution-joints-etancheite-industrie-1.jpg\" width=\"880\" height=\"200\" srcset=\"https:\/\/fgti-distribution.fr\/wp-content\/uploads\/2019\/04\/fgti-distribution-joints-etancheite-industrie-1.jpg 880w, https:\/\/fgti-distribution.fr\/wp-content\/uploads\/2019\/04\/fgti-distribution-joints-etancheite-industrie-1-300x68.jpg 300w, https:\/\/fgti-distribution.fr\/wp-content\/uploads\/2019\/04\/fgti-distribution-joints-etancheite-industrie-1-768x175.jpg 768w\" sizes=\"auto, (max-width: 880px) 100vw, 880px\" alt=\"FGTI Distribution joints d'\u00e9tanch\u00e9it\u00e9 industrie\" loading=\"lazy\" class=\"so-widget-image\">\n<div style=\"margin: 15px 15px 0;\">\n<h3 style=\"text-transform: none; font-weight: bold; font-size: 16px;\"><i class=\"far fa-hand-point-right\" style=\"font-size: 20px; vertical-align: text-top;\"><\/i> Syst\u00e8mes d\u2019\u00e9tanch\u00e9it\u00e9 pour l\u2019industrie hydro-\u00e9lectrique (par ex. vannes, anneaux mobiles, pales de Kaplan, injecteur Pelton) <\/h3>\nLes joints et syst\u00e8mes d\u2019\u00e9tanch\u00e9it\u00e9 IDG d\u00e9velopp\u00e9s pour les centrales hydrauliques r\u00e9pondent \u00e0 des exigences tr\u00e8s particuli\u00e8res d\u2019abrasion, de pression, de cavitation, d\u2019excentricit\u00e9\u2026 etc..\n<\/div>\n<img decoding=\"async\" src=\"https:\/\/fgti-distribution.fr\/wp-content\/uploads\/2019\/04\/fgti-distribution-joints-etancheite-industrie-electrique.jpg\" width=\"880\" height=\"200\" srcset=\"https:\/\/fgti-distribution.fr\/wp-content\/uploads\/2019\/04\/fgti-distribution-joints-etancheite-industrie-electrique.jpg 880w, https:\/\/fgti-distribution.fr\/wp-content\/uploads\/2019\/04\/fgti-distribution-joints-etancheite-industrie-electrique-300x68.jpg 300w, https:\/\/fgti-distribution.fr\/wp-content\/uploads\/2019\/04\/fgti-distribution-joints-etancheite-industrie-electrique-768x175.jpg 768w\" sizes=\"auto, (max-width: 880px) 100vw, 880px\" alt=\"FGTI Distribution joints d'\u00e9tanch\u00e9it\u00e9 industrie \u00e9lectrique\" loading=\"lazy\" class=\"so-widget-image\">\n<div style=\"margin: 15px 15px 35px;\">\n<h3 style=\"text-transform: none; font-weight: bold; font-size: 16px;\"><i class=\"far fa-hand-point-right\" style=\"font-size: 20px; vertical-align: text-top;\"><\/i> Syst\u00e8mes d\u2019\u00e9tanch\u00e9it\u00e9 pour l\u2019industrie papeti\u00e8re (par ex. joints de paliers)<\/h3>\n<\/div>\n<span style=\"font-size: 20px; text-transform: uppercase; line-height: 40px;\">Mat\u00e9riaux et fabrication<\/span>\n<ul>\n<li class=\"tiret\">Bases PTFE, Polyur\u00e9thanes \u2013 pr\u00e9contrainte par \u00e9lastom\u00e8res<\/li>\n<li class=\"tiret\">Fabrication \u00ab sur mesure \u00bb \u00e0 partir d\u2019\u00e9bauches usin\u00e9es (pas de moules) de la pi\u00e8ce unitaire \u00e0 la petite s\u00e9rie<\/li>\n<li class=\"tiret\">\u00d8 3 \u00e0 3000 mm par usinage, diam\u00e8tres plus grands par soudage<\/li>\n<li class=\"tiret\">Certifications EC,  FDA et 3A pour les mati\u00e8res et produits d\u00e9velopp\u00e9s dans l\u2019agroalimentaire<\/li>\n<li class=\"tiret\">Certification ISO 9001<\/li>\n<\/ul>\n\n<span style=\"font-size: 20px; text-transform: uppercase; line-height: 40px;\">Des performances \u00e9lev\u00e9es en environnements extr\u00eames<\/span>\n<ul>\n<li class=\"tiret\">Grands et tr\u00e8s grands \u00d8<\/li>\n<li class=\"tiret\">Environnements agressifs : produits chimiques, eaux charg\u00e9es de sable, limon, tartre..<\/li>\n<li class=\"tiret\">Tr\u00e8s hautes temp\u00e9ratures<\/li>\n<li class=\"tiret\">Tr\u00e8s hautes pressions<\/li>\n<li class=\"tiret\">Fonctionnement \u00e0 sec<\/li>\n<li class=\"tiret\">Jeux importants d\u2019excentricit\u00e9<\/li>\n<\/ul>\n\n<span style=\"font-size: 20px; text-transform: uppercase; line-height: 40px;\">Avantages <\/span>\n<ul>\n<li class=\"tiret\">Standard ou sur mesure int\u00e9gral int\u00e9gral pour r\u00e9pondre \u00e0 l\u2019environnement : adaptabilit\u00e9 par la mati\u00e8re et par le profil de joint aux dimensions de logement et aux conditions de service<\/li>\n<li class=\"tiret\">Dur\u00e9e de vie allong\u00e9e, intervalles de maintenance plus grands, moins d\u2019arr\u00eats d\u2019exploitation - R\u00e9sistance chimique et thermique reconnue, coefficient de frottement extr\u00eamement faible <\/li>\n<li class=\"tiret\">Mati\u00e8re usin\u00e9e, grande pr\u00e9cision de fabrication, sans frais de moule<\/li>\n<li class=\"tiret\">\u00c9tanch\u00e9it\u00e9, long\u00e9vit\u00e9, fiabilit\u00e9, adaptabilit\u00e9, \u00e9conomie<\/li>\n<\/ul>\n\n<span style=\"font-size: 20px; text-transform: uppercase; line-height: 40px;\">Types de produits :<\/span>\n\n<table  style=\"border: none;\">\n<tr  style=\"border: none;\">\n<td style=\"width:140px; border: none;\">\n- Joint d\u2019\u00e9tanch\u00e9it\u00e9<br \/>\n- Joint rotatif<br \/>\n- Joint de translation\n<\/td>\n<td style=\"width:140px; border: none;\">\n- Joint statique<br \/>\n- Joint de tige<br \/>\n- Joint de piston\n<\/td>\n<td style=\"width:140px; border: none;\">\n- Joint de v\u00e9rin<br \/>\n- Joint de pale<br \/>\n- Joint d\u2019injecteur\n<\/td>\n<\/tr>\n<\/table><\/div><\/div><\/div><\/div><\/div><\/div><\/div><!-- cell_inner --><\/div><!-- cell --><\/div><!-- port --><\/section>","protected":false},"excerpt":{"rendered":"","protected":false},"author":1,"featured_media":7136,"parent":5052,"menu_order":0,"comment_status":"closed","ping_status":"closed","template":"","meta":{"footnotes":""},"class_list":["post-5186","page","type-page","status-publish","has-post-thumbnail","hentry"],"yoast_head":"<!-- This site is optimized with the Yoast SEO plugin v27.3 - https:\/\/yoast.com\/product\/yoast-seo-wordpress\/ -->\n<title>Joints d\u2019\u00e9tanch\u00e9it\u00e9 pour les professionnels : l&#039;offre FGTI Distribution<\/title>\n<meta name=\"description\" content=\"Joints d&#039;\u00e9tanch\u00e9it\u00e9 &gt; L&#039;offre FGTI Distribution. D\u00e9couvrez toutes les solutions de joints d&#039;\u00e9tanch\u00e9it\u00e9 : www.fgti-distribution.fr\" \/>\n<meta name=\"robots\" content=\"index, follow, max-snippet:-1, max-image-preview:large, max-video-preview:-1\" \/>\n<link rel=\"canonical\" href=\"https:\/\/fgti-distribution.fr\/it\/guarnizioni-idrauliche\/offre-fgti-distribution-idg\/\" \/>\n<meta property=\"og:locale\" content=\"it_IT\" \/>\n<meta property=\"og:type\" content=\"article\" \/>\n<meta property=\"og:title\" content=\"Joints d\u2019\u00e9tanch\u00e9it\u00e9 pour les professionnels : l&#039;offre FGTI Distribution\" \/>\n<meta property=\"og:description\" content=\"Joints d&#039;\u00e9tanch\u00e9it\u00e9 &gt; L&#039;offre FGTI Distribution. D\u00e9couvrez toutes les solutions de joints d&#039;\u00e9tanch\u00e9it\u00e9 : www.fgti-distribution.fr\" \/>\n<meta property=\"og:url\" content=\"https:\/\/fgti-distribution.fr\/it\/guarnizioni-idrauliche\/offre-fgti-distribution-idg\/\" \/>\n<meta property=\"og:site_name\" content=\"FGTI Distribution\" \/>\n<meta property=\"article:modified_time\" content=\"2024-04-30T07:53:16+00:00\" \/>\n<meta property=\"og:image\" content=\"https:\/\/fgti-distribution.fr\/wp-content\/uploads\/2023\/02\/fgti-distrribution-offre-idg.jpg\" \/>\n\t<meta property=\"og:image:width\" content=\"1600\" \/>\n\t<meta property=\"og:image:height\" content=\"430\" \/>\n\t<meta property=\"og:image:type\" content=\"image\/jpeg\" \/>\n<meta name=\"twitter:card\" content=\"summary_large_image\" \/>\n<meta name=\"twitter:label1\" content=\"Est. reading time\" \/>\n\t<meta name=\"twitter:data1\" content=\"1 minuto\" \/>\n<script type=\"application\/ld+json\" class=\"yoast-schema-graph\">{\"@context\":\"https:\\\/\\\/schema.org\",\"@graph\":[{\"@type\":\"WebPage\",\"@id\":\"https:\\\/\\\/fgti-distribution.fr\\\/joints-etancheite-idg\\\/offre-fgti-distribution-idg\\\/\",\"url\":\"https:\\\/\\\/fgti-distribution.fr\\\/joints-etancheite-idg\\\/offre-fgti-distribution-idg\\\/\",\"name\":\"Joints d\u2019\u00e9tanch\u00e9it\u00e9 pour les professionnels : l'offre FGTI Distribution\",\"isPartOf\":{\"@id\":\"https:\\\/\\\/fgti-distribution.fr\\\/#website\"},\"primaryImageOfPage\":{\"@id\":\"https:\\\/\\\/fgti-distribution.fr\\\/joints-etancheite-idg\\\/offre-fgti-distribution-idg\\\/#primaryimage\"},\"image\":{\"@id\":\"https:\\\/\\\/fgti-distribution.fr\\\/joints-etancheite-idg\\\/offre-fgti-distribution-idg\\\/#primaryimage\"},\"thumbnailUrl\":\"https:\\\/\\\/fgti-distribution.fr\\\/wp-content\\\/uploads\\\/2023\\\/02\\\/fgti-distrribution-offre-idg.jpg\",\"datePublished\":\"2019-04-24T08:40:46+00:00\",\"dateModified\":\"2024-04-30T07:53:16+00:00\",\"description\":\"Joints d'\u00e9tanch\u00e9it\u00e9 > L'offre FGTI Distribution. D\u00e9couvrez toutes les solutions de joints d'\u00e9tanch\u00e9it\u00e9 : www.fgti-distribution.fr\",\"breadcrumb\":{\"@id\":\"https:\\\/\\\/fgti-distribution.fr\\\/joints-etancheite-idg\\\/offre-fgti-distribution-idg\\\/#breadcrumb\"},\"inLanguage\":\"it-IT\",\"potentialAction\":[{\"@type\":\"ReadAction\",\"target\":[\"https:\\\/\\\/fgti-distribution.fr\\\/joints-etancheite-idg\\\/offre-fgti-distribution-idg\\\/\"]}]},{\"@type\":\"ImageObject\",\"inLanguage\":\"it-IT\",\"@id\":\"https:\\\/\\\/fgti-distribution.fr\\\/joints-etancheite-idg\\\/offre-fgti-distribution-idg\\\/#primaryimage\",\"url\":\"https:\\\/\\\/fgti-distribution.fr\\\/wp-content\\\/uploads\\\/2023\\\/02\\\/fgti-distrribution-offre-idg.jpg\",\"contentUrl\":\"https:\\\/\\\/fgti-distribution.fr\\\/wp-content\\\/uploads\\\/2023\\\/02\\\/fgti-distrribution-offre-idg.jpg\",\"width\":1600,\"height\":430,\"caption\":\"fgti distrribution offre idg\"},{\"@type\":\"BreadcrumbList\",\"@id\":\"https:\\\/\\\/fgti-distribution.fr\\\/joints-etancheite-idg\\\/offre-fgti-distribution-idg\\\/#breadcrumb\",\"itemListElement\":[{\"@type\":\"ListItem\",\"position\":1,\"name\":\"Home\",\"item\":\"https:\\\/\\\/fgti-distribution.fr\\\/\"},{\"@type\":\"ListItem\",\"position\":2,\"name\":\"Joints d&rsquo;\u00e9tanch\u00e9it\u00e9 IDG\",\"item\":\"https:\\\/\\\/fgti-distribution.fr\\\/joints-etancheite-idg\\\/\"},{\"@type\":\"ListItem\",\"position\":3,\"name\":\"L&rsquo;offre FGTI Distribution\"}]},{\"@type\":\"WebSite\",\"@id\":\"https:\\\/\\\/fgti-distribution.fr\\\/#website\",\"url\":\"https:\\\/\\\/fgti-distribution.fr\\\/\",\"name\":\"FGTI Distribution\",\"description\":\"Pi\u00e8ces techniques et services \u00e0 forte valeur ajout\u00e9e\",\"publisher\":{\"@id\":\"https:\\\/\\\/fgti-distribution.fr\\\/#organization\"},\"alternateName\":\"FGTI Distribution\",\"potentialAction\":[{\"@type\":\"SearchAction\",\"target\":{\"@type\":\"EntryPoint\",\"urlTemplate\":\"https:\\\/\\\/fgti-distribution.fr\\\/?s={search_term_string}\"},\"query-input\":{\"@type\":\"PropertyValueSpecification\",\"valueRequired\":true,\"valueName\":\"search_term_string\"}}],\"inLanguage\":\"it-IT\"},{\"@type\":\"Organization\",\"@id\":\"https:\\\/\\\/fgti-distribution.fr\\\/#organization\",\"name\":\"FGTI Distribution\",\"alternateName\":\"FGTI Distribution\",\"url\":\"https:\\\/\\\/fgti-distribution.fr\\\/\",\"logo\":{\"@type\":\"ImageObject\",\"inLanguage\":\"it-IT\",\"@id\":\"https:\\\/\\\/fgti-distribution.fr\\\/#\\\/schema\\\/logo\\\/image\\\/\",\"url\":\"https:\\\/\\\/fgti-distribution.fr\\\/wp-content\\\/uploads\\\/2022\\\/12\\\/logo.png\",\"contentUrl\":\"https:\\\/\\\/fgti-distribution.fr\\\/wp-content\\\/uploads\\\/2022\\\/12\\\/logo.png\",\"width\":500,\"height\":228,\"caption\":\"FGTI Distribution\"},\"image\":{\"@id\":\"https:\\\/\\\/fgti-distribution.fr\\\/#\\\/schema\\\/logo\\\/image\\\/\"},\"sameAs\":[\"https:\\\/\\\/www.linkedin.com\\\/company\\\/fgti-distribution\\\/\"]}]}<\/script>\n<!-- \/ Yoast SEO plugin. -->","yoast_head_json":{"title":"Joints d\u2019\u00e9tanch\u00e9it\u00e9 pour les professionnels : l'offre FGTI Distribution","description":"Joints d'\u00e9tanch\u00e9it\u00e9 > L'offre FGTI Distribution. D\u00e9couvrez toutes les solutions de joints d'\u00e9tanch\u00e9it\u00e9 : www.fgti-distribution.fr","robots":{"index":"index","follow":"follow","max-snippet":"max-snippet:-1","max-image-preview":"max-image-preview:large","max-video-preview":"max-video-preview:-1"},"canonical":"https:\/\/fgti-distribution.fr\/it\/guarnizioni-idrauliche\/offre-fgti-distribution-idg\/","og_locale":"it_IT","og_type":"article","og_title":"Joints d\u2019\u00e9tanch\u00e9it\u00e9 pour les professionnels : l'offre FGTI Distribution","og_description":"Joints d'\u00e9tanch\u00e9it\u00e9 > L'offre FGTI Distribution. D\u00e9couvrez toutes les solutions de joints d'\u00e9tanch\u00e9it\u00e9 : www.fgti-distribution.fr","og_url":"https:\/\/fgti-distribution.fr\/it\/guarnizioni-idrauliche\/offre-fgti-distribution-idg\/","og_site_name":"FGTI Distribution","article_modified_time":"2024-04-30T07:53:16+00:00","og_image":[{"width":1600,"height":430,"url":"https:\/\/fgti-distribution.fr\/wp-content\/uploads\/2023\/02\/fgti-distrribution-offre-idg.jpg","type":"image\/jpeg"}],"twitter_card":"summary_large_image","twitter_misc":{"Est. reading time":"1 minuto"},"schema":{"@context":"https:\/\/schema.org","@graph":[{"@type":"WebPage","@id":"https:\/\/fgti-distribution.fr\/joints-etancheite-idg\/offre-fgti-distribution-idg\/","url":"https:\/\/fgti-distribution.fr\/joints-etancheite-idg\/offre-fgti-distribution-idg\/","name":"Joints d\u2019\u00e9tanch\u00e9it\u00e9 pour les professionnels : l'offre FGTI Distribution","isPartOf":{"@id":"https:\/\/fgti-distribution.fr\/#website"},"primaryImageOfPage":{"@id":"https:\/\/fgti-distribution.fr\/joints-etancheite-idg\/offre-fgti-distribution-idg\/#primaryimage"},"image":{"@id":"https:\/\/fgti-distribution.fr\/joints-etancheite-idg\/offre-fgti-distribution-idg\/#primaryimage"},"thumbnailUrl":"https:\/\/fgti-distribution.fr\/wp-content\/uploads\/2023\/02\/fgti-distrribution-offre-idg.jpg","datePublished":"2019-04-24T08:40:46+00:00","dateModified":"2024-04-30T07:53:16+00:00","description":"Joints d'\u00e9tanch\u00e9it\u00e9 > L'offre FGTI Distribution. D\u00e9couvrez toutes les solutions de joints d'\u00e9tanch\u00e9it\u00e9 : www.fgti-distribution.fr","breadcrumb":{"@id":"https:\/\/fgti-distribution.fr\/joints-etancheite-idg\/offre-fgti-distribution-idg\/#breadcrumb"},"inLanguage":"it-IT","potentialAction":[{"@type":"ReadAction","target":["https:\/\/fgti-distribution.fr\/joints-etancheite-idg\/offre-fgti-distribution-idg\/"]}]},{"@type":"ImageObject","inLanguage":"it-IT","@id":"https:\/\/fgti-distribution.fr\/joints-etancheite-idg\/offre-fgti-distribution-idg\/#primaryimage","url":"https:\/\/fgti-distribution.fr\/wp-content\/uploads\/2023\/02\/fgti-distrribution-offre-idg.jpg","contentUrl":"https:\/\/fgti-distribution.fr\/wp-content\/uploads\/2023\/02\/fgti-distrribution-offre-idg.jpg","width":1600,"height":430,"caption":"fgti distrribution offre idg"},{"@type":"BreadcrumbList","@id":"https:\/\/fgti-distribution.fr\/joints-etancheite-idg\/offre-fgti-distribution-idg\/#breadcrumb","itemListElement":[{"@type":"ListItem","position":1,"name":"Home","item":"https:\/\/fgti-distribution.fr\/"},{"@type":"ListItem","position":2,"name":"Joints d&rsquo;\u00e9tanch\u00e9it\u00e9 IDG","item":"https:\/\/fgti-distribution.fr\/joints-etancheite-idg\/"},{"@type":"ListItem","position":3,"name":"L&rsquo;offre FGTI Distribution"}]},{"@type":"WebSite","@id":"https:\/\/fgti-distribution.fr\/#website","url":"https:\/\/fgti-distribution.fr\/","name":"Distribuzione FGTI","description":"Parti tecniche e servizi ad alto valore aggiunto","publisher":{"@id":"https:\/\/fgti-distribution.fr\/#organization"},"alternateName":"FGTI Distribution","potentialAction":[{"@type":"SearchAction","target":{"@type":"EntryPoint","urlTemplate":"https:\/\/fgti-distribution.fr\/?s={search_term_string}"},"query-input":{"@type":"PropertyValueSpecification","valueRequired":true,"valueName":"search_term_string"}}],"inLanguage":"it-IT"},{"@type":"Organization","@id":"https:\/\/fgti-distribution.fr\/#organization","name":"Distribuzione FGTI","alternateName":"FGTI Distribution","url":"https:\/\/fgti-distribution.fr\/","logo":{"@type":"ImageObject","inLanguage":"it-IT","@id":"https:\/\/fgti-distribution.fr\/#\/schema\/logo\/image\/","url":"https:\/\/fgti-distribution.fr\/wp-content\/uploads\/2022\/12\/logo.png","contentUrl":"https:\/\/fgti-distribution.fr\/wp-content\/uploads\/2022\/12\/logo.png","width":500,"height":228,"caption":"FGTI Distribution"},"image":{"@id":"https:\/\/fgti-distribution.fr\/#\/schema\/logo\/image\/"},"sameAs":["https:\/\/www.linkedin.com\/company\/fgti-distribution\/"]}]}},"_links":{"self":[{"href":"https:\/\/fgti-distribution.fr\/it\/wp-json\/wp\/v2\/pages\/5186","targetHints":{"allow":["GET"]}}],"collection":[{"href":"https:\/\/fgti-distribution.fr\/it\/wp-json\/wp\/v2\/pages"}],"about":[{"href":"https:\/\/fgti-distribution.fr\/it\/wp-json\/wp\/v2\/types\/page"}],"author":[{"embeddable":true,"href":"https:\/\/fgti-distribution.fr\/it\/wp-json\/wp\/v2\/users\/1"}],"replies":[{"embeddable":true,"href":"https:\/\/fgti-distribution.fr\/it\/wp-json\/wp\/v2\/comments?post=5186"}],"version-history":[{"count":50,"href":"https:\/\/fgti-distribution.fr\/it\/wp-json\/wp\/v2\/pages\/5186\/revisions"}],"predecessor-version":[{"id":9437,"href":"https:\/\/fgti-distribution.fr\/it\/wp-json\/wp\/v2\/pages\/5186\/revisions\/9437"}],"up":[{"embeddable":true,"href":"https:\/\/fgti-distribution.fr\/it\/wp-json\/wp\/v2\/pages\/5052"}],"wp:featuredmedia":[{"embeddable":true,"href":"https:\/\/fgti-distribution.fr\/it\/wp-json\/wp\/v2\/media\/7136"}],"wp:attachment":[{"href":"https:\/\/fgti-distribution.fr\/it\/wp-json\/wp\/v2\/media?parent=5186"}],"curies":[{"name":"wp","href":"https:\/\/api.w.org\/{rel}","templated":true}]}}