{"id":5270,"date":"2019-04-25T12:10:45","date_gmt":"2019-04-25T12:10:45","guid":{"rendered":"https:\/\/fgti-distribution.fr\/?page_id=5270"},"modified":"2024-04-30T07:56:02","modified_gmt":"2024-04-30T07:56:02","slug":"pistoni-di-dosaggio","status":"publish","type":"page","link":"https:\/\/fgti-distribution.fr\/it\/joints-etancheite-idg\/gamme-specifique-industrie-alimentaire\/pistons-de-dosage\/","title":{"rendered":"Pistoni di dosaggio"},"content":{"rendered":"<section id=\"bt_bb_section69d0240522500\" class=\"bt_bb_section bt_bb_layout_boxed_1200\"  data-bt-override-class=\"null\"><div class=\"bt_bb_port\"><div class=\"bt_bb_cell\"><div class=\"bt_bb_cell_inner\"><div class=\"bt_bb_row\"  data-bt-override-class=\"{}\"><div class=\"bt_bb_row_holder\" ><div  class=\"bt_bb_column col-xxl-12 col-xl-12 col-xs-12 col-sm-12 col-md-12 col-lg-12 bt_bb_vertical_align_top bt_bb_align_left bt_bb_padding_normal\" style=\"; --column-width:12;\" data-width=\"12\" data-bt-override-class=\"{}\"><div class=\"bt_bb_column_content\"><div class=\"bt_bb_column_content_inner\"><div class=\"bt_bb_raw_content\"><table>\n\t<tbody><tr>\n\t\t<td style=\"width: 90%; color: #BABABA; font-size: 12px; border: 0 none;\">\n\t\t\tFGTI-Distribuzione &gt; Guarnizioni &gt; Catalogo &gt; Gamma specifica per l'industria alimentare &gt; Pistoni dosatori\n\t\t<\/td>\n\t\t<td style=\"text-align: right; padding: 0; border: 0 none;\">\n\t\t\t<a href=\"https:\/\/fgti-distribution.fr\/fiches_techniques\/IDG-FGTI-Piston-de-dosage.pdf\" target=\"_blank\" rel=\"noopener\">\n\t\t\t\t<img decoding=\"async\" src=\"https:\/\/fgti-distribution.fr\/wp-content\/themes\/twentyeleven\/images\/pdficon_large.png\">\n\t\t\t<\/a>\n\t\t<\/td>\n\t<\/tr>\n<\/tbody><\/table>\n<br><br>\n<h1>Pistone di dosaggio AS MANOY\u00ae con sistema di tenuta integrato<\/h1>\n\nGrazie alla sua parete esterna liscia e chiusa, il pistone dosatore MANOY\u00ae AS soddisfa i criteri di igiene.\n<br>\nAppositamente progettato e adattato per un'ampia variet\u00e0 di applicazioni nell'industria alimentare, il pistone dosatore MANOY\u00ae AS ha dimostrato la sua efficacia per diversi decenni.\n<br>\nPoich\u00e9 il suo principio di funzionamento non \u00e8 legato a una forma specifica, il pistone pu\u00f2 essere adattato a ciascun cliente in base alle specificit\u00e0 di ogni dosatore.\n<br>\n\n<img loading=\"lazy\" decoding=\"async\" src=\"https:\/\/fgti-distribution.fr\/wp-content\/uploads\/2019\/05\/piston-de-dosage.jpg\" width=\"374\" height=\"200\" srcset=\"https:\/\/fgti-distribution.fr\/wp-content\/uploads\/2019\/05\/piston-de-dosage.jpg 374w, https:\/\/fgti-distribution.fr\/wp-content\/uploads\/2019\/05\/piston-de-dosage-144x77.jpg 144w\" sizes=\"auto, (max-width: 374px) 100vw, 374px\" alt=\"Pistone dosatore\" class=\"so-widget-image\">\n\t\n<span style=\"font-weight: bold; line-height: 35px;\">Applicazioni e caratteristiche<\/span><br>\n<ul style=\"padding-left: 30px;\">\n<li class=\"tiret\">Pistone dosatore per prodotti alimentari liquidi e pastosi<\/li>\n<li class=\"tiret\">T<\/li>\n<li class=\"tiret\">La sigillatura integrata consente una superficie completamente liscia e chiusa<\/li>\n<li class=\"tiret\">Ampia gamma di prodotti e temperature<\/li>\n<li class=\"tiret\">Il materiale a base di PTFE per SIP (sterilizzazione in luogo) non \u00e8 adatto per il dosaggio di prodotti molto abrasivi<\/li>\n<li class=\"tiret\">Il materiale H13 per CIP (Cleaning In Place), elevata resistenza all'abrasione ma limite di temperatura a 80\u00b0C<\/li>\n<li class=\"tiret\">Basso attrito per tutti i materiali<\/li>\n<li class=\"tiret\">Gamma di diametri da 12 mm a 70 mm (diametri maggiori su richiesta)<\/li>\n<\/ul>\n<br>\n<span style=\"font-weight: bold; line-height: 35px;\">Design dell'alloggiamento adatto alla pulizia automatizzata<\/span><br>\nPer il ciclo di lavaggio CIP (Cleaning In Place) o sterilizzazione SIP (Sterilization In Place), introdurre lo stantuffo dosatore MANOY\u00ae AS nella sua camera di pulizia. Quest'ultima deve essere dimensionata per consentire allo stantuffo dosatore MANOY\u00ae AS di espandersi senza essere precaricato durante le salite di temperatura del ciclo di pulizia (+80 \u00b0C in caso di CIP e +140 \u00b0C in caso di SIP). Dopo la pulizia, reinserire lo stantuffo dosatore MANOY\u00ae AS nella camera di dosaggio a una temperatura prossima a quella di funzionamento (circa +20 \u00b0C). Non superare i +80 \u00b0C.\n<br \/><br \/>\nPer un buon rientro nella camera \u00e8 indispensabile uno smusso d'ingresso di 10\u00b0 al massimo, arrotondando tutti gli angoli. <br \/>\nIl rispetto di queste precauzioni durante la pulizia garantir\u00e0 il funzionamento e la durata del pistone.\n\n\n<\/div><\/div><\/div><\/div><\/div><\/div><\/div><!-- cell_inner --><\/div><!-- cell --><\/div><!-- port --><\/section>","protected":false},"excerpt":{"rendered":"","protected":false},"author":1,"featured_media":0,"parent":5268,"menu_order":0,"comment_status":"closed","ping_status":"closed","template":"","meta":{"footnotes":""},"class_list":["post-5270","page","type-page","status-publish","hentry"],"yoast_head":"<!-- This site is optimized with the Yoast SEO plugin v27.3 - https:\/\/yoast.com\/product\/yoast-seo-wordpress\/ -->\n<title>FGTI Distribution- Piston de dosage \u00e0 syst\u00e8me d\u2019\u00e9tanch\u00e9it\u00e9 int\u00e9gr\u00e9e<\/title>\n<meta name=\"description\" content=\"Sp\u00e9cialement con\u00e7u et adapt\u00e9 \u00e0 une grande vari\u00e9t\u00e9 d&#039;applications, le piston de dosage MANOY AS a fait ses preuves ! N&#039;h\u00e9sitez pas \u00e0 nous consulter.\" \/>\n<meta name=\"robots\" content=\"index, follow, max-snippet:-1, max-image-preview:large, max-video-preview:-1\" \/>\n<link rel=\"canonical\" href=\"https:\/\/fgti-distribution.fr\/it\/guarnizioni-idrauliche\/gamma-specifica-per-lindustria-alimentare\/pistoni-di-dosaggio\/\" \/>\n<meta property=\"og:locale\" content=\"it_IT\" \/>\n<meta property=\"og:type\" content=\"article\" \/>\n<meta property=\"og:title\" content=\"FGTI Distribution- Piston de dosage \u00e0 syst\u00e8me d\u2019\u00e9tanch\u00e9it\u00e9 int\u00e9gr\u00e9e\" \/>\n<meta property=\"og:description\" content=\"Sp\u00e9cialement con\u00e7u et adapt\u00e9 \u00e0 une grande vari\u00e9t\u00e9 d&#039;applications, le piston de dosage MANOY AS a fait ses preuves ! N&#039;h\u00e9sitez pas \u00e0 nous consulter.\" \/>\n<meta property=\"og:url\" content=\"https:\/\/fgti-distribution.fr\/it\/guarnizioni-idrauliche\/gamma-specifica-per-lindustria-alimentare\/pistoni-di-dosaggio\/\" \/>\n<meta property=\"og:site_name\" content=\"FGTI Distribution\" \/>\n<meta property=\"article:modified_time\" content=\"2024-04-30T07:56:02+00:00\" \/>\n<meta name=\"twitter:card\" content=\"summary_large_image\" \/>\n<meta name=\"twitter:label1\" content=\"Est. reading time\" \/>\n\t<meta name=\"twitter:data1\" content=\"1 minuto\" \/>\n<script type=\"application\/ld+json\" class=\"yoast-schema-graph\">{\"@context\":\"https:\\\/\\\/schema.org\",\"@graph\":[{\"@type\":\"WebPage\",\"@id\":\"https:\\\/\\\/fgti-distribution.fr\\\/joints-etancheite-idg\\\/gamme-specifique-industrie-alimentaire\\\/pistons-de-dosage\\\/\",\"url\":\"https:\\\/\\\/fgti-distribution.fr\\\/joints-etancheite-idg\\\/gamme-specifique-industrie-alimentaire\\\/pistons-de-dosage\\\/\",\"name\":\"FGTI Distribution- Piston de dosage \u00e0 syst\u00e8me d\u2019\u00e9tanch\u00e9it\u00e9 int\u00e9gr\u00e9e\",\"isPartOf\":{\"@id\":\"https:\\\/\\\/fgti-distribution.fr\\\/#website\"},\"datePublished\":\"2019-04-25T12:10:45+00:00\",\"dateModified\":\"2024-04-30T07:56:02+00:00\",\"description\":\"Sp\u00e9cialement con\u00e7u et adapt\u00e9 \u00e0 une grande vari\u00e9t\u00e9 d'applications, le piston de dosage MANOY AS a fait ses preuves ! N'h\u00e9sitez pas \u00e0 nous consulter.\",\"breadcrumb\":{\"@id\":\"https:\\\/\\\/fgti-distribution.fr\\\/joints-etancheite-idg\\\/gamme-specifique-industrie-alimentaire\\\/pistons-de-dosage\\\/#breadcrumb\"},\"inLanguage\":\"it-IT\",\"potentialAction\":[{\"@type\":\"ReadAction\",\"target\":[\"https:\\\/\\\/fgti-distribution.fr\\\/joints-etancheite-idg\\\/gamme-specifique-industrie-alimentaire\\\/pistons-de-dosage\\\/\"]}]},{\"@type\":\"BreadcrumbList\",\"@id\":\"https:\\\/\\\/fgti-distribution.fr\\\/joints-etancheite-idg\\\/gamme-specifique-industrie-alimentaire\\\/pistons-de-dosage\\\/#breadcrumb\",\"itemListElement\":[{\"@type\":\"ListItem\",\"position\":1,\"name\":\"Home\",\"item\":\"https:\\\/\\\/fgti-distribution.fr\\\/\"},{\"@type\":\"ListItem\",\"position\":2,\"name\":\"Joints d&rsquo;\u00e9tanch\u00e9it\u00e9 IDG\",\"item\":\"https:\\\/\\\/fgti-distribution.fr\\\/joints-etancheite-idg\\\/\"},{\"@type\":\"ListItem\",\"position\":3,\"name\":\"Gamme sp\u00e9cifique pour l\u2019industrie alimentaire\",\"item\":\"https:\\\/\\\/fgti-distribution.fr\\\/joints-etancheite-idg\\\/gamme-specifique-industrie-alimentaire\\\/\"},{\"@type\":\"ListItem\",\"position\":4,\"name\":\"Pistons de dosage\"}]},{\"@type\":\"WebSite\",\"@id\":\"https:\\\/\\\/fgti-distribution.fr\\\/#website\",\"url\":\"https:\\\/\\\/fgti-distribution.fr\\\/\",\"name\":\"FGTI Distribution\",\"description\":\"Pi\u00e8ces techniques et services \u00e0 forte valeur ajout\u00e9e\",\"publisher\":{\"@id\":\"https:\\\/\\\/fgti-distribution.fr\\\/#organization\"},\"alternateName\":\"FGTI Distribution\",\"potentialAction\":[{\"@type\":\"SearchAction\",\"target\":{\"@type\":\"EntryPoint\",\"urlTemplate\":\"https:\\\/\\\/fgti-distribution.fr\\\/?s={search_term_string}\"},\"query-input\":{\"@type\":\"PropertyValueSpecification\",\"valueRequired\":true,\"valueName\":\"search_term_string\"}}],\"inLanguage\":\"it-IT\"},{\"@type\":\"Organization\",\"@id\":\"https:\\\/\\\/fgti-distribution.fr\\\/#organization\",\"name\":\"FGTI Distribution\",\"alternateName\":\"FGTI Distribution\",\"url\":\"https:\\\/\\\/fgti-distribution.fr\\\/\",\"logo\":{\"@type\":\"ImageObject\",\"inLanguage\":\"it-IT\",\"@id\":\"https:\\\/\\\/fgti-distribution.fr\\\/#\\\/schema\\\/logo\\\/image\\\/\",\"url\":\"https:\\\/\\\/fgti-distribution.fr\\\/wp-content\\\/uploads\\\/2022\\\/12\\\/logo.png\",\"contentUrl\":\"https:\\\/\\\/fgti-distribution.fr\\\/wp-content\\\/uploads\\\/2022\\\/12\\\/logo.png\",\"width\":500,\"height\":228,\"caption\":\"FGTI Distribution\"},\"image\":{\"@id\":\"https:\\\/\\\/fgti-distribution.fr\\\/#\\\/schema\\\/logo\\\/image\\\/\"},\"sameAs\":[\"https:\\\/\\\/www.linkedin.com\\\/company\\\/fgti-distribution\\\/\"]}]}<\/script>\n<!-- \/ Yoast SEO plugin. -->","yoast_head_json":{"title":"FGTI Distribution - Pistone dosatore con sistema di tenuta integrato","description":"Appositamente progettato e adattato a un'ampia gamma di applicazioni, il pistone dosatore MANOY AS ha fatto le sue prove! Non esitate a contattarci.","robots":{"index":"index","follow":"follow","max-snippet":"max-snippet:-1","max-image-preview":"max-image-preview:large","max-video-preview":"max-video-preview:-1"},"canonical":"https:\/\/fgti-distribution.fr\/it\/guarnizioni-idrauliche\/gamma-specifica-per-lindustria-alimentare\/pistoni-di-dosaggio\/","og_locale":"it_IT","og_type":"article","og_title":"FGTI Distribution- Piston de dosage \u00e0 syst\u00e8me d\u2019\u00e9tanch\u00e9it\u00e9 int\u00e9gr\u00e9e","og_description":"Sp\u00e9cialement con\u00e7u et adapt\u00e9 \u00e0 une grande vari\u00e9t\u00e9 d'applications, le piston de dosage MANOY AS a fait ses preuves ! N'h\u00e9sitez pas \u00e0 nous consulter.","og_url":"https:\/\/fgti-distribution.fr\/it\/guarnizioni-idrauliche\/gamma-specifica-per-lindustria-alimentare\/pistoni-di-dosaggio\/","og_site_name":"FGTI Distribution","article_modified_time":"2024-04-30T07:56:02+00:00","twitter_card":"summary_large_image","twitter_misc":{"Est. reading time":"1 minuto"},"schema":{"@context":"https:\/\/schema.org","@graph":[{"@type":"WebPage","@id":"https:\/\/fgti-distribution.fr\/joints-etancheite-idg\/gamme-specifique-industrie-alimentaire\/pistons-de-dosage\/","url":"https:\/\/fgti-distribution.fr\/joints-etancheite-idg\/gamme-specifique-industrie-alimentaire\/pistons-de-dosage\/","name":"FGTI Distribution - Pistone dosatore con sistema di tenuta integrato","isPartOf":{"@id":"https:\/\/fgti-distribution.fr\/#website"},"datePublished":"2019-04-25T12:10:45+00:00","dateModified":"2024-04-30T07:56:02+00:00","description":"Appositamente progettato e adattato a un'ampia gamma di applicazioni, il pistone dosatore MANOY AS ha fatto le sue prove! Non esitate a contattarci.","breadcrumb":{"@id":"https:\/\/fgti-distribution.fr\/joints-etancheite-idg\/gamme-specifique-industrie-alimentaire\/pistons-de-dosage\/#breadcrumb"},"inLanguage":"it-IT","potentialAction":[{"@type":"ReadAction","target":["https:\/\/fgti-distribution.fr\/joints-etancheite-idg\/gamme-specifique-industrie-alimentaire\/pistons-de-dosage\/"]}]},{"@type":"BreadcrumbList","@id":"https:\/\/fgti-distribution.fr\/joints-etancheite-idg\/gamme-specifique-industrie-alimentaire\/pistons-de-dosage\/#breadcrumb","itemListElement":[{"@type":"ListItem","position":1,"name":"Home","item":"https:\/\/fgti-distribution.fr\/"},{"@type":"ListItem","position":2,"name":"Joints d&rsquo;\u00e9tanch\u00e9it\u00e9 IDG","item":"https:\/\/fgti-distribution.fr\/joints-etancheite-idg\/"},{"@type":"ListItem","position":3,"name":"Gamme sp\u00e9cifique pour l\u2019industrie alimentaire","item":"https:\/\/fgti-distribution.fr\/joints-etancheite-idg\/gamme-specifique-industrie-alimentaire\/"},{"@type":"ListItem","position":4,"name":"Pistons de dosage"}]},{"@type":"WebSite","@id":"https:\/\/fgti-distribution.fr\/#website","url":"https:\/\/fgti-distribution.fr\/","name":"Distribuzione FGTI","description":"Parti tecniche e servizi ad alto valore aggiunto","publisher":{"@id":"https:\/\/fgti-distribution.fr\/#organization"},"alternateName":"FGTI Distribution","potentialAction":[{"@type":"SearchAction","target":{"@type":"EntryPoint","urlTemplate":"https:\/\/fgti-distribution.fr\/?s={search_term_string}"},"query-input":{"@type":"PropertyValueSpecification","valueRequired":true,"valueName":"search_term_string"}}],"inLanguage":"it-IT"},{"@type":"Organization","@id":"https:\/\/fgti-distribution.fr\/#organization","name":"Distribuzione FGTI","alternateName":"FGTI Distribution","url":"https:\/\/fgti-distribution.fr\/","logo":{"@type":"ImageObject","inLanguage":"it-IT","@id":"https:\/\/fgti-distribution.fr\/#\/schema\/logo\/image\/","url":"https:\/\/fgti-distribution.fr\/wp-content\/uploads\/2022\/12\/logo.png","contentUrl":"https:\/\/fgti-distribution.fr\/wp-content\/uploads\/2022\/12\/logo.png","width":500,"height":228,"caption":"FGTI Distribution"},"image":{"@id":"https:\/\/fgti-distribution.fr\/#\/schema\/logo\/image\/"},"sameAs":["https:\/\/www.linkedin.com\/company\/fgti-distribution\/"]}]}},"_links":{"self":[{"href":"https:\/\/fgti-distribution.fr\/it\/wp-json\/wp\/v2\/pages\/5270","targetHints":{"allow":["GET"]}}],"collection":[{"href":"https:\/\/fgti-distribution.fr\/it\/wp-json\/wp\/v2\/pages"}],"about":[{"href":"https:\/\/fgti-distribution.fr\/it\/wp-json\/wp\/v2\/types\/page"}],"author":[{"embeddable":true,"href":"https:\/\/fgti-distribution.fr\/it\/wp-json\/wp\/v2\/users\/1"}],"replies":[{"embeddable":true,"href":"https:\/\/fgti-distribution.fr\/it\/wp-json\/wp\/v2\/comments?post=5270"}],"version-history":[{"count":33,"href":"https:\/\/fgti-distribution.fr\/it\/wp-json\/wp\/v2\/pages\/5270\/revisions"}],"predecessor-version":[{"id":9439,"href":"https:\/\/fgti-distribution.fr\/it\/wp-json\/wp\/v2\/pages\/5270\/revisions\/9439"}],"up":[{"embeddable":true,"href":"https:\/\/fgti-distribution.fr\/it\/wp-json\/wp\/v2\/pages\/5268"}],"wp:attachment":[{"href":"https:\/\/fgti-distribution.fr\/it\/wp-json\/wp\/v2\/media?parent=5270"}],"curies":[{"name":"wp","href":"https:\/\/api.w.org\/{rel}","templated":true}]}}