{"id":5353,"date":"2019-04-25T14:19:59","date_gmt":"2019-04-25T14:19:59","guid":{"rendered":"https:\/\/fgti-distribution.fr\/?page_id=5353"},"modified":"2026-04-10T12:15:09","modified_gmt":"2026-04-10T12:15:09","slug":"tenuta-assiale","status":"publish","type":"page","link":"https:\/\/fgti-distribution.fr\/it\/joints-etancheite-idg\/gamme-specifique-industrie-alimentaire\/joint-axial\/","title":{"rendered":"Assiale congiunto"},"content":{"rendered":"<section id=\"bt_bb_section69f27bfcd6b89\" class=\"bt_bb_section bt_bb_layout_boxed_1200\"  data-bt-override-class=\"null\"><div class=\"bt_bb_port\"><div class=\"bt_bb_cell\"><div class=\"bt_bb_cell_inner\"><div class=\"bt_bb_row\"  data-bt-override-class=\"{}\"><div class=\"bt_bb_row_holder\" ><div  class=\"bt_bb_column col-xxl-12 col-xl-12 col-xs-12 col-sm-12 col-md-12 col-lg-12 bt_bb_vertical_align_top bt_bb_align_left bt_bb_padding_normal\" style=\"; --column-width:12;\" data-width=\"12\" data-bt-override-class=\"{}\"><div class=\"bt_bb_column_content\"><div class=\"bt_bb_column_content_inner\"><div class=\"bt_bb_raw_content\"><table>\n\t<tbody><tr>\n\t\t<td style=\"width: 90%; color: #BABABA; font-size: 12px; border: 0 none;\">\n\t\t\tFGTI-Distribution &gt; Guarnizioni di tenuta &gt; Catalogo &gt; Serie specifica per l'industria alimentare &gt; Guarnizioni assiali\n\t\t<\/td>\n\t\t<td style=\"text-align: right; padding: 0; border: 0 none;\">\n\t\t\t<a href=\"https:\/\/fgti-distribution.fr\/fiches_techniques\/IDG-FGTI-Joint-axial.pdf\" target=\"_blank\" rel=\"noopener\">\n\t\t\t\t<img decoding=\"async\" src=\"https:\/\/fgti-distribution.fr\/wp-content\/img\/images\/pdficon_large.png\">\n\t\t\t<\/a>\n\t\t<\/td>\n\t<\/tr>\n<\/tbody><\/table>\n\n<h1>Guarnizione a labbro assiale MANOY\u00ae<\/h1>\nLe guarnizioni a labbro MANOY\u00ae garantiscono la tenuta assiale. Il problema ricorrente delle inclusioni di particelle nelle molle di precompressione aperte non si presenta in questo caso, poich\u00e9 la molla \u00e8 inserita nella guarnizione.\n<br><br>\nLa guarnizione a labbro del profilo 640 integra la molla in modo ermetico. La soluzione ideale per rispettare i criteri igienici.\n<br><br>\nGuarnizioni assiali MANOY\u00ae dei profili 640 e 643 accettano pulizie SIP\/CIP e WIP\/WOP.\n<br><br>\nSe si presenta il rischio di introduzione di prodotti dall'esterno nel vano, occorre privilegiare il profilo 643.\n<br><br>\n<strong>Profili:<\/strong><br>\n<br>\n<img loading=\"lazy\" decoding=\"async\" src=\"https:\/\/fgti-distribution.fr\/wp-content\/uploads\/2019\/04\/joint-axial-640.jpg\" srcset=\"https:\/\/fgti-distribution.fr\/wp-content\/uploads\/2019\/04\/joint-axial-640.jpg 300w, https:\/\/fgti-distribution.fr\/wp-content\/uploads\/2019\/04\/joint-axial-640-77x77.jpg 77w, https:\/\/fgti-distribution.fr\/wp-content\/uploads\/2019\/04\/joint-axial-640-230x230.jpg 230w\" sizes=\"auto, (max-width: 300px) 100vw, 300px\" alt=\"Tenuta assiale 640\" class=\"so-widget-image\" width=\"300\" height=\"300\">\n<br>\n<strong>Guarnizione assiale MANOY\u00ae Profilo 640<\/strong><br>\nGiunto assiale per rotazione<br>\nPer pressione semplice effetto \u2013 tenuta sul lato interno <br>\nPrecarico a molla elicoidale integrata<br>\nConcepito secondo le regole d'igiene<br>\nAdatto per bassa pressione e vuoto<br>\nVelocit\u00e0 max. 3 m\/s<br>\nintermittente max. 8 m\/s<br>\nPressione di esercizio fino a 3 MPa\n<br>\n\t\t<img decoding=\"async\" src=\"https:\/\/fgti-distribution.fr\/wp-content\/uploads\/2019\/04\/joint-axial-643.jpg\" srcset=\"https:\/\/fgti-distribution.fr\/wp-content\/uploads\/2019\/04\/joint-axial-643.jpg 300w, https:\/\/fgti-distribution.fr\/wp-content\/uploads\/2019\/04\/joint-axial-643-77x77.jpg 77w, https:\/\/fgti-distribution.fr\/wp-content\/uploads\/2019\/04\/joint-axial-643-230x230.jpg 230w\" sizes=\"auto, (max-width: 300px) 100vw, 300px\" alt=\"Tenuta assiale 643\" loading=\"lazy\" class=\"so-widget-image\" width=\"300\" height=\"300\">\n<br>\n<strong>Tenuta assiale MANOY\u00ae Profile 643<\/strong><br>\nGiunto assiale per rotazione<br>\nPer pressione semplice effetto \u2013 tenuta sul lato interno <br>\nPrecarico a molla elicoidale integrata ermeticamente.<br>\nOttimizzato secondo le regole dell'igiene<br>\nAdatto per bassa pressione e vuoto.<br>\nVelocit\u00e0 max. 3 m\/s<br>\nPressione di esercizio fino a 3 MPa\n<br>\n<span style=\"font-weight: bold; line-height: 35px;\">Applicazioni e caratteristiche<\/span>\n<ul style=\"padding-left: 30px;\">\n<li class=\"tiret\">Giunto posizionato frontalmente per movimenti rotatori e oscillatori<\/li>\n<li class=\"tiret\">Facile pulizia della superficie<\/li>\n<li class=\"tiret\">Utilizzo a basse e alte pressioni con bassa velocit\u00e0 di rotazione<\/li>\n<li class=\"tiret\">Precarico attivato dalla pressione<\/li>\n<li class=\"tiret\">Valori di attrito molto bassi<\/li>\n<li class=\"tiret\">Per i prodotti liquidi e gassosi<\/li>\n<li class=\"tiret\">Nessuna presa sulla superficie opposta in caso di sosta prolungata<\/li>\n<li class=\"tiret\">Possibilit\u00e0 di funzionamento a secco<\/li>\n<li class=\"tiret\">Da \u00d8 20 mm a 700 mm<\/li>\n<li class=\"tiret\">Non adatto per pressioni per pulsione a causa della gola aperta<\/li>\n<\/ul>\n<br>\n<br><\/div><\/div><\/div><\/div><\/div><\/div><\/div><!-- cell_inner --><\/div><!-- cell --><\/div><!-- port --><\/section>","protected":false},"excerpt":{"rendered":"","protected":false},"author":1,"featured_media":0,"parent":5268,"menu_order":0,"comment_status":"closed","ping_status":"closed","template":"","meta":{"footnotes":""},"class_list":["post-5353","page","type-page","status-publish","hentry"],"yoast_head":"<!-- This site is optimized with the Yoast SEO plugin v27.3 - https:\/\/yoast.com\/product\/yoast-seo-wordpress\/ -->\n<title>Etanch\u00e9it\u00e9 - Gamme sp\u00e9cifique pour l\u2019industrie alimentaire &gt; Joints axial<\/title>\n<meta name=\"description\" content=\"Etanch\u00e9it\u00e9 - Gamme sp\u00e9cifique pour l\u2019industrie alimentaire &gt; Joints axial : les joints \u00e0 l\u00e8vres MANOY\u00ae permettent l\u2019\u00e9tanch\u00e9it\u00e9 axiale.\" \/>\n<meta name=\"robots\" content=\"index, follow, max-snippet:-1, max-image-preview:large, max-video-preview:-1\" \/>\n<link rel=\"canonical\" href=\"https:\/\/fgti-distribution.fr\/it\/guarnizioni-idrauliche\/gamma-specifica-per-lindustria-alimentare\/tenuta-assiale\/\" \/>\n<meta property=\"og:locale\" content=\"it_IT\" \/>\n<meta property=\"og:type\" content=\"article\" \/>\n<meta property=\"og:title\" content=\"Etanch\u00e9it\u00e9 - Gamme sp\u00e9cifique pour l\u2019industrie alimentaire &gt; Joints axial\" \/>\n<meta property=\"og:description\" content=\"Etanch\u00e9it\u00e9 - Gamme sp\u00e9cifique pour l\u2019industrie alimentaire &gt; Joints axial : les joints \u00e0 l\u00e8vres MANOY\u00ae permettent l\u2019\u00e9tanch\u00e9it\u00e9 axiale.\" \/>\n<meta property=\"og:url\" content=\"https:\/\/fgti-distribution.fr\/it\/guarnizioni-idrauliche\/gamma-specifica-per-lindustria-alimentare\/tenuta-assiale\/\" \/>\n<meta property=\"og:site_name\" content=\"FGTI Distribution\" \/>\n<meta property=\"article:modified_time\" content=\"2026-04-10T12:15:09+00:00\" \/>\n<meta name=\"twitter:card\" content=\"summary_large_image\" \/>\n<meta name=\"twitter:label1\" content=\"Est. reading time\" \/>\n\t<meta name=\"twitter:data1\" content=\"3 minuti\" \/>\n<script type=\"application\/ld+json\" class=\"yoast-schema-graph\">{\"@context\":\"https:\\\/\\\/schema.org\",\"@graph\":[{\"@type\":\"WebPage\",\"@id\":\"https:\\\/\\\/fgti-distribution.fr\\\/joints-etancheite-idg\\\/gamme-specifique-industrie-alimentaire\\\/joint-axial\\\/\",\"url\":\"https:\\\/\\\/fgti-distribution.fr\\\/joints-etancheite-idg\\\/gamme-specifique-industrie-alimentaire\\\/joint-axial\\\/\",\"name\":\"Etanch\u00e9it\u00e9 - Gamme sp\u00e9cifique pour l\u2019industrie alimentaire > Joints axial\",\"isPartOf\":{\"@id\":\"https:\\\/\\\/fgti-distribution.fr\\\/#website\"},\"datePublished\":\"2019-04-25T14:19:59+00:00\",\"dateModified\":\"2026-04-10T12:15:09+00:00\",\"description\":\"Etanch\u00e9it\u00e9 - Gamme sp\u00e9cifique pour l\u2019industrie alimentaire > Joints axial : les joints \u00e0 l\u00e8vres MANOY\u00ae permettent l\u2019\u00e9tanch\u00e9it\u00e9 axiale.\",\"breadcrumb\":{\"@id\":\"https:\\\/\\\/fgti-distribution.fr\\\/joints-etancheite-idg\\\/gamme-specifique-industrie-alimentaire\\\/joint-axial\\\/#breadcrumb\"},\"inLanguage\":\"it-IT\",\"potentialAction\":[{\"@type\":\"ReadAction\",\"target\":[\"https:\\\/\\\/fgti-distribution.fr\\\/joints-etancheite-idg\\\/gamme-specifique-industrie-alimentaire\\\/joint-axial\\\/\"]}]},{\"@type\":\"BreadcrumbList\",\"@id\":\"https:\\\/\\\/fgti-distribution.fr\\\/joints-etancheite-idg\\\/gamme-specifique-industrie-alimentaire\\\/joint-axial\\\/#breadcrumb\",\"itemListElement\":[{\"@type\":\"ListItem\",\"position\":1,\"name\":\"Home\",\"item\":\"https:\\\/\\\/fgti-distribution.fr\\\/\"},{\"@type\":\"ListItem\",\"position\":2,\"name\":\"Joints d&rsquo;\u00e9tanch\u00e9it\u00e9 IDG\",\"item\":\"https:\\\/\\\/fgti-distribution.fr\\\/joints-etancheite-idg\\\/\"},{\"@type\":\"ListItem\",\"position\":3,\"name\":\"Gamme sp\u00e9cifique pour l\u2019industrie alimentaire\",\"item\":\"https:\\\/\\\/fgti-distribution.fr\\\/joints-etancheite-idg\\\/gamme-specifique-industrie-alimentaire\\\/\"},{\"@type\":\"ListItem\",\"position\":4,\"name\":\"Joint axial\"}]},{\"@type\":\"WebSite\",\"@id\":\"https:\\\/\\\/fgti-distribution.fr\\\/#website\",\"url\":\"https:\\\/\\\/fgti-distribution.fr\\\/\",\"name\":\"FGTI Distribution\",\"description\":\"Pi\u00e8ces techniques et services \u00e0 forte valeur ajout\u00e9e\",\"publisher\":{\"@id\":\"https:\\\/\\\/fgti-distribution.fr\\\/#organization\"},\"alternateName\":\"FGTI Distribution\",\"potentialAction\":[{\"@type\":\"SearchAction\",\"target\":{\"@type\":\"EntryPoint\",\"urlTemplate\":\"https:\\\/\\\/fgti-distribution.fr\\\/?s={search_term_string}\"},\"query-input\":{\"@type\":\"PropertyValueSpecification\",\"valueRequired\":true,\"valueName\":\"search_term_string\"}}],\"inLanguage\":\"it-IT\"},{\"@type\":\"Organization\",\"@id\":\"https:\\\/\\\/fgti-distribution.fr\\\/#organization\",\"name\":\"FGTI Distribution\",\"alternateName\":\"FGTI Distribution\",\"url\":\"https:\\\/\\\/fgti-distribution.fr\\\/\",\"logo\":{\"@type\":\"ImageObject\",\"inLanguage\":\"it-IT\",\"@id\":\"https:\\\/\\\/fgti-distribution.fr\\\/#\\\/schema\\\/logo\\\/image\\\/\",\"url\":\"https:\\\/\\\/fgti-distribution.fr\\\/wp-content\\\/uploads\\\/2022\\\/12\\\/logo.png\",\"contentUrl\":\"https:\\\/\\\/fgti-distribution.fr\\\/wp-content\\\/uploads\\\/2022\\\/12\\\/logo.png\",\"width\":500,\"height\":228,\"caption\":\"FGTI Distribution\"},\"image\":{\"@id\":\"https:\\\/\\\/fgti-distribution.fr\\\/#\\\/schema\\\/logo\\\/image\\\/\"},\"sameAs\":[\"https:\\\/\\\/www.linkedin.com\\\/company\\\/fgti-distribution\\\/\"]}]}<\/script>\n<!-- \/ Yoast SEO plugin. -->","yoast_head_json":{"title":"Tenute - Gamma specifica per l'industria alimentare &gt; Tenute assiali","description":"Tenuta - Gamma specifica per l'industria alimentare &gt; Guarnizioni assiali: le guarnizioni a labirinto MANOY\u00ae garantiscono la tenuta assiale.","robots":{"index":"index","follow":"follow","max-snippet":"max-snippet:-1","max-image-preview":"max-image-preview:large","max-video-preview":"max-video-preview:-1"},"canonical":"https:\/\/fgti-distribution.fr\/it\/guarnizioni-idrauliche\/gamma-specifica-per-lindustria-alimentare\/tenuta-assiale\/","og_locale":"it_IT","og_type":"article","og_title":"Etanch\u00e9it\u00e9 - Gamme sp\u00e9cifique pour l\u2019industrie alimentaire > Joints axial","og_description":"Etanch\u00e9it\u00e9 - Gamme sp\u00e9cifique pour l\u2019industrie alimentaire > Joints axial : les joints \u00e0 l\u00e8vres MANOY\u00ae permettent l\u2019\u00e9tanch\u00e9it\u00e9 axiale.","og_url":"https:\/\/fgti-distribution.fr\/it\/guarnizioni-idrauliche\/gamma-specifica-per-lindustria-alimentare\/tenuta-assiale\/","og_site_name":"FGTI Distribution","article_modified_time":"2026-04-10T12:15:09+00:00","twitter_card":"summary_large_image","twitter_misc":{"Est. reading time":"3 minuti"},"schema":{"@context":"https:\/\/schema.org","@graph":[{"@type":"WebPage","@id":"https:\/\/fgti-distribution.fr\/joints-etancheite-idg\/gamme-specifique-industrie-alimentaire\/joint-axial\/","url":"https:\/\/fgti-distribution.fr\/joints-etancheite-idg\/gamme-specifique-industrie-alimentaire\/joint-axial\/","name":"Tenute - Gamma specifica per l'industria alimentare &gt; Tenute assiali","isPartOf":{"@id":"https:\/\/fgti-distribution.fr\/#website"},"datePublished":"2019-04-25T14:19:59+00:00","dateModified":"2026-04-10T12:15:09+00:00","description":"Tenuta - Gamma specifica per l'industria alimentare &gt; Guarnizioni assiali: le guarnizioni a labirinto MANOY\u00ae garantiscono la tenuta assiale.","breadcrumb":{"@id":"https:\/\/fgti-distribution.fr\/joints-etancheite-idg\/gamme-specifique-industrie-alimentaire\/joint-axial\/#breadcrumb"},"inLanguage":"it-IT","potentialAction":[{"@type":"ReadAction","target":["https:\/\/fgti-distribution.fr\/joints-etancheite-idg\/gamme-specifique-industrie-alimentaire\/joint-axial\/"]}]},{"@type":"BreadcrumbList","@id":"https:\/\/fgti-distribution.fr\/joints-etancheite-idg\/gamme-specifique-industrie-alimentaire\/joint-axial\/#breadcrumb","itemListElement":[{"@type":"ListItem","position":1,"name":"Home","item":"https:\/\/fgti-distribution.fr\/"},{"@type":"ListItem","position":2,"name":"Joints d&rsquo;\u00e9tanch\u00e9it\u00e9 IDG","item":"https:\/\/fgti-distribution.fr\/joints-etancheite-idg\/"},{"@type":"ListItem","position":3,"name":"Gamme sp\u00e9cifique pour l\u2019industrie alimentaire","item":"https:\/\/fgti-distribution.fr\/joints-etancheite-idg\/gamme-specifique-industrie-alimentaire\/"},{"@type":"ListItem","position":4,"name":"Joint axial"}]},{"@type":"WebSite","@id":"https:\/\/fgti-distribution.fr\/#website","url":"https:\/\/fgti-distribution.fr\/","name":"Distribuzione FGTI","description":"Parti tecniche e servizi ad alto valore aggiunto","publisher":{"@id":"https:\/\/fgti-distribution.fr\/#organization"},"alternateName":"FGTI Distribution","potentialAction":[{"@type":"SearchAction","target":{"@type":"EntryPoint","urlTemplate":"https:\/\/fgti-distribution.fr\/?s={search_term_string}"},"query-input":{"@type":"PropertyValueSpecification","valueRequired":true,"valueName":"search_term_string"}}],"inLanguage":"it-IT"},{"@type":"Organization","@id":"https:\/\/fgti-distribution.fr\/#organization","name":"Distribuzione FGTI","alternateName":"FGTI Distribution","url":"https:\/\/fgti-distribution.fr\/","logo":{"@type":"ImageObject","inLanguage":"it-IT","@id":"https:\/\/fgti-distribution.fr\/#\/schema\/logo\/image\/","url":"https:\/\/fgti-distribution.fr\/wp-content\/uploads\/2022\/12\/logo.png","contentUrl":"https:\/\/fgti-distribution.fr\/wp-content\/uploads\/2022\/12\/logo.png","width":500,"height":228,"caption":"FGTI Distribution"},"image":{"@id":"https:\/\/fgti-distribution.fr\/#\/schema\/logo\/image\/"},"sameAs":["https:\/\/www.linkedin.com\/company\/fgti-distribution\/"]}]}},"_links":{"self":[{"href":"https:\/\/fgti-distribution.fr\/it\/wp-json\/wp\/v2\/pages\/5353","targetHints":{"allow":["GET"]}}],"collection":[{"href":"https:\/\/fgti-distribution.fr\/it\/wp-json\/wp\/v2\/pages"}],"about":[{"href":"https:\/\/fgti-distribution.fr\/it\/wp-json\/wp\/v2\/types\/page"}],"author":[{"embeddable":true,"href":"https:\/\/fgti-distribution.fr\/it\/wp-json\/wp\/v2\/users\/1"}],"replies":[{"embeddable":true,"href":"https:\/\/fgti-distribution.fr\/it\/wp-json\/wp\/v2\/comments?post=5353"}],"version-history":[{"count":19,"href":"https:\/\/fgti-distribution.fr\/it\/wp-json\/wp\/v2\/pages\/5353\/revisions"}],"predecessor-version":[{"id":10161,"href":"https:\/\/fgti-distribution.fr\/it\/wp-json\/wp\/v2\/pages\/5353\/revisions\/10161"}],"up":[{"embeddable":true,"href":"https:\/\/fgti-distribution.fr\/it\/wp-json\/wp\/v2\/pages\/5268"}],"wp:attachment":[{"href":"https:\/\/fgti-distribution.fr\/it\/wp-json\/wp\/v2\/media?parent=5353"}],"curies":[{"name":"wp","href":"https:\/\/api.w.org\/{rel}","templated":true}]}}