{"id":5371,"date":"2019-04-25T14:41:54","date_gmt":"2019-04-25T14:41:54","guid":{"rendered":"https:\/\/fgti-distribution.fr\/?page_id=5371"},"modified":"2023-07-05T12:23:41","modified_gmt":"2023-07-05T12:23:41","slug":"materie-rilevabili","status":"publish","type":"page","link":"https:\/\/fgti-distribution.fr\/it\/joints-etancheite-idg\/gamme-specifique-industrie-alimentaire\/matieres-detectables\/","title":{"rendered":"Materiali rilevabili"},"content":{"rendered":"<section id=\"bt_bb_section69d023fc01070\" class=\"bt_bb_section bt_bb_layout_boxed_1200\"  data-bt-override-class=\"null\"><div class=\"bt_bb_port\"><div class=\"bt_bb_cell\"><div class=\"bt_bb_cell_inner\"><div class=\"bt_bb_row\"  data-bt-override-class=\"{}\"><div class=\"bt_bb_row_holder\" ><div  class=\"bt_bb_column col-xxl-12 col-xl-12 col-xs-12 col-sm-12 col-md-12 col-lg-12 bt_bb_vertical_align_top bt_bb_align_left bt_bb_padding_normal\" style=\"; --column-width:12;\" data-width=\"12\" data-bt-override-class=\"{}\"><div class=\"bt_bb_column_content\"><div class=\"bt_bb_column_content_inner\"><div class=\"bt_bb_raw_content\"><div class=\"bt_bb_wrapper\"><div id=\"pl-5371\" class=\"panel-layout\"><div id=\"pg-5371-0\" class=\"panel-grid panel-no-style\"><div id=\"pgc-5371-0-0\" class=\"panel-grid-cell\"><div id=\"panel-5371-0-0-0\" class=\"widget_text so-panel widget widget_custom_html panel-first-child panel-last-child\" data-index=\"0\"><div class=\"textwidget custom-html-widget\"><div style=\"color: #BABABA; font-size: 12px; margin-bottom: 20px;\">FGTI-Distribution &gt; Guarnizioni di tenuta &gt; Catalogo &gt; Gamma specifica per l\u2019industria alimentare &gt; Materiali rilevabili<\/div>\n\n<iframe loading=\"lazy\" width=\"560\" height=\"315\" src=\"https:\/\/www.youtube.com\/embed\/8TL5wcRufsg\" frameborder=\"0\" allow=\"accelerometer; autoplay; encrypted-media; gyroscope; picture-in-picture\" allowfullscreen=\"\"><\/iframe>\n\n<br><br><br><\/div><\/div><\/div><\/div><div id=\"pg-5371-1\" class=\"panel-grid panel-no-style\"><div id=\"pgc-5371-1-0\" class=\"panel-grid-cell\"><div id=\"panel-5371-1-0-0\" class=\"widget_text so-panel widget widget_custom_html panel-first-child panel-last-child\" data-index=\"1\"><div class=\"textwidget custom-html-widget\"><h1>Materiale migliorato ManoyDetect<\/h1>\nL'additivo di rilevazione pu\u00f2 essere combinato con tutti gli elementi di tenuta in elastomero o sintetici, ma anche con materiali compositi (elastomero + sintetico o metallo).<br>\n<\/div><\/div><\/div><div id=\"pgc-5371-1-1\" class=\"panel-grid-cell panel-grid-cell-mobile-last\"><div id=\"panel-5371-1-1-0\" class=\"so-panel widget widget_sow-image panel-first-child panel-last-child\" data-index=\"2\"><div class=\"so-widget-sow-image so-widget-sow-image-default-d6014b76747a-5371\">\n\n<div class=\"sow-image-container\">\n\t\t<img loading=\"lazy\" decoding=\"async\" src=\"https:\/\/fgti-distribution.fr\/wp-content\/uploads\/2019\/05\/Etancheite-matieres-composites.jpg\" width=\"320\" height=\"288\" srcset=\"https:\/\/fgti-distribution.fr\/wp-content\/uploads\/2019\/05\/Etancheite-matieres-composites.jpg 320w, https:\/\/fgti-distribution.fr\/wp-content\/uploads\/2019\/05\/Etancheite-matieres-composites-86x77.jpg 86w\" sizes=\"auto, (max-width: 320px) 100vw, 320px\" alt=\"Impermeabilizzazione materiali compositi\" class=\"so-widget-image\">\n\t<\/div>\n\n<\/div><\/div><\/div><div id=\"pgc-5371-1-2\" class=\"panel-grid-cell panel-grid-cell-empty\"><\/div><\/div><div id=\"pg-5371-2\" class=\"panel-grid panel-no-style\"><div id=\"pgc-5371-2-0\" class=\"panel-grid-cell\"><div id=\"panel-5371-2-0-0\" class=\"widget_text so-panel widget widget_custom_html panel-first-child panel-last-child\" data-index=\"3\"><div class=\"textwidget custom-html-widget\"><strong>Particelle molto piccole di materia rilevabile<\/strong>\n<br><br>\nLe reazioni meccaniche, chimiche e\/o termiche nella produzione comportano un rischio di migrazione di particelle dal materiale delle guarnizioni.\n<br><br>\nPer evitare la conseguente contaminazione degli alimenti, i giunti \"sensibili\" devono essere realizzati nella versione ManoyDetect\u00ae.\n<br><br>\nI rivelatori standard possono rilevare particelle di materiali ManoyDetect\u00ae da una lunghezza di circa 2 mm.  I risultati finali dipendono dalla sensibilit\u00e0 dei rivelatori e dalle condizioni di utilizzo.\n<br><br>\nA seconda dei materiali di supporto utilizzati, la gamma ManoyDetect\u00ae soddisfa i requisiti della FDA, dello standard sanitario 3A o dell'UE 1935\/2004.\n<br><br><\/div><\/div><\/div><\/div><\/div><\/div><\/div><\/div><\/div><\/div><\/div><\/div><\/div><!-- cell_inner --><\/div><!-- cell --><\/div><!-- port --><\/section>","protected":false},"excerpt":{"rendered":"","protected":false},"author":1,"featured_media":0,"parent":5268,"menu_order":0,"comment_status":"closed","ping_status":"closed","template":"","meta":{"footnotes":""},"class_list":["post-5371","page","type-page","status-publish","hentry"],"yoast_head":"<!-- This site is optimized with the Yoast SEO plugin v27.3 - https:\/\/yoast.com\/product\/yoast-seo-wordpress\/ -->\n<title>Etanch\u00e9it\u00e9 des mati\u00e8res composites - ManoyDetect - FGTI Distribution<\/title>\n<meta name=\"description\" content=\"D\u00e9couvrez les mati\u00e8res am\u00e9lior\u00e9es ManoyDetect\u00ae : en fonction des mati\u00e8res de support utilis\u00e9es, la gamme ManoyDetect\u00ae r\u00e9pond \u00e0 toutes les exigences !\" \/>\n<meta name=\"robots\" content=\"index, follow, max-snippet:-1, max-image-preview:large, max-video-preview:-1\" \/>\n<link rel=\"canonical\" href=\"https:\/\/fgti-distribution.fr\/it\/guarnizioni-idrauliche\/gamma-specifica-per-lindustria-alimentare\/materie-rilevabili\/\" \/>\n<meta property=\"og:locale\" content=\"it_IT\" \/>\n<meta property=\"og:type\" content=\"article\" \/>\n<meta property=\"og:title\" content=\"Etanch\u00e9it\u00e9 des mati\u00e8res composites - ManoyDetect - FGTI Distribution\" \/>\n<meta property=\"og:description\" content=\"D\u00e9couvrez les mati\u00e8res am\u00e9lior\u00e9es ManoyDetect\u00ae : en fonction des mati\u00e8res de support utilis\u00e9es, la gamme ManoyDetect\u00ae r\u00e9pond \u00e0 toutes les exigences !\" \/>\n<meta property=\"og:url\" content=\"https:\/\/fgti-distribution.fr\/it\/guarnizioni-idrauliche\/gamma-specifica-per-lindustria-alimentare\/materie-rilevabili\/\" \/>\n<meta property=\"og:site_name\" content=\"FGTI Distribution\" \/>\n<meta property=\"article:modified_time\" content=\"2023-07-05T12:23:41+00:00\" \/>\n<meta name=\"twitter:card\" content=\"summary_large_image\" \/>\n<meta name=\"twitter:label1\" content=\"Est. reading time\" \/>\n\t<meta name=\"twitter:data1\" content=\"1 minuto\" \/>\n<script type=\"application\/ld+json\" class=\"yoast-schema-graph\">{\"@context\":\"https:\\\/\\\/schema.org\",\"@graph\":[{\"@type\":\"WebPage\",\"@id\":\"https:\\\/\\\/fgti-distribution.fr\\\/joints-etancheite-idg\\\/gamme-specifique-industrie-alimentaire\\\/matieres-detectables\\\/\",\"url\":\"https:\\\/\\\/fgti-distribution.fr\\\/joints-etancheite-idg\\\/gamme-specifique-industrie-alimentaire\\\/matieres-detectables\\\/\",\"name\":\"Etanch\u00e9it\u00e9 des mati\u00e8res composites - ManoyDetect - FGTI Distribution\",\"isPartOf\":{\"@id\":\"https:\\\/\\\/fgti-distribution.fr\\\/#website\"},\"datePublished\":\"2019-04-25T14:41:54+00:00\",\"dateModified\":\"2023-07-05T12:23:41+00:00\",\"description\":\"D\u00e9couvrez les mati\u00e8res am\u00e9lior\u00e9es ManoyDetect\u00ae : en fonction des mati\u00e8res de support utilis\u00e9es, la gamme ManoyDetect\u00ae r\u00e9pond \u00e0 toutes les exigences !\",\"breadcrumb\":{\"@id\":\"https:\\\/\\\/fgti-distribution.fr\\\/joints-etancheite-idg\\\/gamme-specifique-industrie-alimentaire\\\/matieres-detectables\\\/#breadcrumb\"},\"inLanguage\":\"it-IT\",\"potentialAction\":[{\"@type\":\"ReadAction\",\"target\":[\"https:\\\/\\\/fgti-distribution.fr\\\/joints-etancheite-idg\\\/gamme-specifique-industrie-alimentaire\\\/matieres-detectables\\\/\"]}]},{\"@type\":\"BreadcrumbList\",\"@id\":\"https:\\\/\\\/fgti-distribution.fr\\\/joints-etancheite-idg\\\/gamme-specifique-industrie-alimentaire\\\/matieres-detectables\\\/#breadcrumb\",\"itemListElement\":[{\"@type\":\"ListItem\",\"position\":1,\"name\":\"Home\",\"item\":\"https:\\\/\\\/fgti-distribution.fr\\\/\"},{\"@type\":\"ListItem\",\"position\":2,\"name\":\"Joints d&rsquo;\u00e9tanch\u00e9it\u00e9 IDG\",\"item\":\"https:\\\/\\\/fgti-distribution.fr\\\/joints-etancheite-idg\\\/\"},{\"@type\":\"ListItem\",\"position\":3,\"name\":\"Gamme sp\u00e9cifique pour l\u2019industrie alimentaire\",\"item\":\"https:\\\/\\\/fgti-distribution.fr\\\/joints-etancheite-idg\\\/gamme-specifique-industrie-alimentaire\\\/\"},{\"@type\":\"ListItem\",\"position\":4,\"name\":\"Mati\u00e8res d\u00e9tectables\"}]},{\"@type\":\"WebSite\",\"@id\":\"https:\\\/\\\/fgti-distribution.fr\\\/#website\",\"url\":\"https:\\\/\\\/fgti-distribution.fr\\\/\",\"name\":\"FGTI Distribution\",\"description\":\"Pi\u00e8ces techniques et services \u00e0 forte valeur ajout\u00e9e\",\"publisher\":{\"@id\":\"https:\\\/\\\/fgti-distribution.fr\\\/#organization\"},\"alternateName\":\"FGTI Distribution\",\"potentialAction\":[{\"@type\":\"SearchAction\",\"target\":{\"@type\":\"EntryPoint\",\"urlTemplate\":\"https:\\\/\\\/fgti-distribution.fr\\\/?s={search_term_string}\"},\"query-input\":{\"@type\":\"PropertyValueSpecification\",\"valueRequired\":true,\"valueName\":\"search_term_string\"}}],\"inLanguage\":\"it-IT\"},{\"@type\":\"Organization\",\"@id\":\"https:\\\/\\\/fgti-distribution.fr\\\/#organization\",\"name\":\"FGTI Distribution\",\"alternateName\":\"FGTI Distribution\",\"url\":\"https:\\\/\\\/fgti-distribution.fr\\\/\",\"logo\":{\"@type\":\"ImageObject\",\"inLanguage\":\"it-IT\",\"@id\":\"https:\\\/\\\/fgti-distribution.fr\\\/#\\\/schema\\\/logo\\\/image\\\/\",\"url\":\"https:\\\/\\\/fgti-distribution.fr\\\/wp-content\\\/uploads\\\/2022\\\/12\\\/logo.png\",\"contentUrl\":\"https:\\\/\\\/fgti-distribution.fr\\\/wp-content\\\/uploads\\\/2022\\\/12\\\/logo.png\",\"width\":500,\"height\":228,\"caption\":\"FGTI Distribution\"},\"image\":{\"@id\":\"https:\\\/\\\/fgti-distribution.fr\\\/#\\\/schema\\\/logo\\\/image\\\/\"},\"sameAs\":[\"https:\\\/\\\/www.linkedin.com\\\/company\\\/fgti-distribution\\\/\"]}]}<\/script>\n<!-- \/ Yoast SEO plugin. -->","yoast_head_json":{"title":"Sigillatura di materiali compositi - ManoyDetect - FGTI Distribuzione","description":"Scoprite i materiali potenziati ManoyDetect\u00ae: a seconda dei materiali di supporto utilizzati, la gamma ManoyDetect\u00ae soddisfa tutti i requisiti!","robots":{"index":"index","follow":"follow","max-snippet":"max-snippet:-1","max-image-preview":"max-image-preview:large","max-video-preview":"max-video-preview:-1"},"canonical":"https:\/\/fgti-distribution.fr\/it\/guarnizioni-idrauliche\/gamma-specifica-per-lindustria-alimentare\/materie-rilevabili\/","og_locale":"it_IT","og_type":"article","og_title":"Etanch\u00e9it\u00e9 des mati\u00e8res composites - ManoyDetect - FGTI Distribution","og_description":"D\u00e9couvrez les mati\u00e8res am\u00e9lior\u00e9es ManoyDetect\u00ae : en fonction des mati\u00e8res de support utilis\u00e9es, la gamme ManoyDetect\u00ae r\u00e9pond \u00e0 toutes les exigences !","og_url":"https:\/\/fgti-distribution.fr\/it\/guarnizioni-idrauliche\/gamma-specifica-per-lindustria-alimentare\/materie-rilevabili\/","og_site_name":"FGTI Distribution","article_modified_time":"2023-07-05T12:23:41+00:00","twitter_card":"summary_large_image","twitter_misc":{"Est. reading time":"1 minuto"},"schema":{"@context":"https:\/\/schema.org","@graph":[{"@type":"WebPage","@id":"https:\/\/fgti-distribution.fr\/joints-etancheite-idg\/gamme-specifique-industrie-alimentaire\/matieres-detectables\/","url":"https:\/\/fgti-distribution.fr\/joints-etancheite-idg\/gamme-specifique-industrie-alimentaire\/matieres-detectables\/","name":"Sigillatura di materiali compositi - ManoyDetect - FGTI Distribuzione","isPartOf":{"@id":"https:\/\/fgti-distribution.fr\/#website"},"datePublished":"2019-04-25T14:41:54+00:00","dateModified":"2023-07-05T12:23:41+00:00","description":"Scoprite i materiali potenziati ManoyDetect\u00ae: a seconda dei materiali di supporto utilizzati, la gamma ManoyDetect\u00ae soddisfa tutti i requisiti!","breadcrumb":{"@id":"https:\/\/fgti-distribution.fr\/joints-etancheite-idg\/gamme-specifique-industrie-alimentaire\/matieres-detectables\/#breadcrumb"},"inLanguage":"it-IT","potentialAction":[{"@type":"ReadAction","target":["https:\/\/fgti-distribution.fr\/joints-etancheite-idg\/gamme-specifique-industrie-alimentaire\/matieres-detectables\/"]}]},{"@type":"BreadcrumbList","@id":"https:\/\/fgti-distribution.fr\/joints-etancheite-idg\/gamme-specifique-industrie-alimentaire\/matieres-detectables\/#breadcrumb","itemListElement":[{"@type":"ListItem","position":1,"name":"Home","item":"https:\/\/fgti-distribution.fr\/"},{"@type":"ListItem","position":2,"name":"Joints d&rsquo;\u00e9tanch\u00e9it\u00e9 IDG","item":"https:\/\/fgti-distribution.fr\/joints-etancheite-idg\/"},{"@type":"ListItem","position":3,"name":"Gamme sp\u00e9cifique pour l\u2019industrie alimentaire","item":"https:\/\/fgti-distribution.fr\/joints-etancheite-idg\/gamme-specifique-industrie-alimentaire\/"},{"@type":"ListItem","position":4,"name":"Mati\u00e8res d\u00e9tectables"}]},{"@type":"WebSite","@id":"https:\/\/fgti-distribution.fr\/#website","url":"https:\/\/fgti-distribution.fr\/","name":"Distribuzione FGTI","description":"Parti tecniche e servizi ad alto valore aggiunto","publisher":{"@id":"https:\/\/fgti-distribution.fr\/#organization"},"alternateName":"FGTI Distribution","potentialAction":[{"@type":"SearchAction","target":{"@type":"EntryPoint","urlTemplate":"https:\/\/fgti-distribution.fr\/?s={search_term_string}"},"query-input":{"@type":"PropertyValueSpecification","valueRequired":true,"valueName":"search_term_string"}}],"inLanguage":"it-IT"},{"@type":"Organization","@id":"https:\/\/fgti-distribution.fr\/#organization","name":"Distribuzione FGTI","alternateName":"FGTI Distribution","url":"https:\/\/fgti-distribution.fr\/","logo":{"@type":"ImageObject","inLanguage":"it-IT","@id":"https:\/\/fgti-distribution.fr\/#\/schema\/logo\/image\/","url":"https:\/\/fgti-distribution.fr\/wp-content\/uploads\/2022\/12\/logo.png","contentUrl":"https:\/\/fgti-distribution.fr\/wp-content\/uploads\/2022\/12\/logo.png","width":500,"height":228,"caption":"FGTI Distribution"},"image":{"@id":"https:\/\/fgti-distribution.fr\/#\/schema\/logo\/image\/"},"sameAs":["https:\/\/www.linkedin.com\/company\/fgti-distribution\/"]}]}},"_links":{"self":[{"href":"https:\/\/fgti-distribution.fr\/it\/wp-json\/wp\/v2\/pages\/5371","targetHints":{"allow":["GET"]}}],"collection":[{"href":"https:\/\/fgti-distribution.fr\/it\/wp-json\/wp\/v2\/pages"}],"about":[{"href":"https:\/\/fgti-distribution.fr\/it\/wp-json\/wp\/v2\/types\/page"}],"author":[{"embeddable":true,"href":"https:\/\/fgti-distribution.fr\/it\/wp-json\/wp\/v2\/users\/1"}],"replies":[{"embeddable":true,"href":"https:\/\/fgti-distribution.fr\/it\/wp-json\/wp\/v2\/comments?post=5371"}],"version-history":[{"count":23,"href":"https:\/\/fgti-distribution.fr\/it\/wp-json\/wp\/v2\/pages\/5371\/revisions"}],"predecessor-version":[{"id":8007,"href":"https:\/\/fgti-distribution.fr\/it\/wp-json\/wp\/v2\/pages\/5371\/revisions\/8007"}],"up":[{"embeddable":true,"href":"https:\/\/fgti-distribution.fr\/it\/wp-json\/wp\/v2\/pages\/5268"}],"wp:attachment":[{"href":"https:\/\/fgti-distribution.fr\/it\/wp-json\/wp\/v2\/media?parent=5371"}],"curies":[{"name":"wp","href":"https:\/\/api.w.org\/{rel}","templated":true}]}}