{"id":5382,"date":"2019-04-25T15:23:59","date_gmt":"2019-04-25T15:23:59","guid":{"rendered":"https:\/\/fgti-distribution.fr\/?page_id=5382"},"modified":"2023-05-16T06:49:52","modified_gmt":"2023-05-16T06:49:52","slug":"vanne-directrice","status":"publish","type":"page","link":"https:\/\/fgti-distribution.fr\/it\/joints-etancheite-idg\/gamme-specifique-centrales-hydrauliques\/vanne-directrice\/","title":{"rendered":"Vanne direttrice"},"content":{"rendered":"<section id=\"bt_bb_section69eaac7de35e0\" class=\"bt_bb_section bt_bb_layout_boxed_1200\"  data-bt-override-class=\"null\"><div class=\"bt_bb_port\"><div class=\"bt_bb_cell\"><div class=\"bt_bb_cell_inner\"><div class=\"bt_bb_row\"  data-bt-override-class=\"{}\"><div class=\"bt_bb_row_holder\" ><div  class=\"bt_bb_column col-xxl-12 col-xl-12 col-xs-12 col-sm-12 col-md-12 col-lg-12 bt_bb_vertical_align_top bt_bb_align_left bt_bb_padding_normal\" style=\"; --column-width:12;\" data-width=\"12\" data-bt-override-class=\"{}\"><div class=\"bt_bb_column_content\"><div class=\"bt_bb_column_content_inner\"><div class=\"bt_bb_raw_content\"><div class=\"bt_bb_wrapper\"><div id=\"pl-5382\" class=\"panel-layout\"><div id=\"pg-5382-0\" class=\"panel-grid panel-no-style\"><div id=\"pgc-5382-0-0\" class=\"panel-grid-cell\"><div id=\"panel-5382-0-0-0\" class=\"widget_text so-panel widget widget_custom_html panel-first-child panel-last-child\" data-index=\"0\"><div class=\"textwidget custom-html-widget\"><div style=\"color: #BABABA; font-size: 12px; margin-bottom: 20px;\">FGTI-Distribution &gt; Giunti di tenuta &gt; Catalogo &gt; Gamma specifica per centrali idrauliche &gt; Valvola di direzione<\/div>\nLa paratoia a guida lubrificata da cuscinetti consente di gestire i flussi d'acqua verso la turbina. A lungo termine, i cuscinetti devono essere protetti dalle infiltrazioni d'acqua. A tale scopo \u00e8 stato sviluppato il sistema MANOY\u00ae WP tipo 428. \n<br><br><\/div><\/div><\/div><\/div><div id=\"pg-5382-1\" class=\"panel-grid panel-no-style\"><div id=\"pgc-5382-1-0\" class=\"panel-grid-cell\"><div id=\"panel-5382-1-0-0\" class=\"so-panel widget widget_sow-image panel-first-child panel-last-child\" data-index=\"1\"><div class=\"so-widget-sow-image so-widget-sow-image-default-d6014b76747a-5382\">\n\n<div class=\"sow-image-container\">\n\t\t<img loading=\"lazy\" decoding=\"async\" src=\"https:\/\/fgti-distribution.fr\/wp-content\/uploads\/2019\/05\/vanne-directrice.jpg\" srcset=\"https:\/\/fgti-distribution.fr\/wp-content\/uploads\/2019\/05\/vanne-directrice.jpg 466w, https:\/\/fgti-distribution.fr\/wp-content\/uploads\/2019\/05\/vanne-directrice-244x77.jpg 244w\" sizes=\"auto, (max-width: 466px) 100vw, 466px\" alt=\"Vanne direttrice\" class=\"so-widget-image\" width=\"466\" height=\"147\">\n\t<\/div>\n\n<\/div><\/div><\/div><\/div><div id=\"pg-5382-2\" class=\"panel-grid panel-no-style\"><div id=\"pgc-5382-2-0\" class=\"panel-grid-cell\"><div id=\"panel-5382-2-0-0\" class=\"widget_text so-panel widget widget_custom_html panel-first-child panel-last-child\" data-index=\"2\"><div class=\"textwidget custom-html-widget\"><br><br>\nIn applications in contact with particularly loaded waters or to gain lifespan between two maintenance operations, the MANOY\u00ae WP type 487 system incorporates a scraper element (in open grooves). \n<br><br>\nI profili di questi due tipi di guarnizioni possono essere adattati alle gole esistenti. Per le tenute esterne, si dovranno scegliere i tipi 423 e 482.\n<br><br>\n<span style=\"font-weight: bold; line-height: 35px;\">Caratteristiche e applicazioni<\/span><br>\n<ul style=\"padding-left: 30px;\">\n<li class=\"tiret\">Impermeabilizzazione interna o esterna<\/li>\n<li class=\"tiret\">Giunto con funzione raschiante<\/li>\n<li class=\"tiret\">Movimento rotatorio<\/li>\n<li class=\"tiret\">Tenuta a semplice e doppio effetto<\/li>\n<li class=\"tiret\">Adattabile alle dimensioni della gola esistente<\/li>\n<li class=\"tiret\">Pressione max. 40 MPa<\/li>\n<li class=\"tiret\">Sviluppato per la tenuta delle valvole di indirizzamento<\/li>\n<li class=\"tiret\">Utilizzabile anche su tenute di pale Kaplan o perni di banco<\/li>\n<li class=\"tiret\">Adatto al funzionamento con acqua e\/o grasso<\/li>\n<li class=\"tiret\">Affidabilit\u00e0 nella trasmissione di movimenti e vibrazioni<\/li>\n<li class=\"tiret\">Non \u00e8 possibile stallare<\/li>\n<li class=\"tiret\">Realizzabile fino al \u00d8 2000 mm<\/li>\n<li class=\"tiret\">Per le revisioni, il sistema \u00e8 adattabile alle gole esistenti<\/li>\n<\/ul>\n<br><\/div><\/div><\/div><\/div><\/div><\/div><\/div><\/div><\/div><\/div><\/div><\/div><\/div><!-- cell_inner --><\/div><!-- cell --><\/div><!-- port --><\/section>","protected":false},"excerpt":{"rendered":"","protected":false},"author":1,"featured_media":0,"parent":5377,"menu_order":0,"comment_status":"closed","ping_status":"closed","template":"","meta":{"footnotes":""},"class_list":["post-5382","page","type-page","status-publish","hentry"],"yoast_head":"<!-- This site is optimized with the Yoast SEO plugin v27.3 - https:\/\/yoast.com\/product\/yoast-seo-wordpress\/ -->\n<title>Vanne directrice : d\u00e9couvrez le syst\u00e8me MANOY\u00ae WP type 428<\/title>\n<meta name=\"description\" content=\"Vanne directrice : d\u00e9couvrez le syst\u00e8me MANOY\u00ae WP type 428 d\u00e9velopp\u00e9 pour prot\u00e9ger les paliers des infiltrations d\u2019eau - FGTI Distribution\" \/>\n<meta name=\"robots\" content=\"index, follow, max-snippet:-1, max-image-preview:large, max-video-preview:-1\" \/>\n<link rel=\"canonical\" href=\"https:\/\/fgti-distribution.fr\/it\/guarnizioni-idrauliche\/centrali-idrauliche-gamma-specifica\/vanne-directrice\/\" \/>\n<meta property=\"og:locale\" content=\"it_IT\" \/>\n<meta property=\"og:type\" content=\"article\" \/>\n<meta property=\"og:title\" content=\"Vanne directrice : d\u00e9couvrez le syst\u00e8me MANOY\u00ae WP type 428\" \/>\n<meta property=\"og:description\" content=\"Vanne directrice : d\u00e9couvrez le syst\u00e8me MANOY\u00ae WP type 428 d\u00e9velopp\u00e9 pour prot\u00e9ger les paliers des infiltrations d\u2019eau - FGTI Distribution\" \/>\n<meta property=\"og:url\" content=\"https:\/\/fgti-distribution.fr\/it\/guarnizioni-idrauliche\/centrali-idrauliche-gamma-specifica\/vanne-directrice\/\" \/>\n<meta property=\"og:site_name\" content=\"FGTI Distribution\" \/>\n<meta property=\"article:modified_time\" content=\"2023-05-16T06:49:52+00:00\" \/>\n<meta name=\"twitter:card\" content=\"summary_large_image\" \/>\n<meta name=\"twitter:label1\" content=\"Est. reading time\" \/>\n\t<meta name=\"twitter:data1\" content=\"1 minuto\" \/>\n<script type=\"application\/ld+json\" class=\"yoast-schema-graph\">{\"@context\":\"https:\\\/\\\/schema.org\",\"@graph\":[{\"@type\":\"WebPage\",\"@id\":\"https:\\\/\\\/fgti-distribution.fr\\\/joints-etancheite-idg\\\/gamme-specifique-centrales-hydrauliques\\\/vanne-directrice\\\/\",\"url\":\"https:\\\/\\\/fgti-distribution.fr\\\/joints-etancheite-idg\\\/gamme-specifique-centrales-hydrauliques\\\/vanne-directrice\\\/\",\"name\":\"Vanne directrice : d\u00e9couvrez le syst\u00e8me MANOY\u00ae WP type 428\",\"isPartOf\":{\"@id\":\"https:\\\/\\\/fgti-distribution.fr\\\/#website\"},\"datePublished\":\"2019-04-25T15:23:59+00:00\",\"dateModified\":\"2023-05-16T06:49:52+00:00\",\"description\":\"Vanne directrice : d\u00e9couvrez le syst\u00e8me MANOY\u00ae WP type 428 d\u00e9velopp\u00e9 pour prot\u00e9ger les paliers des infiltrations d\u2019eau - FGTI Distribution\",\"breadcrumb\":{\"@id\":\"https:\\\/\\\/fgti-distribution.fr\\\/joints-etancheite-idg\\\/gamme-specifique-centrales-hydrauliques\\\/vanne-directrice\\\/#breadcrumb\"},\"inLanguage\":\"it-IT\",\"potentialAction\":[{\"@type\":\"ReadAction\",\"target\":[\"https:\\\/\\\/fgti-distribution.fr\\\/joints-etancheite-idg\\\/gamme-specifique-centrales-hydrauliques\\\/vanne-directrice\\\/\"]}]},{\"@type\":\"BreadcrumbList\",\"@id\":\"https:\\\/\\\/fgti-distribution.fr\\\/joints-etancheite-idg\\\/gamme-specifique-centrales-hydrauliques\\\/vanne-directrice\\\/#breadcrumb\",\"itemListElement\":[{\"@type\":\"ListItem\",\"position\":1,\"name\":\"Home\",\"item\":\"https:\\\/\\\/fgti-distribution.fr\\\/\"},{\"@type\":\"ListItem\",\"position\":2,\"name\":\"Joints d&rsquo;\u00e9tanch\u00e9it\u00e9 IDG\",\"item\":\"https:\\\/\\\/fgti-distribution.fr\\\/joints-etancheite-idg\\\/\"},{\"@type\":\"ListItem\",\"position\":3,\"name\":\"Gamme sp\u00e9cifique pour les centrales hydrauliques\",\"item\":\"https:\\\/\\\/fgti-distribution.fr\\\/joints-etancheite-idg\\\/gamme-specifique-centrales-hydrauliques\\\/\"},{\"@type\":\"ListItem\",\"position\":4,\"name\":\"Vanne directrice\"}]},{\"@type\":\"WebSite\",\"@id\":\"https:\\\/\\\/fgti-distribution.fr\\\/#website\",\"url\":\"https:\\\/\\\/fgti-distribution.fr\\\/\",\"name\":\"FGTI Distribution\",\"description\":\"Pi\u00e8ces techniques et services \u00e0 forte valeur ajout\u00e9e\",\"publisher\":{\"@id\":\"https:\\\/\\\/fgti-distribution.fr\\\/#organization\"},\"alternateName\":\"FGTI Distribution\",\"potentialAction\":[{\"@type\":\"SearchAction\",\"target\":{\"@type\":\"EntryPoint\",\"urlTemplate\":\"https:\\\/\\\/fgti-distribution.fr\\\/?s={search_term_string}\"},\"query-input\":{\"@type\":\"PropertyValueSpecification\",\"valueRequired\":true,\"valueName\":\"search_term_string\"}}],\"inLanguage\":\"it-IT\"},{\"@type\":\"Organization\",\"@id\":\"https:\\\/\\\/fgti-distribution.fr\\\/#organization\",\"name\":\"FGTI Distribution\",\"alternateName\":\"FGTI Distribution\",\"url\":\"https:\\\/\\\/fgti-distribution.fr\\\/\",\"logo\":{\"@type\":\"ImageObject\",\"inLanguage\":\"it-IT\",\"@id\":\"https:\\\/\\\/fgti-distribution.fr\\\/#\\\/schema\\\/logo\\\/image\\\/\",\"url\":\"https:\\\/\\\/fgti-distribution.fr\\\/wp-content\\\/uploads\\\/2022\\\/12\\\/logo.png\",\"contentUrl\":\"https:\\\/\\\/fgti-distribution.fr\\\/wp-content\\\/uploads\\\/2022\\\/12\\\/logo.png\",\"width\":500,\"height\":228,\"caption\":\"FGTI Distribution\"},\"image\":{\"@id\":\"https:\\\/\\\/fgti-distribution.fr\\\/#\\\/schema\\\/logo\\\/image\\\/\"},\"sameAs\":[\"https:\\\/\\\/www.linkedin.com\\\/company\\\/fgti-distribution\\\/\"]}]}<\/script>\n<!-- \/ Yoast SEO plugin. -->","yoast_head_json":{"title":"Valvole di scarico: scopri il sistema MANOY\u00ae WP tipo 428","description":"Guarnizione direzionale: scopri il sistema MANOY\u00ae WP tipo 428 sviluppato per proteggere i cuscinetti dalle infiltrazioni d'acqua - FGTI Distribution","robots":{"index":"index","follow":"follow","max-snippet":"max-snippet:-1","max-image-preview":"max-image-preview:large","max-video-preview":"max-video-preview:-1"},"canonical":"https:\/\/fgti-distribution.fr\/it\/guarnizioni-idrauliche\/centrali-idrauliche-gamma-specifica\/vanne-directrice\/","og_locale":"it_IT","og_type":"article","og_title":"Vanne directrice : d\u00e9couvrez le syst\u00e8me MANOY\u00ae WP type 428","og_description":"Vanne directrice : d\u00e9couvrez le syst\u00e8me MANOY\u00ae WP type 428 d\u00e9velopp\u00e9 pour prot\u00e9ger les paliers des infiltrations d\u2019eau - FGTI Distribution","og_url":"https:\/\/fgti-distribution.fr\/it\/guarnizioni-idrauliche\/centrali-idrauliche-gamma-specifica\/vanne-directrice\/","og_site_name":"FGTI Distribution","article_modified_time":"2023-05-16T06:49:52+00:00","twitter_card":"summary_large_image","twitter_misc":{"Est. reading time":"1 minuto"},"schema":{"@context":"https:\/\/schema.org","@graph":[{"@type":"WebPage","@id":"https:\/\/fgti-distribution.fr\/joints-etancheite-idg\/gamme-specifique-centrales-hydrauliques\/vanne-directrice\/","url":"https:\/\/fgti-distribution.fr\/joints-etancheite-idg\/gamme-specifique-centrales-hydrauliques\/vanne-directrice\/","name":"Valvole di scarico: scopri il sistema MANOY\u00ae WP tipo 428","isPartOf":{"@id":"https:\/\/fgti-distribution.fr\/#website"},"datePublished":"2019-04-25T15:23:59+00:00","dateModified":"2023-05-16T06:49:52+00:00","description":"Guarnizione direzionale: scopri il sistema MANOY\u00ae WP tipo 428 sviluppato per proteggere i cuscinetti dalle infiltrazioni d'acqua - FGTI Distribution","breadcrumb":{"@id":"https:\/\/fgti-distribution.fr\/joints-etancheite-idg\/gamme-specifique-centrales-hydrauliques\/vanne-directrice\/#breadcrumb"},"inLanguage":"it-IT","potentialAction":[{"@type":"ReadAction","target":["https:\/\/fgti-distribution.fr\/joints-etancheite-idg\/gamme-specifique-centrales-hydrauliques\/vanne-directrice\/"]}]},{"@type":"BreadcrumbList","@id":"https:\/\/fgti-distribution.fr\/joints-etancheite-idg\/gamme-specifique-centrales-hydrauliques\/vanne-directrice\/#breadcrumb","itemListElement":[{"@type":"ListItem","position":1,"name":"Home","item":"https:\/\/fgti-distribution.fr\/"},{"@type":"ListItem","position":2,"name":"Joints d&rsquo;\u00e9tanch\u00e9it\u00e9 IDG","item":"https:\/\/fgti-distribution.fr\/joints-etancheite-idg\/"},{"@type":"ListItem","position":3,"name":"Gamme sp\u00e9cifique pour les centrales hydrauliques","item":"https:\/\/fgti-distribution.fr\/joints-etancheite-idg\/gamme-specifique-centrales-hydrauliques\/"},{"@type":"ListItem","position":4,"name":"Vanne directrice"}]},{"@type":"WebSite","@id":"https:\/\/fgti-distribution.fr\/#website","url":"https:\/\/fgti-distribution.fr\/","name":"Distribuzione FGTI","description":"Parti tecniche e servizi ad alto valore aggiunto","publisher":{"@id":"https:\/\/fgti-distribution.fr\/#organization"},"alternateName":"FGTI Distribution","potentialAction":[{"@type":"SearchAction","target":{"@type":"EntryPoint","urlTemplate":"https:\/\/fgti-distribution.fr\/?s={search_term_string}"},"query-input":{"@type":"PropertyValueSpecification","valueRequired":true,"valueName":"search_term_string"}}],"inLanguage":"it-IT"},{"@type":"Organization","@id":"https:\/\/fgti-distribution.fr\/#organization","name":"Distribuzione FGTI","alternateName":"FGTI Distribution","url":"https:\/\/fgti-distribution.fr\/","logo":{"@type":"ImageObject","inLanguage":"it-IT","@id":"https:\/\/fgti-distribution.fr\/#\/schema\/logo\/image\/","url":"https:\/\/fgti-distribution.fr\/wp-content\/uploads\/2022\/12\/logo.png","contentUrl":"https:\/\/fgti-distribution.fr\/wp-content\/uploads\/2022\/12\/logo.png","width":500,"height":228,"caption":"FGTI Distribution"},"image":{"@id":"https:\/\/fgti-distribution.fr\/#\/schema\/logo\/image\/"},"sameAs":["https:\/\/www.linkedin.com\/company\/fgti-distribution\/"]}]}},"_links":{"self":[{"href":"https:\/\/fgti-distribution.fr\/it\/wp-json\/wp\/v2\/pages\/5382","targetHints":{"allow":["GET"]}}],"collection":[{"href":"https:\/\/fgti-distribution.fr\/it\/wp-json\/wp\/v2\/pages"}],"about":[{"href":"https:\/\/fgti-distribution.fr\/it\/wp-json\/wp\/v2\/types\/page"}],"author":[{"embeddable":true,"href":"https:\/\/fgti-distribution.fr\/it\/wp-json\/wp\/v2\/users\/1"}],"replies":[{"embeddable":true,"href":"https:\/\/fgti-distribution.fr\/it\/wp-json\/wp\/v2\/comments?post=5382"}],"version-history":[{"count":12,"href":"https:\/\/fgti-distribution.fr\/it\/wp-json\/wp\/v2\/pages\/5382\/revisions"}],"predecessor-version":[{"id":7935,"href":"https:\/\/fgti-distribution.fr\/it\/wp-json\/wp\/v2\/pages\/5382\/revisions\/7935"}],"up":[{"embeddable":true,"href":"https:\/\/fgti-distribution.fr\/it\/wp-json\/wp\/v2\/pages\/5377"}],"wp:attachment":[{"href":"https:\/\/fgti-distribution.fr\/it\/wp-json\/wp\/v2\/media?parent=5382"}],"curies":[{"name":"wp","href":"https:\/\/api.w.org\/{rel}","templated":true}]}}