{"id":5386,"date":"2019-04-25T15:28:05","date_gmt":"2019-04-25T15:28:05","guid":{"rendered":"https:\/\/fgti-distribution.fr\/?page_id=5386"},"modified":"2023-05-16T06:51:19","modified_gmt":"2023-05-16T06:51:19","slug":"injecteur-de-turbine-pelton","status":"publish","type":"page","link":"https:\/\/fgti-distribution.fr\/it\/joints-etancheite-idg\/gamme-specifique-centrales-hydrauliques\/injecteur-de-turbine-pelton\/","title":{"rendered":"Iniettore turbina Pelton"},"content":{"rendered":"<section id=\"bt_bb_section69d0240003e93\" class=\"bt_bb_section bt_bb_layout_boxed_1200\"  data-bt-override-class=\"null\"><div class=\"bt_bb_port\"><div class=\"bt_bb_cell\"><div class=\"bt_bb_cell_inner\"><div class=\"bt_bb_row\"  data-bt-override-class=\"{}\"><div class=\"bt_bb_row_holder\" ><div  class=\"bt_bb_column col-xxl-12 col-xl-12 col-xs-12 col-sm-12 col-md-12 col-lg-12 bt_bb_vertical_align_top bt_bb_align_left bt_bb_padding_normal\" style=\"; --column-width:12;\" data-width=\"12\" data-bt-override-class=\"{}\"><div class=\"bt_bb_column_content\"><div class=\"bt_bb_column_content_inner\"><div class=\"bt_bb_raw_content\"><div class=\"bt_bb_wrapper\"><div id=\"pl-5386\" class=\"panel-layout\"><div id=\"pg-5386-0\" class=\"panel-grid panel-no-style\"><div id=\"pgc-5386-0-0\" class=\"panel-grid-cell\"><div id=\"panel-5386-0-0-0\" class=\"widget_text so-panel widget widget_custom_html panel-first-child panel-last-child\" data-index=\"0\"><div class=\"textwidget custom-html-widget\"><div style=\"color: #BABABA; font-size: 12px; margin-bottom: 20px;\">FGTI-Distribution > Joints d'\u00e9tanch\u00e9it\u00e9 > Catalogue > Gamme sp\u00e9cifique pour les centrales hydrauliques > Injecteur de turbine Pelton<\/div>\nLes turbines Pelton sont soumises \u00e0 de fortes hauteurs de chute d\u2019eau. C\u2019est un d\u00e9fi pour l\u2019\u00e9tanch\u00e9it\u00e9. La puissance de la turbine est r\u00e9gl\u00e9e par le d\u00e9placement de la tige de l\u2019injecteur permettant de moduler de la pleine puissance \u00e0 la demi charge.\n<br><br><\/div><\/div><\/div><\/div><div id=\"pg-5386-1\" class=\"panel-grid panel-no-style\"><div id=\"pgc-5386-1-0\" class=\"panel-grid-cell\"><div id=\"panel-5386-1-0-0\" class=\"so-panel widget widget_sow-image panel-first-child panel-last-child\" data-index=\"1\"><div class=\"so-widget-sow-image so-widget-sow-image-default-d6014b76747a-5386\">\n\n<div class=\"sow-image-container\">\n\t\t<img loading=\"lazy\" decoding=\"async\" src=\"https:\/\/fgti-distribution.fr\/wp-content\/uploads\/2019\/05\/injecteur-turbine-pelton.jpg\" width=\"477\" height=\"147\" srcset=\"https:\/\/fgti-distribution.fr\/wp-content\/uploads\/2019\/05\/injecteur-turbine-pelton.jpg 477w, https:\/\/fgti-distribution.fr\/wp-content\/uploads\/2019\/05\/injecteur-turbine-pelton-250x77.jpg 250w, https:\/\/fgti-distribution.fr\/wp-content\/uploads\/2019\/05\/injecteur-turbine-pelton-474x147.jpg 474w\" sizes=\"auto, (max-width: 477px) 100vw, 477px\" alt=\"Injecteur de turbine pelton\" class=\"so-widget-image\">\n\t<\/div>\n\n<\/div><\/div><\/div><\/div><div id=\"pg-5386-2\" class=\"panel-grid panel-no-style\"><div id=\"pgc-5386-2-0\" class=\"panel-grid-cell\"><div id=\"panel-5386-2-0-0\" class=\"widget_text so-panel widget widget_custom_html panel-first-child panel-last-child\" data-index=\"2\"><div class=\"textwidget custom-html-widget\"><br><br>\nLe syst\u00e8me d\u2019\u00e9tanch\u00e9it\u00e9 MANOY\u00ae WP prot\u00e8ge l\u2019injecteur lors des d\u00e9placements lin\u00e9aires en arr\u00eatant l\u2019eau et les impuret\u00e9s.\n<br><br>\nC\u2019est pour cette application bien particuli\u00e8re qu\u2019ont \u00e9t\u00e9 d\u00e9velopp\u00e9 les profils de type 466 et 486 en \u00e9tanch\u00e9it\u00e9 int\u00e9rieure et les profils de type 461 et 481 en \u00e9tanch\u00e9it\u00e9 ext\u00e9rieure.\n<br><br>\n<span style=\"font-weight: bold; line-height: 35px;\">Caratteristiche e applicazioni<\/span><br>\n<ul style=\"padding-left: 30px;\">\n<li class=\"tiret\">El\u00e9ment compact int\u00e9grant le raclage (selon type)<\/li>\n<li class=\"tiret\">Movimento lineare<\/li>\n<li class=\"tiret\">Raclage simple effet<\/li>\n<li class=\"tiret\">Etanch\u00e9it\u00e9 simple effet<\/li>\n<li class=\"tiret\">Adattabile alle dimensioni della gola esistente<\/li>\n<li class=\"tiret\">Pressione max. 40 MPa<\/li>\n<li class=\"tiret\">D\u00e9velopp\u00e9 pour l\u2019\u00e9tanch\u00e9it\u00e9 des tiges d\u2019injecteurs Pelton<\/li>\n<li class=\"tiret\">Effet de raclage efficace pour une plus grande r\u00e9sistance \u00e0 l\u2019abrasion lors d\u2019eaux charg\u00e9es ou de cavitation (selon type)<\/li>\n<li class=\"tiret\">L\u00e8vre de raclage prot\u00e9geant le joint<\/li>\n<li class=\"tiret\">Faible usure pour des maintenances espac\u00e9es<\/li>\n<li class=\"tiret\">R\u00e9alisable jusqu\u2019au \u00d8 2500 mm<\/li>\n<li class=\"tiret\">Per le revisioni, il sistema \u00e8 adattabile alle gole esistenti<\/li>\n<\/ul><\/div><\/div><\/div><\/div><\/div><\/div><\/div><\/div><\/div><\/div><\/div><\/div><\/div><!-- cell_inner --><\/div><!-- cell --><\/div><!-- port --><\/section>","protected":false},"excerpt":{"rendered":"","protected":false},"author":1,"featured_media":0,"parent":5377,"menu_order":0,"comment_status":"closed","ping_status":"closed","template":"","meta":{"footnotes":""},"class_list":["post-5386","page","type-page","status-publish","hentry"],"yoast_head":"<!-- This site is optimized with the Yoast SEO plugin v27.3 - https:\/\/yoast.com\/product\/yoast-seo-wordpress\/ -->\n<title>Joints d&#039;\u00e9tanch\u00e9it\u00e9 - Injecteur de turbine Pelton - FGTI DIstribution<\/title>\n<meta name=\"description\" content=\"Les turbines Pelton sont soumises \u00e0 de fortes hauteurs de chute d\u2019eau : notre solution MANOY\u00ae WP prot\u00e8ge l\u2019injecteur en arr\u00eatant l\u2019eau et les impuret\u00e9s !\" \/>\n<meta name=\"robots\" content=\"index, follow, max-snippet:-1, max-image-preview:large, max-video-preview:-1\" \/>\n<link rel=\"canonical\" href=\"https:\/\/fgti-distribution.fr\/it\/guarnizioni-idrauliche\/centrali-idrauliche-gamma-specifica\/injecteur-de-turbine-pelton\/\" \/>\n<meta property=\"og:locale\" content=\"it_IT\" \/>\n<meta property=\"og:type\" content=\"article\" \/>\n<meta property=\"og:title\" content=\"Joints d&#039;\u00e9tanch\u00e9it\u00e9 - Injecteur de turbine Pelton - FGTI DIstribution\" \/>\n<meta property=\"og:description\" content=\"Les turbines Pelton sont soumises \u00e0 de fortes hauteurs de chute d\u2019eau : notre solution MANOY\u00ae WP prot\u00e8ge l\u2019injecteur en arr\u00eatant l\u2019eau et les impuret\u00e9s !\" \/>\n<meta property=\"og:url\" content=\"https:\/\/fgti-distribution.fr\/it\/guarnizioni-idrauliche\/centrali-idrauliche-gamma-specifica\/injecteur-de-turbine-pelton\/\" \/>\n<meta property=\"og:site_name\" content=\"FGTI Distribution\" \/>\n<meta property=\"article:modified_time\" content=\"2023-05-16T06:51:19+00:00\" \/>\n<meta name=\"twitter:card\" content=\"summary_large_image\" \/>\n<meta name=\"twitter:label1\" content=\"Est. reading time\" \/>\n\t<meta name=\"twitter:data1\" content=\"1 minuto\" \/>\n<script type=\"application\/ld+json\" class=\"yoast-schema-graph\">{\"@context\":\"https:\\\/\\\/schema.org\",\"@graph\":[{\"@type\":\"WebPage\",\"@id\":\"https:\\\/\\\/fgti-distribution.fr\\\/joints-etancheite-idg\\\/gamme-specifique-centrales-hydrauliques\\\/injecteur-de-turbine-pelton\\\/\",\"url\":\"https:\\\/\\\/fgti-distribution.fr\\\/joints-etancheite-idg\\\/gamme-specifique-centrales-hydrauliques\\\/injecteur-de-turbine-pelton\\\/\",\"name\":\"Joints d'\u00e9tanch\u00e9it\u00e9 - Injecteur de turbine Pelton - FGTI DIstribution\",\"isPartOf\":{\"@id\":\"https:\\\/\\\/fgti-distribution.fr\\\/#website\"},\"datePublished\":\"2019-04-25T15:28:05+00:00\",\"dateModified\":\"2023-05-16T06:51:19+00:00\",\"description\":\"Les turbines Pelton sont soumises \u00e0 de fortes hauteurs de chute d\u2019eau : notre solution MANOY\u00ae WP prot\u00e8ge l\u2019injecteur en arr\u00eatant l\u2019eau et les impuret\u00e9s !\",\"breadcrumb\":{\"@id\":\"https:\\\/\\\/fgti-distribution.fr\\\/joints-etancheite-idg\\\/gamme-specifique-centrales-hydrauliques\\\/injecteur-de-turbine-pelton\\\/#breadcrumb\"},\"inLanguage\":\"it-IT\",\"potentialAction\":[{\"@type\":\"ReadAction\",\"target\":[\"https:\\\/\\\/fgti-distribution.fr\\\/joints-etancheite-idg\\\/gamme-specifique-centrales-hydrauliques\\\/injecteur-de-turbine-pelton\\\/\"]}]},{\"@type\":\"BreadcrumbList\",\"@id\":\"https:\\\/\\\/fgti-distribution.fr\\\/joints-etancheite-idg\\\/gamme-specifique-centrales-hydrauliques\\\/injecteur-de-turbine-pelton\\\/#breadcrumb\",\"itemListElement\":[{\"@type\":\"ListItem\",\"position\":1,\"name\":\"Home\",\"item\":\"https:\\\/\\\/fgti-distribution.fr\\\/\"},{\"@type\":\"ListItem\",\"position\":2,\"name\":\"Joints d&rsquo;\u00e9tanch\u00e9it\u00e9 IDG\",\"item\":\"https:\\\/\\\/fgti-distribution.fr\\\/joints-etancheite-idg\\\/\"},{\"@type\":\"ListItem\",\"position\":3,\"name\":\"Gamme sp\u00e9cifique pour les centrales hydrauliques\",\"item\":\"https:\\\/\\\/fgti-distribution.fr\\\/joints-etancheite-idg\\\/gamme-specifique-centrales-hydrauliques\\\/\"},{\"@type\":\"ListItem\",\"position\":4,\"name\":\"Injecteur de turbine Pelton\"}]},{\"@type\":\"WebSite\",\"@id\":\"https:\\\/\\\/fgti-distribution.fr\\\/#website\",\"url\":\"https:\\\/\\\/fgti-distribution.fr\\\/\",\"name\":\"FGTI Distribution\",\"description\":\"Pi\u00e8ces techniques et services \u00e0 forte valeur ajout\u00e9e\",\"publisher\":{\"@id\":\"https:\\\/\\\/fgti-distribution.fr\\\/#organization\"},\"alternateName\":\"FGTI Distribution\",\"potentialAction\":[{\"@type\":\"SearchAction\",\"target\":{\"@type\":\"EntryPoint\",\"urlTemplate\":\"https:\\\/\\\/fgti-distribution.fr\\\/?s={search_term_string}\"},\"query-input\":{\"@type\":\"PropertyValueSpecification\",\"valueRequired\":true,\"valueName\":\"search_term_string\"}}],\"inLanguage\":\"it-IT\"},{\"@type\":\"Organization\",\"@id\":\"https:\\\/\\\/fgti-distribution.fr\\\/#organization\",\"name\":\"FGTI Distribution\",\"alternateName\":\"FGTI Distribution\",\"url\":\"https:\\\/\\\/fgti-distribution.fr\\\/\",\"logo\":{\"@type\":\"ImageObject\",\"inLanguage\":\"it-IT\",\"@id\":\"https:\\\/\\\/fgti-distribution.fr\\\/#\\\/schema\\\/logo\\\/image\\\/\",\"url\":\"https:\\\/\\\/fgti-distribution.fr\\\/wp-content\\\/uploads\\\/2022\\\/12\\\/logo.png\",\"contentUrl\":\"https:\\\/\\\/fgti-distribution.fr\\\/wp-content\\\/uploads\\\/2022\\\/12\\\/logo.png\",\"width\":500,\"height\":228,\"caption\":\"FGTI Distribution\"},\"image\":{\"@id\":\"https:\\\/\\\/fgti-distribution.fr\\\/#\\\/schema\\\/logo\\\/image\\\/\"},\"sameAs\":[\"https:\\\/\\\/www.linkedin.com\\\/company\\\/fgti-distribution\\\/\"]}]}<\/script>\n<!-- \/ Yoast SEO plugin. -->","yoast_head_json":{"title":"Joints d'\u00e9tanch\u00e9it\u00e9 - Injecteur de turbine Pelton - FGTI DIstribution","description":"Les turbines Pelton sont soumises \u00e0 de fortes hauteurs de chute d\u2019eau : notre solution MANOY\u00ae WP prot\u00e8ge l\u2019injecteur en arr\u00eatant l\u2019eau et les impuret\u00e9s !","robots":{"index":"index","follow":"follow","max-snippet":"max-snippet:-1","max-image-preview":"max-image-preview:large","max-video-preview":"max-video-preview:-1"},"canonical":"https:\/\/fgti-distribution.fr\/it\/guarnizioni-idrauliche\/centrali-idrauliche-gamma-specifica\/injecteur-de-turbine-pelton\/","og_locale":"it_IT","og_type":"article","og_title":"Joints d'\u00e9tanch\u00e9it\u00e9 - Injecteur de turbine Pelton - FGTI DIstribution","og_description":"Les turbines Pelton sont soumises \u00e0 de fortes hauteurs de chute d\u2019eau : notre solution MANOY\u00ae WP prot\u00e8ge l\u2019injecteur en arr\u00eatant l\u2019eau et les impuret\u00e9s !","og_url":"https:\/\/fgti-distribution.fr\/it\/guarnizioni-idrauliche\/centrali-idrauliche-gamma-specifica\/injecteur-de-turbine-pelton\/","og_site_name":"FGTI Distribution","article_modified_time":"2023-05-16T06:51:19+00:00","twitter_card":"summary_large_image","twitter_misc":{"Est. reading time":"1 minuto"},"schema":{"@context":"https:\/\/schema.org","@graph":[{"@type":"WebPage","@id":"https:\/\/fgti-distribution.fr\/joints-etancheite-idg\/gamme-specifique-centrales-hydrauliques\/injecteur-de-turbine-pelton\/","url":"https:\/\/fgti-distribution.fr\/joints-etancheite-idg\/gamme-specifique-centrales-hydrauliques\/injecteur-de-turbine-pelton\/","name":"Joints d'\u00e9tanch\u00e9it\u00e9 - Injecteur de turbine Pelton - FGTI DIstribution","isPartOf":{"@id":"https:\/\/fgti-distribution.fr\/#website"},"datePublished":"2019-04-25T15:28:05+00:00","dateModified":"2023-05-16T06:51:19+00:00","description":"Les turbines Pelton sont soumises \u00e0 de fortes hauteurs de chute d\u2019eau : notre solution MANOY\u00ae WP prot\u00e8ge l\u2019injecteur en arr\u00eatant l\u2019eau et les impuret\u00e9s !","breadcrumb":{"@id":"https:\/\/fgti-distribution.fr\/joints-etancheite-idg\/gamme-specifique-centrales-hydrauliques\/injecteur-de-turbine-pelton\/#breadcrumb"},"inLanguage":"it-IT","potentialAction":[{"@type":"ReadAction","target":["https:\/\/fgti-distribution.fr\/joints-etancheite-idg\/gamme-specifique-centrales-hydrauliques\/injecteur-de-turbine-pelton\/"]}]},{"@type":"BreadcrumbList","@id":"https:\/\/fgti-distribution.fr\/joints-etancheite-idg\/gamme-specifique-centrales-hydrauliques\/injecteur-de-turbine-pelton\/#breadcrumb","itemListElement":[{"@type":"ListItem","position":1,"name":"Home","item":"https:\/\/fgti-distribution.fr\/"},{"@type":"ListItem","position":2,"name":"Joints d&rsquo;\u00e9tanch\u00e9it\u00e9 IDG","item":"https:\/\/fgti-distribution.fr\/joints-etancheite-idg\/"},{"@type":"ListItem","position":3,"name":"Gamme sp\u00e9cifique pour les centrales hydrauliques","item":"https:\/\/fgti-distribution.fr\/joints-etancheite-idg\/gamme-specifique-centrales-hydrauliques\/"},{"@type":"ListItem","position":4,"name":"Injecteur de turbine Pelton"}]},{"@type":"WebSite","@id":"https:\/\/fgti-distribution.fr\/#website","url":"https:\/\/fgti-distribution.fr\/","name":"Distribuzione FGTI","description":"Parti tecniche e servizi ad alto valore aggiunto","publisher":{"@id":"https:\/\/fgti-distribution.fr\/#organization"},"alternateName":"FGTI Distribution","potentialAction":[{"@type":"SearchAction","target":{"@type":"EntryPoint","urlTemplate":"https:\/\/fgti-distribution.fr\/?s={search_term_string}"},"query-input":{"@type":"PropertyValueSpecification","valueRequired":true,"valueName":"search_term_string"}}],"inLanguage":"it-IT"},{"@type":"Organization","@id":"https:\/\/fgti-distribution.fr\/#organization","name":"Distribuzione FGTI","alternateName":"FGTI Distribution","url":"https:\/\/fgti-distribution.fr\/","logo":{"@type":"ImageObject","inLanguage":"it-IT","@id":"https:\/\/fgti-distribution.fr\/#\/schema\/logo\/image\/","url":"https:\/\/fgti-distribution.fr\/wp-content\/uploads\/2022\/12\/logo.png","contentUrl":"https:\/\/fgti-distribution.fr\/wp-content\/uploads\/2022\/12\/logo.png","width":500,"height":228,"caption":"FGTI Distribution"},"image":{"@id":"https:\/\/fgti-distribution.fr\/#\/schema\/logo\/image\/"},"sameAs":["https:\/\/www.linkedin.com\/company\/fgti-distribution\/"]}]}},"_links":{"self":[{"href":"https:\/\/fgti-distribution.fr\/it\/wp-json\/wp\/v2\/pages\/5386","targetHints":{"allow":["GET"]}}],"collection":[{"href":"https:\/\/fgti-distribution.fr\/it\/wp-json\/wp\/v2\/pages"}],"about":[{"href":"https:\/\/fgti-distribution.fr\/it\/wp-json\/wp\/v2\/types\/page"}],"author":[{"embeddable":true,"href":"https:\/\/fgti-distribution.fr\/it\/wp-json\/wp\/v2\/users\/1"}],"replies":[{"embeddable":true,"href":"https:\/\/fgti-distribution.fr\/it\/wp-json\/wp\/v2\/comments?post=5386"}],"version-history":[{"count":14,"href":"https:\/\/fgti-distribution.fr\/it\/wp-json\/wp\/v2\/pages\/5386\/revisions"}],"predecessor-version":[{"id":7936,"href":"https:\/\/fgti-distribution.fr\/it\/wp-json\/wp\/v2\/pages\/5386\/revisions\/7936"}],"up":[{"embeddable":true,"href":"https:\/\/fgti-distribution.fr\/it\/wp-json\/wp\/v2\/pages\/5377"}],"wp:attachment":[{"href":"https:\/\/fgti-distribution.fr\/it\/wp-json\/wp\/v2\/media?parent=5386"}],"curies":[{"name":"wp","href":"https:\/\/api.w.org\/{rel}","templated":true}]}}