{"id":5395,"date":"2019-04-25T15:36:38","date_gmt":"2019-04-25T15:36:38","guid":{"rendered":"https:\/\/fgti-distribution.fr\/?page_id=5395"},"modified":"2023-05-16T06:53:29","modified_gmt":"2023-05-16T06:53:29","slug":"anello-mobile","status":"publish","type":"page","link":"https:\/\/fgti-distribution.fr\/it\/joints-etancheite-idg\/gamme-specifique-centrales-hydrauliques\/anneau-mobile\/","title":{"rendered":"Anello mobile"},"content":{"rendered":"<section id=\"bt_bb_section69d02403933da\" class=\"bt_bb_section bt_bb_layout_boxed_1200\"  data-bt-override-class=\"null\"><div class=\"bt_bb_port\"><div class=\"bt_bb_cell\"><div class=\"bt_bb_cell_inner\"><div class=\"bt_bb_row\"  data-bt-override-class=\"{}\"><div class=\"bt_bb_row_holder\" ><div  class=\"bt_bb_column col-xxl-12 col-xl-12 col-xs-12 col-sm-12 col-md-12 col-lg-12 bt_bb_vertical_align_top bt_bb_align_left bt_bb_padding_normal\" style=\"; --column-width:12;\" data-width=\"12\" data-bt-override-class=\"{}\"><div class=\"bt_bb_column_content\"><div class=\"bt_bb_column_content_inner\"><div class=\"bt_bb_raw_content\"><div class=\"bt_bb_wrapper\"><div id=\"pl-5395\" class=\"panel-layout\"><div id=\"pg-5395-0\" class=\"panel-grid panel-no-style\"><div id=\"pgc-5395-0-0\" class=\"panel-grid-cell\"><div id=\"panel-5395-0-0-0\" class=\"widget_text so-panel widget widget_custom_html panel-first-child panel-last-child\" data-index=\"0\"><div class=\"textwidget custom-html-widget\"><div style=\"color: #BABABA; font-size: 12px; margin-bottom: 20px;\">FGTI-Distribuzione &gt; Guarnizioni di tenuta &gt; Catalogo &gt; Gamma specifica per centrali idrauliche &gt; Anello mobile<\/div>\nGli anelli mobili sono utilizzati all'estremit\u00e0 della condotta forzata, nella parte anteriore della turbina. Arrestano il flusso dell'acqua ad alta pressione. \n<br><br>\nL'anello mobile \u00e8 azionato da attuatori idraulici.\n<br><br>\nPer la sigillatura degli anelli rotanti, IDG ha sviluppato il sistema MANOY\u00ae WP 434 per la sigillatura esterna e il sistema MANOY\u00ae WP 439 per la sigillatura interna.\n<br><br>\nPer le revisioni, le quote possono essere adattate alle dimensioni delle scanalature esistenti.\n<br><br><\/div><\/div><\/div><\/div><div id=\"pg-5395-1\" class=\"panel-grid panel-no-style\"><div id=\"pgc-5395-1-0\" class=\"panel-grid-cell\"><div id=\"panel-5395-1-0-0\" class=\"so-panel widget widget_sow-image panel-first-child panel-last-child\" data-index=\"1\"><div class=\"so-widget-sow-image so-widget-sow-image-default-d6014b76747a-5395\">\n\n<div class=\"sow-image-container\">\n\t\t<img loading=\"lazy\" decoding=\"async\" src=\"https:\/\/fgti-distribution.fr\/wp-content\/uploads\/2019\/05\/Anneau-mobile.jpg\" width=\"314\" height=\"147\" srcset=\"https:\/\/fgti-distribution.fr\/wp-content\/uploads\/2019\/05\/Anneau-mobile.jpg 314w, https:\/\/fgti-distribution.fr\/wp-content\/uploads\/2019\/05\/Anneau-mobile-164x77.jpg 164w\" sizes=\"auto, (max-width: 314px) 100vw, 314px\" alt=\"Anello mobile\" class=\"so-widget-image\">\n\t<\/div>\n\n<\/div><\/div><\/div><\/div><div id=\"pg-5395-2\" class=\"panel-grid panel-no-style\"><div id=\"pgc-5395-2-0\" class=\"panel-grid-cell\"><div id=\"panel-5395-2-0-0\" class=\"widget_text so-panel widget widget_custom_html panel-first-child panel-last-child\" data-index=\"2\"><div class=\"textwidget custom-html-widget\"><br><br>\n<span style=\"font-weight: bold; line-height: 35px;\">Caratteristiche e applicazioni<\/span><br>\n<ul style=\"padding-left: 30px;\">\n<li class=\"tiret\">Nessun limite di diametro<\/li>\n<li class=\"tiret\">Movimento lineare<\/li>\n<li class=\"tiret\">Tenuta a semplice o doppio effetto con raschiamento<\/li>\n<li class=\"tiret\">Adattabile alle dimensioni della gola esistente<\/li>\n<li class=\"tiret\">Pressione max. 40 MPa<\/li>\n<li class=\"tiret\">Sviluppato per la tenuta degli anelli rotanti<\/li>\n<li class=\"tiret\">Adattato anche per le espansioni<\/li>\n<li class=\"tiret\">Tenere conto delle eventuali deformazioni sotto pressione<\/li>\n<li class=\"tiret\">Funzionamento ottimizzato grazie a basso attrito e profilo per zone<\/li>\n<li class=\"tiret\">Elevata resistenza all'usura che aumenta la durata di vita<\/li>\n<li class=\"tiret\">Per le revisioni, il sistema \u00e8 adattabile alle gole esistenti<\/li>\n<\/ul><\/div><\/div><\/div><\/div><\/div><\/div><\/div><\/div><\/div><\/div><\/div><\/div><\/div><!-- cell_inner --><\/div><!-- cell --><\/div><!-- port --><\/section>","protected":false},"excerpt":{"rendered":"","protected":false},"author":1,"featured_media":0,"parent":5377,"menu_order":0,"comment_status":"closed","ping_status":"closed","template":"","meta":{"footnotes":""},"class_list":["post-5395","page","type-page","status-publish","hentry"],"yoast_head":"<!-- This site is optimized with the Yoast SEO plugin v27.3 - https:\/\/yoast.com\/product\/yoast-seo-wordpress\/ -->\n<title>Gamme sp\u00e9cifique pour les centrales hydrauliques &gt; Anneau mobile<\/title>\n<meta name=\"description\" content=\"Pour l\u2019\u00e9tanch\u00e9it\u00e9 des anneaux mobiles, IDG a d\u00e9velopp\u00e9 le syst\u00e8me MANOY 434 pour l\u2019\u00e9tanch\u00e9it\u00e9 ext\u00e9rieure et le syst\u00e8me MANOY 439 en \u00e9tanch\u00e9it\u00e9 int\u00e9rieure.\" \/>\n<meta name=\"robots\" content=\"index, follow, max-snippet:-1, max-image-preview:large, max-video-preview:-1\" \/>\n<link rel=\"canonical\" href=\"https:\/\/fgti-distribution.fr\/it\/guarnizioni-idrauliche\/centrali-idrauliche-gamma-specifica\/anello-mobile\/\" \/>\n<meta property=\"og:locale\" content=\"it_IT\" \/>\n<meta property=\"og:type\" content=\"article\" \/>\n<meta property=\"og:title\" content=\"Gamme sp\u00e9cifique pour les centrales hydrauliques &gt; Anneau mobile\" \/>\n<meta property=\"og:description\" content=\"Pour l\u2019\u00e9tanch\u00e9it\u00e9 des anneaux mobiles, IDG a d\u00e9velopp\u00e9 le syst\u00e8me MANOY 434 pour l\u2019\u00e9tanch\u00e9it\u00e9 ext\u00e9rieure et le syst\u00e8me MANOY 439 en \u00e9tanch\u00e9it\u00e9 int\u00e9rieure.\" \/>\n<meta property=\"og:url\" content=\"https:\/\/fgti-distribution.fr\/it\/guarnizioni-idrauliche\/centrali-idrauliche-gamma-specifica\/anello-mobile\/\" \/>\n<meta property=\"og:site_name\" content=\"FGTI Distribution\" \/>\n<meta property=\"article:modified_time\" content=\"2023-05-16T06:53:29+00:00\" \/>\n<meta name=\"twitter:card\" content=\"summary_large_image\" \/>\n<meta name=\"twitter:label1\" content=\"Est. reading time\" \/>\n\t<meta name=\"twitter:data1\" content=\"1 minuto\" \/>\n<script type=\"application\/ld+json\" class=\"yoast-schema-graph\">{\"@context\":\"https:\\\/\\\/schema.org\",\"@graph\":[{\"@type\":\"WebPage\",\"@id\":\"https:\\\/\\\/fgti-distribution.fr\\\/joints-etancheite-idg\\\/gamme-specifique-centrales-hydrauliques\\\/anneau-mobile\\\/\",\"url\":\"https:\\\/\\\/fgti-distribution.fr\\\/joints-etancheite-idg\\\/gamme-specifique-centrales-hydrauliques\\\/anneau-mobile\\\/\",\"name\":\"Gamme sp\u00e9cifique pour les centrales hydrauliques > Anneau mobile\",\"isPartOf\":{\"@id\":\"https:\\\/\\\/fgti-distribution.fr\\\/#website\"},\"datePublished\":\"2019-04-25T15:36:38+00:00\",\"dateModified\":\"2023-05-16T06:53:29+00:00\",\"description\":\"Pour l\u2019\u00e9tanch\u00e9it\u00e9 des anneaux mobiles, IDG a d\u00e9velopp\u00e9 le syst\u00e8me MANOY 434 pour l\u2019\u00e9tanch\u00e9it\u00e9 ext\u00e9rieure et le syst\u00e8me MANOY 439 en \u00e9tanch\u00e9it\u00e9 int\u00e9rieure.\",\"breadcrumb\":{\"@id\":\"https:\\\/\\\/fgti-distribution.fr\\\/joints-etancheite-idg\\\/gamme-specifique-centrales-hydrauliques\\\/anneau-mobile\\\/#breadcrumb\"},\"inLanguage\":\"it-IT\",\"potentialAction\":[{\"@type\":\"ReadAction\",\"target\":[\"https:\\\/\\\/fgti-distribution.fr\\\/joints-etancheite-idg\\\/gamme-specifique-centrales-hydrauliques\\\/anneau-mobile\\\/\"]}]},{\"@type\":\"BreadcrumbList\",\"@id\":\"https:\\\/\\\/fgti-distribution.fr\\\/joints-etancheite-idg\\\/gamme-specifique-centrales-hydrauliques\\\/anneau-mobile\\\/#breadcrumb\",\"itemListElement\":[{\"@type\":\"ListItem\",\"position\":1,\"name\":\"Home\",\"item\":\"https:\\\/\\\/fgti-distribution.fr\\\/\"},{\"@type\":\"ListItem\",\"position\":2,\"name\":\"Joints d&rsquo;\u00e9tanch\u00e9it\u00e9 IDG\",\"item\":\"https:\\\/\\\/fgti-distribution.fr\\\/joints-etancheite-idg\\\/\"},{\"@type\":\"ListItem\",\"position\":3,\"name\":\"Gamme sp\u00e9cifique pour les centrales hydrauliques\",\"item\":\"https:\\\/\\\/fgti-distribution.fr\\\/joints-etancheite-idg\\\/gamme-specifique-centrales-hydrauliques\\\/\"},{\"@type\":\"ListItem\",\"position\":4,\"name\":\"Anneau mobile\"}]},{\"@type\":\"WebSite\",\"@id\":\"https:\\\/\\\/fgti-distribution.fr\\\/#website\",\"url\":\"https:\\\/\\\/fgti-distribution.fr\\\/\",\"name\":\"FGTI Distribution\",\"description\":\"Pi\u00e8ces techniques et services \u00e0 forte valeur ajout\u00e9e\",\"publisher\":{\"@id\":\"https:\\\/\\\/fgti-distribution.fr\\\/#organization\"},\"alternateName\":\"FGTI Distribution\",\"potentialAction\":[{\"@type\":\"SearchAction\",\"target\":{\"@type\":\"EntryPoint\",\"urlTemplate\":\"https:\\\/\\\/fgti-distribution.fr\\\/?s={search_term_string}\"},\"query-input\":{\"@type\":\"PropertyValueSpecification\",\"valueRequired\":true,\"valueName\":\"search_term_string\"}}],\"inLanguage\":\"it-IT\"},{\"@type\":\"Organization\",\"@id\":\"https:\\\/\\\/fgti-distribution.fr\\\/#organization\",\"name\":\"FGTI Distribution\",\"alternateName\":\"FGTI Distribution\",\"url\":\"https:\\\/\\\/fgti-distribution.fr\\\/\",\"logo\":{\"@type\":\"ImageObject\",\"inLanguage\":\"it-IT\",\"@id\":\"https:\\\/\\\/fgti-distribution.fr\\\/#\\\/schema\\\/logo\\\/image\\\/\",\"url\":\"https:\\\/\\\/fgti-distribution.fr\\\/wp-content\\\/uploads\\\/2022\\\/12\\\/logo.png\",\"contentUrl\":\"https:\\\/\\\/fgti-distribution.fr\\\/wp-content\\\/uploads\\\/2022\\\/12\\\/logo.png\",\"width\":500,\"height\":228,\"caption\":\"FGTI Distribution\"},\"image\":{\"@id\":\"https:\\\/\\\/fgti-distribution.fr\\\/#\\\/schema\\\/logo\\\/image\\\/\"},\"sameAs\":[\"https:\\\/\\\/www.linkedin.com\\\/company\\\/fgti-distribution\\\/\"]}]}<\/script>\n<!-- \/ Yoast SEO plugin. -->","yoast_head_json":{"title":"Gamma specifica per centrali idroelettriche &gt; Anello mobile","description":"Per la tenuta degli anelli rotanti, IDG ha sviluppato il sistema MANOY 434 per la tenuta esterna e il sistema MANOY 439 per la tenuta interna.","robots":{"index":"index","follow":"follow","max-snippet":"max-snippet:-1","max-image-preview":"max-image-preview:large","max-video-preview":"max-video-preview:-1"},"canonical":"https:\/\/fgti-distribution.fr\/it\/guarnizioni-idrauliche\/centrali-idrauliche-gamma-specifica\/anello-mobile\/","og_locale":"it_IT","og_type":"article","og_title":"Gamme sp\u00e9cifique pour les centrales hydrauliques > Anneau mobile","og_description":"Pour l\u2019\u00e9tanch\u00e9it\u00e9 des anneaux mobiles, IDG a d\u00e9velopp\u00e9 le syst\u00e8me MANOY 434 pour l\u2019\u00e9tanch\u00e9it\u00e9 ext\u00e9rieure et le syst\u00e8me MANOY 439 en \u00e9tanch\u00e9it\u00e9 int\u00e9rieure.","og_url":"https:\/\/fgti-distribution.fr\/it\/guarnizioni-idrauliche\/centrali-idrauliche-gamma-specifica\/anello-mobile\/","og_site_name":"FGTI Distribution","article_modified_time":"2023-05-16T06:53:29+00:00","twitter_card":"summary_large_image","twitter_misc":{"Est. reading time":"1 minuto"},"schema":{"@context":"https:\/\/schema.org","@graph":[{"@type":"WebPage","@id":"https:\/\/fgti-distribution.fr\/joints-etancheite-idg\/gamme-specifique-centrales-hydrauliques\/anneau-mobile\/","url":"https:\/\/fgti-distribution.fr\/joints-etancheite-idg\/gamme-specifique-centrales-hydrauliques\/anneau-mobile\/","name":"Gamma specifica per centrali idroelettriche &gt; Anello mobile","isPartOf":{"@id":"https:\/\/fgti-distribution.fr\/#website"},"datePublished":"2019-04-25T15:36:38+00:00","dateModified":"2023-05-16T06:53:29+00:00","description":"Per la tenuta degli anelli rotanti, IDG ha sviluppato il sistema MANOY 434 per la tenuta esterna e il sistema MANOY 439 per la tenuta interna.","breadcrumb":{"@id":"https:\/\/fgti-distribution.fr\/joints-etancheite-idg\/gamme-specifique-centrales-hydrauliques\/anneau-mobile\/#breadcrumb"},"inLanguage":"it-IT","potentialAction":[{"@type":"ReadAction","target":["https:\/\/fgti-distribution.fr\/joints-etancheite-idg\/gamme-specifique-centrales-hydrauliques\/anneau-mobile\/"]}]},{"@type":"BreadcrumbList","@id":"https:\/\/fgti-distribution.fr\/joints-etancheite-idg\/gamme-specifique-centrales-hydrauliques\/anneau-mobile\/#breadcrumb","itemListElement":[{"@type":"ListItem","position":1,"name":"Home","item":"https:\/\/fgti-distribution.fr\/"},{"@type":"ListItem","position":2,"name":"Joints d&rsquo;\u00e9tanch\u00e9it\u00e9 IDG","item":"https:\/\/fgti-distribution.fr\/joints-etancheite-idg\/"},{"@type":"ListItem","position":3,"name":"Gamme sp\u00e9cifique pour les centrales hydrauliques","item":"https:\/\/fgti-distribution.fr\/joints-etancheite-idg\/gamme-specifique-centrales-hydrauliques\/"},{"@type":"ListItem","position":4,"name":"Anneau mobile"}]},{"@type":"WebSite","@id":"https:\/\/fgti-distribution.fr\/#website","url":"https:\/\/fgti-distribution.fr\/","name":"Distribuzione FGTI","description":"Parti tecniche e servizi ad alto valore aggiunto","publisher":{"@id":"https:\/\/fgti-distribution.fr\/#organization"},"alternateName":"FGTI Distribution","potentialAction":[{"@type":"SearchAction","target":{"@type":"EntryPoint","urlTemplate":"https:\/\/fgti-distribution.fr\/?s={search_term_string}"},"query-input":{"@type":"PropertyValueSpecification","valueRequired":true,"valueName":"search_term_string"}}],"inLanguage":"it-IT"},{"@type":"Organization","@id":"https:\/\/fgti-distribution.fr\/#organization","name":"Distribuzione FGTI","alternateName":"FGTI Distribution","url":"https:\/\/fgti-distribution.fr\/","logo":{"@type":"ImageObject","inLanguage":"it-IT","@id":"https:\/\/fgti-distribution.fr\/#\/schema\/logo\/image\/","url":"https:\/\/fgti-distribution.fr\/wp-content\/uploads\/2022\/12\/logo.png","contentUrl":"https:\/\/fgti-distribution.fr\/wp-content\/uploads\/2022\/12\/logo.png","width":500,"height":228,"caption":"FGTI Distribution"},"image":{"@id":"https:\/\/fgti-distribution.fr\/#\/schema\/logo\/image\/"},"sameAs":["https:\/\/www.linkedin.com\/company\/fgti-distribution\/"]}]}},"_links":{"self":[{"href":"https:\/\/fgti-distribution.fr\/it\/wp-json\/wp\/v2\/pages\/5395","targetHints":{"allow":["GET"]}}],"collection":[{"href":"https:\/\/fgti-distribution.fr\/it\/wp-json\/wp\/v2\/pages"}],"about":[{"href":"https:\/\/fgti-distribution.fr\/it\/wp-json\/wp\/v2\/types\/page"}],"author":[{"embeddable":true,"href":"https:\/\/fgti-distribution.fr\/it\/wp-json\/wp\/v2\/users\/1"}],"replies":[{"embeddable":true,"href":"https:\/\/fgti-distribution.fr\/it\/wp-json\/wp\/v2\/comments?post=5395"}],"version-history":[{"count":12,"href":"https:\/\/fgti-distribution.fr\/it\/wp-json\/wp\/v2\/pages\/5395\/revisions"}],"predecessor-version":[{"id":7938,"href":"https:\/\/fgti-distribution.fr\/it\/wp-json\/wp\/v2\/pages\/5395\/revisions\/7938"}],"up":[{"embeddable":true,"href":"https:\/\/fgti-distribution.fr\/it\/wp-json\/wp\/v2\/pages\/5377"}],"wp:attachment":[{"href":"https:\/\/fgti-distribution.fr\/it\/wp-json\/wp\/v2\/media?parent=5395"}],"curies":[{"name":"wp","href":"https:\/\/api.w.org\/{rel}","templated":true}]}}