{"id":5463,"date":"2019-04-25T18:13:55","date_gmt":"2019-04-25T18:13:55","guid":{"rendered":"https:\/\/fgti-distribution.fr\/?page_id=5463"},"modified":"2024-02-05T13:47:31","modified_gmt":"2024-02-05T13:47:31","slug":"guidages-pistons-tiges","status":"publish","type":"page","link":"https:\/\/fgti-distribution.fr\/it\/joints-etancheite-idg\/guidages-pistons-tiges\/","title":{"rendered":"Guide per pistoni e steli"},"content":{"rendered":"<section id=\"bt_bb_section69d025d916532\" class=\"bt_bb_section bt_bb_layout_boxed_1200\"  data-bt-override-class=\"null\"><div class=\"bt_bb_port\"><div class=\"bt_bb_cell\"><div class=\"bt_bb_cell_inner\"><div class=\"bt_bb_row\"  data-bt-override-class=\"{}\"><div class=\"bt_bb_row_holder\" ><div  class=\"bt_bb_column col-xxl-12 col-xl-12 col-xs-12 col-sm-12 col-md-12 col-lg-12 bt_bb_vertical_align_top bt_bb_align_left bt_bb_padding_normal\" style=\"; --column-width:12;\" data-width=\"12\" data-bt-override-class=\"{}\"><div class=\"bt_bb_column_content\"><div class=\"bt_bb_column_content_inner\"><div class=\"bt_bb_raw_content\"><div style=\"color: #BABABA; font-size: 12px; margin-bottom: 20px;\">FGTI-Distribution > Joints d'\u00e9tanch\u00e9it\u00e9 > Catalogue > Techniques d\u2019\u00e9tanch\u00e9it\u00e9 pour l\u2019industrie, m\u00e9canique et automatisme > Guidages pour pistons et tiges<\/div>\n<table style=\"font-size: 12px; border: none; width: 100%;\">\n<tbody>\n<tr>\n<td style=\"font-size: 22px; vertical-align: top; font-weight: bold; border-bottom: 1px solid #58B6FE; border-top-color: white;\" colspan=\"2\"> <\/td>\n<td style=\"text-align: right; border-bottom: 1px solid #58B6FE; border-top-color: white;\"><a href=\"https:\/\/fgti-distribution.fr\/it\/wp-content\/themes\/twentyeleven\/images\/FGTI-Distribution_IDG-Guidages-pistons-et-tiges.pdf\/\" target=\"_blank\" rel=\"noopener\"><img decoding=\"async\" src=\"https:\/\/fgti-distribution.fr\/wp-content\/themes\/twentyeleven\/images\/pdficon_large.png\" \/><\/a><\/td>\n<\/tr>\n<tr>\n<td style=\"width: 200px; vertical-align: top; font-weight: bold; border-color: #FFFFFF; border-bottom: 1px solid #58B6FE; padding-top: 20px;\">Guidage\npour pistons\net tiges<\/td>\n<td style=\"padding-bottom: 20px; vertical-align: top; text-align: center; border-bottom: 1px solid #58B6FE; border-top-color: white; padding-top: 20px; padding-left: 15px;\" colspan=\"2\"><img decoding=\"async\" style=\"max-width: 100%;\" src=\"https:\/\/fgti-distribution.fr\/wp-content\/themes\/twentyeleven\/images\/guidage-pistons-et-tiges.jpg\" \/><\/td>\n<\/tr>\n<\/tbody>\n<\/table><\/div><\/div><\/div><\/div><\/div><\/div><\/div><!-- cell_inner --><\/div><!-- cell --><\/div><!-- port --><\/section>","protected":false},"excerpt":{"rendered":"","protected":false},"author":1,"featured_media":0,"parent":5052,"menu_order":0,"comment_status":"closed","ping_status":"closed","template":"","meta":{"footnotes":""},"class_list":["post-5463","page","type-page","status-publish","hentry"],"yoast_head":"<!-- This site is optimized with the Yoast SEO plugin v27.3 - https:\/\/yoast.com\/product\/yoast-seo-wordpress\/ -->\n<title>Joints d&#039;\u00e9tanch\u00e9it\u00e9 - Guidages pour pistons et tiges - FGTI Distribution<\/title>\n<meta name=\"description\" content=\"Joints d&#039;\u00e9tanch\u00e9it\u00e9 - Guidages pour pistons et tiges : d\u00e9couvrez toutes les solutions de joints d&#039;\u00e9tanch\u00e9it\u00e9 : www.fgti-distribution.fr\" \/>\n<meta name=\"robots\" content=\"index, follow, max-snippet:-1, max-image-preview:large, max-video-preview:-1\" \/>\n<link rel=\"canonical\" href=\"https:\/\/fgti-distribution.fr\/it\/guarnizioni-idrauliche\/guidages-pistons-tiges\/\" \/>\n<meta property=\"og:locale\" content=\"it_IT\" \/>\n<meta property=\"og:type\" content=\"article\" \/>\n<meta property=\"og:title\" content=\"Joints d&#039;\u00e9tanch\u00e9it\u00e9 - Guidages pour pistons et tiges - FGTI Distribution\" \/>\n<meta property=\"og:description\" content=\"Joints d&#039;\u00e9tanch\u00e9it\u00e9 - Guidages pour pistons et tiges : d\u00e9couvrez toutes les solutions de joints d&#039;\u00e9tanch\u00e9it\u00e9 : www.fgti-distribution.fr\" \/>\n<meta property=\"og:url\" content=\"https:\/\/fgti-distribution.fr\/it\/guarnizioni-idrauliche\/guidages-pistons-tiges\/\" \/>\n<meta property=\"og:site_name\" content=\"FGTI Distribution\" \/>\n<meta property=\"article:modified_time\" content=\"2024-02-05T13:47:31+00:00\" \/>\n<meta name=\"twitter:card\" content=\"summary_large_image\" \/>\n<meta name=\"twitter:label1\" content=\"Est. reading time\" \/>\n\t<meta name=\"twitter:data1\" content=\"1 minuto\" \/>\n<script type=\"application\/ld+json\" class=\"yoast-schema-graph\">{\"@context\":\"https:\\\/\\\/schema.org\",\"@graph\":[{\"@type\":\"WebPage\",\"@id\":\"https:\\\/\\\/fgti-distribution.fr\\\/joints-etancheite-idg\\\/guidages-pistons-tiges\\\/\",\"url\":\"https:\\\/\\\/fgti-distribution.fr\\\/joints-etancheite-idg\\\/guidages-pistons-tiges\\\/\",\"name\":\"Joints d'\u00e9tanch\u00e9it\u00e9 - Guidages pour pistons et tiges - FGTI Distribution\",\"isPartOf\":{\"@id\":\"https:\\\/\\\/fgti-distribution.fr\\\/#website\"},\"datePublished\":\"2019-04-25T18:13:55+00:00\",\"dateModified\":\"2024-02-05T13:47:31+00:00\",\"description\":\"Joints d'\u00e9tanch\u00e9it\u00e9 - Guidages pour pistons et tiges : d\u00e9couvrez toutes les solutions de joints d'\u00e9tanch\u00e9it\u00e9 : www.fgti-distribution.fr\",\"breadcrumb\":{\"@id\":\"https:\\\/\\\/fgti-distribution.fr\\\/joints-etancheite-idg\\\/guidages-pistons-tiges\\\/#breadcrumb\"},\"inLanguage\":\"it-IT\",\"potentialAction\":[{\"@type\":\"ReadAction\",\"target\":[\"https:\\\/\\\/fgti-distribution.fr\\\/joints-etancheite-idg\\\/guidages-pistons-tiges\\\/\"]}]},{\"@type\":\"BreadcrumbList\",\"@id\":\"https:\\\/\\\/fgti-distribution.fr\\\/joints-etancheite-idg\\\/guidages-pistons-tiges\\\/#breadcrumb\",\"itemListElement\":[{\"@type\":\"ListItem\",\"position\":1,\"name\":\"Home\",\"item\":\"https:\\\/\\\/fgti-distribution.fr\\\/\"},{\"@type\":\"ListItem\",\"position\":2,\"name\":\"Joints d&rsquo;\u00e9tanch\u00e9it\u00e9 IDG\",\"item\":\"https:\\\/\\\/fgti-distribution.fr\\\/joints-etancheite-idg\\\/\"},{\"@type\":\"ListItem\",\"position\":3,\"name\":\"Guidages pour pistons et tiges\"}]},{\"@type\":\"WebSite\",\"@id\":\"https:\\\/\\\/fgti-distribution.fr\\\/#website\",\"url\":\"https:\\\/\\\/fgti-distribution.fr\\\/\",\"name\":\"FGTI Distribution\",\"description\":\"Pi\u00e8ces techniques et services \u00e0 forte valeur ajout\u00e9e\",\"publisher\":{\"@id\":\"https:\\\/\\\/fgti-distribution.fr\\\/#organization\"},\"alternateName\":\"FGTI Distribution\",\"potentialAction\":[{\"@type\":\"SearchAction\",\"target\":{\"@type\":\"EntryPoint\",\"urlTemplate\":\"https:\\\/\\\/fgti-distribution.fr\\\/?s={search_term_string}\"},\"query-input\":{\"@type\":\"PropertyValueSpecification\",\"valueRequired\":true,\"valueName\":\"search_term_string\"}}],\"inLanguage\":\"it-IT\"},{\"@type\":\"Organization\",\"@id\":\"https:\\\/\\\/fgti-distribution.fr\\\/#organization\",\"name\":\"FGTI Distribution\",\"alternateName\":\"FGTI Distribution\",\"url\":\"https:\\\/\\\/fgti-distribution.fr\\\/\",\"logo\":{\"@type\":\"ImageObject\",\"inLanguage\":\"it-IT\",\"@id\":\"https:\\\/\\\/fgti-distribution.fr\\\/#\\\/schema\\\/logo\\\/image\\\/\",\"url\":\"https:\\\/\\\/fgti-distribution.fr\\\/wp-content\\\/uploads\\\/2022\\\/12\\\/logo.png\",\"contentUrl\":\"https:\\\/\\\/fgti-distribution.fr\\\/wp-content\\\/uploads\\\/2022\\\/12\\\/logo.png\",\"width\":500,\"height\":228,\"caption\":\"FGTI Distribution\"},\"image\":{\"@id\":\"https:\\\/\\\/fgti-distribution.fr\\\/#\\\/schema\\\/logo\\\/image\\\/\"},\"sameAs\":[\"https:\\\/\\\/www.linkedin.com\\\/company\\\/fgti-distribution\\\/\"]}]}<\/script>\n<!-- \/ Yoast SEO plugin. -->","yoast_head_json":{"title":"Joints d'\u00e9tanch\u00e9it\u00e9 - Guidages pour pistons et tiges - FGTI Distribution","description":"Joints d'\u00e9tanch\u00e9it\u00e9 - Guidages pour pistons et tiges : d\u00e9couvrez toutes les solutions de joints d'\u00e9tanch\u00e9it\u00e9 : www.fgti-distribution.fr","robots":{"index":"index","follow":"follow","max-snippet":"max-snippet:-1","max-image-preview":"max-image-preview:large","max-video-preview":"max-video-preview:-1"},"canonical":"https:\/\/fgti-distribution.fr\/it\/guarnizioni-idrauliche\/guidages-pistons-tiges\/","og_locale":"it_IT","og_type":"article","og_title":"Joints d'\u00e9tanch\u00e9it\u00e9 - Guidages pour pistons et tiges - FGTI Distribution","og_description":"Joints d'\u00e9tanch\u00e9it\u00e9 - Guidages pour pistons et tiges : d\u00e9couvrez toutes les solutions de joints d'\u00e9tanch\u00e9it\u00e9 : www.fgti-distribution.fr","og_url":"https:\/\/fgti-distribution.fr\/it\/guarnizioni-idrauliche\/guidages-pistons-tiges\/","og_site_name":"FGTI Distribution","article_modified_time":"2024-02-05T13:47:31+00:00","twitter_card":"summary_large_image","twitter_misc":{"Est. reading time":"1 minuto"},"schema":{"@context":"https:\/\/schema.org","@graph":[{"@type":"WebPage","@id":"https:\/\/fgti-distribution.fr\/joints-etancheite-idg\/guidages-pistons-tiges\/","url":"https:\/\/fgti-distribution.fr\/joints-etancheite-idg\/guidages-pistons-tiges\/","name":"Joints d'\u00e9tanch\u00e9it\u00e9 - Guidages pour pistons et tiges - FGTI Distribution","isPartOf":{"@id":"https:\/\/fgti-distribution.fr\/#website"},"datePublished":"2019-04-25T18:13:55+00:00","dateModified":"2024-02-05T13:47:31+00:00","description":"Joints d'\u00e9tanch\u00e9it\u00e9 - Guidages pour pistons et tiges : d\u00e9couvrez toutes les solutions de joints d'\u00e9tanch\u00e9it\u00e9 : www.fgti-distribution.fr","breadcrumb":{"@id":"https:\/\/fgti-distribution.fr\/joints-etancheite-idg\/guidages-pistons-tiges\/#breadcrumb"},"inLanguage":"it-IT","potentialAction":[{"@type":"ReadAction","target":["https:\/\/fgti-distribution.fr\/joints-etancheite-idg\/guidages-pistons-tiges\/"]}]},{"@type":"BreadcrumbList","@id":"https:\/\/fgti-distribution.fr\/joints-etancheite-idg\/guidages-pistons-tiges\/#breadcrumb","itemListElement":[{"@type":"ListItem","position":1,"name":"Home","item":"https:\/\/fgti-distribution.fr\/"},{"@type":"ListItem","position":2,"name":"Joints d&rsquo;\u00e9tanch\u00e9it\u00e9 IDG","item":"https:\/\/fgti-distribution.fr\/joints-etancheite-idg\/"},{"@type":"ListItem","position":3,"name":"Guidages pour pistons et tiges"}]},{"@type":"WebSite","@id":"https:\/\/fgti-distribution.fr\/#website","url":"https:\/\/fgti-distribution.fr\/","name":"Distribuzione FGTI","description":"Parti tecniche e servizi ad alto valore aggiunto","publisher":{"@id":"https:\/\/fgti-distribution.fr\/#organization"},"alternateName":"FGTI Distribution","potentialAction":[{"@type":"SearchAction","target":{"@type":"EntryPoint","urlTemplate":"https:\/\/fgti-distribution.fr\/?s={search_term_string}"},"query-input":{"@type":"PropertyValueSpecification","valueRequired":true,"valueName":"search_term_string"}}],"inLanguage":"it-IT"},{"@type":"Organization","@id":"https:\/\/fgti-distribution.fr\/#organization","name":"Distribuzione FGTI","alternateName":"FGTI Distribution","url":"https:\/\/fgti-distribution.fr\/","logo":{"@type":"ImageObject","inLanguage":"it-IT","@id":"https:\/\/fgti-distribution.fr\/#\/schema\/logo\/image\/","url":"https:\/\/fgti-distribution.fr\/wp-content\/uploads\/2022\/12\/logo.png","contentUrl":"https:\/\/fgti-distribution.fr\/wp-content\/uploads\/2022\/12\/logo.png","width":500,"height":228,"caption":"FGTI Distribution"},"image":{"@id":"https:\/\/fgti-distribution.fr\/#\/schema\/logo\/image\/"},"sameAs":["https:\/\/www.linkedin.com\/company\/fgti-distribution\/"]}]}},"_links":{"self":[{"href":"https:\/\/fgti-distribution.fr\/it\/wp-json\/wp\/v2\/pages\/5463","targetHints":{"allow":["GET"]}}],"collection":[{"href":"https:\/\/fgti-distribution.fr\/it\/wp-json\/wp\/v2\/pages"}],"about":[{"href":"https:\/\/fgti-distribution.fr\/it\/wp-json\/wp\/v2\/types\/page"}],"author":[{"embeddable":true,"href":"https:\/\/fgti-distribution.fr\/it\/wp-json\/wp\/v2\/users\/1"}],"replies":[{"embeddable":true,"href":"https:\/\/fgti-distribution.fr\/it\/wp-json\/wp\/v2\/comments?post=5463"}],"version-history":[{"count":10,"href":"https:\/\/fgti-distribution.fr\/it\/wp-json\/wp\/v2\/pages\/5463\/revisions"}],"predecessor-version":[{"id":9089,"href":"https:\/\/fgti-distribution.fr\/it\/wp-json\/wp\/v2\/pages\/5463\/revisions\/9089"}],"up":[{"embeddable":true,"href":"https:\/\/fgti-distribution.fr\/it\/wp-json\/wp\/v2\/pages\/5052"}],"wp:attachment":[{"href":"https:\/\/fgti-distribution.fr\/it\/wp-json\/wp\/v2\/media?parent=5463"}],"curies":[{"name":"wp","href":"https:\/\/api.w.org\/{rel}","templated":true}]}}