{"id":5949,"date":"2020-01-02T15:37:01","date_gmt":"2020-01-02T15:37:01","guid":{"rendered":"https:\/\/fgti-distribution.fr\/?page_id=5949"},"modified":"2024-05-15T12:20:28","modified_gmt":"2024-05-15T12:20:28","slug":"fissaggio-assemblaggio-idraulico","status":"publish","type":"page","link":"https:\/\/fgti-distribution.fr\/it\/fixation-araymond\/fixation-assemblage-plomberie\/","title":{"rendered":"Fissaggio e assemblaggio HVAC (riscaldamento, ventilazione e aria condizionata)"},"content":{"rendered":"<section id=\"bt_bb_section69ef9c5e6feb5\" class=\"bt_bb_section bt_bb_layout_boxed_1200\"  data-bt-override-class=\"null\"><div class=\"bt_bb_port\"><div class=\"bt_bb_cell\"><div class=\"bt_bb_cell_inner\"><div class=\"bt_bb_row\"  data-bt-override-class=\"{}\"><div class=\"bt_bb_row_holder\" ><div  class=\"bt_bb_column col-xxl-12 col-xl-12 col-xs-12 col-sm-12 col-md-12 col-lg-12 bt_bb_vertical_align_top bt_bb_align_left bt_bb_padding_normal\" style=\"; --column-width:12;\" data-width=\"12\" data-bt-override-class=\"{}\"><div class=\"bt_bb_column_content\"><div class=\"bt_bb_column_content_inner\"><div class=\"bt_bb_raw_content\"><h2 style=\"color: #172983; font-size: 22px; text-transform: uppercase; text-align: left;\">SOLUZIONI DI FISSAGGIO HVAC (riscaldamento, ventilazione e condizionamento dell'aria)<\/h2>\n<h3 style=\"color: #172983; font-size: 17px; text-align: left;\">La distribuzione del fluido<\/h3>\n<p style=\"display: inline; line-height: 18px;\">Qualunque siano le vostre esigenze di fissaggio o di assemblaggio, FGTI Distribution ha una soluzione ARaymond per gestire la funzione di cui avete bisogno. Questi sistemi a fissaggio rapido, che non richiedono attrezzi, possono sostituire le soluzioni esistenti per un'installazione facile e veloce. <u>montaggio pi\u00f9 efficiente con costi di manutenzione ridotti<\/u>.<\/p>\n<p>\u00a0<\/p><\/div><div data-bb-version=\"4.9.1\" class=\"bt_bb_image bt_bb_shape_square bt_bb_target_self bt_bb_align_inherit bt_bb_hover_style_simple bt_bb_content_display_always bt_bb_content_align_middle bt_bb_remove_padding_yes bt_bb_fill_background_color_full\" style=\"display: none;\" data-bt-override-class=\"{&quot;bt_bb_align_&quot;:{&quot;current_class&quot;:&quot;bt_bb_align_inherit&quot;,&quot;def&quot;:&quot;inherit&quot;}}\"><span><img loading=\"lazy\" decoding=\"async\" width=\"2381\" height=\"1197\" src=\"https:\/\/fgti-distribution.fr\/wp-content\/uploads\/2024\/04\/fixations-assemblage-hvac.jpg\" class=\"attachment-full size-full\" alt=\"Elementi di fissaggio e assemblaggio HVAC\" data-full_image_src=\"https:\/\/fgti-distribution.fr\/wp-content\/uploads\/2024\/04\/fixations-assemblage-hvac.jpg\" srcset=\"https:\/\/fgti-distribution.fr\/wp-content\/uploads\/2024\/04\/fixations-assemblage-hvac.jpg 2381w, https:\/\/fgti-distribution.fr\/wp-content\/uploads\/2024\/04\/fixations-assemblage-hvac-640x322.jpg 640w, https:\/\/fgti-distribution.fr\/wp-content\/uploads\/2024\/04\/fixations-assemblage-hvac-1280x643.jpg 1280w, https:\/\/fgti-distribution.fr\/wp-content\/uploads\/2024\/04\/fixations-assemblage-hvac-768x386.jpg 768w, https:\/\/fgti-distribution.fr\/wp-content\/uploads\/2024\/04\/fixations-assemblage-hvac-1536x772.jpg 1536w, https:\/\/fgti-distribution.fr\/wp-content\/uploads\/2024\/04\/fixations-assemblage-hvac-2048x1030.jpg 2048w, https:\/\/fgti-distribution.fr\/wp-content\/uploads\/2024\/04\/fixations-assemblage-hvac-320x161.jpg 320w\" sizes=\"auto, (max-width: 2381px) 100vw, 2381px\" \/><\/span><\/div><div class=\"bt_bb_raw_content\"><h3 style=\"color: #172983;  \">FGTI Distribution propone numerose soluzioni al mercato HVAC: <\/h3><\/div><div data-bb-version=\"4.9.1\" class=\"bt_bb_row_inner\"   data-bt-override-class=\"{}\"><div class=\"bt_bb_row_inner_holder\"  ><div data-bb-version=\"4.9.1\"  class=\"bt_bb_column_inner col-xxl-6 col-xl-6 col-xs-12 col-sm-6 col-md-6 col-lg-6 bt_bb_vertical_align_top bt_bb_align_left bt_bb_padding_normal\"  data-width=\"6\" data-bt-override-class=\"{}\"><div class=\"bt_bb_column_inner_content\"><div class=\"bt_bb_column_inner_content_inner\"><div class=\"bt_bb_raw_content\"><table>\n<tr>\n<td style=\"width: 20%;vertical-align: top;\">\n<img decoding=\"async\" src=\"\/FGTI_images\/supports-tubes-a-monter-bords-de-panneaux.jpg\" style=\"width: 50px;\" alt=\"Supporti tubolari da montare ai bordi dei pannelli\">\n<\/td>\n<td style=\"font-size: 14px;\">\n<b>Supporti per tubi da montare ai bordi dei pannelli. <\/b>\nPer fissare cavi elettrici, tubi o tubi corrugati a strutture o pannelli metallici. Le fascette di cablaggio disponibili hanno caratteristiche aggiuntive come le clip per i bordi, la funzione abete o piede di ancoraggio, le clip in plastica per il fissaggio e la funzione tubo e\/o girevole.\n<\/td>\n<\/tr>\n<tr>\n<td style=\"width: 20%;vertical-align: top;\">\n<img decoding=\"async\" src=\"\/FGTI_images\/support-tube-plastique.jpg\" style=\"width: 50px;\" alt=\"supporto per tubi in plastica\">\n<\/td>\n<td style=\"font-size: 14px;\">\n<b>Tubo di supporto in plastica. <\/b>\nQuesti componenti sono semplici da installare e garantiscono un fissaggio affidabile. Esiste un'ampia gamma di prodotti che si adattano a diversi ambienti, come ad esempio in un foro, sul bordo di un pannello, su un perno, su cavi\/tubi\/tubi e su superfici piane.\n<\/td>\n<\/tr>\n<tr>\n<td style=\"width: 20%;vertical-align: top;\">\n<img decoding=\"async\" src=\"\/FGTI_images\/ecrous-bord-de-panneau.jpg\" style=\"width: 50px;\" alt=\"noci bordo pannello.\">\n<\/td>\n<td style=\"font-size: 14px;\">\n<b>Rivetti a pizzicare sul bordo del pannello. <\/b>\nLa maggior parte delle unit\u00e0 HVAC \u00e8 costituita da sottili pannelli di lamiera, che fungono da copertura e sono fissati a un telaio metallico interno. Queste soluzioni evitano la necessit\u00e0 di sostituire un intero pannello a causa della lamiera e delle viti metalliche. \n<\/td>\n<\/tr>\n<tr>\n<td style=\"width: 20%;vertical-align: top;\">\n<img decoding=\"async\" src=\"\/FGTI_images\/agrafes-bord-de-panneau.jpg\" style=\"width: 50px;\" alt=\"Graffette a pinzare sul bordo del pannello.\">\n<\/td>\n<td style=\"font-size: 14px;\">\n<b>Graffette a pinzare sul bordo del pannello. <\/b>\nLa funzione principale \u00e8 fissare due pannelli tra loro. Questo assemblaggio pu\u00f2 essere realizzato con due pannelli provenienti dalla stessa direzione (U-Clips) o con due pannelli provenienti da direzioni opposte (S-Clips). \n<\/td>\n<\/tr>\n<\/table><\/div><\/div><\/div><\/div><div data-bb-version=\"4.9.1\"  class=\"bt_bb_column_inner col-xxl-6 col-xl-6 col-xs-12 col-sm-6 col-md-6 col-lg-6 bt_bb_vertical_align_top bt_bb_align_left bt_bb_padding_normal\"  data-width=\"6\" data-bt-override-class=\"{}\"><div class=\"bt_bb_column_inner_content\"><div class=\"bt_bb_column_inner_content_inner\"><div class=\"bt_bb_raw_content\"><table>\n<tr>\n<td style=\"width: 20%;vertical-align: top;\">\n<img decoding=\"async\" src=\"\/FGTI_images\/arrets-axe.jpg\" style=\"width: 50px;\" alt=\"Arresti di asse\">\n<\/td>\n<td style=\"font-size: 14px;\">\n<b>Arresti assiali. .<\/b>\nFacilissimi da usare, offrono diversi vantaggi rispetto agli utensili tradizionali.\nI fermi d'albero eliminano la necessit\u00e0 di una rondella e riducono i costi. I fermi d'albero richiedono una coppia inferiore e l'opzione autofilettante elimina la necessit\u00e0 di un'asta filettata.\n<\/td>\n<\/tr>\n<tr>\n<td style=\"width: 20%;vertical-align: top;\">\n<img decoding=\"async\" src=\"\/FGTI_images\/support-tube-metal.jpg\" style=\"width: 50px;\" alt=\"Tubo di supporto metallico\">\n<\/td>\n<td style=\"font-size: 14px;\">\n<b>Tubo di supporto metallico.<\/b>\nStessa funzione di quelli in plastica, i supporti tubolari in metallo consentono di lavorare in ambienti pi\u00f9 difficili (applicazioni esterne, alta temperatura dei tubi, ritenzione elevata).\n<\/td>\n<\/tr>\n<tr>\n<td style=\"width: 20%;vertical-align: top;\">\n<img decoding=\"async\" src=\"\/FGTI_images\/raccords-rapides-pour-fluide.jpg\" style=\"width: 50px;\" alt=\"Attacchi per fluidi a sgancio rapido\">\n<\/td>\n<td style=\"font-size: 14px;\">\n<b>Raccordi rapidi per fluidi. <\/b>\nI connettori rapidi ARaymond sono ideali per le applicazioni HVAC. I connettori possono ridurre l'utilizzo di rame ed eliminare la necessit\u00e0 di saldatura, operazioni di autoaggancio e avvitatura sulla linea di assemblaggio.\n<\/td>\n<\/tr>\n<tr>\n<td style=\"width: 20%;vertical-align: top;\">\n<img decoding=\"async\" src=\"\/FGTI_images\/agrafes-de-panneaux-a-clipper.jpg\" style=\"width: 50px;\" alt=\"Clip a pannello\">\n<\/td>\n<td style=\"font-size: 14px;\">\n<b>Clip per pannelli. <\/b>\nLe clip per pannelli sostituiscono le soluzioni tradizionali come viti o rivetti. A seconda del modello, si inserisce in un foro del pannello o in un foro cieco. Una soluzione estetica grazie alla sua testa piccola.\n<\/td>\n<\/tr>\n<\/table><\/div><\/div><\/div><\/div><\/div><\/div><div class=\"bt_bb_raw_content\"><p>\u00a0<\/p>\n<p style=\"text-align: left;\">Per accedere direttamente alle schede tecniche dettagliate, <a style=\"font-size: 14px; color: white; background: #172983; padding: 5px 10px; border-radius: 5px;\" href=\"https:\/\/fgti-distribution.fr\/it\/fissaggio-araymond\/fiches-dettagliate-araymond\/\">clicca qui<\/a><\/p><\/div><\/div><\/div><\/div><\/div><\/div><\/div><!-- cell_inner --><\/div><!-- cell --><\/div><!-- port --><\/section>","protected":false},"excerpt":{"rendered":"","protected":false},"author":1,"featured_media":7486,"parent":10,"menu_order":0,"comment_status":"closed","ping_status":"closed","template":"","meta":{"footnotes":""},"class_list":["post-5949","page","type-page","status-publish","has-post-thumbnail","hentry"],"yoast_head":"<!-- This site is optimized with the Yoast SEO plugin v27.3 - https:\/\/yoast.com\/product\/yoast-seo-wordpress\/ -->\n<title>FGTI Distribution - Fixation et assemblage pour la plomberie<\/title>\n<meta name=\"description\" content=\"Quelles que soient vos probl\u00e9matiques de fixation ou d\u2019assemblage pour la plomberie, FGTI Distribution vous propose une solution ARaymond.\" \/>\n<meta name=\"robots\" content=\"index, follow, max-snippet:-1, max-image-preview:large, max-video-preview:-1\" \/>\n<link rel=\"canonical\" href=\"https:\/\/fgti-distribution.fr\/it\/fissaggio-araymond\/fissaggio-assemblaggio-idraulico\/\" \/>\n<meta property=\"og:locale\" content=\"it_IT\" \/>\n<meta property=\"og:type\" content=\"article\" \/>\n<meta property=\"og:title\" content=\"FGTI Distribution - Fixation et assemblage pour la plomberie\" \/>\n<meta property=\"og:description\" content=\"Quelles que soient vos probl\u00e9matiques de fixation ou d\u2019assemblage pour la plomberie, FGTI Distribution vous propose une solution ARaymond.\" \/>\n<meta property=\"og:url\" content=\"https:\/\/fgti-distribution.fr\/it\/fissaggio-araymond\/fissaggio-assemblaggio-idraulico\/\" \/>\n<meta property=\"og:site_name\" content=\"FGTI Distribution\" \/>\n<meta property=\"article:modified_time\" content=\"2024-05-15T12:20:28+00:00\" \/>\n<meta property=\"og:image\" content=\"https:\/\/fgti-distribution.fr\/wp-content\/uploads\/2023\/02\/fixation-assemblage-plomberie.jpg\" \/>\n\t<meta property=\"og:image:width\" content=\"1600\" \/>\n\t<meta property=\"og:image:height\" content=\"430\" \/>\n\t<meta property=\"og:image:type\" content=\"image\/jpeg\" \/>\n<meta name=\"twitter:card\" content=\"summary_large_image\" \/>\n<meta name=\"twitter:label1\" content=\"Est. reading time\" \/>\n\t<meta name=\"twitter:data1\" content=\"1 minuto\" \/>\n<script type=\"application\/ld+json\" class=\"yoast-schema-graph\">{\"@context\":\"https:\\\/\\\/schema.org\",\"@graph\":[{\"@type\":\"WebPage\",\"@id\":\"https:\\\/\\\/fgti-distribution.fr\\\/fixation-araymond\\\/fixation-assemblage-plomberie\\\/\",\"url\":\"https:\\\/\\\/fgti-distribution.fr\\\/fixation-araymond\\\/fixation-assemblage-plomberie\\\/\",\"name\":\"FGTI Distribution - Fixation et assemblage pour la plomberie\",\"isPartOf\":{\"@id\":\"https:\\\/\\\/fgti-distribution.fr\\\/#website\"},\"primaryImageOfPage\":{\"@id\":\"https:\\\/\\\/fgti-distribution.fr\\\/fixation-araymond\\\/fixation-assemblage-plomberie\\\/#primaryimage\"},\"image\":{\"@id\":\"https:\\\/\\\/fgti-distribution.fr\\\/fixation-araymond\\\/fixation-assemblage-plomberie\\\/#primaryimage\"},\"thumbnailUrl\":\"https:\\\/\\\/fgti-distribution.fr\\\/wp-content\\\/uploads\\\/2023\\\/02\\\/fixation-assemblage-plomberie.jpg\",\"datePublished\":\"2020-01-02T15:37:01+00:00\",\"dateModified\":\"2024-05-15T12:20:28+00:00\",\"description\":\"Quelles que soient vos probl\u00e9matiques de fixation ou d\u2019assemblage pour la plomberie, FGTI Distribution vous propose une solution ARaymond.\",\"breadcrumb\":{\"@id\":\"https:\\\/\\\/fgti-distribution.fr\\\/fixation-araymond\\\/fixation-assemblage-plomberie\\\/#breadcrumb\"},\"inLanguage\":\"it-IT\",\"potentialAction\":[{\"@type\":\"ReadAction\",\"target\":[\"https:\\\/\\\/fgti-distribution.fr\\\/fixation-araymond\\\/fixation-assemblage-plomberie\\\/\"]}]},{\"@type\":\"ImageObject\",\"inLanguage\":\"it-IT\",\"@id\":\"https:\\\/\\\/fgti-distribution.fr\\\/fixation-araymond\\\/fixation-assemblage-plomberie\\\/#primaryimage\",\"url\":\"https:\\\/\\\/fgti-distribution.fr\\\/wp-content\\\/uploads\\\/2023\\\/02\\\/fixation-assemblage-plomberie.jpg\",\"contentUrl\":\"https:\\\/\\\/fgti-distribution.fr\\\/wp-content\\\/uploads\\\/2023\\\/02\\\/fixation-assemblage-plomberie.jpg\",\"width\":1600,\"height\":430,\"caption\":\"fixation assemblage plomberie\"},{\"@type\":\"BreadcrumbList\",\"@id\":\"https:\\\/\\\/fgti-distribution.fr\\\/fixation-araymond\\\/fixation-assemblage-plomberie\\\/#breadcrumb\",\"itemListElement\":[{\"@type\":\"ListItem\",\"position\":1,\"name\":\"Home\",\"item\":\"https:\\\/\\\/fgti-distribution.fr\\\/\"},{\"@type\":\"ListItem\",\"position\":2,\"name\":\"Fixations ARaymond\",\"item\":\"https:\\\/\\\/fgti-distribution.fr\\\/fixation-araymond\\\/\"},{\"@type\":\"ListItem\",\"position\":3,\"name\":\"Fixation et assemblage HVAC (chauffage, ventilation et climatisation)\"}]},{\"@type\":\"WebSite\",\"@id\":\"https:\\\/\\\/fgti-distribution.fr\\\/#website\",\"url\":\"https:\\\/\\\/fgti-distribution.fr\\\/\",\"name\":\"FGTI Distribution\",\"description\":\"Pi\u00e8ces techniques et services \u00e0 forte valeur ajout\u00e9e\",\"publisher\":{\"@id\":\"https:\\\/\\\/fgti-distribution.fr\\\/#organization\"},\"alternateName\":\"FGTI Distribution\",\"potentialAction\":[{\"@type\":\"SearchAction\",\"target\":{\"@type\":\"EntryPoint\",\"urlTemplate\":\"https:\\\/\\\/fgti-distribution.fr\\\/?s={search_term_string}\"},\"query-input\":{\"@type\":\"PropertyValueSpecification\",\"valueRequired\":true,\"valueName\":\"search_term_string\"}}],\"inLanguage\":\"it-IT\"},{\"@type\":\"Organization\",\"@id\":\"https:\\\/\\\/fgti-distribution.fr\\\/#organization\",\"name\":\"FGTI Distribution\",\"alternateName\":\"FGTI Distribution\",\"url\":\"https:\\\/\\\/fgti-distribution.fr\\\/\",\"logo\":{\"@type\":\"ImageObject\",\"inLanguage\":\"it-IT\",\"@id\":\"https:\\\/\\\/fgti-distribution.fr\\\/#\\\/schema\\\/logo\\\/image\\\/\",\"url\":\"https:\\\/\\\/fgti-distribution.fr\\\/wp-content\\\/uploads\\\/2022\\\/12\\\/logo.png\",\"contentUrl\":\"https:\\\/\\\/fgti-distribution.fr\\\/wp-content\\\/uploads\\\/2022\\\/12\\\/logo.png\",\"width\":500,\"height\":228,\"caption\":\"FGTI Distribution\"},\"image\":{\"@id\":\"https:\\\/\\\/fgti-distribution.fr\\\/#\\\/schema\\\/logo\\\/image\\\/\"},\"sameAs\":[\"https:\\\/\\\/www.linkedin.com\\\/company\\\/fgti-distribution\\\/\"]}]}<\/script>\n<!-- \/ Yoast SEO plugin. -->","yoast_head_json":{"title":"FGTI Distribuzione - Fissaggio e assemblaggio per idraulica","description":"Qualunque siano le tue problematiche di fissaggio o assemblaggio per la idraulica, FGTI Distribution ti propone una soluzione ARaymond.","robots":{"index":"index","follow":"follow","max-snippet":"max-snippet:-1","max-image-preview":"max-image-preview:large","max-video-preview":"max-video-preview:-1"},"canonical":"https:\/\/fgti-distribution.fr\/it\/fissaggio-araymond\/fissaggio-assemblaggio-idraulico\/","og_locale":"it_IT","og_type":"article","og_title":"FGTI Distribution - Fixation et assemblage pour la plomberie","og_description":"Quelles que soient vos probl\u00e9matiques de fixation ou d\u2019assemblage pour la plomberie, FGTI Distribution vous propose une solution ARaymond.","og_url":"https:\/\/fgti-distribution.fr\/it\/fissaggio-araymond\/fissaggio-assemblaggio-idraulico\/","og_site_name":"FGTI Distribution","article_modified_time":"2024-05-15T12:20:28+00:00","og_image":[{"width":1600,"height":430,"url":"https:\/\/fgti-distribution.fr\/wp-content\/uploads\/2023\/02\/fixation-assemblage-plomberie.jpg","type":"image\/jpeg"}],"twitter_card":"summary_large_image","twitter_misc":{"Est. reading time":"1 minuto"},"schema":{"@context":"https:\/\/schema.org","@graph":[{"@type":"WebPage","@id":"https:\/\/fgti-distribution.fr\/fixation-araymond\/fixation-assemblage-plomberie\/","url":"https:\/\/fgti-distribution.fr\/fixation-araymond\/fixation-assemblage-plomberie\/","name":"FGTI Distribuzione - Fissaggio e assemblaggio per idraulica","isPartOf":{"@id":"https:\/\/fgti-distribution.fr\/#website"},"primaryImageOfPage":{"@id":"https:\/\/fgti-distribution.fr\/fixation-araymond\/fixation-assemblage-plomberie\/#primaryimage"},"image":{"@id":"https:\/\/fgti-distribution.fr\/fixation-araymond\/fixation-assemblage-plomberie\/#primaryimage"},"thumbnailUrl":"https:\/\/fgti-distribution.fr\/wp-content\/uploads\/2023\/02\/fixation-assemblage-plomberie.jpg","datePublished":"2020-01-02T15:37:01+00:00","dateModified":"2024-05-15T12:20:28+00:00","description":"Qualunque siano le tue problematiche di fissaggio o assemblaggio per la idraulica, FGTI Distribution ti propone una soluzione ARaymond.","breadcrumb":{"@id":"https:\/\/fgti-distribution.fr\/fixation-araymond\/fixation-assemblage-plomberie\/#breadcrumb"},"inLanguage":"it-IT","potentialAction":[{"@type":"ReadAction","target":["https:\/\/fgti-distribution.fr\/fixation-araymond\/fixation-assemblage-plomberie\/"]}]},{"@type":"ImageObject","inLanguage":"it-IT","@id":"https:\/\/fgti-distribution.fr\/fixation-araymond\/fixation-assemblage-plomberie\/#primaryimage","url":"https:\/\/fgti-distribution.fr\/wp-content\/uploads\/2023\/02\/fixation-assemblage-plomberie.jpg","contentUrl":"https:\/\/fgti-distribution.fr\/wp-content\/uploads\/2023\/02\/fixation-assemblage-plomberie.jpg","width":1600,"height":430,"caption":"fixation assemblage plomberie"},{"@type":"BreadcrumbList","@id":"https:\/\/fgti-distribution.fr\/fixation-araymond\/fixation-assemblage-plomberie\/#breadcrumb","itemListElement":[{"@type":"ListItem","position":1,"name":"Home","item":"https:\/\/fgti-distribution.fr\/"},{"@type":"ListItem","position":2,"name":"Fixations ARaymond","item":"https:\/\/fgti-distribution.fr\/fixation-araymond\/"},{"@type":"ListItem","position":3,"name":"Fixation et assemblage HVAC (chauffage, ventilation et climatisation)"}]},{"@type":"WebSite","@id":"https:\/\/fgti-distribution.fr\/#website","url":"https:\/\/fgti-distribution.fr\/","name":"Distribuzione FGTI","description":"Parti tecniche e servizi ad alto valore aggiunto","publisher":{"@id":"https:\/\/fgti-distribution.fr\/#organization"},"alternateName":"FGTI Distribution","potentialAction":[{"@type":"SearchAction","target":{"@type":"EntryPoint","urlTemplate":"https:\/\/fgti-distribution.fr\/?s={search_term_string}"},"query-input":{"@type":"PropertyValueSpecification","valueRequired":true,"valueName":"search_term_string"}}],"inLanguage":"it-IT"},{"@type":"Organization","@id":"https:\/\/fgti-distribution.fr\/#organization","name":"Distribuzione FGTI","alternateName":"FGTI Distribution","url":"https:\/\/fgti-distribution.fr\/","logo":{"@type":"ImageObject","inLanguage":"it-IT","@id":"https:\/\/fgti-distribution.fr\/#\/schema\/logo\/image\/","url":"https:\/\/fgti-distribution.fr\/wp-content\/uploads\/2022\/12\/logo.png","contentUrl":"https:\/\/fgti-distribution.fr\/wp-content\/uploads\/2022\/12\/logo.png","width":500,"height":228,"caption":"FGTI Distribution"},"image":{"@id":"https:\/\/fgti-distribution.fr\/#\/schema\/logo\/image\/"},"sameAs":["https:\/\/www.linkedin.com\/company\/fgti-distribution\/"]}]}},"_links":{"self":[{"href":"https:\/\/fgti-distribution.fr\/it\/wp-json\/wp\/v2\/pages\/5949","targetHints":{"allow":["GET"]}}],"collection":[{"href":"https:\/\/fgti-distribution.fr\/it\/wp-json\/wp\/v2\/pages"}],"about":[{"href":"https:\/\/fgti-distribution.fr\/it\/wp-json\/wp\/v2\/types\/page"}],"author":[{"embeddable":true,"href":"https:\/\/fgti-distribution.fr\/it\/wp-json\/wp\/v2\/users\/1"}],"replies":[{"embeddable":true,"href":"https:\/\/fgti-distribution.fr\/it\/wp-json\/wp\/v2\/comments?post=5949"}],"version-history":[{"count":38,"href":"https:\/\/fgti-distribution.fr\/it\/wp-json\/wp\/v2\/pages\/5949\/revisions"}],"predecessor-version":[{"id":9684,"href":"https:\/\/fgti-distribution.fr\/it\/wp-json\/wp\/v2\/pages\/5949\/revisions\/9684"}],"up":[{"embeddable":true,"href":"https:\/\/fgti-distribution.fr\/it\/wp-json\/wp\/v2\/pages\/10"}],"wp:featuredmedia":[{"embeddable":true,"href":"https:\/\/fgti-distribution.fr\/it\/wp-json\/wp\/v2\/media\/7486"}],"wp:attachment":[{"href":"https:\/\/fgti-distribution.fr\/it\/wp-json\/wp\/v2\/media?parent=5949"}],"curies":[{"name":"wp","href":"https:\/\/api.w.org\/{rel}","templated":true}]}}