{"id":60,"date":"2012-05-06T11:13:17","date_gmt":"2012-05-06T11:13:17","guid":{"rendered":"https:\/\/fgti-distribution.fr\/?page_id=60"},"modified":"2024-02-05T12:17:43","modified_gmt":"2024-02-05T12:17:43","slug":"note-legali","status":"publish","type":"page","link":"https:\/\/fgti-distribution.fr\/it\/mentions-legales\/","title":{"rendered":"Informazioni legali"},"content":{"rendered":"<section id=\"bt_bb_section69ec016d6cad5\" class=\"bt_bb_section bt_bb_layout_boxed_1200\"  data-bt-override-class=\"null\"><div class=\"bt_bb_port\"><div class=\"bt_bb_cell\"><div class=\"bt_bb_cell_inner\"><div class=\"bt_bb_row\"  data-bt-override-class=\"{}\"><div class=\"bt_bb_row_holder\" ><div  class=\"bt_bb_column col-xxl-12 col-xl-12 col-xs-12 col-sm-12 col-md-12 col-lg-12 bt_bb_vertical_align_top bt_bb_align_left bt_bb_padding_normal\" style=\"; --column-width:12;\" data-width=\"12\" data-bt-override-class=\"{}\"><div class=\"bt_bb_column_content\"><div class=\"bt_bb_column_content_inner\"><div class=\"bt_bb_raw_content\"><div style=\"color: #bababa; font-size: 12px;\">FGTI-Distribution &gt; Menzioni legali<\/div>\n<br \/><br \/>\n<div style=\"padding-right: 20px; float: left; padding-top: 15px;\">Distribuzione FGTI <img decoding=\"async\" src=\"https:\/\/fgti-distribution.fr\/wp-content\/themes\/twentyeleven\/images\/petit-blanc.jpg\" \/> 10 Rue de la Vall\u00e9e<img decoding=\"async\" src=\"https:\/\/fgti-distribution.fr\/wp-content\/themes\/twentyeleven\/images\/petit-blanc.jpg\" \/> Estandar <img decoding=\"async\" src=\"https:\/\/fgti-distribution.fr\/wp-content\/themes\/twentyeleven\/images\/petit-blanc.jpg\" \/> F\u2013 49800 LOIRE-AUTHION\n<br \/>\nRagione sociale FGT Industrie <img decoding=\"async\" src=\"https:\/\/fgti-distribution.fr\/wp-content\/themes\/twentyeleven\/images\/petit-blanc.jpg\" \/> 17 rue de la Coutardi\u00e8re <img decoding=\"async\" src=\"https:\/\/fgti-distribution.fr\/wp-content\/themes\/twentyeleven\/images\/petit-blanc.jpg\" \/> F \u2013 49800 Brain sur l'Authion\n<br \/>\nSARL al capitale di 45.600 euro registrata al RCS di Angers:\n<br \/>\nSIREN 950 623 819 | SIRET 950 623 819 00030 | N\u00b0TVA intracommunautaire FR77 950 623 819\n<br \/><br \/>\n<strong>Realizzazione editoriale<\/strong><br \/>\nDirettore responsabile: Michelle Steyer\n<br \/><br \/>\n<strong>2\/ Alloggio<\/strong><br \/>\nQuesto sito \u00e8 ospitato da <a style=\"text-decoration: none; font-weight: normal; color: #373737;\" href=\"https:\/\/www.aroconseil.com\/\" target=\"_blank\" rel=\"noopener\">AroConsigli<\/a>.\n<br \/><br \/>\n<strong>3\/ Propriet\u00e0 intellettuale<\/strong><br \/>\nL'intero contenuto di questo sito \u00e8 di propriet\u00e0 della societ\u00e0 FGT Industrie SARL. I marchi, i loghi e le immagini presenti su questo sito appartengono ai rispettivi proprietari. Pertanto, qualsiasi riproduzione totale o parziale, effettuata a partire da elementi di questo sito, senza l'autorizzazione espressa del direttore della pubblicazione \u00e8 vietata ai sensi dell'articolo L.713-2 del Codice della propriet\u00e0 intellettuale.\n<br \/><br \/>\n<strong>4\/ Collegamenti<\/strong> <br \/>\nIl sito propone collegamenti a siti sui quali FGT Industrie SARL non esercita alcun controllo. FGT Industrie SARL declina ogni responsabilit\u00e0 per quanto riguarda il contenuto di questi siti.\n<br \/><br \/>\n<strong>5\/ Informazioni generali<\/strong><br \/>\n- Grafica e realizzazione <a style=\"text-decoration: none; font-weight: normal; color: #373737;\" href=\"https:\/\/www.aroconseil.com\" target=\"_blank\" rel=\"noopener\">AroConsigli<\/a><br \/>\n- Crediti fotografici: \u00a9 IDG \/ \u00a9 ARaymond \/ \u00a9 Kaiser Waltermann \/ \u00a9 Fotolia.com<br \/>\n<br \/><br \/>\n<strong>6\/ Informazioni tecniche<\/strong><br \/>\nQuesto sito contiene file in formato PDF (portable document format). \u00c8 necessario disporre di Acrobat Reader per poterli consultare. Acrobat Reader \u00e8 disponibile sul sito di Adobe France.\nIn nessun caso la societ\u00e0 FGT Industrie SARL potr\u00e0 essere ritenuta responsabile di eventuali danni diretti o indiretti, di qualsiasi natura, derivanti dall'utilizzo del suo sito Web. Si ricorda che la segretezza delle corrispondenze non \u00e8 garantita in modo infallibile sulla rete Internet e che spetta a ciascun utente prendere tutte le misure appropriate al fine di proteggere i propri dati e\/o software dalla contaminazione di eventuali virus che circolano su Internet.\nQualsiasi controversia in relazione all'utilizzo del sito www.fgti-distribution.fr \u00e8 soggetta al diritto francese.\n<br \/><br \/>\n<strong>7\/ Biscotti<\/strong><br \/>\nDurante la consultazione del nostro sito, vengono depositati cookie sul tuo computer, sul tuo cellulare o sul tuo tablet.<br \/>\nIl nostro sito \u00e8 progettato per essere particolarmente attento alle esigenze e aspettative dei nostri clienti. \u00c8 anche per questo che utilizziamo i cookie per garantirvi una buona navigazione.\n<br \/><br \/>\n<strong>Accettare o rifiutare i cookie<\/strong>\n<br \/><br \/>\nAvete diversi modi per gestire i cookie.<br \/>\nLe impostazioni del tuo browser internet: <br \/>\nPuoi scegliere in qualsiasi momento di disattivare questi cookie. Il tuo browser pu\u00f2 anche essere configurato per segnalarti i cookie che vengono depositati sul tuo computer e chiederti di accettarli o meno. Puoi accettare o rifiutare i cookie caso per caso o rifiutarli sistematicamente una volta per tutte.<br \/>\nVi ricordiamo che la configurazione potrebbe modificare le vostre condizioni di accesso ai nostri servizi che richiedono l'uso di cookie.<br \/>\nSe il tuo browser \u00e8 impostato in modo da rifiutare tutti i cookie, non potrai effettuare acquisti n\u00e9 usufruire di funzioni essenziali del nostro sito, come ad esempio memorizzare articoli nel carrello o ricevere raccomandazioni personalizzate. Per gestire i cookie in linea con le tue aspettative, ti invitiamo a configurare il tuo browser tenendo conto della finalit\u00e0 dei cookie, come menzionato in precedenza.<br \/>\nEcco come controllare o impedire la registrazione dei cookie:<br \/>\nLa configurazione di ogni browser \u00e8 diversa. \u00c8 descritta nel menu di aiuto del tuo browser, che ti spiegher\u00e0 come modificare le tue preferenze sui cookie.\nPuoi disattivare i cookie seguendo le istruzioni come segue:\n<br \/><br \/>\n1\/ se si utilizza il browser Internet Explorer<br \/>\nIn Internet Explorer, fai clic sul pulsante Strumenti, quindi su Opzioni Internet.<br \/>\nNella scheda Generale, sotto Cronologia di navigazione, fai clic su Impostazioni.<br \/>\nFare clic sul pulsante Mostra file.<br \/>\nFai clic sull'intestazione della colonna Nome per ordinare tutti i file in ordine alfabetico, quindi scorri l'elenco finch\u00e9 non vedi i file che iniziano con il prefisso \u00bbCookie\u00ab. (tutti i cookie hanno questo prefisso e in genere contengono il nome del sito Web che ha creato il cookie).<br \/>\nSeleziona o seleziona i cookie che contengono il nome \u00abfgti\u00bb ed eliminali.\nChiudi la finestra che contiene l'elenco dei file, quindi fai doppio clic su OK per tornare a Internet Explorer.\n<br \/><br \/>\n2\/ se utilizzi il browser Firefox<br \/>\nVai alla scheda \u00bbStrumenti\u00ab del browser e seleziona il menu \u00bbOpzioni\u00ab.\nNella finestra che appare, scegli \u00bbPrivacy\u00ab e fai clic su \u00bbMostra cookie\u00ab.\nIndividua i file che contengono il nome \u00bbfgti\", selezionali ed eliminali.\n<br \/><br \/>\n3\/ se utilizzi il browser Safari<br \/>\nNel tuo browser, scegli il menu Modifica &gt; Preferenze.<br \/>\nFare clic su Sicurezza.<br \/>\nFai clic su Mostra cookie. <br \/>\nSeleziona i cookie che contengono il nome \u00abfgti\u00bb e fai clic su Cancella o Cancella tutto.\nDopo aver eliminato i cookie, fai clic su Fatto.\n<br \/><br \/>\n4\/ se si utilizza il browser Google Chrome<br \/>\nFare clic sull'icona del menu Strumenti.<br \/>\nSeleziona Opzioni.<br \/>\nFai clic sulla scheda Opzioni avanzate e vai alla sezione \"Privacy\".<br \/>\nFai clic sul pulsante Mostra cookie.<br \/>\nIndividua i file che contengono il nome \u00abfgti\u00bb. Selezionali ed eliminali.<br \/>\nFai clic su \u00bbChiudi\u00ab per tornare al tuo browser.\n<br \/><br \/>\n<\/div><\/div><\/div><\/div><\/div><\/div><\/div><\/div><!-- cell_inner --><\/div><!-- cell --><\/div><!-- port --><\/section>","protected":false},"excerpt":{"rendered":"","protected":false},"author":1,"featured_media":0,"parent":0,"menu_order":0,"comment_status":"closed","ping_status":"closed","template":"","meta":{"footnotes":""},"class_list":["post-60","page","type-page","status-publish","hentry"],"yoast_head":"<!-- This site is optimized with the Yoast SEO plugin v27.3 - https:\/\/yoast.com\/product\/yoast-seo-wordpress\/ -->\n<title>FGTI Distribution - Mentions l\u00e9gales<\/title>\n<meta name=\"description\" content=\"FGTI Distribution - Mentions l\u00e9gales -\" \/>\n<meta name=\"robots\" content=\"noindex, nofollow\" \/>\n<meta property=\"og:locale\" content=\"it_IT\" \/>\n<meta property=\"og:type\" content=\"article\" \/>\n<meta property=\"og:title\" content=\"FGTI Distribution - Mentions l\u00e9gales\" \/>\n<meta property=\"og:description\" content=\"FGTI Distribution - Mentions l\u00e9gales -\" \/>\n<meta property=\"og:url\" content=\"https:\/\/fgti-distribution.fr\/it\/note-legali\/\" \/>\n<meta property=\"og:site_name\" content=\"FGTI Distribution\" \/>\n<meta property=\"article:modified_time\" content=\"2024-02-05T12:17:43+00:00\" \/>\n<meta name=\"twitter:card\" content=\"summary_large_image\" \/>\n<meta name=\"twitter:label1\" content=\"Est. reading time\" \/>\n\t<meta name=\"twitter:data1\" content=\"1 minuto\" \/>\n<script type=\"application\/ld+json\" class=\"yoast-schema-graph\">{\"@context\":\"https:\\\/\\\/schema.org\",\"@graph\":[{\"@type\":\"WebPage\",\"@id\":\"https:\\\/\\\/fgti-distribution.fr\\\/mentions-legales\\\/\",\"url\":\"https:\\\/\\\/fgti-distribution.fr\\\/mentions-legales\\\/\",\"name\":\"FGTI Distribution - Mentions l\u00e9gales\",\"isPartOf\":{\"@id\":\"https:\\\/\\\/fgti-distribution.fr\\\/#website\"},\"datePublished\":\"2012-05-06T11:13:17+00:00\",\"dateModified\":\"2024-02-05T12:17:43+00:00\",\"description\":\"FGTI Distribution - Mentions l\u00e9gales -\",\"breadcrumb\":{\"@id\":\"https:\\\/\\\/fgti-distribution.fr\\\/mentions-legales\\\/#breadcrumb\"},\"inLanguage\":\"it-IT\",\"potentialAction\":[{\"@type\":\"ReadAction\",\"target\":[\"https:\\\/\\\/fgti-distribution.fr\\\/mentions-legales\\\/\"]}]},{\"@type\":\"BreadcrumbList\",\"@id\":\"https:\\\/\\\/fgti-distribution.fr\\\/mentions-legales\\\/#breadcrumb\",\"itemListElement\":[{\"@type\":\"ListItem\",\"position\":1,\"name\":\"Home\",\"item\":\"https:\\\/\\\/fgti-distribution.fr\\\/\"},{\"@type\":\"ListItem\",\"position\":2,\"name\":\"Mentions l\u00e9gales\"}]},{\"@type\":\"WebSite\",\"@id\":\"https:\\\/\\\/fgti-distribution.fr\\\/#website\",\"url\":\"https:\\\/\\\/fgti-distribution.fr\\\/\",\"name\":\"FGTI Distribution\",\"description\":\"Pi\u00e8ces techniques et services \u00e0 forte valeur ajout\u00e9e\",\"publisher\":{\"@id\":\"https:\\\/\\\/fgti-distribution.fr\\\/#organization\"},\"alternateName\":\"FGTI Distribution\",\"potentialAction\":[{\"@type\":\"SearchAction\",\"target\":{\"@type\":\"EntryPoint\",\"urlTemplate\":\"https:\\\/\\\/fgti-distribution.fr\\\/?s={search_term_string}\"},\"query-input\":{\"@type\":\"PropertyValueSpecification\",\"valueRequired\":true,\"valueName\":\"search_term_string\"}}],\"inLanguage\":\"it-IT\"},{\"@type\":\"Organization\",\"@id\":\"https:\\\/\\\/fgti-distribution.fr\\\/#organization\",\"name\":\"FGTI Distribution\",\"alternateName\":\"FGTI Distribution\",\"url\":\"https:\\\/\\\/fgti-distribution.fr\\\/\",\"logo\":{\"@type\":\"ImageObject\",\"inLanguage\":\"it-IT\",\"@id\":\"https:\\\/\\\/fgti-distribution.fr\\\/#\\\/schema\\\/logo\\\/image\\\/\",\"url\":\"https:\\\/\\\/fgti-distribution.fr\\\/wp-content\\\/uploads\\\/2022\\\/12\\\/logo.png\",\"contentUrl\":\"https:\\\/\\\/fgti-distribution.fr\\\/wp-content\\\/uploads\\\/2022\\\/12\\\/logo.png\",\"width\":500,\"height\":228,\"caption\":\"FGTI Distribution\"},\"image\":{\"@id\":\"https:\\\/\\\/fgti-distribution.fr\\\/#\\\/schema\\\/logo\\\/image\\\/\"},\"sameAs\":[\"https:\\\/\\\/www.linkedin.com\\\/company\\\/fgti-distribution\\\/\"]}]}<\/script>\n<!-- \/ Yoast SEO plugin. -->","yoast_head_json":{"title":"FGTI Distribuzione - Note legali","description":"FGTI Distribution - Note legali -","robots":{"index":"noindex","follow":"nofollow"},"og_locale":"it_IT","og_type":"article","og_title":"FGTI Distribution - Mentions l\u00e9gales","og_description":"FGTI Distribution - Mentions l\u00e9gales -","og_url":"https:\/\/fgti-distribution.fr\/it\/note-legali\/","og_site_name":"FGTI Distribution","article_modified_time":"2024-02-05T12:17:43+00:00","twitter_card":"summary_large_image","twitter_misc":{"Est. reading time":"1 minuto"},"schema":{"@context":"https:\/\/schema.org","@graph":[{"@type":"WebPage","@id":"https:\/\/fgti-distribution.fr\/mentions-legales\/","url":"https:\/\/fgti-distribution.fr\/mentions-legales\/","name":"FGTI Distribuzione - Note legali","isPartOf":{"@id":"https:\/\/fgti-distribution.fr\/#website"},"datePublished":"2012-05-06T11:13:17+00:00","dateModified":"2024-02-05T12:17:43+00:00","description":"FGTI Distribution - Note legali -","breadcrumb":{"@id":"https:\/\/fgti-distribution.fr\/mentions-legales\/#breadcrumb"},"inLanguage":"it-IT","potentialAction":[{"@type":"ReadAction","target":["https:\/\/fgti-distribution.fr\/mentions-legales\/"]}]},{"@type":"BreadcrumbList","@id":"https:\/\/fgti-distribution.fr\/mentions-legales\/#breadcrumb","itemListElement":[{"@type":"ListItem","position":1,"name":"Home","item":"https:\/\/fgti-distribution.fr\/"},{"@type":"ListItem","position":2,"name":"Mentions l\u00e9gales"}]},{"@type":"WebSite","@id":"https:\/\/fgti-distribution.fr\/#website","url":"https:\/\/fgti-distribution.fr\/","name":"Distribuzione FGTI","description":"Parti tecniche e servizi ad alto valore aggiunto","publisher":{"@id":"https:\/\/fgti-distribution.fr\/#organization"},"alternateName":"FGTI Distribution","potentialAction":[{"@type":"SearchAction","target":{"@type":"EntryPoint","urlTemplate":"https:\/\/fgti-distribution.fr\/?s={search_term_string}"},"query-input":{"@type":"PropertyValueSpecification","valueRequired":true,"valueName":"search_term_string"}}],"inLanguage":"it-IT"},{"@type":"Organization","@id":"https:\/\/fgti-distribution.fr\/#organization","name":"Distribuzione FGTI","alternateName":"FGTI Distribution","url":"https:\/\/fgti-distribution.fr\/","logo":{"@type":"ImageObject","inLanguage":"it-IT","@id":"https:\/\/fgti-distribution.fr\/#\/schema\/logo\/image\/","url":"https:\/\/fgti-distribution.fr\/wp-content\/uploads\/2022\/12\/logo.png","contentUrl":"https:\/\/fgti-distribution.fr\/wp-content\/uploads\/2022\/12\/logo.png","width":500,"height":228,"caption":"FGTI Distribution"},"image":{"@id":"https:\/\/fgti-distribution.fr\/#\/schema\/logo\/image\/"},"sameAs":["https:\/\/www.linkedin.com\/company\/fgti-distribution\/"]}]}},"_links":{"self":[{"href":"https:\/\/fgti-distribution.fr\/it\/wp-json\/wp\/v2\/pages\/60","targetHints":{"allow":["GET"]}}],"collection":[{"href":"https:\/\/fgti-distribution.fr\/it\/wp-json\/wp\/v2\/pages"}],"about":[{"href":"https:\/\/fgti-distribution.fr\/it\/wp-json\/wp\/v2\/types\/page"}],"author":[{"embeddable":true,"href":"https:\/\/fgti-distribution.fr\/it\/wp-json\/wp\/v2\/users\/1"}],"replies":[{"embeddable":true,"href":"https:\/\/fgti-distribution.fr\/it\/wp-json\/wp\/v2\/comments?post=60"}],"version-history":[{"count":7,"href":"https:\/\/fgti-distribution.fr\/it\/wp-json\/wp\/v2\/pages\/60\/revisions"}],"predecessor-version":[{"id":9084,"href":"https:\/\/fgti-distribution.fr\/it\/wp-json\/wp\/v2\/pages\/60\/revisions\/9084"}],"wp:attachment":[{"href":"https:\/\/fgti-distribution.fr\/it\/wp-json\/wp\/v2\/media?parent=60"}],"curies":[{"name":"wp","href":"https:\/\/api.w.org\/{rel}","templated":true}]}}