{"id":7205,"date":"2023-02-09T23:35:40","date_gmt":"2023-02-09T23:35:40","guid":{"rendered":"https:\/\/fgti-distribution.fr\/?page_id=7205"},"modified":"2024-06-19T16:29:13","modified_gmt":"2024-06-19T16:29:13","slug":"membrane-in-ptfe","status":"publish","type":"page","link":"https:\/\/fgti-distribution.fr\/it\/composites-haute-performance\/membranes-ptfe\/","title":{"rendered":"Membrane \/ diaframmi in PTFE"},"content":{"rendered":"<section id=\"bt_bb_section69f27bc02f4fa\" class=\"bt_bb_section bt_bb_layout_boxed_1200\"  data-bt-override-class=\"null\"><div class=\"bt_bb_port\"><div class=\"bt_bb_cell\"><div class=\"bt_bb_cell_inner\"><div class=\"bt_bb_row\"  data-bt-override-class=\"{}\"><div class=\"bt_bb_row_holder\" ><div  class=\"bt_bb_column col-xxl-12 col-xl-12 col-xs-12 col-sm-12 col-md-12 col-lg-12 bt_bb_vertical_align_top bt_bb_align_left bt_bb_padding_normal\" style=\"; --column-width:12;\" data-width=\"12\" data-bt-override-class=\"{}\"><div class=\"bt_bb_column_content\"><div class=\"bt_bb_column_content_inner\"><div class=\"bt_bb_raw_content\"><div style=\"color: #bababa; font-size: 12px; margin-bottom: 20px;\">FGTI-Distribution &gt; Compositi GTS &gt; Membrane \/ diaframmi in PTFE<\/div><\/div><\/div><\/div><\/div><\/div><\/div><div class=\"bt_bb_row\"  data-bt-override-class=\"{}\"><div class=\"bt_bb_row_holder\" ><div  class=\"bt_bb_column col-xxl-8 col-xl-8 col-xs-12 col-sm-12 col-md-12 col-lg-8 bt_bb_vertical_align_top bt_bb_align_left bt_bb_padding_normal\" style=\"; --column-width:8;\" data-width=\"8\" data-bt-override-class=\"{}\"><div class=\"bt_bb_column_content\"><div class=\"bt_bb_column_content_inner\"><div class=\"bt_bb_raw_content\">Una membrana in PTFE garantisce la tenuta tra due fluidi o due zone di pressione. La tenuta pu\u00f2 essere perfetta o porosa a seconda del tipo di PTFE impiegato (PTFE vergine, modificato (TFM) o poroso).<br \/>\nLe membrane in PTFE sono utilizzate nei dosatori\/riempitrici per l'industria farmaceutica, cosmetica e alimentare, nonch\u00e9 nelle pompe a membrana per l'industria chimica. Le membrane destinate all'industria alimentare sono conformi alle norme alimentari (EC 2004\/1935, FDA, 3A).<br \/>\n<br \/>\nAffinch\u00e9 una membrana funzioni perfettamente, \u00e8 indispensabile adattare il suo design e la sua materia ai vincoli tecnici (pressione, fluidi, temperatura, ecc.). La corsa della membrana determina la sua forma, la sua concezione e il suo diametro. In funzione del materiale e dello spessore della membrana, guarnizioni piatte o profilate possono garantire la tenuta. La tenuta delle membrane in PTFE pu\u00f2 essere anche migliorata incastrando componenti tipo rinforzo in inox.\n<br \/><br \/><\/div><\/div><\/div><\/div><div  class=\"bt_bb_column col-xxl-4 col-xl-4 col-xs-12 col-sm-12 col-md-12 col-lg-4 bt_bb_vertical_align_top bt_bb_align_left bt_bb_padding_normal\" style=\"; --column-width:4;\" data-width=\"4\" data-bt-override-class=\"{}\"><div class=\"bt_bb_column_content\"><div class=\"bt_bb_column_content_inner\"><div data-bb-version=\"4.9.1\" class=\"bt_bb_image bt_bb_shape_square bt_bb_target_self bt_bb_align_inherit bt_bb_hover_style_simple bt_bb_content_display_always bt_bb_content_align_middle bt_bb_remove_padding_yes bt_bb_fill_background_color_full\" data-bt-override-class=\"{&quot;bt_bb_align_&quot;:{&quot;current_class&quot;:&quot;bt_bb_align_inherit&quot;,&quot;def&quot;:&quot;inherit&quot;}}\"><span><img loading=\"lazy\" decoding=\"async\" width=\"1920\" height=\"1080\" src=\"https:\/\/fgti-distribution.fr\/wp-content\/uploads\/2024\/06\/membrane-ptfe-1.jpg\" class=\"attachment-full size-full\" alt=\"Membrana in PTFE\" data-full_image_src=\"https:\/\/fgti-distribution.fr\/wp-content\/uploads\/2024\/06\/membrane-ptfe-1.jpg\" srcset=\"https:\/\/fgti-distribution.fr\/wp-content\/uploads\/2024\/06\/membrane-ptfe-1.jpg 1920w, https:\/\/fgti-distribution.fr\/wp-content\/uploads\/2024\/06\/membrane-ptfe-1-640x360.jpg 640w, https:\/\/fgti-distribution.fr\/wp-content\/uploads\/2024\/06\/membrane-ptfe-1-1280x720.jpg 1280w, https:\/\/fgti-distribution.fr\/wp-content\/uploads\/2024\/06\/membrane-ptfe-1-768x432.jpg 768w, https:\/\/fgti-distribution.fr\/wp-content\/uploads\/2024\/06\/membrane-ptfe-1-1536x864.jpg 1536w, https:\/\/fgti-distribution.fr\/wp-content\/uploads\/2024\/06\/membrane-ptfe-1-320x180.jpg 320w\" sizes=\"auto, (max-width: 1920px) 100vw, 1920px\" \/><\/span><\/div><div data-bb-version=\"4.9.1\" class=\"bt_bb_image bt_bb_shape_square bt_bb_target_self bt_bb_align_inherit bt_bb_hover_style_simple bt_bb_content_display_always bt_bb_content_align_middle bt_bb_remove_padding_yes bt_bb_fill_background_color_full\" data-bt-override-class=\"{&quot;bt_bb_align_&quot;:{&quot;current_class&quot;:&quot;bt_bb_align_inherit&quot;,&quot;def&quot;:&quot;inherit&quot;}}\"><span><img loading=\"lazy\" decoding=\"async\" width=\"600\" height=\"433\" src=\"https:\/\/fgti-distribution.fr\/wp-content\/uploads\/2024\/06\/membrane-ptfe-7.jpg\" class=\"attachment-full size-full\" alt=\"Membrana in PTFE\" data-full_image_src=\"https:\/\/fgti-distribution.fr\/wp-content\/uploads\/2024\/06\/membrane-ptfe-7.jpg\" srcset=\"https:\/\/fgti-distribution.fr\/wp-content\/uploads\/2024\/06\/membrane-ptfe-7.jpg 600w, https:\/\/fgti-distribution.fr\/wp-content\/uploads\/2024\/06\/membrane-ptfe-7-320x231.jpg 320w\" sizes=\"auto, (max-width: 600px) 100vw, 600px\" \/><\/span><\/div><\/div><\/div><\/div><\/div><\/div><div class=\"bt_bb_row\"  data-bt-override-class=\"{}\"><div class=\"bt_bb_row_holder\" ><div  class=\"bt_bb_column col-xxl-4 col-xl-4 col-xs-12 col-sm-12 col-md-12 col-lg-4 bt_bb_vertical_align_top bt_bb_align_left bt_bb_padding_normal\" style=\"; --column-width:4;\" data-width=\"4\" data-bt-override-class=\"{}\"><div class=\"bt_bb_column_content\"><div class=\"bt_bb_column_content_inner\"><div data-bb-version=\"4.9.1\" class=\"bt_bb_image bt_bb_shape_square bt_bb_target_self bt_bb_align_inherit bt_bb_hover_style_simple bt_bb_content_display_always bt_bb_content_align_middle bt_bb_remove_padding_yes bt_bb_fill_background_color_full\" data-bt-override-class=\"{&quot;bt_bb_align_&quot;:{&quot;current_class&quot;:&quot;bt_bb_align_inherit&quot;,&quot;def&quot;:&quot;inherit&quot;}}\"><span><img loading=\"lazy\" decoding=\"async\" width=\"1920\" height=\"1080\" src=\"https:\/\/fgti-distribution.fr\/wp-content\/uploads\/2024\/06\/membrane-ptfe-6.jpg\" class=\"attachment-full size-full\" alt=\"Membrana in PTFE\" data-full_image_src=\"https:\/\/fgti-distribution.fr\/wp-content\/uploads\/2024\/06\/membrane-ptfe-6.jpg\" srcset=\"https:\/\/fgti-distribution.fr\/wp-content\/uploads\/2024\/06\/membrane-ptfe-6.jpg 1920w, https:\/\/fgti-distribution.fr\/wp-content\/uploads\/2024\/06\/membrane-ptfe-6-640x360.jpg 640w, https:\/\/fgti-distribution.fr\/wp-content\/uploads\/2024\/06\/membrane-ptfe-6-1280x720.jpg 1280w, https:\/\/fgti-distribution.fr\/wp-content\/uploads\/2024\/06\/membrane-ptfe-6-768x432.jpg 768w, https:\/\/fgti-distribution.fr\/wp-content\/uploads\/2024\/06\/membrane-ptfe-6-1536x864.jpg 1536w, https:\/\/fgti-distribution.fr\/wp-content\/uploads\/2024\/06\/membrane-ptfe-6-320x180.jpg 320w\" sizes=\"auto, (max-width: 1920px) 100vw, 1920px\" \/><\/span><\/div><\/div><\/div><\/div><div  class=\"bt_bb_column col-xxl-8 col-xl-8 col-xs-12 col-sm-12 col-md-12 col-lg-8 bt_bb_vertical_align_top bt_bb_align_left bt_bb_padding_normal\" style=\"; --column-width:8;\" data-width=\"8\" data-bt-override-class=\"{}\"><div class=\"bt_bb_column_content\"><div class=\"bt_bb_column_content_inner\"><div class=\"bt_bb_raw_content\"><b>Esempi di applicazioni:<\/b><br \/>\n- Macchine di riempimento nell'industria farmaceutica o alimentare<br \/>\n- Pompe per l'industria chimica<br \/>\n- Elementi di tenuta per sigillare aperture.<br \/>\n- Regolatori di pressione<br \/>\n- Vannes farmaceutiche<br \/>\n<br \/><\/div><\/div><\/div><\/div><\/div><\/div><div class=\"bt_bb_row\"  data-bt-override-class=\"{}\"><div class=\"bt_bb_row_holder\" ><div  class=\"bt_bb_column col-xxl-8 col-xl-8 col-xs-12 col-sm-12 col-md-12 col-lg-8 bt_bb_vertical_align_top bt_bb_align_left bt_bb_padding_normal\" style=\"; --column-width:8;\" data-width=\"8\" data-bt-override-class=\"{}\"><div class=\"bt_bb_column_content\"><div class=\"bt_bb_column_content_inner\"><div class=\"bt_bb_raw_content\"><b>Punti di forza:<\/b><br \/>\n- elevata resistenza chimica<br \/>\n- Ampio intervallo di temperatura di utilizzo: da -70\u00b0C a +210\u00b0C. Di conseguenza \u00e8 possibile la sterilizzazione della membrana.<br \/>\n- eccellente resistenza alle flessioni ripetute<br \/>\nantiaderente <i class=\"fa fa-arrow-right\" aria-hidden=\"true\"><\/i> pulibilit\u00e0 notevole<br \/>\nbuona stabilit\u00e0 dimensionale<br \/>\n<br \/>\n<br \/><\/div><\/div><\/div><\/div><div  class=\"bt_bb_column col-xxl-4 col-xl-4 col-xs-12 col-sm-12 col-md-12 col-lg-4 bt_bb_vertical_align_top bt_bb_align_left bt_bb_padding_normal\" style=\"; --column-width:4;\" data-width=\"4\" data-bt-override-class=\"{}\"><div class=\"bt_bb_column_content\"><div class=\"bt_bb_column_content_inner\"><div data-bb-version=\"4.9.1\" class=\"bt_bb_image bt_bb_shape_square bt_bb_target_self bt_bb_align_inherit bt_bb_hover_style_simple bt_bb_content_display_always bt_bb_content_align_middle bt_bb_remove_padding_yes bt_bb_fill_background_color_full\" data-bt-override-class=\"{&quot;bt_bb_align_&quot;:{&quot;current_class&quot;:&quot;bt_bb_align_inherit&quot;,&quot;def&quot;:&quot;inherit&quot;}}\"><span><img loading=\"lazy\" decoding=\"async\" width=\"1920\" height=\"1080\" src=\"https:\/\/fgti-distribution.fr\/wp-content\/uploads\/2024\/06\/membrane-ptfe-4.jpg\" class=\"attachment-full size-full\" alt=\"Membrana in PTFE\" data-full_image_src=\"https:\/\/fgti-distribution.fr\/wp-content\/uploads\/2024\/06\/membrane-ptfe-4.jpg\" srcset=\"https:\/\/fgti-distribution.fr\/wp-content\/uploads\/2024\/06\/membrane-ptfe-4.jpg 1920w, https:\/\/fgti-distribution.fr\/wp-content\/uploads\/2024\/06\/membrane-ptfe-4-640x360.jpg 640w, https:\/\/fgti-distribution.fr\/wp-content\/uploads\/2024\/06\/membrane-ptfe-4-1280x720.jpg 1280w, https:\/\/fgti-distribution.fr\/wp-content\/uploads\/2024\/06\/membrane-ptfe-4-768x432.jpg 768w, https:\/\/fgti-distribution.fr\/wp-content\/uploads\/2024\/06\/membrane-ptfe-4-1536x864.jpg 1536w, https:\/\/fgti-distribution.fr\/wp-content\/uploads\/2024\/06\/membrane-ptfe-4-320x180.jpg 320w\" sizes=\"auto, (max-width: 1920px) 100vw, 1920px\" \/><\/span><\/div><\/div><\/div><\/div><\/div><\/div><div class=\"bt_bb_row\"  data-bt-override-class=\"{}\"><div class=\"bt_bb_row_holder\" ><div  class=\"bt_bb_column col-xxl-4 col-xl-4 col-xs-12 col-sm-12 col-md-12 col-lg-4 bt_bb_vertical_align_top bt_bb_align_left bt_bb_padding_normal\" style=\"; --column-width:4;\" data-width=\"4\" data-bt-override-class=\"{}\"><div class=\"bt_bb_column_content\"><div class=\"bt_bb_column_content_inner\"><div data-bb-version=\"4.9.1\" class=\"bt_bb_image bt_bb_shape_square bt_bb_target_self bt_bb_align_inherit bt_bb_hover_style_simple bt_bb_content_display_always bt_bb_content_align_middle bt_bb_remove_padding_yes bt_bb_fill_background_color_full\" data-bt-override-class=\"{&quot;bt_bb_align_&quot;:{&quot;current_class&quot;:&quot;bt_bb_align_inherit&quot;,&quot;def&quot;:&quot;inherit&quot;}}\"><span><img loading=\"lazy\" decoding=\"async\" width=\"1920\" height=\"1080\" src=\"https:\/\/fgti-distribution.fr\/wp-content\/uploads\/2024\/06\/membrane-ptfe-5.jpg\" class=\"attachment-full size-full\" alt=\"Membrana in PTFE\" data-full_image_src=\"https:\/\/fgti-distribution.fr\/wp-content\/uploads\/2024\/06\/membrane-ptfe-5.jpg\" srcset=\"https:\/\/fgti-distribution.fr\/wp-content\/uploads\/2024\/06\/membrane-ptfe-5.jpg 1920w, https:\/\/fgti-distribution.fr\/wp-content\/uploads\/2024\/06\/membrane-ptfe-5-640x360.jpg 640w, https:\/\/fgti-distribution.fr\/wp-content\/uploads\/2024\/06\/membrane-ptfe-5-1280x720.jpg 1280w, https:\/\/fgti-distribution.fr\/wp-content\/uploads\/2024\/06\/membrane-ptfe-5-768x432.jpg 768w, https:\/\/fgti-distribution.fr\/wp-content\/uploads\/2024\/06\/membrane-ptfe-5-1536x864.jpg 1536w, https:\/\/fgti-distribution.fr\/wp-content\/uploads\/2024\/06\/membrane-ptfe-5-320x180.jpg 320w\" sizes=\"auto, (max-width: 1920px) 100vw, 1920px\" \/><\/span><\/div><\/div><\/div><\/div><div  class=\"bt_bb_column col-xxl-8 col-xl-8 col-xs-12 col-sm-12 col-md-12 col-lg-8 bt_bb_vertical_align_top bt_bb_align_left bt_bb_padding_normal\" style=\"; --column-width:8;\" data-width=\"8\" data-bt-override-class=\"{}\"><div class=\"bt_bb_column_content\"><div class=\"bt_bb_column_content_inner\"><div class=\"bt_bb_raw_content\"><b>I nostri diaframmi sono fabbricati su misura tramite lavorazione meccanica<\/b><br \/>\n<i class=\"fa fa-arrow-right\" aria-hidden=\"true\"><\/i> Nessun costo di attrezzatura<br \/>\n<i class=\"fa fa-arrow-right\" aria-hidden=\"true\"><\/i> Piccole quantit\u00e0 possibili<br \/>\n<i class=\"fa fa-arrow-right\" aria-hidden=\"true\"><\/i> Pi\u00f9 libert\u00e0 nella progettazione<br \/>\n<br \/><\/div><\/div><\/div><\/div><\/div><\/div><div class=\"bt_bb_row\"  data-bt-override-class=\"{}\"><div class=\"bt_bb_row_holder\" ><div  class=\"bt_bb_column col-xxl-12 col-xl-12 col-xs-12 col-sm-12 col-md-12 col-lg-12 bt_bb_vertical_align_top bt_bb_align_left bt_bb_padding_normal\" style=\"; --column-width:12;\" data-width=\"12\" data-bt-override-class=\"{}\"><div class=\"bt_bb_column_content\"><div class=\"bt_bb_column_content_inner\"><div data-bb-version=\"4.9.1\" class=\"bt_bb_separator bt_bb_top_spacing_large bt_bb_bottom_spacing_no_spacing bt_bb_border_style_none\" data-bt-override-class=\"{&quot;bt_bb_top_spacing_&quot;:{&quot;current_class&quot;:&quot;bt_bb_top_spacing_large&quot;,&quot;def&quot;:&quot;large&quot;},&quot;bt_bb_bottom_spacing_&quot;:{&quot;current_class&quot;:&quot;bt_bb_bottom_spacing_no_spacing&quot;,&quot;def&quot;:&quot;no_spacing&quot;}}\"><\/div><\/div><\/div><\/div><\/div><\/div><\/div><!-- cell_inner --><\/div><!-- cell --><\/div><!-- port --><\/section>","protected":false},"excerpt":{"rendered":"","protected":false},"author":1,"featured_media":7721,"parent":4313,"menu_order":0,"comment_status":"closed","ping_status":"closed","template":"","meta":{"footnotes":""},"class_list":["post-7205","page","type-page","status-publish","has-post-thumbnail","hentry"],"yoast_head":"<!-- This site is optimized with the Yoast SEO plugin v27.3 - https:\/\/yoast.com\/product\/yoast-seo-wordpress\/ -->\n<title>FGTI Distribution - Membranes \/ diaphragmes en PTFE<\/title>\n<meta name=\"description\" content=\"FGTI Distribution - Membranes \/ diaphragmes en PTFE -\" \/>\n<meta name=\"robots\" content=\"index, follow, max-snippet:-1, max-image-preview:large, max-video-preview:-1\" \/>\n<link rel=\"canonical\" href=\"https:\/\/fgti-distribution.fr\/it\/compositi-ad-alte-prestazioni\/membrane-in-ptfe\/\" \/>\n<meta property=\"og:locale\" content=\"it_IT\" \/>\n<meta property=\"og:type\" content=\"article\" \/>\n<meta property=\"og:title\" content=\"FGTI Distribution - Membranes \/ diaphragmes en PTFE\" \/>\n<meta property=\"og:description\" content=\"FGTI Distribution - Membranes \/ diaphragmes en PTFE -\" \/>\n<meta property=\"og:url\" content=\"https:\/\/fgti-distribution.fr\/it\/compositi-ad-alte-prestazioni\/membrane-in-ptfe\/\" \/>\n<meta property=\"og:site_name\" content=\"FGTI Distribution\" \/>\n<meta property=\"article:modified_time\" content=\"2024-06-19T16:29:13+00:00\" \/>\n<meta property=\"og:image\" content=\"https:\/\/fgti-distribution.fr\/wp-content\/uploads\/2023\/03\/membrane-ptfe.jpg\" \/>\n\t<meta property=\"og:image:width\" content=\"1600\" \/>\n\t<meta property=\"og:image:height\" content=\"430\" \/>\n\t<meta property=\"og:image:type\" content=\"image\/jpeg\" \/>\n<meta name=\"twitter:card\" content=\"summary_large_image\" \/>\n<meta name=\"twitter:label1\" content=\"Est. reading time\" \/>\n\t<meta name=\"twitter:data1\" content=\"2 minuti\" \/>\n<script type=\"application\/ld+json\" class=\"yoast-schema-graph\">{\"@context\":\"https:\\\/\\\/schema.org\",\"@graph\":[{\"@type\":\"WebPage\",\"@id\":\"https:\\\/\\\/fgti-distribution.fr\\\/composites-haute-performance\\\/membranes-ptfe\\\/\",\"url\":\"https:\\\/\\\/fgti-distribution.fr\\\/composites-haute-performance\\\/membranes-ptfe\\\/\",\"name\":\"FGTI Distribution - Membranes \\\/ diaphragmes en PTFE\",\"isPartOf\":{\"@id\":\"https:\\\/\\\/fgti-distribution.fr\\\/#website\"},\"primaryImageOfPage\":{\"@id\":\"https:\\\/\\\/fgti-distribution.fr\\\/composites-haute-performance\\\/membranes-ptfe\\\/#primaryimage\"},\"image\":{\"@id\":\"https:\\\/\\\/fgti-distribution.fr\\\/composites-haute-performance\\\/membranes-ptfe\\\/#primaryimage\"},\"thumbnailUrl\":\"https:\\\/\\\/fgti-distribution.fr\\\/wp-content\\\/uploads\\\/2023\\\/03\\\/membrane-ptfe.jpg\",\"datePublished\":\"2023-02-09T23:35:40+00:00\",\"dateModified\":\"2024-06-19T16:29:13+00:00\",\"description\":\"FGTI Distribution - Membranes \\\/ diaphragmes en PTFE -\",\"breadcrumb\":{\"@id\":\"https:\\\/\\\/fgti-distribution.fr\\\/composites-haute-performance\\\/membranes-ptfe\\\/#breadcrumb\"},\"inLanguage\":\"it-IT\",\"potentialAction\":[{\"@type\":\"ReadAction\",\"target\":[\"https:\\\/\\\/fgti-distribution.fr\\\/composites-haute-performance\\\/membranes-ptfe\\\/\"]}]},{\"@type\":\"ImageObject\",\"inLanguage\":\"it-IT\",\"@id\":\"https:\\\/\\\/fgti-distribution.fr\\\/composites-haute-performance\\\/membranes-ptfe\\\/#primaryimage\",\"url\":\"https:\\\/\\\/fgti-distribution.fr\\\/wp-content\\\/uploads\\\/2023\\\/03\\\/membrane-ptfe.jpg\",\"contentUrl\":\"https:\\\/\\\/fgti-distribution.fr\\\/wp-content\\\/uploads\\\/2023\\\/03\\\/membrane-ptfe.jpg\",\"width\":1600,\"height\":430,\"caption\":\"Membrane PTFE\"},{\"@type\":\"BreadcrumbList\",\"@id\":\"https:\\\/\\\/fgti-distribution.fr\\\/composites-haute-performance\\\/membranes-ptfe\\\/#breadcrumb\",\"itemListElement\":[{\"@type\":\"ListItem\",\"position\":1,\"name\":\"Home\",\"item\":\"https:\\\/\\\/fgti-distribution.fr\\\/\"},{\"@type\":\"ListItem\",\"position\":2,\"name\":\"Composites haute performance\",\"item\":\"https:\\\/\\\/fgti-distribution.fr\\\/composites-haute-performance\\\/\"},{\"@type\":\"ListItem\",\"position\":3,\"name\":\"Membranes \\\/ diaphragmes en PTFE\"}]},{\"@type\":\"WebSite\",\"@id\":\"https:\\\/\\\/fgti-distribution.fr\\\/#website\",\"url\":\"https:\\\/\\\/fgti-distribution.fr\\\/\",\"name\":\"FGTI Distribution\",\"description\":\"Pi\u00e8ces techniques et services \u00e0 forte valeur ajout\u00e9e\",\"publisher\":{\"@id\":\"https:\\\/\\\/fgti-distribution.fr\\\/#organization\"},\"alternateName\":\"FGTI Distribution\",\"potentialAction\":[{\"@type\":\"SearchAction\",\"target\":{\"@type\":\"EntryPoint\",\"urlTemplate\":\"https:\\\/\\\/fgti-distribution.fr\\\/?s={search_term_string}\"},\"query-input\":{\"@type\":\"PropertyValueSpecification\",\"valueRequired\":true,\"valueName\":\"search_term_string\"}}],\"inLanguage\":\"it-IT\"},{\"@type\":\"Organization\",\"@id\":\"https:\\\/\\\/fgti-distribution.fr\\\/#organization\",\"name\":\"FGTI Distribution\",\"alternateName\":\"FGTI Distribution\",\"url\":\"https:\\\/\\\/fgti-distribution.fr\\\/\",\"logo\":{\"@type\":\"ImageObject\",\"inLanguage\":\"it-IT\",\"@id\":\"https:\\\/\\\/fgti-distribution.fr\\\/#\\\/schema\\\/logo\\\/image\\\/\",\"url\":\"https:\\\/\\\/fgti-distribution.fr\\\/wp-content\\\/uploads\\\/2022\\\/12\\\/logo.png\",\"contentUrl\":\"https:\\\/\\\/fgti-distribution.fr\\\/wp-content\\\/uploads\\\/2022\\\/12\\\/logo.png\",\"width\":500,\"height\":228,\"caption\":\"FGTI Distribution\"},\"image\":{\"@id\":\"https:\\\/\\\/fgti-distribution.fr\\\/#\\\/schema\\\/logo\\\/image\\\/\"},\"sameAs\":[\"https:\\\/\\\/www.linkedin.com\\\/company\\\/fgti-distribution\\\/\"]}]}<\/script>\n<!-- \/ Yoast SEO plugin. -->","yoast_head_json":{"title":"FGTI Distribution - Membrane \/ diaframmi in PTFE","description":"FGTI Distribution - Membrane \/ diaframmi in PTFE -","robots":{"index":"index","follow":"follow","max-snippet":"max-snippet:-1","max-image-preview":"max-image-preview:large","max-video-preview":"max-video-preview:-1"},"canonical":"https:\/\/fgti-distribution.fr\/it\/compositi-ad-alte-prestazioni\/membrane-in-ptfe\/","og_locale":"it_IT","og_type":"article","og_title":"FGTI Distribution - Membranes \/ diaphragmes en PTFE","og_description":"FGTI Distribution - Membranes \/ diaphragmes en PTFE -","og_url":"https:\/\/fgti-distribution.fr\/it\/compositi-ad-alte-prestazioni\/membrane-in-ptfe\/","og_site_name":"FGTI Distribution","article_modified_time":"2024-06-19T16:29:13+00:00","og_image":[{"width":1600,"height":430,"url":"https:\/\/fgti-distribution.fr\/wp-content\/uploads\/2023\/03\/membrane-ptfe.jpg","type":"image\/jpeg"}],"twitter_card":"summary_large_image","twitter_misc":{"Est. reading time":"2 minuti"},"schema":{"@context":"https:\/\/schema.org","@graph":[{"@type":"WebPage","@id":"https:\/\/fgti-distribution.fr\/composites-haute-performance\/membranes-ptfe\/","url":"https:\/\/fgti-distribution.fr\/composites-haute-performance\/membranes-ptfe\/","name":"FGTI Distribution - Membrane \/ diaframmi in PTFE","isPartOf":{"@id":"https:\/\/fgti-distribution.fr\/#website"},"primaryImageOfPage":{"@id":"https:\/\/fgti-distribution.fr\/composites-haute-performance\/membranes-ptfe\/#primaryimage"},"image":{"@id":"https:\/\/fgti-distribution.fr\/composites-haute-performance\/membranes-ptfe\/#primaryimage"},"thumbnailUrl":"https:\/\/fgti-distribution.fr\/wp-content\/uploads\/2023\/03\/membrane-ptfe.jpg","datePublished":"2023-02-09T23:35:40+00:00","dateModified":"2024-06-19T16:29:13+00:00","description":"FGTI Distribution - Membrane \/ diaframmi in PTFE -","breadcrumb":{"@id":"https:\/\/fgti-distribution.fr\/composites-haute-performance\/membranes-ptfe\/#breadcrumb"},"inLanguage":"it-IT","potentialAction":[{"@type":"ReadAction","target":["https:\/\/fgti-distribution.fr\/composites-haute-performance\/membranes-ptfe\/"]}]},{"@type":"ImageObject","inLanguage":"it-IT","@id":"https:\/\/fgti-distribution.fr\/composites-haute-performance\/membranes-ptfe\/#primaryimage","url":"https:\/\/fgti-distribution.fr\/wp-content\/uploads\/2023\/03\/membrane-ptfe.jpg","contentUrl":"https:\/\/fgti-distribution.fr\/wp-content\/uploads\/2023\/03\/membrane-ptfe.jpg","width":1600,"height":430,"caption":"Membrane PTFE"},{"@type":"BreadcrumbList","@id":"https:\/\/fgti-distribution.fr\/composites-haute-performance\/membranes-ptfe\/#breadcrumb","itemListElement":[{"@type":"ListItem","position":1,"name":"Home","item":"https:\/\/fgti-distribution.fr\/"},{"@type":"ListItem","position":2,"name":"Composites haute performance","item":"https:\/\/fgti-distribution.fr\/composites-haute-performance\/"},{"@type":"ListItem","position":3,"name":"Membranes \/ diaphragmes en PTFE"}]},{"@type":"WebSite","@id":"https:\/\/fgti-distribution.fr\/#website","url":"https:\/\/fgti-distribution.fr\/","name":"Distribuzione FGTI","description":"Parti tecniche e servizi ad alto valore aggiunto","publisher":{"@id":"https:\/\/fgti-distribution.fr\/#organization"},"alternateName":"FGTI Distribution","potentialAction":[{"@type":"SearchAction","target":{"@type":"EntryPoint","urlTemplate":"https:\/\/fgti-distribution.fr\/?s={search_term_string}"},"query-input":{"@type":"PropertyValueSpecification","valueRequired":true,"valueName":"search_term_string"}}],"inLanguage":"it-IT"},{"@type":"Organization","@id":"https:\/\/fgti-distribution.fr\/#organization","name":"Distribuzione FGTI","alternateName":"FGTI Distribution","url":"https:\/\/fgti-distribution.fr\/","logo":{"@type":"ImageObject","inLanguage":"it-IT","@id":"https:\/\/fgti-distribution.fr\/#\/schema\/logo\/image\/","url":"https:\/\/fgti-distribution.fr\/wp-content\/uploads\/2022\/12\/logo.png","contentUrl":"https:\/\/fgti-distribution.fr\/wp-content\/uploads\/2022\/12\/logo.png","width":500,"height":228,"caption":"FGTI Distribution"},"image":{"@id":"https:\/\/fgti-distribution.fr\/#\/schema\/logo\/image\/"},"sameAs":["https:\/\/www.linkedin.com\/company\/fgti-distribution\/"]}]}},"_links":{"self":[{"href":"https:\/\/fgti-distribution.fr\/it\/wp-json\/wp\/v2\/pages\/7205","targetHints":{"allow":["GET"]}}],"collection":[{"href":"https:\/\/fgti-distribution.fr\/it\/wp-json\/wp\/v2\/pages"}],"about":[{"href":"https:\/\/fgti-distribution.fr\/it\/wp-json\/wp\/v2\/types\/page"}],"author":[{"embeddable":true,"href":"https:\/\/fgti-distribution.fr\/it\/wp-json\/wp\/v2\/users\/1"}],"replies":[{"embeddable":true,"href":"https:\/\/fgti-distribution.fr\/it\/wp-json\/wp\/v2\/comments?post=7205"}],"version-history":[{"count":17,"href":"https:\/\/fgti-distribution.fr\/it\/wp-json\/wp\/v2\/pages\/7205\/revisions"}],"predecessor-version":[{"id":9863,"href":"https:\/\/fgti-distribution.fr\/it\/wp-json\/wp\/v2\/pages\/7205\/revisions\/9863"}],"up":[{"embeddable":true,"href":"https:\/\/fgti-distribution.fr\/it\/wp-json\/wp\/v2\/pages\/4313"}],"wp:featuredmedia":[{"embeddable":true,"href":"https:\/\/fgti-distribution.fr\/it\/wp-json\/wp\/v2\/media\/7721"}],"wp:attachment":[{"href":"https:\/\/fgti-distribution.fr\/it\/wp-json\/wp\/v2\/media?parent=7205"}],"curies":[{"name":"wp","href":"https:\/\/api.w.org\/{rel}","templated":true}]}}