{"id":7982,"date":"2023-06-28T14:11:14","date_gmt":"2023-06-28T14:11:14","guid":{"rendered":"https:\/\/fgti-distribution.fr\/?page_id=7982"},"modified":"2024-02-15T12:46:24","modified_gmt":"2024-02-15T12:46:24","slug":"politica-della-qualita","status":"publish","type":"page","link":"https:\/\/fgti-distribution.fr\/it\/politique-qualite\/","title":{"rendered":"Politica della qualit\u00e0"},"content":{"rendered":"<section id=\"bt_bb_section69f55a40ed8f6\" class=\"bt_bb_section bt_bb_layout_boxed_1200\"  data-bt-override-class=\"null\"><div class=\"bt_bb_port\"><div class=\"bt_bb_cell\"><div class=\"bt_bb_cell_inner\"><div class=\"bt_bb_row\"  data-bt-override-class=\"{}\"><div class=\"bt_bb_row_holder\" ><div  class=\"bt_bb_column col-xxl-12 col-xl-12 col-xs-12 col-sm-12 col-md-12 col-lg-12 bt_bb_vertical_align_top bt_bb_align_left bt_bb_padding_normal\" style=\"; --column-width:12;\" data-width=\"12\" data-bt-override-class=\"{}\"><div class=\"bt_bb_column_content\"><div class=\"bt_bb_column_content_inner\"><div  class=\"bt_bb_text\" ><\/p>\n<p><em>L'implementazione di un sistema di gestione della qualit\u00e0 ISO 9001, versione 2015, ha rafforzato la nostra convinzione di operare per un miglioramento continuo al fine di soddisfare i nostri clienti. Desideriamo rendere la nostra azienda sostenibile a lungo termine attraverso una relazione affidabile e duratura con tutte le parti interessate, i nostri clienti, ma anche i nostri fornitori e collaboratori.<\/em><\/p>\n<p><em>In qualit\u00e0 di prima responsabile dell'azienda, mi impegno a rispettare e a far rispettare tutte le disposizioni adottate in una prospettiva di miglioramento e formalizzazione continua, con il coinvolgimento di tutti, mettendo a disposizione tutte le risorse umane e materiali. Si tratter\u00e0 in particolare di:<\/em><\/p>\n<ul>\n<li><em>Fidelizzare clienti e fornitori per soddisfare le loro esigenze e aspettative<\/em><\/li>\n<li><em>Assicurare la sorveglianza e il miglioramento del sistema di gestione attraverso l'applicazione della norma<\/em><\/li>\n<li><em>Garantire un'organizzazione interna ottimale e una qualificazione costante dei nostri collaboratori<\/em><\/li>\n<\/ul>\n<p><em>Ho piena fiducia nella competenza tecnica e commerciale, nonch\u00e9 nel senso di responsabilit\u00e0 di tutti i miei collaboratori per arrivare a un sistema di gestione qualit\u00e0 efficace.<\/em><\/p>\n<p><em>La gerente<\/em><\/p>\n<p><em>Michelle STEYER<\/em><\/p>\n<p>\n<\/div><\/div><\/div><\/div><\/div><\/div><\/div><!-- cell_inner --><\/div><!-- cell --><\/div><!-- port --><\/section>","protected":false},"excerpt":{"rendered":"","protected":false},"author":4,"featured_media":0,"parent":0,"menu_order":0,"comment_status":"closed","ping_status":"closed","template":"","meta":{"footnotes":""},"class_list":["post-7982","page","type-page","status-publish","hentry"],"yoast_head":"<!-- This site is optimized with the Yoast SEO plugin v27.3 - https:\/\/yoast.com\/product\/yoast-seo-wordpress\/ -->\n<title>FGTI Distribution - Politique qualit\u00e9<\/title>\n<meta name=\"description\" content=\"FGTI Distribution - Politique qualit\u00e9 -\" \/>\n<meta name=\"robots\" content=\"noindex, follow\" \/>\n<meta property=\"og:locale\" content=\"it_IT\" \/>\n<meta property=\"og:type\" content=\"article\" \/>\n<meta property=\"og:title\" content=\"FGTI Distribution - Politique qualit\u00e9\" \/>\n<meta property=\"og:description\" content=\"FGTI Distribution - Politique qualit\u00e9 -\" \/>\n<meta property=\"og:url\" content=\"https:\/\/fgti-distribution.fr\/it\/politica-della-qualita\/\" \/>\n<meta property=\"og:site_name\" content=\"FGTI Distribution\" \/>\n<meta property=\"article:modified_time\" content=\"2024-02-15T12:46:24+00:00\" \/>\n<meta name=\"twitter:card\" content=\"summary_large_image\" \/>\n<meta name=\"twitter:label1\" content=\"Est. reading time\" \/>\n\t<meta name=\"twitter:data1\" content=\"1 minuto\" \/>\n<script type=\"application\/ld+json\" class=\"yoast-schema-graph\">{\"@context\":\"https:\\\/\\\/schema.org\",\"@graph\":[{\"@type\":\"WebPage\",\"@id\":\"https:\\\/\\\/fgti-distribution.fr\\\/politique-qualite\\\/\",\"url\":\"https:\\\/\\\/fgti-distribution.fr\\\/politique-qualite\\\/\",\"name\":\"FGTI Distribution - Politique qualit\u00e9\",\"isPartOf\":{\"@id\":\"https:\\\/\\\/fgti-distribution.fr\\\/#website\"},\"datePublished\":\"2023-06-28T14:11:14+00:00\",\"dateModified\":\"2024-02-15T12:46:24+00:00\",\"description\":\"FGTI Distribution - Politique qualit\u00e9 -\",\"breadcrumb\":{\"@id\":\"https:\\\/\\\/fgti-distribution.fr\\\/politique-qualite\\\/#breadcrumb\"},\"inLanguage\":\"it-IT\",\"potentialAction\":[{\"@type\":\"ReadAction\",\"target\":[\"https:\\\/\\\/fgti-distribution.fr\\\/politique-qualite\\\/\"]}]},{\"@type\":\"BreadcrumbList\",\"@id\":\"https:\\\/\\\/fgti-distribution.fr\\\/politique-qualite\\\/#breadcrumb\",\"itemListElement\":[{\"@type\":\"ListItem\",\"position\":1,\"name\":\"Home\",\"item\":\"https:\\\/\\\/fgti-distribution.fr\\\/\"},{\"@type\":\"ListItem\",\"position\":2,\"name\":\"Politique qualit\u00e9\"}]},{\"@type\":\"WebSite\",\"@id\":\"https:\\\/\\\/fgti-distribution.fr\\\/#website\",\"url\":\"https:\\\/\\\/fgti-distribution.fr\\\/\",\"name\":\"FGTI Distribution\",\"description\":\"Pi\u00e8ces techniques et services \u00e0 forte valeur ajout\u00e9e\",\"publisher\":{\"@id\":\"https:\\\/\\\/fgti-distribution.fr\\\/#organization\"},\"alternateName\":\"FGTI Distribution\",\"potentialAction\":[{\"@type\":\"SearchAction\",\"target\":{\"@type\":\"EntryPoint\",\"urlTemplate\":\"https:\\\/\\\/fgti-distribution.fr\\\/?s={search_term_string}\"},\"query-input\":{\"@type\":\"PropertyValueSpecification\",\"valueRequired\":true,\"valueName\":\"search_term_string\"}}],\"inLanguage\":\"it-IT\"},{\"@type\":\"Organization\",\"@id\":\"https:\\\/\\\/fgti-distribution.fr\\\/#organization\",\"name\":\"FGTI Distribution\",\"alternateName\":\"FGTI Distribution\",\"url\":\"https:\\\/\\\/fgti-distribution.fr\\\/\",\"logo\":{\"@type\":\"ImageObject\",\"inLanguage\":\"it-IT\",\"@id\":\"https:\\\/\\\/fgti-distribution.fr\\\/#\\\/schema\\\/logo\\\/image\\\/\",\"url\":\"https:\\\/\\\/fgti-distribution.fr\\\/wp-content\\\/uploads\\\/2022\\\/12\\\/logo.png\",\"contentUrl\":\"https:\\\/\\\/fgti-distribution.fr\\\/wp-content\\\/uploads\\\/2022\\\/12\\\/logo.png\",\"width\":500,\"height\":228,\"caption\":\"FGTI Distribution\"},\"image\":{\"@id\":\"https:\\\/\\\/fgti-distribution.fr\\\/#\\\/schema\\\/logo\\\/image\\\/\"},\"sameAs\":[\"https:\\\/\\\/www.linkedin.com\\\/company\\\/fgti-distribution\\\/\"]}]}<\/script>\n<!-- \/ Yoast SEO plugin. -->","yoast_head_json":{"title":"FGTI Distribution - Politica per la qualit\u00e0","description":"FGTI Distribuzione - Politica di qualit\u00e0 -","robots":{"index":"noindex","follow":"follow"},"og_locale":"it_IT","og_type":"article","og_title":"FGTI Distribution - Politique qualit\u00e9","og_description":"FGTI Distribution - Politique qualit\u00e9 -","og_url":"https:\/\/fgti-distribution.fr\/it\/politica-della-qualita\/","og_site_name":"FGTI Distribution","article_modified_time":"2024-02-15T12:46:24+00:00","twitter_card":"summary_large_image","twitter_misc":{"Est. reading time":"1 minuto"},"schema":{"@context":"https:\/\/schema.org","@graph":[{"@type":"WebPage","@id":"https:\/\/fgti-distribution.fr\/politique-qualite\/","url":"https:\/\/fgti-distribution.fr\/politique-qualite\/","name":"FGTI Distribution - Politica per la qualit\u00e0","isPartOf":{"@id":"https:\/\/fgti-distribution.fr\/#website"},"datePublished":"2023-06-28T14:11:14+00:00","dateModified":"2024-02-15T12:46:24+00:00","description":"FGTI Distribuzione - Politica di qualit\u00e0 -","breadcrumb":{"@id":"https:\/\/fgti-distribution.fr\/politique-qualite\/#breadcrumb"},"inLanguage":"it-IT","potentialAction":[{"@type":"ReadAction","target":["https:\/\/fgti-distribution.fr\/politique-qualite\/"]}]},{"@type":"BreadcrumbList","@id":"https:\/\/fgti-distribution.fr\/politique-qualite\/#breadcrumb","itemListElement":[{"@type":"ListItem","position":1,"name":"Home","item":"https:\/\/fgti-distribution.fr\/"},{"@type":"ListItem","position":2,"name":"Politique qualit\u00e9"}]},{"@type":"WebSite","@id":"https:\/\/fgti-distribution.fr\/#website","url":"https:\/\/fgti-distribution.fr\/","name":"Distribuzione FGTI","description":"Parti tecniche e servizi ad alto valore aggiunto","publisher":{"@id":"https:\/\/fgti-distribution.fr\/#organization"},"alternateName":"FGTI Distribution","potentialAction":[{"@type":"SearchAction","target":{"@type":"EntryPoint","urlTemplate":"https:\/\/fgti-distribution.fr\/?s={search_term_string}"},"query-input":{"@type":"PropertyValueSpecification","valueRequired":true,"valueName":"search_term_string"}}],"inLanguage":"it-IT"},{"@type":"Organization","@id":"https:\/\/fgti-distribution.fr\/#organization","name":"Distribuzione FGTI","alternateName":"FGTI Distribution","url":"https:\/\/fgti-distribution.fr\/","logo":{"@type":"ImageObject","inLanguage":"it-IT","@id":"https:\/\/fgti-distribution.fr\/#\/schema\/logo\/image\/","url":"https:\/\/fgti-distribution.fr\/wp-content\/uploads\/2022\/12\/logo.png","contentUrl":"https:\/\/fgti-distribution.fr\/wp-content\/uploads\/2022\/12\/logo.png","width":500,"height":228,"caption":"FGTI Distribution"},"image":{"@id":"https:\/\/fgti-distribution.fr\/#\/schema\/logo\/image\/"},"sameAs":["https:\/\/www.linkedin.com\/company\/fgti-distribution\/"]}]}},"_links":{"self":[{"href":"https:\/\/fgti-distribution.fr\/it\/wp-json\/wp\/v2\/pages\/7982","targetHints":{"allow":["GET"]}}],"collection":[{"href":"https:\/\/fgti-distribution.fr\/it\/wp-json\/wp\/v2\/pages"}],"about":[{"href":"https:\/\/fgti-distribution.fr\/it\/wp-json\/wp\/v2\/types\/page"}],"author":[{"embeddable":true,"href":"https:\/\/fgti-distribution.fr\/it\/wp-json\/wp\/v2\/users\/4"}],"replies":[{"embeddable":true,"href":"https:\/\/fgti-distribution.fr\/it\/wp-json\/wp\/v2\/comments?post=7982"}],"version-history":[{"count":3,"href":"https:\/\/fgti-distribution.fr\/it\/wp-json\/wp\/v2\/pages\/7982\/revisions"}],"predecessor-version":[{"id":7985,"href":"https:\/\/fgti-distribution.fr\/it\/wp-json\/wp\/v2\/pages\/7982\/revisions\/7985"}],"wp:attachment":[{"href":"https:\/\/fgti-distribution.fr\/it\/wp-json\/wp\/v2\/media?parent=7982"}],"curies":[{"name":"wp","href":"https:\/\/api.w.org\/{rel}","templated":true}]}}