{"id":80,"date":"2012-05-06T12:58:24","date_gmt":"2012-05-06T12:58:24","guid":{"rendered":"https:\/\/fgti-distribution.fr\/?page_id=80"},"modified":"2023-05-16T13:19:15","modified_gmt":"2023-05-16T13:19:15","slug":"termini-e-condizioni-di-vendita","status":"publish","type":"page","link":"https:\/\/fgti-distribution.fr\/it\/conditions-generales-de-vente\/","title":{"rendered":"Termini e condizioni generali di vendita"},"content":{"rendered":"<section id=\"bt_bb_section69f55a427da9f\" class=\"bt_bb_section bt_bb_layout_boxed_1200\"  data-bt-override-class=\"null\"><div class=\"bt_bb_port\"><div class=\"bt_bb_cell\"><div class=\"bt_bb_cell_inner\"><div class=\"bt_bb_row\"  data-bt-override-class=\"{}\"><div class=\"bt_bb_row_holder\" ><div  class=\"bt_bb_column col-xxl-12 col-xl-12 col-xs-12 col-sm-12 col-md-12 col-lg-12 bt_bb_vertical_align_top bt_bb_align_left bt_bb_padding_normal\" style=\"; --column-width:12;\" data-width=\"12\" data-bt-override-class=\"{}\"><div class=\"bt_bb_column_content\"><div class=\"bt_bb_column_content_inner\"><div class=\"bt_bb_raw_content\"><div style=\"color: #BABABA; font-size: 12px; width: 100%; padding-bottom: 20px;\">FGTI-Distribuzione &gt; Condizioni generali di vendita<\/div><\/div><div class=\"bt_bb_row_inner\"   data-bt-override-class=\"{}\"><div class=\"bt_bb_row_inner_holder\"  ><div  class=\"bt_bb_column_inner col-xxl-12 col-xl-12 col-xs-12 col-sm-12 col-md-12 col-lg-12 bt_bb_vertical_align_top bt_bb_align_left bt_bb_padding_normal\"  data-width=\"12\" data-bt-override-class=\"{}\"><div class=\"bt_bb_column_inner_content\"><div class=\"bt_bb_column_inner_content_inner\"><div class=\"bt_bb_raw_content\"><p style=\"padding: 0 50px; font-size: 12px;\"><strong>CONDIZIONI GENERALI DI VENDITA<\/strong>\n<br \/><br \/>\nLe nostre condizioni di vendita, consegna e pagamento si applicano a tutte le nostre consegne. Esse fanno fede e non possono essere infirmate o modificate da altre condizioni inserite o figuranti negli ordini di acquisto o nella corrispondenza, se non mediante espressa accettazione da parte nostra. In nessun caso questi ordini e commesse possono essere corredati da clausole condizionali a richiesta dell'acquirente, e tutti gli impegni presi dai nostri rappresentanti o altri delegati della nostra Societ\u00e0 possono vincolarci solo mediante conferma scritta o firmata proveniente direttamente dalla nostra Societ\u00e0. I nostri prezzi si intendono in \u20ac (euro) e costituiscono il nostro tariffario base.\n<br \/><br \/>\nLe nostre spedizioni si intendono partenza dal nostro stabilimento di Andard (49), salvo diverse specifiche. Le nostre merci viaggiano sempre a rischio e pericolo del destinatario, anche in caso di spedizione porto franco. Tutta la merce dovr\u00e0 essere verificata al ricevimento e i reclami, per essere validi, dovranno essere effettuati entro 48 ore dal ricevimento delle suddette merci. In caso di avaria constatata al ricevimento, nessun reclamo sar\u00e0 ammesso se tutte le dovute riserve non saranno state regolarmente fatte nei confronti dei trasportatori.\n<br \/><br \/>\nIn caso di comprovato errore nell'esecuzione di un ordine, siamo tenuti unicamente alla sostituzione della merce. La merce gi\u00e0 utilizzata non pu\u00f2 essere sostituita. I resi sono accettati solo previo nostro accordo.\n<br \/><br \/>\nI nostri tempi di consegna sono forniti a titolo indicativo. Non possiamo accettare richieste di annullamento per ritardi nella consegna, salvo casi di forza maggiore e previa comunicazione formale con lettera raccomandata che ci dia 15 giorni di tempo per spedire la merce.\nIn particolare, scioperi, inondazioni, interruzioni dei servizi di trasporto e altre clausole che ostacolino o interrompano in modo permanente le nostre consegne o quelle dei nostri fornitori abituali sono considerati casi di forza maggiore ai fini dell'applicazione della presente clausola. In caso di forza maggiore, che ci esonera da qualsiasi responsabilit\u00e0 in merito ai tempi di consegna, ci riserviamo il diritto di sospendere o annullare i contratti in corso, senza alcun risarcimento.\nIl mancato pagamento alle scadenze previste libera immediatamente la Societ\u00e0 da qualsiasi obbligo nei confronti dell'acquirente.\nLa contestazione di una questione specifica non pu\u00f2 comportare il rifiuto del pagamento di prodotti non contestati. In generale, i termini di pagamento non possono essere ritardati per nessun motivo, anche in caso di controversia. Ci riserviamo tutti i diritti e i privilegi fino al completo pagamento delle nostre forniture. In caso di restituzione di cambiali o note, le spese di restituzione, di protesta, di nuove trattative e gli interessi sono a carico del trattario. La restituzione di una fattura non pagata comporta automaticamente l'esigibilit\u00e0 dell'intero debito.\n<br \/><br \/>\nIn caso di contestazione relativa a o in occasione di una consegna o del suo pagamento, i tribunali di Angers saranno gli unici competenti, indipendentemente dalle condizioni di vendita e dalle modalit\u00e0 di pagamento accettate, e anche in caso di richiesta incidentale, pluralit\u00e0 di convenuti o chiamata in garanzia, nonostante qualsiasi clausola contraria eventualmente contenuta nelle condizioni generali dei nostri clienti.\n<br \/><br \/>\nL'accettazione di un regolamento tramite vaglia, bonifico, tratta, assegno o effetti di qualsiasi tipo su una citt\u00e0 diversa da Angers non potr\u00e0 in alcun caso costituire deroga alla presente clausola essenziale attributiva di giurisdizione.\n<br \/><br \/>\nOgni convenzione particolare o ogni deroga a una delle presenti condizioni generali dovr\u00e0 essere oggetto da parte nostra di specifiche pattuizioni scritte, tutte le condizioni generali definite al di sopra, che non fossero espressamente modificate o abrogate da tali pattuizioni speciali, conserveranno il loro pieno ed intero effetto.\n<\/p><\/div><\/div><\/div><\/div><\/div><\/div><\/div><\/div><\/div><\/div><\/div><\/div><!-- cell_inner --><\/div><!-- cell --><\/div><!-- port --><\/section>","protected":false},"excerpt":{"rendered":"","protected":false},"author":1,"featured_media":0,"parent":0,"menu_order":0,"comment_status":"closed","ping_status":"closed","template":"","meta":{"footnotes":""},"class_list":["post-80","page","type-page","status-publish","hentry"],"yoast_head":"<!-- This site is optimized with the Yoast SEO plugin v27.3 - https:\/\/yoast.com\/product\/yoast-seo-wordpress\/ -->\n<title>FGTI Distribution - Conditions g\u00e9n\u00e9rales de vente<\/title>\n<meta name=\"description\" content=\"FGTI Distribution - Conditions g\u00e9n\u00e9rales de vente -\" \/>\n<meta name=\"robots\" content=\"noindex, nofollow\" \/>\n<meta property=\"og:locale\" content=\"it_IT\" \/>\n<meta property=\"og:type\" content=\"article\" \/>\n<meta property=\"og:title\" content=\"FGTI Distribution - Conditions g\u00e9n\u00e9rales de vente\" \/>\n<meta property=\"og:description\" content=\"FGTI Distribution - Conditions g\u00e9n\u00e9rales de vente -\" \/>\n<meta property=\"og:url\" content=\"https:\/\/fgti-distribution.fr\/it\/termini-e-condizioni-di-vendita\/\" \/>\n<meta property=\"og:site_name\" content=\"FGTI Distribution\" \/>\n<meta property=\"article:modified_time\" content=\"2023-05-16T13:19:15+00:00\" \/>\n<meta name=\"twitter:card\" content=\"summary_large_image\" \/>\n<meta name=\"twitter:label1\" content=\"Est. reading time\" \/>\n\t<meta name=\"twitter:data1\" content=\"1 minuto\" \/>\n<script type=\"application\/ld+json\" class=\"yoast-schema-graph\">{\"@context\":\"https:\\\/\\\/schema.org\",\"@graph\":[{\"@type\":\"WebPage\",\"@id\":\"https:\\\/\\\/fgti-distribution.fr\\\/conditions-generales-de-vente\\\/\",\"url\":\"https:\\\/\\\/fgti-distribution.fr\\\/conditions-generales-de-vente\\\/\",\"name\":\"FGTI Distribution - Conditions g\u00e9n\u00e9rales de vente\",\"isPartOf\":{\"@id\":\"https:\\\/\\\/fgti-distribution.fr\\\/#website\"},\"datePublished\":\"2012-05-06T12:58:24+00:00\",\"dateModified\":\"2023-05-16T13:19:15+00:00\",\"description\":\"FGTI Distribution - Conditions g\u00e9n\u00e9rales de vente -\",\"breadcrumb\":{\"@id\":\"https:\\\/\\\/fgti-distribution.fr\\\/conditions-generales-de-vente\\\/#breadcrumb\"},\"inLanguage\":\"it-IT\",\"potentialAction\":[{\"@type\":\"ReadAction\",\"target\":[\"https:\\\/\\\/fgti-distribution.fr\\\/conditions-generales-de-vente\\\/\"]}]},{\"@type\":\"BreadcrumbList\",\"@id\":\"https:\\\/\\\/fgti-distribution.fr\\\/conditions-generales-de-vente\\\/#breadcrumb\",\"itemListElement\":[{\"@type\":\"ListItem\",\"position\":1,\"name\":\"Home\",\"item\":\"https:\\\/\\\/fgti-distribution.fr\\\/\"},{\"@type\":\"ListItem\",\"position\":2,\"name\":\"Conditions g\u00e9n\u00e9rales de vente\"}]},{\"@type\":\"WebSite\",\"@id\":\"https:\\\/\\\/fgti-distribution.fr\\\/#website\",\"url\":\"https:\\\/\\\/fgti-distribution.fr\\\/\",\"name\":\"FGTI Distribution\",\"description\":\"Pi\u00e8ces techniques et services \u00e0 forte valeur ajout\u00e9e\",\"publisher\":{\"@id\":\"https:\\\/\\\/fgti-distribution.fr\\\/#organization\"},\"alternateName\":\"FGTI Distribution\",\"potentialAction\":[{\"@type\":\"SearchAction\",\"target\":{\"@type\":\"EntryPoint\",\"urlTemplate\":\"https:\\\/\\\/fgti-distribution.fr\\\/?s={search_term_string}\"},\"query-input\":{\"@type\":\"PropertyValueSpecification\",\"valueRequired\":true,\"valueName\":\"search_term_string\"}}],\"inLanguage\":\"it-IT\"},{\"@type\":\"Organization\",\"@id\":\"https:\\\/\\\/fgti-distribution.fr\\\/#organization\",\"name\":\"FGTI Distribution\",\"alternateName\":\"FGTI Distribution\",\"url\":\"https:\\\/\\\/fgti-distribution.fr\\\/\",\"logo\":{\"@type\":\"ImageObject\",\"inLanguage\":\"it-IT\",\"@id\":\"https:\\\/\\\/fgti-distribution.fr\\\/#\\\/schema\\\/logo\\\/image\\\/\",\"url\":\"https:\\\/\\\/fgti-distribution.fr\\\/wp-content\\\/uploads\\\/2022\\\/12\\\/logo.png\",\"contentUrl\":\"https:\\\/\\\/fgti-distribution.fr\\\/wp-content\\\/uploads\\\/2022\\\/12\\\/logo.png\",\"width\":500,\"height\":228,\"caption\":\"FGTI Distribution\"},\"image\":{\"@id\":\"https:\\\/\\\/fgti-distribution.fr\\\/#\\\/schema\\\/logo\\\/image\\\/\"},\"sameAs\":[\"https:\\\/\\\/www.linkedin.com\\\/company\\\/fgti-distribution\\\/\"]}]}<\/script>\n<!-- \/ Yoast SEO plugin. -->","yoast_head_json":{"title":"FGTI Distribuzione - Condizioni generali di vendita","description":"FGTI Distribuzione - Condizioni generali di vendita -","robots":{"index":"noindex","follow":"nofollow"},"og_locale":"it_IT","og_type":"article","og_title":"FGTI Distribution - Conditions g\u00e9n\u00e9rales de vente","og_description":"FGTI Distribution - Conditions g\u00e9n\u00e9rales de vente -","og_url":"https:\/\/fgti-distribution.fr\/it\/termini-e-condizioni-di-vendita\/","og_site_name":"FGTI Distribution","article_modified_time":"2023-05-16T13:19:15+00:00","twitter_card":"summary_large_image","twitter_misc":{"Est. reading time":"1 minuto"},"schema":{"@context":"https:\/\/schema.org","@graph":[{"@type":"WebPage","@id":"https:\/\/fgti-distribution.fr\/conditions-generales-de-vente\/","url":"https:\/\/fgti-distribution.fr\/conditions-generales-de-vente\/","name":"FGTI Distribuzione - Condizioni generali di vendita","isPartOf":{"@id":"https:\/\/fgti-distribution.fr\/#website"},"datePublished":"2012-05-06T12:58:24+00:00","dateModified":"2023-05-16T13:19:15+00:00","description":"FGTI Distribuzione - Condizioni generali di vendita -","breadcrumb":{"@id":"https:\/\/fgti-distribution.fr\/conditions-generales-de-vente\/#breadcrumb"},"inLanguage":"it-IT","potentialAction":[{"@type":"ReadAction","target":["https:\/\/fgti-distribution.fr\/conditions-generales-de-vente\/"]}]},{"@type":"BreadcrumbList","@id":"https:\/\/fgti-distribution.fr\/conditions-generales-de-vente\/#breadcrumb","itemListElement":[{"@type":"ListItem","position":1,"name":"Home","item":"https:\/\/fgti-distribution.fr\/"},{"@type":"ListItem","position":2,"name":"Conditions g\u00e9n\u00e9rales de vente"}]},{"@type":"WebSite","@id":"https:\/\/fgti-distribution.fr\/#website","url":"https:\/\/fgti-distribution.fr\/","name":"Distribuzione FGTI","description":"Parti tecniche e servizi ad alto valore aggiunto","publisher":{"@id":"https:\/\/fgti-distribution.fr\/#organization"},"alternateName":"FGTI Distribution","potentialAction":[{"@type":"SearchAction","target":{"@type":"EntryPoint","urlTemplate":"https:\/\/fgti-distribution.fr\/?s={search_term_string}"},"query-input":{"@type":"PropertyValueSpecification","valueRequired":true,"valueName":"search_term_string"}}],"inLanguage":"it-IT"},{"@type":"Organization","@id":"https:\/\/fgti-distribution.fr\/#organization","name":"Distribuzione FGTI","alternateName":"FGTI Distribution","url":"https:\/\/fgti-distribution.fr\/","logo":{"@type":"ImageObject","inLanguage":"it-IT","@id":"https:\/\/fgti-distribution.fr\/#\/schema\/logo\/image\/","url":"https:\/\/fgti-distribution.fr\/wp-content\/uploads\/2022\/12\/logo.png","contentUrl":"https:\/\/fgti-distribution.fr\/wp-content\/uploads\/2022\/12\/logo.png","width":500,"height":228,"caption":"FGTI Distribution"},"image":{"@id":"https:\/\/fgti-distribution.fr\/#\/schema\/logo\/image\/"},"sameAs":["https:\/\/www.linkedin.com\/company\/fgti-distribution\/"]}]}},"_links":{"self":[{"href":"https:\/\/fgti-distribution.fr\/it\/wp-json\/wp\/v2\/pages\/80","targetHints":{"allow":["GET"]}}],"collection":[{"href":"https:\/\/fgti-distribution.fr\/it\/wp-json\/wp\/v2\/pages"}],"about":[{"href":"https:\/\/fgti-distribution.fr\/it\/wp-json\/wp\/v2\/types\/page"}],"author":[{"embeddable":true,"href":"https:\/\/fgti-distribution.fr\/it\/wp-json\/wp\/v2\/users\/1"}],"replies":[{"embeddable":true,"href":"https:\/\/fgti-distribution.fr\/it\/wp-json\/wp\/v2\/comments?post=80"}],"version-history":[{"count":6,"href":"https:\/\/fgti-distribution.fr\/it\/wp-json\/wp\/v2\/pages\/80\/revisions"}],"predecessor-version":[{"id":7945,"href":"https:\/\/fgti-distribution.fr\/it\/wp-json\/wp\/v2\/pages\/80\/revisions\/7945"}],"wp:attachment":[{"href":"https:\/\/fgti-distribution.fr\/it\/wp-json\/wp\/v2\/media?parent=80"}],"curies":[{"name":"wp","href":"https:\/\/api.w.org\/{rel}","templated":true}]}}