{"id":9577,"date":"2024-04-30T18:23:31","date_gmt":"2024-04-30T18:23:31","guid":{"rendered":"https:\/\/fgti-distribution.fr\/?page_id=9577"},"modified":"2024-09-05T15:41:34","modified_gmt":"2024-09-05T15:41:34","slug":"presentation-de-bock-machining","status":"publish","type":"page","link":"https:\/\/fgti-distribution.fr\/it\/pieces-techniques-sans-pfas-bock\/presentation-de-bock-machining\/","title":{"rendered":"Pr\u00e9sentation de bock machining gmbh"},"content":{"rendered":"<section data-bb-version=\"4.9.1\" id=\"bt_bb_section69d0a5880a5ac\" class=\"bt_bb_section bt_bb_layout_boxed_1200\"  data-bt-override-class=\"null\"><div class=\"bt_bb_port\"><div class=\"bt_bb_cell\"><div class=\"bt_bb_cell_inner\"><div class=\"bt_bb_row\"  data-bt-override-class=\"{}\"><div class=\"bt_bb_row_holder\" ><div data-bb-version=\"4.9.1\"  class=\"bt_bb_column col-xxl-12 col-xl-12 col-xs-12 col-sm-12 col-md-12 col-lg-12 bt_bb_vertical_align_top bt_bb_align_left bt_bb_padding_normal\" style=\"; --column-width:12;\" data-width=\"12\" data-bt-override-class=\"{}\"><div class=\"bt_bb_column_content\"><div class=\"bt_bb_column_content_inner\"><div class=\"bt_bb_raw_content\"><h2 style=\"color: #172983;\">bock Machining : pr\u00e9curseur dans la fabrication de pi\u00e8ces thermoplastiques sans PFAS<\/h2>\nLa soci\u00e9t\u00e9\u00a0bock machining gmbh\u00a0est un fabricant allemand de pi\u00e8ces techniques industrielles en thermoplastiques hautes performances. C\u2018est un pr\u00e9curseur dans la conception & la fabrication de pi\u00e8ces sur-mesure sans PFAS.\n<br \/><br \/><\/div><div data-bb-version=\"4.9.1\" class=\"bt_bb_row_inner\"   data-bt-override-class=\"{}\"><div class=\"bt_bb_row_inner_holder\"  ><div data-bb-version=\"4.9.1\"  class=\"bt_bb_column_inner col-xxl-6 col-xl-6 col-xs-12 col-sm-6 col-md-6 col-lg-6 bt_bb_vertical_align_top bt_bb_align_left bt_bb_padding_normal\"  data-width=\"6\" data-bt-override-class=\"{}\"><div class=\"bt_bb_column_inner_content\"><div class=\"bt_bb_column_inner_content_inner\"><div class=\"bt_bb_raw_content\">Il est sp\u00e9cialis\u00e9 dans :\n<ul>\n<li>le conditionnement de boissons et aliments,<\/li>\n<li>les techniques de peinture et de collage,<\/li>\n<li>les pompes et compresseurs,<\/li>\n<li>la robinetterie et les vannes,<\/li>\n<li>les techniques m\u00e9dicales et pharmaceutiques,<\/li>\n<li>les techniques de laboratoire et d\u2019analyse,<\/li>\n<li>le conditionnement de produits en vrac.<\/li>\n<\/ul><\/div><\/div><\/div><\/div><div data-bb-version=\"4.9.1\"  class=\"bt_bb_column_inner col-xxl-6 col-xl-6 col-xs-12 col-sm-6 col-md-6 col-lg-6 bt_bb_vertical_align_top bt_bb_align_left bt_bb_padding_normal\"  data-width=\"6\" data-bt-override-class=\"{}\"><div class=\"bt_bb_column_inner_content\"><div class=\"bt_bb_column_inner_content_inner\"><div data-bb-version=\"4.9.1\" class=\"bt_bb_image bt_bb_shape_square bt_bb_target_self bt_bb_align_inherit bt_bb_hover_style_simple bt_bb_content_display_always bt_bb_content_align_middle bt_bb_remove_padding_yes bt_bb_fill_background_color_full\" data-bt-override-class=\"{&quot;bt_bb_align_&quot;:{&quot;current_class&quot;:&quot;bt_bb_align_inherit&quot;,&quot;def&quot;:&quot;inherit&quot;}}\"><span><img loading=\"lazy\" decoding=\"async\" width=\"600\" height=\"230\" src=\"https:\/\/fgti-distribution.fr\/wp-content\/uploads\/2024\/04\/logo-bock-machining.jpg\" class=\"attachment-full size-full\" alt=\"Logo Bock Machining\" data-full_image_src=\"https:\/\/fgti-distribution.fr\/wp-content\/uploads\/2024\/04\/logo-bock-machining.jpg\" srcset=\"https:\/\/fgti-distribution.fr\/wp-content\/uploads\/2024\/04\/logo-bock-machining.jpg 600w, https:\/\/fgti-distribution.fr\/wp-content\/uploads\/2024\/04\/logo-bock-machining-320x123.jpg 320w\" sizes=\"auto, (max-width: 600px) 100vw, 600px\" \/><\/span><\/div><\/div><\/div><\/div><\/div><\/div><div class=\"bt_bb_raw_content\"><br \/><br \/>\nForte de ses 20 ans d\u2019exp\u00e9rience acquise gr\u00e2ce \u00e0 l\u2019\u00e9change avec ses clients et \u00e0 l\u2019investissement de tous ses collaborateurs, bock machining apporte des solutions techniques innovantes, performantes et fiables dans des mati\u00e8res alternatives au PTFE.\n<\/div><div data-bb-version=\"4.9.1\" class=\"bt_bb_separator bt_bb_top_spacing_medium bt_bb_bottom_spacing_no_spacing bt_bb_border_style_none\" data-bt-override-class=\"{&quot;bt_bb_top_spacing_&quot;:{&quot;current_class&quot;:&quot;bt_bb_top_spacing_medium&quot;,&quot;def&quot;:&quot;medium&quot;},&quot;bt_bb_bottom_spacing_&quot;:{&quot;current_class&quot;:&quot;bt_bb_bottom_spacing_no_spacing&quot;,&quot;def&quot;:&quot;no_spacing&quot;}}\"><\/div><div data-bb-version=\"4.9.1\" class=\"bt_bb_row_inner\"   data-bt-override-class=\"{}\"><div class=\"bt_bb_row_inner_holder\"  ><div data-bb-version=\"4.9.1\"  class=\"bt_bb_column_inner col-xxl-6 col-xl-6 col-xs-12 col-sm-6 col-md-6 col-lg-6 bt_bb_vertical_align_top bt_bb_align_left bt_bb_padding_normal\"  data-width=\"6\" data-bt-override-class=\"{}\"><div class=\"bt_bb_column_inner_content\"><div class=\"bt_bb_column_inner_content_inner\"><div data-bb-version=\"4.9.1\" class=\"bt_bb_image bt_bb_shape_square bt_bb_target_self bt_bb_align_inherit bt_bb_hover_style_simple bt_bb_content_display_always bt_bb_content_align_middle bt_bb_remove_padding_yes bt_bb_fill_background_color_full\" data-bt-override-class=\"{&quot;bt_bb_align_&quot;:{&quot;current_class&quot;:&quot;bt_bb_align_inherit&quot;,&quot;def&quot;:&quot;inherit&quot;}}\"><span><img loading=\"lazy\" decoding=\"async\" width=\"1504\" height=\"734\" src=\"https:\/\/fgti-distribution.fr\/wp-content\/uploads\/2024\/05\/pieces-sans-pfas-bock1.jpg\" class=\"attachment-full size-full\" alt=\"pi\u00e8ce sans pfas bock\" data-full_image_src=\"https:\/\/fgti-distribution.fr\/wp-content\/uploads\/2024\/05\/pieces-sans-pfas-bock1.jpg\" srcset=\"https:\/\/fgti-distribution.fr\/wp-content\/uploads\/2024\/05\/pieces-sans-pfas-bock1.jpg 1504w, https:\/\/fgti-distribution.fr\/wp-content\/uploads\/2024\/05\/pieces-sans-pfas-bock1-640x312.jpg 640w, https:\/\/fgti-distribution.fr\/wp-content\/uploads\/2024\/05\/pieces-sans-pfas-bock1-1280x625.jpg 1280w, https:\/\/fgti-distribution.fr\/wp-content\/uploads\/2024\/05\/pieces-sans-pfas-bock1-768x375.jpg 768w, https:\/\/fgti-distribution.fr\/wp-content\/uploads\/2024\/05\/pieces-sans-pfas-bock1-320x156.jpg 320w\" sizes=\"auto, (max-width: 1504px) 100vw, 1504px\" \/><\/span><\/div><\/div><\/div><\/div><div data-bb-version=\"4.9.1\"  class=\"bt_bb_column_inner col-xxl-6 col-xl-6 col-xs-12 col-sm-6 col-md-6 col-lg-6 bt_bb_vertical_align_top bt_bb_align_left bt_bb_padding_normal\"  data-width=\"6\" data-bt-override-class=\"{}\"><div class=\"bt_bb_column_inner_content\"><div class=\"bt_bb_column_inner_content_inner\"><div data-bb-version=\"4.9.1\" class=\"bt_bb_image bt_bb_shape_square bt_bb_target_self bt_bb_align_inherit bt_bb_hover_style_simple bt_bb_content_display_always bt_bb_content_align_middle bt_bb_remove_padding_yes bt_bb_fill_background_color_full\" data-bt-override-class=\"{&quot;bt_bb_align_&quot;:{&quot;current_class&quot;:&quot;bt_bb_align_inherit&quot;,&quot;def&quot;:&quot;inherit&quot;}}\"><span><img loading=\"lazy\" decoding=\"async\" width=\"1504\" height=\"734\" src=\"https:\/\/fgti-distribution.fr\/wp-content\/uploads\/2024\/05\/pieces-sans-pfas-bock2.jpg\" class=\"attachment-full size-full\" alt=\"Pi\u00e8ces sans PFAS Bock\" data-full_image_src=\"https:\/\/fgti-distribution.fr\/wp-content\/uploads\/2024\/05\/pieces-sans-pfas-bock2.jpg\" srcset=\"https:\/\/fgti-distribution.fr\/wp-content\/uploads\/2024\/05\/pieces-sans-pfas-bock2.jpg 1504w, https:\/\/fgti-distribution.fr\/wp-content\/uploads\/2024\/05\/pieces-sans-pfas-bock2-640x312.jpg 640w, https:\/\/fgti-distribution.fr\/wp-content\/uploads\/2024\/05\/pieces-sans-pfas-bock2-1280x625.jpg 1280w, https:\/\/fgti-distribution.fr\/wp-content\/uploads\/2024\/05\/pieces-sans-pfas-bock2-768x375.jpg 768w, https:\/\/fgti-distribution.fr\/wp-content\/uploads\/2024\/05\/pieces-sans-pfas-bock2-320x156.jpg 320w\" sizes=\"auto, (max-width: 1504px) 100vw, 1504px\" \/><\/span><\/div><\/div><\/div><\/div><\/div><\/div><div data-bb-version=\"4.9.1\" class=\"bt_bb_separator bt_bb_top_spacing_medium bt_bb_bottom_spacing_no_spacing bt_bb_border_style_none\" data-bt-override-class=\"{&quot;bt_bb_top_spacing_&quot;:{&quot;current_class&quot;:&quot;bt_bb_top_spacing_medium&quot;,&quot;def&quot;:&quot;medium&quot;},&quot;bt_bb_bottom_spacing_&quot;:{&quot;current_class&quot;:&quot;bt_bb_bottom_spacing_no_spacing&quot;,&quot;def&quot;:&quot;no_spacing&quot;}}\"><\/div><div data-bb-version=\"4.9.1\" class=\"bt_bb_image bt_bb_shape_square bt_bb_target_self bt_bb_align_inherit bt_bb_hover_style_simple bt_bb_content_display_always bt_bb_content_align_middle bt_bb_remove_padding_yes bt_bb_fill_background_color_full\" data-bt-override-class=\"{&quot;bt_bb_align_&quot;:{&quot;current_class&quot;:&quot;bt_bb_align_inherit&quot;,&quot;def&quot;:&quot;inherit&quot;}}\"><span><img loading=\"lazy\" decoding=\"async\" width=\"1920\" height=\"1080\" src=\"https:\/\/fgti-distribution.fr\/wp-content\/uploads\/2024\/04\/tubes-tuyaux-sans-PFAS.jpg\" class=\"attachment-full size-full\" alt=\"Tubes et tuyaux sans PFAS\" data-full_image_src=\"https:\/\/fgti-distribution.fr\/wp-content\/uploads\/2024\/04\/tubes-tuyaux-sans-PFAS.jpg\" srcset=\"https:\/\/fgti-distribution.fr\/wp-content\/uploads\/2024\/04\/tubes-tuyaux-sans-PFAS.jpg 1920w, https:\/\/fgti-distribution.fr\/wp-content\/uploads\/2024\/04\/tubes-tuyaux-sans-PFAS-640x360.jpg 640w, https:\/\/fgti-distribution.fr\/wp-content\/uploads\/2024\/04\/tubes-tuyaux-sans-PFAS-1280x720.jpg 1280w, https:\/\/fgti-distribution.fr\/wp-content\/uploads\/2024\/04\/tubes-tuyaux-sans-PFAS-768x432.jpg 768w, https:\/\/fgti-distribution.fr\/wp-content\/uploads\/2024\/04\/tubes-tuyaux-sans-PFAS-1536x864.jpg 1536w, https:\/\/fgti-distribution.fr\/wp-content\/uploads\/2024\/04\/tubes-tuyaux-sans-PFAS-320x180.jpg 320w\" sizes=\"auto, (max-width: 1920px) 100vw, 1920px\" \/><\/span><\/div><\/div><\/div><\/div><\/div><\/div><\/div><!-- cell_inner --><\/div><!-- cell --><\/div><!-- port --><\/section>","protected":false},"excerpt":{"rendered":"","protected":false},"author":1,"featured_media":9604,"parent":9575,"menu_order":0,"comment_status":"closed","ping_status":"closed","template":"","meta":{"footnotes":""},"class_list":["post-9577","page","type-page","status-publish","has-post-thumbnail","hentry"],"yoast_head":"<!-- This site is optimized with the Yoast SEO plugin v27.3 - https:\/\/yoast.com\/product\/yoast-seo-wordpress\/ -->\n<title>FGTI Distribution - Pr\u00e9sentation de bock machining gmbh<\/title>\n<meta name=\"description\" content=\"FGTI Distribution - Pr\u00e9sentation de bock machining gmbh -\" \/>\n<meta name=\"robots\" content=\"index, follow, max-snippet:-1, max-image-preview:large, max-video-preview:-1\" \/>\n<link rel=\"canonical\" href=\"https:\/\/fgti-distribution.fr\/it\/pieces-techniques-sans-pfas-bock\/presentation-de-bock-machining\/\" \/>\n<meta property=\"og:locale\" content=\"it_IT\" \/>\n<meta property=\"og:type\" content=\"article\" \/>\n<meta property=\"og:title\" content=\"FGTI Distribution - Pr\u00e9sentation de bock machining gmbh\" \/>\n<meta property=\"og:description\" content=\"FGTI Distribution - Pr\u00e9sentation de bock machining gmbh -\" \/>\n<meta property=\"og:url\" content=\"https:\/\/fgti-distribution.fr\/it\/pieces-techniques-sans-pfas-bock\/presentation-de-bock-machining\/\" \/>\n<meta property=\"og:site_name\" content=\"FGTI Distribution\" \/>\n<meta property=\"article:modified_time\" content=\"2024-09-05T15:41:34+00:00\" \/>\n<meta property=\"og:image\" content=\"https:\/\/fgti-distribution.fr\/wp-content\/uploads\/2024\/04\/logo-bock-machining.jpg\" \/>\n\t<meta property=\"og:image:width\" content=\"600\" \/>\n\t<meta property=\"og:image:height\" content=\"230\" \/>\n\t<meta property=\"og:image:type\" content=\"image\/jpeg\" \/>\n<meta name=\"twitter:card\" content=\"summary_large_image\" \/>\n<meta name=\"twitter:label1\" content=\"Est. reading time\" \/>\n\t<meta name=\"twitter:data1\" content=\"1 minuto\" \/>\n<script type=\"application\/ld+json\" class=\"yoast-schema-graph\">{\"@context\":\"https:\\\/\\\/schema.org\",\"@graph\":[{\"@type\":\"WebPage\",\"@id\":\"https:\\\/\\\/fgti-distribution.fr\\\/pieces-techniques-sans-pfas-bock\\\/presentation-de-bock-machining\\\/\",\"url\":\"https:\\\/\\\/fgti-distribution.fr\\\/pieces-techniques-sans-pfas-bock\\\/presentation-de-bock-machining\\\/\",\"name\":\"FGTI Distribution - Pr\u00e9sentation de bock machining gmbh\",\"isPartOf\":{\"@id\":\"https:\\\/\\\/fgti-distribution.fr\\\/#website\"},\"primaryImageOfPage\":{\"@id\":\"https:\\\/\\\/fgti-distribution.fr\\\/pieces-techniques-sans-pfas-bock\\\/presentation-de-bock-machining\\\/#primaryimage\"},\"image\":{\"@id\":\"https:\\\/\\\/fgti-distribution.fr\\\/pieces-techniques-sans-pfas-bock\\\/presentation-de-bock-machining\\\/#primaryimage\"},\"thumbnailUrl\":\"https:\\\/\\\/fgti-distribution.fr\\\/wp-content\\\/uploads\\\/2024\\\/04\\\/logo-bock-machining.jpg\",\"datePublished\":\"2024-04-30T18:23:31+00:00\",\"dateModified\":\"2024-09-05T15:41:34+00:00\",\"description\":\"FGTI Distribution - Pr\u00e9sentation de bock machining gmbh -\",\"breadcrumb\":{\"@id\":\"https:\\\/\\\/fgti-distribution.fr\\\/pieces-techniques-sans-pfas-bock\\\/presentation-de-bock-machining\\\/#breadcrumb\"},\"inLanguage\":\"it-IT\",\"potentialAction\":[{\"@type\":\"ReadAction\",\"target\":[\"https:\\\/\\\/fgti-distribution.fr\\\/pieces-techniques-sans-pfas-bock\\\/presentation-de-bock-machining\\\/\"]}]},{\"@type\":\"ImageObject\",\"inLanguage\":\"it-IT\",\"@id\":\"https:\\\/\\\/fgti-distribution.fr\\\/pieces-techniques-sans-pfas-bock\\\/presentation-de-bock-machining\\\/#primaryimage\",\"url\":\"https:\\\/\\\/fgti-distribution.fr\\\/wp-content\\\/uploads\\\/2024\\\/04\\\/logo-bock-machining.jpg\",\"contentUrl\":\"https:\\\/\\\/fgti-distribution.fr\\\/wp-content\\\/uploads\\\/2024\\\/04\\\/logo-bock-machining.jpg\",\"width\":600,\"height\":230,\"caption\":\"Logo Bock Machining\"},{\"@type\":\"BreadcrumbList\",\"@id\":\"https:\\\/\\\/fgti-distribution.fr\\\/pieces-techniques-sans-pfas-bock\\\/presentation-de-bock-machining\\\/#breadcrumb\",\"itemListElement\":[{\"@type\":\"ListItem\",\"position\":1,\"name\":\"Home\",\"item\":\"https:\\\/\\\/fgti-distribution.fr\\\/\"},{\"@type\":\"ListItem\",\"position\":2,\"name\":\"Pi\u00e8ces techniques sans PFAS BOCK\",\"item\":\"https:\\\/\\\/fgti-distribution.fr\\\/pieces-techniques-sans-pfas-bock\\\/\"},{\"@type\":\"ListItem\",\"position\":3,\"name\":\"Pr\u00e9sentation de bock machining gmbh\"}]},{\"@type\":\"WebSite\",\"@id\":\"https:\\\/\\\/fgti-distribution.fr\\\/#website\",\"url\":\"https:\\\/\\\/fgti-distribution.fr\\\/\",\"name\":\"FGTI Distribution\",\"description\":\"Pi\u00e8ces techniques et services \u00e0 forte valeur ajout\u00e9e\",\"publisher\":{\"@id\":\"https:\\\/\\\/fgti-distribution.fr\\\/#organization\"},\"alternateName\":\"FGTI Distribution\",\"potentialAction\":[{\"@type\":\"SearchAction\",\"target\":{\"@type\":\"EntryPoint\",\"urlTemplate\":\"https:\\\/\\\/fgti-distribution.fr\\\/?s={search_term_string}\"},\"query-input\":{\"@type\":\"PropertyValueSpecification\",\"valueRequired\":true,\"valueName\":\"search_term_string\"}}],\"inLanguage\":\"it-IT\"},{\"@type\":\"Organization\",\"@id\":\"https:\\\/\\\/fgti-distribution.fr\\\/#organization\",\"name\":\"FGTI Distribution\",\"alternateName\":\"FGTI Distribution\",\"url\":\"https:\\\/\\\/fgti-distribution.fr\\\/\",\"logo\":{\"@type\":\"ImageObject\",\"inLanguage\":\"it-IT\",\"@id\":\"https:\\\/\\\/fgti-distribution.fr\\\/#\\\/schema\\\/logo\\\/image\\\/\",\"url\":\"https:\\\/\\\/fgti-distribution.fr\\\/wp-content\\\/uploads\\\/2022\\\/12\\\/logo.png\",\"contentUrl\":\"https:\\\/\\\/fgti-distribution.fr\\\/wp-content\\\/uploads\\\/2022\\\/12\\\/logo.png\",\"width\":500,\"height\":228,\"caption\":\"FGTI Distribution\"},\"image\":{\"@id\":\"https:\\\/\\\/fgti-distribution.fr\\\/#\\\/schema\\\/logo\\\/image\\\/\"},\"sameAs\":[\"https:\\\/\\\/www.linkedin.com\\\/company\\\/fgti-distribution\\\/\"]}]}<\/script>\n<!-- \/ Yoast SEO plugin. -->","yoast_head_json":{"title":"FGTI Distribution - Pr\u00e9sentation de bock machining gmbh","description":"FGTI Distribution - Pr\u00e9sentation de bock machining gmbh -","robots":{"index":"index","follow":"follow","max-snippet":"max-snippet:-1","max-image-preview":"max-image-preview:large","max-video-preview":"max-video-preview:-1"},"canonical":"https:\/\/fgti-distribution.fr\/it\/pieces-techniques-sans-pfas-bock\/presentation-de-bock-machining\/","og_locale":"it_IT","og_type":"article","og_title":"FGTI Distribution - Pr\u00e9sentation de bock machining gmbh","og_description":"FGTI Distribution - Pr\u00e9sentation de bock machining gmbh -","og_url":"https:\/\/fgti-distribution.fr\/it\/pieces-techniques-sans-pfas-bock\/presentation-de-bock-machining\/","og_site_name":"FGTI Distribution","article_modified_time":"2024-09-05T15:41:34+00:00","og_image":[{"width":600,"height":230,"url":"https:\/\/fgti-distribution.fr\/wp-content\/uploads\/2024\/04\/logo-bock-machining.jpg","type":"image\/jpeg"}],"twitter_card":"summary_large_image","twitter_misc":{"Est. reading time":"1 minuto"},"schema":{"@context":"https:\/\/schema.org","@graph":[{"@type":"WebPage","@id":"https:\/\/fgti-distribution.fr\/pieces-techniques-sans-pfas-bock\/presentation-de-bock-machining\/","url":"https:\/\/fgti-distribution.fr\/pieces-techniques-sans-pfas-bock\/presentation-de-bock-machining\/","name":"FGTI Distribution - Pr\u00e9sentation de bock machining gmbh","isPartOf":{"@id":"https:\/\/fgti-distribution.fr\/#website"},"primaryImageOfPage":{"@id":"https:\/\/fgti-distribution.fr\/pieces-techniques-sans-pfas-bock\/presentation-de-bock-machining\/#primaryimage"},"image":{"@id":"https:\/\/fgti-distribution.fr\/pieces-techniques-sans-pfas-bock\/presentation-de-bock-machining\/#primaryimage"},"thumbnailUrl":"https:\/\/fgti-distribution.fr\/wp-content\/uploads\/2024\/04\/logo-bock-machining.jpg","datePublished":"2024-04-30T18:23:31+00:00","dateModified":"2024-09-05T15:41:34+00:00","description":"FGTI Distribution - Pr\u00e9sentation de bock machining gmbh -","breadcrumb":{"@id":"https:\/\/fgti-distribution.fr\/pieces-techniques-sans-pfas-bock\/presentation-de-bock-machining\/#breadcrumb"},"inLanguage":"it-IT","potentialAction":[{"@type":"ReadAction","target":["https:\/\/fgti-distribution.fr\/pieces-techniques-sans-pfas-bock\/presentation-de-bock-machining\/"]}]},{"@type":"ImageObject","inLanguage":"it-IT","@id":"https:\/\/fgti-distribution.fr\/pieces-techniques-sans-pfas-bock\/presentation-de-bock-machining\/#primaryimage","url":"https:\/\/fgti-distribution.fr\/wp-content\/uploads\/2024\/04\/logo-bock-machining.jpg","contentUrl":"https:\/\/fgti-distribution.fr\/wp-content\/uploads\/2024\/04\/logo-bock-machining.jpg","width":600,"height":230,"caption":"Logo Bock Machining"},{"@type":"BreadcrumbList","@id":"https:\/\/fgti-distribution.fr\/pieces-techniques-sans-pfas-bock\/presentation-de-bock-machining\/#breadcrumb","itemListElement":[{"@type":"ListItem","position":1,"name":"Home","item":"https:\/\/fgti-distribution.fr\/"},{"@type":"ListItem","position":2,"name":"Pi\u00e8ces techniques sans PFAS BOCK","item":"https:\/\/fgti-distribution.fr\/pieces-techniques-sans-pfas-bock\/"},{"@type":"ListItem","position":3,"name":"Pr\u00e9sentation de bock machining gmbh"}]},{"@type":"WebSite","@id":"https:\/\/fgti-distribution.fr\/#website","url":"https:\/\/fgti-distribution.fr\/","name":"Distribuzione FGTI","description":"Parti tecniche e servizi ad alto valore aggiunto","publisher":{"@id":"https:\/\/fgti-distribution.fr\/#organization"},"alternateName":"FGTI Distribution","potentialAction":[{"@type":"SearchAction","target":{"@type":"EntryPoint","urlTemplate":"https:\/\/fgti-distribution.fr\/?s={search_term_string}"},"query-input":{"@type":"PropertyValueSpecification","valueRequired":true,"valueName":"search_term_string"}}],"inLanguage":"it-IT"},{"@type":"Organization","@id":"https:\/\/fgti-distribution.fr\/#organization","name":"Distribuzione FGTI","alternateName":"FGTI Distribution","url":"https:\/\/fgti-distribution.fr\/","logo":{"@type":"ImageObject","inLanguage":"it-IT","@id":"https:\/\/fgti-distribution.fr\/#\/schema\/logo\/image\/","url":"https:\/\/fgti-distribution.fr\/wp-content\/uploads\/2022\/12\/logo.png","contentUrl":"https:\/\/fgti-distribution.fr\/wp-content\/uploads\/2022\/12\/logo.png","width":500,"height":228,"caption":"FGTI Distribution"},"image":{"@id":"https:\/\/fgti-distribution.fr\/#\/schema\/logo\/image\/"},"sameAs":["https:\/\/www.linkedin.com\/company\/fgti-distribution\/"]}]}},"_links":{"self":[{"href":"https:\/\/fgti-distribution.fr\/it\/wp-json\/wp\/v2\/pages\/9577","targetHints":{"allow":["GET"]}}],"collection":[{"href":"https:\/\/fgti-distribution.fr\/it\/wp-json\/wp\/v2\/pages"}],"about":[{"href":"https:\/\/fgti-distribution.fr\/it\/wp-json\/wp\/v2\/types\/page"}],"author":[{"embeddable":true,"href":"https:\/\/fgti-distribution.fr\/it\/wp-json\/wp\/v2\/users\/1"}],"replies":[{"embeddable":true,"href":"https:\/\/fgti-distribution.fr\/it\/wp-json\/wp\/v2\/comments?post=9577"}],"version-history":[{"count":10,"href":"https:\/\/fgti-distribution.fr\/it\/wp-json\/wp\/v2\/pages\/9577\/revisions"}],"predecessor-version":[{"id":9921,"href":"https:\/\/fgti-distribution.fr\/it\/wp-json\/wp\/v2\/pages\/9577\/revisions\/9921"}],"up":[{"embeddable":true,"href":"https:\/\/fgti-distribution.fr\/it\/wp-json\/wp\/v2\/pages\/9575"}],"wp:featuredmedia":[{"embeddable":true,"href":"https:\/\/fgti-distribution.fr\/it\/wp-json\/wp\/v2\/media\/9604"}],"wp:attachment":[{"href":"https:\/\/fgti-distribution.fr\/it\/wp-json\/wp\/v2\/media?parent=9577"}],"curies":[{"name":"wp","href":"https:\/\/api.w.org\/{rel}","templated":true}]}}