{"id":9581,"date":"2024-04-30T18:24:21","date_gmt":"2024-04-30T18:24:21","guid":{"rendered":"https:\/\/fgti-distribution.fr\/?page_id=9581"},"modified":"2024-09-05T15:34:59","modified_gmt":"2024-09-05T15:34:59","slug":"le-pe-uhmw-une-alternative-aux-pfas","status":"publish","type":"page","link":"https:\/\/fgti-distribution.fr\/it\/pieces-techniques-sans-pfas-bock\/le-pe-uhmw-une-alternative-aux-pfas\/","title":{"rendered":"Le PE-UHMW : une alternative aux PFAS"},"content":{"rendered":"<section data-bb-version=\"4.9.1\" id=\"bt_bb_section69d0a58742471\" class=\"bt_bb_section bt_bb_layout_boxed_1200\"  data-bt-override-class=\"null\"><div class=\"bt_bb_port\"><div class=\"bt_bb_cell\"><div class=\"bt_bb_cell_inner\"><div class=\"bt_bb_row\"  data-bt-override-class=\"{}\"><div class=\"bt_bb_row_holder\" ><div data-bb-version=\"4.9.1\"  class=\"bt_bb_column col-xxl-12 col-xl-12 col-xs-12 col-sm-12 col-md-12 col-lg-12 bt_bb_vertical_align_top bt_bb_align_left bt_bb_padding_normal\" style=\"; --column-width:12;\" data-width=\"12\" data-bt-override-class=\"{}\"><div class=\"bt_bb_column_content\"><div class=\"bt_bb_column_content_inner\"><div class=\"bt_bb_raw_content\"><h2 style=\"color: #172983;\">Qu'est-ce que le PE-UHMW ?<\/h2>\nLe poly\u00e9thyl\u00e8ne de masse mol\u00e9culaire tr\u00e8s \u00e9lev\u00e9e - le PE-UHMW ou PE-1000 - est une mati\u00e8re tr\u00e8s r\u00e9sistante sans PFAS. Sa cha\u00eene mol\u00e9culaire est tr\u00e8s proche de celle du PTFE. Mais, dans le cas du PE-UHMW, les atomes de carbone sont li\u00e9s \u00e0 des atomes d\u2018hydrog\u00e8ne au lieu d\u2018\u00eatre li\u00e9s \u00e0 des atomes de fluor. Cette diff\u00e9rence fait \u00e9galement varier les applications possibles.\n<img decoding=\"async\" style=\"width: 60%;\" src=\"\/FGTI_images\/pieces-techniques-PE-UHMW.jpg\" alt=\"Mati\u00e8res PE-UHMW.\">\n<br \/><br \/>\n<h2 style=\"color: #172983;\">Propri\u00e9t\u00e9s du PE-UHMW :<\/h2>\n<ul>\n<li>Surface anti-adh\u00e9sive<\/li>\n<li>Faible coefficient de frottement d'environ 0,2 \u00e0 0,25 => tr\u00e8s bonnes propri\u00e9t\u00e9s de glissement, m\u00eame en fonctionnement \u00e0 sec.<\/li>\n<li>Tr\u00e8s bonne r\u00e9sistance \u00e0 l'usure, m\u00eame sans charge. <\/li>\n<li>Excellente r\u00e9sistance chimique \u00e0 la plupart des solvants, acides et bases.<\/li>\n<li>Temp\u00e9ratures : de -260\u00b0C \u00e0 env. 80\u00b0C. <\/li>\n<li>Physiologiquement inoffensif (homologations alimentaires, par ex. selon la FDA).<\/li>\n<li>Pas de dilatation thermique => solutions multifonctionnelles possibles.<\/li>\n<\/ul>\n<br \/><br \/><\/div><div data-bb-version=\"4.9.1\" class=\"bt_bb_row_inner\"   data-bt-override-class=\"{}\"><div class=\"bt_bb_row_inner_holder\"  ><div data-bb-version=\"4.9.1\"  class=\"bt_bb_column_inner col-xxl-8 col-xl-8 col-xs-12 col-sm-12 col-md-12 col-lg-8 bt_bb_vertical_align_top bt_bb_align_left bt_bb_padding_normal\"  data-width=\"8\" data-bt-override-class=\"{}\"><div class=\"bt_bb_column_inner_content\"><div class=\"bt_bb_column_inner_content_inner\"><div class=\"bt_bb_raw_content\"><h2 style=\"color: #172983;\">Nos mati\u00e8res en PE-UHMW :<\/h2>\n<ul>\n<li>Enduflon P1 (blanc translucide) : PE-UHMW pur.<\/li>\n<li>Enduflon P16 (blanc mat) : PE-UHMW modifi\u00e9 pour plus de r\u00e9sistance \u00e0 l'abrasion et une utilisation jusqu\u2019\u00e0 110\u00b0C.<\/li>\n<li>Enduflon P10 (noir) : PE-UHMW conducteur pour une utilisation dans les zones \u00e0 risque d'explosion (ATEX).<\/li>\n<li>Enduflon P17 (bleu) : PE-UHMW pur color\u00e9 pour une utilisation dans certains domaines de l'industrie agroalimentaire.<\/li>\n<\/ul>\n<b>Les certificats (FDA, ATEX, CE, etc.) sont fournis sur demande \u00e0 la commande.<\/b><\/div><\/div><\/div><\/div><div data-bb-version=\"4.9.1\"  class=\"bt_bb_column_inner col-xxl-4 col-xl-4 col-xs-12 col-sm-12 col-md-12 col-lg-4 bt_bb_vertical_align_top bt_bb_align_left bt_bb_padding_normal\"  data-width=\"4\" data-bt-override-class=\"{}\"><div class=\"bt_bb_column_inner_content\"><div class=\"bt_bb_column_inner_content_inner\"><div data-bb-version=\"4.9.1\" class=\"bt_bb_image bt_bb_shape_square bt_bb_target_self bt_bb_align_inherit bt_bb_hover_style_simple bt_bb_content_display_always bt_bb_content_align_middle bt_bb_remove_padding_yes bt_bb_fill_background_color_full\" data-bt-override-class=\"{&quot;bt_bb_align_&quot;:{&quot;current_class&quot;:&quot;bt_bb_align_inherit&quot;,&quot;def&quot;:&quot;inherit&quot;}}\"><span><img loading=\"lazy\" decoding=\"async\" width=\"1772\" height=\"1772\" src=\"https:\/\/fgti-distribution.fr\/wp-content\/uploads\/2024\/04\/pieces-techniques-PFAS.jpg\" class=\"attachment-full size-full\" alt=\"Pi\u00e8ces techniques PFAS\" data-full_image_src=\"https:\/\/fgti-distribution.fr\/wp-content\/uploads\/2024\/04\/pieces-techniques-PFAS.jpg\" srcset=\"https:\/\/fgti-distribution.fr\/wp-content\/uploads\/2024\/04\/pieces-techniques-PFAS.jpg 1772w, https:\/\/fgti-distribution.fr\/wp-content\/uploads\/2024\/04\/pieces-techniques-PFAS-640x640.jpg 640w, https:\/\/fgti-distribution.fr\/wp-content\/uploads\/2024\/04\/pieces-techniques-PFAS-1280x1280.jpg 1280w, https:\/\/fgti-distribution.fr\/wp-content\/uploads\/2024\/04\/pieces-techniques-PFAS-160x160.jpg 160w, https:\/\/fgti-distribution.fr\/wp-content\/uploads\/2024\/04\/pieces-techniques-PFAS-768x768.jpg 768w, https:\/\/fgti-distribution.fr\/wp-content\/uploads\/2024\/04\/pieces-techniques-PFAS-1536x1536.jpg 1536w, https:\/\/fgti-distribution.fr\/wp-content\/uploads\/2024\/04\/pieces-techniques-PFAS-320x320.jpg 320w\" sizes=\"auto, (max-width: 1772px) 100vw, 1772px\" \/><\/span><\/div><\/div><\/div><\/div><\/div><\/div><\/div><\/div><\/div><\/div><\/div><\/div><!-- cell_inner --><\/div><!-- cell --><\/div><!-- port --><\/section>","protected":false},"excerpt":{"rendered":"","protected":false},"author":1,"featured_media":9608,"parent":9575,"menu_order":0,"comment_status":"closed","ping_status":"closed","template":"","meta":{"footnotes":""},"class_list":["post-9581","page","type-page","status-publish","has-post-thumbnail","hentry"],"yoast_head":"<!-- This site is optimized with the Yoast SEO plugin v27.3 - https:\/\/yoast.com\/product\/yoast-seo-wordpress\/ -->\n<title>FGTI Distribution - Le PE-UHMW : une alternative aux PFAS<\/title>\n<meta name=\"description\" content=\"FGTI Distribution - Le PE-UHMW : une alternative aux PFAS -\" \/>\n<meta name=\"robots\" content=\"index, follow, max-snippet:-1, max-image-preview:large, max-video-preview:-1\" \/>\n<link rel=\"canonical\" href=\"https:\/\/fgti-distribution.fr\/it\/pieces-techniques-sans-pfas-bock\/le-pe-uhmw-une-alternative-aux-pfas\/\" \/>\n<meta property=\"og:locale\" content=\"it_IT\" \/>\n<meta property=\"og:type\" content=\"article\" \/>\n<meta property=\"og:title\" content=\"FGTI Distribution - Le PE-UHMW : une alternative aux PFAS\" \/>\n<meta property=\"og:description\" content=\"FGTI Distribution - Le PE-UHMW : une alternative aux PFAS -\" \/>\n<meta property=\"og:url\" content=\"https:\/\/fgti-distribution.fr\/it\/pieces-techniques-sans-pfas-bock\/le-pe-uhmw-une-alternative-aux-pfas\/\" \/>\n<meta property=\"og:site_name\" content=\"FGTI Distribution\" \/>\n<meta property=\"article:modified_time\" content=\"2024-09-05T15:34:59+00:00\" \/>\n<meta property=\"og:image\" content=\"https:\/\/fgti-distribution.fr\/wp-content\/uploads\/2024\/04\/pieces-techniques-PFAS.jpg\" \/>\n\t<meta property=\"og:image:width\" content=\"1772\" \/>\n\t<meta property=\"og:image:height\" content=\"1772\" \/>\n\t<meta property=\"og:image:type\" content=\"image\/jpeg\" \/>\n<meta name=\"twitter:card\" content=\"summary_large_image\" \/>\n<meta name=\"twitter:label1\" content=\"Est. reading time\" \/>\n\t<meta name=\"twitter:data1\" content=\"1 minuto\" \/>\n<script type=\"application\/ld+json\" class=\"yoast-schema-graph\">{\"@context\":\"https:\\\/\\\/schema.org\",\"@graph\":[{\"@type\":\"WebPage\",\"@id\":\"https:\\\/\\\/fgti-distribution.fr\\\/pieces-techniques-sans-pfas-bock\\\/le-pe-uhmw-une-alternative-aux-pfas\\\/\",\"url\":\"https:\\\/\\\/fgti-distribution.fr\\\/pieces-techniques-sans-pfas-bock\\\/le-pe-uhmw-une-alternative-aux-pfas\\\/\",\"name\":\"FGTI Distribution - Le PE-UHMW : une alternative aux PFAS\",\"isPartOf\":{\"@id\":\"https:\\\/\\\/fgti-distribution.fr\\\/#website\"},\"primaryImageOfPage\":{\"@id\":\"https:\\\/\\\/fgti-distribution.fr\\\/pieces-techniques-sans-pfas-bock\\\/le-pe-uhmw-une-alternative-aux-pfas\\\/#primaryimage\"},\"image\":{\"@id\":\"https:\\\/\\\/fgti-distribution.fr\\\/pieces-techniques-sans-pfas-bock\\\/le-pe-uhmw-une-alternative-aux-pfas\\\/#primaryimage\"},\"thumbnailUrl\":\"https:\\\/\\\/fgti-distribution.fr\\\/wp-content\\\/uploads\\\/2024\\\/04\\\/pieces-techniques-PFAS.jpg\",\"datePublished\":\"2024-04-30T18:24:21+00:00\",\"dateModified\":\"2024-09-05T15:34:59+00:00\",\"description\":\"FGTI Distribution - Le PE-UHMW : une alternative aux PFAS -\",\"breadcrumb\":{\"@id\":\"https:\\\/\\\/fgti-distribution.fr\\\/pieces-techniques-sans-pfas-bock\\\/le-pe-uhmw-une-alternative-aux-pfas\\\/#breadcrumb\"},\"inLanguage\":\"it-IT\",\"potentialAction\":[{\"@type\":\"ReadAction\",\"target\":[\"https:\\\/\\\/fgti-distribution.fr\\\/pieces-techniques-sans-pfas-bock\\\/le-pe-uhmw-une-alternative-aux-pfas\\\/\"]}]},{\"@type\":\"ImageObject\",\"inLanguage\":\"it-IT\",\"@id\":\"https:\\\/\\\/fgti-distribution.fr\\\/pieces-techniques-sans-pfas-bock\\\/le-pe-uhmw-une-alternative-aux-pfas\\\/#primaryimage\",\"url\":\"https:\\\/\\\/fgti-distribution.fr\\\/wp-content\\\/uploads\\\/2024\\\/04\\\/pieces-techniques-PFAS.jpg\",\"contentUrl\":\"https:\\\/\\\/fgti-distribution.fr\\\/wp-content\\\/uploads\\\/2024\\\/04\\\/pieces-techniques-PFAS.jpg\",\"width\":1772,\"height\":1772,\"caption\":\"Pi\u00e8ces techniques PFAS\"},{\"@type\":\"BreadcrumbList\",\"@id\":\"https:\\\/\\\/fgti-distribution.fr\\\/pieces-techniques-sans-pfas-bock\\\/le-pe-uhmw-une-alternative-aux-pfas\\\/#breadcrumb\",\"itemListElement\":[{\"@type\":\"ListItem\",\"position\":1,\"name\":\"Home\",\"item\":\"https:\\\/\\\/fgti-distribution.fr\\\/\"},{\"@type\":\"ListItem\",\"position\":2,\"name\":\"Pi\u00e8ces techniques sans PFAS BOCK\",\"item\":\"https:\\\/\\\/fgti-distribution.fr\\\/pieces-techniques-sans-pfas-bock\\\/\"},{\"@type\":\"ListItem\",\"position\":3,\"name\":\"Le PE-UHMW : une alternative aux PFAS\"}]},{\"@type\":\"WebSite\",\"@id\":\"https:\\\/\\\/fgti-distribution.fr\\\/#website\",\"url\":\"https:\\\/\\\/fgti-distribution.fr\\\/\",\"name\":\"FGTI Distribution\",\"description\":\"Pi\u00e8ces techniques et services \u00e0 forte valeur ajout\u00e9e\",\"publisher\":{\"@id\":\"https:\\\/\\\/fgti-distribution.fr\\\/#organization\"},\"alternateName\":\"FGTI Distribution\",\"potentialAction\":[{\"@type\":\"SearchAction\",\"target\":{\"@type\":\"EntryPoint\",\"urlTemplate\":\"https:\\\/\\\/fgti-distribution.fr\\\/?s={search_term_string}\"},\"query-input\":{\"@type\":\"PropertyValueSpecification\",\"valueRequired\":true,\"valueName\":\"search_term_string\"}}],\"inLanguage\":\"it-IT\"},{\"@type\":\"Organization\",\"@id\":\"https:\\\/\\\/fgti-distribution.fr\\\/#organization\",\"name\":\"FGTI Distribution\",\"alternateName\":\"FGTI Distribution\",\"url\":\"https:\\\/\\\/fgti-distribution.fr\\\/\",\"logo\":{\"@type\":\"ImageObject\",\"inLanguage\":\"it-IT\",\"@id\":\"https:\\\/\\\/fgti-distribution.fr\\\/#\\\/schema\\\/logo\\\/image\\\/\",\"url\":\"https:\\\/\\\/fgti-distribution.fr\\\/wp-content\\\/uploads\\\/2022\\\/12\\\/logo.png\",\"contentUrl\":\"https:\\\/\\\/fgti-distribution.fr\\\/wp-content\\\/uploads\\\/2022\\\/12\\\/logo.png\",\"width\":500,\"height\":228,\"caption\":\"FGTI Distribution\"},\"image\":{\"@id\":\"https:\\\/\\\/fgti-distribution.fr\\\/#\\\/schema\\\/logo\\\/image\\\/\"},\"sameAs\":[\"https:\\\/\\\/www.linkedin.com\\\/company\\\/fgti-distribution\\\/\"]}]}<\/script>\n<!-- \/ Yoast SEO plugin. -->","yoast_head_json":{"title":"FGTI Distribution - Le PE-UHMW : une alternative aux PFAS","description":"FGTI Distribution - Le PE-UHMW : une alternative aux PFAS -","robots":{"index":"index","follow":"follow","max-snippet":"max-snippet:-1","max-image-preview":"max-image-preview:large","max-video-preview":"max-video-preview:-1"},"canonical":"https:\/\/fgti-distribution.fr\/it\/pieces-techniques-sans-pfas-bock\/le-pe-uhmw-une-alternative-aux-pfas\/","og_locale":"it_IT","og_type":"article","og_title":"FGTI Distribution - Le PE-UHMW : une alternative aux PFAS","og_description":"FGTI Distribution - Le PE-UHMW : une alternative aux PFAS -","og_url":"https:\/\/fgti-distribution.fr\/it\/pieces-techniques-sans-pfas-bock\/le-pe-uhmw-une-alternative-aux-pfas\/","og_site_name":"FGTI Distribution","article_modified_time":"2024-09-05T15:34:59+00:00","og_image":[{"width":1772,"height":1772,"url":"https:\/\/fgti-distribution.fr\/wp-content\/uploads\/2024\/04\/pieces-techniques-PFAS.jpg","type":"image\/jpeg"}],"twitter_card":"summary_large_image","twitter_misc":{"Est. reading time":"1 minuto"},"schema":{"@context":"https:\/\/schema.org","@graph":[{"@type":"WebPage","@id":"https:\/\/fgti-distribution.fr\/pieces-techniques-sans-pfas-bock\/le-pe-uhmw-une-alternative-aux-pfas\/","url":"https:\/\/fgti-distribution.fr\/pieces-techniques-sans-pfas-bock\/le-pe-uhmw-une-alternative-aux-pfas\/","name":"FGTI Distribution - Le PE-UHMW : une alternative aux PFAS","isPartOf":{"@id":"https:\/\/fgti-distribution.fr\/#website"},"primaryImageOfPage":{"@id":"https:\/\/fgti-distribution.fr\/pieces-techniques-sans-pfas-bock\/le-pe-uhmw-une-alternative-aux-pfas\/#primaryimage"},"image":{"@id":"https:\/\/fgti-distribution.fr\/pieces-techniques-sans-pfas-bock\/le-pe-uhmw-une-alternative-aux-pfas\/#primaryimage"},"thumbnailUrl":"https:\/\/fgti-distribution.fr\/wp-content\/uploads\/2024\/04\/pieces-techniques-PFAS.jpg","datePublished":"2024-04-30T18:24:21+00:00","dateModified":"2024-09-05T15:34:59+00:00","description":"FGTI Distribution - Le PE-UHMW : une alternative aux PFAS -","breadcrumb":{"@id":"https:\/\/fgti-distribution.fr\/pieces-techniques-sans-pfas-bock\/le-pe-uhmw-une-alternative-aux-pfas\/#breadcrumb"},"inLanguage":"it-IT","potentialAction":[{"@type":"ReadAction","target":["https:\/\/fgti-distribution.fr\/pieces-techniques-sans-pfas-bock\/le-pe-uhmw-une-alternative-aux-pfas\/"]}]},{"@type":"ImageObject","inLanguage":"it-IT","@id":"https:\/\/fgti-distribution.fr\/pieces-techniques-sans-pfas-bock\/le-pe-uhmw-une-alternative-aux-pfas\/#primaryimage","url":"https:\/\/fgti-distribution.fr\/wp-content\/uploads\/2024\/04\/pieces-techniques-PFAS.jpg","contentUrl":"https:\/\/fgti-distribution.fr\/wp-content\/uploads\/2024\/04\/pieces-techniques-PFAS.jpg","width":1772,"height":1772,"caption":"Pi\u00e8ces techniques PFAS"},{"@type":"BreadcrumbList","@id":"https:\/\/fgti-distribution.fr\/pieces-techniques-sans-pfas-bock\/le-pe-uhmw-une-alternative-aux-pfas\/#breadcrumb","itemListElement":[{"@type":"ListItem","position":1,"name":"Home","item":"https:\/\/fgti-distribution.fr\/"},{"@type":"ListItem","position":2,"name":"Pi\u00e8ces techniques sans PFAS BOCK","item":"https:\/\/fgti-distribution.fr\/pieces-techniques-sans-pfas-bock\/"},{"@type":"ListItem","position":3,"name":"Le PE-UHMW : une alternative aux PFAS"}]},{"@type":"WebSite","@id":"https:\/\/fgti-distribution.fr\/#website","url":"https:\/\/fgti-distribution.fr\/","name":"Distribuzione FGTI","description":"Parti tecniche e servizi ad alto valore aggiunto","publisher":{"@id":"https:\/\/fgti-distribution.fr\/#organization"},"alternateName":"FGTI Distribution","potentialAction":[{"@type":"SearchAction","target":{"@type":"EntryPoint","urlTemplate":"https:\/\/fgti-distribution.fr\/?s={search_term_string}"},"query-input":{"@type":"PropertyValueSpecification","valueRequired":true,"valueName":"search_term_string"}}],"inLanguage":"it-IT"},{"@type":"Organization","@id":"https:\/\/fgti-distribution.fr\/#organization","name":"Distribuzione FGTI","alternateName":"FGTI Distribution","url":"https:\/\/fgti-distribution.fr\/","logo":{"@type":"ImageObject","inLanguage":"it-IT","@id":"https:\/\/fgti-distribution.fr\/#\/schema\/logo\/image\/","url":"https:\/\/fgti-distribution.fr\/wp-content\/uploads\/2022\/12\/logo.png","contentUrl":"https:\/\/fgti-distribution.fr\/wp-content\/uploads\/2022\/12\/logo.png","width":500,"height":228,"caption":"FGTI Distribution"},"image":{"@id":"https:\/\/fgti-distribution.fr\/#\/schema\/logo\/image\/"},"sameAs":["https:\/\/www.linkedin.com\/company\/fgti-distribution\/"]}]}},"_links":{"self":[{"href":"https:\/\/fgti-distribution.fr\/it\/wp-json\/wp\/v2\/pages\/9581","targetHints":{"allow":["GET"]}}],"collection":[{"href":"https:\/\/fgti-distribution.fr\/it\/wp-json\/wp\/v2\/pages"}],"about":[{"href":"https:\/\/fgti-distribution.fr\/it\/wp-json\/wp\/v2\/types\/page"}],"author":[{"embeddable":true,"href":"https:\/\/fgti-distribution.fr\/it\/wp-json\/wp\/v2\/users\/1"}],"replies":[{"embeddable":true,"href":"https:\/\/fgti-distribution.fr\/it\/wp-json\/wp\/v2\/comments?post=9581"}],"version-history":[{"count":9,"href":"https:\/\/fgti-distribution.fr\/it\/wp-json\/wp\/v2\/pages\/9581\/revisions"}],"predecessor-version":[{"id":9920,"href":"https:\/\/fgti-distribution.fr\/it\/wp-json\/wp\/v2\/pages\/9581\/revisions\/9920"}],"up":[{"embeddable":true,"href":"https:\/\/fgti-distribution.fr\/it\/wp-json\/wp\/v2\/pages\/9575"}],"wp:featuredmedia":[{"embeddable":true,"href":"https:\/\/fgti-distribution.fr\/it\/wp-json\/wp\/v2\/media\/9608"}],"wp:attachment":[{"href":"https:\/\/fgti-distribution.fr\/it\/wp-json\/wp\/v2\/media?parent=9581"}],"curies":[{"name":"wp","href":"https:\/\/api.w.org\/{rel}","templated":true}]}}