{"id":9585,"date":"2024-04-30T18:25:10","date_gmt":"2024-04-30T18:25:10","guid":{"rendered":"https:\/\/fgti-distribution.fr\/?page_id=9585"},"modified":"2024-09-05T15:57:08","modified_gmt":"2024-09-05T15:57:08","slug":"soufflets-en-pe-uhmw","status":"publish","type":"page","link":"https:\/\/fgti-distribution.fr\/it\/pieces-techniques-sans-pfas-bock\/soufflets-en-pe-uhmw\/","title":{"rendered":"Soufflets en PE-UHMW"},"content":{"rendered":"<section data-bb-version=\"4.9.1\" id=\"bt_bb_section69d0a4b9a6a3a\" class=\"bt_bb_section bt_bb_layout_boxed_1200\"  data-bt-override-class=\"null\"><div class=\"bt_bb_port\"><div class=\"bt_bb_cell\"><div class=\"bt_bb_cell_inner\"><div class=\"bt_bb_row\"  data-bt-override-class=\"{}\"><div class=\"bt_bb_row_holder\" ><div data-bb-version=\"4.9.1\"  class=\"bt_bb_column col-xxl-12 col-xl-12 col-xs-12 col-sm-12 col-md-12 col-lg-12 bt_bb_vertical_align_top bt_bb_align_left bt_bb_padding_normal\" style=\"; --column-width:12;\" data-width=\"12\" data-bt-override-class=\"{}\"><div class=\"bt_bb_column_content\"><div class=\"bt_bb_column_content_inner\"><div data-bb-version=\"4.9.1\" class=\"bt_bb_row_inner\"   data-bt-override-class=\"{}\"><div class=\"bt_bb_row_inner_holder\"  ><div data-bb-version=\"4.9.1\"  class=\"bt_bb_column_inner col-xxl-8 col-xl-8 col-xs-12 col-sm-12 col-md-12 col-lg-8 bt_bb_vertical_align_top bt_bb_align_left bt_bb_padding_normal\"  data-width=\"8\" data-bt-override-class=\"{}\"><div class=\"bt_bb_column_inner_content\"><div class=\"bt_bb_column_inner_content_inner\"><div class=\"bt_bb_raw_content\"><h2 style=\"color: #172983;\">Soufflets en PE-UHMW : du \u00ab\u00a0sur-mesure\u00a0\u00bb sans PFAS<\/h2>\nUn soufflet est en principe utilis\u00e9 lorsqu'un racleur ne peut pas l\u2019\u00eatre \u00e0 cause du risque de transmission de fluides. \nExemples : applications aseptiques ou fluides abrasifs qui d\u00e9truisent les joints classiques. \n<br \/><br \/>\nLes soufflets en caoutchouc sont largement r\u00e9pandus tandis que ceux en PE sont privil\u00e9gi\u00e9s dans les cas suivants : \n<ul>\n<li>d\u00e9t\u00e9rioration chimique due \u00e0 des acides, bases ou solvants,<\/li>\n<li>applications concernant des produits alimentaires ou pharmaceutiques,<\/li>\n<li>diffusion et propagation de substances volatiles comme des ar\u00f4mes ou des adoucissants,<\/li>\n<li>pressions et\/ou temp\u00e9ratures \u00e9lev\u00e9es,<\/li>\n<li>fatigue m\u00e9canique due \u00e0 de fortes contraintes.<\/li>\n<\/ul>\n<br \/><\/div><\/div><\/div><\/div><div data-bb-version=\"4.9.1\"  class=\"bt_bb_column_inner col-xxl-4 col-xl-4 col-xs-12 col-sm-12 col-md-12 col-lg-4 bt_bb_vertical_align_bottom bt_bb_align_left bt_bb_padding_normal\"  data-width=\"4\" data-bt-override-class=\"{&quot;bt_bb_align_&quot;:{&quot;current_class&quot;:&quot;bt_bb_align_left&quot;,&quot;def&quot;:&quot;left&quot;},&quot;bt_bb_padding_&quot;:{&quot;current_class&quot;:&quot;bt_bb_padding_normal&quot;,&quot;def&quot;:&quot;normal&quot;}}\"><div class=\"bt_bb_column_inner_content\"><div class=\"bt_bb_column_inner_content_inner\"><div data-bb-version=\"4.9.1\" class=\"bt_bb_image bt_bb_shape_square bt_bb_target_self bt_bb_align_inherit bt_bb_hover_style_simple bt_bb_content_display_always bt_bb_content_align_middle bt_bb_remove_padding_yes bt_bb_fill_background_color_full\" data-bt-override-class=\"{&quot;bt_bb_align_&quot;:{&quot;current_class&quot;:&quot;bt_bb_align_inherit&quot;,&quot;def&quot;:&quot;inherit&quot;}}\"><span><img loading=\"lazy\" decoding=\"async\" width=\"858\" height=\"680\" src=\"https:\/\/fgti-distribution.fr\/wp-content\/uploads\/2024\/09\/fgti-distribution-soufflet-sans-PFAS3.jpg\" class=\"attachment-full size-full\" alt=\"FGTI Distribution soufflet sans PFAS\" data-full_image_src=\"https:\/\/fgti-distribution.fr\/wp-content\/uploads\/2024\/09\/fgti-distribution-soufflet-sans-PFAS3.jpg\" srcset=\"https:\/\/fgti-distribution.fr\/wp-content\/uploads\/2024\/09\/fgti-distribution-soufflet-sans-PFAS3.jpg 858w, https:\/\/fgti-distribution.fr\/wp-content\/uploads\/2024\/09\/fgti-distribution-soufflet-sans-PFAS3-640x507.jpg 640w, https:\/\/fgti-distribution.fr\/wp-content\/uploads\/2024\/09\/fgti-distribution-soufflet-sans-PFAS3-768x609.jpg 768w, https:\/\/fgti-distribution.fr\/wp-content\/uploads\/2024\/09\/fgti-distribution-soufflet-sans-PFAS3-320x254.jpg 320w\" sizes=\"auto, (max-width: 858px) 100vw, 858px\" \/><\/span><\/div><div data-bb-version=\"4.9.1\" class=\"bt_bb_separator bt_bb_top_spacing_no_spacing bt_bb_bottom_spacing_normal bt_bb_border_style_none\" data-bt-override-class=\"{&quot;bt_bb_top_spacing_&quot;:{&quot;current_class&quot;:&quot;bt_bb_top_spacing_no_spacing&quot;,&quot;def&quot;:&quot;no_spacing&quot;},&quot;bt_bb_bottom_spacing_&quot;:{&quot;current_class&quot;:&quot;bt_bb_bottom_spacing_normal&quot;,&quot;def&quot;:&quot;normal&quot;}}\"><\/div><\/div><\/div><\/div><\/div><\/div><div data-bb-version=\"4.9.1\" class=\"bt_bb_row_inner\"   data-bt-override-class=\"{}\"><div class=\"bt_bb_row_inner_holder\"  ><div data-bb-version=\"4.9.1\"  class=\"bt_bb_column_inner col-xxl-4 col-xl-4 col-xs-12 col-sm-12 col-md-12 col-lg-4 bt_bb_vertical_align_top bt_bb_align_left bt_bb_padding_normal\"  data-width=\"4\" data-bt-override-class=\"{}\"><div class=\"bt_bb_column_inner_content\"><div class=\"bt_bb_column_inner_content_inner\"><div data-bb-version=\"4.9.1\" class=\"bt_bb_image bt_bb_shape_square bt_bb_target_self bt_bb_align_inherit bt_bb_hover_style_simple bt_bb_content_display_always bt_bb_content_align_middle bt_bb_remove_padding_yes bt_bb_fill_background_color_full\" data-bt-override-class=\"{&quot;bt_bb_align_&quot;:{&quot;current_class&quot;:&quot;bt_bb_align_inherit&quot;,&quot;def&quot;:&quot;inherit&quot;}}\"><span><img loading=\"lazy\" decoding=\"async\" width=\"1772\" height=\"1772\" src=\"https:\/\/fgti-distribution.fr\/wp-content\/uploads\/2024\/04\/pieces-techniques-PFAS.jpg\" class=\"attachment-full size-full\" alt=\"Pi\u00e8ces techniques PFAS\" data-full_image_src=\"https:\/\/fgti-distribution.fr\/wp-content\/uploads\/2024\/04\/pieces-techniques-PFAS.jpg\" srcset=\"https:\/\/fgti-distribution.fr\/wp-content\/uploads\/2024\/04\/pieces-techniques-PFAS.jpg 1772w, https:\/\/fgti-distribution.fr\/wp-content\/uploads\/2024\/04\/pieces-techniques-PFAS-640x640.jpg 640w, https:\/\/fgti-distribution.fr\/wp-content\/uploads\/2024\/04\/pieces-techniques-PFAS-1280x1280.jpg 1280w, https:\/\/fgti-distribution.fr\/wp-content\/uploads\/2024\/04\/pieces-techniques-PFAS-160x160.jpg 160w, https:\/\/fgti-distribution.fr\/wp-content\/uploads\/2024\/04\/pieces-techniques-PFAS-768x768.jpg 768w, https:\/\/fgti-distribution.fr\/wp-content\/uploads\/2024\/04\/pieces-techniques-PFAS-1536x1536.jpg 1536w, https:\/\/fgti-distribution.fr\/wp-content\/uploads\/2024\/04\/pieces-techniques-PFAS-320x320.jpg 320w\" sizes=\"auto, (max-width: 1772px) 100vw, 1772px\" \/><\/span><\/div><div data-bb-version=\"4.9.1\" class=\"bt_bb_separator bt_bb_top_spacing_no_spacing bt_bb_bottom_spacing_normal bt_bb_border_style_none\" data-bt-override-class=\"{&quot;bt_bb_top_spacing_&quot;:{&quot;current_class&quot;:&quot;bt_bb_top_spacing_no_spacing&quot;,&quot;def&quot;:&quot;no_spacing&quot;},&quot;bt_bb_bottom_spacing_&quot;:{&quot;current_class&quot;:&quot;bt_bb_bottom_spacing_normal&quot;,&quot;def&quot;:&quot;normal&quot;}}\"><\/div><\/div><\/div><\/div><div data-bb-version=\"4.9.1\"  class=\"bt_bb_column_inner col-xxl-8 col-xl-8 col-xs-12 col-sm-12 col-md-12 col-lg-8 bt_bb_vertical_align_top bt_bb_align_left bt_bb_padding_normal\"  data-width=\"8\" data-bt-override-class=\"{&quot;bt_bb_align_&quot;:{&quot;current_class&quot;:&quot;bt_bb_align_left&quot;,&quot;def&quot;:&quot;left&quot;},&quot;bt_bb_padding_&quot;:{&quot;current_class&quot;:&quot;bt_bb_padding_normal&quot;,&quot;def&quot;:&quot;normal&quot;}}\"><div class=\"bt_bb_column_inner_content\"><div class=\"bt_bb_column_inner_content_inner\"><div class=\"bt_bb_raw_content\">Contrairement aux soufflets en \u00e9lastom\u00e8re, les soufflets en PE sont g\u00e9n\u00e9ralement fabriqu\u00e9s par usinage. \n<br \/><br \/>\n<b>Avantages des soufflets en PE : <\/b>\n<ul>\n<li>une grande flexibilit\u00e9 au niveau de la conception et l\u2019adaptation aux gorges existantes, <\/li>\n<li>possibilit\u00e9 de solutions multifonctionnelles, <\/li>\n<li>pas de frais de moule. <\/li>\n<\/ul><\/div><\/div><\/div><\/div><\/div><\/div><\/div><\/div><\/div><\/div><\/div><\/div><!-- cell_inner --><\/div><!-- cell --><\/div><!-- port --><\/section>","protected":false},"excerpt":{"rendered":"","protected":false},"author":1,"featured_media":9622,"parent":9575,"menu_order":0,"comment_status":"closed","ping_status":"closed","template":"","meta":{"footnotes":""},"class_list":["post-9585","page","type-page","status-publish","has-post-thumbnail","hentry"],"yoast_head":"<!-- This site is optimized with the Yoast SEO plugin v27.3 - https:\/\/yoast.com\/product\/yoast-seo-wordpress\/ -->\n<title>FGTI Distribution - Soufflets en PE-UHMW<\/title>\n<meta name=\"description\" content=\"FGTI Distribution - Soufflets en PE-UHMW -\" \/>\n<meta name=\"robots\" content=\"index, follow, max-snippet:-1, max-image-preview:large, max-video-preview:-1\" \/>\n<link rel=\"canonical\" href=\"https:\/\/fgti-distribution.fr\/it\/pieces-techniques-sans-pfas-bock\/soufflets-en-pe-uhmw\/\" \/>\n<meta property=\"og:locale\" content=\"it_IT\" \/>\n<meta property=\"og:type\" content=\"article\" \/>\n<meta property=\"og:title\" content=\"FGTI Distribution - Soufflets en PE-UHMW\" \/>\n<meta property=\"og:description\" content=\"FGTI Distribution - Soufflets en PE-UHMW -\" \/>\n<meta property=\"og:url\" content=\"https:\/\/fgti-distribution.fr\/it\/pieces-techniques-sans-pfas-bock\/soufflets-en-pe-uhmw\/\" \/>\n<meta property=\"og:site_name\" content=\"FGTI Distribution\" \/>\n<meta property=\"article:modified_time\" content=\"2024-09-05T15:57:08+00:00\" \/>\n<meta property=\"og:image\" content=\"https:\/\/fgti-distribution.fr\/wp-content\/uploads\/2024\/04\/soufflet-sans-PFAS.jpg\" \/>\n\t<meta property=\"og:image:width\" content=\"1538\" \/>\n\t<meta property=\"og:image:height\" content=\"946\" \/>\n\t<meta property=\"og:image:type\" content=\"image\/jpeg\" \/>\n<meta name=\"twitter:card\" content=\"summary_large_image\" \/>\n<meta name=\"twitter:label1\" content=\"Est. reading time\" \/>\n\t<meta name=\"twitter:data1\" content=\"1 minuto\" \/>\n<script type=\"application\/ld+json\" class=\"yoast-schema-graph\">{\"@context\":\"https:\\\/\\\/schema.org\",\"@graph\":[{\"@type\":\"WebPage\",\"@id\":\"https:\\\/\\\/fgti-distribution.fr\\\/pieces-techniques-sans-pfas-bock\\\/soufflets-en-pe-uhmw\\\/\",\"url\":\"https:\\\/\\\/fgti-distribution.fr\\\/pieces-techniques-sans-pfas-bock\\\/soufflets-en-pe-uhmw\\\/\",\"name\":\"FGTI Distribution - Soufflets en PE-UHMW\",\"isPartOf\":{\"@id\":\"https:\\\/\\\/fgti-distribution.fr\\\/#website\"},\"primaryImageOfPage\":{\"@id\":\"https:\\\/\\\/fgti-distribution.fr\\\/pieces-techniques-sans-pfas-bock\\\/soufflets-en-pe-uhmw\\\/#primaryimage\"},\"image\":{\"@id\":\"https:\\\/\\\/fgti-distribution.fr\\\/pieces-techniques-sans-pfas-bock\\\/soufflets-en-pe-uhmw\\\/#primaryimage\"},\"thumbnailUrl\":\"https:\\\/\\\/fgti-distribution.fr\\\/wp-content\\\/uploads\\\/2024\\\/04\\\/soufflet-sans-PFAS.jpg\",\"datePublished\":\"2024-04-30T18:25:10+00:00\",\"dateModified\":\"2024-09-05T15:57:08+00:00\",\"description\":\"FGTI Distribution - Soufflets en PE-UHMW -\",\"breadcrumb\":{\"@id\":\"https:\\\/\\\/fgti-distribution.fr\\\/pieces-techniques-sans-pfas-bock\\\/soufflets-en-pe-uhmw\\\/#breadcrumb\"},\"inLanguage\":\"it-IT\",\"potentialAction\":[{\"@type\":\"ReadAction\",\"target\":[\"https:\\\/\\\/fgti-distribution.fr\\\/pieces-techniques-sans-pfas-bock\\\/soufflets-en-pe-uhmw\\\/\"]}]},{\"@type\":\"ImageObject\",\"inLanguage\":\"it-IT\",\"@id\":\"https:\\\/\\\/fgti-distribution.fr\\\/pieces-techniques-sans-pfas-bock\\\/soufflets-en-pe-uhmw\\\/#primaryimage\",\"url\":\"https:\\\/\\\/fgti-distribution.fr\\\/wp-content\\\/uploads\\\/2024\\\/04\\\/soufflet-sans-PFAS.jpg\",\"contentUrl\":\"https:\\\/\\\/fgti-distribution.fr\\\/wp-content\\\/uploads\\\/2024\\\/04\\\/soufflet-sans-PFAS.jpg\",\"width\":1538,\"height\":946,\"caption\":\"Soufflet sans PFAS\"},{\"@type\":\"BreadcrumbList\",\"@id\":\"https:\\\/\\\/fgti-distribution.fr\\\/pieces-techniques-sans-pfas-bock\\\/soufflets-en-pe-uhmw\\\/#breadcrumb\",\"itemListElement\":[{\"@type\":\"ListItem\",\"position\":1,\"name\":\"Home\",\"item\":\"https:\\\/\\\/fgti-distribution.fr\\\/\"},{\"@type\":\"ListItem\",\"position\":2,\"name\":\"Pi\u00e8ces techniques sans PFAS BOCK\",\"item\":\"https:\\\/\\\/fgti-distribution.fr\\\/pieces-techniques-sans-pfas-bock\\\/\"},{\"@type\":\"ListItem\",\"position\":3,\"name\":\"Soufflets en PE-UHMW\"}]},{\"@type\":\"WebSite\",\"@id\":\"https:\\\/\\\/fgti-distribution.fr\\\/#website\",\"url\":\"https:\\\/\\\/fgti-distribution.fr\\\/\",\"name\":\"FGTI Distribution\",\"description\":\"Pi\u00e8ces techniques et services \u00e0 forte valeur ajout\u00e9e\",\"publisher\":{\"@id\":\"https:\\\/\\\/fgti-distribution.fr\\\/#organization\"},\"alternateName\":\"FGTI Distribution\",\"potentialAction\":[{\"@type\":\"SearchAction\",\"target\":{\"@type\":\"EntryPoint\",\"urlTemplate\":\"https:\\\/\\\/fgti-distribution.fr\\\/?s={search_term_string}\"},\"query-input\":{\"@type\":\"PropertyValueSpecification\",\"valueRequired\":true,\"valueName\":\"search_term_string\"}}],\"inLanguage\":\"it-IT\"},{\"@type\":\"Organization\",\"@id\":\"https:\\\/\\\/fgti-distribution.fr\\\/#organization\",\"name\":\"FGTI Distribution\",\"alternateName\":\"FGTI Distribution\",\"url\":\"https:\\\/\\\/fgti-distribution.fr\\\/\",\"logo\":{\"@type\":\"ImageObject\",\"inLanguage\":\"it-IT\",\"@id\":\"https:\\\/\\\/fgti-distribution.fr\\\/#\\\/schema\\\/logo\\\/image\\\/\",\"url\":\"https:\\\/\\\/fgti-distribution.fr\\\/wp-content\\\/uploads\\\/2022\\\/12\\\/logo.png\",\"contentUrl\":\"https:\\\/\\\/fgti-distribution.fr\\\/wp-content\\\/uploads\\\/2022\\\/12\\\/logo.png\",\"width\":500,\"height\":228,\"caption\":\"FGTI Distribution\"},\"image\":{\"@id\":\"https:\\\/\\\/fgti-distribution.fr\\\/#\\\/schema\\\/logo\\\/image\\\/\"},\"sameAs\":[\"https:\\\/\\\/www.linkedin.com\\\/company\\\/fgti-distribution\\\/\"]}]}<\/script>\n<!-- \/ Yoast SEO plugin. -->","yoast_head_json":{"title":"FGTI Distribution - Soufflets en PE-UHMW","description":"FGTI Distribution - Soufflets en PE-UHMW -","robots":{"index":"index","follow":"follow","max-snippet":"max-snippet:-1","max-image-preview":"max-image-preview:large","max-video-preview":"max-video-preview:-1"},"canonical":"https:\/\/fgti-distribution.fr\/it\/pieces-techniques-sans-pfas-bock\/soufflets-en-pe-uhmw\/","og_locale":"it_IT","og_type":"article","og_title":"FGTI Distribution - Soufflets en PE-UHMW","og_description":"FGTI Distribution - Soufflets en PE-UHMW -","og_url":"https:\/\/fgti-distribution.fr\/it\/pieces-techniques-sans-pfas-bock\/soufflets-en-pe-uhmw\/","og_site_name":"FGTI Distribution","article_modified_time":"2024-09-05T15:57:08+00:00","og_image":[{"width":1538,"height":946,"url":"https:\/\/fgti-distribution.fr\/wp-content\/uploads\/2024\/04\/soufflet-sans-PFAS.jpg","type":"image\/jpeg"}],"twitter_card":"summary_large_image","twitter_misc":{"Est. reading time":"1 minuto"},"schema":{"@context":"https:\/\/schema.org","@graph":[{"@type":"WebPage","@id":"https:\/\/fgti-distribution.fr\/pieces-techniques-sans-pfas-bock\/soufflets-en-pe-uhmw\/","url":"https:\/\/fgti-distribution.fr\/pieces-techniques-sans-pfas-bock\/soufflets-en-pe-uhmw\/","name":"FGTI Distribution - Soufflets en PE-UHMW","isPartOf":{"@id":"https:\/\/fgti-distribution.fr\/#website"},"primaryImageOfPage":{"@id":"https:\/\/fgti-distribution.fr\/pieces-techniques-sans-pfas-bock\/soufflets-en-pe-uhmw\/#primaryimage"},"image":{"@id":"https:\/\/fgti-distribution.fr\/pieces-techniques-sans-pfas-bock\/soufflets-en-pe-uhmw\/#primaryimage"},"thumbnailUrl":"https:\/\/fgti-distribution.fr\/wp-content\/uploads\/2024\/04\/soufflet-sans-PFAS.jpg","datePublished":"2024-04-30T18:25:10+00:00","dateModified":"2024-09-05T15:57:08+00:00","description":"FGTI Distribution - Soufflets en PE-UHMW -","breadcrumb":{"@id":"https:\/\/fgti-distribution.fr\/pieces-techniques-sans-pfas-bock\/soufflets-en-pe-uhmw\/#breadcrumb"},"inLanguage":"it-IT","potentialAction":[{"@type":"ReadAction","target":["https:\/\/fgti-distribution.fr\/pieces-techniques-sans-pfas-bock\/soufflets-en-pe-uhmw\/"]}]},{"@type":"ImageObject","inLanguage":"it-IT","@id":"https:\/\/fgti-distribution.fr\/pieces-techniques-sans-pfas-bock\/soufflets-en-pe-uhmw\/#primaryimage","url":"https:\/\/fgti-distribution.fr\/wp-content\/uploads\/2024\/04\/soufflet-sans-PFAS.jpg","contentUrl":"https:\/\/fgti-distribution.fr\/wp-content\/uploads\/2024\/04\/soufflet-sans-PFAS.jpg","width":1538,"height":946,"caption":"Soufflet sans PFAS"},{"@type":"BreadcrumbList","@id":"https:\/\/fgti-distribution.fr\/pieces-techniques-sans-pfas-bock\/soufflets-en-pe-uhmw\/#breadcrumb","itemListElement":[{"@type":"ListItem","position":1,"name":"Home","item":"https:\/\/fgti-distribution.fr\/"},{"@type":"ListItem","position":2,"name":"Pi\u00e8ces techniques sans PFAS BOCK","item":"https:\/\/fgti-distribution.fr\/pieces-techniques-sans-pfas-bock\/"},{"@type":"ListItem","position":3,"name":"Soufflets en PE-UHMW"}]},{"@type":"WebSite","@id":"https:\/\/fgti-distribution.fr\/#website","url":"https:\/\/fgti-distribution.fr\/","name":"Distribuzione FGTI","description":"Parti tecniche e servizi ad alto valore aggiunto","publisher":{"@id":"https:\/\/fgti-distribution.fr\/#organization"},"alternateName":"FGTI Distribution","potentialAction":[{"@type":"SearchAction","target":{"@type":"EntryPoint","urlTemplate":"https:\/\/fgti-distribution.fr\/?s={search_term_string}"},"query-input":{"@type":"PropertyValueSpecification","valueRequired":true,"valueName":"search_term_string"}}],"inLanguage":"it-IT"},{"@type":"Organization","@id":"https:\/\/fgti-distribution.fr\/#organization","name":"Distribuzione FGTI","alternateName":"FGTI Distribution","url":"https:\/\/fgti-distribution.fr\/","logo":{"@type":"ImageObject","inLanguage":"it-IT","@id":"https:\/\/fgti-distribution.fr\/#\/schema\/logo\/image\/","url":"https:\/\/fgti-distribution.fr\/wp-content\/uploads\/2022\/12\/logo.png","contentUrl":"https:\/\/fgti-distribution.fr\/wp-content\/uploads\/2022\/12\/logo.png","width":500,"height":228,"caption":"FGTI Distribution"},"image":{"@id":"https:\/\/fgti-distribution.fr\/#\/schema\/logo\/image\/"},"sameAs":["https:\/\/www.linkedin.com\/company\/fgti-distribution\/"]}]}},"_links":{"self":[{"href":"https:\/\/fgti-distribution.fr\/it\/wp-json\/wp\/v2\/pages\/9585","targetHints":{"allow":["GET"]}}],"collection":[{"href":"https:\/\/fgti-distribution.fr\/it\/wp-json\/wp\/v2\/pages"}],"about":[{"href":"https:\/\/fgti-distribution.fr\/it\/wp-json\/wp\/v2\/types\/page"}],"author":[{"embeddable":true,"href":"https:\/\/fgti-distribution.fr\/it\/wp-json\/wp\/v2\/users\/1"}],"replies":[{"embeddable":true,"href":"https:\/\/fgti-distribution.fr\/it\/wp-json\/wp\/v2\/comments?post=9585"}],"version-history":[{"count":18,"href":"https:\/\/fgti-distribution.fr\/it\/wp-json\/wp\/v2\/pages\/9585\/revisions"}],"predecessor-version":[{"id":9931,"href":"https:\/\/fgti-distribution.fr\/it\/wp-json\/wp\/v2\/pages\/9585\/revisions\/9931"}],"up":[{"embeddable":true,"href":"https:\/\/fgti-distribution.fr\/it\/wp-json\/wp\/v2\/pages\/9575"}],"wp:featuredmedia":[{"embeddable":true,"href":"https:\/\/fgti-distribution.fr\/it\/wp-json\/wp\/v2\/media\/9622"}],"wp:attachment":[{"href":"https:\/\/fgti-distribution.fr\/it\/wp-json\/wp\/v2\/media?parent=9585"}],"curies":[{"name":"wp","href":"https:\/\/api.w.org\/{rel}","templated":true}]}}