{"id":1299,"date":"2012-12-07T11:56:59","date_gmt":"2012-12-07T11:56:59","guid":{"rendered":"https:\/\/fgti-distribution.fr\/?page_id=1299"},"modified":"2023-07-05T12:11:56","modified_gmt":"2023-07-05T12:11:56","slug":"ogolnosci","status":"publish","type":"page","link":"https:\/\/fgti-distribution.fr\/pl\/joints-detancheite\/generalites\/","title":{"rendered":"Funkcja uszczelki kompozytowej"},"content":{"rendered":"<section id=\"bt_bb_section69f17d564ceba\" class=\"bt_bb_section bt_bb_layout_boxed_1200\"  data-bt-override-class=\"null\"><div class=\"bt_bb_port\"><div class=\"bt_bb_cell\"><div class=\"bt_bb_cell_inner\"><div class=\"bt_bb_row\"  data-bt-override-class=\"{}\"><div class=\"bt_bb_row_holder\" ><div  class=\"bt_bb_column col-xxl-12 col-xl-12 col-xs-12 col-sm-12 col-md-12 col-lg-12 bt_bb_vertical_align_top bt_bb_align_left bt_bb_padding_normal\" style=\"; --column-width:12;\" data-width=\"12\" data-bt-override-class=\"{}\"><div class=\"bt_bb_column_content\"><div class=\"bt_bb_column_content_inner\"><div class=\"bt_bb_raw_content\"><div class=\"bt_bb_wrapper\"><div id=\"pl-1299\" class=\"panel-layout\">\n<div id=\"pg-1299-0\" class=\"panel-grid panel-no-style\">\n<div id=\"pgc-1299-0-0\" class=\"panel-grid-cell\" data-weight=\"1\">\n<div id=\"panel-1299-0-0-0\" class=\"so-panel widget widget_custom_html panel-first-child panel-last-child\" data-index=\"0\" data-style=\"{\"background_image_attachment\":false,\"background_display\":\"tile\"}\"><div class=\"textwidget custom-html-widget\"><div style=\"color: #BABABA; font-size: 12px;\">FGTI-Distribution &gt; Uszczelnienia &gt; Funkcja uszczelki kompozytowej<\/div>\n<br><br>\n<table style=\"font-size: 12px; border: none; width: 100%;\">\n<tbody><tr>\n<td colspan=\"2\" style=\"font-size: 22px; vertical-align: top; font-weight: bold; border-bottom: 1px solid #58B6FE; border-top-color: white;\">\nFunkcja uszczelki kompozytowej\n<\/td><td style=\"text-align: right; border-bottom: 1px solid #58B6FE; border-top-color: white;\">\n<a target=\"_blank\" href=\"https:\/\/fgti-distribution.fr\/pl\/wp-content\/themes\/twentyeleven\/images\/FGTI-Distribution_IDG-Fonction-joint-composite-2019.pdf\/\" rel=\"noopener\"><img decoding=\"async\" src=\"https:\/\/fgti-distribution.fr\/wp-content\/themes\/twentyeleven\/images\/pdficon_large.png\"><\/a>\n<\/td>\n<\/tr>\n\n<tr>\n<td style=\"width: 200px; vertical-align: top; font-weight: bold; border-color: #FFFFFF;padding-top: 20px;\">\nZasada budowy\n<\/td>\n<td style=\"padding-bottom: 20px; width: 280px; vertical-align: top; text-align: justify; border-bottom: 1px solid #58B6FE; border-top-color: white; padding-top: 20px; padding-right: 25px;\">\nUszczelki kompozytowe sk\u0142adaj\u0105 si\u0119 zazwyczaj z dw\u00f3ch element\u00f3w.<br>\nPier\u015bcie\u0144 uszczelniaj\u0105cy jest obrabiany z PTFE wype\u0142nionego, charakteryzuj\u0105cego si\u0119 szczeg\u00f3ln\u0105 odporno\u015bci\u0105 na zu\u017cycie. Dzi\u0119ki w\u0142a\u015bciwo\u015bciom tego materia\u0142u, uszczelnienia s\u0105 w stanie wytrzyma\u0107 ci\u015bnienie, pr\u0119dko\u015b\u0107 i znaczne wahania temperatury.<br>\n<img decoding=\"async\" style=\"text-align: left;\" src=\"https:\/\/fgti-distribution.fr\/wp-content\/themes\/twentyeleven\/images\/joint-etancheite-composite1.jpg\">\n<\/td>\n<td style=\"padding-bottom: 20px; width: 280px; vertical-align: top; text-align: justify; border-bottom: 1px solid #58B6FE; border-top-color: white; padding-top: 20px; padding-left: 20px;\">\nW zwi\u0105zku z tym, \u017ce warto\u015bci maksymalne osi\u0105ga si\u0119 jedynie poprzez dodanie r\u00f3\u017cnych parametr\u00f3w, w niekt\u00f3rych ekstremalnych zastosowaniach konieczne s\u0105 testy wst\u0119pne.<br>\nElement wst\u0119pnego spr\u0119\u017cenia spr\u0119\u017cystego zapewnia ci\u015bnienie niezb\u0119dne do zapewnienia szczelno\u015bci mi\u0119dzy powierzchni\u0105 ciern\u0105 a powierzchni\u0105 przeciwn\u0105, gwarantuj\u0105c w ten spos\u00f3b trwa\u0142o\u015b\u0107 uszczelnienia. Wst\u0119pne spr\u0119\u017cenie jest realizowane za pomoc\u0105 uszczelki O-ring z elastomeru lub profilowanej spr\u0119\u017cyny stalowej. Uszczelki O-ring zapewniaj\u0105 r\u00f3wnie\u017c szczelno\u015b\u0107 statyczn\u0105 w dnie rowka.<br>\nPrzy wyborze materia\u0142\u00f3w na pier\u015bcie\u0144 uszczelniaj\u0105cy i element dociskowy nale\u017cy uwzgl\u0119dni\u0107 warunki u\u017cytkowania.\n<\/td>\n<\/tr>\n\n<tr>\n<td style=\"width: 200px; vertical-align: top; font-weight: bold; border-color: #FFFFFF;\">\nUszczelnienie wewn\u0119trzne\nlub zewn\u0119trzne\n<\/td>\n<td style=\"padding-bottom: 20px; width: 280px; vertical-align: top; text-align: justify; border-bottom: 1px solid #58B6FE; border-top-color: white; padding-right: 25px;\">\nWszystkie uszczelki zapewniaj\u0105ce uszczelnienie promieniowe mog\u0105 by\u0107 zaprojektowane tak, aby zapewnia\u0142y uszczelnienie wewn\u0119trzne lub zewn\u0119trzne.<br>\n<img decoding=\"async\" style=\"text-align: left;\" src=\"https:\/\/fgti-distribution.fr\/wp-content\/themes\/twentyeleven\/images\/joint-etancheite-composite2.jpg\">Uszczelnienie zewn\u0119trzne, na przyk\u0142ad uszczelka t\u0142okowa MANOY\u00ae profil 112\n<\/td>\n<td style=\"padding-bottom: 20px; width: 280px; vertical-align: top; text-align: justify; border-bottom: 1px solid #58B6FE; border-top-color: white; padding-left: 20px;\">\n<img decoding=\"async\" style=\"text-align: left; padding-top: 72px;\" src=\"https:\/\/fgti-distribution.fr\/wp-content\/themes\/twentyeleven\/images\/joint-etancheite-composite3.jpg\">\nUszczelnienia wewn\u0119trzne, na przyk\u0142ad uszczelnienie trzpienia MANOY\u00ae profil 120\n<\/td>\n<\/tr>\n\n<tr>\n<td style=\"width: 200px; vertical-align: top; font-weight: bold; border-color: #FFFFFF;\">\nDzia\u0142anie uszczelnienia<\/td>\n<td style=\"padding-bottom: 20px; width: 280px; vertical-align: top; text-align: justify; border-bottom: 1px solid #58B6FE; border-top-color: white; padding-right: 25px;\">\n<img decoding=\"async\" style=\"text-align: left; max-width: none;\" src=\"https:\/\/fgti-distribution.fr\/wp-content\/themes\/twentyeleven\/images\/joint-etancheite-composite4.jpg\">Uszczelnienia kompozytowe i uszczelnienia wargowe MANOY s\u0105 aktywowane przez nacisk p\u0142ynu. Dzi\u0119ki spr\u0119\u017cysto\u015bci swojego przekroju w rowku, o-ring zapewnia statyczne uszczelnienie w rowku i popycha dynamiczne uszczelnienie na przeciwleg\u0142\u0105 powierzchni\u0119.\n<\/td>\n<td style=\"padding-bottom: 20px; width: 280px; vertical-align: top; text-align: justify; border-bottom: 1px solid #58B6FE; border-top-color: white; padding-bottom: 20px; padding-left: 20px;\">\n<img decoding=\"async\" style=\"text-align: left; max-width: none;\" src=\"https:\/\/fgti-distribution.fr\/wp-content\/themes\/twentyeleven\/images\/joint-etancheite-composite5.jpg\">\nCi\u015bnienie p\u0142ynu wywiera dodatkowe napr\u0119\u017cenie wst\u0119pne na uszczelk\u0119 t\u0142oka.\nW ten spos\u00f3b ci\u015bnienie potrzebne do zapewnienia szczelno\u015bci r\u00f3wnowa\u017cy si\u0119 ci\u015bnieniem dostarczanym przez p\u0142yn.\nDo oko\u0142o 2 MPa si\u0142a uszczelniaj\u0105ca jest uzyskiwana niemal wy\u0142\u0105cznie dzi\u0119ki naciskowi elementu wst\u0119pnego napr\u0119\u017cenia. \n<\/td>\n<\/tr>\n\n<tr>\n<td style=\"width: 200px; vertical-align: top; font-weight: bold; border-color: #FFFFFF;\">\nWyb\u00f3r profilu<\/td>\n<td style=\"padding-bottom: 20px; width: 280px; vertical-align: top; text-align: justify; border-bottom: 1px solid #58B6FE; border-top-color: white; padding-right: 25px;\">\n<img decoding=\"async\" style=\"text-align: left; max-width: none;\" src=\"https:\/\/fgti-distribution.fr\/wp-content\/themes\/twentyeleven\/images\/joint-etancheite-composite6.jpg\">\n<\/td>\n<td style=\"padding-bottom: 20px; width: 280px; vertical-align: top; text-align: justify; border-bottom: 1px solid #58B6FE; border-top-color: white; padding-left: 20px;\">\nWyb\u00f3r profilu uszczelnienia zale\u017cy przede wszystkim od rodzaju ruchu, kierunku i warto\u015bci ci\u015bnienia, a tak\u017ce od jako\u015bci medium.\n<\/td>\n<\/tr>\n\n<tr>\n<td style=\"width: 200px; vertical-align: top; font-weight: bold; border-color: #FFFFFF;\">\nNapr\u0119\u017cenie wst\u0119pne uszczelki typu O-ring<\/td>\n<td style=\"padding-bottom: 20px; width: 280px; vertical-align: top; text-align: justify; border-bottom: 1px solid #58B6FE; border-top-color: white; padding-right: 25px;\">\nAby zapewni\u0107 dobre uszczelnienie, obudowy s\u0105 umieszczone w taki spos\u00f3b, aby na uszczelk\u0119 O-ring lub spr\u0119\u017cyn\u0119 wywierany by\u0142 \u015bredni wst\u0119pny nacisk.<br>\nMniejsza g\u0142\u0119boko\u015b\u0107 rowka zapewnia wi\u0119ksze si\u0142y docisku i tym samym poprawia szczelno\u015b\u0107 przy niskich (do ok. 2 MPa) lub zerowych ci\u015bnieniach.\nWi\u0119ksza g\u0142\u0119boko\u015b\u0107 rowka pozwala na pewn\u0105 elastyczno\u015b\u0107 pracy, kt\u00f3ra jednak odbywa si\u0119 kosztem szczelno\u015bci.\n<\/td>\n<td style=\"padding-bottom: 20px; width: 280px; vertical-align: top; text-align: justify; border-bottom: 1px solid #58B6FE; border-top-color: white; padding-left: 20px;\">\n<img decoding=\"async\" style=\"text-align: left; max-width: none;\" src=\"https:\/\/fgti-distribution.fr\/wp-content\/themes\/twentyeleven\/images\/joint-etancheite-composite7.jpg\">\n<\/td>\n<\/tr>\n\n\n<tr>\n<td style=\"width: 200px; vertical-align: top; font-weight: bold; border-color: #FFFFFF;\">\nWarto\u015b\u0107 gry operacyjnej<\/td>\n<td style=\"padding-bottom: 20px; width: 280px; vertical-align: top; text-align: justify; border-bottom: 1px solid #58B6FE; border-top-color: white; padding-right: 25px;\">\nMinimalna wymagana warto\u015b\u0107 luzu zale\u017cy od dok\u0142adno\u015bci prowadnicy i innych parametr\u00f3w monta\u017cu. Nale\u017cy zatem uwzgl\u0119dni\u0107 mo\u017cliwe wzrosty ci\u015bnienia i rozszerzalno\u015b\u0107 ciepln\u0105.<br>\nPo przeciwnej stronie ni\u017c nacisk, nale\u017cy preferowa\u0107 s\u0142abe gry, podczas gdy po stronie nacisku, wysoka gra pozwala unikn\u0105\u0107 gromadzenia si\u0119 cz\u0105stek.<br>\nDla ci\u015bnie\u0144 powy\u017cej 40 MPA, przestrzeganie warto\u015bci tolerancji H8\/f8 dla \u015brednic cylindra\/t\u0142oka i tulei\/trzonk\u00f3w jest obowi\u0105zkowe.\n<\/td>\n<td style=\"padding-bottom: 20px; width: 280px; vertical-align: top; text-align: justify; border-bottom: 1px solid #58B6FE; border-top-color: white; padding-left: 20px;\">\n<img decoding=\"async\" style=\"text-align: left; max-width: none;\" src=\"https:\/\/fgti-distribution.fr\/wp-content\/themes\/twentyeleven\/images\/joint-etancheite-composite8.jpg\">\n<\/td>\n<\/tr>\n\n<tr>\n<td style=\"width: 200px; vertical-align: top; font-weight: bold; border-color: #FFFFFF;\">\nHydroizolacja<\/td>\n<td style=\"padding-bottom: 20px; width: 280px; vertical-align: top; text-align: justify;border-top-color: white; padding-right: 25px;\">\nUszczelnienie mo\u017ce by\u0107 idealnie szczelne tylko wtedy, gdy jest statyczne. W ruchu szczelno\u015b\u0107 jest trudniejsza. Ca\u0142kowicie suche dzia\u0142anie prowadzi\u0142oby do zu\u017cycia wszystkich element\u00f3w uszczelniaj\u0105cych. W przypadku uszczelnie\u0144 dynamicznych, lekkie smarowanie przez medium na przeciwleg\u0142ej powierzchni zapewni prawid\u0142owe dzia\u0142anie uszczelnienia.\n<\/td>\n<td style=\"padding-bottom: 20px; width: 280px; vertical-align: top; text-align: justify; border-top-color: white; padding-left: 20px;\">\n \n<\/td>\n<\/tr>\n\n<\/tbody><\/table>\n\n<div style=\"text-align: right; font-size: 12px;\">\n<a href=\"#haut\" style=\"text-decoration: none; color: #AAAAAA;\">Nag\u0142\u00f3wek<\/a>\n<\/div>\n<\/div><\/div>\n<\/div>\n<\/div>\n<\/div>\n<\/div><\/div><\/div><\/div><\/div><\/div><\/div><\/div><!-- cell_inner --><\/div><!-- cell --><\/div><!-- port --><\/section>","protected":false},"excerpt":{"rendered":"","protected":false},"author":1,"featured_media":0,"parent":8,"menu_order":0,"comment_status":"closed","ping_status":"closed","template":"","meta":{"footnotes":""},"class_list":["post-1299","page","type-page","status-publish","hentry"],"yoast_head":"<!-- This site is optimized with the Yoast SEO plugin v27.3 - https:\/\/yoast.com\/product\/yoast-seo-wordpress\/ -->\n<title>FGTI Distribution - Fonction d&#039;un joint d&#039;\u00e9tanch\u00e9it\u00e9 composite<\/title>\n<meta name=\"description\" content=\"Fiche produit IDG par FGTI distribution : fonction d&#039;un joint d&#039;\u00e9tanch\u00e9it\u00e9 composite\" \/>\n<meta name=\"robots\" content=\"index, follow, max-snippet:-1, max-image-preview:large, max-video-preview:-1\" \/>\n<link rel=\"canonical\" href=\"https:\/\/fgti-distribution.fr\/pl\/uszczelki\/ogolnosci\/\" \/>\n<meta property=\"og:locale\" content=\"pl_PL\" \/>\n<meta property=\"og:type\" content=\"article\" \/>\n<meta property=\"og:title\" content=\"FGTI Distribution - Fonction d&#039;un joint d&#039;\u00e9tanch\u00e9it\u00e9 composite\" \/>\n<meta property=\"og:description\" content=\"Fiche produit IDG par FGTI distribution : fonction d&#039;un joint d&#039;\u00e9tanch\u00e9it\u00e9 composite\" \/>\n<meta property=\"og:url\" content=\"https:\/\/fgti-distribution.fr\/pl\/uszczelki\/ogolnosci\/\" \/>\n<meta property=\"og:site_name\" content=\"FGTI Distribution\" \/>\n<meta property=\"article:modified_time\" content=\"2023-07-05T12:11:56+00:00\" \/>\n<meta name=\"twitter:card\" content=\"summary_large_image\" \/>\n<meta name=\"twitter:label1\" content=\"Est. reading time\" \/>\n\t<meta name=\"twitter:data1\" content=\"1 minuta\" \/>\n<script type=\"application\/ld+json\" class=\"yoast-schema-graph\">{\"@context\":\"https:\\\/\\\/schema.org\",\"@graph\":[{\"@type\":\"WebPage\",\"@id\":\"https:\\\/\\\/fgti-distribution.fr\\\/joints-detancheite\\\/generalites\\\/\",\"url\":\"https:\\\/\\\/fgti-distribution.fr\\\/joints-detancheite\\\/generalites\\\/\",\"name\":\"FGTI Distribution - Fonction d'un joint d'\u00e9tanch\u00e9it\u00e9 composite\",\"isPartOf\":{\"@id\":\"https:\\\/\\\/fgti-distribution.fr\\\/#website\"},\"datePublished\":\"2012-12-07T11:56:59+00:00\",\"dateModified\":\"2023-07-05T12:11:56+00:00\",\"description\":\"Fiche produit IDG par FGTI distribution : fonction d'un joint d'\u00e9tanch\u00e9it\u00e9 composite\",\"breadcrumb\":{\"@id\":\"https:\\\/\\\/fgti-distribution.fr\\\/joints-detancheite\\\/generalites\\\/#breadcrumb\"},\"inLanguage\":\"pl-PL\",\"potentialAction\":[{\"@type\":\"ReadAction\",\"target\":[\"https:\\\/\\\/fgti-distribution.fr\\\/joints-detancheite\\\/generalites\\\/\"]}]},{\"@type\":\"BreadcrumbList\",\"@id\":\"https:\\\/\\\/fgti-distribution.fr\\\/joints-detancheite\\\/generalites\\\/#breadcrumb\",\"itemListElement\":[{\"@type\":\"ListItem\",\"position\":1,\"name\":\"Home\",\"item\":\"https:\\\/\\\/fgti-distribution.fr\\\/\"},{\"@type\":\"ListItem\",\"position\":2,\"name\":\"Joints d&rsquo;\u00e9tanch\u00e9it\u00e9\",\"item\":\"https:\\\/\\\/fgti-distribution.fr\\\/joints-detancheite\\\/\"},{\"@type\":\"ListItem\",\"position\":3,\"name\":\"Fonction d&rsquo;un joint composite\"}]},{\"@type\":\"WebSite\",\"@id\":\"https:\\\/\\\/fgti-distribution.fr\\\/#website\",\"url\":\"https:\\\/\\\/fgti-distribution.fr\\\/\",\"name\":\"FGTI Distribution\",\"description\":\"Pi\u00e8ces techniques et services \u00e0 forte valeur ajout\u00e9e\",\"publisher\":{\"@id\":\"https:\\\/\\\/fgti-distribution.fr\\\/#organization\"},\"alternateName\":\"FGTI Distribution\",\"potentialAction\":[{\"@type\":\"SearchAction\",\"target\":{\"@type\":\"EntryPoint\",\"urlTemplate\":\"https:\\\/\\\/fgti-distribution.fr\\\/?s={search_term_string}\"},\"query-input\":{\"@type\":\"PropertyValueSpecification\",\"valueRequired\":true,\"valueName\":\"search_term_string\"}}],\"inLanguage\":\"pl-PL\"},{\"@type\":\"Organization\",\"@id\":\"https:\\\/\\\/fgti-distribution.fr\\\/#organization\",\"name\":\"FGTI Distribution\",\"alternateName\":\"FGTI Distribution\",\"url\":\"https:\\\/\\\/fgti-distribution.fr\\\/\",\"logo\":{\"@type\":\"ImageObject\",\"inLanguage\":\"pl-PL\",\"@id\":\"https:\\\/\\\/fgti-distribution.fr\\\/#\\\/schema\\\/logo\\\/image\\\/\",\"url\":\"https:\\\/\\\/fgti-distribution.fr\\\/wp-content\\\/uploads\\\/2022\\\/12\\\/logo.png\",\"contentUrl\":\"https:\\\/\\\/fgti-distribution.fr\\\/wp-content\\\/uploads\\\/2022\\\/12\\\/logo.png\",\"width\":500,\"height\":228,\"caption\":\"FGTI Distribution\"},\"image\":{\"@id\":\"https:\\\/\\\/fgti-distribution.fr\\\/#\\\/schema\\\/logo\\\/image\\\/\"},\"sameAs\":[\"https:\\\/\\\/www.linkedin.com\\\/company\\\/fgti-distribution\\\/\"]}]}<\/script>\n<!-- \/ Yoast SEO plugin. -->","yoast_head_json":{"title":"FGTI Distribution - Funkcja uszczelki kompozytowej","description":"Karta produktu IDG wg FGTI distribution: funkcja kompozytowego uszczelnienia","robots":{"index":"index","follow":"follow","max-snippet":"max-snippet:-1","max-image-preview":"max-image-preview:large","max-video-preview":"max-video-preview:-1"},"canonical":"https:\/\/fgti-distribution.fr\/pl\/uszczelki\/ogolnosci\/","og_locale":"pl_PL","og_type":"article","og_title":"FGTI Distribution - Fonction d'un joint d'\u00e9tanch\u00e9it\u00e9 composite","og_description":"Fiche produit IDG par FGTI distribution : fonction d'un joint d'\u00e9tanch\u00e9it\u00e9 composite","og_url":"https:\/\/fgti-distribution.fr\/pl\/uszczelki\/ogolnosci\/","og_site_name":"FGTI Distribution","article_modified_time":"2023-07-05T12:11:56+00:00","twitter_card":"summary_large_image","twitter_misc":{"Est. reading time":"1 minuta"},"schema":{"@context":"https:\/\/schema.org","@graph":[{"@type":"WebPage","@id":"https:\/\/fgti-distribution.fr\/joints-detancheite\/generalites\/","url":"https:\/\/fgti-distribution.fr\/joints-detancheite\/generalites\/","name":"FGTI Distribution - Funkcja uszczelki kompozytowej","isPartOf":{"@id":"https:\/\/fgti-distribution.fr\/#website"},"datePublished":"2012-12-07T11:56:59+00:00","dateModified":"2023-07-05T12:11:56+00:00","description":"Karta produktu IDG wg FGTI distribution: funkcja kompozytowego uszczelnienia","breadcrumb":{"@id":"https:\/\/fgti-distribution.fr\/joints-detancheite\/generalites\/#breadcrumb"},"inLanguage":"pl-PL","potentialAction":[{"@type":"ReadAction","target":["https:\/\/fgti-distribution.fr\/joints-detancheite\/generalites\/"]}]},{"@type":"BreadcrumbList","@id":"https:\/\/fgti-distribution.fr\/joints-detancheite\/generalites\/#breadcrumb","itemListElement":[{"@type":"ListItem","position":1,"name":"Home","item":"https:\/\/fgti-distribution.fr\/"},{"@type":"ListItem","position":2,"name":"Joints d&rsquo;\u00e9tanch\u00e9it\u00e9","item":"https:\/\/fgti-distribution.fr\/joints-detancheite\/"},{"@type":"ListItem","position":3,"name":"Fonction d&rsquo;un joint composite"}]},{"@type":"WebSite","@id":"https:\/\/fgti-distribution.fr\/#website","url":"https:\/\/fgti-distribution.fr\/","name":"Dystrybucja FGTI","description":"Cz\u0119\u015bci techniczne i us\u0142ugi o wysokiej warto\u015bci dodanej","publisher":{"@id":"https:\/\/fgti-distribution.fr\/#organization"},"alternateName":"FGTI Distribution","potentialAction":[{"@type":"SearchAction","target":{"@type":"EntryPoint","urlTemplate":"https:\/\/fgti-distribution.fr\/?s={search_term_string}"},"query-input":{"@type":"PropertyValueSpecification","valueRequired":true,"valueName":"search_term_string"}}],"inLanguage":"pl-PL"},{"@type":"Organization","@id":"https:\/\/fgti-distribution.fr\/#organization","name":"Dystrybucja FGTI","alternateName":"FGTI Distribution","url":"https:\/\/fgti-distribution.fr\/","logo":{"@type":"ImageObject","inLanguage":"pl-PL","@id":"https:\/\/fgti-distribution.fr\/#\/schema\/logo\/image\/","url":"https:\/\/fgti-distribution.fr\/wp-content\/uploads\/2022\/12\/logo.png","contentUrl":"https:\/\/fgti-distribution.fr\/wp-content\/uploads\/2022\/12\/logo.png","width":500,"height":228,"caption":"FGTI Distribution"},"image":{"@id":"https:\/\/fgti-distribution.fr\/#\/schema\/logo\/image\/"},"sameAs":["https:\/\/www.linkedin.com\/company\/fgti-distribution\/"]}]}},"_links":{"self":[{"href":"https:\/\/fgti-distribution.fr\/pl\/wp-json\/wp\/v2\/pages\/1299","targetHints":{"allow":["GET"]}}],"collection":[{"href":"https:\/\/fgti-distribution.fr\/pl\/wp-json\/wp\/v2\/pages"}],"about":[{"href":"https:\/\/fgti-distribution.fr\/pl\/wp-json\/wp\/v2\/types\/page"}],"author":[{"embeddable":true,"href":"https:\/\/fgti-distribution.fr\/pl\/wp-json\/wp\/v2\/users\/1"}],"replies":[{"embeddable":true,"href":"https:\/\/fgti-distribution.fr\/pl\/wp-json\/wp\/v2\/comments?post=1299"}],"version-history":[{"count":9,"href":"https:\/\/fgti-distribution.fr\/pl\/wp-json\/wp\/v2\/pages\/1299\/revisions"}],"predecessor-version":[{"id":7993,"href":"https:\/\/fgti-distribution.fr\/pl\/wp-json\/wp\/v2\/pages\/1299\/revisions\/7993"}],"up":[{"embeddable":true,"href":"https:\/\/fgti-distribution.fr\/pl\/wp-json\/wp\/v2\/pages\/8"}],"wp:attachment":[{"href":"https:\/\/fgti-distribution.fr\/pl\/wp-json\/wp\/v2\/media?parent=1299"}],"curies":[{"name":"wp","href":"https:\/\/api.w.org\/{rel}","templated":true}]}}