{"id":1398,"date":"2012-12-07T17:10:29","date_gmt":"2012-12-07T17:10:29","guid":{"rendered":"https:\/\/fgti-distribution.fr\/?page_id=1398"},"modified":"2023-07-05T12:12:45","modified_gmt":"2023-07-05T12:12:45","slug":"montazowe-uszczelki","status":"publish","type":"page","link":"https:\/\/fgti-distribution.fr\/pl\/joints-detancheite\/montage-joints-etancheite\/","title":{"rendered":"Warunki og\u00f3lne monta\u017cu"},"content":{"rendered":"<section id=\"bt_bb_section69f17cd3f0f79\" class=\"bt_bb_section bt_bb_layout_boxed_1200\"  data-bt-override-class=\"null\"><div class=\"bt_bb_port\"><div class=\"bt_bb_cell\"><div class=\"bt_bb_cell_inner\"><div class=\"bt_bb_row\"  data-bt-override-class=\"{}\"><div class=\"bt_bb_row_holder\" ><div  class=\"bt_bb_column col-xxl-12 col-xl-12 col-xs-12 col-sm-12 col-md-12 col-lg-12 bt_bb_vertical_align_top bt_bb_align_left bt_bb_padding_normal\" style=\"; --column-width:12;\" data-width=\"12\" data-bt-override-class=\"{}\"><div class=\"bt_bb_column_content\"><div class=\"bt_bb_column_content_inner\"><div class=\"bt_bb_raw_content\"><div class=\"bt_bb_wrapper\"><div id=\"pl-1398\" class=\"panel-layout\">\n<div id=\"pg-1398-0\" class=\"panel-grid panel-no-style\">\n<div id=\"pgc-1398-0-0\" class=\"panel-grid-cell\" data-weight=\"1\">\n<div id=\"panel-1398-0-0-0\" class=\"so-panel widget widget_custom_html panel-first-child panel-last-child\" data-index=\"0\" data-style=\"{\"background_image_attachment\":false,\"background_display\":\"tile\"}\"><div class=\"textwidget custom-html-widget\"><div style=\"color: #BABABA; font-size: 12px;\">FGTI-Distribution &gt; Uszczelki &gt; Og\u00f3lne warunki monta\u017cu<\/div>\n<br><br>\n<table style=\"font-size: 12px; border: none; width: 100%;\">\n<tbody><tr>\n<td colspan=\"2\" style=\"font-size: 22px; vertical-align: top; font-weight: bold; border-bottom: 1px solid #58B6FE; border-top-color: white;\">\nWarunki og\u00f3lne monta\u017cu\n<\/td><td style=\"text-align: right; border-bottom: 1px solid #58B6FE; border-top-color: white;\">\n<a target=\"_blank\" href=\"https:\/\/fgti-distribution.fr\/pl\/wp-content\/themes\/twentyeleven\/images\/FGTI-Distribution_IDG-Conditions-generales-montage-2019.pdf\/\" rel=\"noopener\"><img decoding=\"async\" src=\"https:\/\/fgti-distribution.fr\/wp-content\/themes\/twentyeleven\/images\/pdficon_large.png\"><\/a>\n<\/td>\n<\/tr>\n<tr>\n<td style=\"width: 200px; vertical-align: top; font-weight: bold; border-color: #FFFFFF;padding-top: 20px;\">\nTarcie\n<\/td>\n<td style=\"padding-bottom: 20px; width: 280px; vertical-align: top; text-align: justify; border-bottom: 1px solid #58B6FE; border-top-color: white; padding-top: 20px; padding-right: 25px;\">\nIDG stosuje materia\u0142y na bazie PTFE, zapewniaj\u0105c w ten spos\u00f3b bardzo nisk\u0105 przyczepno\u015b\u0107 i bardzo niskie tarcie rozruchowe.<br>\nRzeczywi\u015bcie, czyste PTFE ma niski wsp\u00f3\u0142czynnik tarcia, kt\u00f3ry mo\u017cna modulowa\u0107 w zale\u017cno\u015bci od obci\u0105\u017cenia.\n<\/td>\n<td style=\"padding-bottom: 20px; width: 280px; vertical-align: top; text-align: justify; border-bottom: 1px solid #58B6FE; border-top-color: white; padding-top: 20px; padding-left: 20px;\">\nInny wp\u0142yw na wsp\u00f3\u0142czynnik tarcia maj\u0105 tak\u017ce materia\u0142 powierzchni przeciwleg\u0142ej, jej chropowato\u015b\u0107 i twardo\u015b\u0107, szybko\u015b\u0107 tarcia oraz temperatura i smarowanie.<br>\nMateria\u0142y IDG na bazie PTFE charakteryzuj\u0105 si\u0119 p\u0142ynnym po\u015blizgiem.\n<\/td>\n<\/tr>\n\n<tr>\n<td style=\"width: 200px; vertical-align: top; font-weight: bold; border-color: #FFFFFF;padding-top: 20px;\">\nWp\u0142yw powierzchni przeciwnej\n<\/td>\n<td style=\"padding-bottom: 20px; width: 280px; vertical-align: top; text-align: justify; border-bottom: 1px solid #58B6FE; border-top-color: white; padding-top: 20px; padding-right: 25px;\">\nChropowato\u015b\u0107 i g\u0142adko\u015b\u0107 powierzchni wsp\u00f3\u0142pracuj\u0105cych maj\u0105 du\u017cy wp\u0142yw na ryzyko wycieku i \u017cywotno\u015b\u0107. Stykowa powierzchnia wsp\u00f3\u0142pracuj\u0105ca musi by\u0107 dobrej jako\u015bci. Wynik ten uzyskuje si\u0119 dzi\u0119ki szlifowaniu, dog\u0142adzaniu i docieraniu. W ten spos\u00f3b wyg\u0142adzane s\u0105 rysy po obr\u00f3bce i ostre kraw\u0119dzie. Ten ostatni punkt jest szczeg\u00f3lnie wa\u017cny w przypadku bardzo twardych powierzchni wsp\u00f3\u0142pracuj\u0105cych.\n<\/td>\n<td style=\"padding-bottom: 20px; width: 280px; vertical-align: top; text-align: justify; border-bottom: 1px solid #58B6FE; border-top-color: white; padding-top: 20px; padding-left: 20px;\">\nWyg\u0142adzenie powierzchni uzyskane przez zgniatanie lub walcowanie mo\u017ce okaza\u0107 si\u0119 nier\u00f3wne i b\u0119dzie szczeg\u00f3lnie niekorzystne dla dzia\u0142ania uszczelek kompozytowych.<br>\nPodczas ruch\u00f3w obrotowych lub oscylacyjnych, powierzchnia przeciwleg\u0142a musi by\u0107 jak najg\u0142adsza, unikaj\u0105c jednocze\u015bnie rysowania podczas szlifowania.\n<\/td>\n<\/tr>\n\n<tr>\n<td style=\"width: 200px; vertical-align: top; font-weight: bold; border-color: #FFFFFF;padding-top: 20px;\">\nMaksymalna chropowato\u015b\u0107 dla\nstan\u00f3w powierzchni,\ncz\u0119\u015b\u0107 materia\u0142u\n<\/td>\n<td style=\"padding-bottom: 20px; width: 280px; vertical-align: top; text-align: justify; border-bottom: none; border-top-color: white; padding-top: 20px; padding-right: 25px;\">\n<strong>Chropowato\u015b\u0107 powierzchni przeciwleg\u0142ej zgodnie z norm\u0105 DIN EN ISO 4287<\/strong>\nZawsze nale\u017cy traktowa\u0107 uszczelk\u0119 i powierzchni\u0119 stykow\u0105 jako ca\u0142o\u015b\u0107. Bowiem prawid\u0142owe dzia\u0142anie i \u017cywotno\u015b\u0107 uszczelki zale\u017c\u0105 w du\u017cej mierze od jako\u015bci stanu powierzchni.<br>\nNiedopuszczalne s\u0105 koncentryczne lub spiralne rysy i nier\u00f3wno\u015bci obr\u00f3bki, zadrapania, bruzdy lub nier\u00f3wno\u015bci.\n<\/td>\n<td style=\"padding-bottom: 0px; width: 280px; vertical-align: top; text-align: justify; border-bottom: none; border-top-color: white; padding-top: 20px; padding-left: 20px;\">\nOg\u00f3lnie rzecz bior\u0105c, jako\u015b\u0107 stan\u00f3w powierzchniowych jest wa\u017cniejsza w zastosowaniach dynamicznych ni\u017c statycznych.<br>\nNorma DIN EN ISO 4287 okre\u015bla typowe warto\u015bci parametr\u00f3w chropowato\u015bci powierzchni (Rz, Rt, Ra). Poniewa\u017c warto\u015bci te mog\u0105 by\u0107 w pewnych przypadkach niewystarczaj\u0105ce, definiowany jest r\u00f3wnie\u017c wska\u017anik udzia\u0142u materia\u0142u (Rmr).<br>\nUdzia\u0142 materia\u0142u (Rmr) ma decyduj\u0105ce znaczenie dla okre\u015blenia profilu stanu powierzchni. Zale\u017cy on r\u00f3wnie\u017c od warunk\u00f3w produkcji i obr\u00f3bki.\n<\/td>\n<\/tr>\n\n<tr>\n<td style=\"width: 200px; vertical-align: top; font-weight: bold; border-color: #FFFFFF;padding-top: 20px;\">\n\u00a0\n<\/td>\n<td colspan=\"2\" style=\"width: 560px; vertical-align: top; text-align: justify; border-top-color: white; padding-top: 0px; border-bottom: 1px solid #58B6FE;\">\n<img decoding=\"async\" style=\"text-align: left; max-width: 100%;\" src=\"https:\/\/fgti-distribution.fr\/wp-content\/themes\/twentyeleven\/images\/joint-etancheite-composite9.jpg\">\n<\/td>\n<\/tr>\n\n<tr>\n<td style=\"width: 200px; vertical-align: top; font-weight: bold; border-color: #FFFFFF;padding-top: 20px;\">\nOchrona przed ci\u015bnieniem hydrodynamicznym\n<\/td>\n<td style=\"padding-bottom: 20px; width: 280px; vertical-align: top; text-align: justify; border-bottom: 1px solid #58B6FE; border-top-color: white; padding-top: 20px; padding-right: 25px;\">\nPodczas prowadnic liniowych z niewielkim luzem mi\u0119dzy nieruchom\u0105 tulej\u0105 a ruchom\u0105 powierzchni\u0105 ciern\u0105, powstaje hydrodynamiczny pr\u0105d nap\u0119dowy p\u0142ynu.<br>\nJe\u015bli ten przep\u0142yw zostanie przerwany przez uszczelk\u0119, ci\u015bnienie wzro\u015bnie i zwi\u0119kszy ci\u015bnienie w skorelowanym systemie, a zw\u0142aszcza w przypadku \u00abd\u0142ugich\u00bb ruch\u00f3w.\n<\/td>\n<td style=\"padding-bottom: 20px; width: 280px; vertical-align: top; text-align: justify; border-bottom: 1px solid #58B6FE; border-top-color: white; padding-top: 20px; padding-left: 20px;\">\nDlatego te\u017c gniazdo uszczelki musi by\u0107 jak najwi\u0119ksze.<br>\nJe\u015bli to nie wystarczy, mo\u017cna zastosowa\u0107 rowek odp\u0142ywowy lub pier\u015bcienie prowadz\u0105ce MANOY z naci\u0119ciami albo ta\u015bmy prowadz\u0105ce.\nZapobiega to krytycznemu wzrostowi ci\u015bnienia na uszczelnieniu.\n<\/td>\n<\/tr>\n\n<tr>\n<td style=\"width: 200px; vertical-align: top; font-weight: bold; border-color: #FFFFFF;padding-top: 20px;\">\nPolerowanie, docieranie\n<\/td>\n<td style=\"padding-bottom: 20px; width: 280px; vertical-align: top; text-align: justify; border-bottom: 1px solid #58B6FE; border-top-color: white; padding-top: 20px; padding-right: 25px;\">\nPodczas docierania powierzchnia przeciwna jest polerowana przez uszczelnienia i elementy prowadz\u0105ce.<br>\nJednak\u017ce, szybkie ruchy o niewielkiej amplitudzie lub ruchy oscylacyjne mog\u0105 sprzyja\u0107 powstawaniu niepo\u017c\u0105danych bruzd zu\u017cycia.\n<\/td>\n<td style=\"padding-bottom: 20px; width: 280px; vertical-align: top; text-align: justify; border-bottom: 1px solid #58B6FE; border-top-color: white; padding-top: 20px; padding-left: 20px;\">\nDrgania zewn\u0119trzne mog\u0105 wywo\u0142a\u0107 ten sam efekt.<br>\nAby maksymalnie zapobiec przedwczesnemu zu\u017cyciu, powierzchnia przeciwna musi by\u0107 twarda.\n<\/td>\n<\/tr>\n\n<tr>\n<td style=\"width: 200px; vertical-align: top; font-weight: bold; border-color: #FFFFFF;padding-top: 20px;\">\nTwardo\u015b\u0107 powierzchni\nprzeciwleg\u0142ej\n<\/td>\n<td style=\"padding-bottom: 20px; width: 280px; vertical-align: top; text-align: justify; border-bottom: 1px solid #58B6FE; border-top-color: white; padding-top: 20px; padding-right: 25px;\">\nOg\u00f3lnie zu\u017cycie uszczelnie\u0144 jest mniejsze na twardych ni\u017c na mi\u0119kkich powierzchniach przeciwnych.<br>\nRyzyko zu\u017cycia przez powstawanie rowk\u00f3w kontaktowych jest szczeg\u00f3lnie wysokie w ruchu obrotowym.\n<\/td>\n<td style=\"padding-bottom: 20px; width: 280px; vertical-align: top; text-align: justify; border-bottom: 1px solid #58B6FE; border-top-color: white; padding-top: 20px; padding-left: 20px;\">\nJe\u015bli powierzchnie przeciwleg\u0142e nie s\u0105 wystarczaj\u0105co twarde, cz\u0105steczki wyrwane przez po\u0142\u0105czenie przyspiesz\u0105 uszkodzenia powierzchni ciernej. Ryzyko wycieku jest nieuniknione.<br>\nMinimalna twardo\u015b\u0107 dla ruchu liniowego musi wynosi\u0107 powy\u017cej 58HRC, a dla zastosowa\u0144 obrotowych powy\u017cej 62HRC.\n<\/td>\n<\/tr>\n\n<tr>\n<td style=\"width: 200px; vertical-align: top; font-weight: bold; border-color: #FFFFFF;padding-top: 20px;\">\nPrzewodnicy, \u015brodkowe\n<\/td>\n<td style=\"padding-bottom: 20px; width: 280px; vertical-align: top; text-align: justify; border-bottom: 1px solid #58B6FE; border-top-color: white; padding-top: 20px; padding-right: 25px;\">\nNale\u017cy unika\u0107 wszelkiego kontaktu metal-metal mi\u0119dzy t\u0142okiem, trzonem i cylindrem. Podczas pracy istniej\u0105ce rowki powi\u0119kszaj\u0105 si\u0119 i uszkadzaj\u0105 uszczelk\u0119, prowadnic\u0119 i zgarniacz. Wyciek pojawia si\u0119 wcze\u015bniej lub p\u00f3\u017aniej.<br>\nAni z\u0142\u0105cze, ani zgarniacz nie mog\u0105 pe\u0142ni\u0107 funkcji prowadz\u0105cych.<br>\nNale\u017cy zatem przewidzie\u0107 oddzielne elementy prowadz\u0105ce o odpowiednim zasi\u0119gu.\n<\/td>\n<td style=\"padding-bottom: 20px; width: 280px; vertical-align: top; text-align: justify; border-bottom: 1px solid #58B6FE; border-top-color: white; padding-top: 20px; padding-left: 20px;\">\n<img decoding=\"async\" style=\"text-align: left; max-width: 100%;\" src=\"https:\/\/fgti-distribution.fr\/wp-content\/themes\/twentyeleven\/images\/joint-etancheite-composite10.jpg\">\n<\/td>\n<\/tr>\n\n<tr>\n<td style=\"width: 200px; vertical-align: top; font-weight: bold; border-color: #FFFFFF;padding-top: 20px;\">\nSmarowanie,\npraca na sucho\n<\/td>\n<td style=\"padding-bottom: 20px; width: 280px; vertical-align: top; text-align: justify; border-bottom: 1px solid #58B6FE; border-top-color: white; padding-top: 20px; padding-right: 25px;\">\nPrawie wszystkie materia\u0142y IDG na bazie PTFE mog\u0105 pracowa\u0107 na sucho.<br>\nPraca na sucho skraca jednak \u017cywotno\u015b\u0107 systemu uszczelnienia\/powierzchni przeciwleg\u0142ej.<br>\nWykorzystanie filmu smarnego w obiegu zamkni\u0119tym w przestrzeni przeznaczonej na luz zmniejsza tarcie. Najmniejsze tarcie uzyskuje si\u0119 przy u\u017cyciu oleju smarowego lub hydraulicznego.\n<\/td>\n<td style=\"padding-bottom: 20px; width: 280px; vertical-align: top; text-align: justify; border-bottom: 1px solid #58B6FE; border-top-color: white; padding-top: 20px; padding-left: 20px;\">\nZastosowanie warstwy smarnej zmniejsza wzrost temperatury i wyd\u0142u\u017ca \u017cywotno\u015b\u0107 uszczelki.<br>\nDo zastosowa\u0144 na cylindrach pneumatycznych lub pr\u0119tach prowadz\u0105cych wystarczaj\u0105ce jest smarowanie podczas monta\u017cu. \n<\/td>\n<\/tr>\n\n<tr>\n<td style=\"width: 200px; vertical-align: top; font-weight: bold; border-color: #FFFFFF;padding-top: 20px;\">\nCz\u0105stki \u015bcierne\nw p\u0142ynie\n<\/td>\n<td style=\"padding-bottom: 20px; width: 280px; vertical-align: top; text-align: justify; border-bottom: 1px solid #58B6FE; border-top-color: white; padding-top: 20px; padding-right: 25px;\">\nCz\u0105steczki zazwyczaj nie s\u0105 g\u0142\u00f3wn\u0105 przyczyn\u0105 wycieku, ale powoduj\u0105 realne zu\u017cycie systemu uszczelnienia\/powierzchni przeciwleg\u0142ej i prowadz\u0105 do przedwczesnego uszkodzenia uszczelnienia. Decyduj\u0105cymi czynnikami zu\u017cycia systemu uszczelniaj\u0105cego s\u0105 wielko\u015b\u0107, ale tak\u017ce liczba zawartych w nim cz\u0105stek.<br>\nDzi\u0119ki filmowi smarnemu o grubo\u015bci 0,5 \u03bcm usuwane s\u0105 tylko drobne cz\u0105stki, wi\u0119ksze spowoduj\u0105 zu\u017cycie uszczelnienia i powierzchni przeciwbie\u017cnej.\n<\/td>\n<td style=\"padding-bottom: 20px; width: 280px; vertical-align: top; text-align: justify; border-bottom: 1px solid #58B6FE; border-top-color: white; padding-top: 20px; padding-left: 20px;\">\nDzi\u0119ki modyfikacjom wprowadzonym na wczesnym etapie (np. technika filtrowania) mo\u017cna zredukowa\u0107 liczb\u0119 cz\u0105stek.<br>\nNormy ISO 4406 i NAS 1638 s\u0142u\u017c\u0105 do kwalifikowania i kwantyfikowania czysto\u015bci p\u0142yn\u00f3w. \n<\/td>\n<\/tr>\n\n<\/tbody><\/table>\n\n<div style=\"text-align: right; font-size: 12px;\">\n<a href=\"#haut\" style=\"text-decoration: none; color: #AAAAAA;\">Nag\u0142\u00f3wek<\/a>\n<\/div>\n<\/div><\/div>\n<\/div>\n<\/div>\n<\/div>\n<\/div><\/div><\/div><\/div><\/div><\/div><\/div><\/div><!-- cell_inner --><\/div><!-- cell --><\/div><!-- port --><\/section>","protected":false},"excerpt":{"rendered":"","protected":false},"author":1,"featured_media":0,"parent":8,"menu_order":0,"comment_status":"closed","ping_status":"closed","template":"","meta":{"footnotes":""},"class_list":["post-1398","page","type-page","status-publish","hentry"],"yoast_head":"<!-- This site is optimized with the Yoast SEO plugin v27.3 - https:\/\/yoast.com\/product\/yoast-seo-wordpress\/ -->\n<title>FGTI Distribution - Montage des joints d&#039;\u00e9tanch\u00e9it\u00e9<\/title>\n<meta name=\"description\" content=\"Fiche produit IDG par FGTI distribution : les conditions g\u00e9n\u00e9rales de montage des joints d&#039;\u00e9tanch\u00e9it\u00e9 IDG\" \/>\n<meta name=\"robots\" content=\"index, follow, max-snippet:-1, max-image-preview:large, max-video-preview:-1\" \/>\n<link rel=\"canonical\" href=\"https:\/\/fgti-distribution.fr\/pl\/uszczelki\/montazowe-uszczelki\/\" \/>\n<meta property=\"og:locale\" content=\"pl_PL\" \/>\n<meta property=\"og:type\" content=\"article\" \/>\n<meta property=\"og:title\" content=\"FGTI Distribution - Montage des joints d&#039;\u00e9tanch\u00e9it\u00e9\" \/>\n<meta property=\"og:description\" content=\"Fiche produit IDG par FGTI distribution : les conditions g\u00e9n\u00e9rales de montage des joints d&#039;\u00e9tanch\u00e9it\u00e9 IDG\" \/>\n<meta property=\"og:url\" content=\"https:\/\/fgti-distribution.fr\/pl\/uszczelki\/montazowe-uszczelki\/\" \/>\n<meta property=\"og:site_name\" content=\"FGTI Distribution\" \/>\n<meta property=\"article:modified_time\" content=\"2023-07-05T12:12:45+00:00\" \/>\n<meta name=\"twitter:card\" content=\"summary_large_image\" \/>\n<meta name=\"twitter:label1\" content=\"Est. reading time\" \/>\n\t<meta name=\"twitter:data1\" content=\"1 minuta\" \/>\n<script type=\"application\/ld+json\" class=\"yoast-schema-graph\">{\"@context\":\"https:\\\/\\\/schema.org\",\"@graph\":[{\"@type\":\"WebPage\",\"@id\":\"https:\\\/\\\/fgti-distribution.fr\\\/joints-detancheite\\\/montage-joints-etancheite\\\/\",\"url\":\"https:\\\/\\\/fgti-distribution.fr\\\/joints-detancheite\\\/montage-joints-etancheite\\\/\",\"name\":\"FGTI Distribution - Montage des joints d'\u00e9tanch\u00e9it\u00e9\",\"isPartOf\":{\"@id\":\"https:\\\/\\\/fgti-distribution.fr\\\/#website\"},\"datePublished\":\"2012-12-07T17:10:29+00:00\",\"dateModified\":\"2023-07-05T12:12:45+00:00\",\"description\":\"Fiche produit IDG par FGTI distribution : les conditions g\u00e9n\u00e9rales de montage des joints d'\u00e9tanch\u00e9it\u00e9 IDG\",\"breadcrumb\":{\"@id\":\"https:\\\/\\\/fgti-distribution.fr\\\/joints-detancheite\\\/montage-joints-etancheite\\\/#breadcrumb\"},\"inLanguage\":\"pl-PL\",\"potentialAction\":[{\"@type\":\"ReadAction\",\"target\":[\"https:\\\/\\\/fgti-distribution.fr\\\/joints-detancheite\\\/montage-joints-etancheite\\\/\"]}]},{\"@type\":\"BreadcrumbList\",\"@id\":\"https:\\\/\\\/fgti-distribution.fr\\\/joints-detancheite\\\/montage-joints-etancheite\\\/#breadcrumb\",\"itemListElement\":[{\"@type\":\"ListItem\",\"position\":1,\"name\":\"Home\",\"item\":\"https:\\\/\\\/fgti-distribution.fr\\\/\"},{\"@type\":\"ListItem\",\"position\":2,\"name\":\"Joints d&rsquo;\u00e9tanch\u00e9it\u00e9\",\"item\":\"https:\\\/\\\/fgti-distribution.fr\\\/joints-detancheite\\\/\"},{\"@type\":\"ListItem\",\"position\":3,\"name\":\"Conditions g\u00e9n\u00e9rales de montage\"}]},{\"@type\":\"WebSite\",\"@id\":\"https:\\\/\\\/fgti-distribution.fr\\\/#website\",\"url\":\"https:\\\/\\\/fgti-distribution.fr\\\/\",\"name\":\"FGTI Distribution\",\"description\":\"Pi\u00e8ces techniques et services \u00e0 forte valeur ajout\u00e9e\",\"publisher\":{\"@id\":\"https:\\\/\\\/fgti-distribution.fr\\\/#organization\"},\"alternateName\":\"FGTI Distribution\",\"potentialAction\":[{\"@type\":\"SearchAction\",\"target\":{\"@type\":\"EntryPoint\",\"urlTemplate\":\"https:\\\/\\\/fgti-distribution.fr\\\/?s={search_term_string}\"},\"query-input\":{\"@type\":\"PropertyValueSpecification\",\"valueRequired\":true,\"valueName\":\"search_term_string\"}}],\"inLanguage\":\"pl-PL\"},{\"@type\":\"Organization\",\"@id\":\"https:\\\/\\\/fgti-distribution.fr\\\/#organization\",\"name\":\"FGTI Distribution\",\"alternateName\":\"FGTI Distribution\",\"url\":\"https:\\\/\\\/fgti-distribution.fr\\\/\",\"logo\":{\"@type\":\"ImageObject\",\"inLanguage\":\"pl-PL\",\"@id\":\"https:\\\/\\\/fgti-distribution.fr\\\/#\\\/schema\\\/logo\\\/image\\\/\",\"url\":\"https:\\\/\\\/fgti-distribution.fr\\\/wp-content\\\/uploads\\\/2022\\\/12\\\/logo.png\",\"contentUrl\":\"https:\\\/\\\/fgti-distribution.fr\\\/wp-content\\\/uploads\\\/2022\\\/12\\\/logo.png\",\"width\":500,\"height\":228,\"caption\":\"FGTI Distribution\"},\"image\":{\"@id\":\"https:\\\/\\\/fgti-distribution.fr\\\/#\\\/schema\\\/logo\\\/image\\\/\"},\"sameAs\":[\"https:\\\/\\\/www.linkedin.com\\\/company\\\/fgti-distribution\\\/\"]}]}<\/script>\n<!-- \/ Yoast SEO plugin. -->","yoast_head_json":{"title":"FGTI Distribution - Monta\u017c uszczelek","description":"Karta produktu IDG by FGTI distribution: og\u00f3lne warunki monta\u017cu uszczelek IDG","robots":{"index":"index","follow":"follow","max-snippet":"max-snippet:-1","max-image-preview":"max-image-preview:large","max-video-preview":"max-video-preview:-1"},"canonical":"https:\/\/fgti-distribution.fr\/pl\/uszczelki\/montazowe-uszczelki\/","og_locale":"pl_PL","og_type":"article","og_title":"FGTI Distribution - Montage des joints d'\u00e9tanch\u00e9it\u00e9","og_description":"Fiche produit IDG par FGTI distribution : les conditions g\u00e9n\u00e9rales de montage des joints d'\u00e9tanch\u00e9it\u00e9 IDG","og_url":"https:\/\/fgti-distribution.fr\/pl\/uszczelki\/montazowe-uszczelki\/","og_site_name":"FGTI Distribution","article_modified_time":"2023-07-05T12:12:45+00:00","twitter_card":"summary_large_image","twitter_misc":{"Est. reading time":"1 minuta"},"schema":{"@context":"https:\/\/schema.org","@graph":[{"@type":"WebPage","@id":"https:\/\/fgti-distribution.fr\/joints-detancheite\/montage-joints-etancheite\/","url":"https:\/\/fgti-distribution.fr\/joints-detancheite\/montage-joints-etancheite\/","name":"FGTI Distribution - Monta\u017c uszczelek","isPartOf":{"@id":"https:\/\/fgti-distribution.fr\/#website"},"datePublished":"2012-12-07T17:10:29+00:00","dateModified":"2023-07-05T12:12:45+00:00","description":"Karta produktu IDG by FGTI distribution: og\u00f3lne warunki monta\u017cu uszczelek IDG","breadcrumb":{"@id":"https:\/\/fgti-distribution.fr\/joints-detancheite\/montage-joints-etancheite\/#breadcrumb"},"inLanguage":"pl-PL","potentialAction":[{"@type":"ReadAction","target":["https:\/\/fgti-distribution.fr\/joints-detancheite\/montage-joints-etancheite\/"]}]},{"@type":"BreadcrumbList","@id":"https:\/\/fgti-distribution.fr\/joints-detancheite\/montage-joints-etancheite\/#breadcrumb","itemListElement":[{"@type":"ListItem","position":1,"name":"Home","item":"https:\/\/fgti-distribution.fr\/"},{"@type":"ListItem","position":2,"name":"Joints d&rsquo;\u00e9tanch\u00e9it\u00e9","item":"https:\/\/fgti-distribution.fr\/joints-detancheite\/"},{"@type":"ListItem","position":3,"name":"Conditions g\u00e9n\u00e9rales de montage"}]},{"@type":"WebSite","@id":"https:\/\/fgti-distribution.fr\/#website","url":"https:\/\/fgti-distribution.fr\/","name":"Dystrybucja FGTI","description":"Cz\u0119\u015bci techniczne i us\u0142ugi o wysokiej warto\u015bci dodanej","publisher":{"@id":"https:\/\/fgti-distribution.fr\/#organization"},"alternateName":"FGTI Distribution","potentialAction":[{"@type":"SearchAction","target":{"@type":"EntryPoint","urlTemplate":"https:\/\/fgti-distribution.fr\/?s={search_term_string}"},"query-input":{"@type":"PropertyValueSpecification","valueRequired":true,"valueName":"search_term_string"}}],"inLanguage":"pl-PL"},{"@type":"Organization","@id":"https:\/\/fgti-distribution.fr\/#organization","name":"Dystrybucja FGTI","alternateName":"FGTI Distribution","url":"https:\/\/fgti-distribution.fr\/","logo":{"@type":"ImageObject","inLanguage":"pl-PL","@id":"https:\/\/fgti-distribution.fr\/#\/schema\/logo\/image\/","url":"https:\/\/fgti-distribution.fr\/wp-content\/uploads\/2022\/12\/logo.png","contentUrl":"https:\/\/fgti-distribution.fr\/wp-content\/uploads\/2022\/12\/logo.png","width":500,"height":228,"caption":"FGTI Distribution"},"image":{"@id":"https:\/\/fgti-distribution.fr\/#\/schema\/logo\/image\/"},"sameAs":["https:\/\/www.linkedin.com\/company\/fgti-distribution\/"]}]}},"_links":{"self":[{"href":"https:\/\/fgti-distribution.fr\/pl\/wp-json\/wp\/v2\/pages\/1398","targetHints":{"allow":["GET"]}}],"collection":[{"href":"https:\/\/fgti-distribution.fr\/pl\/wp-json\/wp\/v2\/pages"}],"about":[{"href":"https:\/\/fgti-distribution.fr\/pl\/wp-json\/wp\/v2\/types\/page"}],"author":[{"embeddable":true,"href":"https:\/\/fgti-distribution.fr\/pl\/wp-json\/wp\/v2\/users\/1"}],"replies":[{"embeddable":true,"href":"https:\/\/fgti-distribution.fr\/pl\/wp-json\/wp\/v2\/comments?post=1398"}],"version-history":[{"count":8,"href":"https:\/\/fgti-distribution.fr\/pl\/wp-json\/wp\/v2\/pages\/1398\/revisions"}],"predecessor-version":[{"id":7994,"href":"https:\/\/fgti-distribution.fr\/pl\/wp-json\/wp\/v2\/pages\/1398\/revisions\/7994"}],"up":[{"embeddable":true,"href":"https:\/\/fgti-distribution.fr\/pl\/wp-json\/wp\/v2\/pages\/8"}],"wp:attachment":[{"href":"https:\/\/fgti-distribution.fr\/pl\/wp-json\/wp\/v2\/media?parent=1398"}],"curies":[{"name":"wp","href":"https:\/\/api.w.org\/{rel}","templated":true}]}}