{"id":1470,"date":"2012-12-13T16:41:27","date_gmt":"2012-12-13T16:41:27","guid":{"rendered":"https:\/\/fgti-distribution.fr\/?page_id=1470"},"modified":"2023-07-05T12:13:35","modified_gmt":"2023-07-05T12:13:35","slug":"instrukcja-montazu-uszczelnienia-polaczenia","status":"publish","type":"page","link":"https:\/\/fgti-distribution.fr\/pl\/joints-detancheite\/joint-etancheite-instructions-de-montage\/","title":{"rendered":"Instrukcja monta\u017cu"},"content":{"rendered":"<section id=\"bt_bb_section69f17c4acc008\" class=\"bt_bb_section bt_bb_layout_boxed_1200\"  data-bt-override-class=\"null\"><div class=\"bt_bb_port\"><div class=\"bt_bb_cell\"><div class=\"bt_bb_cell_inner\"><div class=\"bt_bb_row\"  data-bt-override-class=\"{}\"><div class=\"bt_bb_row_holder\" ><div  class=\"bt_bb_column col-xxl-12 col-xl-12 col-xs-12 col-sm-12 col-md-12 col-lg-12 bt_bb_vertical_align_top bt_bb_align_left bt_bb_padding_normal\" style=\"; --column-width:12;\" data-width=\"12\" data-bt-override-class=\"{}\"><div class=\"bt_bb_column_content\"><div class=\"bt_bb_column_content_inner\"><div class=\"bt_bb_raw_content\"><div class=\"bt_bb_wrapper\"><div id=\"pl-1470\" class=\"panel-layout\">\n<div id=\"pg-1470-0\" class=\"panel-grid panel-no-style\">\n<div id=\"pgc-1470-0-0\" class=\"panel-grid-cell\" data-weight=\"1\">\n<div id=\"panel-1470-0-0-0\" class=\"so-panel widget widget_custom_html panel-first-child panel-last-child\" data-index=\"0\" data-style=\"{\"background_image_attachment\":false,\"background_display\":\"tile\"}\"><div class=\"textwidget custom-html-widget\"><div style=\"color: #BABABA; font-size: 12px;\">FGTI-Distribution &gt; Uszczelki &gt; Instrukcja monta\u017cu<\/div>\n<br><br>\n<table style=\"font-size: 12px; border: none; width: 100%;\">\n<tbody><tr>\n<td colspan=\"2\" style=\"font-size: 22px; vertical-align: top; font-weight: bold; border-bottom: 1px solid #58B6FE; border-top-color: white;\">\nInstrukcja monta\u017cu\n<\/td>\n<td style=\"text-align: right; border-bottom: 1px solid #58B6FE; border-top-color: white;\">\n<a target=\"_blank\" href=\"https:\/\/fgti-distribution.fr\/pl\/wp-content\/themes\/twentyeleven\/images\/FGTI-Distribution_IDG-Instructions-de-montage-2019.pdf\/\" rel=\"noopener\"><img decoding=\"async\" src=\"https:\/\/fgti-distribution.fr\/wp-content\/themes\/twentyeleven\/images\/pdficon_large.png\"><\/a>\n<\/td>\n<\/tr>\n\n<tr>\n<td style=\"width: 200px; vertical-align: top; font-weight: bold; border-color: #FFFFFF;padding-top: 20px;\">\nWarunki wst\u0119pne monta\u017cu\n<\/td>\n<td style=\"padding-bottom: 20px; width: 280px; vertical-align: top; text-align: justify; border-bottom: 1px solid #58B6FE; border-top-color: white; padding-top: 20px; padding-right: 25px;\">\nFazowania wej\u015bciowe trzpieni, wa\u0142\u00f3w i otwor\u00f3w musz\u0105 by\u0107 obrobione zgodnie z w\u0142asnymi konfiguracjami monta\u017cu ka\u017cdego typu profilu uszczelniaj\u0105cego.<br>\nElementy uszczelniaj\u0105ce i zgarniacze z materia\u0142u kompozytowego lub elastomerowego nie mog\u0105 by\u0107 przechodzone przez ostre kraw\u0119dzie, gwinty, otwory poprzeczne, rowki ani chropowate powierzchnie.\n<\/td>\n<td style=\"padding-bottom: 20px; width: 280px; vertical-align: top; text-align: justify; border-bottom: 1px solid #58B6FE; border-top-color: white; padding-top: 20px; padding-left: 20px;\">\nNale\u017cy to absolutnie zweryfikowa\u0107 ju\u017c na etapie projektowania i dopilnowa\u0107 podczas monta\u017cu.<br>\nJe\u015bli nie zosta\u0142o to uwzgl\u0119dnione, powierzchnie, kt\u00f3re mog\u0142yby uszkodzi\u0107 uszczelki lub zgarniacze, musz\u0105 zosta\u0107 zakryte podczas monta\u017cu.\n<\/td>\n<\/tr>\n\n<tr>\n<td style=\"width: 200px; vertical-align: top; font-weight: bold; border-color: #FFFFFF;padding-top: 20px;\">\nInstrukcja monta\u017cu\n<\/td>\n<td style=\"padding-bottom: 20px; width: 280px; vertical-align: top; text-align: justify; border-bottom: 1px solid #58B6FE; border-top-color: white; padding-top: 20px; padding-right: 25px;\">\nPrzed monta\u017cem nale\u017cy oczy\u015bci\u0107 elementy monta\u017cowe i narz\u0119dzia.<br>\nNie u\u017cywa\u0107 narz\u0119dzi o ostrych kraw\u0119dziach podczas monta\u017cu. Nale\u017cy r\u00f3wnie\u017c przestrzega\u0107 kierunku u\u017cytkowania uszczelek przy monta\u017cu jednostronnego dzia\u0142ania.<br>\nPier\u015bcienie uszczelniaj\u0105ce i zgarniacze mog\u0105 by\u0107 smarowane smarem lub olejem.<br>\nNie u\u017cywa\u0107 olej\u00f3w ani smar\u00f3w mineralnych, wy\u0142\u0105cznie olej silikonowy do cz\u0119\u015bci elastomerowych i uszczelek typu O-ring wykonanych z EPDM, SBR, IIR lub CR.\n<\/td>\n<td style=\"padding-bottom: 20px; width: 280px; vertical-align: top; text-align: justify; border-bottom: 1px solid #58B6FE; border-top-color: white; padding-top: 20px; padding-left: 20px;\">\nW przypadku uszczelnie\u0144 trzonk\u00f3w (szczeg\u00f3lnie dla profili 231, 233, 234 i 238) nale\u017cy zwr\u00f3ci\u0107 uwag\u0119 na odt\u0142uszczenie rowka. Podczas monta\u017cu na rowku ani pomi\u0119dzy o-ringiem a uszczelk\u0105 nie mo\u017ce by\u0107 \u017cadnych \u015blad\u00f3w smaru ani oleju.<br>\nPo zako\u0144czeniu monta\u017cu i przy pierwszych ruchach, powierzchnie styku mi\u0119dzy uszczelk\u0105 a powierzchni\u0105 przeciwn\u0105 mog\u0105 by\u0107 naoliwione lub nasmarowane w celu zmniejszenia tarcia.<br>\nKalibracj\u0119 mo\u017cna r\u00f3wnie\u017c przeprowadzi\u0107 za pomoc\u0105 przeciwleg\u0142ej powierzchni tarcia (tulei lub trzpienia). W tym przypadku wymagane jest odpowiednio wymiarowane fazowanie wej\u015bciowe.<br>\nJe\u015bli u\u017cywa si\u0119 olej\u00f3w lub smar\u00f3w, nale\u017cy zwr\u00f3ci\u0107 uwag\u0119 na zgodno\u015b\u0107 materia\u0142\u00f3w.\n<\/td>\n<\/tr>\n\n<tr>\n<td style=\"width: 200px; vertical-align: top; font-weight: bold; border-color: #FFFFFF;padding-top: 20px;\">\nMonta\u017c element\u00f3w uszczelniaj\u0105cych zewn\u0119trznych w zamkni\u0119tych rowkach.\n<\/td>\n<td style=\"padding-bottom: 20px; width: 280px; vertical-align: top; text-align: justify; border-bottom: 1px solid #58B6FE; border-top-color: white; padding-top: 20px; padding-right: 25px;\">\nPodczas monta\u017cu uszczelnie\u0144 z wst\u0119pnym napr\u0119\u017ceniem za pomoc\u0105 O-ringu w zamkni\u0119tym rowku, najpierw nale\u017cy wprowadzi\u0107 O-ring do rowka, a nast\u0119pnie zamontowa\u0107 pier\u015bcie\u0144 uszczelniaj\u0105cy.\n<\/td>\n<td style=\"padding-bottom: 20px; width: 280px; vertical-align: top; text-align: justify; border-bottom: 1px solid #58B6FE; border-top-color: white; padding-top: 20px; padding-left: 20px;\">\nW przypadku uszczelnie\u0144 profili 314 i 354 sensowne mo\u017ce by\u0107 jednoczesne zamontowanie w jednym etapie zar\u00f3wno uszczelki typu O-ring, jak i pier\u015bcienia uszczelniaj\u0105cego.<br>\nW przypadku uszczelnie\u0144 kompozytowych zaleca si\u0119 stosowanie narz\u0119dzi monta\u017cowych.\n<\/td>\n<\/tr>\n\n\n<tr>\n<td style=\"width: 200px; vertical-align: top; font-weight: bold; border-color: #FFFFFF;padding-top: 20px;\">\nBez narz\u0119dzi monta\u017cowych\n<\/td>\n<td style=\"padding-bottom: 20px; width: 280px; vertical-align: top; text-align: justify; border-bottom: 1px solid #58B6FE; border-top-color: white; padding-top: 20px; padding-right: 25px;\">\nJe\u015bli sfazowania wlotowe t\u0142ok\u00f3w s\u0105 odpowiednio wymiarowane, pier\u015bcie\u0144 uszczelniaj\u0105cy mo\u017cna zamontowa\u0107 bezpo\u015brednio. Pier\u015bcienie uszczelniaj\u0105ce \u0142atwiej si\u0119 montuje, je\u015bli s\u0105 wcze\u015bniej podgrzane w oleju, wodzie lub w piecu do oko\u0142o 80\/100 stopni. Nale\u017cy przestrzega\u0107 maksymalnych limit\u00f3w temperatury u\u017cytych materia\u0142\u00f3w.\n<\/td>\n<td style=\"padding-bottom: 20px; width: 280px; vertical-align: top; text-align: justify; border-bottom: 1px solid #58B6FE; border-top-color: white; padding-top: 20px; padding-left: 20px;\">\nKalibracja z\u0142\u0105cza odbywa si\u0119 za pomoc\u0105 tulei kalibracyjnej lub cylindrycznej rury.<br>\nDlatego odpowiednio du\u017cy fazowanie wprowadzaj\u0105ce jest konieczno\u015bci\u0105. Wymiary odpowiedniego fazowania wprowadzaj\u0105cego podane s\u0105 w specyfikacji monta\u017cowej danego uszczelnienia.\n<\/td>\n<\/tr>\n\n<tr>\n<td style=\"width: 200px; vertical-align: top; font-weight: bold; border-color: #FFFFFF;padding-top: 20px;\">\nZ narz\u0119dziem monta\u017cowym\n<\/td>\n<td style=\"padding-bottom: 0px; width: 280px; vertical-align: top; text-align: justify; border-bottom: none; border-top-color: white; padding-top: 20px; padding-right: 25px;\">\nDo monta\u017cu profili uszczelniaj\u0105cych zewn\u0119trznych nale\u017cy u\u017cywa\u0107 specjalnych narz\u0119dzi monta\u017cowych, sk\u0142adaj\u0105cych si\u0119 z sto\u017cka monta\u017cowego, trzpienia dystansowego i tulei kalibracyjnej.<br>\nAby unikn\u0105\u0107 uszkodzenia uszczelek i element\u00f3w konstrukcyjnych, narz\u0119dzia monta\u017cowe powinny by\u0107 wykonane z tworzywa sztucznego o dobrym wsp\u00f3\u0142czynniku tarcia, takiego jak poliamid, POM. Podczas monta\u017cu pier\u015bcie\u0144 uszczelniaj\u0105cy powinien by\u0107 rozszerzany jak najmniej i tylko kr\u00f3tkotrwale.\n<\/td>\n<td style=\"padding-bottom: 0px; width: 280px; vertical-align: top; text-align: justify; border-bottom: none; border-top-color: white; padding-top: 20px; padding-left: 20px;\">\nDlatego te\u017c nale\u017cy zastosowa\u0107 sto\u017cek monta\u017cowy o cienkich \u015bciankach.<br>\nIm szybciej nast\u0105pi monta\u017c, tym szybciej pier\u015bcie\u0144 uszczelniaj\u0105cy powr\u00f3ci do swojego wymiaru w rowku. Je\u015bli rozszerzalno\u015b\u0107 zwi\u0105zana z monta\u017cem nie cofnie si\u0119 wystarczaj\u0105co szybko, nale\u017cy ponownie skalibrowa\u0107 uszczelk\u0119 za pomoc\u0105 tulei kalibracyjnej.<br>\nJe\u015bli fazowanie wej\u015bciowe jest wystarczaj\u0105co d\u0142ugie, monta\u017c mo\u017cna przeprowadzi\u0107 bez wst\u0119pnego kalibrowania.\n<\/td>\n<\/tr>\n<tr>\n<td colspan=\"2\" style=\"padding-bottom: 20px; width: 480px; vertical-align: top; text-align: justify; border-top-color: white; padding-top: 0px; border-bottom: 1px solid #58B6FE;\">\n<img decoding=\"async\" style=\"text-align: left; max-width: 100%;\" src=\"https:\/\/fgti-distribution.fr\/wp-content\/themes\/twentyeleven\/images\/joint-etancheite-composite11.jpg\">\n<\/td>\n<td style=\"padding-bottom: 20px; width: 280px; vertical-align: top; text-align: justify; border-bottom: 1px solid #58B6FE; border-top-color: white; padding-top: 0px; padding-left: 20px;\">\nMonta\u017c i kalibracja element\u00f3w z zewn\u0119trznymi uszczelnieniami przy u\u017cyciu specjalistycznych narz\u0119dzi monta\u017cowych.\n<\/td>\n<\/tr>\n<tr>\n<td style=\"width: 200px; vertical-align: top; font-weight: bold; border-color: #FFFFFF;padding-top: 20px;\">\nMonta\u017c element\u00f3w uszczelniaj\u0105cych zewn\u0119trznych\nw rowkach zamkni\u0119tych\n<\/td>\n<td style=\"padding-bottom: 20px; width: 280px; vertical-align: top; text-align: justify; border-bottom: 1px solid #58B6FE; border-top-color: white; padding-top: 20px; padding-right: 25px;\">\nPodczas monta\u017cu uszczelnie\u0144 z napr\u0119\u017ceniem wst\u0119pnym za pomoc\u0105 uszczelki typu o-ring w zamkni\u0119tym rowku, najpierw wprowadza si\u0119 uszczelk\u0119 typu o-ring do rowka uszczelniaj\u0105cego, a nast\u0119pnie pier\u015bcie\u0144 uszczelniaj\u0105cy.<br>\nDla uszczelnie\u0144 profili 316 i 356, mo\u017ce by\u0107 interesuj\u0105ce zamontowanie razem O-ringu i pier\u015bcienia uszczelniaj\u0105cego podczas monta\u017cu.\n<\/td>\n<td style=\"padding-bottom: 20px; width: 280px; vertical-align: top; text-align: justify; border-bottom: 1px solid #58B6FE; border-top-color: white; padding-top: 20px; padding-left: 20px;\">\nW przypadku uszczelnie\u0144 kompozytowych zaleca si\u0119 stosowanie narz\u0119dzi monta\u017cowych.\n<\/td>\n<\/tr>\n\n<tr>\n<td style=\"width: 200px; vertical-align: top; font-weight: bold; border-color: #FFFFFF;padding-top: 20px;\">\nBez narz\u0119dzi monta\u017cowych\n(sk\u0142adanie na p\u00f3\u0142)\n<\/td>\n<td style=\"padding-bottom: 20px; width: 280px; vertical-align: top; text-align: justify; border-bottom: 1px solid #58B6FE; border-top-color: white; padding-top: 20px; padding-right: 25px;\">\nUszczelki o du\u017cej \u015brednicy wewn\u0119trznej mo\u017cna zamontowa\u0107 bez u\u017cycia narz\u0119dzi monta\u017cowych.<br>\nMonta\u017c rozpocznij od pier\u015bcienia uszczelniaj\u0105cego. Nast\u0119pnie zegnij pier\u015bcie\u0144 uszczelniaj\u0105cy \u00abna p\u00f3\u0142\u00bb unikaj\u0105c zagi\u0119\u0107. W tej formie pier\u015bcie\u0144 mo\u017cna \u0142atwo zamontowa\u0107 w rowku.<br>\n\u00abSerce\u00bb jest rozk\u0142adane, aby zaj\u0105\u0107 swoje miejsce w gardzieli. Ostateczne kalibrowanie odbywa si\u0119 za pomoc\u0105 trzpienia kalibruj\u0105cego lub pr\u0119ta, je\u015bli fazowania s\u0105 wystarczaj\u0105ce.<br>\nNale\u017cy unika\u0107 \u00abfa\u0142dowania szcz\u0105tkowego\u00bb, kt\u00f3re by\u0142oby szczeg\u00f3lnie niekorzystne przy ma\u0142ych \u015brednicach i niskim ci\u015bnieniu i mog\u0142oby spowodowa\u0107 wycieki.\n<\/td>\n<td style=\"padding-bottom: 20px; width: 280px; vertical-align: top; text-align: justify; border-bottom: 1px solid #58B6FE; border-top-color: white; padding-top: 20px; padding-left: 20px;\">\n<img decoding=\"async\" style=\"margin-top: 61px; text-align: left; max-width: 100%;\" src=\"https:\/\/fgti-distribution.fr\/wp-content\/themes\/twentyeleven\/images\/joint-etancheite-composite12.jpg\">\nSk\u0142adanie w serce do monta\u017cu\n<\/td>\n<\/tr>\n\n\n<tr>\n<td style=\"width: 200px; vertical-align: top; font-weight: bold; border-color: #FFFFFF;padding-top: 20px;\">\nZ narz\u0119dziami do monta\u017cu\n<\/td>\n<td style=\"padding-bottom: 20px; width: 280px; vertical-align: top; text-align: justify; border-bottom: 1px solid #58B6FE; border-top-color: white; padding-top: 20px; padding-right: 25px;\">\nDo monta\u017cu element\u00f3w uszczelniaj\u0105cych wewn\u0119trznych zaleca si\u0119 stosowanie urz\u0105dzenia monta\u017cowego sk\u0142adaj\u0105cego si\u0119 z tulei monta\u017cowej, stempla i trzpienia kalibruj\u0105cego.<br>\nAby unikn\u0105\u0107 uszkodzenia uszczelek i element\u00f3w konstrukcyjnych, narz\u0119dzia monta\u017cowe wykonane b\u0119d\u0105 z tworzywa sztucznego o dobrym wsp\u00f3\u0142czynniku tarcia, takiego jak poliamid, POM. \n<img decoding=\"async\" style=\"margin-top: 61px; text-align: left; max-width: 100%;\" src=\"https:\/\/fgti-distribution.fr\/wp-content\/themes\/twentyeleven\/images\/joint-etancheite-composite13.jpg\">\n<\/td>\n<td style=\"padding-bottom: 20px; width: 280px; vertical-align: top; text-align: justify; border-bottom: 1px solid #58B6FE; border-top-color: white; padding-top: 20px; padding-left: 20px;\">\nPodczas monta\u017cu pier\u015bcie\u0144 uszczelniaj\u0105cy musi by\u0107 jak najmniej rozci\u0105gni\u0119ty i tylko na kr\u00f3tko. Z tego powodu nale\u017cy u\u017cy\u0107 sto\u017cka monta\u017cowego o cienkich \u015bciankach.<br>\nIm szybciej monta\u017c, tym szybciej pier\u015bcie\u0144 uszczelniaj\u0105cy powr\u00f3ci do profilu w rowku. Je\u015bli uszczelka wystaje z gniazda zbyt daleko, nale\u017cy skalibrowa\u0107 uszczelk\u0119 za pomoc\u0105 trzpienia kalibruj\u0105cego.<br>\nJe\u015bli fazowanie wej\u015bciowe jest wystarczaj\u0105co d\u0142ugie, monta\u017c mo\u017cna przeprowadzi\u0107 bez wst\u0119pnego kalibrowania. \n<span style=\"font-size: 8px;\">\nMonta\u017c i kalibracja wewn\u0119trznych element\u00f3w uszczelniaj\u0105cych za pomoc\u0105 odpowiednich narz\u0119dzi monta\u017cowych\n<\/span>\n<\/td>\n<\/tr>\n\n<tr>\n<td style=\"width: 200px; vertical-align: top; font-weight: bold; border-color: #FFFFFF;padding-top: 20px;\">\nNarz\u0119dzia monta\u017cowe\n<\/td>\n<td style=\"padding-bottom: 20px; width: 280px; vertical-align: top; text-align: justify; border-bottom: 1px solid #58B6FE; border-top-color: white; padding-top: 20px; padding-right: 25px;\">\nZe wzgl\u0119du na specyfik\u0119 warunk\u00f3w monta\u017cu dla ka\u017cdej aplikacji i profili uszczelek, narz\u0119dzia monta\u017cowe nie mog\u0105 by\u0107 dostarczane z fabryki.\n<\/td>\n<td style=\"padding-bottom: 20px; width: 280px; vertical-align: top; text-align: justify; border-bottom: 1px solid #58B6FE; border-top-color: white; padding-top: 20px; padding-left: 20px;\">\nNarz\u0119dzia monta\u017cowe mo\u017cna wykona\u0107 na zam\u00f3wienie. W takim przypadku niezb\u0119dny jest plan og\u00f3lny.\n<\/td>\n<\/tr>\n\n<tr>\n<td style=\"width: 200px; vertical-align: top; font-weight: bold; border-color: #FFFFFF;padding-top: 20px;\">\nMonta\u017c otwartych koryt kablowych\n<\/td>\n<td style=\"padding-bottom: 20px; width: 280px; vertical-align: top; text-align: justify; border-bottom: 1px solid #58B6FE; border-top-color: white; padding-top: 20px; padding-right: 25px;\">\nMonta\u017c w otwartych rowkach jest preferowany, poniewa\u017c zapobiega deformacji uszczelki.\n<\/td>\n<td style=\"padding-bottom: 20px; width: 280px; vertical-align: top; text-align: justify; border-bottom: 1px solid #58B6FE; border-top-color: white; padding-top: 20px; padding-left: 20px;\">\nW przypadku po\u0142\u0105cze\u0144 ko\u0142nierzowych lub spr\u0119\u017cystych monta\u017c w otwartych rowkach jest niezb\u0119dny.\n<\/td>\n<\/tr>\n\n<\/tbody><\/table>\n\n\n\n<div style=\"margin-top: 20px; text-align: right; font-size: 12px;\">\n<a href=\"#haut\" style=\"text-decoration: none; color: #AAAAAA;\">Nag\u0142\u00f3wek<\/a>\n<\/div><\/div><\/div>\n<\/div>\n<\/div>\n<\/div>\n<\/div><\/div><\/div><\/div><\/div><\/div><\/div><\/div><!-- cell_inner --><\/div><!-- cell --><\/div><!-- port --><\/section>","protected":false},"excerpt":{"rendered":"","protected":false},"author":1,"featured_media":0,"parent":8,"menu_order":0,"comment_status":"closed","ping_status":"closed","template":"","meta":{"footnotes":""},"class_list":["post-1470","page","type-page","status-publish","hentry"],"yoast_head":"<!-- This site is optimized with the Yoast SEO plugin v27.3 - https:\/\/yoast.com\/product\/yoast-seo-wordpress\/ -->\n<title>FGTI Distribution - Instructions de montage des joints d\u2019\u00e9tanch\u00e9it\u00e9<\/title>\n<meta name=\"description\" content=\"Fiche produit IDG par FGTI distribution : les instructions de montage des joints d\u2019\u00e9tanch\u00e9it\u00e9\" \/>\n<meta name=\"robots\" content=\"index, follow, max-snippet:-1, max-image-preview:large, max-video-preview:-1\" \/>\n<link rel=\"canonical\" href=\"https:\/\/fgti-distribution.fr\/pl\/uszczelki\/instrukcja-montazu-uszczelnienia-polaczenia\/\" \/>\n<meta property=\"og:locale\" content=\"pl_PL\" \/>\n<meta property=\"og:type\" content=\"article\" \/>\n<meta property=\"og:title\" content=\"FGTI Distribution - Instructions de montage des joints d\u2019\u00e9tanch\u00e9it\u00e9\" \/>\n<meta property=\"og:description\" content=\"Fiche produit IDG par FGTI distribution : les instructions de montage des joints d\u2019\u00e9tanch\u00e9it\u00e9\" \/>\n<meta property=\"og:url\" content=\"https:\/\/fgti-distribution.fr\/pl\/uszczelki\/instrukcja-montazu-uszczelnienia-polaczenia\/\" \/>\n<meta property=\"og:site_name\" content=\"FGTI Distribution\" \/>\n<meta property=\"article:modified_time\" content=\"2023-07-05T12:13:35+00:00\" \/>\n<meta name=\"twitter:card\" content=\"summary_large_image\" \/>\n<meta name=\"twitter:label1\" content=\"Est. reading time\" \/>\n\t<meta name=\"twitter:data1\" content=\"1 minuta\" \/>\n<script type=\"application\/ld+json\" class=\"yoast-schema-graph\">{\"@context\":\"https:\\\/\\\/schema.org\",\"@graph\":[{\"@type\":\"WebPage\",\"@id\":\"https:\\\/\\\/fgti-distribution.fr\\\/joints-detancheite\\\/joint-etancheite-instructions-de-montage\\\/\",\"url\":\"https:\\\/\\\/fgti-distribution.fr\\\/joints-detancheite\\\/joint-etancheite-instructions-de-montage\\\/\",\"name\":\"FGTI Distribution - Instructions de montage des joints d\u2019\u00e9tanch\u00e9it\u00e9\",\"isPartOf\":{\"@id\":\"https:\\\/\\\/fgti-distribution.fr\\\/#website\"},\"datePublished\":\"2012-12-13T16:41:27+00:00\",\"dateModified\":\"2023-07-05T12:13:35+00:00\",\"description\":\"Fiche produit IDG par FGTI distribution : les instructions de montage des joints d\u2019\u00e9tanch\u00e9it\u00e9\",\"breadcrumb\":{\"@id\":\"https:\\\/\\\/fgti-distribution.fr\\\/joints-detancheite\\\/joint-etancheite-instructions-de-montage\\\/#breadcrumb\"},\"inLanguage\":\"pl-PL\",\"potentialAction\":[{\"@type\":\"ReadAction\",\"target\":[\"https:\\\/\\\/fgti-distribution.fr\\\/joints-detancheite\\\/joint-etancheite-instructions-de-montage\\\/\"]}]},{\"@type\":\"BreadcrumbList\",\"@id\":\"https:\\\/\\\/fgti-distribution.fr\\\/joints-detancheite\\\/joint-etancheite-instructions-de-montage\\\/#breadcrumb\",\"itemListElement\":[{\"@type\":\"ListItem\",\"position\":1,\"name\":\"Home\",\"item\":\"https:\\\/\\\/fgti-distribution.fr\\\/\"},{\"@type\":\"ListItem\",\"position\":2,\"name\":\"Joints d&rsquo;\u00e9tanch\u00e9it\u00e9\",\"item\":\"https:\\\/\\\/fgti-distribution.fr\\\/joints-detancheite\\\/\"},{\"@type\":\"ListItem\",\"position\":3,\"name\":\"Instructions de montage\"}]},{\"@type\":\"WebSite\",\"@id\":\"https:\\\/\\\/fgti-distribution.fr\\\/#website\",\"url\":\"https:\\\/\\\/fgti-distribution.fr\\\/\",\"name\":\"FGTI Distribution\",\"description\":\"Pi\u00e8ces techniques et services \u00e0 forte valeur ajout\u00e9e\",\"publisher\":{\"@id\":\"https:\\\/\\\/fgti-distribution.fr\\\/#organization\"},\"alternateName\":\"FGTI Distribution\",\"potentialAction\":[{\"@type\":\"SearchAction\",\"target\":{\"@type\":\"EntryPoint\",\"urlTemplate\":\"https:\\\/\\\/fgti-distribution.fr\\\/?s={search_term_string}\"},\"query-input\":{\"@type\":\"PropertyValueSpecification\",\"valueRequired\":true,\"valueName\":\"search_term_string\"}}],\"inLanguage\":\"pl-PL\"},{\"@type\":\"Organization\",\"@id\":\"https:\\\/\\\/fgti-distribution.fr\\\/#organization\",\"name\":\"FGTI Distribution\",\"alternateName\":\"FGTI Distribution\",\"url\":\"https:\\\/\\\/fgti-distribution.fr\\\/\",\"logo\":{\"@type\":\"ImageObject\",\"inLanguage\":\"pl-PL\",\"@id\":\"https:\\\/\\\/fgti-distribution.fr\\\/#\\\/schema\\\/logo\\\/image\\\/\",\"url\":\"https:\\\/\\\/fgti-distribution.fr\\\/wp-content\\\/uploads\\\/2022\\\/12\\\/logo.png\",\"contentUrl\":\"https:\\\/\\\/fgti-distribution.fr\\\/wp-content\\\/uploads\\\/2022\\\/12\\\/logo.png\",\"width\":500,\"height\":228,\"caption\":\"FGTI Distribution\"},\"image\":{\"@id\":\"https:\\\/\\\/fgti-distribution.fr\\\/#\\\/schema\\\/logo\\\/image\\\/\"},\"sameAs\":[\"https:\\\/\\\/www.linkedin.com\\\/company\\\/fgti-distribution\\\/\"]}]}<\/script>\n<!-- \/ Yoast SEO plugin. -->","yoast_head_json":{"title":"FGTI Distribution - Instrukcja monta\u017cu uszczelek","description":"Karta Produktu IDG od FGTI Distribution: instrukcje monta\u017cu uszczelek","robots":{"index":"index","follow":"follow","max-snippet":"max-snippet:-1","max-image-preview":"max-image-preview:large","max-video-preview":"max-video-preview:-1"},"canonical":"https:\/\/fgti-distribution.fr\/pl\/uszczelki\/instrukcja-montazu-uszczelnienia-polaczenia\/","og_locale":"pl_PL","og_type":"article","og_title":"FGTI Distribution - Instructions de montage des joints d\u2019\u00e9tanch\u00e9it\u00e9","og_description":"Fiche produit IDG par FGTI distribution : les instructions de montage des joints d\u2019\u00e9tanch\u00e9it\u00e9","og_url":"https:\/\/fgti-distribution.fr\/pl\/uszczelki\/instrukcja-montazu-uszczelnienia-polaczenia\/","og_site_name":"FGTI Distribution","article_modified_time":"2023-07-05T12:13:35+00:00","twitter_card":"summary_large_image","twitter_misc":{"Est. reading time":"1 minuta"},"schema":{"@context":"https:\/\/schema.org","@graph":[{"@type":"WebPage","@id":"https:\/\/fgti-distribution.fr\/joints-detancheite\/joint-etancheite-instructions-de-montage\/","url":"https:\/\/fgti-distribution.fr\/joints-detancheite\/joint-etancheite-instructions-de-montage\/","name":"FGTI Distribution - Instrukcja monta\u017cu uszczelek","isPartOf":{"@id":"https:\/\/fgti-distribution.fr\/#website"},"datePublished":"2012-12-13T16:41:27+00:00","dateModified":"2023-07-05T12:13:35+00:00","description":"Karta Produktu IDG od FGTI Distribution: instrukcje monta\u017cu uszczelek","breadcrumb":{"@id":"https:\/\/fgti-distribution.fr\/joints-detancheite\/joint-etancheite-instructions-de-montage\/#breadcrumb"},"inLanguage":"pl-PL","potentialAction":[{"@type":"ReadAction","target":["https:\/\/fgti-distribution.fr\/joints-detancheite\/joint-etancheite-instructions-de-montage\/"]}]},{"@type":"BreadcrumbList","@id":"https:\/\/fgti-distribution.fr\/joints-detancheite\/joint-etancheite-instructions-de-montage\/#breadcrumb","itemListElement":[{"@type":"ListItem","position":1,"name":"Home","item":"https:\/\/fgti-distribution.fr\/"},{"@type":"ListItem","position":2,"name":"Joints d&rsquo;\u00e9tanch\u00e9it\u00e9","item":"https:\/\/fgti-distribution.fr\/joints-detancheite\/"},{"@type":"ListItem","position":3,"name":"Instructions de montage"}]},{"@type":"WebSite","@id":"https:\/\/fgti-distribution.fr\/#website","url":"https:\/\/fgti-distribution.fr\/","name":"Dystrybucja FGTI","description":"Cz\u0119\u015bci techniczne i us\u0142ugi o wysokiej warto\u015bci dodanej","publisher":{"@id":"https:\/\/fgti-distribution.fr\/#organization"},"alternateName":"FGTI Distribution","potentialAction":[{"@type":"SearchAction","target":{"@type":"EntryPoint","urlTemplate":"https:\/\/fgti-distribution.fr\/?s={search_term_string}"},"query-input":{"@type":"PropertyValueSpecification","valueRequired":true,"valueName":"search_term_string"}}],"inLanguage":"pl-PL"},{"@type":"Organization","@id":"https:\/\/fgti-distribution.fr\/#organization","name":"Dystrybucja FGTI","alternateName":"FGTI Distribution","url":"https:\/\/fgti-distribution.fr\/","logo":{"@type":"ImageObject","inLanguage":"pl-PL","@id":"https:\/\/fgti-distribution.fr\/#\/schema\/logo\/image\/","url":"https:\/\/fgti-distribution.fr\/wp-content\/uploads\/2022\/12\/logo.png","contentUrl":"https:\/\/fgti-distribution.fr\/wp-content\/uploads\/2022\/12\/logo.png","width":500,"height":228,"caption":"FGTI Distribution"},"image":{"@id":"https:\/\/fgti-distribution.fr\/#\/schema\/logo\/image\/"},"sameAs":["https:\/\/www.linkedin.com\/company\/fgti-distribution\/"]}]}},"_links":{"self":[{"href":"https:\/\/fgti-distribution.fr\/pl\/wp-json\/wp\/v2\/pages\/1470","targetHints":{"allow":["GET"]}}],"collection":[{"href":"https:\/\/fgti-distribution.fr\/pl\/wp-json\/wp\/v2\/pages"}],"about":[{"href":"https:\/\/fgti-distribution.fr\/pl\/wp-json\/wp\/v2\/types\/page"}],"author":[{"embeddable":true,"href":"https:\/\/fgti-distribution.fr\/pl\/wp-json\/wp\/v2\/users\/1"}],"replies":[{"embeddable":true,"href":"https:\/\/fgti-distribution.fr\/pl\/wp-json\/wp\/v2\/comments?post=1470"}],"version-history":[{"count":9,"href":"https:\/\/fgti-distribution.fr\/pl\/wp-json\/wp\/v2\/pages\/1470\/revisions"}],"predecessor-version":[{"id":7995,"href":"https:\/\/fgti-distribution.fr\/pl\/wp-json\/wp\/v2\/pages\/1470\/revisions\/7995"}],"up":[{"embeddable":true,"href":"https:\/\/fgti-distribution.fr\/pl\/wp-json\/wp\/v2\/pages\/8"}],"wp:attachment":[{"href":"https:\/\/fgti-distribution.fr\/pl\/wp-json\/wp\/v2\/media?parent=1470"}],"curies":[{"name":"wp","href":"https:\/\/api.w.org\/{rel}","templated":true}]}}