{"id":1617,"date":"2012-12-16T18:37:00","date_gmt":"2012-12-16T18:37:00","guid":{"rendered":"https:\/\/fgti-distribution.fr\/?page_id=1617"},"modified":"2018-10-30T16:58:25","modified_gmt":"2018-10-30T16:58:25","slug":"joints-etancheite-axiale","status":"publish","type":"page","link":"https:\/\/fgti-distribution.fr\/pl\/joints-detancheite\/joints-etancheite-axiale\/","title":{"rendered":"Uszczelnienie osiowe"},"content":{"rendered":"<div id=\"pl-1617\"  class=\"panel-layout\" >\n<div id=\"pg-1617-0\"  class=\"panel-grid panel-no-style\" >\n<div id=\"pgc-1617-0-0\"  class=\"panel-grid-cell\"  data-weight=\"1\" >\n<div id=\"panel-1617-0-0-0\" class=\"so-panel widget widget_text panel-first-child panel-last-child\" data-index=\"0\" data-style=\"{&quot;background_image_attachment&quot;:false,&quot;background_display&quot;:&quot;tile&quot;}\" >\n<div class=\"textwidget\">\n<div style=\"color: #BABABA; font-size: 12px;\">FGTI-Distribution > Joints d&rsquo;\u00e9tanch\u00e9it\u00e9 > Fiches Produits > Etanch\u00e9it\u00e9 axiale<\/div>\n<table style=\"font-size: 12px; border: none; width: 100%;\">\n<tr>\n<td colspan=\"2\" style=\"font-size: 22px; vertical-align: top; font-weight: bold; border-bottom: 1px solid #58B6FE; border-top-color: white;\">\nUszczelnienie osiowe\n<\/td>\n<td style=\"text-align: right; border-bottom: 1px solid #58B6FE; border-top-color: white;\">\n<a target=\"_blank\" href=\"https:\/\/fgti-distribution.fr\/FGTI_images\/FGTI-Distribution_IDG-Joints-etancheite-axiale.pdf\"><img decoding=\"async\" src=\"https:\/\/fgti-distribution.fr\/FGTI_images\/pdficon_large.png\"><\/a>\n<\/td>\n<\/tr>\n<tr>\n<td style=\"width: 200px; vertical-align: top; font-weight: bold; border-color: #FFFFFF; border-bottom: 1px solid #58B6FE; padding-top: 20px;\">\n&nbsp;\n<\/td>\n<td colspan=\"2\" style=\"padding-bottom: 20px; vertical-align: top; text-align: center; border-bottom: 1px solid #58B6FE; border-top-color: white; padding-top: 20px; padding-left: 15px;\">\n<img decoding=\"async\" style=\"max-width: 100%;\" src=\"https:\/\/fgti-distribution.fr\/FGTI_images\/joint-etancheite-axiale.jpg\">\n<\/td>\n<\/tr>\n<tr>\n<td style=\"width: 200px; vertical-align: top; font-weight: bold; border-color: #FFFFFF;padding-top: 20px;\">\nProfile standardowe <br \/>\npour joints d&rsquo;\u00e9tanch\u00e9it\u00e9 axiale<br \/>\n<\/br><\/br><\/br><\/p>\n<p><img decoding=\"async\" style=\"max-width: 100%;\" src=\"https:\/\/fgti-distribution.fr\/FGTI_images\/1.jpg\">&nbsp;&nbsp;<span style=\"font-weight: normal; font-size: 8px;\">Zale\u017cy od materia\u0142u i profilu<\/span><\/p>\n<p><img decoding=\"async\" style=\"max-width: 100%;\" src=\"https:\/\/fgti-distribution.fr\/FGTI_images\/rond-plein.jpg\">&nbsp;&nbsp;<span style=\"font-weight: normal; font-size: 8px;\">Zaadaptowany<\/span><\/p>\n<p><img decoding=\"async\" style=\"max-width: 100%;\" src=\"https:\/\/fgti-distribution.fr\/FGTI_images\/rond-vide.jpg\">&nbsp;&nbsp;<span style=\"font-weight: normal; font-size: 8px;\">Pod warunkiem<\/span><\/p>\n<p>\u2013&nbsp;&nbsp;<span style=\"font-weight: normal; font-size: 8px;\">Nieprzystosowany<\/span>\n<\/td>\n<td colspan=\"2\" style=\"padding-bottom: 20px; width: 560px; vertical-align: top; text-align: center; border-bottom: 1px solid #58B6FE; border-top-color: white; padding-top: 20px; padding-left: 20px;\">\n<img decoding=\"async\" style=\"max-width: 100%;\" src=\"https:\/\/fgti-distribution.fr\/FGTI_images\/joint-etancheite-axiale1.jpg\">\n<\/td>\n<\/tr>\n<\/table>\n<div style=\"margin-top: 20px; text-align: right; font-size: 12px;\">\n<a href=\"#haut\" style=\"text-decoration: none; color: #AAAAAA;\">Nag\u0142\u00f3wek<\/a>\n<\/div>\n<\/div><\/div>\n<\/div>\n<\/div>\n<\/div>","protected":false},"excerpt":{"rendered":"<p>FGTI-Distribution > Joints d&rsquo;\u00e9tanch\u00e9it\u00e9 > Fiches Produits > Etanch\u00e9it\u00e9 axiale Etanch\u00e9it\u00e9 axiale &nbsp; Profils standards pour joints d&rsquo;\u00e9tanch\u00e9it\u00e9 axiale &nbsp;&nbsp;D\u00e9pend de la mati\u00e8re et du profil &nbsp;&nbsp;Adapt\u00e9 &nbsp;&nbsp;Sous condition &#8211;&nbsp;&nbsp;Inadapt\u00e9 Haut de page<\/p>","protected":false},"author":1,"featured_media":0,"parent":8,"menu_order":0,"comment_status":"closed","ping_status":"closed","template":"","meta":{"footnotes":""},"class_list":["post-1617","page","type-page","status-publish","hentry"],"yoast_head":"<!-- This site is optimized with the Yoast SEO plugin v27.3 - https:\/\/yoast.com\/product\/yoast-seo-wordpress\/ -->\n<title>FGTI Distribution - Etanch\u00e9it\u00e9 axiale des joints d\u2019\u00e9tanch\u00e9it\u00e9<\/title>\n<meta name=\"description\" content=\"Fiche produit IDG par FGTI distribution : l&#039;\u00e9tanch\u00e9it\u00e9 axiale des joints d\u2019\u00e9tanch\u00e9it\u00e9.\" \/>\n<meta name=\"robots\" content=\"index, follow, max-snippet:-1, max-image-preview:large, max-video-preview:-1\" \/>\n<link rel=\"canonical\" href=\"https:\/\/fgti-distribution.fr\/pl\/uszczelki\/joints-etancheite-axiale\/\" \/>\n<meta property=\"og:locale\" content=\"pl_PL\" \/>\n<meta property=\"og:type\" content=\"article\" \/>\n<meta property=\"og:title\" content=\"FGTI Distribution - Etanch\u00e9it\u00e9 axiale des joints d\u2019\u00e9tanch\u00e9it\u00e9\" \/>\n<meta property=\"og:description\" content=\"Fiche produit IDG par FGTI distribution : l&#039;\u00e9tanch\u00e9it\u00e9 axiale des joints d\u2019\u00e9tanch\u00e9it\u00e9.\" \/>\n<meta property=\"og:url\" content=\"https:\/\/fgti-distribution.fr\/pl\/uszczelki\/joints-etancheite-axiale\/\" \/>\n<meta property=\"og:site_name\" content=\"FGTI Distribution\" \/>\n<meta property=\"article:modified_time\" content=\"2018-10-30T16:58:25+00:00\" \/>\n<meta property=\"og:image\" content=\"https:\/\/fgti-distribution.fr\/FGTI_images\/pdficon_large.png\" \/>\n<meta name=\"twitter:card\" content=\"summary_large_image\" \/>\n<script type=\"application\/ld+json\" class=\"yoast-schema-graph\">{\"@context\":\"https:\\\/\\\/schema.org\",\"@graph\":[{\"@type\":\"WebPage\",\"@id\":\"https:\\\/\\\/fgti-distribution.fr\\\/joints-detancheite\\\/joints-etancheite-axiale\\\/\",\"url\":\"https:\\\/\\\/fgti-distribution.fr\\\/joints-detancheite\\\/joints-etancheite-axiale\\\/\",\"name\":\"FGTI Distribution - Etanch\u00e9it\u00e9 axiale des joints d\u2019\u00e9tanch\u00e9it\u00e9\",\"isPartOf\":{\"@id\":\"https:\\\/\\\/fgti-distribution.fr\\\/#website\"},\"primaryImageOfPage\":{\"@id\":\"https:\\\/\\\/fgti-distribution.fr\\\/joints-detancheite\\\/joints-etancheite-axiale\\\/#primaryimage\"},\"image\":{\"@id\":\"https:\\\/\\\/fgti-distribution.fr\\\/joints-detancheite\\\/joints-etancheite-axiale\\\/#primaryimage\"},\"thumbnailUrl\":\"https:\\\/\\\/fgti-distribution.fr\\\/FGTI_images\\\/pdficon_large.png\",\"datePublished\":\"2012-12-16T18:37:00+00:00\",\"dateModified\":\"2018-10-30T16:58:25+00:00\",\"description\":\"Fiche produit IDG par FGTI distribution : l'\u00e9tanch\u00e9it\u00e9 axiale des joints d\u2019\u00e9tanch\u00e9it\u00e9.\",\"breadcrumb\":{\"@id\":\"https:\\\/\\\/fgti-distribution.fr\\\/joints-detancheite\\\/joints-etancheite-axiale\\\/#breadcrumb\"},\"inLanguage\":\"pl-PL\",\"potentialAction\":[{\"@type\":\"ReadAction\",\"target\":[\"https:\\\/\\\/fgti-distribution.fr\\\/joints-detancheite\\\/joints-etancheite-axiale\\\/\"]}]},{\"@type\":\"ImageObject\",\"inLanguage\":\"pl-PL\",\"@id\":\"https:\\\/\\\/fgti-distribution.fr\\\/joints-detancheite\\\/joints-etancheite-axiale\\\/#primaryimage\",\"url\":\"https:\\\/\\\/fgti-distribution.fr\\\/FGTI_images\\\/pdficon_large.png\",\"contentUrl\":\"https:\\\/\\\/fgti-distribution.fr\\\/FGTI_images\\\/pdficon_large.png\"},{\"@type\":\"BreadcrumbList\",\"@id\":\"https:\\\/\\\/fgti-distribution.fr\\\/joints-detancheite\\\/joints-etancheite-axiale\\\/#breadcrumb\",\"itemListElement\":[{\"@type\":\"ListItem\",\"position\":1,\"name\":\"Home\",\"item\":\"https:\\\/\\\/fgti-distribution.fr\\\/\"},{\"@type\":\"ListItem\",\"position\":2,\"name\":\"Joints d&rsquo;\u00e9tanch\u00e9it\u00e9\",\"item\":\"https:\\\/\\\/fgti-distribution.fr\\\/joints-detancheite\\\/\"},{\"@type\":\"ListItem\",\"position\":3,\"name\":\"Etanch\u00e9it\u00e9 axiale\"}]},{\"@type\":\"WebSite\",\"@id\":\"https:\\\/\\\/fgti-distribution.fr\\\/#website\",\"url\":\"https:\\\/\\\/fgti-distribution.fr\\\/\",\"name\":\"FGTI Distribution\",\"description\":\"Pi\u00e8ces techniques et services \u00e0 forte valeur ajout\u00e9e\",\"publisher\":{\"@id\":\"https:\\\/\\\/fgti-distribution.fr\\\/#organization\"},\"alternateName\":\"FGTI Distribution\",\"potentialAction\":[{\"@type\":\"SearchAction\",\"target\":{\"@type\":\"EntryPoint\",\"urlTemplate\":\"https:\\\/\\\/fgti-distribution.fr\\\/?s={search_term_string}\"},\"query-input\":{\"@type\":\"PropertyValueSpecification\",\"valueRequired\":true,\"valueName\":\"search_term_string\"}}],\"inLanguage\":\"pl-PL\"},{\"@type\":\"Organization\",\"@id\":\"https:\\\/\\\/fgti-distribution.fr\\\/#organization\",\"name\":\"FGTI Distribution\",\"alternateName\":\"FGTI Distribution\",\"url\":\"https:\\\/\\\/fgti-distribution.fr\\\/\",\"logo\":{\"@type\":\"ImageObject\",\"inLanguage\":\"pl-PL\",\"@id\":\"https:\\\/\\\/fgti-distribution.fr\\\/#\\\/schema\\\/logo\\\/image\\\/\",\"url\":\"https:\\\/\\\/fgti-distribution.fr\\\/wp-content\\\/uploads\\\/2022\\\/12\\\/logo.png\",\"contentUrl\":\"https:\\\/\\\/fgti-distribution.fr\\\/wp-content\\\/uploads\\\/2022\\\/12\\\/logo.png\",\"width\":500,\"height\":228,\"caption\":\"FGTI Distribution\"},\"image\":{\"@id\":\"https:\\\/\\\/fgti-distribution.fr\\\/#\\\/schema\\\/logo\\\/image\\\/\"},\"sameAs\":[\"https:\\\/\\\/www.linkedin.com\\\/company\\\/fgti-distribution\\\/\"]}]}<\/script>\n<!-- \/ Yoast SEO plugin. -->","yoast_head_json":{"title":"FGTI Distribution - Etanch\u00e9it\u00e9 axiale des joints d\u2019\u00e9tanch\u00e9it\u00e9","description":"Fiche produit IDG par FGTI distribution : l'\u00e9tanch\u00e9it\u00e9 axiale des joints d\u2019\u00e9tanch\u00e9it\u00e9.","robots":{"index":"index","follow":"follow","max-snippet":"max-snippet:-1","max-image-preview":"max-image-preview:large","max-video-preview":"max-video-preview:-1"},"canonical":"https:\/\/fgti-distribution.fr\/pl\/uszczelki\/joints-etancheite-axiale\/","og_locale":"pl_PL","og_type":"article","og_title":"FGTI Distribution - Etanch\u00e9it\u00e9 axiale des joints d\u2019\u00e9tanch\u00e9it\u00e9","og_description":"Fiche produit IDG par FGTI distribution : l'\u00e9tanch\u00e9it\u00e9 axiale des joints d\u2019\u00e9tanch\u00e9it\u00e9.","og_url":"https:\/\/fgti-distribution.fr\/pl\/uszczelki\/joints-etancheite-axiale\/","og_site_name":"FGTI Distribution","article_modified_time":"2018-10-30T16:58:25+00:00","og_image":[{"url":"https:\/\/fgti-distribution.fr\/FGTI_images\/pdficon_large.png","type":"","width":"","height":""}],"twitter_card":"summary_large_image","schema":{"@context":"https:\/\/schema.org","@graph":[{"@type":"WebPage","@id":"https:\/\/fgti-distribution.fr\/joints-detancheite\/joints-etancheite-axiale\/","url":"https:\/\/fgti-distribution.fr\/joints-detancheite\/joints-etancheite-axiale\/","name":"FGTI Distribution - Etanch\u00e9it\u00e9 axiale des joints d\u2019\u00e9tanch\u00e9it\u00e9","isPartOf":{"@id":"https:\/\/fgti-distribution.fr\/#website"},"primaryImageOfPage":{"@id":"https:\/\/fgti-distribution.fr\/joints-detancheite\/joints-etancheite-axiale\/#primaryimage"},"image":{"@id":"https:\/\/fgti-distribution.fr\/joints-detancheite\/joints-etancheite-axiale\/#primaryimage"},"thumbnailUrl":"https:\/\/fgti-distribution.fr\/FGTI_images\/pdficon_large.png","datePublished":"2012-12-16T18:37:00+00:00","dateModified":"2018-10-30T16:58:25+00:00","description":"Fiche produit IDG par FGTI distribution : l'\u00e9tanch\u00e9it\u00e9 axiale des joints d\u2019\u00e9tanch\u00e9it\u00e9.","breadcrumb":{"@id":"https:\/\/fgti-distribution.fr\/joints-detancheite\/joints-etancheite-axiale\/#breadcrumb"},"inLanguage":"pl-PL","potentialAction":[{"@type":"ReadAction","target":["https:\/\/fgti-distribution.fr\/joints-detancheite\/joints-etancheite-axiale\/"]}]},{"@type":"ImageObject","inLanguage":"pl-PL","@id":"https:\/\/fgti-distribution.fr\/joints-detancheite\/joints-etancheite-axiale\/#primaryimage","url":"https:\/\/fgti-distribution.fr\/FGTI_images\/pdficon_large.png","contentUrl":"https:\/\/fgti-distribution.fr\/FGTI_images\/pdficon_large.png"},{"@type":"BreadcrumbList","@id":"https:\/\/fgti-distribution.fr\/joints-detancheite\/joints-etancheite-axiale\/#breadcrumb","itemListElement":[{"@type":"ListItem","position":1,"name":"Home","item":"https:\/\/fgti-distribution.fr\/"},{"@type":"ListItem","position":2,"name":"Joints d&rsquo;\u00e9tanch\u00e9it\u00e9","item":"https:\/\/fgti-distribution.fr\/joints-detancheite\/"},{"@type":"ListItem","position":3,"name":"Etanch\u00e9it\u00e9 axiale"}]},{"@type":"WebSite","@id":"https:\/\/fgti-distribution.fr\/#website","url":"https:\/\/fgti-distribution.fr\/","name":"Dystrybucja FGTI","description":"Cz\u0119\u015bci techniczne i us\u0142ugi o wysokiej warto\u015bci dodanej","publisher":{"@id":"https:\/\/fgti-distribution.fr\/#organization"},"alternateName":"FGTI Distribution","potentialAction":[{"@type":"SearchAction","target":{"@type":"EntryPoint","urlTemplate":"https:\/\/fgti-distribution.fr\/?s={search_term_string}"},"query-input":{"@type":"PropertyValueSpecification","valueRequired":true,"valueName":"search_term_string"}}],"inLanguage":"pl-PL"},{"@type":"Organization","@id":"https:\/\/fgti-distribution.fr\/#organization","name":"Dystrybucja FGTI","alternateName":"FGTI Distribution","url":"https:\/\/fgti-distribution.fr\/","logo":{"@type":"ImageObject","inLanguage":"pl-PL","@id":"https:\/\/fgti-distribution.fr\/#\/schema\/logo\/image\/","url":"https:\/\/fgti-distribution.fr\/wp-content\/uploads\/2022\/12\/logo.png","contentUrl":"https:\/\/fgti-distribution.fr\/wp-content\/uploads\/2022\/12\/logo.png","width":500,"height":228,"caption":"FGTI Distribution"},"image":{"@id":"https:\/\/fgti-distribution.fr\/#\/schema\/logo\/image\/"},"sameAs":["https:\/\/www.linkedin.com\/company\/fgti-distribution\/"]}]}},"_links":{"self":[{"href":"https:\/\/fgti-distribution.fr\/pl\/wp-json\/wp\/v2\/pages\/1617","targetHints":{"allow":["GET"]}}],"collection":[{"href":"https:\/\/fgti-distribution.fr\/pl\/wp-json\/wp\/v2\/pages"}],"about":[{"href":"https:\/\/fgti-distribution.fr\/pl\/wp-json\/wp\/v2\/types\/page"}],"author":[{"embeddable":true,"href":"https:\/\/fgti-distribution.fr\/pl\/wp-json\/wp\/v2\/users\/1"}],"replies":[{"embeddable":true,"href":"https:\/\/fgti-distribution.fr\/pl\/wp-json\/wp\/v2\/comments?post=1617"}],"version-history":[{"count":1,"href":"https:\/\/fgti-distribution.fr\/pl\/wp-json\/wp\/v2\/pages\/1617\/revisions"}],"predecessor-version":[{"id":4609,"href":"https:\/\/fgti-distribution.fr\/pl\/wp-json\/wp\/v2\/pages\/1617\/revisions\/4609"}],"up":[{"embeddable":true,"href":"https:\/\/fgti-distribution.fr\/pl\/wp-json\/wp\/v2\/pages\/8"}],"wp:attachment":[{"href":"https:\/\/fgti-distribution.fr\/pl\/wp-json\/wp\/v2\/media?parent=1617"}],"curies":[{"name":"wp","href":"https:\/\/api.w.org\/{rel}","templated":true}]}}